{"id":264,"date":"2023-01-19T13:44:13","date_gmt":"2023-01-19T13:44:13","guid":{"rendered":"http:\/\/departamento.us.es\/antropologia\/?page_id=264"},"modified":"2023-06-30T06:42:12","modified_gmt":"2023-06-30T06:42:12","slug":"investigacion-doctorado","status":"publish","type":"page","link":"https:\/\/departamento.us.es\/antropologia\/investigacion-doctorado\/","title":{"rendered":"INVESTIGACI\u00d3N\/DOCTORADO"},"content":{"rendered":"\n<p><strong>DOCTORADO<\/strong><\/p>\n\n\n\n<p>El Departamento participa en el<strong>&nbsp;Programa de Doctorado en Ciencias Econ\u00f3micas, Empresariales y Sociales (Plan 2011),&nbsp;<\/strong>de car\u00e1cter transdiciplinar e interdepertamental en el que participa el Departamento de Antropolog\u00eda Social.&nbsp;<a href=\"https:\/\/doctorado.us.es\/estudios\/programas-de-doctorado\" target=\"_blank\" rel=\"noreferrer noopener\">(VER WEB)<\/a><\/p>\n\n\n\n<p>Pagina de difusi\u00f3n del Programa.&nbsp;<a rel=\"noreferrer noopener\" href=\"http:\/\/institucional.us.es\/cees\/\" target=\"_blank\">(VER WEB)<\/a><\/p>\n\n\n\n<p>Gu\u00eda para doctorandos.&nbsp;<a rel=\"noreferrer noopener\" href=\"http:\/\/departamento.us.es\/antropologia\/wp-content\/uploads\/2023\/01\/2013_guia_doctorandos.pdf\" target=\"_blank\">(DESCARGA <\/a><a rel=\"noreferrer noopener\" href=\"http:\/\/departamento.us.es\/antropologia\/uploads\/INVESTIGACION\/2013_guia_doctorandos.pdf\" target=\"_blank\">PDF)<\/a><\/p>\n\n\n\n<hr class=\"wp-block-separator has-alpha-channel-opacity\"\/>\n\n\n\n<p><strong>GRUPOS DE INVESTIGACI\u00d3N ADSCRITOS AL DEPARTAMENTO<\/strong><\/p>\n\n\n\n<p>En el Departamento de Antropolog\u00eda Social trabajan&nbsp;<strong>cinco Grupos de Investigaci\u00f3n&nbsp;<\/strong>que desarrollan diversas l\u00edneas de trabajo. Los responsables, componentes y l\u00edneas de trabajo se detallan en los siguientes enlaces.<\/p>\n\n\n\n<ul>\n<li><strong>Out-arqu\u00edas.&nbsp;Investigaci\u00f3n en los L\u00edmites de la Arquitectura (HUM853): Universidad de Sevilla<\/strong><\/li>\n<\/ul>\n\n\n\n<p><a href=\"https:\/\/investigacion.us.es\/sisius\/sis_depgrupos.php?seltext=HUM853&amp;selfield=CODIGO\" target=\"_blank\" rel=\"noreferrer noopener\">Enlace a SISIUS del Grupo de Investigaci\u00f3n<\/a><\/p>\n\n\n\n<p><a href=\"https:\/\/outarquias.wordpress.com\/page\/2\/.\">https:\/\/outarquias.wordpress.com\/page\/2\/.<\/a><\/p>\n\n\n\n<ul>\n<li><strong>Grupo para el estudio de las Identidades Socioculturales en Andaluc\u00eda (GEISA) (SEJ149): Universidad de Sevilla<\/strong><\/li>\n<\/ul>\n\n\n\n<p><a href=\"https:\/\/investigacion.us.es\/sisius\/grupo\/SEJ149\" target=\"_blank\" rel=\"noreferrer noopener\">Enlace a SISIUS del Grupo de Investigaci\u00f3n<\/a><\/p>\n\n\n\n<p><a href=\"https:\/\/geisa.es\/\" target=\"_blank\" rel=\"noreferrer noopener\">Enlace a la web oficial del grupo.<\/a><\/p>\n\n\n\n<ul>\n<li><strong>Transformaciones Sociales y Culturales en Andalucia y Am\u00e9rica (SEJ177):Universidad de Sevilla<\/strong><\/li>\n<\/ul>\n\n\n\n<p><a href=\"http:\/\/investigacion.us.es\/sisius\/sis_depgrupos.php?seltext=SEJ177&amp;selfield=CODIGO\" target=\"_blank\" rel=\"noreferrer noopener\">Enlace a SISIUS del Grupo de Investigaci\u00f3n<\/a><\/p>\n\n\n\n<ul>\n<li><strong>Cultura, Ecolog\u00eda y Desarrollo de Peque\u00f1os Territorios (SEJ377): Universidad de Sevilla<\/strong><\/li>\n<\/ul>\n\n\n\n<p><a href=\"http:\/\/investigacion.us.es\/sisius\/sis_depgrupos.php?seltext=SEJ377&amp;selfield=CODIGO\" target=\"_blank\" rel=\"noreferrer noopener\">Enlace a Sisius del Grupo de Investigaci\u00f3n<\/a><\/p>\n\n\n\n<ul>\n<li><strong>Territorio, Cultura y Desarrollo (TECUDE) (SEJ418): Universidad de Sevilla<\/strong><\/li>\n<\/ul>\n\n\n\n<p><a href=\"http:\/\/investigacion.us.es\/sisius\/sis_depgrupos.php?seltext=SEJ418&amp;selfield=CODIGO\" target=\"_blank\" rel=\"noreferrer noopener\">Enlace SISIUS al Grupo de Investigaci\u00f3n<\/a>.<\/p>\n\n\n\n<p>Para acceder a la composicion, s\u00edntesis de las aportaciones y financiaci\u00f3n de este Grupo de Investigaci\u00f3n&nbsp;<a rel=\"noreferrer noopener\" href=\"http:\/\/grupo.us.es\/tecude\/\" target=\"_blank\">VER WEB DEL GRUPO.<\/a><\/p>\n\n\n\n<hr class=\"wp-block-separator has-alpha-channel-opacity\"\/>\n\n\n\n<p><\/p>\n\n\n\n<p><strong>INVESTIGADORES EN GRUPOS DE INVESTIGACI\u00d3N DE OTRAS INSTITUCIONES<\/strong><\/p>\n\n\n\n<ul>\n<li><strong>Observatorio de Prospectiva Cultural (HUM584): Universidad de Granada<\/strong><\/li>\n<\/ul>\n\n\n\n<p><a href=\"https:\/\/www.prospectivacultural.com\/\" target=\"_blank\" rel=\"noreferrer noopener\">Enlace al grupo de Investigaci\u00f3n<\/a><\/p>\n\n\n\n<ul>\n<li><strong>Estudios Sociales e Intervenci\u00f3n Social (SEJ216): Universidad de Huelva<\/strong><\/li>\n<\/ul>\n\n\n\n<p><a href=\"https:\/\/eseis.es\/\" target=\"_blank\" rel=\"noreferrer noopener\">Enlace al grupo de Investigaci\u00f3n<\/a><\/p>\n\n\n\n<ul>\n<li><strong>Investigaci\u00f3n Social y Acci\u00f3n Participativa (SEJ218): Universidad de Pablo de Olavide<\/strong><\/li>\n<\/ul>\n\n\n\n<p><a href=\"https:\/\/www.upo.es\/investiga\/gisap\/en\/home\/\" target=\"_blank\" rel=\"noreferrer noopener\">Enlace al grupo de Investigaci\u00f3n<\/a><strong><br><\/strong><\/p>\n\n\n\n<h3 class=\"wp-block-heading\">&nbsp;<\/h3>\n","protected":false},"excerpt":{"rendered":"<p>DOCTORADO El Departamento participa en el&nbsp;Programa de Doctorado en Ciencias Econ\u00f3micas, Empresariales y Sociales (Plan 2011),&nbsp;de car\u00e1cter transdiciplinar e interdepertamental en el que participa el Departamento de Antropolog\u00eda Social.&nbsp;(VER WEB) Pagina de difusi\u00f3n del Programa.&nbsp;(VER WEB) Gu\u00eda para doctorandos.&nbsp;(DESCARGA PDF) GRUPOS DE INVESTIGACI\u00d3N ADSCRITOS AL DEPARTAMENTO En el Departamento de Antropolog\u00eda Social trabajan&nbsp;cinco Grupos de [&hellip;]<\/p>\n","protected":false},"author":2,"featured_media":0,"parent":0,"menu_order":0,"comment_status":"closed","ping_status":"closed","template":"","meta":{"footnotes":""},"_links":{"self":[{"href":"https:\/\/departamento.us.es\/antropologia\/wp-json\/wp\/v2\/pages\/264"}],"collection":[{"href":"https:\/\/departamento.us.es\/antropologia\/wp-json\/wp\/v2\/pages"}],"about":[{"href":"https:\/\/departamento.us.es\/antropologia\/wp-json\/wp\/v2\/types\/page"}],"author":[{"embeddable":true,"href":"https:\/\/departamento.us.es\/antropologia\/wp-json\/wp\/v2\/users\/2"}],"replies":[{"embeddable":true,"href":"https:\/\/departamento.us.es\/antropologia\/wp-json\/wp\/v2\/comments?post=264"}],"version-history":[{"count":11,"href":"https:\/\/departamento.us.es\/antropologia\/wp-json\/wp\/v2\/pages\/264\/revisions"}],"predecessor-version":[{"id":597,"href":"https:\/\/departamento.us.es\/antropologia\/wp-json\/wp\/v2\/pages\/264\/revisions\/597"}],"wp:attachment":[{"href":"https:\/\/departamento.us.es\/antropologia\/wp-json\/wp\/v2\/media?parent=264"}],"curies":[{"name":"wp","href":"https:\/\/api.w.org\/{rel}","templated":true}]}}