{"id":270,"date":"2023-01-19T13:48:51","date_gmt":"2023-01-19T13:48:51","guid":{"rendered":"http:\/\/departamento.us.es\/antropologia\/?page_id=270"},"modified":"2025-05-23T08:23:36","modified_gmt":"2025-05-23T08:23:36","slug":"grado-en-antropologia-social-y-cultural","status":"publish","type":"page","link":"https:\/\/departamento.us.es\/antropologia\/grado-en-antropologia-social-y-cultural\/","title":{"rendered":"GRADO EN ANTROPOLOG\u00cdA SOCIAL Y CULTURAL"},"content":{"rendered":"\n<p><a rel=\"noreferrer noopener\" href=\"https:\/\/www.us.es\/estudiar\/que-estudiar\/oferta-de-grados\/grado-en-antropologia-social-y-cultural\" target=\"_blank\">Enlace web Universidad de Sevilla<\/a> &#8211; <a href=\"http:\/\/departamento.us.es\/antropologia\/wp-content\/uploads\/2023\/02\/FOLLETO.pdf\" target=\"_blank\" rel=\"noreferrer noopener\">DESCARGAR PLAN DE ESTUDIOS<\/a><\/p>\n\n\n\n<p><a href=\"https:\/\/www.us.es\/estudiar\/que-estudiar\/oferta-de-grados\/grado-en-antropologia-social-y-cultural-2021\" data-type=\"URL\" data-id=\"https:\/\/www.us.es\/estudiar\/que-estudiar\/oferta-de-grados\/grado-en-antropologia-social-y-cultural-2021\" target=\"_blank\" rel=\"noreferrer noopener\">Enlace web Universidad de Sevilla (2021)<\/a> &#8211; DESCARGAR NUEVO PLAN DE ESTUDIOS<\/p>\n\n\n\n<p>La Antropolog\u00eda Social y Cultural es una disciplina que estudia la variabilidad de las culturas humanas. Adem\u00e1s de su perspectiva transcultural y de su inter\u00e9s en las relaciones interculturales, esta disciplina se caracteriza metodol\u00f3gicamente por el uso de la etnograf\u00eda, basada en trabajo de campo como forma de investigaci\u00f3n espec\u00edfica. Puede ofrecer una contribuci\u00f3n decisiva al estudio y la intervenci\u00f3n en temas sociales que son candentes en nuestro pa\u00eds, como el multiculturalismo o los procesos migratorios. Las clases te\u00f3rico-pr\u00e1cticas en el aula son el sistema de ense\u00f1anza prioritario. Adem\u00e1s, las pr\u00e1cticas de campo te permitir\u00e1n conocer directamente aspectos de la realidad abordada en las diversas materias.<\/p>\n\n\n\n<hr class=\"wp-block-separator aligncenter has-alpha-channel-opacity\"\/>\n\n\n\n<p>Puedes consultar su\u00a0horario y <strong>PLAN DE ORGANIZACI\u00d3N DOCENTE\u00a0<\/strong>para el curso 2025\/2026 <a href=\"http:\/\/departamento.us.es\/antropologia\/wp-content\/uploads\/2025\/05\/Horarios-25-26-Grado.pdf\" target=\"_blank\" rel=\"noreferrer noopener\">(DESCARGA)<\/a><\/p>\n\n\n\n<hr class=\"wp-block-separator has-alpha-channel-opacity\"\/>\n\n\n\n<p>Publicaci\u00f3n de&nbsp;<strong>L\u00cdNEAS DE TRABAJO FIN DE GRADO.&nbsp;<\/strong>Puedes seguir el calendario y el procedimiento para la asignaci\u00f3n de estudiantes a l\u00edneas y profesores en el siguiente v\u00ednculo.&nbsp;<a href=\"https:\/\/finitusfgh.us.es\/web\/\" target=\"_blank\" rel=\"noreferrer noopener\">ENLACE WEB A FINITUS<\/a><\/p>\n\n\n\n<p>Documentos en relaci\u00f3n al&nbsp;<strong>TRABAJO FIN DE GRADO<\/strong>.&nbsp;<a href=\"https:\/\/finitusfgh.us.es\/web\/contenido\/impresos-y-documentos\" target=\"_blank\" rel=\"noreferrer noopener\">ENLACE WEB A FINITUS<\/a><\/p>\n\n\n\n<p>Gu\u00eda para la elaboraci\u00f3n del TFG [<a href=\"http:\/\/departamento.us.es\/antropologia\/wp-content\/uploads\/2023\/01\/Guia_TFC.pdf\" target=\"_blank\" rel=\"noreferrer noopener\">DESCARGA PDF<\/a>] y orientaciones para su defensa [<a href=\"http:\/\/departamento.us.es\/antropologia\/wp-content\/uploads\/2023\/01\/Defensa_TFC.pptx\" target=\"_blank\" rel=\"noreferrer noopener\">ENLACE PPTX<\/a>].&nbsp;<\/p>\n\n\n\n<hr class=\"wp-block-separator has-alpha-channel-opacity\"\/>\n\n\n\n<p>Publicaci\u00f3n de procedimiento y oferta de&nbsp;<strong>PR\u00c1CTICAS EXTERNAS.&nbsp;<\/strong><a href=\"https:\/\/geografiaehistoria.us.es\/practicas_empresas\/practicas-grado-en-antropologia-social-y-cultural\" target=\"_blank\" rel=\"noreferrer noopener\">(ENLACE WEB)<\/a>.&nbsp;Consistir\u00e1 en pr\u00e1cticas externas&nbsp;obligatorias (6 cr\u00e9ditos)&nbsp; que se realizar\u00e1n en diversos tipos de instituciones (empresas, organismos de la Administraci\u00f3n en distintos niveles, ONGs y entidades asociativas, etc.) con los que la Universidad de Sevilla firma un convenio que ha de renovarse peri\u00f3dicamente. A continuaci\u00f3n, exponemos una relaci\u00f3n de las distintas instituciones que suelen ofertar plazas para el Grado en Antropolog\u00eda Social y Cultural:<\/p>\n\n\n\n<p>ADHARA, ASOCIACI\u00d3N VIH\/SIDA<br>Asociaci\u00f3n Andaluza de Antropolog\u00eda<br>Asociaci\u00f3n Cultural y Cooperaci\u00f3n con \u00c1frica \u00abEl Gulmu\u00bb<br>ASOCIACI\u00d3N DE PADRES DE PERSONAS CON TRASTORNOS DEL ESPECTRO AUTISTA -AUTISMO SEVILLA<br>Fundaci\u00f3n Alianza por la Solidaridad<br>INSTITUTO ANDALUZ DEL PATRIMONIO HISTORICO<br>Asociaci\u00f3n Elige la vida<br>Colecci\u00f3n Museogr\u00e1fica de Gilena<br>Espa\u00f1a con ACNUR<br>Museo de Artes y costumbres populares<br>Asociaci\u00f3n Dante Alighieri<br>SOLDECOCOS<br>Federaci\u00f3n andaluza ENLACE<br>Federaci\u00f3n provincial de drogodependencias LIBERACI\u00d3N<br>Fundaci\u00f3n Meridional<\/p>\n\n\n\n<hr class=\"wp-block-separator has-alpha-channel-opacity\"\/>\n\n\n\n<p>JORNADAS SOBRE&nbsp;<strong>PROFESIONALIZACI\u00d3N<\/strong>&nbsp;Y APLICACIONES DE LA ANTROPOLOG\u00cdA.&nbsp;Desde 2018, el Departamento ha venido organizado, anualmente, un encuentro en el que invita a tanto a responsables de empresas o instituciones, como a egresados con actividad profesional para discutir sobre distintos aspectos acerca de la profesionalizaci\u00f3n y salto al mundo laboral de la Antropolog\u00eda Social.&nbsp;<a rel=\"noreferrer noopener\" href=\"http:\/\/departamento.us.es\/antropologia\/wp-content\/uploads\/2023\/01\/265202007241021.jpg\" target=\"_blank\">VER CARTEL<\/a><\/p>\n\n\n\n<p>D\u00cdPTICO DE PRESENTACI\u00d3N DEL&nbsp;<strong>GRADO&nbsp;<\/strong>EN ANTROPOLOG\u00cdA SOCIAL Y CULTURAL.&nbsp;<a href=\"http:\/\/departamento.us.es\/antropologia\/wp-content\/uploads\/2023\/01\/Diptico-antropologiared.pdf\" target=\"_blank\" rel=\"noreferrer noopener\">(DESCARGA PDF)<\/a><\/p>\n\n\n\n<p><strong>MEMORIA PARA LA VERIFICACI\u00d3N&nbsp;<\/strong>DE UN T\u00cdTULO DE GRADO EN ANTROPOLOG\u00cdA SOCIAL Y CULTURAL POR LA UNIVERSIDAD DE SEVILLA (aprobado por Consejo de Gobierno, 25 de octubre de 2019).&nbsp;<a href=\"https:\/\/alojawebapps.us.es\/fichape\/Doc\/MV\/188_memverif.pdf\" target=\"_blank\" rel=\"noreferrer noopener\">(DESCARGA PDF)<\/a><\/p>\n","protected":false},"excerpt":{"rendered":"<p>Enlace web Universidad de Sevilla &#8211; DESCARGAR PLAN DE ESTUDIOS Enlace web Universidad de Sevilla (2021) &#8211; DESCARGAR NUEVO PLAN DE ESTUDIOS La Antropolog\u00eda Social y Cultural es una disciplina que estudia la variabilidad de las culturas humanas. Adem\u00e1s de su perspectiva transcultural y de su inter\u00e9s en las relaciones interculturales, esta disciplina se caracteriza [&hellip;]<\/p>\n","protected":false},"author":1,"featured_media":0,"parent":0,"menu_order":0,"comment_status":"closed","ping_status":"closed","template":"","meta":{"footnotes":""},"_links":{"self":[{"href":"https:\/\/departamento.us.es\/antropologia\/wp-json\/wp\/v2\/pages\/270"}],"collection":[{"href":"https:\/\/departamento.us.es\/antropologia\/wp-json\/wp\/v2\/pages"}],"about":[{"href":"https:\/\/departamento.us.es\/antropologia\/wp-json\/wp\/v2\/types\/page"}],"author":[{"embeddable":true,"href":"https:\/\/departamento.us.es\/antropologia\/wp-json\/wp\/v2\/users\/1"}],"replies":[{"embeddable":true,"href":"https:\/\/departamento.us.es\/antropologia\/wp-json\/wp\/v2\/comments?post=270"}],"version-history":[{"count":22,"href":"https:\/\/departamento.us.es\/antropologia\/wp-json\/wp\/v2\/pages\/270\/revisions"}],"predecessor-version":[{"id":1181,"href":"https:\/\/departamento.us.es\/antropologia\/wp-json\/wp\/v2\/pages\/270\/revisions\/1181"}],"wp:attachment":[{"href":"https:\/\/departamento.us.es\/antropologia\/wp-json\/wp\/v2\/media?parent=270"}],"curies":[{"name":"wp","href":"https:\/\/api.w.org\/{rel}","templated":true}]}}