{"id":272,"date":"2023-01-19T13:49:40","date_gmt":"2023-01-19T13:49:40","guid":{"rendered":"http:\/\/departamento.us.es\/antropologia\/?page_id=272"},"modified":"2025-09-09T10:55:46","modified_gmt":"2025-09-09T10:55:46","slug":"master-en-antropologia","status":"publish","type":"page","link":"https:\/\/departamento.us.es\/antropologia\/master-en-antropologia\/","title":{"rendered":"MASTER EN ANTROPOLOG\u00cdA"},"content":{"rendered":"\n<p>El M\u00c1STER EN ANTROPOLOG\u00cdA: GESTI\u00d3N DE LA DIVERSIDAD CULTURAL, EL PATRIMONIO Y EL DESARROLLO se puso en marcha en el curso 2011\/12.<\/p>\n\n\n\n<p><strong>Plan de Estudios.&nbsp;<\/strong><a rel=\"noreferrer noopener\" href=\"https:\/\/www.us.es\/estudiar\/que-estudiar\/oferta-de-masteres\/mu-en-antropologia-gestion-de-la-diversidad-cultural-el\" target=\"_blank\">(VER PLAN DE ESTUDIOS)<\/a><\/p>\n\n\n\n<p><strong>Horarios y organizaci\u00f3n docente<\/strong>\u00a0del curso 2025\/2026<\/p>\n\n\n\n<div data-wp-interactive=\"core\/file\" class=\"wp-block-file\"><object data-wp-bind--hidden=\"!state.hasPdfPreview\"  class=\"wp-block-file__embed\" data=\"http:\/\/departamento.us.es\/antropologia\/wp-content\/uploads\/2025\/06\/Horario-Master-2025-26-1-1.pdf\" type=\"application\/pdf\" style=\"width:100%;height:200px\" aria-label=\"Incrustado de Horario M\u00e1ster 2025-26 (1).\"><\/object><a id=\"wp-block-file--media-47b9e5cf-aedf-42e2-84e6-63c847fe8b72\" href=\"http:\/\/departamento.us.es\/antropologia\/wp-content\/uploads\/2025\/06\/Horario-Master-2025-26-1-1.pdf\">Horario M\u00e1ster 2025-26 (1)<\/a><a href=\"http:\/\/departamento.us.es\/antropologia\/wp-content\/uploads\/2025\/06\/Horario-Master-2025-26-1-1.pdf\" class=\"wp-block-file__button wp-element-button\" download aria-describedby=\"wp-block-file--media-47b9e5cf-aedf-42e2-84e6-63c847fe8b72\">Descarga<\/a><\/div>\n\n\n\n<p><strong>Calendario M\u00e1ster 2025-2026<\/strong> <\/p>\n\n\n\n<div data-wp-interactive=\"core\/file\" class=\"wp-block-file\"><object data-wp-bind--hidden=\"!state.hasPdfPreview\"  class=\"wp-block-file__embed\" data=\"http:\/\/departamento.us.es\/antropologia\/wp-content\/uploads\/2025\/06\/Calendario-Master-2025-26-1.pdf\" type=\"application\/pdf\" style=\"width:100%;height:200px\" aria-label=\"Incrustado de Calendario Master 2025-26.\"><\/object><a id=\"wp-block-file--media-8aee52c0-49e4-45ea-a223-bae84372127b\" href=\"http:\/\/departamento.us.es\/antropologia\/wp-content\/uploads\/2025\/06\/Calendario-Master-2025-26-1.pdf\">Calendario Master 2025-26<\/a><a href=\"http:\/\/departamento.us.es\/antropologia\/wp-content\/uploads\/2025\/06\/Calendario-Master-2025-26-1.pdf\" class=\"wp-block-file__button wp-element-button\" download aria-describedby=\"wp-block-file--media-8aee52c0-49e4-45ea-a223-bae84372127b\">Descarga<\/a><\/div>\n\n\n\n<p>Publicaci\u00f3n de la oferta de&nbsp;<strong>L\u00edneas de Trabajo Fin de M\u00e1ster<\/strong>. Puedes ampliar la informaci\u00f3n en este enlace. (ver fase 1.2). [SE ACTUALIZA CADA MES DE DICIEMBRE].&nbsp;<a rel=\"noreferrer noopener\" href=\"https:\/\/finitusfgh.us.es\/web\/master\/lineasofertadas20142015\" target=\"_blank\">(VER L\u00cdNEAS OFERTADAS)<\/a><\/p>\n\n\n\n<p>Puedes acceder a la Memoria de Verificaci\u00f3n en el siguiente enlace&nbsp;<a href=\"https:\/\/alojawebapps.us.es\/fichape\/Doc\/MV\/M117_memverif.pdf\" target=\"_blank\" rel=\"noreferrer noopener\">(DESCARGA PDF)<\/a><\/p>\n\n\n\n<p>Documento de directrices sobre el&nbsp;<strong>Trabajo Fin de Master.&nbsp;<\/strong><a rel=\"noreferrer noopener\" href=\"http:\/\/departamento.us.es\/antropologia\/wp-content\/uploads\/2023\/01\/Normativa-TFM-Antropologia.doc\" target=\"_blank\">(<\/a><a href=\"http:\/\/departamento.us.es\/antropologia\/wp-content\/uploads\/2023\/02\/normativa_tfm_antropologia.pdf\" target=\"_blank\" rel=\"noreferrer noopener\">DESCARGA DOCUMENTO WORD<\/a><a rel=\"noreferrer noopener\" href=\"http:\/\/departamento.us.es\/antropologia\/wp-content\/uploads\/2023\/01\/Normativa-TFM-Antropologia.doc\" target=\"_blank\">)<\/a><\/p>\n\n\n\n<p><strong>Gu\u00eda<\/strong>&nbsp;para la elaboraci\u00f3n del TFM y orientaciones para su&nbsp;<strong>defensa<\/strong>. [<a rel=\"noreferrer noopener\" href=\"http:\/\/departamento.us.es\/antropologia\/uploads\/Docencia\/Guia_TFC.pdf\" target=\"_blank\">(<\/a><a rel=\"noreferrer noopener\" href=\"http:\/\/departamento.us.es\/antropologia\/wp-content\/uploads\/2023\/01\/Guia_TFC.pdf\" target=\"_blank\">DESCARGA PDF<\/a><a rel=\"noreferrer noopener\" href=\"http:\/\/departamento.us.es\/antropologia\/uploads\/Docencia\/Guia_TFC.pdf\" target=\"_blank\">)<\/a>] <\/p>\n\n\n\n<p><strong>Documentos&nbsp;<\/strong>para realizar el dep\u00f3sito del TFM en la Secretar\u00eda del Centro:&nbsp;<a href=\"https:\/\/finitusfgh.us.es\/web\/contenido\/impresos-y-documentos-1\" target=\"_blank\" rel=\"noreferrer noopener\">(VER WEB EN FINITUS)<\/a><\/p>\n","protected":false},"excerpt":{"rendered":"<p>El M\u00c1STER EN ANTROPOLOG\u00cdA: GESTI\u00d3N DE LA DIVERSIDAD CULTURAL, EL PATRIMONIO Y EL DESARROLLO se puso en marcha en el curso 2011\/12. Plan de Estudios.&nbsp;(VER PLAN DE ESTUDIOS) Horarios y organizaci\u00f3n docente\u00a0del curso 2025\/2026 Calendario M\u00e1ster 2025-2026 Publicaci\u00f3n de la oferta de&nbsp;L\u00edneas de Trabajo Fin de M\u00e1ster. Puedes ampliar la informaci\u00f3n en este enlace. (ver [&hellip;]<\/p>\n","protected":false},"author":1,"featured_media":0,"parent":0,"menu_order":0,"comment_status":"closed","ping_status":"closed","template":"","meta":{"footnotes":""},"_links":{"self":[{"href":"https:\/\/departamento.us.es\/antropologia\/wp-json\/wp\/v2\/pages\/272"}],"collection":[{"href":"https:\/\/departamento.us.es\/antropologia\/wp-json\/wp\/v2\/pages"}],"about":[{"href":"https:\/\/departamento.us.es\/antropologia\/wp-json\/wp\/v2\/types\/page"}],"author":[{"embeddable":true,"href":"https:\/\/departamento.us.es\/antropologia\/wp-json\/wp\/v2\/users\/1"}],"replies":[{"embeddable":true,"href":"https:\/\/departamento.us.es\/antropologia\/wp-json\/wp\/v2\/comments?post=272"}],"version-history":[{"count":41,"href":"https:\/\/departamento.us.es\/antropologia\/wp-json\/wp\/v2\/pages\/272\/revisions"}],"predecessor-version":[{"id":1180,"href":"https:\/\/departamento.us.es\/antropologia\/wp-json\/wp\/v2\/pages\/272\/revisions\/1180"}],"wp:attachment":[{"href":"https:\/\/departamento.us.es\/antropologia\/wp-json\/wp\/v2\/media?parent=272"}],"curies":[{"name":"wp","href":"https:\/\/api.w.org\/{rel}","templated":true}]}}