{"id":274,"date":"2023-01-19T13:50:30","date_gmt":"2023-01-19T13:50:30","guid":{"rendered":"http:\/\/departamento.us.es\/antropologia\/?page_id=274"},"modified":"2025-06-13T11:21:28","modified_gmt":"2025-06-13T11:21:28","slug":"otros-planes-de-estudios","status":"publish","type":"page","link":"https:\/\/departamento.us.es\/antropologia\/otros-planes-de-estudios\/","title":{"rendered":"OTROS PLANES DE ESTUDIOS"},"content":{"rendered":"\n<p>El Departamento de Antropolog\u00eda Social tiene responsabilidad docente en otros Planes de Estudio, distintos a su \u00e1rea de conocimiento. En concreto:<\/p>\n\n\n\n<ul>\n<li>En la Facultad de Geograf\u00eda e Historia: Grados de Historia, de Geograf\u00eda y Gesti\u00f3n del Territorio, Grado de Historia del Arte, Grado en Arqueolog\u00eda y Doble Titulaci\u00f3n de Geograf\u00eda y Gesti\u00f3n del Territorio e Historia.<\/li>\n\n\n\n<li>En la Facultad de Turismo y Finananzas: Grado en Turismo.<\/li>\n\n\n\n<li>En la Facultad de Derecho: Grado en Criminolog\u00eda.<\/li>\n\n\n\n<li>En el Centro Internacional de la Universidad de Sevilla: Grado en Estudios de Asia Oriental.<\/li>\n<\/ul>\n\n\n\n<p>Adem\u00e1s, su profesorado participa en otros m\u00e1steres, tanto universitarios como organizados por distintas organizaciones e instituciones.<\/p>\n\n\n\n<p>Puedes acceder al Plan de Organizaci\u00f3n Docente de otros Planes de Estudio <a href=\"https:\/\/departamento.us.es\/antropologia\/wp-content\/uploads\/2025\/06\/Docencia-en-otras-Titulaciones-11.pdf\">(Descargar)<\/a><\/p>\n\n\n\n<p><\/p>\n","protected":false},"excerpt":{"rendered":"<p>El Departamento de Antropolog\u00eda Social tiene responsabilidad docente en otros Planes de Estudio, distintos a su \u00e1rea de conocimiento. En concreto: Adem\u00e1s, su profesorado participa en otros m\u00e1steres, tanto universitarios como organizados por distintas organizaciones e instituciones. Puedes acceder al Plan de Organizaci\u00f3n Docente de otros Planes de Estudio (Descargar)<\/p>\n","protected":false},"author":1,"featured_media":0,"parent":0,"menu_order":0,"comment_status":"closed","ping_status":"closed","template":"","meta":{"footnotes":""},"_links":{"self":[{"href":"https:\/\/departamento.us.es\/antropologia\/wp-json\/wp\/v2\/pages\/274"}],"collection":[{"href":"https:\/\/departamento.us.es\/antropologia\/wp-json\/wp\/v2\/pages"}],"about":[{"href":"https:\/\/departamento.us.es\/antropologia\/wp-json\/wp\/v2\/types\/page"}],"author":[{"embeddable":true,"href":"https:\/\/departamento.us.es\/antropologia\/wp-json\/wp\/v2\/users\/1"}],"replies":[{"embeddable":true,"href":"https:\/\/departamento.us.es\/antropologia\/wp-json\/wp\/v2\/comments?post=274"}],"version-history":[{"count":18,"href":"https:\/\/departamento.us.es\/antropologia\/wp-json\/wp\/v2\/pages\/274\/revisions"}],"predecessor-version":[{"id":1161,"href":"https:\/\/departamento.us.es\/antropologia\/wp-json\/wp\/v2\/pages\/274\/revisions\/1161"}],"wp:attachment":[{"href":"https:\/\/departamento.us.es\/antropologia\/wp-json\/wp\/v2\/media?parent=274"}],"curies":[{"name":"wp","href":"https:\/\/api.w.org\/{rel}","templated":true}]}}