{"id":278,"date":"2023-01-19T13:52:05","date_gmt":"2023-01-19T13:52:05","guid":{"rendered":"http:\/\/departamento.us.es\/antropologia\/?page_id=278"},"modified":"2023-01-20T21:50:09","modified_gmt":"2023-01-20T21:50:09","slug":"convocatorias-becas-y-ayudas","status":"publish","type":"page","link":"https:\/\/departamento.us.es\/antropologia\/convocatorias-becas-y-ayudas\/","title":{"rendered":"CONVOCATORIAS, BECAS Y AYUDAS"},"content":{"rendered":"\n<h3 class=\"wp-block-heading\"><strong>CONVOCATORIAS<\/strong><\/h3>\n\n\n\n<p><strong>* NORMATIVA, CONVOCATORIA Y MODELO DE SOLICITUD PARA&nbsp;ESTUDIANTES INTERNOS DEL DEPARTAMENTO DE ANTROPOLOG\u00cdA SOCIAL&nbsp;CURSO 2022-2023.<\/strong><\/p>\n\n\n\n<ul>\n<li>Convocatoria <a rel=\"noreferrer noopener\" href=\"http:\/\/departamento.us.es\/antropologia\/wp-content\/uploads\/2023\/01\/Convocatoria-22-23.pdf\" target=\"_blank\">(DESCARGA PDF)<\/a><\/li>\n\n\n\n<li>Solicitud <a href=\"http:\/\/departamento.us.es\/antropologia\/uploads\/Documentos%2http:\/\/departamento.us.es\/antropologia\/wp-content\/uploads\/2023\/01\/solicitud_modelo_EI-1.doc\" target=\"_blank\" rel=\"noreferrer noopener\">(DESCARGA WORD)<\/a><\/li>\n\n\n\n<li>Normativa.\u00a0<a href=\"http:\/\/departamento.us.es\/antropologia\/wp-content\/uploads\/2023\/01\/Estudiante-Interno_Normativa.pdf\" target=\"_blank\" rel=\"noreferrer noopener\">(DESCARGAR PDF)<\/a><\/li>\n\n\n\n<li>Resoluci\u00f3n 2022-2023.\u00a0<a href=\"http:\/\/departamento.us.es\/antropologia\/wp-content\/uploads\/2023\/01\/COMISION-DE-DOCENCIA-ALUMNO-INTERNO.pdf\" target=\"_blank\" rel=\"noreferrer noopener\">(DESCARGA ACTA PDF)<\/a>\u00a0y\u00a0<a href=\"http:\/\/departamento.us.es\/antropologia\/wp-content\/uploads\/2023\/01\/Diligencia-de-correccion-de-errores.pdf\" target=\"_blank\" rel=\"noreferrer noopener\">(DESCARGA DILIGENCIA DE CORRECCI\u00d3N DE ERRORES)\u00a0<\/a><\/li>\n<\/ul>\n\n\n\n<p><strong>* Convocatoria de Becas de Colaboraci\u00f3n en Departamentos Universitarios del Ministerio de Educaci\u00f3n y Formaci\u00f3n Profesional para el curso 2021-22<\/strong><\/p>\n\n\n\n<ul>\n<li>Convocatoria\u00a0 Becas de Colaboraci\u00f3n 2021-2022:\u00a0<a href=\"http:\/\/departamento.us.es\/antropologia\/wp-content\/uploads\/2023\/01\/Convocatoria-Beca-Colaboraci_n-2021-2022.pdf\" target=\"_blank\" rel=\"noreferrer noopener\">(DESCARGA W<\/a><a rel=\"noreferrer noopener\" href=\"http:\/\/departamento.us.es\/antropologia\/uploads\/Convocatorias\/Convocatoria%20Beca%20Colaboraci_n%202021-2022.pdf\" target=\"_blank\">ORD)<\/a><\/li>\n<\/ul>\n\n\n\n<h4 class=\"wp-block-heading\">REQUISITOS:<\/h4>\n\n\n\n<h4 class=\"wp-block-heading\">ESTUDIANTES DE GRADO<\/h4>\n\n\n\n<p>Podr\u00e1n obtener la beca de colaboraci\u00f3n los estudiantes universitarios de Grado que, a la fecha de finalizaci\u00f3n del plazo de presentaci\u00f3n de solicitudes, acrediten que constan en su expediente acad\u00e9mico los siguientes requisitos:<\/p>\n\n\n\n<ul>\n<li>No estar en posesi\u00f3n o en disposici\u00f3n legal de obtener un t\u00edtulo acad\u00e9mico de Grado, Licenciado, Ingeniero, Arquitecto o M\u00e1ster oficial.<\/li>\n\n\n\n<li>Estar matriculado en el curso 2021-2022 en ense\u00f1anza oficial de la totalidad de las asignaturas o cr\u00e9ditos que le resten para finalizar sus estudios de Grado y haber superado el 75 por ciento de la carga lectiva de su titulaci\u00f3n<\/li>\n\n\n\n<li>Haber obtenido como nota media de los cr\u00e9ditos superados a que se refiere el p\u00e1rrafo anterior la que se se\u00f1ala a continuaci\u00f3n para cada una de las ramas de titulaciones universitarias oficiales:\n<ul>\n<li>7,25 puntos para la rama de Ingenier\u00eda y Arquitectura o Ense\u00f1anzas T\u00e9cnicas<\/li>\n\n\n\n<li>7,70 puntos para las ramas de Ciencias o Ciencias Experimentales y para Ciencias Sociales y Jur\u00eddicas<\/li>\n\n\n\n<li>7,80 puntos para la rama de Ciencias de la Salud<\/li>\n\n\n\n<li>8,00 puntos para la rama de Artes y Humanidades<\/li>\n<\/ul>\n<\/li>\n\n\n\n<li>En los supuestos de estudiantes que est\u00e9n cursando los denominados dobles grados, solo ser\u00e1n tenidos en cuenta los cr\u00e9ditos y calificaciones correspondientes a la titulaci\u00f3n por la que opte a la beca de colaboraci\u00f3n.<\/li>\n<\/ul>\n\n\n\n<h4 class=\"wp-block-heading\">ESTUDIANTES DE M\u00c1STER<\/h4>\n\n\n\n<p>Podr\u00e1n obtener la beca de colaboraci\u00f3n los estudiantes universitarios de primer curso de M\u00e1steres oficiales que a la fecha de finalizaci\u00f3n del plazo de presentaci\u00f3n de solicitudes acrediten que constan en su expediente acad\u00e9mico los siguientes requisitos:<\/p>\n\n\n\n<ul>\n<li>No estar en posesi\u00f3n o en disposici\u00f3n legal de obtener un t\u00edtulo acad\u00e9mico de M\u00e1ster oficial o de Doctor.<\/li>\n\n\n\n<li>Estar matriculado en el curso 2021-2022 en ense\u00f1anza oficial de la totalidad de las asignaturas o cr\u00e9ditos de primer curso de M\u00e1ster.<\/li>\n\n\n\n<li>Haber obtenido en el expediente acad\u00e9mico correspondiente a los estudios universitarios previos que dan acceso al M\u00e1ster la nota media establecida en el apartado anterior (estudiantes de Grado), en funci\u00f3n de la rama de conocimiento de procedencia.&nbsp;<\/li>\n<\/ul>\n\n\n\n<p>El plazo de presentaci\u00f3n de solicitudes est\u00e1&nbsp;<strong>abierto hasta el 30 de septiembre de 2021.&nbsp;<\/strong><a href=\"https:\/\/www.educacionyfp.gob.es\/servicios-al-ciudadano\/catalogo\/estudiantes\/becas-ayudas\/para-estudiar\/universidad\/grado\/becas-colaboracion.html\" target=\"_blank\" rel=\"noreferrer noopener\">M<\/a><a href=\"https:\/\/www.educacionyfp.gob.es\/servicios-al-ciudadano\/catalogo\/estudiantes\/becas-ayudas\/para-estudiar\/universidad\/grado\/becas-colaboracion.html\" target=\"_blank\" rel=\"noreferrer noopener\"><strong>\u00e1s informaci\u00f3n<\/strong><\/a><\/p>\n\n\n\n<p><strong>* Convocatoria Concurso P\u00fablico de M\u00e9ritos para la Contrataci\u00f3n de Profesorado Sustituto Interino (17\/05\/2021).&nbsp;<\/strong><a href=\"https:\/\/docentes.us.es\/index.php?page=comun%2Fevento_leer&amp;id=6454\" target=\"_blank\" rel=\"noreferrer noopener\">Ver convocatoria<\/a><\/p>\n\n\n\n<p>&#8211; A tenor de lo dispuesto en las bases de la convocatoria, el plazo de presentaci\u00f3n de solicitudes de participaci\u00f3n comenzar\u00e1 el 18 de mayo y finalizar\u00e1 el 31 de mayo de 2021.<\/p>\n\n\n\n<p>&#8211; Los interesados podr\u00e1n acceder a la plataforma de concursos en la siguiente direcci\u00f3n: https:\/\/bareprof.us.es desde el d\u00eda 18 de mayo y hasta el 31 de mayo de 2021, ambos inclusive.<\/p>\n\n\n\n<p><strong>*Convocatoria de Becas de Investigaci\u00f3n y Estudios en las Universidades de Cornell y Pennsylvania. Curso 2020-2021<\/strong><\/p>\n\n\n\n<p><a href=\"https:\/\/internacional.us.es\/convocatoria-cornell-pennsylvania\" target=\"_blank\" rel=\"noreferrer noopener\">http:\/\/internacional.us.es\/convocatoria-cornell-pennsylvania<\/a><\/p>\n\n\n\n<p><strong>Objeto:&nbsp;<\/strong>Plazas de Movilidad Internacional para estudiantes e investigadores de la Universidad de Sevilla en las Universidades de Cornell y Pennsylvania (EEUU).<\/p>\n\n\n\n<p><strong>Destinatarios:<\/strong><\/p>\n\n\n\n<p>\u00b7&nbsp;Universidad de Cornell: Estudiantes de la Universidad de Sevilla matriculados en Programas de Doctorado en el curso 19-20.<\/p>\n\n\n\n<p>\u00b7&nbsp;Universidad de Pennsylvania: Estudiantes de la Universidad de Sevilla matriculados en titulaciones oficiales de Grado en el curso 19-20.<\/p>\n\n\n\n<p><strong>Curso Acad\u00e9mico en el que se desarrolla la movilidad:<\/strong>&nbsp;curso 20-21, exceptuando las becas de investigaci\u00f3n en la Universidad de Cornell, en verano de 2020.<\/p>\n\n\n\n<p><strong>Plazo de solicitudes:&nbsp;<\/strong>Hasta el 10 de enero de 2020<\/p>\n\n\n\n<p>Programa de Becas de Iniciaci\u00f3n a la Investigaci\u00f3n, Universidad de Sevilla. Para estudiantes de \u00faltimo a\u00f1o de Grado y M\u00e1ster. Plazo de presentaci\u00f3n: hasta el 30 de noviembre. Consultar m\u00e1s\u00a0<a rel=\"noreferrer noopener\" href=\"https:\/\/investigacion.us.es\/convocatorias\/ver\/1371\/0\" target=\"_blank\">informaci\u00f3n<\/a>.<\/p>\n\n\n\n<h3 class=\"wp-block-heading\"><strong>PREMIOS<\/strong><\/h3>\n\n\n\n<p>*&nbsp;<a href=\"https:\/\/www.fundacionlison-donald.es\/contenido\/36\/premios-carmelo-lison.html\" target=\"_blank\" rel=\"noreferrer noopener\"><strong>Premio Carmelo Lis\u00f3n<\/strong><\/a>&nbsp;para Trabajos Fin de Grado de Antropolog\u00eda Social, convocado por la Fundaci\u00f3n Lis\u00f3n-Donald.<\/p>\n\n\n\n<p><strong>* La FUNDACI\u00d3N BLAS INFANTE,<\/strong>&nbsp;dentro de sus objetivos para perpetuar la herencia y semilla dejadas por el Padre de la Patria Andaluza, con la colaboraci\u00f3n de la EDITORIAL ALMUZARA, convoca el&nbsp;<strong>PREMIO MEMORIAL BLAS INFANTE<\/strong>, de acuerdo con las siguientes Bases:&nbsp;<a href=\"http:\/\/departamento.us.es\/antropologia\/uploads\/BASES%20MEMORIAL%202019.pdf\" target=\"_blank\" rel=\"noreferrer noopener\">Convocatoria<\/a><\/p>\n\n\n\n<h3 class=\"wp-block-heading\">CONVOCATORIA DE BECAS PARA ESTUDIANTES CSIC<\/h3>\n\n\n\n<p>El programa JAE&nbsp;<em>Intro&nbsp;<\/em>convoca becas en centros del CSIC (propios, mixtos o unidades asociadas) dirigidas a estudiantes universitarios con inter\u00e9s en iniciar una carrera investigadora.<\/p>\n\n\n\n<p>Este programa de becas proporciona un acercamiento a la carrera investigadora a aquellos estudiantes que quieran dar sus primeros pasos en el mundo de la investigaci\u00f3n, brind\u00e1ndoles, por un lado, la oportunidad de disfrutar las posibilidades que ofercen los Centros e Institutos del CSIC en sus diferentes \u00e1reas cient\u00edficas y, a su vez, propiciando una introducci\u00f3n al conocimiento puntero de los temas cient\u00edficos y a la praxis cient\u00edfica.<\/p>\n\n\n\n<p>Convocatoria&nbsp;<strong>Becas JAE INTRO<\/strong>.&nbsp;<a href=\"https:\/\/sede.csic.gob.es\/programa-jae\" target=\"_blank\" rel=\"noreferrer noopener\">Informaci\u00f3n<\/a><\/p>\n\n\n\n<h3 class=\"wp-block-heading\"><strong>SISTEMA DE INTERCAMBIO ENTRE CENTROS UNIVERSITARIOS ESPA\u00d1OLES<\/strong><\/h3>\n\n\n\n<p>\u00a0Programa de movilidad nacional promovido por la\u00a0<a rel=\"noreferrer noopener\" href=\"http:\/\/www.crue.org\/\" target=\"_blank\">Conferencia de Rectores de las Universidades Espa\u00f1olas (CRUE)<\/a>\u00a0\u00a0que viene a configurar un sistema de intercambio de estudiantes que les permite realizar una parte de sus estudios en otra universidad espa\u00f1ola, con garant\u00edas de reconocimiento acad\u00e9mico y aprovechamiento, as\u00ed como de adecuaci\u00f3n a su perfil curricular.<\/p>\n\n\n\n<p>\u00a0 Este sistema tiene en cuenta el valor formativo del intercambio, al hacer posible que el estudiante experimente sistemas docentes distintos, incluidos el r\u00e9gimen de pr\u00e1cticas, as\u00ed como los distintos aspectos sociales y culturales de otras comunidades y ciudades aut\u00f3nomas. El intercambio de estudiantes se basa en la confianza entre las instituciones, la transparencia informativa, la reciprocidad y la flexibilidad.<\/p>\n\n\n\n<p><a href=\"https:\/\/www.us.es\/internacional\/movilidad\/estudiante-us\/movilidad-nacional\" target=\"_blank\" rel=\"noreferrer noopener\">Bases y documentos Convocatorias<\/a><\/p>\n","protected":false},"excerpt":{"rendered":"<p>CONVOCATORIAS * NORMATIVA, CONVOCATORIA Y MODELO DE SOLICITUD PARA&nbsp;ESTUDIANTES INTERNOS DEL DEPARTAMENTO DE ANTROPOLOG\u00cdA SOCIAL&nbsp;CURSO 2022-2023. * Convocatoria de Becas de Colaboraci\u00f3n en Departamentos Universitarios del Ministerio de Educaci\u00f3n y Formaci\u00f3n Profesional para el curso 2021-22 REQUISITOS: ESTUDIANTES DE GRADO Podr\u00e1n obtener la beca de colaboraci\u00f3n los estudiantes universitarios de Grado que, a la fecha [&hellip;]<\/p>\n","protected":false},"author":1,"featured_media":0,"parent":0,"menu_order":0,"comment_status":"closed","ping_status":"closed","template":"","meta":{"footnotes":""},"_links":{"self":[{"href":"https:\/\/departamento.us.es\/antropologia\/wp-json\/wp\/v2\/pages\/278"}],"collection":[{"href":"https:\/\/departamento.us.es\/antropologia\/wp-json\/wp\/v2\/pages"}],"about":[{"href":"https:\/\/departamento.us.es\/antropologia\/wp-json\/wp\/v2\/types\/page"}],"author":[{"embeddable":true,"href":"https:\/\/departamento.us.es\/antropologia\/wp-json\/wp\/v2\/users\/1"}],"replies":[{"embeddable":true,"href":"https:\/\/departamento.us.es\/antropologia\/wp-json\/wp\/v2\/comments?post=278"}],"version-history":[{"count":3,"href":"https:\/\/departamento.us.es\/antropologia\/wp-json\/wp\/v2\/pages\/278\/revisions"}],"predecessor-version":[{"id":1227,"href":"https:\/\/departamento.us.es\/antropologia\/wp-json\/wp\/v2\/pages\/278\/revisions\/1227"}],"wp:attachment":[{"href":"https:\/\/departamento.us.es\/antropologia\/wp-json\/wp\/v2\/media?parent=278"}],"curies":[{"name":"wp","href":"https:\/\/api.w.org\/{rel}","templated":true}]}}