{"id":414,"date":"2023-01-31T12:21:38","date_gmt":"2023-01-31T12:21:38","guid":{"rendered":"https:\/\/departamento.us.es\/antropologia\/?page_id=414"},"modified":"2023-01-31T12:45:34","modified_gmt":"2023-01-31T12:45:34","slug":"plan-de-estudios","status":"publish","type":"page","link":"https:\/\/departamento.us.es\/antropologia\/plan-de-estudios\/","title":{"rendered":"NUEVO PLAN DE ESTUDIOS"},"content":{"rendered":"\n<p>La implantaci\u00f3n de las modificaciones del plan de estudios ha dado comienzo en el curso 2021\/22 y se har\u00e1 gradualmente curso a curso.<br><br>Como las modificaciones introducidas afectan a la ordenaci\u00f3n temporal de un n\u00famero significativo de asignaturas, se implementar\u00e1 un nuevo plan de estudios en la aplicaci\u00f3n inform\u00e1tica, que se implantar\u00e1 gradualmente curso a curso a los estudiantes que ingresen a partir del curso 2021\/22, y tal y como recoge el Reglamento General de Actividades Docentes de la Universidad de Sevilla, en su Disposici\u00f3n Adicional Tercera, el plan de estudios actual se extinguir\u00e1 curso por curso. El Nuevo Plan de estudios (2020) se ir\u00e1 implantando gradualmente a partir de 2021-22 (primer curso), 2022-23 (segundo curso), 2023-24 (tercer curso) y 2024-25 (cuarto curso).<br><br>Seg\u00fan la norma antes citada, una vez extinguido un curso de un plan de estudios, para la evaluaci\u00f3n de las materias de dicho curso se efectuar\u00e1n tres convocatorias ordinarias en cada uno de los tres cursos acad\u00e9micos siguientes. En cada curso acad\u00e9mico, los estudiantes tendr\u00e1n derecho a presentarse a las convocatorias ordinarias que defina la resoluci\u00f3n rectoral reguladora de las normas de matr\u00edcula en estudios oficiales de Grado y M\u00e1ster de la Universidad de Sevilla.<br><br>No obstante lo anterior, dado que la mayor\u00eda de las asignaturas no sufren modificaci\u00f3n en sus contenidos, las asignaturas del plan 2010 ser\u00e1n consideradas transversales con las del plan 2020 desde el curso en el que se implanten las del nuevo plan. Esta medida garantizar\u00e1 a los estudiantes del plan 2010 la posibilidad de asistir, en su caso, a las actividades docentes de la mayor parte de las asignaturas tras su extinci\u00f3n, al menos, con el l\u00edmite temporal indicado en el p\u00e1rrafo anterior. En cualquier caso, los estudiantes tendr\u00e1n la oportunidad de concluir sus estudios por el plan 2010 o adaptarse al plan 2020, para ello se aplicar\u00e1n las siguientes equivalencias de las asignaturas que cambian:<br><br>-Antropolog\u00eda de la Organizaci\u00f3n Social I = Antropolog\u00eda de la Organizaci\u00f3n Social.<br>-Patrimonio Etnol\u00f3gico (P) = Antropolog\u00eda del Patrimonio (OB).<br>-Etnicidad y Multiculturalismo (P) = Etnicidad y Multiculturalismo (OB).<br>-Etnolog\u00eda de Am\u00e9rica Latina (OB) = Etnolog\u00eda de Am\u00e9rica Latina (P).<br>-Etnolog\u00eda del Mediterr\u00e1neo (OB) = Etnolog\u00eda del Mediterr\u00e1neo (P)<\/p>\n","protected":false},"excerpt":{"rendered":"<p>La implantaci\u00f3n de las modificaciones del plan de estudios ha dado comienzo en el curso 2021\/22 y se har\u00e1 gradualmente curso a curso. Como las modificaciones introducidas afectan a la ordenaci\u00f3n temporal de un n\u00famero significativo de asignaturas, se implementar\u00e1 un nuevo plan de estudios en la aplicaci\u00f3n inform\u00e1tica, que se implantar\u00e1 gradualmente curso a [&hellip;]<\/p>\n","protected":false},"author":2,"featured_media":0,"parent":0,"menu_order":0,"comment_status":"closed","ping_status":"closed","template":"","meta":{"footnotes":""},"_links":{"self":[{"href":"https:\/\/departamento.us.es\/antropologia\/wp-json\/wp\/v2\/pages\/414"}],"collection":[{"href":"https:\/\/departamento.us.es\/antropologia\/wp-json\/wp\/v2\/pages"}],"about":[{"href":"https:\/\/departamento.us.es\/antropologia\/wp-json\/wp\/v2\/types\/page"}],"author":[{"embeddable":true,"href":"https:\/\/departamento.us.es\/antropologia\/wp-json\/wp\/v2\/users\/2"}],"replies":[{"embeddable":true,"href":"https:\/\/departamento.us.es\/antropologia\/wp-json\/wp\/v2\/comments?post=414"}],"version-history":[{"count":4,"href":"https:\/\/departamento.us.es\/antropologia\/wp-json\/wp\/v2\/pages\/414\/revisions"}],"predecessor-version":[{"id":419,"href":"https:\/\/departamento.us.es\/antropologia\/wp-json\/wp\/v2\/pages\/414\/revisions\/419"}],"wp:attachment":[{"href":"https:\/\/departamento.us.es\/antropologia\/wp-json\/wp\/v2\/media?parent=414"}],"curies":[{"name":"wp","href":"https:\/\/api.w.org\/{rel}","templated":true}]}}