{"id":432,"date":"2023-02-03T12:25:09","date_gmt":"2023-02-03T12:25:09","guid":{"rendered":"https:\/\/departamento.us.es\/antropologia\/?page_id=432"},"modified":"2023-02-06T10:30:50","modified_gmt":"2023-02-06T10:30:50","slug":"trabajo-fin-de-estudios","status":"publish","type":"page","link":"https:\/\/departamento.us.es\/antropologia\/trabajo-fin-de-estudios\/","title":{"rendered":"TRABAJO FIN DE ESTUDIOS"},"content":{"rendered":"\n<p><strong>TRABAJO FIN DE GRADO<\/strong><\/p>\n\n\n\n<p>Cada cr\u00e9dito ECTS, conformado por 25 horas de trabajo por parte del estudiante, se desglosa en 5 de car\u00e1cter presencial del profesor o profesora con sus alumnos y alumnas (horas lectivas), y 20 m\u00e1s de trabajo personal aut\u00f3nomo por parte del alumnado. <\/p>\n\n\n\n<p>De este modo, el Trabajo de Fin de Grado tiene 60 horas presenciales y 240 de trabajo aut\u00f3nomo del estudiante. La acci\u00f3n tutorial, tanto grupal como individualizada, ser\u00e1 la actividad formativa b\u00e1sica del Trabajo de Fin de Grado. En las sesiones presenciales se plantear\u00e1n aspectos como la selecci\u00f3n de temas, b\u00fasqueda de informaci\u00f3n, normas de presentaci\u00f3n, etc. Un instrumento adecuado para el plan tutorial (con las sesenta horas lectivas) ser\u00e1 el uso de matrices anal\u00edticas de valoraci\u00f3n (r\u00fabricas), que permitir\u00e1n actividades de autoevaluaci\u00f3n por parte de los estudiantes. Las tutor\u00edas se distribuir\u00e1n temporalmente para permitir la revisi\u00f3n y aprendizaje pr\u00e1ctico reflexivo del estudiante.<\/p>\n\n\n\n<p>Para ampliar la informaci\u00f3n acerca de la elaboraci\u00f3n y presentaci\u00f3n del TFG, debe consultar la aplicaci\u00f3n creada por la Facultad de Geograf\u00eda e Historia: <a href=\"https:\/\/finitusfgh.us.es\/web\/\" target=\"_blank\" rel=\"noreferrer noopener\">FINITUS<\/a>.<\/p>\n\n\n\n<hr class=\"wp-block-separator has-alpha-channel-opacity\"\/>\n\n\n\n<p><strong>TRABAJO FIN DE M\u00c1STER<\/strong><\/p>\n\n\n\n<p>De las 250 horas totales (10 ECTS), 10 horas ser\u00e1n presenciales y estar\u00e1n dedicadas a la orientaci\u00f3n del o la profesora al alumnado en tutor\u00edas personales. En ellas el profesor-tutor del Trabajo Fin de M\u00e1ster llevar\u00e1 a cabo la labor de seguimiento de la actividad investigadora del alumnado y de orientaci\u00f3n en la ejecuci\u00f3n de su trabajo para garantizar el cumplimiento de los objetivos programados. De las 230 horas restantes 25 se dedicar\u00e1n a la elaboraci\u00f3n del dise\u00f1o y la memoria, 214 a trabajo personal del alumnado y 1 hora a la exposici\u00f3n y defensa del trabajo.<\/p>\n\n\n\n<p>A lo largo del curso y con la ayuda de un o una profesora del M\u00e1ster, el alumnado elegir\u00e1 un tema para desarrollar relacionado con alguna de las tem\u00e1ticas que se imparten en \u00e9l. Este trabajo deber\u00e1 ser realizado de forma individual, bajo la direcci\u00f3n de un o una profesora del M\u00e1ster y siguiendo los criterios de calidad cient\u00edfica de un postgrado. Los elementos a tener en cuenta en la evaluaci\u00f3n de la adquisici\u00f3n de competencias y el nivel de conocimientos por parte del alumnado tendr\u00e1n en cuenta el inter\u00e9s y originalidad del tema, la calidad de las fuentes y de la bibliograf\u00eda utilizadas, la capacidad planificaci\u00f3n y estructuraci\u00f3n del mismo y definici\u00f3n clara de los objetivos, la capacidad de reflexi\u00f3n, relaci\u00f3n y s\u00edntesis, el rigor cient\u00edfico, el an\u00e1lisis cr\u00edtico del tema investigado, el uso de un lenguaje cient\u00edfico no sexista as\u00ed como las conclusiones obtenidas.<\/p>\n\n\n\n<p>Para ampliar la informaci\u00f3n acerca de la elaboraci\u00f3n y presentaci\u00f3n del TFM, debe consultar la aplicaci\u00f3n creada por la Facultad de Geograf\u00eda e Historia: <a rel=\"noreferrer noopener\" href=\"https:\/\/finitusfgh.us.es\/web\/\" target=\"_blank\">FINITUS<\/a>.<\/p>\n\n\n\n<hr class=\"wp-block-separator has-alpha-channel-opacity\"\/>\n\n\n\n<p>Enlaces de inter\u00e9s:<\/p>\n\n\n\n<ul>\n<li><a rel=\"noreferrer noopener\" href=\"http:\/\/departamento.us.es\/antropologia\/wp-content\/uploads\/2023\/02\/normativacomunfgh.pdf\" target=\"_blank\">NORMATIVA INTERNA DE TRABAJOS DE FIN DE GRADO Y M\u00c1STER DE LA FACULTAD DE GEOGRAF\u00cdA E HISTORIA DE LA UNIVERSIDAD SEVILLA.<\/a><\/li>\n\n\n\n<li><a href=\"http:\/\/departamento.us.es\/antropologia\/wp-content\/uploads\/2023\/02\/bous-2017-09-27-Acuerdo4.1-CG-20-7-17.pdf\" target=\"_blank\" rel=\"noreferrer noopener\">NORMATIVA SOBRE TRABAJOS FINDE ESTUDIOS DE LA UNIVERSIDAD DE SEVILLA<\/a><\/li>\n\n\n\n<li><a rel=\"noreferrer noopener\" href=\"https:\/\/finitusfgh.us.es\/web\/\" data-type=\"URL\" data-id=\"https:\/\/finitusfgh.us.es\/web\/\" target=\"_blank\">FINITUS<\/a>: Finitus es una aplicaci\u00f3n pionera creada, en origen, para dar respuesta a la gesti\u00f3n de las asignaturas de Trabajo Fin de Grado y Trabajo Fin de M\u00e1ster de la Facultad de Geograf\u00eda e Historia de la Universidad de Sevilla. En ambos casos, se trata no s\u00f3lo de un requisito fundamental para poder culminar con \u00e9xito los estudios correspondientes a cada una de las titulaciones, sino, m\u00e1s a\u00fan, de una valiosa herramienta de aprendizaje y capacitaci\u00f3n para los alumnos y futuros titulados.<\/li>\n<\/ul>\n","protected":false},"excerpt":{"rendered":"<p>TRABAJO FIN DE GRADO Cada cr\u00e9dito ECTS, conformado por 25 horas de trabajo por parte del estudiante, se desglosa en 5 de car\u00e1cter presencial del profesor o profesora con sus alumnos y alumnas (horas lectivas), y 20 m\u00e1s de trabajo personal aut\u00f3nomo por parte del alumnado. De este modo, el Trabajo de Fin de Grado [&hellip;]<\/p>\n","protected":false},"author":2,"featured_media":0,"parent":0,"menu_order":0,"comment_status":"closed","ping_status":"closed","template":"","meta":{"footnotes":""},"_links":{"self":[{"href":"https:\/\/departamento.us.es\/antropologia\/wp-json\/wp\/v2\/pages\/432"}],"collection":[{"href":"https:\/\/departamento.us.es\/antropologia\/wp-json\/wp\/v2\/pages"}],"about":[{"href":"https:\/\/departamento.us.es\/antropologia\/wp-json\/wp\/v2\/types\/page"}],"author":[{"embeddable":true,"href":"https:\/\/departamento.us.es\/antropologia\/wp-json\/wp\/v2\/users\/2"}],"replies":[{"embeddable":true,"href":"https:\/\/departamento.us.es\/antropologia\/wp-json\/wp\/v2\/comments?post=432"}],"version-history":[{"count":6,"href":"https:\/\/departamento.us.es\/antropologia\/wp-json\/wp\/v2\/pages\/432\/revisions"}],"predecessor-version":[{"id":443,"href":"https:\/\/departamento.us.es\/antropologia\/wp-json\/wp\/v2\/pages\/432\/revisions\/443"}],"wp:attachment":[{"href":"https:\/\/departamento.us.es\/antropologia\/wp-json\/wp\/v2\/media?parent=432"}],"curies":[{"name":"wp","href":"https:\/\/api.w.org\/{rel}","templated":true}]}}