{"id":63,"date":"2023-01-16T12:10:14","date_gmt":"2023-01-16T12:10:14","guid":{"rendered":"http:\/\/departamento.us.es\/antropologia\/?page_id=63"},"modified":"2026-01-30T12:21:05","modified_gmt":"2026-01-30T12:21:05","slug":"bienvenidos","status":"publish","type":"page","link":"https:\/\/departamento.us.es\/antropologia\/bienvenidos\/","title":{"rendered":"BIENVENIDOS"},"content":{"rendered":"\n<p>El actual Departamento de Antropolog\u00eda Social se ubica en la Facultad de Geograf\u00eda e Historia de la Universidad de Sevilla, donde participa de las cinco titulaciones de Grado que se imparten en este Centro: Antropolog\u00eda Social y Cultural, Historia, Geograf\u00eda y Gesti\u00f3n del Territorio, Historia del Arte y Arqueolog\u00eda. Adem\u00e1s, imparte una asignatura en el Doble Grado de Geograf\u00eda y Gesti\u00f3n del Territorio e Historia. Tambi\u00e9n participa en otras titulaciones de Grado (Turismo, Criminolog\u00eda, Asia Oriental) y coordina el M\u00e1ster en Antropolog\u00eda: Gesti\u00f3n de la Diversidad Cultural, el Patrimonio y el Desarrollo, si bien su profesorado est\u00e1 implicado en distintos M\u00e1steres en diferentes universidades. Adem\u00e1s, el Departamento participa del Programa de Doctorado Ciencias Econ\u00f3micas. Empresariales y Sociales, de car\u00e1cter interdisciplinar y que se coordina desde la Facultad de Econ\u00f3micas de la Universidad de Sevilla.<\/p>\n\n\n\n<p>Se trata de uno de los departamentos de Antropolog\u00eda m\u00e1s antiguos de las universidades espa\u00f1olas, pues a principios de la d\u00e9cada de los setenta del pasado siglo, cuando todav\u00eda en nuestro pa\u00eds el campo de la Antropolog\u00eda Social se hallaba en un estado muy incipiente, un grupo de profesores sevillanos crearon el Departamento de Antropolog\u00eda y Etnolog\u00eda de Am\u00e9rica, lo que delataba su vinculaci\u00f3n original con los estudios americanistas de la Universidad de Sevilla.<\/p>\n\n\n\n<p>A partir de este n\u00facleo original se originaron los estudios de especializaci\u00f3n en Antropolog\u00eda Cultural, dentro del Plan de Estudios de Geograf\u00eda e Historia (Plan de 1983), hasta que se alcanzara en el a\u00f1o 1994 la titulaci\u00f3n propia en Antropolog\u00eda Social, de segundo ciclo, de forma pionera entre las universidades espa\u00f1olas. Desde entonces y hasta hoy ha crecido en n\u00famero de integrantes y redoblado su actividad, tanto de investigaci\u00f3n como de docencia. Alberga en la actualidad cinco grupos de investigaci\u00f3n. Desde el curso 2010 se puso en marcha el Grado en Antropolog\u00eda Social y Cultural, y desde el 2011 el M\u00e1ster en Antropolog\u00eda: Gesti\u00f3n de la Diversidad Cultural, el Patrimonio y el desarrollo. Adem\u00e1s, el profesorado del departamento participa en un amplio n\u00famero de m\u00e1steres, la mayor parte de ellos de car\u00e1cter interdisciplinar.<\/p>\n\n\n\n<p><strong>Organigrama del Departamento de Antropolog\u00eda Social<\/strong><\/p>\n\n\n\n<p>DIRECTOR DEPARTAMENTO. Francisco Jos\u00e9 Cuberos Gallardo. Profesor Titular de Universidad.<br>SECRETARIA. Eva Sanz Jara. Profesora Titular de Universidad.<br>PERSONAL DE ADMINISTRACI\u00d3N. Esperanza Villal\u00f3n \/ Miryam L\u00f3pez<br>TEL\u00c9FONO DE SECRETAR\u00cdA. 954551597.<br>CORREO ELECTR\u00d3NICO. evillalon@us.es \/ mlmoreno@us.es<br>HORARIO DE ATENCI\u00d3N. 8,00- 15,00 H. DE LUNES A VIERNES.<\/p>\n\n\n\n<p>Horario especial de verano: de 9,00 a 14,00 horas. Agosto cerrado.<\/p>\n","protected":false},"excerpt":{"rendered":"<p>El actual Departamento de Antropolog\u00eda Social se ubica en la Facultad de Geograf\u00eda e Historia de la Universidad de Sevilla, donde participa de las cinco titulaciones de Grado que se imparten en este Centro: Antropolog\u00eda Social y Cultural, Historia, Geograf\u00eda y Gesti\u00f3n del Territorio, Historia del Arte y Arqueolog\u00eda. Adem\u00e1s, imparte una asignatura en el [&hellip;]<\/p>\n","protected":false},"author":1,"featured_media":0,"parent":0,"menu_order":0,"comment_status":"closed","ping_status":"closed","template":"","meta":{"footnotes":""},"_links":{"self":[{"href":"https:\/\/departamento.us.es\/antropologia\/wp-json\/wp\/v2\/pages\/63"}],"collection":[{"href":"https:\/\/departamento.us.es\/antropologia\/wp-json\/wp\/v2\/pages"}],"about":[{"href":"https:\/\/departamento.us.es\/antropologia\/wp-json\/wp\/v2\/types\/page"}],"author":[{"embeddable":true,"href":"https:\/\/departamento.us.es\/antropologia\/wp-json\/wp\/v2\/users\/1"}],"replies":[{"embeddable":true,"href":"https:\/\/departamento.us.es\/antropologia\/wp-json\/wp\/v2\/comments?post=63"}],"version-history":[{"count":10,"href":"https:\/\/departamento.us.es\/antropologia\/wp-json\/wp\/v2\/pages\/63\/revisions"}],"predecessor-version":[{"id":1333,"href":"https:\/\/departamento.us.es\/antropologia\/wp-json\/wp\/v2\/pages\/63\/revisions\/1333"}],"wp:attachment":[{"href":"https:\/\/departamento.us.es\/antropologia\/wp-json\/wp\/v2\/media?parent=63"}],"curies":[{"name":"wp","href":"https:\/\/api.w.org\/{rel}","templated":true}]}}