{"id":19540,"date":"2023-05-09T11:31:56","date_gmt":"2023-05-09T11:31:56","guid":{"rendered":"https:\/\/departamento.us.es\/daeep\/?page_id=19540"},"modified":"2026-03-27T10:25:13","modified_gmt":"2026-03-27T10:25:13","slug":"estudiantes","status":"publish","type":"page","link":"https:\/\/departamento.us.es\/daeep\/estudiantes\/","title":{"rendered":"Estudiantes"},"content":{"rendered":"[vc_row type=\u00bbfull_width_background\u00bb full_screen_row_position=\u00bbmiddle\u00bb column_margin=\u00bbdefault\u00bb column_direction=\u00bbdefault\u00bb column_direction_tablet=\u00bbdefault\u00bb column_direction_phone=\u00bbdefault\u00bb bg_color=\u00bb#f7f7f7&#8243; bg_image=\u00bb19752&#8243; bg_image_phone=\u00bb19750&#8243; bg_position=\u00bbleft top\u00bb background_image_loading=\u00bbdefault\u00bb bg_repeat=\u00bbno-repeat\u00bb scene_position=\u00bbcenter\u00bb text_color=\u00bbdark\u00bb text_align=\u00bbleft\u00bb row_border_radius=\u00bbnone\u00bb row_border_radius_applies=\u00bbbg\u00bb overflow=\u00bbvisible\u00bb advanced_gradient_angle=\u00bb0&#8243; overlay_strength=\u00bb0.3&#8243; gradient_direction=\u00bbleft_to_right\u00bb shape_divider_position=\u00bbbottom\u00bb bg_image_animation=\u00bbnone\u00bb shape_type=\u00bb\u00bb gradient_type=\u00bbdefault\u00bb][vc_column column_padding=\u00bbno-extra-padding\u00bb column_padding_tablet=\u00bbinherit\u00bb column_padding_phone=\u00bbinherit\u00bb column_padding_position=\u00bball\u00bb column_element_spacing=\u00bbdefault\u00bb background_color_opacity=\u00bb1&#8243; background_hover_color_opacity=\u00bb1&#8243; column_shadow=\u00bbnone\u00bb column_border_radius=\u00bbnone\u00bb column_link_target=\u00bb_self\u00bb column_position=\u00bbdefault\u00bb gradient_direction=\u00bbleft_to_right\u00bb overlay_strength=\u00bb0.3&#8243; width=\u00bb1\/1&#8243; tablet_width_inherit=\u00bbdefault\u00bb tablet_text_alignment=\u00bbdefault\u00bb phone_text_alignment=\u00bbdefault\u00bb animation_type=\u00bbdefault\u00bb bg_image_animation=\u00bbnone\u00bb border_type=\u00bbsimple\u00bb column_border_width=\u00bbnone\u00bb column_border_style=\u00bbsolid\u00bb][divider line_type=\u00bbNo Line\u00bb custom_height=\u00bb75&#8243;]<div id=\"ultimate-heading-987069e744e626c80\" class=\"uvc-heading ult-adjust-bottom-margin ultimate-heading-987069e744e626c80 uvc-9959 \" data-hspacer=\"line_only\"  data-halign=\"left\" style=\"text-align:left\"><div class=\"uvc-main-heading ult-responsive\"  data-ultimate-target='.uvc-heading.ultimate-heading-987069e744e626c80 h3'  data-responsive-json-new='{\"font-size\":\"\",\"line-height\":\"\"}' ><h3 style=\"font-weight:normal;\">PR\u00c1CTICAS EN EMPRESAS E INSTITUCIONES<\/h3><\/div><div class=\"uvc-heading-spacer line_only\" style=\"topheight:1px;\"><span class=\"uvc-headings-line\" style=\"border-style:solid;border-bottom-width:1px;border-color:#b71929;width:autopx;\"><\/span><\/div><\/div><div id=\"ultimate-heading-339869e744e626cbd\" class=\"uvc-heading ult-adjust-bottom-margin ultimate-heading-339869e744e626cbd uvc-5209 \" data-hspacer=\"no_spacer\"  data-halign=\"left\" style=\"text-align:left\"><div class=\"uvc-heading-spacer no_spacer\" style=\"top\"><\/div><div class=\"uvc-sub-heading ult-responsive\"  data-ultimate-target='.uvc-heading.ultimate-heading-339869e744e626cbd .uvc-sub-heading '  data-responsive-json-new='{\"font-size\":\"\",\"line-height\":\"\"}'  style=\"font-weight:normal;\"><a href=\"https:\/\/departamento.us.es\/daeep\/wp-content\/uploads\/2026\/02\/ASIGNACION-DE-TUTORES-DE-PRACTICAS-DERECHO-25-26.pdf\">ASIGNACI\u00d3N DE TUTORES DE PR\u00c1CTICAS FACULTAD DE DERECHO 2025-2026<\/a><\/div><\/div><div id=\"ultimate-heading-37769e744e626ceb\" class=\"uvc-heading ult-adjust-bottom-margin ultimate-heading-37769e744e626ceb uvc-8194 \" data-hspacer=\"no_spacer\"  data-halign=\"left\" style=\"text-align:left\"><div class=\"uvc-heading-spacer no_spacer\" style=\"top\"><\/div><div class=\"uvc-sub-heading ult-responsive\"  data-ultimate-target='.uvc-heading.ultimate-heading-37769e744e626ceb .uvc-sub-heading '  data-responsive-json-new='{\"font-size\":\"\",\"line-height\":\"\"}'  style=\"font-weight:normal;\"><a href=\"https:\/\/departamento.us.es\/daeep\/wp-content\/uploads\/2025\/11\/ASIGNACION-DE-TUTORES-DE-PRACTICAS-Ca-TRABAJO-25-26-LISTADO-PUBLICADO-1.pdf\">ASIGNACI\u00d3N DE TUTORES DE PR\u00c1CTICAS FACULTAD DE CIENCIAS DEL TRABAJO 2025-2026<\/a><\/div><\/div><div class=\"aio-icon-component    style_1\"><div id=\"Info-box-wrap-1203\" class=\"aio-icon-box default-icon\" style=\"\"  ><\/div> <!-- aio-icon-box --><\/div> <!-- aio-icon-component -->[divider line_type=\u00bbNo Line\u00bb custom_height=\u00bb50&#8243;][\/vc_column][\/vc_row][vc_row type=\u00bbfull_width_background\u00bb full_screen_row_position=\u00bbmiddle\u00bb column_margin=\u00bbdefault\u00bb column_direction=\u00bbdefault\u00bb column_direction_tablet=\u00bbdefault\u00bb column_direction_phone=\u00bbdefault\u00bb bg_color=\u00bb#f7f7f7&#8243; scene_position=\u00bbcenter\u00bb text_color=\u00bbdark\u00bb text_align=\u00bbleft\u00bb row_border_radius=\u00bbnone\u00bb row_border_radius_applies=\u00bbbg\u00bb overflow=\u00bbvisible\u00bb overlay_strength=\u00bb0.3&#8243; gradient_direction=\u00bbleft_to_right\u00bb shape_divider_position=\u00bbbottom\u00bb bg_image_animation=\u00bbnone\u00bb shape_type=\u00bb\u00bb][vc_column column_padding=\u00bbno-extra-padding\u00bb column_padding_tablet=\u00bbinherit\u00bb column_padding_phone=\u00bbinherit\u00bb column_padding_position=\u00bball\u00bb column_element_spacing=\u00bbdefault\u00bb background_color_opacity=\u00bb1&#8243; background_hover_color_opacity=\u00bb1&#8243; column_shadow=\u00bbnone\u00bb column_border_radius=\u00bbnone\u00bb column_link_target=\u00bb_self\u00bb column_position=\u00bbdefault\u00bb gradient_direction=\u00bbleft_to_right\u00bb overlay_strength=\u00bb0.3&#8243; width=\u00bb1\/1&#8243; tablet_width_inherit=\u00bbdefault\u00bb tablet_text_alignment=\u00bbdefault\u00bb phone_text_alignment=\u00bbdefault\u00bb animation_type=\u00bbdefault\u00bb bg_image_animation=\u00bbnone\u00bb border_type=\u00bbsimple\u00bb column_border_width=\u00bbnone\u00bb column_border_style=\u00bbsolid\u00bb][divider line_type=\u00bbNo Line\u00bb custom_height=\u00bb75&#8243;]<div id=\"ultimate-heading-626169e744e626e51\" class=\"uvc-heading ult-adjust-bottom-margin ultimate-heading-626169e744e626e51 uvc-3706 \" data-hspacer=\"line_only\"  data-halign=\"left\" style=\"text-align:left\"><div class=\"uvc-main-heading ult-responsive\"  data-ultimate-target='.uvc-heading.ultimate-heading-626169e744e626e51 h3'  data-responsive-json-new='{\"font-size\":\"\",\"line-height\":\"\"}' ><h3 style=\"font-weight:normal;\">ESTUDIANTES EN EL CONSEJO<\/h3><\/div><div class=\"uvc-heading-spacer line_only\" style=\"topheight:1px;\"><span class=\"uvc-headings-line\" style=\"border-style:solid;border-bottom-width:1px;border-color:#b71929;width:autopx;\"><\/span><\/div><\/div><div id=\"ultimate-heading-86969e744e626e74\" class=\"uvc-heading ult-adjust-bottom-margin ultimate-heading-86969e744e626e74 uvc-1759 \" data-hspacer=\"no_spacer\"  data-halign=\"left\" style=\"text-align:left\"><div class=\"uvc-heading-spacer no_spacer\" style=\"top\"><\/div><div class=\"uvc-sub-heading ult-responsive\"  data-ultimate-target='.uvc-heading.ultimate-heading-86969e744e626e74 .uvc-sub-heading '  data-responsive-json-new='{\"font-size\":\"\",\"line-height\":\"\"}'  style=\"font-weight:normal;\">\n<h4><a href=\"https:\/\/www.cadus.us.es\/consejo-de-departamento\/\">Normativa US<\/a><\/h4>\n<\/div><\/div><div class=\"aio-icon-component    style_1\"><div id=\"Info-box-wrap-3045\" class=\"aio-icon-box default-icon\" style=\"\"  ><div class=\"aio-icon-description ult-responsive\"  data-ultimate-target='#Info-box-wrap-3045 .aio-icon-description'  data-responsive-json-new='{\"font-size\":\"\",\"line-height\":\"\"}'  style=\"\">\n<ul>\n<li style=\"list-style-type: none;\">\n<ul>\n<li><a href=\"https:\/\/departamento.us.es\/daeep\/wp-content\/uploads\/2026\/03\/convocatoria-elecciones-representantes-alumnos-Consejo-Dpto-marzo26.pdf\">Convocatoria elecciones representantes Sector C Consejo de Departamento<\/a><\/li>\n<li><a href=\"https:\/\/departamento.us.es\/daeep\/wp-content\/uploads\/2026\/03\/Calendario-Electoral-est.pdf\">Calendario elecciones Sector C Consejo de Departamento<\/a><\/li>\n<li><i class=\"fa fa-file-pdf-o\" aria-hidden=\"true\"> <\/i> <a href=\"https:\/\/departamento.us.es\/daeep\/wp-content\/uploads\/2026\/03\/Modelo-de-Candidatura-Individual-1.docx\">Formulario candidatura Sector C Consejo de Departamento<\/a><\/li>\n<li><a href=\"https:\/\/departamento.us.es\/daeep\/wp-content\/uploads\/2026\/03\/candidaturas-provisionales_alumnos.pdf\">Candidaturas provisionales al Consejo de Departamento Sector C-elecciones 2026<\/a><\/li>\n<li><a href=\"https:\/\/departamento.us.es\/daeep\/wp-content\/uploads\/2026\/03\/candidaturas-definitivas_alumnos.pdf\" target=\"_blank\" rel=\"noopener\">Candidaturas definitivas al Consejo de Departamento Sector C-elecciones 2026<\/a><\/li>\n<li><i class=\"fa fa-file-pdf-o\" aria-hidden=\"true\"><\/i>Estudiantes Miembros del Consejo y de las Comisiones estatutarias del Departamento (actualizaci\u00f3n tras elecciones 2026)<\/li>\n<\/ul>\n<\/li>\n<\/ul>\n<\/div> <!-- description --><\/div> <!-- aio-icon-box --><\/div> <!-- aio-icon-component -->[divider line_type=\u00bbNo Line\u00bb custom_height=\u00bb50&#8243;][\/vc_column][\/vc_row][vc_row type=\u00bbfull_width_background\u00bb full_screen_row_position=\u00bbmiddle\u00bb column_margin=\u00bbdefault\u00bb column_direction=\u00bbdefault\u00bb column_direction_tablet=\u00bbdefault\u00bb column_direction_phone=\u00bbdefault\u00bb bg_color=\u00bb#efefef\u00bb scene_position=\u00bbcenter\u00bb text_color=\u00bbdark\u00bb text_align=\u00bbleft\u00bb row_border_radius=\u00bbnone\u00bb row_border_radius_applies=\u00bbbg\u00bb overflow=\u00bbvisible\u00bb overlay_strength=\u00bb0.3&#8243; gradient_direction=\u00bbleft_to_right\u00bb shape_divider_position=\u00bbbottom\u00bb bg_image_animation=\u00bbnone\u00bb shape_type=\u00bb\u00bb][vc_column column_padding=\u00bbno-extra-padding\u00bb column_padding_tablet=\u00bbinherit\u00bb column_padding_phone=\u00bbinherit\u00bb column_padding_position=\u00bball\u00bb column_element_spacing=\u00bbdefault\u00bb background_color_opacity=\u00bb1&#8243; background_hover_color_opacity=\u00bb1&#8243; column_shadow=\u00bbnone\u00bb column_border_radius=\u00bbnone\u00bb column_link_target=\u00bb_self\u00bb column_position=\u00bbdefault\u00bb gradient_direction=\u00bbleft_to_right\u00bb overlay_strength=\u00bb0.3&#8243; width=\u00bb1\/1&#8243; tablet_width_inherit=\u00bbdefault\u00bb tablet_text_alignment=\u00bbdefault\u00bb phone_text_alignment=\u00bbdefault\u00bb animation_type=\u00bbdefault\u00bb bg_image_animation=\u00bbnone\u00bb border_type=\u00bbsimple\u00bb column_border_width=\u00bbnone\u00bb column_border_style=\u00bbsolid\u00bb][divider line_type=\u00bbNo Line\u00bb custom_height=\u00bb75&#8243;]<div id=\"ultimate-heading-726269e744e626efa\" class=\"uvc-heading ult-adjust-bottom-margin ultimate-heading-726269e744e626efa uvc-4430 \" data-hspacer=\"line_only\"  data-halign=\"left\" style=\"text-align:left\"><div class=\"uvc-main-heading ult-responsive\"  data-ultimate-target='.uvc-heading.ultimate-heading-726269e744e626efa h3'  data-responsive-json-new='{\"font-size\":\"\",\"line-height\":\"\"}' ><h3 style=\"font-weight:normal;\">ESTUDIANTES INTERNOS<\/h3><\/div><div class=\"uvc-heading-spacer line_only\" style=\"topheight:1px;\"><span class=\"uvc-headings-line\" style=\"border-style:solid;border-bottom-width:1px;border-color:#b71929;width:autopx;\"><\/span><\/div><\/div><div id=\"ultimate-heading-942669e744e626f13\" class=\"uvc-heading ult-adjust-bottom-margin ultimate-heading-942669e744e626f13 uvc-8172 \" data-hspacer=\"no_spacer\"  data-halign=\"left\" style=\"text-align:left\"><div class=\"uvc-heading-spacer no_spacer\" style=\"top\"><\/div><div class=\"uvc-sub-heading ult-responsive\"  data-ultimate-target='.uvc-heading.ultimate-heading-942669e744e626f13 .uvc-sub-heading '  data-responsive-json-new='{\"font-size\":\"\",\"line-height\":\"\"}'  style=\"font-weight:normal;\">\n<h4><a href=\"https:\/\/departamento.us.es\/daeep\/wp-content\/uploads\/2020\/08\/Normativa-alumnos-internos-US.pdf\">Normativa US<\/a><\/h4>\n<\/div><\/div><div class=\"aio-icon-component    style_1\"><div id=\"Info-box-wrap-2473\" class=\"aio-icon-box default-icon\" style=\"\"  ><div class=\"aio-icon-description ult-responsive\"  data-ultimate-target='#Info-box-wrap-2473 .aio-icon-description'  data-responsive-json-new='{\"font-size\":\"\",\"line-height\":\"\"}'  style=\"\">\n<ul>\n<li style=\"list-style-type: none;\">\n<ul>\n<li><i class=\"fa fa-file-pdf-o\" aria-hidden=\"true\"> <\/i> <a href=\"https:\/\/departamento.us.es\/daeep\/wp-content\/uploads\/2020\/10\/Normativa-Estudiante-Interno.pdf\">Normativa del Departamento Estudiante Interno<\/a><\/li>\n<li><i class=\"fa fa-file-pdf-o\" aria-hidden=\"true\"> <\/i> <a href=\"https:\/\/departamento.us.es\/daeep\/wp-content\/uploads\/2025\/11\/Convocatoria-Alumnos-Internos-2025-2026.pdf\">Convocatoria Alumnos Internos 2025-2026<\/a><\/li>\n<li><i class=\"fa fa-file-pdf-o\" aria-hidden=\"true\"><\/i><a href=\"https:\/\/departamento.us.es\/daeep\/wp-content\/uploads\/2025\/11\/Solicitud-Alumnos-Internos_25-26_Anexo-I.pdf\">Anexo I: solicitud de participaci\u00f3n en los proyectos ofertados 2025-2026<\/a><\/li>\n<li><a href=\"https:\/\/departamento.us.es\/daeep\/wp-content\/uploads\/2025\/11\/Acta-resolucion-alumnos-internos-25-26.pdf\">Resoluci\u00f3n convocatoria alumnos internos 2025-2026<\/a><\/li>\n<\/ul>\n<\/li>\n<\/ul>\n<\/div> <!-- description --><\/div> <!-- aio-icon-box --><\/div> <!-- aio-icon-component -->[divider line_type=\u00bbNo Line\u00bb custom_height=\u00bb50&#8243;][\/vc_column][\/vc_row][vc_row type=\u00bbfull_width_background\u00bb full_screen_row_position=\u00bbmiddle\u00bb column_margin=\u00bbdefault\u00bb column_direction=\u00bbdefault\u00bb column_direction_tablet=\u00bbdefault\u00bb column_direction_phone=\u00bbdefault\u00bb bg_color=\u00bb#f7f7f7&#8243; scene_position=\u00bbcenter\u00bb text_color=\u00bbdark\u00bb text_align=\u00bbleft\u00bb row_border_radius=\u00bbnone\u00bb row_border_radius_applies=\u00bbbg\u00bb overflow=\u00bbvisible\u00bb overlay_strength=\u00bb0.3&#8243; gradient_direction=\u00bbleft_to_right\u00bb shape_divider_position=\u00bbbottom\u00bb bg_image_animation=\u00bbnone\u00bb shape_type=\u00bb\u00bb][vc_column column_padding=\u00bbno-extra-padding\u00bb column_padding_tablet=\u00bbinherit\u00bb column_padding_phone=\u00bbinherit\u00bb column_padding_position=\u00bball\u00bb column_element_spacing=\u00bbdefault\u00bb background_color_opacity=\u00bb1&#8243; background_hover_color_opacity=\u00bb1&#8243; column_shadow=\u00bbnone\u00bb column_border_radius=\u00bbnone\u00bb column_link_target=\u00bb_self\u00bb column_position=\u00bbdefault\u00bb gradient_direction=\u00bbleft_to_right\u00bb overlay_strength=\u00bb0.3&#8243; width=\u00bb1\/1&#8243; tablet_width_inherit=\u00bbdefault\u00bb tablet_text_alignment=\u00bbdefault\u00bb phone_text_alignment=\u00bbdefault\u00bb animation_type=\u00bbdefault\u00bb bg_image_animation=\u00bbnone\u00bb border_type=\u00bbsimple\u00bb column_border_width=\u00bbnone\u00bb column_border_style=\u00bbsolid\u00bb][divider line_type=\u00bbNo Line\u00bb custom_height=\u00bb75&#8243;]<div id=\"ultimate-heading-780569e744e626f82\" class=\"uvc-heading ult-adjust-bottom-margin ultimate-heading-780569e744e626f82 uvc-3711 \" data-hspacer=\"line_only\"  data-halign=\"left\" style=\"text-align:left\"><div class=\"uvc-main-heading ult-responsive\"  data-ultimate-target='.uvc-heading.ultimate-heading-780569e744e626f82 h3'  data-responsive-json-new='{\"font-size\":\"\",\"line-height\":\"\"}' ><h3 style=\"font-weight:normal;\">BECAS DE COLABORACI\u00d3N E INICIACI\u00d3N A LA INVESTIGACI\u00d3N<\/h3><\/div><div class=\"uvc-heading-spacer line_only\" style=\"topheight:1px;\"><span class=\"uvc-headings-line\" style=\"border-style:solid;border-bottom-width:1px;border-color:#b71929;width:autopx;\"><\/span><\/div><\/div><div id=\"ultimate-heading-319469e744e626f9a\" class=\"uvc-heading ult-adjust-bottom-margin ultimate-heading-319469e744e626f9a uvc-7366 \" data-hspacer=\"no_spacer\"  data-halign=\"left\" style=\"text-align:left\"><div class=\"uvc-heading-spacer no_spacer\" style=\"top\"><\/div><div class=\"uvc-sub-heading ult-responsive\"  data-ultimate-target='.uvc-heading.ultimate-heading-319469e744e626f9a .uvc-sub-heading '  data-responsive-json-new='{\"font-size\":\"\",\"line-height\":\"\"}'  style=\"font-weight:normal;\">\n<h4>Convocatoria Becas iniciaci\u00f3n a la investigaci\u00f3n<\/h4>\n<\/div><\/div><div class=\"aio-icon-component    style_1\"><div id=\"Info-box-wrap-3751\" class=\"aio-icon-box default-icon\" style=\"\"  ><div class=\"aio-icon-description ult-responsive\"  data-ultimate-target='#Info-box-wrap-3751 .aio-icon-description'  data-responsive-json-new='{\"font-size\":\"\",\"line-height\":\"\"}'  style=\"\">\n<ul>\n<li style=\"list-style-type: none;\">\n<ul>\n<li><i class=\"fa fa-file-pdf-o\" aria-hidden=\"true\"> <\/i> <a href=\"https:\/\/departamento.us.es\/daeep\/wp-content\/uploads\/2020\/10\/Estudiantes-con-Becas-de-Colaboracion.pdf\">Estudiantes con Becas de Colaboraci\u00f3n<\/a><\/li>\n<\/ul>\n<\/li>\n<\/ul>\n<\/div> <!-- description --><\/div> <!-- aio-icon-box --><\/div> <!-- aio-icon-component -->[divider line_type=\u00bbNo Line\u00bb custom_height=\u00bb50&#8243;][\/vc_column][\/vc_row][vc_row type=\u00bbfull_width_background\u00bb full_screen_row_position=\u00bbmiddle\u00bb column_margin=\u00bbdefault\u00bb column_direction=\u00bbdefault\u00bb column_direction_tablet=\u00bbdefault\u00bb column_direction_phone=\u00bbdefault\u00bb bg_color=\u00bb#efefef\u00bb scene_position=\u00bbcenter\u00bb text_color=\u00bbdark\u00bb text_align=\u00bbleft\u00bb row_border_radius=\u00bbnone\u00bb row_border_radius_applies=\u00bbbg\u00bb overflow=\u00bbvisible\u00bb overlay_strength=\u00bb0.3&#8243; gradient_direction=\u00bbleft_to_right\u00bb shape_divider_position=\u00bbbottom\u00bb bg_image_animation=\u00bbnone\u00bb shape_type=\u00bb\u00bb][vc_column column_padding=\u00bbno-extra-padding\u00bb column_padding_tablet=\u00bbinherit\u00bb column_padding_phone=\u00bbinherit\u00bb column_padding_position=\u00bball\u00bb column_element_spacing=\u00bbdefault\u00bb background_color_opacity=\u00bb1&#8243; background_hover_color_opacity=\u00bb1&#8243; column_shadow=\u00bbnone\u00bb column_border_radius=\u00bbnone\u00bb column_link_target=\u00bb_self\u00bb column_position=\u00bbdefault\u00bb gradient_direction=\u00bbleft_to_right\u00bb overlay_strength=\u00bb0.3&#8243; width=\u00bb1\/1&#8243; tablet_width_inherit=\u00bbdefault\u00bb tablet_text_alignment=\u00bbdefault\u00bb phone_text_alignment=\u00bbdefault\u00bb animation_type=\u00bbdefault\u00bb bg_image_animation=\u00bbnone\u00bb border_type=\u00bbsimple\u00bb column_border_width=\u00bbnone\u00bb column_border_style=\u00bbsolid\u00bb][divider line_type=\u00bbNo Line\u00bb custom_height=\u00bb75&#8243;]<div id=\"ultimate-heading-657069e744e627001\" class=\"uvc-heading ult-adjust-bottom-margin ultimate-heading-657069e744e627001 uvc-869 \" data-hspacer=\"line_only\"  data-halign=\"left\" style=\"text-align:left\"><div class=\"uvc-main-heading ult-responsive\"  data-ultimate-target='.uvc-heading.ultimate-heading-657069e744e627001 h3'  data-responsive-json-new='{\"font-size\":\"\",\"line-height\":\"\"}' ><h3 style=\"font-weight:normal;\">PREMIO AL MEJOR TRABAJO TRABAJO FIN DE MASTER<\/h3><\/div><div class=\"uvc-heading-spacer line_only\" style=\"topheight:1px;\"><span class=\"uvc-headings-line\" style=\"border-style:solid;border-bottom-width:1px;border-color:#b71929;width:autopx;\"><\/span><\/div><\/div><div id=\"ultimate-heading-608469e744e627019\" class=\"uvc-heading ult-adjust-bottom-margin ultimate-heading-608469e744e627019 uvc-6419 \" data-hspacer=\"no_spacer\"  data-halign=\"left\" style=\"text-align:left\"><div class=\"uvc-heading-spacer no_spacer\" style=\"top\"><\/div><\/div><div class=\"aio-icon-component    style_1\"><div id=\"Info-box-wrap-1046\" class=\"aio-icon-box default-icon\" style=\"\"  ><div class=\"aio-icon-description ult-responsive\"  data-ultimate-target='#Info-box-wrap-1046 .aio-icon-description'  data-responsive-json-new='{\"font-size\":\"\",\"line-height\":\"\"}'  style=\"\">\n<ul>\n<li><a href=\"https:\/\/departamento.us.es\/daeep\/wp-content\/uploads\/2024\/05\/Convocatoria_Premio_Mejor_TFM_2024.pdf\">Convocatoria_Premio_Mejor_TFM_2024<\/a><\/li>\n<li><a href=\"https:\/\/departamento.us.es\/daeep\/wp-content\/uploads\/2024\/05\/ANEXO-CONVOCATORIA-DEL-PREMIO-MEJOR-TFM-2024.docx\">ANEXO CONVOCATORIA DEL PREMIO MEJOR TFM 2024<\/a><\/li>\n<\/ul>\n<\/div> <!-- description --><\/div> <!-- aio-icon-box --><\/div> <!-- aio-icon-component -->[divider line_type=\u00bbNo Line\u00bb custom_height=\u00bb50&#8243;][\/vc_column][\/vc_row][vc_row type=\u00bbin_container\u00bb full_screen_row_position=\u00bbmiddle\u00bb column_margin=\u00bbdefault\u00bb column_direction=\u00bbdefault\u00bb column_direction_tablet=\u00bbdefault\u00bb column_direction_phone=\u00bbdefault\u00bb scene_position=\u00bbcenter\u00bb text_color=\u00bbdark\u00bb text_align=\u00bbleft\u00bb row_border_radius=\u00bbnone\u00bb row_border_radius_applies=\u00bbbg\u00bb overflow=\u00bbvisible\u00bb overlay_strength=\u00bb0.3&#8243; gradient_direction=\u00bbleft_to_right\u00bb shape_divider_position=\u00bbbottom\u00bb bg_image_animation=\u00bbnone\u00bb][vc_column column_padding=\u00bbno-extra-padding\u00bb column_padding_tablet=\u00bbinherit\u00bb column_padding_phone=\u00bbinherit\u00bb column_padding_position=\u00bball\u00bb column_element_spacing=\u00bbdefault\u00bb background_color_opacity=\u00bb1&#8243; background_hover_color_opacity=\u00bb1&#8243; column_shadow=\u00bbnone\u00bb column_border_radius=\u00bbnone\u00bb column_link_target=\u00bb_self\u00bb column_position=\u00bbdefault\u00bb gradient_direction=\u00bbleft_to_right\u00bb overlay_strength=\u00bb0.3&#8243; width=\u00bb1\/1&#8243; tablet_width_inherit=\u00bbdefault\u00bb tablet_text_alignment=\u00bbdefault\u00bb phone_text_alignment=\u00bbdefault\u00bb animation_type=\u00bbdefault\u00bb bg_image_animation=\u00bbnone\u00bb border_type=\u00bbsimple\u00bb column_border_width=\u00bbnone\u00bb column_border_style=\u00bbsolid\u00bb][divider line_type=\u00bbNo Line\u00bb custom_height=\u00bb75&#8243;]<div id=\"ultimate-heading-180669e744e62707c\" class=\"uvc-heading ult-adjust-bottom-margin ultimate-heading-180669e744e62707c uvc-1190 \" data-hspacer=\"line_only\"  data-halign=\"left\" style=\"text-align:left\"><div class=\"uvc-main-heading ult-responsive\"  data-ultimate-target='.uvc-heading.ultimate-heading-180669e744e62707c h3'  data-responsive-json-new='{\"font-size\":\"\",\"line-height\":\"\"}' ><h3 style=\"font-weight:normal;\">PREMIO AL MEJOR TRABAJO FIN DE GRADO<\/h3><\/div><div class=\"uvc-heading-spacer line_only\" style=\"topheight:1px;\"><span class=\"uvc-headings-line\" style=\"border-style:solid;border-bottom-width:1px;border-color:#b71929;width:autopx;\"><\/span><\/div><\/div><div class=\"aio-icon-component    style_1\"><div id=\"Info-box-wrap-9019\" class=\"aio-icon-box default-icon\" style=\"\"  ><div class=\"aio-icon-description ult-responsive\"  data-ultimate-target='#Info-box-wrap-9019 .aio-icon-description'  data-responsive-json-new='{\"font-size\":\"\",\"line-height\":\"\"}'  style=\"\">\n<ul>\n<li><i class=\"fa fa-file-pdf-o\" aria-hidden=\"true\"> <\/i> <a href=\"https:\/\/uses0-my.sharepoint.com\/:b:\/g\/personal\/mercas_us_es\/ETX7WroJX2VNnRx2Mu6A-RUBsUX-UxztRwY0KLsO8fEWQQ?e=HyqiXi\" target=\"_blank\" rel=\"noopener\">Convocatoria Premio al mejor_TFG_curso 2024-2025<\/a><\/li>\n<li><a href=\"https:\/\/uses0-my.sharepoint.com\/:w:\/g\/personal\/mercas_us_es\/EdeKWaj-fDFLrrUpdyFUfhQBy_zoEXnnvuKumxbCPq-iWA?e=ECw5Ae\">Anexo Convocatoria Premio al mejor TFG curso 2024-2025<\/a><\/li>\n<li><a href=\"https:\/\/departamento.us.es\/daeep\/wp-content\/uploads\/2025\/11\/resolucion-premio-TFG-2025.report-1.pdf\">Resoluci\u00f3n Premio al mejor TFG curso 2024-2025<\/a><\/li>\n<\/ul>\n<\/div> <!-- description --><\/div> <!-- aio-icon-box --><\/div> <!-- aio-icon-component -->[divider line_type=\u00bbNo Line\u00bb custom_height=\u00bb75&#8243;][\/vc_column][\/vc_row]\n","protected":false},"excerpt":{"rendered":"<p>[vc_row type=\u00bbfull_width_background\u00bb full_screen_row_position=\u00bbmiddle\u00bb column_margin=\u00bbdefault\u00bb column_direction=\u00bbdefault\u00bb column_direction_tablet=\u00bbdefault\u00bb column_direction_phone=\u00bbdefault\u00bb bg_color=\u00bb#f7f7f7&#8243; bg_image=\u00bb19752&#8243; bg_image_phone=\u00bb19750&#8243; bg_position=\u00bbleft top\u00bb background_image_loading=\u00bbdefault\u00bb bg_repeat=\u00bbno-repeat\u00bb scene_position=\u00bbcenter\u00bb text_color=\u00bbdark\u00bb text_align=\u00bbleft\u00bb row_border_radius=\u00bbnone\u00bb row_border_radius_applies=\u00bbbg\u00bb overflow=\u00bbvisible\u00bb advanced_gradient_angle=\u00bb0&#8243; overlay_strength=\u00bb0.3&#8243; gradient_direction=\u00bbleft_to_right\u00bb shape_divider_position=\u00bbbottom\u00bb bg_image_animation=\u00bbnone\u00bb shape_type=\u00bb\u00bb gradient_type=\u00bbdefault\u00bb][vc_column column_padding=\u00bbno-extra-padding\u00bb column_padding_tablet=\u00bbinherit\u00bb column_padding_phone=\u00bbinherit\u00bb column_padding_position=\u00bball\u00bb column_element_spacing=\u00bbdefault\u00bb background_color_opacity=\u00bb1&#8243; background_hover_color_opacity=\u00bb1&#8243; column_shadow=\u00bbnone\u00bb column_border_radius=\u00bbnone\u00bb column_link_target=\u00bb_self\u00bb column_position=\u00bbdefault\u00bb gradient_direction=\u00bbleft_to_right\u00bb overlay_strength=\u00bb0.3&#8243; width=\u00bb1\/1&#8243; tablet_width_inherit=\u00bbdefault\u00bb tablet_text_alignment=\u00bbdefault\u00bb phone_text_alignment=\u00bbdefault\u00bb animation_type=\u00bbdefault\u00bb bg_image_animation=\u00bbnone\u00bb border_type=\u00bbsimple\u00bb column_border_width=\u00bbnone\u00bb column_border_style=\u00bbsolid\u00bb][divider line_type=\u00bbNo Line\u00bb custom_height=\u00bb75&#8243;][divider line_type=\u00bbNo Line\u00bb custom_height=\u00bb50&#8243;][\/vc_column][\/vc_row][vc_row type=\u00bbfull_width_background\u00bb full_screen_row_position=\u00bbmiddle\u00bb column_margin=\u00bbdefault\u00bb column_direction=\u00bbdefault\u00bb column_direction_tablet=\u00bbdefault\u00bb&#8230;<\/p>\n","protected":false},"author":6,"featured_media":0,"parent":0,"menu_order":0,"comment_status":"closed","ping_status":"closed","template":"","meta":[],"_links":{"self":[{"href":"https:\/\/departamento.us.es\/daeep\/wp-json\/wp\/v2\/pages\/19540"}],"collection":[{"href":"https:\/\/departamento.us.es\/daeep\/wp-json\/wp\/v2\/pages"}],"about":[{"href":"https:\/\/departamento.us.es\/daeep\/wp-json\/wp\/v2\/types\/page"}],"author":[{"embeddable":true,"href":"https:\/\/departamento.us.es\/daeep\/wp-json\/wp\/v2\/users\/6"}],"replies":[{"embeddable":true,"href":"https:\/\/departamento.us.es\/daeep\/wp-json\/wp\/v2\/comments?post=19540"}],"version-history":[{"count":57,"href":"https:\/\/departamento.us.es\/daeep\/wp-json\/wp\/v2\/pages\/19540\/revisions"}],"predecessor-version":[{"id":20041,"href":"https:\/\/departamento.us.es\/daeep\/wp-json\/wp\/v2\/pages\/19540\/revisions\/20041"}],"wp:attachment":[{"href":"https:\/\/departamento.us.es\/daeep\/wp-json\/wp\/v2\/media?parent=19540"}],"curies":[{"name":"wp","href":"https:\/\/api.w.org\/{rel}","templated":true}]}}