{"id":3010,"date":"2025-07-23T10:03:29","date_gmt":"2025-07-23T10:03:29","guid":{"rendered":"https:\/\/departamento.us.es\/newdavo\/?page_id=3010"},"modified":"2025-09-30T09:34:30","modified_gmt":"2025-09-30T09:34:30","slug":"profesorado","status":"publish","type":"page","link":"https:\/\/departamento.us.es\/davo\/estructura\/profesorado\/","title":{"rendered":"Profesorado"},"content":{"rendered":"\t\t<div data-elementor-type=\"wp-page\" data-elementor-id=\"3010\" class=\"elementor elementor-3010\" data-elementor-post-type=\"page\">\n\t\t\t\t<div class=\"elementor-element elementor-element-6966c16 e-flex e-con-boxed e-con e-parent\" data-id=\"6966c16\" data-element_type=\"container\">\n\t\t\t\t\t<div class=\"e-con-inner\">\n\t\t\t\t<div class=\"elementor-element elementor-element-c3e24d8 elementor-widget elementor-widget-text-editor\" data-id=\"c3e24d8\" data-element_type=\"widget\" data-widget_type=\"text-editor.default\">\n\t\t\t\t<div class=\"elementor-widget-container\">\n\t\t\t\t\t\t\t\t\t<p><a href=\"https:\/\/www.us.es\/trabaja-en-la-us\/directorio\/noel-jesus-armas-castilla\" target=\"_blank\" rel=\"noopener\">ARMAS CASTILLA, NOEL JES\u00daS<\/a><\/p><p><a href=\"https:\/\/www.us.es\/trabaja-en-la-us\/directorio\/concepcion-barrero-rodriguez\" target=\"_blank\" rel=\"noopener\">BARRERO RODR\u00cdGUEZ, CONCEPCI\u00d3N<\/a><\/p><p><a href=\"https:\/\/www.us.es\/trabaja-en-la-us\/directorio\/jose-antonio-bonilla-ruiz\" target=\"_blank\" rel=\"noopener\">BONILLA RUIZ, JOS\u00c9 ANTONIO<\/a><\/p><p><a href=\"https:\/\/www.us.es\/trabaja-en-la-us\/directorio\/maria-del-mar-caraza-cristin\" target=\"_blank\" rel=\"noopener\">CARAZA CRIST\u00cdN, M\u00aa DEL MAR<\/a><\/p><p><a href=\"https:\/\/www.us.es\/trabaja-en-la-us\/directorio\/juan-antonio-carrillo-donaire\" target=\"_blank\" rel=\"noopener\">CARRILLO DONAIRE, JUAN ANTONIO<\/a><\/p><p><a href=\"https:\/\/www.us.es\/trabaja-en-la-us\/directorio\/eduardo-manuel-caruz-arcos\" target=\"_blank\" rel=\"noopener\">CARUZ ARCOS, EDUARDO<\/a><\/p><p><a href=\"https:\/\/www.us.es\/trabaja-en-la-us\/directorio\/jeronimo-castilla-guerra-0\" target=\"_blank\" rel=\"noopener\">CASTILLA GUERRA, JER\u00d3NIMO<\/a><\/p><p><a href=\"https:\/\/www.us.es\/trabaja-en-la-us\/directorio\/elena-enrique-lopez\" target=\"_blank\" rel=\"noopener\">ENRIQUE L\u00d3PEZ, ELENA<\/a><\/p><p><a href=\"https:\/\/www.us.es\/trabaja-en-la-us\/directorio\/antonio-luis-faya-barrios\" target=\"_blank\" rel=\"noopener\">FAYA BARRIOS, ANTONIO LUIS<\/a><\/p><p><a href=\"https:\/\/www.us.es\/trabaja-en-la-us\/directorio\/jose-manuel-fernandez-luque\" target=\"_blank\" rel=\"noopener\">FERN\u00c1NDEZ LUQUE, JOS\u00c9 MANUEL<\/a><\/p><p><a href=\"https:\/\/www.us.es\/trabaja-en-la-us\/directorio\/ma-de-los-angeles-fernandez-scagliusi\" target=\"_blank\" rel=\"noopener\">FERN\u00c1NDEZ SCAGLIUSI, M\u00aa \u00c1NGELES<\/a><\/p><p><a href=\"https:\/\/www.us.es\/trabaja-en-la-us\/directorio\/domingo-fernandez-tubio\" target=\"_blank\" rel=\"noopener\">FERN\u00c1NDEZ TUB\u00cdO, DOMINGO<\/a><\/p><p><a href=\"https:\/\/www.us.es\/trabaja-en-la-us\/directorio\/carlos-jose-galan-vioque\" target=\"_blank\" rel=\"noopener\">GAL\u00c1N VIOQUE, CARLOS JOS\u00c9<\/a><\/p><p><a href=\"https:\/\/www.us.es\/trabaja-en-la-us\/directorio\/roberto-rafael-galan-vioque\" target=\"_blank\" rel=\"noopener\">GAL\u00c1N VIOQUE, ROBERTO RAFAEL<\/a><\/p><p><a href=\"https:\/\/www.us.es\/trabaja-en-la-us\/directorio\/maria-jesus-gomez-rossi\" target=\"_blank\" rel=\"noopener\">GOMEZ ROSSI, M\u00aa JES\u00daS<\/a><\/p><p><a href=\"https:\/\/www.us.es\/trabaja-en-la-us\/directorio\/emilio-guichot-reina\" target=\"_blank\" rel=\"noopener\">GUICHOT REINA, EMILIO<\/a><\/p><p><a href=\"https:\/\/www.us.es\/trabaja-en-la-us\/directorio\/concepcion-horgue-baena-0\" target=\"_blank\" rel=\"noopener\">HORGU\u00c9 BAENA, CONCEPCI\u00d3N<\/a><\/p><p><a href=\"https:\/\/www.us.es\/trabaja-en-la-us\/directorio\/jesus-jordano-fraga\" target=\"_blank\" rel=\"noopener\">JORDANO FRAGA, JES\u00daS<\/a><\/p><p><a href=\"https:\/\/www.us.es\/trabaja-en-la-us\/directorio\/jose-vicente-lorenzo-jimenez\" target=\"_blank\" rel=\"noopener\">LORENZO JIM\u00c9NEZ, JOS\u00c9 VICENTE<\/a><\/p><p><a href=\"https:\/\/www.us.es\/trabaja-en-la-us\/directorio\/carlos-mingorance-martin\" target=\"_blank\" rel=\"noopener\">MINGORANCE MART\u00cdN, CARLOS<\/a><\/p><p><a href=\"https:\/\/www.us.es\/trabaja-en-la-us\/directorio\/encarnacion-montoya-martin\" target=\"_blank\" rel=\"noopener\">MONTOYA MART\u00cdN, ENCARNACI\u00d3N<\/a><\/p><p><a href=\"https:\/\/www.us.es\/trabaja-en-la-us\/directorio\/maria-carmen-ortiz-de-tena\" target=\"_blank\" rel=\"noopener\">ORTIZ DE TENA, M\u00aa DEL CARMEN<\/a><\/p><p><a href=\"https:\/\/www.us.es\/trabaja-en-la-us\/directorio\/elena-maria-oviedo-moral\" target=\"_blank\" rel=\"noopener\">OVIEDO MORAL, ELENA<\/a><\/p><p><a href=\"https:\/\/www.us.es\/trabaja-en-la-us\/directorio\/antonio-alfonso-perez-andres\" target=\"_blank\" rel=\"noopener\">P\u00c9REZ ANDR\u00c9S, ANTONIO ALFONSO<\/a><\/p><p><a href=\"https:\/\/www.us.es\/trabaja-en-la-us\/directorio\/eloisa-perez-andres\" target=\"_blank\" rel=\"noopener\">PEREZ ANDR\u00c9S, ELOISA<\/a><\/p><p><a href=\"https:\/\/www.us.es\/trabaja-en-la-us\/directorio\/alejandro-roman-marquez\" target=\"_blank\" rel=\"noopener\">ROM\u00c1N M\u00c1RQUEZ, ALEJANDRO<\/a><\/p><p><a href=\"https:\/\/www.us.es\/trabaja-en-la-us\/directorio\/carmen-romero-nevado\" target=\"_blank\" rel=\"noopener\">ROMERO NEVADO, CARMEN<\/a><\/p><p><a href=\"https:\/\/www.us.es\/trabaja-en-la-us\/directorio\/eduardo-romero-solis\" target=\"_blank\" rel=\"noopener\">ROMERO SOL\u00cdS, EDUARDO<\/a><\/p><p><a href=\"https:\/\/www.us.es\/trabaja-en-la-us\/directorio\/irene-maria-ruiz-olmo\" target=\"_blank\" rel=\"noopener\">RUIZ OLMO, IRENE MAR\u00cdA<\/a><\/p><p><a href=\"https:\/\/www.us.es\/trabaja-en-la-us\/directorio\/antonio-jose-sanchez-saez\" target=\"_blank\" rel=\"noopener\">S\u00c1NCHEZ S\u00c1EZ, ANTONIO JOS\u00c9<\/a><\/p><p><a href=\"https:\/\/www.us.es\/trabaja-en-la-us\/directorio\/hugo-santos-gil\" target=\"_blank\" rel=\"noopener\">SANTOS GIL, HUGO<\/a><\/p><p><a href=\"https:\/\/www.us.es\/trabaja-en-la-us\/directorio\/carlos-sanz-dominguez\" target=\"_blank\" rel=\"noopener\">SANZ DOMINGUEZ, CARLOS<\/a><\/p>\t\t\t\t\t\t\t\t<\/div>\n\t\t\t\t<\/div>\n\t\t\t\t\t<\/div>\n\t\t\t\t<\/div>\n\t\t\t\t<\/div>\n\t\t","protected":false},"excerpt":{"rendered":"<p>ARMAS CASTILLA, NOEL JES\u00daS BARRERO RODR\u00cdGUEZ, CONCEPCI\u00d3N BONILLA RUIZ, JOS\u00c9 ANTONIO CARAZA CRIST\u00cdN, M\u00aa DEL MAR CARRILLO DONAIRE, JUAN ANTONIO CARUZ ARCOS, EDUARDO CASTILLA GUERRA, JER\u00d3NIMO ENRIQUE L\u00d3PEZ, ELENA FAYA BARRIOS, ANTONIO LUIS FERN\u00c1NDEZ LUQUE, JOS\u00c9 MANUEL FERN\u00c1NDEZ SCAGLIUSI, M\u00aa \u00c1NGELES FERN\u00c1NDEZ TUB\u00cdO, DOMINGO GAL\u00c1N VIOQUE, CARLOS JOS\u00c9 GAL\u00c1N VIOQUE, ROBERTO RAFAEL GOMEZ ROSSI, M\u00aa [&hellip;]<\/p>\n","protected":false},"author":7,"featured_media":0,"parent":3005,"menu_order":0,"comment_status":"closed","ping_status":"closed","template":"","meta":{"footnotes":""},"class_list":["post-3010","page","type-page","status-publish","hentry"],"yoast_head":"<!-- This site is optimized with the Yoast SEO plugin v26.2 - https:\/\/yoast.com\/wordpress\/plugins\/seo\/ -->\n<title>Profesorado - Departamento de Derecho Administrativo<\/title>\n<meta name=\"robots\" content=\"index, follow, max-snippet:-1, max-image-preview:large, max-video-preview:-1\" \/>\n<link rel=\"canonical\" href=\"https:\/\/departamento.us.es\/davo\/estructura\/profesorado\/\" \/>\n<meta property=\"og:locale\" content=\"es_ES\" \/>\n<meta property=\"og:type\" content=\"article\" \/>\n<meta property=\"og:title\" content=\"Profesorado - Departamento de Derecho Administrativo\" \/>\n<meta property=\"og:description\" content=\"ARMAS CASTILLA, NOEL JES\u00daS BARRERO RODR\u00cdGUEZ, CONCEPCI\u00d3N BONILLA RUIZ, JOS\u00c9 ANTONIO CARAZA CRIST\u00cdN, M\u00aa DEL MAR CARRILLO DONAIRE, JUAN ANTONIO CARUZ ARCOS, EDUARDO CASTILLA GUERRA, JER\u00d3NIMO ENRIQUE L\u00d3PEZ, ELENA FAYA BARRIOS, ANTONIO LUIS FERN\u00c1NDEZ LUQUE, JOS\u00c9 MANUEL FERN\u00c1NDEZ SCAGLIUSI, M\u00aa \u00c1NGELES FERN\u00c1NDEZ TUB\u00cdO, DOMINGO GAL\u00c1N VIOQUE, CARLOS JOS\u00c9 GAL\u00c1N VIOQUE, ROBERTO RAFAEL GOMEZ ROSSI, M\u00aa [&hellip;]\" \/>\n<meta property=\"og:url\" content=\"https:\/\/departamento.us.es\/davo\/estructura\/profesorado\/\" \/>\n<meta property=\"og:site_name\" content=\"Departamento de Derecho Administrativo\" \/>\n<meta property=\"article:modified_time\" content=\"2025-09-30T09:34:30+00:00\" \/>\n<meta name=\"twitter:card\" content=\"summary_large_image\" \/>\n<meta name=\"twitter:label1\" content=\"Tiempo de lectura\" \/>\n\t<meta name=\"twitter:data1\" content=\"1 minuto\" \/>\n<script type=\"application\/ld+json\" class=\"yoast-schema-graph\">{\"@context\":\"https:\/\/schema.org\",\"@graph\":[{\"@type\":\"WebPage\",\"@id\":\"https:\/\/departamento.us.es\/davo\/estructura\/profesorado\/\",\"url\":\"https:\/\/departamento.us.es\/davo\/estructura\/profesorado\/\",\"name\":\"Profesorado - Departamento de Derecho Administrativo\",\"isPartOf\":{\"@id\":\"https:\/\/departamento.us.es\/newdavo\/#website\"},\"datePublished\":\"2025-07-23T10:03:29+00:00\",\"dateModified\":\"2025-09-30T09:34:30+00:00\",\"breadcrumb\":{\"@id\":\"https:\/\/departamento.us.es\/davo\/estructura\/profesorado\/#breadcrumb\"},\"inLanguage\":\"es\",\"potentialAction\":[{\"@type\":\"ReadAction\",\"target\":[\"https:\/\/departamento.us.es\/davo\/estructura\/profesorado\/\"]}]},{\"@type\":\"BreadcrumbList\",\"@id\":\"https:\/\/departamento.us.es\/davo\/estructura\/profesorado\/#breadcrumb\",\"itemListElement\":[{\"@type\":\"ListItem\",\"position\":1,\"name\":\"Inicio\",\"item\":\"https:\/\/departamento.us.es\/davo\/\"},{\"@type\":\"ListItem\",\"position\":2,\"name\":\"Estructura\",\"item\":\"https:\/\/departamento.us.es\/newdavo\/estructura\/\"},{\"@type\":\"ListItem\",\"position\":3,\"name\":\"Profesorado\"}]},{\"@type\":\"WebSite\",\"@id\":\"https:\/\/departamento.us.es\/newdavo\/#website\",\"url\":\"https:\/\/departamento.us.es\/newdavo\/\",\"name\":\"Departamento de Derecho Administrativo\",\"description\":\"Facultad de Derecho - Universidad de Sevilla\",\"publisher\":{\"@id\":\"https:\/\/departamento.us.es\/newdavo\/#organization\"},\"potentialAction\":[{\"@type\":\"SearchAction\",\"target\":{\"@type\":\"EntryPoint\",\"urlTemplate\":\"https:\/\/departamento.us.es\/newdavo\/?s={search_term_string}\"},\"query-input\":{\"@type\":\"PropertyValueSpecification\",\"valueRequired\":true,\"valueName\":\"search_term_string\"}}],\"inLanguage\":\"es\"},{\"@type\":\"Organization\",\"@id\":\"https:\/\/departamento.us.es\/newdavo\/#organization\",\"name\":\"Departamento de Ciencias Jur\u00eddicas B\u00e1sicas\",\"url\":\"https:\/\/departamento.us.es\/newdavo\/\",\"logo\":{\"@type\":\"ImageObject\",\"inLanguage\":\"es\",\"@id\":\"https:\/\/departamento.us.es\/newdavo\/#\/schema\/logo\/image\/\",\"url\":\"https:\/\/departamento.us.es\/davo\/wp-content\/uploads\/2022\/02\/LogoUS-110.png\",\"contentUrl\":\"https:\/\/departamento.us.es\/davo\/wp-content\/uploads\/2022\/02\/LogoUS-110.png\",\"width\":249,\"height\":110,\"caption\":\"Departamento de Ciencias Jur\u00eddicas B\u00e1sicas\"},\"image\":{\"@id\":\"https:\/\/departamento.us.es\/newdavo\/#\/schema\/logo\/image\/\"}}]}<\/script>\n<!-- \/ Yoast SEO plugin. -->","yoast_head_json":{"title":"Profesorado - Departamento de Derecho Administrativo","robots":{"index":"index","follow":"follow","max-snippet":"max-snippet:-1","max-image-preview":"max-image-preview:large","max-video-preview":"max-video-preview:-1"},"canonical":"https:\/\/departamento.us.es\/davo\/estructura\/profesorado\/","og_locale":"es_ES","og_type":"article","og_title":"Profesorado - Departamento de Derecho Administrativo","og_description":"ARMAS CASTILLA, NOEL JES\u00daS BARRERO RODR\u00cdGUEZ, CONCEPCI\u00d3N BONILLA RUIZ, JOS\u00c9 ANTONIO CARAZA CRIST\u00cdN, M\u00aa DEL MAR CARRILLO DONAIRE, JUAN ANTONIO CARUZ ARCOS, EDUARDO CASTILLA GUERRA, JER\u00d3NIMO ENRIQUE L\u00d3PEZ, ELENA FAYA BARRIOS, ANTONIO LUIS FERN\u00c1NDEZ LUQUE, JOS\u00c9 MANUEL FERN\u00c1NDEZ SCAGLIUSI, M\u00aa \u00c1NGELES FERN\u00c1NDEZ TUB\u00cdO, DOMINGO GAL\u00c1N VIOQUE, CARLOS JOS\u00c9 GAL\u00c1N VIOQUE, ROBERTO RAFAEL GOMEZ ROSSI, M\u00aa [&hellip;]","og_url":"https:\/\/departamento.us.es\/davo\/estructura\/profesorado\/","og_site_name":"Departamento de Derecho Administrativo","article_modified_time":"2025-09-30T09:34:30+00:00","twitter_card":"summary_large_image","twitter_misc":{"Tiempo de lectura":"1 minuto"},"schema":{"@context":"https:\/\/schema.org","@graph":[{"@type":"WebPage","@id":"https:\/\/departamento.us.es\/davo\/estructura\/profesorado\/","url":"https:\/\/departamento.us.es\/davo\/estructura\/profesorado\/","name":"Profesorado - Departamento de Derecho Administrativo","isPartOf":{"@id":"https:\/\/departamento.us.es\/newdavo\/#website"},"datePublished":"2025-07-23T10:03:29+00:00","dateModified":"2025-09-30T09:34:30+00:00","breadcrumb":{"@id":"https:\/\/departamento.us.es\/davo\/estructura\/profesorado\/#breadcrumb"},"inLanguage":"es","potentialAction":[{"@type":"ReadAction","target":["https:\/\/departamento.us.es\/davo\/estructura\/profesorado\/"]}]},{"@type":"BreadcrumbList","@id":"https:\/\/departamento.us.es\/davo\/estructura\/profesorado\/#breadcrumb","itemListElement":[{"@type":"ListItem","position":1,"name":"Inicio","item":"https:\/\/departamento.us.es\/davo\/"},{"@type":"ListItem","position":2,"name":"Estructura","item":"https:\/\/departamento.us.es\/newdavo\/estructura\/"},{"@type":"ListItem","position":3,"name":"Profesorado"}]},{"@type":"WebSite","@id":"https:\/\/departamento.us.es\/newdavo\/#website","url":"https:\/\/departamento.us.es\/newdavo\/","name":"Departamento de Derecho Administrativo","description":"Facultad de Derecho - Universidad de Sevilla","publisher":{"@id":"https:\/\/departamento.us.es\/newdavo\/#organization"},"potentialAction":[{"@type":"SearchAction","target":{"@type":"EntryPoint","urlTemplate":"https:\/\/departamento.us.es\/newdavo\/?s={search_term_string}"},"query-input":{"@type":"PropertyValueSpecification","valueRequired":true,"valueName":"search_term_string"}}],"inLanguage":"es"},{"@type":"Organization","@id":"https:\/\/departamento.us.es\/newdavo\/#organization","name":"Departamento de Ciencias Jur\u00eddicas B\u00e1sicas","url":"https:\/\/departamento.us.es\/newdavo\/","logo":{"@type":"ImageObject","inLanguage":"es","@id":"https:\/\/departamento.us.es\/newdavo\/#\/schema\/logo\/image\/","url":"https:\/\/departamento.us.es\/davo\/wp-content\/uploads\/2022\/02\/LogoUS-110.png","contentUrl":"https:\/\/departamento.us.es\/davo\/wp-content\/uploads\/2022\/02\/LogoUS-110.png","width":249,"height":110,"caption":"Departamento de Ciencias Jur\u00eddicas B\u00e1sicas"},"image":{"@id":"https:\/\/departamento.us.es\/newdavo\/#\/schema\/logo\/image\/"}}]}},"_links":{"self":[{"href":"https:\/\/departamento.us.es\/davo\/wp-json\/wp\/v2\/pages\/3010","targetHints":{"allow":["GET"]}}],"collection":[{"href":"https:\/\/departamento.us.es\/davo\/wp-json\/wp\/v2\/pages"}],"about":[{"href":"https:\/\/departamento.us.es\/davo\/wp-json\/wp\/v2\/types\/page"}],"author":[{"embeddable":true,"href":"https:\/\/departamento.us.es\/davo\/wp-json\/wp\/v2\/users\/7"}],"replies":[{"embeddable":true,"href":"https:\/\/departamento.us.es\/davo\/wp-json\/wp\/v2\/comments?post=3010"}],"version-history":[{"count":0,"href":"https:\/\/departamento.us.es\/davo\/wp-json\/wp\/v2\/pages\/3010\/revisions"}],"up":[{"embeddable":true,"href":"https:\/\/departamento.us.es\/davo\/wp-json\/wp\/v2\/pages\/3005"}],"wp:attachment":[{"href":"https:\/\/departamento.us.es\/davo\/wp-json\/wp\/v2\/media?parent=3010"}],"curies":[{"name":"wp","href":"https:\/\/api.w.org\/{rel}","templated":true}]}}