{"id":3011,"date":"2025-07-23T10:03:48","date_gmt":"2025-07-23T10:03:48","guid":{"rendered":"https:\/\/departamento.us.es\/newdavo\/?page_id=3011"},"modified":"2025-09-30T09:35:27","modified_gmt":"2025-09-30T09:35:27","slug":"comisiones-del-departamento","status":"publish","type":"page","link":"https:\/\/departamento.us.es\/davo\/estructura\/comisiones-del-departamento\/","title":{"rendered":"Comisiones del Departamento"},"content":{"rendered":"\t\t<div data-elementor-type=\"wp-page\" data-elementor-id=\"3011\" class=\"elementor elementor-3011\" data-elementor-post-type=\"page\">\n\t\t\t\t<div class=\"elementor-element elementor-element-9875b3f e-flex e-con-boxed e-con e-parent\" data-id=\"9875b3f\" data-element_type=\"container\">\n\t\t\t\t\t<div class=\"e-con-inner\">\n\t\t\t\t<div class=\"elementor-element elementor-element-b545f76 elementor-widget elementor-widget-heading\" data-id=\"b545f76\" data-element_type=\"widget\" data-widget_type=\"heading.default\">\n\t\t\t\t<div class=\"elementor-widget-container\">\n\t\t\t\t\t<h4 class=\"elementor-heading-title elementor-size-default\">COMISI\u00d3N PERMANENTE<\/h4>\t\t\t\t<\/div>\n\t\t\t\t<\/div>\n\t\t\t\t<div class=\"elementor-element elementor-element-b308570 elementor-widget elementor-widget-text-editor\" data-id=\"b308570\" data-element_type=\"widget\" data-widget_type=\"text-editor.default\">\n\t\t\t\t<div class=\"elementor-widget-container\">\n\t\t\t\t\t\t\t\t\t<ul><li>Prof. S\u00e1nchez S\u00e1ez, Director del Departamento.<\/li><li>Prof. Rom\u00e1n M\u00e1rquez, Secretario del Departamento.<\/li><li>Profa. Barrero Rodr\u00edguez, Presidenta de la Comisi\u00f3n de Docencia.<\/li><li>Prof. Roberto Gal\u00e1n, Presidente de la Comisi\u00f3n de Investigaci\u00f3n.<\/li><li>Representante de alumnos<\/li><li>Dolores Olivero, Gestora del Departamento<\/li><\/ul>\t\t\t\t\t\t\t\t<\/div>\n\t\t\t\t<\/div>\n\t\t\t\t<div class=\"elementor-element elementor-element-1d0d3c9 elementor-widget elementor-widget-heading\" data-id=\"1d0d3c9\" data-element_type=\"widget\" data-widget_type=\"heading.default\">\n\t\t\t\t<div class=\"elementor-widget-container\">\n\t\t\t\t\t<h4 class=\"elementor-heading-title elementor-size-default\">COMISI\u00d3N DE DOCENCIA<\/h4>\t\t\t\t<\/div>\n\t\t\t\t<\/div>\n\t\t\t\t<div class=\"elementor-element elementor-element-5187f57 elementor-widget elementor-widget-text-editor\" data-id=\"5187f57\" data-element_type=\"widget\" data-widget_type=\"text-editor.default\">\n\t\t\t\t<div class=\"elementor-widget-container\">\n\t\t\t\t\t\t\t\t\t<ul><li>Profa. Barrero Rodr\u00edguez, Presidenta de la Comisi\u00f3n.<\/li><li>Prof. Carrillo Donaire<\/li><li>Prof. Guichot Reina<\/li><li>Representante de alumnos<\/li><\/ul>\t\t\t\t\t\t\t\t<\/div>\n\t\t\t\t<\/div>\n\t\t\t\t<div class=\"elementor-element elementor-element-b1127fd elementor-widget elementor-widget-heading\" data-id=\"b1127fd\" data-element_type=\"widget\" data-widget_type=\"heading.default\">\n\t\t\t\t<div class=\"elementor-widget-container\">\n\t\t\t\t\t<h4 class=\"elementor-heading-title elementor-size-default\">COMISI\u00d3N DE INVESTIGACI\u00d3N<\/h4>\t\t\t\t<\/div>\n\t\t\t\t<\/div>\n\t\t\t\t<div class=\"elementor-element elementor-element-c02db4f elementor-widget elementor-widget-text-editor\" data-id=\"c02db4f\" data-element_type=\"widget\" data-widget_type=\"text-editor.default\">\n\t\t\t\t<div class=\"elementor-widget-container\">\n\t\t\t\t\t\t\t\t\t<ul><li>Prof. S\u00e1nchez S\u00e1ez, Presidente, como Director del Departamento.<\/li><li>Prof. Roberto Gal\u00e1n<\/li><li>Prof. Sanz Dom\u00ednguez<\/li><li>Profa. Fdez. Scagliusi<\/li><li>Prof. Rom\u00e1n M\u00e1rquez<\/li><li>Profa. Ruiz Olmo<\/li><li>Prof. Barea Gallardo<\/li><\/ul>\t\t\t\t\t\t\t\t<\/div>\n\t\t\t\t<\/div>\n\t\t\t\t<div class=\"elementor-element elementor-element-27c8c71 elementor-widget elementor-widget-heading\" data-id=\"27c8c71\" data-element_type=\"widget\" data-widget_type=\"heading.default\">\n\t\t\t\t<div class=\"elementor-widget-container\">\n\t\t\t\t\t<h4 class=\"elementor-heading-title elementor-size-default\">COMISI\u00d3N PARA EL ESTUDIO DE PROPUESTA DE M\u00c1STER<\/h4>\t\t\t\t<\/div>\n\t\t\t\t<\/div>\n\t\t\t\t<div class=\"elementor-element elementor-element-3ff81ec elementor-widget elementor-widget-text-editor\" data-id=\"3ff81ec\" data-element_type=\"widget\" data-widget_type=\"text-editor.default\">\n\t\t\t\t<div class=\"elementor-widget-container\">\n\t\t\t\t\t\t\t\t\t<ul><li>Profa. Montoya Rodr\u00edguez, Presidenta.<\/li><li>Prof. P\u00e9rez Andr\u00e9s<\/li><li>Prof. S\u00e1nchez S\u00e1ez<\/li><li>Profa. Fdez. Scagliusi<\/li><\/ul>\t\t\t\t\t\t\t\t<\/div>\n\t\t\t\t<\/div>\n\t\t\t\t<div class=\"elementor-element elementor-element-3bdf762 elementor-widget elementor-widget-heading\" data-id=\"3bdf762\" data-element_type=\"widget\" data-widget_type=\"heading.default\">\n\t\t\t\t<div class=\"elementor-widget-container\">\n\t\t\t\t\t<h4 class=\"elementor-heading-title elementor-size-default\">COMISI\u00d3N DE ASUNTOS ECON\u00d3MICOS<\/h4>\t\t\t\t<\/div>\n\t\t\t\t<\/div>\n\t\t\t\t<div class=\"elementor-element elementor-element-14d0770 elementor-widget elementor-widget-text-editor\" data-id=\"14d0770\" data-element_type=\"widget\" data-widget_type=\"text-editor.default\">\n\t\t\t\t<div class=\"elementor-widget-container\">\n\t\t\t\t\t\t\t\t\t<ul><li>Prof. S\u00e1nchez S\u00e1ez, Director del Departamento.<\/li><li>Prof. Rom\u00e1n M\u00e1rquez, Secretario del Departamento.<\/li><li>Profa. Ortiz de Tena.<\/li><li>Prof. Sanz Dom\u00ednguez<\/li><li>Profa. Ruiz Olmo<\/li><li>Dolores Olivero P\u00e9rez, Gestora del Departamento<\/li><\/ul>\t\t\t\t\t\t\t\t<\/div>\n\t\t\t\t<\/div>\n\t\t\t\t\t<\/div>\n\t\t\t\t<\/div>\n\t\t\t\t<\/div>\n\t\t","protected":false},"excerpt":{"rendered":"<p>COMISI\u00d3N PERMANENTE Prof. S\u00e1nchez S\u00e1ez, Director del Departamento. Prof. Rom\u00e1n M\u00e1rquez, Secretario del Departamento. Profa. Barrero Rodr\u00edguez, Presidenta de la Comisi\u00f3n de Docencia. Prof. Roberto Gal\u00e1n, Presidente de la Comisi\u00f3n de Investigaci\u00f3n. Representante de alumnos Dolores Olivero, Gestora del Departamento COMISI\u00d3N DE DOCENCIA Profa. Barrero Rodr\u00edguez, Presidenta de la Comisi\u00f3n. Prof. Carrillo Donaire Prof. Guichot [&hellip;]<\/p>\n","protected":false},"author":7,"featured_media":0,"parent":3005,"menu_order":0,"comment_status":"closed","ping_status":"closed","template":"","meta":{"footnotes":""},"class_list":["post-3011","page","type-page","status-publish","hentry"],"yoast_head":"<!-- This site is optimized with the Yoast SEO plugin v26.2 - https:\/\/yoast.com\/wordpress\/plugins\/seo\/ -->\n<title>Comisiones del Departamento - Departamento de Derecho Administrativo<\/title>\n<meta name=\"robots\" content=\"index, follow, max-snippet:-1, max-image-preview:large, max-video-preview:-1\" \/>\n<link rel=\"canonical\" href=\"https:\/\/departamento.us.es\/davo\/estructura\/comisiones-del-departamento\/\" \/>\n<meta property=\"og:locale\" content=\"es_ES\" \/>\n<meta property=\"og:type\" content=\"article\" \/>\n<meta property=\"og:title\" content=\"Comisiones del Departamento - Departamento de Derecho Administrativo\" \/>\n<meta property=\"og:description\" content=\"COMISI\u00d3N PERMANENTE Prof. S\u00e1nchez S\u00e1ez, Director del Departamento. Prof. Rom\u00e1n M\u00e1rquez, Secretario del Departamento. Profa. Barrero Rodr\u00edguez, Presidenta de la Comisi\u00f3n de Docencia. Prof. Roberto Gal\u00e1n, Presidente de la Comisi\u00f3n de Investigaci\u00f3n. Representante de alumnos Dolores Olivero, Gestora del Departamento COMISI\u00d3N DE DOCENCIA Profa. Barrero Rodr\u00edguez, Presidenta de la Comisi\u00f3n. Prof. Carrillo Donaire Prof. Guichot [&hellip;]\" \/>\n<meta property=\"og:url\" content=\"https:\/\/departamento.us.es\/davo\/estructura\/comisiones-del-departamento\/\" \/>\n<meta property=\"og:site_name\" content=\"Departamento de Derecho Administrativo\" \/>\n<meta property=\"article:modified_time\" content=\"2025-09-30T09:35:27+00:00\" \/>\n<meta name=\"twitter:card\" content=\"summary_large_image\" \/>\n<meta name=\"twitter:label1\" content=\"Tiempo de lectura\" \/>\n\t<meta name=\"twitter:data1\" content=\"1 minuto\" \/>\n<script type=\"application\/ld+json\" class=\"yoast-schema-graph\">{\"@context\":\"https:\/\/schema.org\",\"@graph\":[{\"@type\":\"WebPage\",\"@id\":\"https:\/\/departamento.us.es\/davo\/estructura\/comisiones-del-departamento\/\",\"url\":\"https:\/\/departamento.us.es\/davo\/estructura\/comisiones-del-departamento\/\",\"name\":\"Comisiones del Departamento - Departamento de Derecho Administrativo\",\"isPartOf\":{\"@id\":\"https:\/\/departamento.us.es\/newdavo\/#website\"},\"datePublished\":\"2025-07-23T10:03:48+00:00\",\"dateModified\":\"2025-09-30T09:35:27+00:00\",\"breadcrumb\":{\"@id\":\"https:\/\/departamento.us.es\/davo\/estructura\/comisiones-del-departamento\/#breadcrumb\"},\"inLanguage\":\"es\",\"potentialAction\":[{\"@type\":\"ReadAction\",\"target\":[\"https:\/\/departamento.us.es\/davo\/estructura\/comisiones-del-departamento\/\"]}]},{\"@type\":\"BreadcrumbList\",\"@id\":\"https:\/\/departamento.us.es\/davo\/estructura\/comisiones-del-departamento\/#breadcrumb\",\"itemListElement\":[{\"@type\":\"ListItem\",\"position\":1,\"name\":\"Inicio\",\"item\":\"https:\/\/departamento.us.es\/davo\/\"},{\"@type\":\"ListItem\",\"position\":2,\"name\":\"Estructura\",\"item\":\"https:\/\/departamento.us.es\/newdavo\/estructura\/\"},{\"@type\":\"ListItem\",\"position\":3,\"name\":\"Comisiones del Departamento\"}]},{\"@type\":\"WebSite\",\"@id\":\"https:\/\/departamento.us.es\/newdavo\/#website\",\"url\":\"https:\/\/departamento.us.es\/newdavo\/\",\"name\":\"Departamento de Derecho Administrativo\",\"description\":\"Facultad de Derecho - Universidad de Sevilla\",\"publisher\":{\"@id\":\"https:\/\/departamento.us.es\/newdavo\/#organization\"},\"potentialAction\":[{\"@type\":\"SearchAction\",\"target\":{\"@type\":\"EntryPoint\",\"urlTemplate\":\"https:\/\/departamento.us.es\/newdavo\/?s={search_term_string}\"},\"query-input\":{\"@type\":\"PropertyValueSpecification\",\"valueRequired\":true,\"valueName\":\"search_term_string\"}}],\"inLanguage\":\"es\"},{\"@type\":\"Organization\",\"@id\":\"https:\/\/departamento.us.es\/newdavo\/#organization\",\"name\":\"Departamento de Ciencias Jur\u00eddicas B\u00e1sicas\",\"url\":\"https:\/\/departamento.us.es\/newdavo\/\",\"logo\":{\"@type\":\"ImageObject\",\"inLanguage\":\"es\",\"@id\":\"https:\/\/departamento.us.es\/newdavo\/#\/schema\/logo\/image\/\",\"url\":\"https:\/\/departamento.us.es\/davo\/wp-content\/uploads\/2022\/02\/LogoUS-110.png\",\"contentUrl\":\"https:\/\/departamento.us.es\/davo\/wp-content\/uploads\/2022\/02\/LogoUS-110.png\",\"width\":249,\"height\":110,\"caption\":\"Departamento de Ciencias Jur\u00eddicas B\u00e1sicas\"},\"image\":{\"@id\":\"https:\/\/departamento.us.es\/newdavo\/#\/schema\/logo\/image\/\"}}]}<\/script>\n<!-- \/ Yoast SEO plugin. -->","yoast_head_json":{"title":"Comisiones del Departamento - Departamento de Derecho Administrativo","robots":{"index":"index","follow":"follow","max-snippet":"max-snippet:-1","max-image-preview":"max-image-preview:large","max-video-preview":"max-video-preview:-1"},"canonical":"https:\/\/departamento.us.es\/davo\/estructura\/comisiones-del-departamento\/","og_locale":"es_ES","og_type":"article","og_title":"Comisiones del Departamento - Departamento de Derecho Administrativo","og_description":"COMISI\u00d3N PERMANENTE Prof. S\u00e1nchez S\u00e1ez, Director del Departamento. Prof. Rom\u00e1n M\u00e1rquez, Secretario del Departamento. Profa. Barrero Rodr\u00edguez, Presidenta de la Comisi\u00f3n de Docencia. Prof. Roberto Gal\u00e1n, Presidente de la Comisi\u00f3n de Investigaci\u00f3n. Representante de alumnos Dolores Olivero, Gestora del Departamento COMISI\u00d3N DE DOCENCIA Profa. Barrero Rodr\u00edguez, Presidenta de la Comisi\u00f3n. Prof. Carrillo Donaire Prof. Guichot [&hellip;]","og_url":"https:\/\/departamento.us.es\/davo\/estructura\/comisiones-del-departamento\/","og_site_name":"Departamento de Derecho Administrativo","article_modified_time":"2025-09-30T09:35:27+00:00","twitter_card":"summary_large_image","twitter_misc":{"Tiempo de lectura":"1 minuto"},"schema":{"@context":"https:\/\/schema.org","@graph":[{"@type":"WebPage","@id":"https:\/\/departamento.us.es\/davo\/estructura\/comisiones-del-departamento\/","url":"https:\/\/departamento.us.es\/davo\/estructura\/comisiones-del-departamento\/","name":"Comisiones del Departamento - Departamento de Derecho Administrativo","isPartOf":{"@id":"https:\/\/departamento.us.es\/newdavo\/#website"},"datePublished":"2025-07-23T10:03:48+00:00","dateModified":"2025-09-30T09:35:27+00:00","breadcrumb":{"@id":"https:\/\/departamento.us.es\/davo\/estructura\/comisiones-del-departamento\/#breadcrumb"},"inLanguage":"es","potentialAction":[{"@type":"ReadAction","target":["https:\/\/departamento.us.es\/davo\/estructura\/comisiones-del-departamento\/"]}]},{"@type":"BreadcrumbList","@id":"https:\/\/departamento.us.es\/davo\/estructura\/comisiones-del-departamento\/#breadcrumb","itemListElement":[{"@type":"ListItem","position":1,"name":"Inicio","item":"https:\/\/departamento.us.es\/davo\/"},{"@type":"ListItem","position":2,"name":"Estructura","item":"https:\/\/departamento.us.es\/newdavo\/estructura\/"},{"@type":"ListItem","position":3,"name":"Comisiones del Departamento"}]},{"@type":"WebSite","@id":"https:\/\/departamento.us.es\/newdavo\/#website","url":"https:\/\/departamento.us.es\/newdavo\/","name":"Departamento de Derecho Administrativo","description":"Facultad de Derecho - Universidad de Sevilla","publisher":{"@id":"https:\/\/departamento.us.es\/newdavo\/#organization"},"potentialAction":[{"@type":"SearchAction","target":{"@type":"EntryPoint","urlTemplate":"https:\/\/departamento.us.es\/newdavo\/?s={search_term_string}"},"query-input":{"@type":"PropertyValueSpecification","valueRequired":true,"valueName":"search_term_string"}}],"inLanguage":"es"},{"@type":"Organization","@id":"https:\/\/departamento.us.es\/newdavo\/#organization","name":"Departamento de Ciencias Jur\u00eddicas B\u00e1sicas","url":"https:\/\/departamento.us.es\/newdavo\/","logo":{"@type":"ImageObject","inLanguage":"es","@id":"https:\/\/departamento.us.es\/newdavo\/#\/schema\/logo\/image\/","url":"https:\/\/departamento.us.es\/davo\/wp-content\/uploads\/2022\/02\/LogoUS-110.png","contentUrl":"https:\/\/departamento.us.es\/davo\/wp-content\/uploads\/2022\/02\/LogoUS-110.png","width":249,"height":110,"caption":"Departamento de Ciencias Jur\u00eddicas B\u00e1sicas"},"image":{"@id":"https:\/\/departamento.us.es\/newdavo\/#\/schema\/logo\/image\/"}}]}},"_links":{"self":[{"href":"https:\/\/departamento.us.es\/davo\/wp-json\/wp\/v2\/pages\/3011","targetHints":{"allow":["GET"]}}],"collection":[{"href":"https:\/\/departamento.us.es\/davo\/wp-json\/wp\/v2\/pages"}],"about":[{"href":"https:\/\/departamento.us.es\/davo\/wp-json\/wp\/v2\/types\/page"}],"author":[{"embeddable":true,"href":"https:\/\/departamento.us.es\/davo\/wp-json\/wp\/v2\/users\/7"}],"replies":[{"embeddable":true,"href":"https:\/\/departamento.us.es\/davo\/wp-json\/wp\/v2\/comments?post=3011"}],"version-history":[{"count":0,"href":"https:\/\/departamento.us.es\/davo\/wp-json\/wp\/v2\/pages\/3011\/revisions"}],"up":[{"embeddable":true,"href":"https:\/\/departamento.us.es\/davo\/wp-json\/wp\/v2\/pages\/3005"}],"wp:attachment":[{"href":"https:\/\/departamento.us.es\/davo\/wp-json\/wp\/v2\/media?parent=3011"}],"curies":[{"name":"wp","href":"https:\/\/api.w.org\/{rel}","templated":true}]}}