{"id":3015,"date":"2025-07-23T10:06:23","date_gmt":"2025-07-23T10:06:23","guid":{"rendered":"https:\/\/departamento.us.es\/newdavo\/?page_id=3015"},"modified":"2025-09-30T09:39:54","modified_gmt":"2025-09-30T09:39:54","slug":"docencia-en-grados","status":"publish","type":"page","link":"https:\/\/departamento.us.es\/davo\/actividad-docente-y-examenes\/docencia-en-grados\/","title":{"rendered":"Docencia en grados"},"content":{"rendered":"\t\t<div data-elementor-type=\"wp-page\" data-elementor-id=\"3015\" class=\"elementor elementor-3015\" data-elementor-post-type=\"page\">\n\t\t\t\t<div class=\"elementor-element elementor-element-414cdff e-flex e-con-boxed e-con e-parent\" data-id=\"414cdff\" data-element_type=\"container\">\n\t\t\t\t\t<div class=\"e-con-inner\">\n\t\t\t\t<div class=\"elementor-element elementor-element-3f0f1be elementor-widget elementor-widget-text-editor\" data-id=\"3f0f1be\" data-element_type=\"widget\" data-widget_type=\"text-editor.default\">\n\t\t\t\t<div class=\"elementor-widget-container\">\n\t\t\t\t\t\t\t\t\t<section class=\"article-content clearfix\"><p><span style=\"color: #000000;\"><strong>GRADO EN COMUNICACI\u00d3N AUDIOVISUAL<\/strong><\/span><\/p><p><a href=\"https:\/\/www.us.es\/estudiar\/que-estudiar\/oferta-de-grados\/grado-en-comunicacion-audiovisual\/1920006\" target=\"_blank\" rel=\"noopener\"><strong>Derecho Audiovisual<\/strong><\/a><\/p><p><span style=\"color: #000000;\"><strong>DOBLE GRADO EN PERIODISMO Y COMUNICACI\u00d3N AUDIOVISUAL<\/strong><\/span><\/p><p><a href=\"https:\/\/www.us.es\/estudiar\/que-estudiar\/oferta-de-grados\/doble-grado-en-periodismo-y-comunicacion-audiovisual-2016\/2430001\" target=\"_blank\" rel=\"noopener\"><strong>Derecho Audiovisual<\/strong><\/a><\/p><p><span style=\"color: #000000;\"><strong>GRADO EN CRIMINOLOG\u00cdA<\/strong><\/span><\/p><p><a href=\"https:\/\/www.us.es\/estudiar\/que-estudiar\/oferta-de-grados\/grado-en-criminologia\/2180001\" target=\"_blank\" rel=\"noopener\"><strong>Fundamentos de Derecho Administrativo<\/strong><\/a><\/p><p><strong>\u00a0<\/strong><\/p><p><span style=\"color: #000000;\"><strong>GRADO EN DERECHO<\/strong><\/span><\/p><p><a href=\"https:\/\/www.us.es\/estudiar\/que-estudiar\/oferta-de-grados\/grado-en-derecho\/1550012\" target=\"_blank\" rel=\"noopener\"><strong>Derecho Administrativo I<\/strong><\/a><\/p><p><a href=\"https:\/\/www.us.es\/estudiar\/que-estudiar\/oferta-de-grados\/grado-en-derecho\/1550021\" target=\"_blank\" rel=\"noopener\"><strong>Derecho Administrativo II<\/strong><\/a><\/p><p><a href=\"https:\/\/www.us.es\/estudiar\/que-estudiar\/oferta-de-grados\/grado-en-derecho\/1550022\" target=\"_blank\" rel=\"noopener\"><strong>Derecho Administrativo III<\/strong><\/a><\/p><p><a href=\"https:\/\/www.us.es\/estudiar\/que-estudiar\/oferta-de-grados\/grado-en-derecho\/1550032\" target=\"_blank\" rel=\"noopener\"><strong>Derecho de las Telecomunicaciones y las Nuevas Tecnolog\u00edas<\/strong><\/a><\/p><p><strong>\u00a0<\/strong><\/p><p><span style=\"color: #000000;\"><strong>GRADO EN ECONOM\u00cdA<\/strong><\/span><\/p><p><a href=\"https:\/\/www.us.es\/estudiar\/que-estudiar\/oferta-de-grados\/grado-en-economia\/1560011\" target=\"_blank\" rel=\"noopener\"><strong>Derecho Administrativo<\/strong><\/a><\/p><p><strong>\u00a0<\/strong><\/p><p><span style=\"color: #000000;\"><strong>GRADO EN PUBLICIDAD Y RELACIONES P\u00daBLICAS<\/strong><\/span><\/p><p><a href=\"https:\/\/www.us.es\/estudiar\/que-estudiar\/oferta-de-grados\/grado-en-publicidad-y-relaciones-publicas\/2110016\" target=\"_blank\" rel=\"noopener\"><strong>Derecho Publicitario<\/strong><\/a><\/p><p><strong>\u00a0<\/strong><\/p><p><span style=\"color: #000000;\"><strong>GRADO EN RELACIONES LABORALES<\/strong><\/span><\/p><p><a href=\"https:\/\/www.us.es\/estudiar\/que-estudiar\/oferta-de-grados\/grado-en-relaciones-laborales-y-recursos-humanos\/1780005\" target=\"_blank\" rel=\"noopener\"><strong>Elementos de Derecho P\u00fablico<\/strong><\/a><\/p><p><a href=\"https:\/\/www.us.es\/estudiar\/que-estudiar\/oferta-de-grados\/grado-en-relaciones-laborales-y-recursos-humanos\/1780021\" target=\"_blank\" rel=\"noopener\"><strong>Derecho Administrativo Laboral y Prestacional<\/strong><\/a><\/p><p><strong>\u00a0<\/strong><\/p><p><span style=\"color: #000000;\"><strong>DOBLE GRADO EN ADMINISTRACI\u00d3N Y DIRECCI\u00d3N DE EMPRESAS Y DERECHO (DERECHO)<\/strong><\/span><\/p><p><a href=\"https:\/\/www.us.es\/estudiar\/que-estudiar\/oferta-de-grados\/doble-grado-en-administracion-y-direccion-de-empresas-y-en\/1860017\" target=\"_blank\" rel=\"noopener\"><strong>Derecho Administrativo I<\/strong><\/a><\/p><p><a href=\"https:\/\/www.us.es\/estudiar\/que-estudiar\/oferta-de-grados\/doble-grado-en-administracion-y-direccion-de-empresas-y-en\/1860030\" target=\"_blank\" rel=\"noopener\"><strong>Derecho Administrativo II<\/strong><\/a><\/p><p><a href=\"https:\/\/www.us.es\/estudiar\/que-estudiar\/oferta-de-grados\/doble-grado-en-administracion-y-direccion-de-empresas-y-en\/1860031\" target=\"_blank\" rel=\"noopener\"><strong>Derecho Administrativo III<\/strong><\/a><\/p><p><strong>\u00a0<\/strong><\/p><p><span style=\"color: #000000;\"><strong>DOBLE GRADO EN DERECHO Y ECONOM\u00cdA (DERECHO)<\/strong><\/span><\/p><p><a href=\"https:\/\/www.us.es\/estudiar\/que-estudiar\/oferta-de-grados\/doble-grado-en-derecho-y-en-economia\/2340023\" target=\"_blank\" rel=\"noopener\"><strong>Derecho Administrativo I<\/strong><\/a><\/p><p><a href=\"https:\/\/www.us.es\/estudiar\/que-estudiar\/oferta-de-grados\/doble-grado-en-derecho-y-en-economia\/2340032\" target=\"_blank\" rel=\"noopener\"><strong>Derecho Administrativo II<\/strong><\/a><\/p><p><a href=\"https:\/\/www.us.es\/estudiar\/que-estudiar\/oferta-de-grados\/doble-grado-en-derecho-y-en-economia\/2340038\" target=\"_blank\" rel=\"noopener\"><strong>Derecho Administrativo III<\/strong><\/a><\/p><p><strong style=\"color: #000000; font-size: 1rem;\">\u00a0<\/strong><\/p><p><strong style=\"color: #000000; font-size: 1rem;\">DOBLE GRADO EN DERECHO Y FILOSOF\u00cdA (DERECHO)<\/strong><\/p><p><strong>Derecho Administrativo I<\/strong><\/p><p><strong>Derecho Administrativo II<\/strong><\/p><p><strong>Derecho Administrativo III<\/strong><\/p><p><strong>\u00a0<\/strong><\/p><p><span style=\"color: #000000;\"><strong>DOBLE GRADO EN DERECHO Y FINANZAS Y CONTABILIDAD (DERECHO)<\/strong><\/span><\/p><p><a href=\"https:\/\/www.us.es\/estudiar\/que-estudiar\/oferta-de-grados\/doble-grado-en-derecho-y-en-finanzas-y-contabilidad\/2290025\" target=\"_blank\" rel=\"noopener\"><strong>Derecho Administrativo I<\/strong><\/a><\/p><p><a href=\"https:\/\/www.us.es\/estudiar\/que-estudiar\/oferta-de-grados\/doble-grado-en-derecho-y-en-finanzas-y-contabilidad\/2290033\" target=\"_blank\" rel=\"noopener\"><strong>Derecho Administrativo II<\/strong><\/a><\/p><p><a href=\"https:\/\/www.us.es\/estudiar\/que-estudiar\/oferta-de-grados\/doble-grado-en-derecho-y-en-finanzas-y-contabilidad\/2290039\" target=\"_blank\" rel=\"noopener\"><strong>Derecho Administrativo III<\/strong><\/a><\/p><p><strong>\u00a0<\/strong><\/p><p><span style=\"color: #000000;\"><strong>DOBLE GRADO EN DERECHO Y GESTI\u00d3N Y ADMINISTRACI\u00d3N P\u00daBLICA<\/strong><\/span><\/p><p><a href=\"https:\/\/www.us.es\/estudiar\/que-estudiar\/oferta-de-grados\/doble-grado-en-derecho-y-gestion-y-administracion-publica\/1870011\" target=\"_blank\" rel=\"noopener\"><strong>Organizaci\u00f3n y Estructura de los Servicios P\u00fablicos<\/strong><\/a><\/p><p><a href=\"https:\/\/www.us.es\/estudiar\/que-estudiar\/oferta-de-grados\/doble-grado-en-derecho-y-gestion-y-administracion-publica\/1870014\" target=\"_blank\" rel=\"noopener\"><strong>Derecho Administativo I<\/strong><\/a><\/p><p><a href=\"https:\/\/www.us.es\/estudiar\/que-estudiar\/oferta-de-grados\/doble-grado-en-derecho-y-gestion-y-administracion-publica\/1870015\"><strong>Derecho Administrativo II<\/strong><\/a><\/p><p><a href=\"https:\/\/www.us.es\/estudiar\/que-estudiar\/oferta-de-grados\/doble-grado-en-derecho-y-gestion-y-administracion-publica\/1870026\" target=\"_blank\" rel=\"noopener\"><strong>Derecho Administrativo III<\/strong><\/a><\/p><p><a href=\"https:\/\/www.us.es\/estudiar\/que-estudiar\/oferta-de-grados\/doble-grado-en-derecho-y-gestion-y-administracion-publica\/1870027\" target=\"_blank\" rel=\"noopener\"><strong>Derecho Administrastivo IV<\/strong><\/a><\/p><p><a href=\"https:\/\/www.us.es\/estudiar\/que-estudiar\/oferta-de-grados\/doble-grado-en-derecho-y-gestion-y-administracion-publica\/1870039\"><strong>Derecho Administrativo V<\/strong><\/a><\/p><p><a href=\"https:\/\/www.us.es\/estudiar\/que-estudiar\/oferta-de-grados\/doble-grado-en-derecho-y-gestion-y-administracion-publica\/1870052\" target=\"_blank\" rel=\"noopener\"><strong>Garant\u00edas Jur\u00eddicas del Administrado<\/strong><\/a><\/p><p><strong>\u00a0<\/strong><\/p><p><span style=\"color: #000000;\"><strong>DOBLE GRADO EN FINANZAS Y CONTABILIDAD Y RELACIONES LABORALES<\/strong><\/span><\/p><p><a href=\"https:\/\/www.us.es\/estudiar\/que-estudiar\/oferta-de-grados\/doble-grado-en-finanzas-y-contabilidad-y-en-relaciones\/2200007\" target=\"_blank\" rel=\"noopener\"><strong>Elementos de Derecho P\u00fablico<\/strong><\/a><\/p><p><a href=\"https:\/\/www.us.es\/estudiar\/que-estudiar\/oferta-de-grados\/doble-grado-en-finanzas-y-contabilidad-y-en-relaciones\/2200042\" target=\"_blank\" rel=\"noopener\"><strong>Derecho Administrativo Laboral y Prestacional<\/strong><\/a><\/p><p><strong>\u00a0<\/strong><\/p><p><strong><span style=\"color: #000000;\">GRADO EN TURISMO<\/span> <\/strong><\/p><p><strong><a href=\"https:\/\/www.us.es\/estudiar\/que-estudiar\/oferta-de-grados\/grado-en-turismo\/1790020\" target=\"_blank\" rel=\"noopener\">Introducci\u00f3n al Derecho del Turismo<\/a> <\/strong><\/p><p><strong><a href=\"https:\/\/www.us.es\/estudiar\/que-estudiar\/oferta-de-grados\/grado-en-turismo\/1790024\" target=\"_blank\" rel=\"noopener\">Derecho Administrativo del Sector Tur\u00edstico<\/a><\/strong><\/p><\/section>\t\t\t\t\t\t\t\t<\/div>\n\t\t\t\t<\/div>\n\t\t\t\t\t<\/div>\n\t\t\t\t<\/div>\n\t\t\t\t<\/div>\n\t\t","protected":false},"excerpt":{"rendered":"<p>GRADO EN COMUNICACI\u00d3N AUDIOVISUAL Derecho Audiovisual DOBLE GRADO EN PERIODISMO Y COMUNICACI\u00d3N AUDIOVISUAL Derecho Audiovisual GRADO EN CRIMINOLOG\u00cdA Fundamentos de Derecho Administrativo \u00a0 GRADO EN DERECHO Derecho Administrativo I Derecho Administrativo II Derecho Administrativo III Derecho de las Telecomunicaciones y las Nuevas Tecnolog\u00edas \u00a0 GRADO EN ECONOM\u00cdA Derecho Administrativo \u00a0 GRADO EN PUBLICIDAD Y RELACIONES [&hellip;]<\/p>\n","protected":false},"author":7,"featured_media":0,"parent":3006,"menu_order":0,"comment_status":"closed","ping_status":"closed","template":"","meta":{"footnotes":""},"class_list":["post-3015","page","type-page","status-publish","hentry"],"yoast_head":"<!-- This site is optimized with the Yoast SEO plugin v26.2 - https:\/\/yoast.com\/wordpress\/plugins\/seo\/ -->\n<title>Docencia en grados - Departamento de Derecho Administrativo<\/title>\n<meta name=\"robots\" content=\"index, follow, max-snippet:-1, max-image-preview:large, max-video-preview:-1\" \/>\n<link rel=\"canonical\" href=\"https:\/\/departamento.us.es\/davo\/actividad-docente-y-examenes\/docencia-en-grados\/\" \/>\n<meta property=\"og:locale\" content=\"es_ES\" \/>\n<meta property=\"og:type\" content=\"article\" \/>\n<meta property=\"og:title\" content=\"Docencia en grados - Departamento de Derecho Administrativo\" \/>\n<meta property=\"og:description\" content=\"GRADO EN COMUNICACI\u00d3N AUDIOVISUAL Derecho Audiovisual DOBLE GRADO EN PERIODISMO Y COMUNICACI\u00d3N AUDIOVISUAL Derecho Audiovisual GRADO EN CRIMINOLOG\u00cdA Fundamentos de Derecho Administrativo \u00a0 GRADO EN DERECHO Derecho Administrativo I Derecho Administrativo II Derecho Administrativo III Derecho de las Telecomunicaciones y las Nuevas Tecnolog\u00edas \u00a0 GRADO EN ECONOM\u00cdA Derecho Administrativo \u00a0 GRADO EN PUBLICIDAD Y RELACIONES [&hellip;]\" \/>\n<meta property=\"og:url\" content=\"https:\/\/departamento.us.es\/davo\/actividad-docente-y-examenes\/docencia-en-grados\/\" \/>\n<meta property=\"og:site_name\" content=\"Departamento de Derecho Administrativo\" \/>\n<meta property=\"article:modified_time\" content=\"2025-09-30T09:39:54+00:00\" \/>\n<meta name=\"twitter:card\" content=\"summary_large_image\" \/>\n<meta name=\"twitter:label1\" content=\"Tiempo de lectura\" \/>\n\t<meta name=\"twitter:data1\" content=\"1 minuto\" \/>\n<script type=\"application\/ld+json\" class=\"yoast-schema-graph\">{\"@context\":\"https:\/\/schema.org\",\"@graph\":[{\"@type\":\"WebPage\",\"@id\":\"https:\/\/departamento.us.es\/davo\/actividad-docente-y-examenes\/docencia-en-grados\/\",\"url\":\"https:\/\/departamento.us.es\/davo\/actividad-docente-y-examenes\/docencia-en-grados\/\",\"name\":\"Docencia en grados - Departamento de Derecho Administrativo\",\"isPartOf\":{\"@id\":\"https:\/\/departamento.us.es\/newdavo\/#website\"},\"datePublished\":\"2025-07-23T10:06:23+00:00\",\"dateModified\":\"2025-09-30T09:39:54+00:00\",\"breadcrumb\":{\"@id\":\"https:\/\/departamento.us.es\/davo\/actividad-docente-y-examenes\/docencia-en-grados\/#breadcrumb\"},\"inLanguage\":\"es\",\"potentialAction\":[{\"@type\":\"ReadAction\",\"target\":[\"https:\/\/departamento.us.es\/davo\/actividad-docente-y-examenes\/docencia-en-grados\/\"]}]},{\"@type\":\"BreadcrumbList\",\"@id\":\"https:\/\/departamento.us.es\/davo\/actividad-docente-y-examenes\/docencia-en-grados\/#breadcrumb\",\"itemListElement\":[{\"@type\":\"ListItem\",\"position\":1,\"name\":\"Inicio\",\"item\":\"https:\/\/departamento.us.es\/davo\/\"},{\"@type\":\"ListItem\",\"position\":2,\"name\":\"Actividad docente y ex\u00e1menes\",\"item\":\"https:\/\/departamento.us.es\/newdavo\/actividad-docente-y-examenes\/\"},{\"@type\":\"ListItem\",\"position\":3,\"name\":\"Docencia en grados\"}]},{\"@type\":\"WebSite\",\"@id\":\"https:\/\/departamento.us.es\/newdavo\/#website\",\"url\":\"https:\/\/departamento.us.es\/newdavo\/\",\"name\":\"Departamento de Derecho Administrativo\",\"description\":\"Facultad de Derecho - Universidad de Sevilla\",\"publisher\":{\"@id\":\"https:\/\/departamento.us.es\/newdavo\/#organization\"},\"potentialAction\":[{\"@type\":\"SearchAction\",\"target\":{\"@type\":\"EntryPoint\",\"urlTemplate\":\"https:\/\/departamento.us.es\/newdavo\/?s={search_term_string}\"},\"query-input\":{\"@type\":\"PropertyValueSpecification\",\"valueRequired\":true,\"valueName\":\"search_term_string\"}}],\"inLanguage\":\"es\"},{\"@type\":\"Organization\",\"@id\":\"https:\/\/departamento.us.es\/newdavo\/#organization\",\"name\":\"Departamento de Ciencias Jur\u00eddicas B\u00e1sicas\",\"url\":\"https:\/\/departamento.us.es\/newdavo\/\",\"logo\":{\"@type\":\"ImageObject\",\"inLanguage\":\"es\",\"@id\":\"https:\/\/departamento.us.es\/newdavo\/#\/schema\/logo\/image\/\",\"url\":\"https:\/\/departamento.us.es\/davo\/wp-content\/uploads\/2022\/02\/LogoUS-110.png\",\"contentUrl\":\"https:\/\/departamento.us.es\/davo\/wp-content\/uploads\/2022\/02\/LogoUS-110.png\",\"width\":249,\"height\":110,\"caption\":\"Departamento de Ciencias Jur\u00eddicas B\u00e1sicas\"},\"image\":{\"@id\":\"https:\/\/departamento.us.es\/newdavo\/#\/schema\/logo\/image\/\"}}]}<\/script>\n<!-- \/ Yoast SEO plugin. -->","yoast_head_json":{"title":"Docencia en grados - Departamento de Derecho Administrativo","robots":{"index":"index","follow":"follow","max-snippet":"max-snippet:-1","max-image-preview":"max-image-preview:large","max-video-preview":"max-video-preview:-1"},"canonical":"https:\/\/departamento.us.es\/davo\/actividad-docente-y-examenes\/docencia-en-grados\/","og_locale":"es_ES","og_type":"article","og_title":"Docencia en grados - Departamento de Derecho Administrativo","og_description":"GRADO EN COMUNICACI\u00d3N AUDIOVISUAL Derecho Audiovisual DOBLE GRADO EN PERIODISMO Y COMUNICACI\u00d3N AUDIOVISUAL Derecho Audiovisual GRADO EN CRIMINOLOG\u00cdA Fundamentos de Derecho Administrativo \u00a0 GRADO EN DERECHO Derecho Administrativo I Derecho Administrativo II Derecho Administrativo III Derecho de las Telecomunicaciones y las Nuevas Tecnolog\u00edas \u00a0 GRADO EN ECONOM\u00cdA Derecho Administrativo \u00a0 GRADO EN PUBLICIDAD Y RELACIONES [&hellip;]","og_url":"https:\/\/departamento.us.es\/davo\/actividad-docente-y-examenes\/docencia-en-grados\/","og_site_name":"Departamento de Derecho Administrativo","article_modified_time":"2025-09-30T09:39:54+00:00","twitter_card":"summary_large_image","twitter_misc":{"Tiempo de lectura":"1 minuto"},"schema":{"@context":"https:\/\/schema.org","@graph":[{"@type":"WebPage","@id":"https:\/\/departamento.us.es\/davo\/actividad-docente-y-examenes\/docencia-en-grados\/","url":"https:\/\/departamento.us.es\/davo\/actividad-docente-y-examenes\/docencia-en-grados\/","name":"Docencia en grados - Departamento de Derecho Administrativo","isPartOf":{"@id":"https:\/\/departamento.us.es\/newdavo\/#website"},"datePublished":"2025-07-23T10:06:23+00:00","dateModified":"2025-09-30T09:39:54+00:00","breadcrumb":{"@id":"https:\/\/departamento.us.es\/davo\/actividad-docente-y-examenes\/docencia-en-grados\/#breadcrumb"},"inLanguage":"es","potentialAction":[{"@type":"ReadAction","target":["https:\/\/departamento.us.es\/davo\/actividad-docente-y-examenes\/docencia-en-grados\/"]}]},{"@type":"BreadcrumbList","@id":"https:\/\/departamento.us.es\/davo\/actividad-docente-y-examenes\/docencia-en-grados\/#breadcrumb","itemListElement":[{"@type":"ListItem","position":1,"name":"Inicio","item":"https:\/\/departamento.us.es\/davo\/"},{"@type":"ListItem","position":2,"name":"Actividad docente y ex\u00e1menes","item":"https:\/\/departamento.us.es\/newdavo\/actividad-docente-y-examenes\/"},{"@type":"ListItem","position":3,"name":"Docencia en grados"}]},{"@type":"WebSite","@id":"https:\/\/departamento.us.es\/newdavo\/#website","url":"https:\/\/departamento.us.es\/newdavo\/","name":"Departamento de Derecho Administrativo","description":"Facultad de Derecho - Universidad de Sevilla","publisher":{"@id":"https:\/\/departamento.us.es\/newdavo\/#organization"},"potentialAction":[{"@type":"SearchAction","target":{"@type":"EntryPoint","urlTemplate":"https:\/\/departamento.us.es\/newdavo\/?s={search_term_string}"},"query-input":{"@type":"PropertyValueSpecification","valueRequired":true,"valueName":"search_term_string"}}],"inLanguage":"es"},{"@type":"Organization","@id":"https:\/\/departamento.us.es\/newdavo\/#organization","name":"Departamento de Ciencias Jur\u00eddicas B\u00e1sicas","url":"https:\/\/departamento.us.es\/newdavo\/","logo":{"@type":"ImageObject","inLanguage":"es","@id":"https:\/\/departamento.us.es\/newdavo\/#\/schema\/logo\/image\/","url":"https:\/\/departamento.us.es\/davo\/wp-content\/uploads\/2022\/02\/LogoUS-110.png","contentUrl":"https:\/\/departamento.us.es\/davo\/wp-content\/uploads\/2022\/02\/LogoUS-110.png","width":249,"height":110,"caption":"Departamento de Ciencias Jur\u00eddicas B\u00e1sicas"},"image":{"@id":"https:\/\/departamento.us.es\/newdavo\/#\/schema\/logo\/image\/"}}]}},"_links":{"self":[{"href":"https:\/\/departamento.us.es\/davo\/wp-json\/wp\/v2\/pages\/3015","targetHints":{"allow":["GET"]}}],"collection":[{"href":"https:\/\/departamento.us.es\/davo\/wp-json\/wp\/v2\/pages"}],"about":[{"href":"https:\/\/departamento.us.es\/davo\/wp-json\/wp\/v2\/types\/page"}],"author":[{"embeddable":true,"href":"https:\/\/departamento.us.es\/davo\/wp-json\/wp\/v2\/users\/7"}],"replies":[{"embeddable":true,"href":"https:\/\/departamento.us.es\/davo\/wp-json\/wp\/v2\/comments?post=3015"}],"version-history":[{"count":0,"href":"https:\/\/departamento.us.es\/davo\/wp-json\/wp\/v2\/pages\/3015\/revisions"}],"up":[{"embeddable":true,"href":"https:\/\/departamento.us.es\/davo\/wp-json\/wp\/v2\/pages\/3006"}],"wp:attachment":[{"href":"https:\/\/departamento.us.es\/davo\/wp-json\/wp\/v2\/media?parent=3015"}],"curies":[{"name":"wp","href":"https:\/\/api.w.org\/{rel}","templated":true}]}}