{"id":3016,"date":"2025-07-23T10:06:39","date_gmt":"2025-07-23T10:06:39","guid":{"rendered":"https:\/\/departamento.us.es\/newdavo\/?page_id=3016"},"modified":"2025-07-25T10:31:35","modified_gmt":"2025-07-25T10:31:35","slug":"docencia-en-masteres","status":"publish","type":"page","link":"https:\/\/departamento.us.es\/davo\/actividad-docente-y-examenes\/docencia-en-masteres\/","title":{"rendered":"Docencia en m\u00e1steres"},"content":{"rendered":"\t\t<div data-elementor-type=\"wp-page\" data-elementor-id=\"3016\" class=\"elementor elementor-3016\" data-elementor-post-type=\"page\">\n\t\t\t\t<div class=\"elementor-element elementor-element-6062abe e-flex e-con-boxed e-con e-parent\" data-id=\"6062abe\" data-element_type=\"container\">\n\t\t\t\t\t<div class=\"e-con-inner\">\n\t\t\t\t<div class=\"elementor-element elementor-element-e031890 elementor-widget elementor-widget-text-editor\" data-id=\"e031890\" data-element_type=\"widget\" data-widget_type=\"text-editor.default\">\n\t\t\t\t<div class=\"elementor-widget-container\">\n\t\t\t\t\t\t\t\t\t<section class=\"article-content clearfix\"><p><span style=\"color: #000000;\"><strong>MASTER EN ABOGAC\u00cdA<\/strong><\/span><\/p><p><a href=\"https:\/\/www.us.es\/estudiar\/que-estudiar\/oferta-de-masteres\/master-universitario-en-abogacia\/51220009\" target=\"_blank\" rel=\"noopener\"><strong>Pr\u00e1ctica Administrativa<\/strong><\/a><\/p><p><a href=\"https:\/\/www.us.es\/estudiar\/que-estudiar\/oferta-de-masteres\/master-universitario-en-abogacia\/51220011\" target=\"_blank\" rel=\"noopener\"><strong>Pr\u00e1ctica Contencioso-Administrativa<\/strong><\/a><\/p><p><strong>\u00a0<\/strong><\/p><p><span style=\"color: #000000;\"><strong>MASTER EN CONSULTOR\u00cdA LABORAL<\/strong><\/span><\/p><p><a href=\"https:\/\/www.us.es\/estudiar\/que-estudiar\/oferta-de-masteres\/master-universitario-en-consultoria-laboral\/51250013\" target=\"_blank\" rel=\"noopener\"><strong>Pr\u00e1ctica Administrativa Avanzada en Asuntos de Orden Social<\/strong><\/a><\/p><p><strong>\u00a0<\/strong><\/p><p><span style=\"color: #000000;\"><strong>MASTER EN DERECHO P\u00daBLICO<\/strong><\/span><\/p><p><a href=\"https:\/\/www.us.es\/estudiar\/que-estudiar\/oferta-de-masteres\/master-universitario-en-derecho-publico\/50620007\" target=\"_blank\" rel=\"noopener\"><strong>Derecho Local<\/strong><\/a><\/p><p><a href=\"https:\/\/www.us.es\/estudiar\/que-estudiar\/oferta-de-masteres\/master-universitario-en-derecho-publico\/50620034\" target=\"_blank\" rel=\"noopener\"><strong>Sistema de Administraciones P\u00fablicas<\/strong><\/a><\/p><p><a href=\"https:\/\/www.us.es\/estudiar\/que-estudiar\/oferta-de-masteres\/master-universitario-en-derecho-publico\/50620037\" target=\"_blank\" rel=\"noopener\"><strong>Tendencias del Derecho P\u00fablico<\/strong><\/a><\/p><p><strong>\u00a0<\/strong><\/p><p><strong><span style=\"color: #000000;\">MASTER EN DIRECCI\u00d3N Y PLANEACI\u00d3N DEL TURISMO<\/span> <\/strong><\/p><p><a href=\"https:\/\/www.us.es\/estudiar\/que-estudiar\/oferta-de-masteres\/master-universitario-en-direccion-y-planificacion-del\/50630030\" target=\"_blank\" rel=\"noopener\"><strong>R\u00e9gimen Jur\u00eddico de los Recursos Tur\u00edsticos<\/strong><\/a><\/p><p><strong>\u00a0<\/strong><\/p><p><span style=\"color: #000000;\"><strong>MASTER EN URBANISMO, PLANEAMIENTO Y DISE\u00d1O URBANO<\/strong><\/span><\/p><p><a href=\"https:\/\/www.us.es\/estudiar\/que-estudiar\/oferta-de-masteres\/master-universitario-en-urbanismo-planeamiento-y-diseno\/50430002\" target=\"_blank\" rel=\"noopener\"><strong>Contexto Regulador del Planeamiento<\/strong><\/a><\/p><p><strong>\u00a0<\/strong><\/p><p><span style=\"color: #000000;\"><strong>DOBLE MASTER EN ABOGAC\u00cdA Y ASESOR\u00cdA JUR\u00cdDICO-MERCANTIL, FISCAL Y LABORAL<\/strong><\/span><\/p><p><a href=\"https:\/\/www.us.es\/estudiar\/que-estudiar\/oferta-de-masteres\/doble-master-universitario-en-abogacia-y-asesoria-juridico\/51290014\" target=\"_blank\" rel=\"noopener\"><strong>Pr\u00e1ctica Administrativa<\/strong><\/a><\/p><p><a href=\"https:\/\/www.us.es\/estudiar\/que-estudiar\/oferta-de-masteres\/doble-master-universitario-en-abogacia-y-asesoria-juridico\/51290016\" target=\"_blank\" rel=\"noopener\"><strong>Pr\u00e1ctica Contencioso-Administrativa<\/strong><\/a><\/p><p><strong>\u00a0<\/strong><\/p><p><span style=\"color: #000000;\"><strong>DOBLE MASTER EN ABOGAC\u00cdA Y DERECHO P\u00daBLICO<\/strong><\/span><\/p><p><a href=\"https:\/\/www.us.es\/estudiar\/que-estudiar\/oferta-de-masteres\/doble-master-universitario-en-abogacia-y-derecho-publico\/51300004\" target=\"_blank\" rel=\"noopener\"><strong>Derecho Local<\/strong><\/a><\/p><p><a href=\"https:\/\/www.us.es\/estudiar\/que-estudiar\/oferta-de-masteres\/doble-master-universitario-en-abogacia-y-derecho-publico\/51300015\" target=\"_blank\" rel=\"noopener\"><strong>Pr\u00e1ctica Administrativa<\/strong><\/a><\/p><p><a href=\"https:\/\/www.us.es\/estudiar\/que-estudiar\/oferta-de-masteres\/doble-master-universitario-en-abogacia-y-derecho-publico\/51300017\" target=\"_blank\" rel=\"noopener\"><strong>Pr\u00e1ctica Contencioso-Administrativa<\/strong><\/a><\/p><p><a href=\"https:\/\/www.us.es\/estudiar\/que-estudiar\/oferta-de-masteres\/doble-master-universitario-en-abogacia-y-derecho-publico\/51300029\" target=\"_blank\" rel=\"noopener\"><strong>Tendencias de Derecho P\u00fablico<\/strong><\/a><\/p><p><strong>\u00a0<\/strong><\/p><p><span style=\"color: #000000;\"><strong>DOBLE MASTER EN ABOGAC\u00cdA Y RELACIONES JUR\u00cdDICO PRIVADAS<\/strong><\/span><\/p><p><a href=\"https:\/\/www.us.es\/estudiar\/que-estudiar\/oferta-de-masteres\/doble-master-universitario-en-abogacia-y-relaciones\/51400017\" target=\"_blank\" rel=\"noopener\"><strong>Pr\u00e1ctica Administrativa<\/strong><\/a><\/p><p><strong><a href=\"https:\/\/www.us.es\/estudiar\/que-estudiar\/oferta-de-masteres\/doble-master-universitario-en-abogacia-y-relaciones\/51400019\" target=\"_blank\" rel=\"noopener\">Pr\u00e1ctica Contencioso-Administrativa<\/a><\/strong><\/p><\/section>\t\t\t\t\t\t\t\t<\/div>\n\t\t\t\t<\/div>\n\t\t\t\t\t<\/div>\n\t\t\t\t<\/div>\n\t\t\t\t<\/div>\n\t\t","protected":false},"excerpt":{"rendered":"<p>MASTER EN ABOGAC\u00cdA Pr\u00e1ctica Administrativa Pr\u00e1ctica Contencioso-Administrativa \u00a0 MASTER EN CONSULTOR\u00cdA LABORAL Pr\u00e1ctica Administrativa Avanzada en Asuntos de Orden Social \u00a0 MASTER EN DERECHO P\u00daBLICO Derecho Local Sistema de Administraciones P\u00fablicas Tendencias del Derecho P\u00fablico \u00a0 MASTER EN DIRECCI\u00d3N Y PLANEACI\u00d3N DEL TURISMO R\u00e9gimen Jur\u00eddico de los Recursos Tur\u00edsticos \u00a0 MASTER EN URBANISMO, PLANEAMIENTO Y [&hellip;]<\/p>\n","protected":false},"author":7,"featured_media":0,"parent":3006,"menu_order":0,"comment_status":"closed","ping_status":"closed","template":"","meta":{"footnotes":""},"class_list":["post-3016","page","type-page","status-publish","hentry"],"yoast_head":"<!-- This site is optimized with the Yoast SEO plugin v26.2 - https:\/\/yoast.com\/wordpress\/plugins\/seo\/ -->\n<title>Docencia en m\u00e1steres - Departamento de Derecho Administrativo<\/title>\n<meta name=\"robots\" content=\"index, follow, max-snippet:-1, max-image-preview:large, max-video-preview:-1\" \/>\n<link rel=\"canonical\" href=\"https:\/\/departamento.us.es\/newdavo\/actividad-docente-y-examenes\/docencia-en-masteres\/\" \/>\n<meta property=\"og:locale\" content=\"es_ES\" \/>\n<meta property=\"og:type\" content=\"article\" \/>\n<meta property=\"og:title\" content=\"Docencia en m\u00e1steres - Departamento de Derecho Administrativo\" \/>\n<meta property=\"og:description\" content=\"MASTER EN ABOGAC\u00cdA Pr\u00e1ctica Administrativa Pr\u00e1ctica Contencioso-Administrativa \u00a0 MASTER EN CONSULTOR\u00cdA LABORAL Pr\u00e1ctica Administrativa Avanzada en Asuntos de Orden Social \u00a0 MASTER EN DERECHO P\u00daBLICO Derecho Local Sistema de Administraciones P\u00fablicas Tendencias del Derecho P\u00fablico \u00a0 MASTER EN DIRECCI\u00d3N Y PLANEACI\u00d3N DEL TURISMO R\u00e9gimen Jur\u00eddico de los Recursos Tur\u00edsticos \u00a0 MASTER EN URBANISMO, PLANEAMIENTO Y [&hellip;]\" \/>\n<meta property=\"og:url\" content=\"https:\/\/departamento.us.es\/newdavo\/actividad-docente-y-examenes\/docencia-en-masteres\/\" \/>\n<meta property=\"og:site_name\" content=\"Departamento de Derecho Administrativo\" \/>\n<meta property=\"article:modified_time\" content=\"2025-07-25T10:31:35+00:00\" \/>\n<meta name=\"twitter:card\" content=\"summary_large_image\" \/>\n<meta name=\"twitter:label1\" content=\"Tiempo de lectura\" \/>\n\t<meta name=\"twitter:data1\" content=\"1 minuto\" \/>\n<script type=\"application\/ld+json\" class=\"yoast-schema-graph\">{\"@context\":\"https:\/\/schema.org\",\"@graph\":[{\"@type\":\"WebPage\",\"@id\":\"https:\/\/departamento.us.es\/newdavo\/actividad-docente-y-examenes\/docencia-en-masteres\/\",\"url\":\"https:\/\/departamento.us.es\/newdavo\/actividad-docente-y-examenes\/docencia-en-masteres\/\",\"name\":\"Docencia en m\u00e1steres - Departamento de Derecho Administrativo\",\"isPartOf\":{\"@id\":\"https:\/\/departamento.us.es\/newdavo\/#website\"},\"datePublished\":\"2025-07-23T10:06:39+00:00\",\"dateModified\":\"2025-07-25T10:31:35+00:00\",\"breadcrumb\":{\"@id\":\"https:\/\/departamento.us.es\/newdavo\/actividad-docente-y-examenes\/docencia-en-masteres\/#breadcrumb\"},\"inLanguage\":\"es\",\"potentialAction\":[{\"@type\":\"ReadAction\",\"target\":[\"https:\/\/departamento.us.es\/newdavo\/actividad-docente-y-examenes\/docencia-en-masteres\/\"]}]},{\"@type\":\"BreadcrumbList\",\"@id\":\"https:\/\/departamento.us.es\/newdavo\/actividad-docente-y-examenes\/docencia-en-masteres\/#breadcrumb\",\"itemListElement\":[{\"@type\":\"ListItem\",\"position\":1,\"name\":\"Inicio\",\"item\":\"https:\/\/departamento.us.es\/davo\/\"},{\"@type\":\"ListItem\",\"position\":2,\"name\":\"Actividad docente y ex\u00e1menes\",\"item\":\"https:\/\/departamento.us.es\/newdavo\/actividad-docente-y-examenes\/\"},{\"@type\":\"ListItem\",\"position\":3,\"name\":\"Docencia en m\u00e1steres\"}]},{\"@type\":\"WebSite\",\"@id\":\"https:\/\/departamento.us.es\/newdavo\/#website\",\"url\":\"https:\/\/departamento.us.es\/newdavo\/\",\"name\":\"Departamento de Derecho Administrativo\",\"description\":\"Facultad de Derecho - Universidad de Sevilla\",\"publisher\":{\"@id\":\"https:\/\/departamento.us.es\/newdavo\/#organization\"},\"potentialAction\":[{\"@type\":\"SearchAction\",\"target\":{\"@type\":\"EntryPoint\",\"urlTemplate\":\"https:\/\/departamento.us.es\/newdavo\/?s={search_term_string}\"},\"query-input\":{\"@type\":\"PropertyValueSpecification\",\"valueRequired\":true,\"valueName\":\"search_term_string\"}}],\"inLanguage\":\"es\"},{\"@type\":\"Organization\",\"@id\":\"https:\/\/departamento.us.es\/newdavo\/#organization\",\"name\":\"Departamento de Ciencias Jur\u00eddicas B\u00e1sicas\",\"url\":\"https:\/\/departamento.us.es\/newdavo\/\",\"logo\":{\"@type\":\"ImageObject\",\"inLanguage\":\"es\",\"@id\":\"https:\/\/departamento.us.es\/newdavo\/#\/schema\/logo\/image\/\",\"url\":\"https:\/\/departamento.us.es\/davo\/wp-content\/uploads\/2022\/02\/LogoUS-110.png\",\"contentUrl\":\"https:\/\/departamento.us.es\/davo\/wp-content\/uploads\/2022\/02\/LogoUS-110.png\",\"width\":249,\"height\":110,\"caption\":\"Departamento de Ciencias Jur\u00eddicas B\u00e1sicas\"},\"image\":{\"@id\":\"https:\/\/departamento.us.es\/newdavo\/#\/schema\/logo\/image\/\"}}]}<\/script>\n<!-- \/ Yoast SEO plugin. -->","yoast_head_json":{"title":"Docencia en m\u00e1steres - Departamento de Derecho Administrativo","robots":{"index":"index","follow":"follow","max-snippet":"max-snippet:-1","max-image-preview":"max-image-preview:large","max-video-preview":"max-video-preview:-1"},"canonical":"https:\/\/departamento.us.es\/newdavo\/actividad-docente-y-examenes\/docencia-en-masteres\/","og_locale":"es_ES","og_type":"article","og_title":"Docencia en m\u00e1steres - Departamento de Derecho Administrativo","og_description":"MASTER EN ABOGAC\u00cdA Pr\u00e1ctica Administrativa Pr\u00e1ctica Contencioso-Administrativa \u00a0 MASTER EN CONSULTOR\u00cdA LABORAL Pr\u00e1ctica Administrativa Avanzada en Asuntos de Orden Social \u00a0 MASTER EN DERECHO P\u00daBLICO Derecho Local Sistema de Administraciones P\u00fablicas Tendencias del Derecho P\u00fablico \u00a0 MASTER EN DIRECCI\u00d3N Y PLANEACI\u00d3N DEL TURISMO R\u00e9gimen Jur\u00eddico de los Recursos Tur\u00edsticos \u00a0 MASTER EN URBANISMO, PLANEAMIENTO Y [&hellip;]","og_url":"https:\/\/departamento.us.es\/newdavo\/actividad-docente-y-examenes\/docencia-en-masteres\/","og_site_name":"Departamento de Derecho Administrativo","article_modified_time":"2025-07-25T10:31:35+00:00","twitter_card":"summary_large_image","twitter_misc":{"Tiempo de lectura":"1 minuto"},"schema":{"@context":"https:\/\/schema.org","@graph":[{"@type":"WebPage","@id":"https:\/\/departamento.us.es\/newdavo\/actividad-docente-y-examenes\/docencia-en-masteres\/","url":"https:\/\/departamento.us.es\/newdavo\/actividad-docente-y-examenes\/docencia-en-masteres\/","name":"Docencia en m\u00e1steres - Departamento de Derecho Administrativo","isPartOf":{"@id":"https:\/\/departamento.us.es\/newdavo\/#website"},"datePublished":"2025-07-23T10:06:39+00:00","dateModified":"2025-07-25T10:31:35+00:00","breadcrumb":{"@id":"https:\/\/departamento.us.es\/newdavo\/actividad-docente-y-examenes\/docencia-en-masteres\/#breadcrumb"},"inLanguage":"es","potentialAction":[{"@type":"ReadAction","target":["https:\/\/departamento.us.es\/newdavo\/actividad-docente-y-examenes\/docencia-en-masteres\/"]}]},{"@type":"BreadcrumbList","@id":"https:\/\/departamento.us.es\/newdavo\/actividad-docente-y-examenes\/docencia-en-masteres\/#breadcrumb","itemListElement":[{"@type":"ListItem","position":1,"name":"Inicio","item":"https:\/\/departamento.us.es\/davo\/"},{"@type":"ListItem","position":2,"name":"Actividad docente y ex\u00e1menes","item":"https:\/\/departamento.us.es\/newdavo\/actividad-docente-y-examenes\/"},{"@type":"ListItem","position":3,"name":"Docencia en m\u00e1steres"}]},{"@type":"WebSite","@id":"https:\/\/departamento.us.es\/newdavo\/#website","url":"https:\/\/departamento.us.es\/newdavo\/","name":"Departamento de Derecho Administrativo","description":"Facultad de Derecho - Universidad de Sevilla","publisher":{"@id":"https:\/\/departamento.us.es\/newdavo\/#organization"},"potentialAction":[{"@type":"SearchAction","target":{"@type":"EntryPoint","urlTemplate":"https:\/\/departamento.us.es\/newdavo\/?s={search_term_string}"},"query-input":{"@type":"PropertyValueSpecification","valueRequired":true,"valueName":"search_term_string"}}],"inLanguage":"es"},{"@type":"Organization","@id":"https:\/\/departamento.us.es\/newdavo\/#organization","name":"Departamento de Ciencias Jur\u00eddicas B\u00e1sicas","url":"https:\/\/departamento.us.es\/newdavo\/","logo":{"@type":"ImageObject","inLanguage":"es","@id":"https:\/\/departamento.us.es\/newdavo\/#\/schema\/logo\/image\/","url":"https:\/\/departamento.us.es\/davo\/wp-content\/uploads\/2022\/02\/LogoUS-110.png","contentUrl":"https:\/\/departamento.us.es\/davo\/wp-content\/uploads\/2022\/02\/LogoUS-110.png","width":249,"height":110,"caption":"Departamento de Ciencias Jur\u00eddicas B\u00e1sicas"},"image":{"@id":"https:\/\/departamento.us.es\/newdavo\/#\/schema\/logo\/image\/"}}]}},"_links":{"self":[{"href":"https:\/\/departamento.us.es\/davo\/wp-json\/wp\/v2\/pages\/3016","targetHints":{"allow":["GET"]}}],"collection":[{"href":"https:\/\/departamento.us.es\/davo\/wp-json\/wp\/v2\/pages"}],"about":[{"href":"https:\/\/departamento.us.es\/davo\/wp-json\/wp\/v2\/types\/page"}],"author":[{"embeddable":true,"href":"https:\/\/departamento.us.es\/davo\/wp-json\/wp\/v2\/users\/7"}],"replies":[{"embeddable":true,"href":"https:\/\/departamento.us.es\/davo\/wp-json\/wp\/v2\/comments?post=3016"}],"version-history":[{"count":0,"href":"https:\/\/departamento.us.es\/davo\/wp-json\/wp\/v2\/pages\/3016\/revisions"}],"up":[{"embeddable":true,"href":"https:\/\/departamento.us.es\/davo\/wp-json\/wp\/v2\/pages\/3006"}],"wp:attachment":[{"href":"https:\/\/departamento.us.es\/davo\/wp-json\/wp\/v2\/media?parent=3016"}],"curies":[{"name":"wp","href":"https:\/\/api.w.org\/{rel}","templated":true}]}}