{"id":3017,"date":"2025-07-23T10:07:57","date_gmt":"2025-07-23T10:07:57","guid":{"rendered":"https:\/\/departamento.us.es\/newdavo\/?page_id=3017"},"modified":"2026-05-11T07:00:59","modified_gmt":"2026-05-11T07:00:59","slug":"trabajos-de-fin-de-grado","status":"publish","type":"page","link":"https:\/\/departamento.us.es\/davo\/actividad-docente-y-examenes\/trabajos-de-fin-de-grado\/","title":{"rendered":"Trabajos de fin de grado"},"content":{"rendered":"\t\t<div data-elementor-type=\"wp-page\" data-elementor-id=\"3017\" class=\"elementor elementor-3017\" data-elementor-post-type=\"page\">\n\t\t\t\t<div class=\"elementor-element elementor-element-8dbd879 e-flex e-con-boxed e-con e-parent\" data-id=\"8dbd879\" data-element_type=\"container\">\n\t\t\t\t\t<div class=\"e-con-inner\">\n\t\t\t\t<div class=\"elementor-element elementor-element-9094361 e-n-tabs-none elementor-widget elementor-widget-n-tabs\" data-id=\"9094361\" data-element_type=\"widget\" data-settings=\"{&quot;tabs_justify_horizontal&quot;:&quot;stretch&quot;,&quot;horizontal_scroll&quot;:&quot;disable&quot;}\" data-widget_type=\"nested-tabs.default\">\n\t\t\t\t<div class=\"elementor-widget-container\">\n\t\t\t\t\t\t\t<div class=\"e-n-tabs\" data-widget-number=\"151602017\" aria-label=\"Pesta\u00f1as. Abre elementos con Intro o Espacio, ci\u00e9rralos con Escape y navega con las fechas.\">\n\t\t\t<div class=\"e-n-tabs-heading\" role=\"tablist\">\n\t\t\t\t\t<button id=\"e-n-tab-title-1516020171\" class=\"e-n-tab-title\" aria-selected=\"true\" data-tab-index=\"1\" role=\"tab\" tabindex=\"0\" aria-controls=\"e-n-tab-content-1516020171\" style=\"--n-tabs-title-order: 1;\">\n\t\t\t\t\t\t<span class=\"e-n-tab-title-text\">\n\t\t\t\tNORMATIVA\t\t\t<\/span>\n\t\t<\/button>\n\t\t\t\t<button id=\"e-n-tab-title-1516020172\" class=\"e-n-tab-title\" aria-selected=\"false\" data-tab-index=\"2\" role=\"tab\" tabindex=\"-1\" aria-controls=\"e-n-tab-content-1516020172\" style=\"--n-tabs-title-order: 2;\">\n\t\t\t\t\t\t<span class=\"e-n-tab-title-text\">\n\t\t\t\tPLAZOS DE DEP\u00d3SITO Y DEFENSA\t\t\t<\/span>\n\t\t<\/button>\n\t\t\t\t<button id=\"e-n-tab-title-1516020173\" class=\"e-n-tab-title\" aria-selected=\"false\" data-tab-index=\"3\" role=\"tab\" tabindex=\"-1\" aria-controls=\"e-n-tab-content-1516020173\" style=\"--n-tabs-title-order: 3;\">\n\t\t\t\t\t\t<span class=\"e-n-tab-title-text\">\n\t\t\t\tASIGNACI\u00d3N DE TUTORES\t\t\t<\/span>\n\t\t<\/button>\n\t\t\t\t<button id=\"e-n-tab-title-1516020174\" class=\"e-n-tab-title\" aria-selected=\"false\" data-tab-index=\"4\" role=\"tab\" tabindex=\"-1\" aria-controls=\"e-n-tab-content-1516020174\" style=\"--n-tabs-title-order: 4;\">\n\t\t\t\t\t\t<span class=\"e-n-tab-title-text\">\n\t\t\t\tIMPRESOS Y FORMULARIOS\t\t\t<\/span>\n\t\t<\/button>\n\t\t\t\t\t<\/div>\n\t\t\t<div class=\"e-n-tabs-content\">\n\t\t\t\t<div id=\"e-n-tab-content-1516020171\" role=\"tabpanel\" aria-labelledby=\"e-n-tab-title-1516020171\" data-tab-index=\"1\" style=\"--n-tabs-title-order: 1;\" class=\"e-active elementor-element elementor-element-8b3f5b7 e-con-full e-flex e-con e-child\" data-id=\"8b3f5b7\" data-element_type=\"container\">\n\t\t\t\t<div class=\"elementor-element elementor-element-1484b5e elementor-widget elementor-widget-heading\" data-id=\"1484b5e\" data-element_type=\"widget\" data-widget_type=\"heading.default\">\n\t\t\t\t<div class=\"elementor-widget-container\">\n\t\t\t\t\t<h5 class=\"elementor-heading-title elementor-size-default\">Manuales TERMINUS<\/h5>\t\t\t\t<\/div>\n\t\t\t\t<\/div>\n\t\t\t\t<div class=\"elementor-element elementor-element-b4f8ce4 elementor-list-item-link-inline elementor-icon-list--layout-traditional elementor-widget elementor-widget-icon-list\" data-id=\"b4f8ce4\" data-element_type=\"widget\" data-widget_type=\"icon-list.default\">\n\t\t\t\t<div class=\"elementor-widget-container\">\n\t\t\t\t\t\t\t<ul class=\"elementor-icon-list-items\">\n\t\t\t\t\t\t\t<li class=\"elementor-icon-list-item\">\n\t\t\t\t\t\t\t\t\t\t\t<a href=\"https:\/\/fct.us.es\/sites\/fct\/files\/doc\/titulaciones\/tfg\/terminus_manual_docente.pdf\" target=\"_blank\" rel=\"nofollow\">\n\n\t\t\t\t\t\t\t\t\t\t\t\t<span class=\"elementor-icon-list-icon\">\n\t\t\t\t\t\t\t<i aria-hidden=\"true\" class=\"fas fa-download\"><\/i>\t\t\t\t\t\t<\/span>\n\t\t\t\t\t\t\t\t\t\t<span class=\"elementor-icon-list-text\">Manual para el Profesor<\/span>\n\t\t\t\t\t\t\t\t\t\t\t<\/a>\n\t\t\t\t\t\t\t\t\t<\/li>\n\t\t\t\t\t\t\t\t<li class=\"elementor-icon-list-item\">\n\t\t\t\t\t\t\t\t\t\t\t<a href=\"https:\/\/filologia.us.es\/wp-content\/uploads\/2020\/05\/TERMINUS_MANUAL_PARA_EL_ESTUDIANTE.pdf\" target=\"_blank\" rel=\"nofollow\">\n\n\t\t\t\t\t\t\t\t\t\t\t\t<span class=\"elementor-icon-list-icon\">\n\t\t\t\t\t\t\t<i aria-hidden=\"true\" class=\"fas fa-download\"><\/i>\t\t\t\t\t\t<\/span>\n\t\t\t\t\t\t\t\t\t\t<span class=\"elementor-icon-list-text\">Manual para el alumno<\/span>\n\t\t\t\t\t\t\t\t\t\t\t<\/a>\n\t\t\t\t\t\t\t\t\t<\/li>\n\t\t\t\t\t\t\t\t<li class=\"elementor-icon-list-item\">\n\t\t\t\t\t\t\t\t\t\t\t<a href=\"https:\/\/fceye.us.es\/estudios\/trabajo-fin-de-grado\" target=\"_blank\" rel=\"nofollow\">\n\n\t\t\t\t\t\t\t\t\t\t\t\t<span class=\"elementor-icon-list-icon\">\n\t\t\t\t\t\t\t<i aria-hidden=\"true\" class=\"fas fa-download\"><\/i>\t\t\t\t\t\t<\/span>\n\t\t\t\t\t\t\t\t\t\t<span class=\"elementor-icon-list-text\">Facultad de Ciencias Econ\u00f3micas y Empresariales<\/span>\n\t\t\t\t\t\t\t\t\t\t\t<\/a>\n\t\t\t\t\t\t\t\t\t<\/li>\n\t\t\t\t\t\t\t\t<li class=\"elementor-icon-list-item\">\n\t\t\t\t\t\t\t\t\t\t\t<a href=\"https:\/\/departamento.us.es\/davo\/wp-content\/uploads\/2025\/07\/Facultad_de_Ciencias_Economicas_y_Empresariales.-Procedimiento_de_deposito_de_TFG.pdf\" target=\"_blank\" rel=\"nofollow\">\n\n\t\t\t\t\t\t\t\t\t\t\t\t<span class=\"elementor-icon-list-icon\">\n\t\t\t\t\t\t\t<i aria-hidden=\"true\" class=\"fas fa-download\"><\/i>\t\t\t\t\t\t<\/span>\n\t\t\t\t\t\t\t\t\t\t<span class=\"elementor-icon-list-text\">PROCEDIMIENTO A SEGUIR PARA EL DEP\u00d3SITO DE LOS TRABAJOS FIN DE GRADO EN LAS TITULACIONES IMPARTIDAS EN LA FACULTAD DE CIENCIAS ECON\u00d3MICAS Y EMPRESARIALES<\/span>\n\t\t\t\t\t\t\t\t\t\t\t<\/a>\n\t\t\t\t\t\t\t\t\t<\/li>\n\t\t\t\t\t\t<\/ul>\n\t\t\t\t\t\t<\/div>\n\t\t\t\t<\/div>\n\t\t\t\t<div class=\"elementor-element elementor-element-f36106f elementor-widget elementor-widget-heading\" data-id=\"f36106f\" data-element_type=\"widget\" data-widget_type=\"heading.default\">\n\t\t\t\t<div class=\"elementor-widget-container\">\n\t\t\t\t\t<h5 class=\"elementor-heading-title elementor-size-default\"><a href=\"https:\/\/fct.us.es\/sites\/fct\/themes\/custom\/theme_us\/images\/logo-centro.svg\" target=\"_blank\">Facultad de Ciencias del Trabajo<\/a><\/h5>\t\t\t\t<\/div>\n\t\t\t\t<\/div>\n\t\t\t\t<div class=\"elementor-element elementor-element-69c8794 elementor-list-item-link-inline elementor-icon-list--layout-traditional elementor-widget elementor-widget-icon-list\" data-id=\"69c8794\" data-element_type=\"widget\" data-widget_type=\"icon-list.default\">\n\t\t\t\t<div class=\"elementor-widget-container\">\n\t\t\t\t\t\t\t<ul class=\"elementor-icon-list-items\">\n\t\t\t\t\t\t\t<li class=\"elementor-icon-list-item\">\n\t\t\t\t\t\t\t\t\t\t\t<a href=\"https:\/\/fct.us.es\/index.php\/titulaciones\/doble-grado-en-finanzas-y-contabilidad-y-relaciones-laborales-y-rrhh#TrabajoFindeGrado\" target=\"_blank\" rel=\"nofollow\">\n\n\t\t\t\t\t\t\t\t\t\t\t\t<span class=\"elementor-icon-list-icon\">\n\t\t\t\t\t\t\t<i aria-hidden=\"true\" class=\"fas fa-external-link-alt\"><\/i>\t\t\t\t\t\t<\/span>\n\t\t\t\t\t\t\t\t\t\t<span class=\"elementor-icon-list-text\">Doble grado en RRLL y RRHH y Finanzas y Contabilidad<\/span>\n\t\t\t\t\t\t\t\t\t\t\t<\/a>\n\t\t\t\t\t\t\t\t\t<\/li>\n\t\t\t\t\t\t\t\t<li class=\"elementor-icon-list-item\">\n\t\t\t\t\t\t\t\t\t\t\t<a href=\"https:\/\/fct.us.es\/titulaciones\/grado-en-relaciones-laborales-y-recursos-humanos#TrabajoFindeGrado\" target=\"_blank\" rel=\"nofollow\">\n\n\t\t\t\t\t\t\t\t\t\t\t\t<span class=\"elementor-icon-list-icon\">\n\t\t\t\t\t\t\t<i aria-hidden=\"true\" class=\"fas fa-external-link-alt\"><\/i>\t\t\t\t\t\t<\/span>\n\t\t\t\t\t\t\t\t\t\t<span class=\"elementor-icon-list-text\">Grado en RR LL y RR HH<\/span>\n\t\t\t\t\t\t\t\t\t\t\t<\/a>\n\t\t\t\t\t\t\t\t\t<\/li>\n\t\t\t\t\t\t<\/ul>\n\t\t\t\t\t\t<\/div>\n\t\t\t\t<\/div>\n\t\t\t\t<div class=\"elementor-element elementor-element-8535cbb elementor-widget elementor-widget-heading\" data-id=\"8535cbb\" data-element_type=\"widget\" data-widget_type=\"heading.default\">\n\t\t\t\t<div class=\"elementor-widget-container\">\n\t\t\t\t\t<h5 class=\"elementor-heading-title elementor-size-default\"><a href=\"https:\/\/fcom.us.es\/\" target=\"_blank\">Facultad de comunicaci\u00f3n<\/a><\/h5>\t\t\t\t<\/div>\n\t\t\t\t<\/div>\n\t\t\t\t<div class=\"elementor-element elementor-element-3c3ffc8 elementor-widget elementor-widget-heading\" data-id=\"3c3ffc8\" data-element_type=\"widget\" data-widget_type=\"heading.default\">\n\t\t\t\t<div class=\"elementor-widget-container\">\n\t\t\t\t\t<h5 class=\"elementor-heading-title elementor-size-default\"><a href=\"https:\/\/derecho.us.es\/\" target=\"_blank\">Facultad de derecho<\/a><\/h5>\t\t\t\t<\/div>\n\t\t\t\t<\/div>\n\t\t\t\t<div class=\"elementor-element elementor-element-3514980 elementor-list-item-link-inline elementor-icon-list--layout-traditional elementor-widget elementor-widget-icon-list\" data-id=\"3514980\" data-element_type=\"widget\" data-widget_type=\"icon-list.default\">\n\t\t\t\t<div class=\"elementor-widget-container\">\n\t\t\t\t\t\t\t<ul class=\"elementor-icon-list-items\">\n\t\t\t\t\t\t\t<li class=\"elementor-icon-list-item\">\n\t\t\t\t\t\t\t\t\t\t\t<a href=\"https:\/\/departamento.us.es\/davo\/wp-content\/uploads\/2025\/07\/Procedimiento_a_seguir_para_el_deposito_de_los_Trabajos_Fin_de_Grado_de_las_titulaciones_impartidas_en_la_Facultad_de_Derecho-1.pdf\" target=\"_blank\" rel=\"nofollow\">\n\n\t\t\t\t\t\t\t\t\t\t\t\t<span class=\"elementor-icon-list-icon\">\n\t\t\t\t\t\t\t<i aria-hidden=\"true\" class=\"fas fa-download\"><\/i>\t\t\t\t\t\t<\/span>\n\t\t\t\t\t\t\t\t\t\t<span class=\"elementor-icon-list-text\">Procedimiento a seguir para el dep\u00f3sito de los Trabajos Fin de Grado de la Titulaciones impartidas en la Facultad de Derecho<\/span>\n\t\t\t\t\t\t\t\t\t\t\t<\/a>\n\t\t\t\t\t\t\t\t\t<\/li>\n\t\t\t\t\t\t<\/ul>\n\t\t\t\t\t\t<\/div>\n\t\t\t\t<\/div>\n\t\t\t\t<div class=\"elementor-element elementor-element-31321c9 elementor-widget elementor-widget-heading\" data-id=\"31321c9\" data-element_type=\"widget\" data-widget_type=\"heading.default\">\n\t\t\t\t<div class=\"elementor-widget-container\">\n\t\t\t\t\t<h5 class=\"elementor-heading-title elementor-size-default\"><a href=\"https:\/\/ftf.us.es\/\" target=\"_blank\">Facultad de turismo y finanzas<\/a><\/h5>\t\t\t\t<\/div>\n\t\t\t\t<\/div>\n\t\t\t\t<\/div>\n\t\t<div id=\"e-n-tab-content-1516020172\" role=\"tabpanel\" aria-labelledby=\"e-n-tab-title-1516020172\" data-tab-index=\"2\" style=\"--n-tabs-title-order: 2;\" class=\" elementor-element elementor-element-3b684a4 e-con-full e-flex e-con e-child\" data-id=\"3b684a4\" data-element_type=\"container\">\n\t\t\t\t<\/div>\n\t\t<div id=\"e-n-tab-content-1516020173\" role=\"tabpanel\" aria-labelledby=\"e-n-tab-title-1516020173\" data-tab-index=\"3\" style=\"--n-tabs-title-order: 3;\" class=\" elementor-element elementor-element-6518fba e-con-full e-flex e-con e-child\" data-id=\"6518fba\" data-element_type=\"container\">\n\t\t\t\t<div class=\"elementor-element elementor-element-2cbbc2b elementor-list-item-link-inline elementor-icon-list--layout-traditional elementor-widget elementor-widget-icon-list\" data-id=\"2cbbc2b\" data-element_type=\"widget\" data-widget_type=\"icon-list.default\">\n\t\t\t\t<div class=\"elementor-widget-container\">\n\t\t\t\t\t\t\t<ul class=\"elementor-icon-list-items\">\n\t\t\t\t\t\t\t<li class=\"elementor-icon-list-item\">\n\t\t\t\t\t\t\t\t\t\t\t<a href=\"http:\/\/departamento.us.es\/davo\/wp-content\/uploads\/2025\/10\/Tutores-TFG-27-10.pdf\" target=\"_blank\" rel=\"nofollow\">\n\n\t\t\t\t\t\t\t\t\t\t\t\t<span class=\"elementor-icon-list-icon\">\n\t\t\t\t\t\t\t<i aria-hidden=\"true\" class=\"fas fa-download\"><\/i>\t\t\t\t\t\t<\/span>\n\t\t\t\t\t\t\t\t\t\t<span class=\"elementor-icon-list-text\">ASIGNACI\u00d3N DE TUTORES TFG CURSO 2025-26<\/span>\n\t\t\t\t\t\t\t\t\t\t\t<\/a>\n\t\t\t\t\t\t\t\t\t<\/li>\n\t\t\t\t\t\t\t\t<li class=\"elementor-icon-list-item\">\n\t\t\t\t\t\t\t\t\t\t\t<a href=\"http:\/\/departamento.us.es\/davo\/wp-content\/uploads\/2026\/02\/Tutores-TFG-20-02.pdf\">\n\n\t\t\t\t\t\t\t\t\t\t\t\t<span class=\"elementor-icon-list-icon\">\n\t\t\t\t\t\t\t<i aria-hidden=\"true\" class=\"fas fa-check\"><\/i>\t\t\t\t\t\t<\/span>\n\t\t\t\t\t\t\t\t\t\t<span class=\"elementor-icon-list-text\">ASIGNACI\u00d3N TUTORES TFG AMPLIACI\u00d3N CURSO 2025-26<\/span>\n\t\t\t\t\t\t\t\t\t\t\t<\/a>\n\t\t\t\t\t\t\t\t\t<\/li>\n\t\t\t\t\t\t<\/ul>\n\t\t\t\t\t\t<\/div>\n\t\t\t\t<\/div>\n\t\t\t\t<\/div>\n\t\t<div id=\"e-n-tab-content-1516020174\" role=\"tabpanel\" aria-labelledby=\"e-n-tab-title-1516020174\" data-tab-index=\"4\" style=\"--n-tabs-title-order: 4;\" class=\" elementor-element elementor-element-12d10d0 e-flex e-con-boxed e-con e-child\" data-id=\"12d10d0\" data-element_type=\"container\">\n\t\t\t\t\t<div class=\"e-con-inner\">\n\t\t\t\t<div class=\"elementor-element elementor-element-634bb5a elementor-icon-list--layout-traditional elementor-list-item-link-full_width elementor-widget elementor-widget-icon-list\" data-id=\"634bb5a\" data-element_type=\"widget\" data-widget_type=\"icon-list.default\">\n\t\t\t\t<div class=\"elementor-widget-container\">\n\t\t\t\t\t\t\t<ul class=\"elementor-icon-list-items\">\n\t\t\t\t\t\t\t<li class=\"elementor-icon-list-item\">\n\t\t\t\t\t\t\t\t\t\t\t<a href=\"https:\/\/fceye.us.es\/estudios\/trabajo-fin-de-grado\" target=\"_blank\">\n\n\t\t\t\t\t\t\t\t\t\t\t\t<span class=\"elementor-icon-list-icon\">\n\t\t\t\t\t\t\t<i aria-hidden=\"true\" class=\"fas fa-external-link-alt\"><\/i>\t\t\t\t\t\t<\/span>\n\t\t\t\t\t\t\t\t\t\t<span class=\"elementor-icon-list-text\">Facultad de CC Econ\u00f3micas y Empresariales<\/span>\n\t\t\t\t\t\t\t\t\t\t\t<\/a>\n\t\t\t\t\t\t\t\t\t<\/li>\n\t\t\t\t\t\t\t\t<li class=\"elementor-icon-list-item\">\n\t\t\t\t\t\t\t\t\t\t\t<a href=\"https:\/\/fct.us.es\/titulaciones\/trabajo-fin-de-grado\" target=\"_blank\">\n\n\t\t\t\t\t\t\t\t\t\t\t\t<span class=\"elementor-icon-list-icon\">\n\t\t\t\t\t\t\t<i aria-hidden=\"true\" class=\"fas fa-external-link-alt\"><\/i>\t\t\t\t\t\t<\/span>\n\t\t\t\t\t\t\t\t\t\t<span class=\"elementor-icon-list-text\">Facultad de CC del Trabajo<\/span>\n\t\t\t\t\t\t\t\t\t\t\t<\/a>\n\t\t\t\t\t\t\t\t\t<\/li>\n\t\t\t\t\t\t\t\t<li class=\"elementor-icon-list-item\">\n\t\t\t\t\t\t\t\t\t\t\t<a href=\"https:\/\/derecho.us.es\/docencia\/grados\/trabajo-fin-de-grado\" target=\"_blank\">\n\n\t\t\t\t\t\t\t\t\t\t\t\t<span class=\"elementor-icon-list-icon\">\n\t\t\t\t\t\t\t<i aria-hidden=\"true\" class=\"fas fa-external-link-alt\"><\/i>\t\t\t\t\t\t<\/span>\n\t\t\t\t\t\t\t\t\t\t<span class=\"elementor-icon-list-text\">Facultad de Derecho<\/span>\n\t\t\t\t\t\t\t\t\t\t\t<\/a>\n\t\t\t\t\t\t\t\t\t<\/li>\n\t\t\t\t\t\t<\/ul>\n\t\t\t\t\t\t<\/div>\n\t\t\t\t<\/div>\n\t\t\t\t\t<\/div>\n\t\t\t\t<\/div>\n\t\t\t\t\t<\/div>\n\t\t<\/div>\n\t\t\t\t\t\t<\/div>\n\t\t\t\t<\/div>\n\t\t\t\t<div class=\"elementor-element elementor-element-a8d2fa1 elementor-list-item-link-inline elementor-icon-list--layout-traditional elementor-widget elementor-widget-icon-list\" data-id=\"a8d2fa1\" data-element_type=\"widget\" data-widget_type=\"icon-list.default\">\n\t\t\t\t<div class=\"elementor-widget-container\">\n\t\t\t\t\t\t\t<ul class=\"elementor-icon-list-items\">\n\t\t\t\t\t\t\t<li class=\"elementor-icon-list-item\">\n\t\t\t\t\t\t\t\t\t\t\t<a href=\"http:\/\/departamento.us.es\/davo\/wp-content\/uploads\/2026\/05\/FECHAS-DE-DEPOSITO-Y-DEFENSA-DE-TFG-25-26-1-2-2.pdf\">\n\n\t\t\t\t\t\t\t\t\t\t\t\t<span class=\"elementor-icon-list-icon\">\n\t\t\t\t\t\t\t<i aria-hidden=\"true\" class=\"fas fa-check\"><\/i>\t\t\t\t\t\t<\/span>\n\t\t\t\t\t\t\t\t\t\t<span class=\"elementor-icon-list-text\">Fechas de dep\u00f3sito y defensa de TFG 2025-26<\/span>\n\t\t\t\t\t\t\t\t\t\t\t<\/a>\n\t\t\t\t\t\t\t\t\t<\/li>\n\t\t\t\t\t\t<\/ul>\n\t\t\t\t\t\t<\/div>\n\t\t\t\t<\/div>\n\t\t\t\t\t<\/div>\n\t\t\t\t<\/div>\n\t\t\t\t<\/div>\n\t\t","protected":false},"excerpt":{"rendered":"<p>NORMATIVA PLAZOS DE DEP\u00d3SITO Y DEFENSA ASIGNACI\u00d3N DE TUTORES IMPRESOS Y FORMULARIOS Manuales TERMINUS Manual para el Profesor Manual para el alumno Facultad de Ciencias Econ\u00f3micas y Empresariales PROCEDIMIENTO A SEGUIR PARA EL DEP\u00d3SITO DE LOS TRABAJOS FIN DE GRADO EN LAS TITULACIONES IMPARTIDAS EN LA FACULTAD DE CIENCIAS ECON\u00d3MICAS Y EMPRESARIALES Facultad de Ciencias [&hellip;]<\/p>\n","protected":false},"author":7,"featured_media":0,"parent":3006,"menu_order":0,"comment_status":"closed","ping_status":"closed","template":"","meta":{"footnotes":""},"class_list":["post-3017","page","type-page","status-publish","hentry"],"yoast_head":"<!-- This site is optimized with the Yoast SEO plugin v26.2 - https:\/\/yoast.com\/wordpress\/plugins\/seo\/ -->\n<title>Trabajos de fin de grado - Departamento de Derecho Administrativo<\/title>\n<meta name=\"robots\" content=\"index, follow, max-snippet:-1, max-image-preview:large, max-video-preview:-1\" \/>\n<link rel=\"canonical\" href=\"https:\/\/departamento.us.es\/davo\/actividad-docente-y-examenes\/trabajos-de-fin-de-grado\/\" \/>\n<meta property=\"og:locale\" content=\"es_ES\" \/>\n<meta property=\"og:type\" content=\"article\" \/>\n<meta property=\"og:title\" content=\"Trabajos de fin de grado - Departamento de Derecho Administrativo\" \/>\n<meta property=\"og:description\" content=\"NORMATIVA PLAZOS DE DEP\u00d3SITO Y DEFENSA ASIGNACI\u00d3N DE TUTORES IMPRESOS Y FORMULARIOS Manuales TERMINUS Manual para el Profesor Manual para el alumno Facultad de Ciencias Econ\u00f3micas y Empresariales PROCEDIMIENTO A SEGUIR PARA EL DEP\u00d3SITO DE LOS TRABAJOS FIN DE GRADO EN LAS TITULACIONES IMPARTIDAS EN LA FACULTAD DE CIENCIAS ECON\u00d3MICAS Y EMPRESARIALES Facultad de Ciencias [&hellip;]\" \/>\n<meta property=\"og:url\" content=\"https:\/\/departamento.us.es\/davo\/actividad-docente-y-examenes\/trabajos-de-fin-de-grado\/\" \/>\n<meta property=\"og:site_name\" content=\"Departamento de Derecho Administrativo\" \/>\n<meta property=\"article:modified_time\" content=\"2026-05-11T07:00:59+00:00\" \/>\n<meta name=\"twitter:card\" content=\"summary_large_image\" \/>\n<meta name=\"twitter:label1\" content=\"Tiempo de lectura\" \/>\n\t<meta name=\"twitter:data1\" content=\"2 minutos\" \/>\n<script type=\"application\/ld+json\" class=\"yoast-schema-graph\">{\"@context\":\"https:\/\/schema.org\",\"@graph\":[{\"@type\":\"WebPage\",\"@id\":\"https:\/\/departamento.us.es\/davo\/actividad-docente-y-examenes\/trabajos-de-fin-de-grado\/\",\"url\":\"https:\/\/departamento.us.es\/davo\/actividad-docente-y-examenes\/trabajos-de-fin-de-grado\/\",\"name\":\"Trabajos de fin de grado - Departamento de Derecho Administrativo\",\"isPartOf\":{\"@id\":\"https:\/\/departamento.us.es\/newdavo\/#website\"},\"datePublished\":\"2025-07-23T10:07:57+00:00\",\"dateModified\":\"2026-05-11T07:00:59+00:00\",\"breadcrumb\":{\"@id\":\"https:\/\/departamento.us.es\/davo\/actividad-docente-y-examenes\/trabajos-de-fin-de-grado\/#breadcrumb\"},\"inLanguage\":\"es\",\"potentialAction\":[{\"@type\":\"ReadAction\",\"target\":[\"https:\/\/departamento.us.es\/davo\/actividad-docente-y-examenes\/trabajos-de-fin-de-grado\/\"]}]},{\"@type\":\"BreadcrumbList\",\"@id\":\"https:\/\/departamento.us.es\/davo\/actividad-docente-y-examenes\/trabajos-de-fin-de-grado\/#breadcrumb\",\"itemListElement\":[{\"@type\":\"ListItem\",\"position\":1,\"name\":\"Inicio\",\"item\":\"https:\/\/departamento.us.es\/davo\/\"},{\"@type\":\"ListItem\",\"position\":2,\"name\":\"Actividad docente y ex\u00e1menes\",\"item\":\"https:\/\/departamento.us.es\/newdavo\/actividad-docente-y-examenes\/\"},{\"@type\":\"ListItem\",\"position\":3,\"name\":\"Trabajos de fin de grado\"}]},{\"@type\":\"WebSite\",\"@id\":\"https:\/\/departamento.us.es\/newdavo\/#website\",\"url\":\"https:\/\/departamento.us.es\/newdavo\/\",\"name\":\"Departamento de Derecho Administrativo\",\"description\":\"Facultad de Derecho - Universidad de Sevilla\",\"publisher\":{\"@id\":\"https:\/\/departamento.us.es\/newdavo\/#organization\"},\"potentialAction\":[{\"@type\":\"SearchAction\",\"target\":{\"@type\":\"EntryPoint\",\"urlTemplate\":\"https:\/\/departamento.us.es\/newdavo\/?s={search_term_string}\"},\"query-input\":{\"@type\":\"PropertyValueSpecification\",\"valueRequired\":true,\"valueName\":\"search_term_string\"}}],\"inLanguage\":\"es\"},{\"@type\":\"Organization\",\"@id\":\"https:\/\/departamento.us.es\/newdavo\/#organization\",\"name\":\"Departamento de Ciencias Jur\u00eddicas B\u00e1sicas\",\"url\":\"https:\/\/departamento.us.es\/newdavo\/\",\"logo\":{\"@type\":\"ImageObject\",\"inLanguage\":\"es\",\"@id\":\"https:\/\/departamento.us.es\/newdavo\/#\/schema\/logo\/image\/\",\"url\":\"https:\/\/departamento.us.es\/davo\/wp-content\/uploads\/2022\/02\/LogoUS-110.png\",\"contentUrl\":\"https:\/\/departamento.us.es\/davo\/wp-content\/uploads\/2022\/02\/LogoUS-110.png\",\"width\":249,\"height\":110,\"caption\":\"Departamento de Ciencias Jur\u00eddicas B\u00e1sicas\"},\"image\":{\"@id\":\"https:\/\/departamento.us.es\/newdavo\/#\/schema\/logo\/image\/\"}}]}<\/script>\n<!-- \/ Yoast SEO plugin. -->","yoast_head_json":{"title":"Trabajos de fin de grado - Departamento de Derecho Administrativo","robots":{"index":"index","follow":"follow","max-snippet":"max-snippet:-1","max-image-preview":"max-image-preview:large","max-video-preview":"max-video-preview:-1"},"canonical":"https:\/\/departamento.us.es\/davo\/actividad-docente-y-examenes\/trabajos-de-fin-de-grado\/","og_locale":"es_ES","og_type":"article","og_title":"Trabajos de fin de grado - Departamento de Derecho Administrativo","og_description":"NORMATIVA PLAZOS DE DEP\u00d3SITO Y DEFENSA ASIGNACI\u00d3N DE TUTORES IMPRESOS Y FORMULARIOS Manuales TERMINUS Manual para el Profesor Manual para el alumno Facultad de Ciencias Econ\u00f3micas y Empresariales PROCEDIMIENTO A SEGUIR PARA EL DEP\u00d3SITO DE LOS TRABAJOS FIN DE GRADO EN LAS TITULACIONES IMPARTIDAS EN LA FACULTAD DE CIENCIAS ECON\u00d3MICAS Y EMPRESARIALES Facultad de Ciencias [&hellip;]","og_url":"https:\/\/departamento.us.es\/davo\/actividad-docente-y-examenes\/trabajos-de-fin-de-grado\/","og_site_name":"Departamento de Derecho Administrativo","article_modified_time":"2026-05-11T07:00:59+00:00","twitter_card":"summary_large_image","twitter_misc":{"Tiempo de lectura":"2 minutos"},"schema":{"@context":"https:\/\/schema.org","@graph":[{"@type":"WebPage","@id":"https:\/\/departamento.us.es\/davo\/actividad-docente-y-examenes\/trabajos-de-fin-de-grado\/","url":"https:\/\/departamento.us.es\/davo\/actividad-docente-y-examenes\/trabajos-de-fin-de-grado\/","name":"Trabajos de fin de grado - Departamento de Derecho Administrativo","isPartOf":{"@id":"https:\/\/departamento.us.es\/newdavo\/#website"},"datePublished":"2025-07-23T10:07:57+00:00","dateModified":"2026-05-11T07:00:59+00:00","breadcrumb":{"@id":"https:\/\/departamento.us.es\/davo\/actividad-docente-y-examenes\/trabajos-de-fin-de-grado\/#breadcrumb"},"inLanguage":"es","potentialAction":[{"@type":"ReadAction","target":["https:\/\/departamento.us.es\/davo\/actividad-docente-y-examenes\/trabajos-de-fin-de-grado\/"]}]},{"@type":"BreadcrumbList","@id":"https:\/\/departamento.us.es\/davo\/actividad-docente-y-examenes\/trabajos-de-fin-de-grado\/#breadcrumb","itemListElement":[{"@type":"ListItem","position":1,"name":"Inicio","item":"https:\/\/departamento.us.es\/davo\/"},{"@type":"ListItem","position":2,"name":"Actividad docente y ex\u00e1menes","item":"https:\/\/departamento.us.es\/newdavo\/actividad-docente-y-examenes\/"},{"@type":"ListItem","position":3,"name":"Trabajos de fin de grado"}]},{"@type":"WebSite","@id":"https:\/\/departamento.us.es\/newdavo\/#website","url":"https:\/\/departamento.us.es\/newdavo\/","name":"Departamento de Derecho Administrativo","description":"Facultad de Derecho - Universidad de Sevilla","publisher":{"@id":"https:\/\/departamento.us.es\/newdavo\/#organization"},"potentialAction":[{"@type":"SearchAction","target":{"@type":"EntryPoint","urlTemplate":"https:\/\/departamento.us.es\/newdavo\/?s={search_term_string}"},"query-input":{"@type":"PropertyValueSpecification","valueRequired":true,"valueName":"search_term_string"}}],"inLanguage":"es"},{"@type":"Organization","@id":"https:\/\/departamento.us.es\/newdavo\/#organization","name":"Departamento de Ciencias Jur\u00eddicas B\u00e1sicas","url":"https:\/\/departamento.us.es\/newdavo\/","logo":{"@type":"ImageObject","inLanguage":"es","@id":"https:\/\/departamento.us.es\/newdavo\/#\/schema\/logo\/image\/","url":"https:\/\/departamento.us.es\/davo\/wp-content\/uploads\/2022\/02\/LogoUS-110.png","contentUrl":"https:\/\/departamento.us.es\/davo\/wp-content\/uploads\/2022\/02\/LogoUS-110.png","width":249,"height":110,"caption":"Departamento de Ciencias Jur\u00eddicas B\u00e1sicas"},"image":{"@id":"https:\/\/departamento.us.es\/newdavo\/#\/schema\/logo\/image\/"}}]}},"_links":{"self":[{"href":"https:\/\/departamento.us.es\/davo\/wp-json\/wp\/v2\/pages\/3017","targetHints":{"allow":["GET"]}}],"collection":[{"href":"https:\/\/departamento.us.es\/davo\/wp-json\/wp\/v2\/pages"}],"about":[{"href":"https:\/\/departamento.us.es\/davo\/wp-json\/wp\/v2\/types\/page"}],"author":[{"embeddable":true,"href":"https:\/\/departamento.us.es\/davo\/wp-json\/wp\/v2\/users\/7"}],"replies":[{"embeddable":true,"href":"https:\/\/departamento.us.es\/davo\/wp-json\/wp\/v2\/comments?post=3017"}],"version-history":[{"count":0,"href":"https:\/\/departamento.us.es\/davo\/wp-json\/wp\/v2\/pages\/3017\/revisions"}],"up":[{"embeddable":true,"href":"https:\/\/departamento.us.es\/davo\/wp-json\/wp\/v2\/pages\/3006"}],"wp:attachment":[{"href":"https:\/\/departamento.us.es\/davo\/wp-json\/wp\/v2\/media?parent=3017"}],"curies":[{"name":"wp","href":"https:\/\/api.w.org\/{rel}","templated":true}]}}