{"id":3019,"date":"2025-07-23T10:10:00","date_gmt":"2025-07-23T10:10:00","guid":{"rendered":"https:\/\/departamento.us.es\/newdavo\/?page_id=3019"},"modified":"2026-02-24T12:49:29","modified_gmt":"2026-02-24T12:49:29","slug":"practicas-externas","status":"publish","type":"page","link":"https:\/\/departamento.us.es\/davo\/actividad-docente-y-examenes\/practicas-externas\/","title":{"rendered":"Pr\u00e1cticas externas"},"content":{"rendered":"\t\t<div data-elementor-type=\"wp-page\" data-elementor-id=\"3019\" class=\"elementor elementor-3019\" data-elementor-post-type=\"page\">\n\t\t\t\t<div class=\"elementor-element elementor-element-39b6836 e-flex e-con-boxed e-con e-parent\" data-id=\"39b6836\" data-element_type=\"container\">\n\t\t\t\t\t<div class=\"e-con-inner\">\n\t\t\t\t<div class=\"elementor-element elementor-element-eb7d851 e-n-tabs-none elementor-widget elementor-widget-n-tabs\" data-id=\"eb7d851\" data-element_type=\"widget\" data-settings=\"{&quot;tabs_justify_horizontal&quot;:&quot;stretch&quot;,&quot;horizontal_scroll&quot;:&quot;disable&quot;}\" data-widget_type=\"nested-tabs.default\">\n\t\t\t\t<div class=\"elementor-widget-container\">\n\t\t\t\t\t\t\t<div class=\"e-n-tabs\" data-widget-number=\"246929489\" aria-label=\"Pesta\u00f1as. Abre elementos con Intro o Espacio, ci\u00e9rralos con Escape y navega con las fechas.\">\n\t\t\t<div class=\"e-n-tabs-heading\" role=\"tablist\">\n\t\t\t\t\t<button id=\"e-n-tab-title-2469294891\" class=\"e-n-tab-title\" aria-selected=\"true\" data-tab-index=\"1\" role=\"tab\" tabindex=\"0\" aria-controls=\"e-n-tab-content-2469294891\" style=\"--n-tabs-title-order: 1;\">\n\t\t\t\t\t\t<span class=\"e-n-tab-title-text\">\n\t\t\t\tNORMATIVA\t\t\t<\/span>\n\t\t<\/button>\n\t\t\t\t<button id=\"e-n-tab-title-2469294892\" class=\"e-n-tab-title\" aria-selected=\"false\" data-tab-index=\"2\" role=\"tab\" tabindex=\"-1\" aria-controls=\"e-n-tab-content-2469294892\" style=\"--n-tabs-title-order: 2;\">\n\t\t\t\t\t\t<span class=\"e-n-tab-title-text\">\n\t\t\t\tPLAZOS DE DEP\u00d3SITO Y DEFENSA\t\t\t<\/span>\n\t\t<\/button>\n\t\t\t\t<button id=\"e-n-tab-title-2469294893\" class=\"e-n-tab-title\" aria-selected=\"false\" data-tab-index=\"3\" role=\"tab\" tabindex=\"-1\" aria-controls=\"e-n-tab-content-2469294893\" style=\"--n-tabs-title-order: 3;\">\n\t\t\t\t\t\t<span class=\"e-n-tab-title-text\">\n\t\t\t\tASIGNACI\u00d3N DE TUTORES\t\t\t<\/span>\n\t\t<\/button>\n\t\t\t\t<button id=\"e-n-tab-title-2469294894\" class=\"e-n-tab-title\" aria-selected=\"false\" data-tab-index=\"4\" role=\"tab\" tabindex=\"-1\" aria-controls=\"e-n-tab-content-2469294894\" style=\"--n-tabs-title-order: 4;\">\n\t\t\t\t\t\t<span class=\"e-n-tab-title-text\">\n\t\t\t\tIMPRESOS Y FORMULARIOS\t\t\t<\/span>\n\t\t<\/button>\n\t\t\t\t\t<\/div>\n\t\t\t<div class=\"e-n-tabs-content\">\n\t\t\t\t<div id=\"e-n-tab-content-2469294891\" role=\"tabpanel\" aria-labelledby=\"e-n-tab-title-2469294891\" data-tab-index=\"1\" style=\"--n-tabs-title-order: 1;\" class=\"e-active elementor-element elementor-element-f3d8064 e-con-full e-flex e-con e-child\" data-id=\"f3d8064\" data-element_type=\"container\">\n\t\t\t\t<div class=\"elementor-element elementor-element-1f6ec47 elementor-list-item-link-inline elementor-icon-list--layout-traditional elementor-widget elementor-widget-icon-list\" data-id=\"1f6ec47\" data-element_type=\"widget\" data-widget_type=\"icon-list.default\">\n\t\t\t\t<div class=\"elementor-widget-container\">\n\t\t\t\t\t\t\t<ul class=\"elementor-icon-list-items\">\n\t\t\t\t\t\t\t<li class=\"elementor-icon-list-item\">\n\t\t\t\t\t\t\t\t\t\t\t<a href=\"https:\/\/departamento.us.es\/davo\/wp-content\/uploads\/2025\/07\/manual_alumno_pract_curricular2_rev.pdf\" target=\"_blank\" rel=\"nofollow\">\n\n\t\t\t\t\t\t\t\t\t\t\t\t<span class=\"elementor-icon-list-icon\">\n\t\t\t\t\t\t\t<i aria-hidden=\"true\" class=\"fas fa-download\"><\/i>\t\t\t\t\t\t<\/span>\n\t\t\t\t\t\t\t\t\t\t<span class=\"elementor-icon-list-text\">Manual \u00cdcaro para Pr\u00e1cticas Curriculares<\/span>\n\t\t\t\t\t\t\t\t\t\t\t<\/a>\n\t\t\t\t\t\t\t\t\t<\/li>\n\t\t\t\t\t\t\t\t<li class=\"elementor-icon-list-item\">\n\t\t\t\t\t\t\t\t\t\t\t<a href=\"https:\/\/derecho.us.es\/docencia\/practicas-externas\" target=\"_blank\" rel=\"nofollow\">\n\n\t\t\t\t\t\t\t\t\t\t\t\t<span class=\"elementor-icon-list-icon\">\n\t\t\t\t\t\t\t<i aria-hidden=\"true\" class=\"fas fa-external-link-alt\"><\/i>\t\t\t\t\t\t<\/span>\n\t\t\t\t\t\t\t\t\t\t<span class=\"elementor-icon-list-text\">Facultad de Derecho<\/span>\n\t\t\t\t\t\t\t\t\t\t\t<\/a>\n\t\t\t\t\t\t\t\t\t<\/li>\n\t\t\t\t\t\t\t\t<li class=\"elementor-icon-list-item\">\n\t\t\t\t\t\t\t\t\t\t\t<a href=\"https:\/\/fct.us.es\/estudiantes\/practicas\" target=\"_blank\" rel=\"nofollow\">\n\n\t\t\t\t\t\t\t\t\t\t\t\t<span class=\"elementor-icon-list-icon\">\n\t\t\t\t\t\t\t<i aria-hidden=\"true\" class=\"fas fa-external-link-alt\"><\/i>\t\t\t\t\t\t<\/span>\n\t\t\t\t\t\t\t\t\t\t<span class=\"elementor-icon-list-text\">Facultad de Ciencias del Trabajo<\/span>\n\t\t\t\t\t\t\t\t\t\t\t<\/a>\n\t\t\t\t\t\t\t\t\t<\/li>\n\t\t\t\t\t\t\t\t<li class=\"elementor-icon-list-item\">\n\t\t\t\t\t\t\t\t\t\t\t<span class=\"elementor-icon-list-icon\">\n\t\t\t\t\t\t\t<i aria-hidden=\"true\" class=\"fas fa-external-link-alt\"><\/i>\t\t\t\t\t\t<\/span>\n\t\t\t\t\t\t\t\t\t\t<span class=\"elementor-icon-list-text\">Facultad de Turismo y Finanzas<\/span>\n\t\t\t\t\t\t\t\t\t<\/li>\n\t\t\t\t\t\t<\/ul>\n\t\t\t\t\t\t<\/div>\n\t\t\t\t<\/div>\n\t\t\t\t<\/div>\n\t\t<div id=\"e-n-tab-content-2469294892\" role=\"tabpanel\" aria-labelledby=\"e-n-tab-title-2469294892\" data-tab-index=\"2\" style=\"--n-tabs-title-order: 2;\" class=\" elementor-element elementor-element-b6461cd e-con-full e-flex e-con e-child\" data-id=\"b6461cd\" data-element_type=\"container\">\n\t\t\t\t<\/div>\n\t\t<div id=\"e-n-tab-content-2469294893\" role=\"tabpanel\" aria-labelledby=\"e-n-tab-title-2469294893\" data-tab-index=\"3\" style=\"--n-tabs-title-order: 3;\" class=\" elementor-element elementor-element-4f38402 e-con-full e-flex e-con e-child\" data-id=\"4f38402\" data-element_type=\"container\">\n\t\t\t\t<div class=\"elementor-element elementor-element-bf93ba2 elementor-list-item-link-inline elementor-icon-list--layout-traditional elementor-widget elementor-widget-icon-list\" data-id=\"bf93ba2\" data-element_type=\"widget\" data-widget_type=\"icon-list.default\">\n\t\t\t\t<div class=\"elementor-widget-container\">\n\t\t\t\t\t\t\t<ul class=\"elementor-icon-list-items\">\n\t\t\t\t\t\t\t<li class=\"elementor-icon-list-item\">\n\t\t\t\t\t\t\t\t\t\t\t<a href=\"http:\/\/departamento.us.es\/davo\/wp-content\/uploads\/2025\/10\/Practicas-Master-27-10.pdf\">\n\n\t\t\t\t\t\t\t\t\t\t\t\t<span class=\"elementor-icon-list-icon\">\n\t\t\t\t\t\t\t<i aria-hidden=\"true\" class=\"fas fa-external-link-alt\"><\/i>\t\t\t\t\t\t<\/span>\n\t\t\t\t\t\t\t\t\t\t<span class=\"elementor-icon-list-text\">Asignaci\u00f3n de tutores para pr\u00e1cticas externas. M\u00e1ster 2025-26<\/span>\n\t\t\t\t\t\t\t\t\t\t\t<\/a>\n\t\t\t\t\t\t\t\t\t<\/li>\n\t\t\t\t\t\t\t\t<li class=\"elementor-icon-list-item\">\n\t\t\t\t\t\t\t\t\t\t\t<a href=\"http:\/\/departamento.us.es\/davo\/wp-content\/uploads\/2025\/10\/Practicas-Grado-27-10.pdf\" target=\"_blank\" rel=\"nofollow\">\n\n\t\t\t\t\t\t\t\t\t\t\t\t<span class=\"elementor-icon-list-icon\">\n\t\t\t\t\t\t\t<i aria-hidden=\"true\" class=\"fas fa-download\"><\/i>\t\t\t\t\t\t<\/span>\n\t\t\t\t\t\t\t\t\t\t<span class=\"elementor-icon-list-text\">Asignaci\u00f3n de tutores para pr\u00e1cticas externas. Grado 2025-26<\/span>\n\t\t\t\t\t\t\t\t\t\t\t<\/a>\n\t\t\t\t\t\t\t\t\t<\/li>\n\t\t\t\t\t\t\t\t<li class=\"elementor-icon-list-item\">\n\t\t\t\t\t\t\t\t\t\t\t<a href=\"https:\/\/departamento.us.es\/davo\/wp-content\/uploads\/2026\/02\/Tutores-Practicas-24-02.pdf\">\n\n\t\t\t\t\t\t\t\t\t\t\t\t<span class=\"elementor-icon-list-icon\">\n\t\t\t\t\t\t\t<i aria-hidden=\"true\" class=\"fas fa-check\"><\/i>\t\t\t\t\t\t<\/span>\n\t\t\t\t\t\t\t\t\t\t<span class=\"elementor-icon-list-text\">Asignaci\u00f3n de tutores para pr\u00e1cticas externas. Grado Ampliaci\u00f3n 2025-26<\/span>\n\t\t\t\t\t\t\t\t\t\t\t<\/a>\n\t\t\t\t\t\t\t\t\t<\/li>\n\t\t\t\t\t\t<\/ul>\n\t\t\t\t\t\t<\/div>\n\t\t\t\t<\/div>\n\t\t\t\t<\/div>\n\t\t<div id=\"e-n-tab-content-2469294894\" role=\"tabpanel\" aria-labelledby=\"e-n-tab-title-2469294894\" data-tab-index=\"4\" style=\"--n-tabs-title-order: 4;\" class=\" elementor-element elementor-element-050decb e-flex e-con-boxed e-con e-child\" data-id=\"050decb\" data-element_type=\"container\">\n\t\t\t\t\t<div class=\"e-con-inner\">\n\t\t\t\t\t<\/div>\n\t\t\t\t<\/div>\n\t\t\t\t\t<\/div>\n\t\t<\/div>\n\t\t\t\t\t\t<\/div>\n\t\t\t\t<\/div>\n\t\t\t\t\t<\/div>\n\t\t\t\t<\/div>\n\t\t\t\t<\/div>\n\t\t","protected":false},"excerpt":{"rendered":"<p>NORMATIVA PLAZOS DE DEP\u00d3SITO Y DEFENSA ASIGNACI\u00d3N DE TUTORES IMPRESOS Y FORMULARIOS Manual \u00cdcaro para Pr\u00e1cticas Curriculares Facultad de Derecho Facultad de Ciencias del Trabajo Facultad de Turismo y Finanzas Asignaci\u00f3n de tutores para pr\u00e1cticas externas. M\u00e1ster 2025-26 Asignaci\u00f3n de tutores para pr\u00e1cticas externas. Grado 2025-26 Asignaci\u00f3n de tutores para pr\u00e1cticas externas. Grado Ampliaci\u00f3n 2025-26 [&hellip;]<\/p>\n","protected":false},"author":7,"featured_media":0,"parent":3006,"menu_order":0,"comment_status":"closed","ping_status":"closed","template":"","meta":{"footnotes":""},"class_list":["post-3019","page","type-page","status-publish","hentry"],"yoast_head":"<!-- This site is optimized with the Yoast SEO plugin v26.2 - https:\/\/yoast.com\/wordpress\/plugins\/seo\/ -->\n<title>Pr\u00e1cticas externas - Departamento de Derecho Administrativo<\/title>\n<meta name=\"robots\" content=\"index, follow, max-snippet:-1, max-image-preview:large, max-video-preview:-1\" \/>\n<link rel=\"canonical\" href=\"https:\/\/departamento.us.es\/davo\/actividad-docente-y-examenes\/practicas-externas\/\" \/>\n<meta property=\"og:locale\" content=\"es_ES\" \/>\n<meta property=\"og:type\" content=\"article\" \/>\n<meta property=\"og:title\" content=\"Pr\u00e1cticas externas - Departamento de Derecho Administrativo\" \/>\n<meta property=\"og:description\" content=\"NORMATIVA PLAZOS DE DEP\u00d3SITO Y DEFENSA ASIGNACI\u00d3N DE TUTORES IMPRESOS Y FORMULARIOS Manual \u00cdcaro para Pr\u00e1cticas Curriculares Facultad de Derecho Facultad de Ciencias del Trabajo Facultad de Turismo y Finanzas Asignaci\u00f3n de tutores para pr\u00e1cticas externas. M\u00e1ster 2025-26 Asignaci\u00f3n de tutores para pr\u00e1cticas externas. Grado 2025-26 Asignaci\u00f3n de tutores para pr\u00e1cticas externas. Grado Ampliaci\u00f3n 2025-26 [&hellip;]\" \/>\n<meta property=\"og:url\" content=\"https:\/\/departamento.us.es\/davo\/actividad-docente-y-examenes\/practicas-externas\/\" \/>\n<meta property=\"og:site_name\" content=\"Departamento de Derecho Administrativo\" \/>\n<meta property=\"article:modified_time\" content=\"2026-02-24T12:49:29+00:00\" \/>\n<meta name=\"twitter:card\" content=\"summary_large_image\" \/>\n<meta name=\"twitter:label1\" content=\"Tiempo de lectura\" \/>\n\t<meta name=\"twitter:data1\" content=\"1 minuto\" \/>\n<script type=\"application\/ld+json\" class=\"yoast-schema-graph\">{\"@context\":\"https:\/\/schema.org\",\"@graph\":[{\"@type\":\"WebPage\",\"@id\":\"https:\/\/departamento.us.es\/davo\/actividad-docente-y-examenes\/practicas-externas\/\",\"url\":\"https:\/\/departamento.us.es\/davo\/actividad-docente-y-examenes\/practicas-externas\/\",\"name\":\"Pr\u00e1cticas externas - Departamento de Derecho Administrativo\",\"isPartOf\":{\"@id\":\"https:\/\/departamento.us.es\/newdavo\/#website\"},\"datePublished\":\"2025-07-23T10:10:00+00:00\",\"dateModified\":\"2026-02-24T12:49:29+00:00\",\"breadcrumb\":{\"@id\":\"https:\/\/departamento.us.es\/davo\/actividad-docente-y-examenes\/practicas-externas\/#breadcrumb\"},\"inLanguage\":\"es\",\"potentialAction\":[{\"@type\":\"ReadAction\",\"target\":[\"https:\/\/departamento.us.es\/davo\/actividad-docente-y-examenes\/practicas-externas\/\"]}]},{\"@type\":\"BreadcrumbList\",\"@id\":\"https:\/\/departamento.us.es\/davo\/actividad-docente-y-examenes\/practicas-externas\/#breadcrumb\",\"itemListElement\":[{\"@type\":\"ListItem\",\"position\":1,\"name\":\"Inicio\",\"item\":\"https:\/\/departamento.us.es\/davo\/\"},{\"@type\":\"ListItem\",\"position\":2,\"name\":\"Actividad docente y ex\u00e1menes\",\"item\":\"https:\/\/departamento.us.es\/newdavo\/actividad-docente-y-examenes\/\"},{\"@type\":\"ListItem\",\"position\":3,\"name\":\"Pr\u00e1cticas externas\"}]},{\"@type\":\"WebSite\",\"@id\":\"https:\/\/departamento.us.es\/newdavo\/#website\",\"url\":\"https:\/\/departamento.us.es\/newdavo\/\",\"name\":\"Departamento de Derecho Administrativo\",\"description\":\"Facultad de Derecho - Universidad de Sevilla\",\"publisher\":{\"@id\":\"https:\/\/departamento.us.es\/newdavo\/#organization\"},\"potentialAction\":[{\"@type\":\"SearchAction\",\"target\":{\"@type\":\"EntryPoint\",\"urlTemplate\":\"https:\/\/departamento.us.es\/newdavo\/?s={search_term_string}\"},\"query-input\":{\"@type\":\"PropertyValueSpecification\",\"valueRequired\":true,\"valueName\":\"search_term_string\"}}],\"inLanguage\":\"es\"},{\"@type\":\"Organization\",\"@id\":\"https:\/\/departamento.us.es\/newdavo\/#organization\",\"name\":\"Departamento de Ciencias Jur\u00eddicas B\u00e1sicas\",\"url\":\"https:\/\/departamento.us.es\/newdavo\/\",\"logo\":{\"@type\":\"ImageObject\",\"inLanguage\":\"es\",\"@id\":\"https:\/\/departamento.us.es\/newdavo\/#\/schema\/logo\/image\/\",\"url\":\"https:\/\/departamento.us.es\/davo\/wp-content\/uploads\/2022\/02\/LogoUS-110.png\",\"contentUrl\":\"https:\/\/departamento.us.es\/davo\/wp-content\/uploads\/2022\/02\/LogoUS-110.png\",\"width\":249,\"height\":110,\"caption\":\"Departamento de Ciencias Jur\u00eddicas B\u00e1sicas\"},\"image\":{\"@id\":\"https:\/\/departamento.us.es\/newdavo\/#\/schema\/logo\/image\/\"}}]}<\/script>\n<!-- \/ Yoast SEO plugin. -->","yoast_head_json":{"title":"Pr\u00e1cticas externas - Departamento de Derecho Administrativo","robots":{"index":"index","follow":"follow","max-snippet":"max-snippet:-1","max-image-preview":"max-image-preview:large","max-video-preview":"max-video-preview:-1"},"canonical":"https:\/\/departamento.us.es\/davo\/actividad-docente-y-examenes\/practicas-externas\/","og_locale":"es_ES","og_type":"article","og_title":"Pr\u00e1cticas externas - Departamento de Derecho Administrativo","og_description":"NORMATIVA PLAZOS DE DEP\u00d3SITO Y DEFENSA ASIGNACI\u00d3N DE TUTORES IMPRESOS Y FORMULARIOS Manual \u00cdcaro para Pr\u00e1cticas Curriculares Facultad de Derecho Facultad de Ciencias del Trabajo Facultad de Turismo y Finanzas Asignaci\u00f3n de tutores para pr\u00e1cticas externas. M\u00e1ster 2025-26 Asignaci\u00f3n de tutores para pr\u00e1cticas externas. Grado 2025-26 Asignaci\u00f3n de tutores para pr\u00e1cticas externas. Grado Ampliaci\u00f3n 2025-26 [&hellip;]","og_url":"https:\/\/departamento.us.es\/davo\/actividad-docente-y-examenes\/practicas-externas\/","og_site_name":"Departamento de Derecho Administrativo","article_modified_time":"2026-02-24T12:49:29+00:00","twitter_card":"summary_large_image","twitter_misc":{"Tiempo de lectura":"1 minuto"},"schema":{"@context":"https:\/\/schema.org","@graph":[{"@type":"WebPage","@id":"https:\/\/departamento.us.es\/davo\/actividad-docente-y-examenes\/practicas-externas\/","url":"https:\/\/departamento.us.es\/davo\/actividad-docente-y-examenes\/practicas-externas\/","name":"Pr\u00e1cticas externas - Departamento de Derecho Administrativo","isPartOf":{"@id":"https:\/\/departamento.us.es\/newdavo\/#website"},"datePublished":"2025-07-23T10:10:00+00:00","dateModified":"2026-02-24T12:49:29+00:00","breadcrumb":{"@id":"https:\/\/departamento.us.es\/davo\/actividad-docente-y-examenes\/practicas-externas\/#breadcrumb"},"inLanguage":"es","potentialAction":[{"@type":"ReadAction","target":["https:\/\/departamento.us.es\/davo\/actividad-docente-y-examenes\/practicas-externas\/"]}]},{"@type":"BreadcrumbList","@id":"https:\/\/departamento.us.es\/davo\/actividad-docente-y-examenes\/practicas-externas\/#breadcrumb","itemListElement":[{"@type":"ListItem","position":1,"name":"Inicio","item":"https:\/\/departamento.us.es\/davo\/"},{"@type":"ListItem","position":2,"name":"Actividad docente y ex\u00e1menes","item":"https:\/\/departamento.us.es\/newdavo\/actividad-docente-y-examenes\/"},{"@type":"ListItem","position":3,"name":"Pr\u00e1cticas externas"}]},{"@type":"WebSite","@id":"https:\/\/departamento.us.es\/newdavo\/#website","url":"https:\/\/departamento.us.es\/newdavo\/","name":"Departamento de Derecho Administrativo","description":"Facultad de Derecho - Universidad de Sevilla","publisher":{"@id":"https:\/\/departamento.us.es\/newdavo\/#organization"},"potentialAction":[{"@type":"SearchAction","target":{"@type":"EntryPoint","urlTemplate":"https:\/\/departamento.us.es\/newdavo\/?s={search_term_string}"},"query-input":{"@type":"PropertyValueSpecification","valueRequired":true,"valueName":"search_term_string"}}],"inLanguage":"es"},{"@type":"Organization","@id":"https:\/\/departamento.us.es\/newdavo\/#organization","name":"Departamento de Ciencias Jur\u00eddicas B\u00e1sicas","url":"https:\/\/departamento.us.es\/newdavo\/","logo":{"@type":"ImageObject","inLanguage":"es","@id":"https:\/\/departamento.us.es\/newdavo\/#\/schema\/logo\/image\/","url":"https:\/\/departamento.us.es\/davo\/wp-content\/uploads\/2022\/02\/LogoUS-110.png","contentUrl":"https:\/\/departamento.us.es\/davo\/wp-content\/uploads\/2022\/02\/LogoUS-110.png","width":249,"height":110,"caption":"Departamento de Ciencias Jur\u00eddicas B\u00e1sicas"},"image":{"@id":"https:\/\/departamento.us.es\/newdavo\/#\/schema\/logo\/image\/"}}]}},"_links":{"self":[{"href":"https:\/\/departamento.us.es\/davo\/wp-json\/wp\/v2\/pages\/3019","targetHints":{"allow":["GET"]}}],"collection":[{"href":"https:\/\/departamento.us.es\/davo\/wp-json\/wp\/v2\/pages"}],"about":[{"href":"https:\/\/departamento.us.es\/davo\/wp-json\/wp\/v2\/types\/page"}],"author":[{"embeddable":true,"href":"https:\/\/departamento.us.es\/davo\/wp-json\/wp\/v2\/users\/7"}],"replies":[{"embeddable":true,"href":"https:\/\/departamento.us.es\/davo\/wp-json\/wp\/v2\/comments?post=3019"}],"version-history":[{"count":0,"href":"https:\/\/departamento.us.es\/davo\/wp-json\/wp\/v2\/pages\/3019\/revisions"}],"up":[{"embeddable":true,"href":"https:\/\/departamento.us.es\/davo\/wp-json\/wp\/v2\/pages\/3006"}],"wp:attachment":[{"href":"https:\/\/departamento.us.es\/davo\/wp-json\/wp\/v2\/media?parent=3019"}],"curies":[{"name":"wp","href":"https:\/\/api.w.org\/{rel}","templated":true}]}}