{"id":2583,"date":"2024-11-20T13:25:12","date_gmt":"2024-11-20T13:25:12","guid":{"rendered":"https:\/\/departamento.us.es\/dbiovege25\/?page_id=2583"},"modified":"2024-12-12T13:05:03","modified_gmt":"2024-12-12T13:05:03","slug":"noticias","status":"publish","type":"page","link":"https:\/\/departamento.us.es\/dbiovege\/noticias\/","title":{"rendered":"Noticias"},"content":{"rendered":"\t\t<div data-elementor-type=\"wp-page\" data-elementor-id=\"2583\" class=\"elementor elementor-2583\" data-elementor-post-type=\"page\">\n\t\t\t\t<div class=\"elementor-element elementor-element-e59d08e e-flex e-con-boxed e-con e-parent\" data-id=\"e59d08e\" data-element_type=\"container\">\n\t\t\t\t\t<div class=\"e-con-inner\">\n\t\t\t\t<div class=\"elementor-element elementor-element-132de7e elementor-grid-3 elementor-grid-tablet-2 elementor-grid-mobile-1 elementor-posts--thumbnail-top elementor-widget elementor-widget-posts\" data-id=\"132de7e\" data-element_type=\"widget\" data-settings=\"{&quot;pagination_type&quot;:&quot;numbers_and_prev_next&quot;,&quot;classic_columns&quot;:&quot;3&quot;,&quot;classic_columns_tablet&quot;:&quot;2&quot;,&quot;classic_columns_mobile&quot;:&quot;1&quot;,&quot;classic_row_gap&quot;:{&quot;unit&quot;:&quot;px&quot;,&quot;size&quot;:35,&quot;sizes&quot;:[]},&quot;classic_row_gap_tablet&quot;:{&quot;unit&quot;:&quot;px&quot;,&quot;size&quot;:&quot;&quot;,&quot;sizes&quot;:[]},&quot;classic_row_gap_mobile&quot;:{&quot;unit&quot;:&quot;px&quot;,&quot;size&quot;:&quot;&quot;,&quot;sizes&quot;:[]}}\" data-widget_type=\"posts.classic\">\n\t\t\t\t<div class=\"elementor-widget-container\">\n\t\t\t\t\t\t\t<div class=\"elementor-posts-container elementor-posts elementor-posts--skin-classic elementor-grid\">\n\t\t\t\t<article class=\"elementor-post elementor-grid-item post-3144 post type-post status-publish format-standard has-post-thumbnail hentry category-noticias\">\n\t\t\t\t<a class=\"elementor-post__thumbnail__link\" href=\"https:\/\/departamento.us.es\/dbiovege\/defensa-de-la-tesis-doctoral-de-ma-dolores-monje-rueda-2-copy\/\" tabindex=\"-1\" >\n\t\t\t<div class=\"elementor-post__thumbnail\"><img fetchpriority=\"high\" decoding=\"async\" width=\"1200\" height=\"600\" src=\"https:\/\/departamento.us.es\/dbiovege\/wp-content\/uploads\/2025\/01\/banner-logo.jpg\" class=\"attachment-medium size-medium wp-image-2770\" alt=\"\" srcset=\"https:\/\/departamento.us.es\/dbiovege\/wp-content\/uploads\/2025\/01\/banner-logo.jpg 1200w, https:\/\/departamento.us.es\/dbiovege\/wp-content\/uploads\/2025\/01\/banner-logo-768x384.jpg 768w\" sizes=\"(max-width: 1200px) 100vw, 1200px\" \/><\/div>\n\t\t<\/a>\n\t\t\t\t<div class=\"elementor-post__text\">\n\t\t\t\t<h3 class=\"elementor-post__title\">\n\t\t\t<a href=\"https:\/\/departamento.us.es\/dbiovege\/defensa-de-la-tesis-doctoral-de-ma-dolores-monje-rueda-2-copy\/\" >\n\t\t\t\tDefensa de la tesis doctoral de D\u00aa Mar\u00eda Inmaculada Garc\u00eda D\u00edaz\t\t\t<\/a>\n\t\t<\/h3>\n\t\t\t\t<div class=\"elementor-post__meta-data\">\n\t\t\t\t\t<span class=\"elementor-post-date\">\n\t\t\t19 de marzo de 2026\t\t<\/span>\n\t\t\t\t<\/div>\n\t\t\t\t<div class=\"elementor-post__excerpt\">\n\t\t\t<p>Saluda lectura Tesis Inmaculada Garcia Diaz.report<\/p>\n\t\t<\/div>\n\t\t\n\t\t<a class=\"elementor-post__read-more\" href=\"https:\/\/departamento.us.es\/dbiovege\/defensa-de-la-tesis-doctoral-de-ma-dolores-monje-rueda-2-copy\/\" aria-label=\"M\u00e1s informaci\u00f3n sobre Defensa de la tesis doctoral de D\u00aa Mar\u00eda Inmaculada Garc\u00eda D\u00edaz\" tabindex=\"-1\" >\n\t\t\tLeer m\u00e1s \u00bb\t\t<\/a>\n\n\t\t\t\t<\/div>\n\t\t\t\t<\/article>\n\t\t\t\t<article class=\"elementor-post elementor-grid-item post-3143 post type-post status-publish format-standard has-post-thumbnail hentry category-noticias\">\n\t\t\t\t<a class=\"elementor-post__thumbnail__link\" href=\"https:\/\/departamento.us.es\/dbiovege\/presentacion-copy-copy-copy-copy\/\" tabindex=\"-1\" >\n\t\t\t<div class=\"elementor-post__thumbnail\"><img fetchpriority=\"high\" decoding=\"async\" width=\"1200\" height=\"600\" src=\"https:\/\/departamento.us.es\/dbiovege\/wp-content\/uploads\/2025\/01\/banner-logo.jpg\" class=\"attachment-medium size-medium wp-image-2770\" alt=\"\" srcset=\"https:\/\/departamento.us.es\/dbiovege\/wp-content\/uploads\/2025\/01\/banner-logo.jpg 1200w, https:\/\/departamento.us.es\/dbiovege\/wp-content\/uploads\/2025\/01\/banner-logo-768x384.jpg 768w\" sizes=\"(max-width: 1200px) 100vw, 1200px\" \/><\/div>\n\t\t<\/a>\n\t\t\t\t<div class=\"elementor-post__text\">\n\t\t\t\t<h3 class=\"elementor-post__title\">\n\t\t\t<a href=\"https:\/\/departamento.us.es\/dbiovege\/presentacion-copy-copy-copy-copy\/\" >\n\t\t\t\tProclamaci\u00f3n definitiva de candidatos al Sector D del Consejo de Departamento\t\t\t<\/a>\n\t\t<\/h3>\n\t\t\t\t<div class=\"elementor-post__meta-data\">\n\t\t\t\t\t<span class=\"elementor-post-date\">\n\t\t\t19 de marzo de 2026\t\t<\/span>\n\t\t\t\t<\/div>\n\t\t\t\t<div class=\"elementor-post__excerpt\">\n\t\t\t<p>Proclamacion definitiva candidatos Sector D.report A\u00f1ade aqu\u00ed tu texto de cabecera<\/p>\n\t\t<\/div>\n\t\t\n\t\t<a class=\"elementor-post__read-more\" href=\"https:\/\/departamento.us.es\/dbiovege\/presentacion-copy-copy-copy-copy\/\" aria-label=\"M\u00e1s informaci\u00f3n sobre Proclamaci\u00f3n definitiva de candidatos al Sector D del Consejo de Departamento\" tabindex=\"-1\" >\n\t\t\tLeer m\u00e1s \u00bb\t\t<\/a>\n\n\t\t\t\t<\/div>\n\t\t\t\t<\/article>\n\t\t\t\t<article class=\"elementor-post elementor-grid-item post-3142 post type-post status-publish format-standard has-post-thumbnail hentry category-noticias\">\n\t\t\t\t<a class=\"elementor-post__thumbnail__link\" href=\"https:\/\/departamento.us.es\/dbiovege\/presentacion-copy-copy-copy\/\" tabindex=\"-1\" >\n\t\t\t<div class=\"elementor-post__thumbnail\"><img fetchpriority=\"high\" decoding=\"async\" width=\"1200\" height=\"600\" src=\"https:\/\/departamento.us.es\/dbiovege\/wp-content\/uploads\/2025\/01\/banner-logo.jpg\" class=\"attachment-medium size-medium wp-image-2770\" alt=\"\" srcset=\"https:\/\/departamento.us.es\/dbiovege\/wp-content\/uploads\/2025\/01\/banner-logo.jpg 1200w, https:\/\/departamento.us.es\/dbiovege\/wp-content\/uploads\/2025\/01\/banner-logo-768x384.jpg 768w\" sizes=\"(max-width: 1200px) 100vw, 1200px\" \/><\/div>\n\t\t<\/a>\n\t\t\t\t<div class=\"elementor-post__text\">\n\t\t\t\t<h3 class=\"elementor-post__title\">\n\t\t\t<a href=\"https:\/\/departamento.us.es\/dbiovege\/presentacion-copy-copy-copy\/\" >\n\t\t\t\tProclamaci\u00f3n definitiva de candidatos al Sector B del Consejo de Departamento\t\t\t<\/a>\n\t\t<\/h3>\n\t\t\t\t<div class=\"elementor-post__meta-data\">\n\t\t\t\t\t<span class=\"elementor-post-date\">\n\t\t\t19 de marzo de 2026\t\t<\/span>\n\t\t\t\t<\/div>\n\t\t\t\t<div class=\"elementor-post__excerpt\">\n\t\t\t<p>Proclamacion definitiva candidatos Sector B.report A\u00f1ade aqu\u00ed tu texto de cabecera<\/p>\n\t\t<\/div>\n\t\t\n\t\t<a class=\"elementor-post__read-more\" href=\"https:\/\/departamento.us.es\/dbiovege\/presentacion-copy-copy-copy\/\" aria-label=\"M\u00e1s informaci\u00f3n sobre Proclamaci\u00f3n definitiva de candidatos al Sector B del Consejo de Departamento\" tabindex=\"-1\" >\n\t\t\tLeer m\u00e1s \u00bb\t\t<\/a>\n\n\t\t\t\t<\/div>\n\t\t\t\t<\/article>\n\t\t\t\t<article class=\"elementor-post elementor-grid-item post-3138 post type-post status-publish format-standard has-post-thumbnail hentry category-noticias\">\n\t\t\t\t<a class=\"elementor-post__thumbnail__link\" href=\"https:\/\/departamento.us.es\/dbiovege\/presentacion-copy-copy\/\" tabindex=\"-1\" >\n\t\t\t<div class=\"elementor-post__thumbnail\"><img fetchpriority=\"high\" decoding=\"async\" width=\"1200\" height=\"600\" src=\"https:\/\/departamento.us.es\/dbiovege\/wp-content\/uploads\/2025\/01\/banner-logo.jpg\" class=\"attachment-medium size-medium wp-image-2770\" alt=\"\" srcset=\"https:\/\/departamento.us.es\/dbiovege\/wp-content\/uploads\/2025\/01\/banner-logo.jpg 1200w, https:\/\/departamento.us.es\/dbiovege\/wp-content\/uploads\/2025\/01\/banner-logo-768x384.jpg 768w\" sizes=\"(max-width: 1200px) 100vw, 1200px\" \/><\/div>\n\t\t<\/a>\n\t\t\t\t<div class=\"elementor-post__text\">\n\t\t\t\t<h3 class=\"elementor-post__title\">\n\t\t\t<a href=\"https:\/\/departamento.us.es\/dbiovege\/presentacion-copy-copy\/\" >\n\t\t\t\tELECCIONES A SECTOR B Y D DELCONSEJO DE DEPARTAMENTO\t\t\t<\/a>\n\t\t<\/h3>\n\t\t\t\t<div class=\"elementor-post__meta-data\">\n\t\t\t\t\t<span class=\"elementor-post-date\">\n\t\t\t25 de febrero de 2026\t\t<\/span>\n\t\t\t\t<\/div>\n\t\t\t\t<div class=\"elementor-post__excerpt\">\n\t\t\t<p>Elecciones Sector B y D Consejo Departamento 2026 def A\u00f1ade aqu\u00ed tu texto de cabecera<\/p>\n\t\t<\/div>\n\t\t\n\t\t<a class=\"elementor-post__read-more\" href=\"https:\/\/departamento.us.es\/dbiovege\/presentacion-copy-copy\/\" aria-label=\"M\u00e1s informaci\u00f3n sobre ELECCIONES A SECTOR B Y D DELCONSEJO DE DEPARTAMENTO\" tabindex=\"-1\" >\n\t\t\tLeer m\u00e1s \u00bb\t\t<\/a>\n\n\t\t\t\t<\/div>\n\t\t\t\t<\/article>\n\t\t\t\t<article class=\"elementor-post elementor-grid-item post-3130 post type-post status-publish format-standard has-post-thumbnail hentry category-noticias\">\n\t\t\t\t<a class=\"elementor-post__thumbnail__link\" href=\"https:\/\/departamento.us.es\/dbiovege\/presentacion-copy\/\" tabindex=\"-1\" >\n\t\t\t<div class=\"elementor-post__thumbnail\"><img fetchpriority=\"high\" decoding=\"async\" width=\"1200\" height=\"600\" src=\"https:\/\/departamento.us.es\/dbiovege\/wp-content\/uploads\/2025\/01\/banner-logo.jpg\" class=\"attachment-medium size-medium wp-image-2770\" alt=\"\" srcset=\"https:\/\/departamento.us.es\/dbiovege\/wp-content\/uploads\/2025\/01\/banner-logo.jpg 1200w, https:\/\/departamento.us.es\/dbiovege\/wp-content\/uploads\/2025\/01\/banner-logo-768x384.jpg 768w\" sizes=\"(max-width: 1200px) 100vw, 1200px\" \/><\/div>\n\t\t<\/a>\n\t\t\t\t<div class=\"elementor-post__text\">\n\t\t\t\t<h3 class=\"elementor-post__title\">\n\t\t\t<a href=\"https:\/\/departamento.us.es\/dbiovege\/presentacion-copy\/\" >\n\t\t\t\tREGLAMENTO DE FUNCIONAMIENTO DEL CONSEJO DE DEPARTAMENTO\t\t\t<\/a>\n\t\t<\/h3>\n\t\t\t\t<div class=\"elementor-post__meta-data\">\n\t\t\t\t\t<span class=\"elementor-post-date\">\n\t\t\t24 de febrero de 2026\t\t<\/span>\n\t\t\t\t<\/div>\n\t\t\t\t<div class=\"elementor-post__excerpt\">\n\t\t\t<p>REGLAMENTO DE FUNCIONAMIENTO DEL CONSEJO DE DEPARTAMENTO reglamento_departamento_aprobado_10_02_26 A\u00f1ade aqu\u00ed tu texto de cabecera<\/p>\n\t\t<\/div>\n\t\t\n\t\t<a class=\"elementor-post__read-more\" href=\"https:\/\/departamento.us.es\/dbiovege\/presentacion-copy\/\" aria-label=\"M\u00e1s informaci\u00f3n sobre REGLAMENTO DE FUNCIONAMIENTO DEL CONSEJO DE DEPARTAMENTO\" tabindex=\"-1\" >\n\t\t\tLeer m\u00e1s \u00bb\t\t<\/a>\n\n\t\t\t\t<\/div>\n\t\t\t\t<\/article>\n\t\t\t\t<article class=\"elementor-post elementor-grid-item post-3126 post type-post status-publish format-standard has-post-thumbnail hentry category-noticias\">\n\t\t\t\t<a class=\"elementor-post__thumbnail__link\" href=\"https:\/\/departamento.us.es\/dbiovege\/presentacion\/\" tabindex=\"-1\" >\n\t\t\t<div class=\"elementor-post__thumbnail\"><img fetchpriority=\"high\" decoding=\"async\" width=\"1200\" height=\"600\" src=\"https:\/\/departamento.us.es\/dbiovege\/wp-content\/uploads\/2025\/01\/banner-logo.jpg\" class=\"attachment-medium size-medium wp-image-2770\" alt=\"\" srcset=\"https:\/\/departamento.us.es\/dbiovege\/wp-content\/uploads\/2025\/01\/banner-logo.jpg 1200w, https:\/\/departamento.us.es\/dbiovege\/wp-content\/uploads\/2025\/01\/banner-logo-768x384.jpg 768w\" sizes=\"(max-width: 1200px) 100vw, 1200px\" \/><\/div>\n\t\t<\/a>\n\t\t\t\t<div class=\"elementor-post__text\">\n\t\t\t\t<h3 class=\"elementor-post__title\">\n\t\t\t<a href=\"https:\/\/departamento.us.es\/dbiovege\/presentacion\/\" >\n\t\t\t\tCandidatos provisionales Representantes estudiantiles en el Consejos de Departamento (Sector C)\t\t\t<\/a>\n\t\t<\/h3>\n\t\t\t\t<div class=\"elementor-post__meta-data\">\n\t\t\t\t\t<span class=\"elementor-post-date\">\n\t\t\t17 de febrero de 2026\t\t<\/span>\n\t\t\t\t<\/div>\n\t\t\t\t<div class=\"elementor-post__excerpt\">\n\t\t\t<p>Presentacion candidatos.report<\/p>\n\t\t<\/div>\n\t\t\n\t\t<a class=\"elementor-post__read-more\" href=\"https:\/\/departamento.us.es\/dbiovege\/presentacion\/\" aria-label=\"M\u00e1s informaci\u00f3n sobre Candidatos provisionales Representantes estudiantiles en el Consejos de Departamento (Sector C)\" tabindex=\"-1\" >\n\t\t\tLeer m\u00e1s \u00bb\t\t<\/a>\n\n\t\t\t\t<\/div>\n\t\t\t\t<\/article>\n\t\t\t\t<\/div>\n\t\t\n\t\t\t\t<div class=\"e-load-more-anchor\" data-page=\"1\" data-max-page=\"4\" data-next-page=\"https:\/\/departamento.us.es\/dbiovege\/wp-json\/wp\/v2\/pages\/2583\/page\/2\/\"><\/div>\n\t\t\t\t<nav class=\"elementor-pagination\" aria-label=\"Paginaci\u00f3n\">\n\t\t\t<span class=\"page-numbers prev\">&laquo; Anterior<\/span>\n<span aria-current=\"page\" class=\"page-numbers current\"><span class=\"elementor-screen-only\">P\u00e1gina<\/span>1<\/span>\n<a class=\"page-numbers\" href=\"https:\/\/departamento.us.es\/dbiovege\/wp-json\/wp\/v2\/pages\/2583\/page\/2\/\"><span class=\"elementor-screen-only\">P\u00e1gina<\/span>2<\/a>\n<a class=\"page-numbers\" href=\"https:\/\/departamento.us.es\/dbiovege\/wp-json\/wp\/v2\/pages\/2583\/page\/3\/\"><span class=\"elementor-screen-only\">P\u00e1gina<\/span>3<\/a>\n<a class=\"page-numbers\" href=\"https:\/\/departamento.us.es\/dbiovege\/wp-json\/wp\/v2\/pages\/2583\/page\/4\/\"><span class=\"elementor-screen-only\">P\u00e1gina<\/span>4<\/a>\n<a class=\"page-numbers next\" href=\"https:\/\/departamento.us.es\/dbiovege\/wp-json\/wp\/v2\/pages\/2583\/page\/2\/\">Siguiente &raquo;<\/a>\t\t<\/nav>\n\t\t\t\t\t\t<\/div>\n\t\t\t\t<\/div>\n\t\t\t\t\t<\/div>\n\t\t\t\t<\/div>\n\t\t\t\t<\/div>\n\t\t","protected":false},"excerpt":{"rendered":"","protected":false},"author":7,"featured_media":0,"parent":0,"menu_order":0,"comment_status":"closed","ping_status":"closed","template":"","meta":{"_acf_changed":false,"footnotes":""},"class_list":["post-2583","page","type-page","status-publish","hentry"],"acf":[],"yoast_head":"<!-- This site is optimized with the Yoast SEO plugin v25.1 - https:\/\/yoast.com\/wordpress\/plugins\/seo\/ -->\n<title>Noticias - DBIOVEGE<\/title>\n<meta name=\"robots\" content=\"index, follow, max-snippet:-1, max-image-preview:large, max-video-preview:-1\" \/>\n<link rel=\"canonical\" href=\"https:\/\/departamento.us.es\/dbiovege\/noticias\/\" \/>\n<meta property=\"og:locale\" content=\"es_ES\" \/>\n<meta property=\"og:type\" content=\"article\" \/>\n<meta property=\"og:title\" content=\"Noticias - DBIOVEGE\" \/>\n<meta property=\"og:url\" content=\"https:\/\/departamento.us.es\/dbiovege\/noticias\/\" \/>\n<meta property=\"og:site_name\" content=\"DBIOVEGE\" \/>\n<meta property=\"article:modified_time\" content=\"2024-12-12T13:05:03+00:00\" \/>\n<meta name=\"twitter:card\" content=\"summary_large_image\" \/>\n<meta name=\"twitter:label1\" content=\"Tiempo de lectura\" \/>\n\t<meta name=\"twitter:data1\" content=\"3 minutos\" \/>\n<script type=\"application\/ld+json\" class=\"yoast-schema-graph\">{\"@context\":\"https:\/\/schema.org\",\"@graph\":[{\"@type\":\"WebPage\",\"@id\":\"https:\/\/departamento.us.es\/dbiovege\/noticias\/\",\"url\":\"https:\/\/departamento.us.es\/dbiovege\/noticias\/\",\"name\":\"Noticias - DBIOVEGE\",\"isPartOf\":{\"@id\":\"https:\/\/departamento.us.es\/dbiovege\/#website\"},\"datePublished\":\"2024-11-20T13:25:12+00:00\",\"dateModified\":\"2024-12-12T13:05:03+00:00\",\"inLanguage\":\"es\",\"potentialAction\":[{\"@type\":\"ReadAction\",\"target\":[\"https:\/\/departamento.us.es\/dbiovege\/noticias\/\"]}]},{\"@type\":\"WebSite\",\"@id\":\"https:\/\/departamento.us.es\/dbiovege\/#website\",\"url\":\"https:\/\/departamento.us.es\/dbiovege\/\",\"name\":\"DBIOVEGE\",\"description\":\"Departamento de Bioqu\u00edmica Vegetal y Biolog\u00eda Molecular\",\"publisher\":{\"@id\":\"https:\/\/departamento.us.es\/dbiovege\/#organization\"},\"potentialAction\":[{\"@type\":\"SearchAction\",\"target\":{\"@type\":\"EntryPoint\",\"urlTemplate\":\"https:\/\/departamento.us.es\/dbiovege\/?s={search_term_string}\"},\"query-input\":{\"@type\":\"PropertyValueSpecification\",\"valueRequired\":true,\"valueName\":\"search_term_string\"}}],\"inLanguage\":\"es\"},{\"@type\":\"Organization\",\"@id\":\"https:\/\/departamento.us.es\/dbiovege\/#organization\",\"name\":\"DBIOVEGE\",\"url\":\"https:\/\/departamento.us.es\/dbiovege\/\",\"logo\":{\"@type\":\"ImageObject\",\"inLanguage\":\"es\",\"@id\":\"https:\/\/departamento.us.es\/dbiovege\/#\/schema\/logo\/image\/\",\"url\":\"https:\/\/departamento.us.es\/dbiovege\/wp-content\/uploads\/2022\/02\/logo-DBIOVERGE25.png\",\"contentUrl\":\"https:\/\/departamento.us.es\/dbiovege\/wp-content\/uploads\/2022\/02\/logo-DBIOVERGE25.png\",\"width\":444,\"height\":572,\"caption\":\"DBIOVEGE\"},\"image\":{\"@id\":\"https:\/\/departamento.us.es\/dbiovege\/#\/schema\/logo\/image\/\"}}]}<\/script>\n<!-- \/ Yoast SEO plugin. -->","yoast_head_json":{"title":"Noticias - DBIOVEGE","robots":{"index":"index","follow":"follow","max-snippet":"max-snippet:-1","max-image-preview":"max-image-preview:large","max-video-preview":"max-video-preview:-1"},"canonical":"https:\/\/departamento.us.es\/dbiovege\/noticias\/","og_locale":"es_ES","og_type":"article","og_title":"Noticias - DBIOVEGE","og_url":"https:\/\/departamento.us.es\/dbiovege\/noticias\/","og_site_name":"DBIOVEGE","article_modified_time":"2024-12-12T13:05:03+00:00","twitter_card":"summary_large_image","twitter_misc":{"Tiempo de lectura":"3 minutos"},"schema":{"@context":"https:\/\/schema.org","@graph":[{"@type":"WebPage","@id":"https:\/\/departamento.us.es\/dbiovege\/noticias\/","url":"https:\/\/departamento.us.es\/dbiovege\/noticias\/","name":"Noticias - DBIOVEGE","isPartOf":{"@id":"https:\/\/departamento.us.es\/dbiovege\/#website"},"datePublished":"2024-11-20T13:25:12+00:00","dateModified":"2024-12-12T13:05:03+00:00","inLanguage":"es","potentialAction":[{"@type":"ReadAction","target":["https:\/\/departamento.us.es\/dbiovege\/noticias\/"]}]},{"@type":"WebSite","@id":"https:\/\/departamento.us.es\/dbiovege\/#website","url":"https:\/\/departamento.us.es\/dbiovege\/","name":"DBIOVEGE","description":"Departamento de Bioqu\u00edmica Vegetal y Biolog\u00eda Molecular","publisher":{"@id":"https:\/\/departamento.us.es\/dbiovege\/#organization"},"potentialAction":[{"@type":"SearchAction","target":{"@type":"EntryPoint","urlTemplate":"https:\/\/departamento.us.es\/dbiovege\/?s={search_term_string}"},"query-input":{"@type":"PropertyValueSpecification","valueRequired":true,"valueName":"search_term_string"}}],"inLanguage":"es"},{"@type":"Organization","@id":"https:\/\/departamento.us.es\/dbiovege\/#organization","name":"DBIOVEGE","url":"https:\/\/departamento.us.es\/dbiovege\/","logo":{"@type":"ImageObject","inLanguage":"es","@id":"https:\/\/departamento.us.es\/dbiovege\/#\/schema\/logo\/image\/","url":"https:\/\/departamento.us.es\/dbiovege\/wp-content\/uploads\/2022\/02\/logo-DBIOVERGE25.png","contentUrl":"https:\/\/departamento.us.es\/dbiovege\/wp-content\/uploads\/2022\/02\/logo-DBIOVERGE25.png","width":444,"height":572,"caption":"DBIOVEGE"},"image":{"@id":"https:\/\/departamento.us.es\/dbiovege\/#\/schema\/logo\/image\/"}}]}},"_links":{"self":[{"href":"https:\/\/departamento.us.es\/dbiovege\/wp-json\/wp\/v2\/pages\/2583","targetHints":{"allow":["GET"]}}],"collection":[{"href":"https:\/\/departamento.us.es\/dbiovege\/wp-json\/wp\/v2\/pages"}],"about":[{"href":"https:\/\/departamento.us.es\/dbiovege\/wp-json\/wp\/v2\/types\/page"}],"author":[{"embeddable":true,"href":"https:\/\/departamento.us.es\/dbiovege\/wp-json\/wp\/v2\/users\/7"}],"replies":[{"embeddable":true,"href":"https:\/\/departamento.us.es\/dbiovege\/wp-json\/wp\/v2\/comments?post=2583"}],"version-history":[{"count":0,"href":"https:\/\/departamento.us.es\/dbiovege\/wp-json\/wp\/v2\/pages\/2583\/revisions"}],"wp:attachment":[{"href":"https:\/\/departamento.us.es\/dbiovege\/wp-json\/wp\/v2\/media?parent=2583"}],"curies":[{"name":"wp","href":"https:\/\/api.w.org\/{rel}","templated":true}]}}