{"id":2702,"date":"2025-01-07T12:04:39","date_gmt":"2025-01-07T12:04:39","guid":{"rendered":"https:\/\/departamento.us.es\/dbiovege25\/?page_id=2702"},"modified":"2025-02-11T09:15:37","modified_gmt":"2025-02-11T09:15:37","slug":"grado-en-bioquimica","status":"publish","type":"page","link":"https:\/\/departamento.us.es\/dbiovege\/grado-en-bioquimica\/","title":{"rendered":"Grado en Bioqu\u00edmica"},"content":{"rendered":"\t\t<div data-elementor-type=\"wp-page\" data-elementor-id=\"2702\" class=\"elementor elementor-2702\" data-elementor-post-type=\"page\">\n\t\t\t\t<div class=\"elementor-element elementor-element-c00b88b e-flex e-con-boxed e-con e-parent\" data-id=\"c00b88b\" data-element_type=\"container\">\n\t\t\t\t\t<div class=\"e-con-inner\">\n\t\t\t\t<div class=\"elementor-element elementor-element-0ee91dd elementor-widget elementor-widget-heading\" data-id=\"0ee91dd\" data-element_type=\"widget\" data-widget_type=\"heading.default\">\n\t\t\t\t<div class=\"elementor-widget-container\">\n\t\t\t\t\t<h3 class=\"elementor-heading-title elementor-size-default\">Grado en Bioqu\u00edmica (Plan 2010) Facultad de Biolog\u00eda<\/h3>\t\t\t\t<\/div>\n\t\t\t\t<\/div>\n\t\t\t\t<div class=\"elementor-element elementor-element-1b37bfa elementor-widget elementor-widget-text-editor\" data-id=\"1b37bfa\" data-element_type=\"widget\" data-widget_type=\"text-editor.default\">\n\t\t\t\t<div class=\"elementor-widget-container\">\n\t\t\t\t\t\t\t\t\t<table style=\"border-collapse: collapse; width: 95.8435%; height: 576px;\"><tbody><tr style=\"background-color: #23a2a3;\"><td style=\"width: 50.7653%; border-color: #4ac83e; height: 24px;\"><span style=\"color: #ffffff;\">Asignatura<\/span><\/td><td style=\"width: 14.0307%; border-color: #4ac83e; height: 24px;\"><span style=\"color: #ffffff;\">Curso<\/span><\/td><td style=\"width: 19.1326%; border-color: #4ac83e; height: 24px;\"><span style=\"color: #ffffff;\">Tipo<\/span><\/td><td style=\"width: 16.0714%; border-color: #4ac83e; height: 24px;\"><span style=\"color: #ffffff;\">Cuatrimestre<\/span><\/td><\/tr><tr style=\"height: 48px;\"><td style=\"width: 50.7653%; border-color: #4ac83e; height: 48px;\"><a href=\"https:\/\/www.us.es\/estudiar\/que-estudiar\/oferta-de-grados\/grado-en-bioquimica-por-la-universidad-de-sevilla-y-la\/2240007\" target=\"_blank\" rel=\"noopener\">Fundamentos de Bioqu\u00edmica<\/a><\/td><td style=\"width: 14.0307%; border-color: #4ac83e; height: 48px;\">1\u00ba<\/td><td style=\"width: 19.1326%; border-color: #4ac83e; height: 48px;\">Obligatoria<\/td><td style=\"width: 16.0714%; border-color: #4ac83e; height: 48px;\">C2<\/td><\/tr><tr style=\"height: 48px;\"><td style=\"width: 50.7653%; border-color: #4ac83e; height: 48px;\"><a href=\"https:\/\/www.us.es\/estudiar\/que-estudiar\/oferta-de-grados\/grado-en-bioquimica-por-la-universidad-de-sevilla-y-la\/2240012\" target=\"_blank\" rel=\"noopener\">Bioqu\u00edmica Experimental I<\/a><\/td><td style=\"width: 14.0307%; border-color: #4ac83e; height: 48px;\">2\u00ba<\/td><td style=\"width: 19.1326%; border-color: #4ac83e; height: 48px;\">Obligatoria<\/td><td style=\"width: 16.0714%; border-color: #4ac83e; height: 48px;\">C1<\/td><\/tr><tr style=\"height: 48px;\"><td style=\"width: 50.7653%; border-color: #4ac83e; height: 48px;\"><a href=\"https:\/\/www.us.es\/estudiar\/que-estudiar\/oferta-de-grados\/grado-en-bioquimica-por-la-universidad-de-sevilla-y-la\/2240014\" target=\"_blank\" rel=\"noopener\">Estructura de Macromol\u00e9culas<\/a><\/td><td style=\"width: 14.0307%; border-color: #4ac83e; height: 48px;\">2\u00ba<\/td><td style=\"width: 19.1326%; border-color: #4ac83e; height: 48px;\">Obligatoria<\/td><td style=\"width: 16.0714%; border-color: #4ac83e; height: 48px;\">C1<\/td><\/tr><tr style=\"height: 48px;\"><td style=\"width: 50.7653%; border-color: #4ac83e; height: 48px;\"><a href=\"https:\/\/www.us.es\/estudiar\/que-estudiar\/oferta-de-grados\/grado-en-bioquimica-por-la-universidad-de-sevilla-y-la\/2240020\" target=\"_blank\" rel=\"noopener\">Regulaci\u00f3n del Metabolismo<\/a><\/td><td style=\"width: 14.0307%; border-color: #4ac83e; height: 48px;\">2\u00ba<\/td><td style=\"width: 19.1326%; border-color: #4ac83e; height: 48px;\">Obligatoria<\/td><td style=\"width: 16.0714%; border-color: #4ac83e; height: 48px;\">C2<\/td><\/tr><tr style=\"height: 48px;\"><td style=\"width: 50.7653%; border-color: #4ac83e; height: 48px;\"><a href=\"https:\/\/www.us.es\/estudiar\/que-estudiar\/oferta-de-grados\/grado-en-bioquimica-por-la-universidad-de-sevilla-y-la\/2240017\" target=\"_blank\" rel=\"noopener\">Bios\u00edntesis de Macromol\u00e9culas<\/a><\/td><td style=\"width: 14.0307%; border-color: #4ac83e; height: 48px;\">2\u00ba<\/td><td style=\"width: 19.1326%; border-color: #4ac83e; height: 48px;\">Obligatoria<\/td><td style=\"width: 16.0714%; border-color: #4ac83e; height: 48px;\">C2<\/td><\/tr><tr style=\"height: 48px;\"><td style=\"width: 50.7653%; border-color: #4ac83e; height: 48px;\"><a href=\"https:\/\/www.us.es\/estudiar\/que-estudiar\/oferta-de-grados\/grado-en-bioquimica-por-la-universidad-de-sevilla-y-la\/2240052\" target=\"_blank\" rel=\"noopener\">Biotecnolog\u00eda Vegetal<\/a><\/td><td style=\"width: 14.0307%; border-color: #4ac83e; height: 48px;\">3\u00ba<\/td><td style=\"width: 19.1326%; border-color: #4ac83e; height: 48px;\">Optativa<\/td><td style=\"width: 16.0714%; border-color: #4ac83e; height: 48px;\">C1<\/td><\/tr><tr style=\"height: 72px;\"><td style=\"width: 50.7653%; border-color: #4ac83e; height: 72px;\"><a href=\"https:\/\/www.us.es\/estudiar\/que-estudiar\/oferta-de-grados\/grado-en-bioquimica-por-la-universidad-de-sevilla-y-la\/2240030\" target=\"_blank\" rel=\"noopener\">Bioqu\u00edmica, Biotecnolog\u00eda y Sociedad<\/a><\/td><td style=\"width: 14.0307%; border-color: #4ac83e; height: 72px;\">3\u00ba<\/td><td style=\"width: 19.1326%; border-color: #4ac83e; height: 72px;\">Obligatoria<\/td><td style=\"width: 16.0714%; border-color: #4ac83e; height: 72px;\">C2<\/td><\/tr><tr style=\"height: 72px;\"><td style=\"width: 50.7653%; border-color: #4ac83e; height: 72px;\"><a href=\"https:\/\/www.us.es\/estudiar\/que-estudiar\/oferta-de-grados\/grado-en-bioquimica-por-la-universidad-de-sevilla-y-la\/2240063\" target=\"_blank\" rel=\"noopener\">Biolog\u00eda Molecular de Plantas<\/a><\/td><td style=\"width: 14.0307%; border-color: #4ac83e; height: 72px;\">4\u00ba<\/td><td style=\"width: 19.1326%; border-color: #4ac83e; height: 72px;\">Optativa<\/td><td style=\"width: 16.0714%; border-color: #4ac83e; height: 72px;\">C1<\/td><\/tr><tr style=\"height: 72px;\"><td style=\"width: 50.7653%; border-color: #4ac83e; height: 72px;\"><a href=\"https:\/\/www.us.es\/estudiar\/que-estudiar\/oferta-de-grados\/grado-en-bioquimica-por-la-universidad-de-sevilla-y-la\/2240054\" target=\"_blank\" rel=\"noopener\">Bioqu\u00edmica e Ingenier\u00eda de Prote\u00ednas<\/a><\/td><td style=\"width: 14.0307%; border-color: #4ac83e; height: 72px;\">4\u00ba<\/td><td style=\"width: 19.1326%; border-color: #4ac83e; height: 72px;\">Optativa<\/td><td style=\"width: 16.0714%; border-color: #4ac83e; height: 72px;\">C1<\/td><\/tr><tr style=\"height: 48px;\"><td style=\"width: 50.7653%; border-color: #4ac83e; height: 48px;\"><a href=\"https:\/\/www.us.es\/estudiar\/que-estudiar\/oferta-de-grados\/grado-en-bioquimica-por-la-universidad-de-sevilla-y-la\/2240022\" target=\"_blank\" rel=\"noopener\">Biotecnolog\u00eda de Alimentos<\/a><\/td><td style=\"width: 14.0307%; border-color: #4ac83e; height: 48px;\">4\u00ba<\/td><td style=\"width: 19.1326%; border-color: #4ac83e; height: 48px;\">Optativa<\/td><td style=\"width: 16.0714%; border-color: #4ac83e; height: 48px;\">C1<\/td><\/tr><\/tbody><\/table>\t\t\t\t\t\t\t\t<\/div>\n\t\t\t\t<\/div>\n\t\t\t\t<div class=\"elementor-element elementor-element-c06649a elementor-list-item-link-inline elementor-align-left elementor-icon-list--layout-traditional elementor-widget elementor-widget-icon-list\" data-id=\"c06649a\" data-element_type=\"widget\" data-widget_type=\"icon-list.default\">\n\t\t\t\t<div class=\"elementor-widget-container\">\n\t\t\t\t\t\t\t<ul class=\"elementor-icon-list-items\">\n\t\t\t\t\t\t\t<li class=\"elementor-icon-list-item\">\n\t\t\t\t\t\t\t\t\t\t\t<a href=\"https:\/\/biologia.us.es\/es\/calidad\/sistemas-de-garantia-de-calidad\" target=\"_blank\" rel=\"nofollow\">\n\n\t\t\t\t\t\t\t\t\t\t\t\t<span class=\"elementor-icon-list-icon\">\n\t\t\t\t\t\t\t<i aria-hidden=\"true\" class=\"fas fa-external-link-alt\"><\/i>\t\t\t\t\t\t<\/span>\n\t\t\t\t\t\t\t\t\t\t<span class=\"elementor-icon-list-text\">Sistema de garant\u00eda de calidad<\/span>\n\t\t\t\t\t\t\t\t\t\t\t<\/a>\n\t\t\t\t\t\t\t\t\t<\/li>\n\t\t\t\t\t\t\t\t<li class=\"elementor-icon-list-item\">\n\t\t\t\t\t\t\t\t\t\t\t<a href=\"https:\/\/biologia.us.es\/es\/calidad\/comisiones-garantia-interna-de-calidad\" target=\"_blank\" rel=\"nofollow\">\n\n\t\t\t\t\t\t\t\t\t\t\t\t<span class=\"elementor-icon-list-icon\">\n\t\t\t\t\t\t\t<i aria-hidden=\"true\" class=\"fas fa-external-link-alt\"><\/i>\t\t\t\t\t\t<\/span>\n\t\t\t\t\t\t\t\t\t\t<span class=\"elementor-icon-list-text\">Comisiones de garant\u00eda interna de calidad.<\/span>\n\t\t\t\t\t\t\t\t\t\t\t<\/a>\n\t\t\t\t\t\t\t\t\t<\/li>\n\t\t\t\t\t\t<\/ul>\n\t\t\t\t\t\t<\/div>\n\t\t\t\t<\/div>\n\t\t\t\t\t<\/div>\n\t\t\t\t<\/div>\n\t\t\t\t<\/div>\n\t\t","protected":false},"excerpt":{"rendered":"<p>Grado en Bioqu\u00edmica (Plan 2010) Facultad de Biolog\u00eda Asignatura Curso Tipo Cuatrimestre Fundamentos de Bioqu\u00edmica 1\u00ba Obligatoria C2 Bioqu\u00edmica Experimental I 2\u00ba Obligatoria C1 Estructura de Macromol\u00e9culas 2\u00ba Obligatoria C1 Regulaci\u00f3n del Metabolismo 2\u00ba Obligatoria C2 Bios\u00edntesis de Macromol\u00e9culas 2\u00ba Obligatoria C2 Biotecnolog\u00eda Vegetal 3\u00ba Optativa C1 Bioqu\u00edmica, Biotecnolog\u00eda y Sociedad 3\u00ba Obligatoria C2 Biolog\u00eda [&hellip;]<\/p>\n","protected":false},"author":7,"featured_media":0,"parent":0,"menu_order":0,"comment_status":"closed","ping_status":"closed","template":"","meta":{"_acf_changed":false,"footnotes":""},"class_list":["post-2702","page","type-page","status-publish","hentry"],"acf":[],"yoast_head":"<!-- This site is optimized with the Yoast SEO plugin v25.1 - https:\/\/yoast.com\/wordpress\/plugins\/seo\/ -->\n<title>Grado en Bioqu\u00edmica - DBIOVEGE<\/title>\n<meta name=\"robots\" content=\"index, follow, max-snippet:-1, max-image-preview:large, max-video-preview:-1\" \/>\n<link rel=\"canonical\" href=\"https:\/\/departamento.us.es\/dbiovege\/grado-en-bioquimica\/\" \/>\n<meta property=\"og:locale\" content=\"es_ES\" \/>\n<meta property=\"og:type\" content=\"article\" \/>\n<meta property=\"og:title\" content=\"Grado en Bioqu\u00edmica - DBIOVEGE\" \/>\n<meta property=\"og:description\" content=\"Grado en Bioqu\u00edmica (Plan 2010) Facultad de Biolog\u00eda Asignatura Curso Tipo Cuatrimestre Fundamentos de Bioqu\u00edmica 1\u00ba Obligatoria C2 Bioqu\u00edmica Experimental I 2\u00ba Obligatoria C1 Estructura de Macromol\u00e9culas 2\u00ba Obligatoria C1 Regulaci\u00f3n del Metabolismo 2\u00ba Obligatoria C2 Bios\u00edntesis de Macromol\u00e9culas 2\u00ba Obligatoria C2 Biotecnolog\u00eda Vegetal 3\u00ba Optativa C1 Bioqu\u00edmica, Biotecnolog\u00eda y Sociedad 3\u00ba Obligatoria C2 Biolog\u00eda [&hellip;]\" \/>\n<meta property=\"og:url\" content=\"https:\/\/departamento.us.es\/dbiovege\/grado-en-bioquimica\/\" \/>\n<meta property=\"og:site_name\" content=\"DBIOVEGE\" \/>\n<meta property=\"article:modified_time\" content=\"2025-02-11T09:15:37+00:00\" \/>\n<meta name=\"twitter:card\" content=\"summary_large_image\" \/>\n<meta name=\"twitter:label1\" content=\"Tiempo de lectura\" \/>\n\t<meta name=\"twitter:data1\" content=\"1 minuto\" \/>\n<script type=\"application\/ld+json\" class=\"yoast-schema-graph\">{\"@context\":\"https:\/\/schema.org\",\"@graph\":[{\"@type\":\"WebPage\",\"@id\":\"https:\/\/departamento.us.es\/dbiovege\/grado-en-bioquimica\/\",\"url\":\"https:\/\/departamento.us.es\/dbiovege\/grado-en-bioquimica\/\",\"name\":\"Grado en Bioqu\u00edmica - DBIOVEGE\",\"isPartOf\":{\"@id\":\"https:\/\/departamento.us.es\/dbiovege\/#website\"},\"datePublished\":\"2025-01-07T12:04:39+00:00\",\"dateModified\":\"2025-02-11T09:15:37+00:00\",\"inLanguage\":\"es\",\"potentialAction\":[{\"@type\":\"ReadAction\",\"target\":[\"https:\/\/departamento.us.es\/dbiovege\/grado-en-bioquimica\/\"]}]},{\"@type\":\"WebSite\",\"@id\":\"https:\/\/departamento.us.es\/dbiovege\/#website\",\"url\":\"https:\/\/departamento.us.es\/dbiovege\/\",\"name\":\"DBIOVEGE\",\"description\":\"Departamento de Bioqu\u00edmica Vegetal y Biolog\u00eda Molecular\",\"publisher\":{\"@id\":\"https:\/\/departamento.us.es\/dbiovege\/#organization\"},\"potentialAction\":[{\"@type\":\"SearchAction\",\"target\":{\"@type\":\"EntryPoint\",\"urlTemplate\":\"https:\/\/departamento.us.es\/dbiovege\/?s={search_term_string}\"},\"query-input\":{\"@type\":\"PropertyValueSpecification\",\"valueRequired\":true,\"valueName\":\"search_term_string\"}}],\"inLanguage\":\"es\"},{\"@type\":\"Organization\",\"@id\":\"https:\/\/departamento.us.es\/dbiovege\/#organization\",\"name\":\"DBIOVEGE\",\"url\":\"https:\/\/departamento.us.es\/dbiovege\/\",\"logo\":{\"@type\":\"ImageObject\",\"inLanguage\":\"es\",\"@id\":\"https:\/\/departamento.us.es\/dbiovege\/#\/schema\/logo\/image\/\",\"url\":\"https:\/\/departamento.us.es\/dbiovege\/wp-content\/uploads\/2022\/02\/logo-DBIOVERGE25.png\",\"contentUrl\":\"https:\/\/departamento.us.es\/dbiovege\/wp-content\/uploads\/2022\/02\/logo-DBIOVERGE25.png\",\"width\":444,\"height\":572,\"caption\":\"DBIOVEGE\"},\"image\":{\"@id\":\"https:\/\/departamento.us.es\/dbiovege\/#\/schema\/logo\/image\/\"}}]}<\/script>\n<!-- \/ Yoast SEO plugin. -->","yoast_head_json":{"title":"Grado en Bioqu\u00edmica - DBIOVEGE","robots":{"index":"index","follow":"follow","max-snippet":"max-snippet:-1","max-image-preview":"max-image-preview:large","max-video-preview":"max-video-preview:-1"},"canonical":"https:\/\/departamento.us.es\/dbiovege\/grado-en-bioquimica\/","og_locale":"es_ES","og_type":"article","og_title":"Grado en Bioqu\u00edmica - DBIOVEGE","og_description":"Grado en Bioqu\u00edmica (Plan 2010) Facultad de Biolog\u00eda Asignatura Curso Tipo Cuatrimestre Fundamentos de Bioqu\u00edmica 1\u00ba Obligatoria C2 Bioqu\u00edmica Experimental I 2\u00ba Obligatoria C1 Estructura de Macromol\u00e9culas 2\u00ba Obligatoria C1 Regulaci\u00f3n del Metabolismo 2\u00ba Obligatoria C2 Bios\u00edntesis de Macromol\u00e9culas 2\u00ba Obligatoria C2 Biotecnolog\u00eda Vegetal 3\u00ba Optativa C1 Bioqu\u00edmica, Biotecnolog\u00eda y Sociedad 3\u00ba Obligatoria C2 Biolog\u00eda [&hellip;]","og_url":"https:\/\/departamento.us.es\/dbiovege\/grado-en-bioquimica\/","og_site_name":"DBIOVEGE","article_modified_time":"2025-02-11T09:15:37+00:00","twitter_card":"summary_large_image","twitter_misc":{"Tiempo de lectura":"1 minuto"},"schema":{"@context":"https:\/\/schema.org","@graph":[{"@type":"WebPage","@id":"https:\/\/departamento.us.es\/dbiovege\/grado-en-bioquimica\/","url":"https:\/\/departamento.us.es\/dbiovege\/grado-en-bioquimica\/","name":"Grado en Bioqu\u00edmica - DBIOVEGE","isPartOf":{"@id":"https:\/\/departamento.us.es\/dbiovege\/#website"},"datePublished":"2025-01-07T12:04:39+00:00","dateModified":"2025-02-11T09:15:37+00:00","inLanguage":"es","potentialAction":[{"@type":"ReadAction","target":["https:\/\/departamento.us.es\/dbiovege\/grado-en-bioquimica\/"]}]},{"@type":"WebSite","@id":"https:\/\/departamento.us.es\/dbiovege\/#website","url":"https:\/\/departamento.us.es\/dbiovege\/","name":"DBIOVEGE","description":"Departamento de Bioqu\u00edmica Vegetal y Biolog\u00eda Molecular","publisher":{"@id":"https:\/\/departamento.us.es\/dbiovege\/#organization"},"potentialAction":[{"@type":"SearchAction","target":{"@type":"EntryPoint","urlTemplate":"https:\/\/departamento.us.es\/dbiovege\/?s={search_term_string}"},"query-input":{"@type":"PropertyValueSpecification","valueRequired":true,"valueName":"search_term_string"}}],"inLanguage":"es"},{"@type":"Organization","@id":"https:\/\/departamento.us.es\/dbiovege\/#organization","name":"DBIOVEGE","url":"https:\/\/departamento.us.es\/dbiovege\/","logo":{"@type":"ImageObject","inLanguage":"es","@id":"https:\/\/departamento.us.es\/dbiovege\/#\/schema\/logo\/image\/","url":"https:\/\/departamento.us.es\/dbiovege\/wp-content\/uploads\/2022\/02\/logo-DBIOVERGE25.png","contentUrl":"https:\/\/departamento.us.es\/dbiovege\/wp-content\/uploads\/2022\/02\/logo-DBIOVERGE25.png","width":444,"height":572,"caption":"DBIOVEGE"},"image":{"@id":"https:\/\/departamento.us.es\/dbiovege\/#\/schema\/logo\/image\/"}}]}},"_links":{"self":[{"href":"https:\/\/departamento.us.es\/dbiovege\/wp-json\/wp\/v2\/pages\/2702","targetHints":{"allow":["GET"]}}],"collection":[{"href":"https:\/\/departamento.us.es\/dbiovege\/wp-json\/wp\/v2\/pages"}],"about":[{"href":"https:\/\/departamento.us.es\/dbiovege\/wp-json\/wp\/v2\/types\/page"}],"author":[{"embeddable":true,"href":"https:\/\/departamento.us.es\/dbiovege\/wp-json\/wp\/v2\/users\/7"}],"replies":[{"embeddable":true,"href":"https:\/\/departamento.us.es\/dbiovege\/wp-json\/wp\/v2\/comments?post=2702"}],"version-history":[{"count":0,"href":"https:\/\/departamento.us.es\/dbiovege\/wp-json\/wp\/v2\/pages\/2702\/revisions"}],"wp:attachment":[{"href":"https:\/\/departamento.us.es\/dbiovege\/wp-json\/wp\/v2\/media?parent=2702"}],"curies":[{"name":"wp","href":"https:\/\/api.w.org\/{rel}","templated":true}]}}