{"id":2705,"date":"2025-01-07T12:06:40","date_gmt":"2025-01-07T12:06:40","guid":{"rendered":"https:\/\/departamento.us.es\/dbiovege25\/?page_id=2705"},"modified":"2025-02-10T11:20:12","modified_gmt":"2025-02-10T11:20:12","slug":"genetica-molecular-y-biotecnologia","status":"publish","type":"page","link":"https:\/\/departamento.us.es\/dbiovege\/genetica-molecular-y-biotecnologia\/","title":{"rendered":"Gen\u00e9tica Molecular y Biotecnolog\u00eda"},"content":{"rendered":"\t\t<div data-elementor-type=\"wp-page\" data-elementor-id=\"2705\" class=\"elementor elementor-2705\" data-elementor-post-type=\"page\">\n\t\t\t\t<div class=\"elementor-element elementor-element-c624e9d e-flex e-con-boxed e-con e-parent\" data-id=\"c624e9d\" data-element_type=\"container\">\n\t\t\t\t\t<div class=\"e-con-inner\">\n\t\t\t\t<div class=\"elementor-element elementor-element-169aa71 elementor-widget elementor-widget-heading\" data-id=\"169aa71\" data-element_type=\"widget\" data-widget_type=\"heading.default\">\n\t\t\t\t<div class=\"elementor-widget-container\">\n\t\t\t\t\t<h3 class=\"elementor-heading-title elementor-size-default\">M\u00e1ster Gen\u00e9tica Molecular y Biotecnolog\u00eda. Escuela Internacional de Postgrado<\/h3>\t\t\t\t<\/div>\n\t\t\t\t<\/div>\n\t\t\t\t<div class=\"elementor-element elementor-element-f7648e4 elementor-widget elementor-widget-text-editor\" data-id=\"f7648e4\" data-element_type=\"widget\" data-widget_type=\"text-editor.default\">\n\t\t\t\t<div class=\"elementor-widget-container\">\n\t\t\t\t\t\t\t\t\t<table style=\"border-collapse: collapse; width: 95.8435%;\"><tbody><tr style=\"background-color: #23a2a3;\"><td style=\"width: 50.7653%; border-color: #4ac83e;\"><span style=\"color: #ffffff;\">Asignatura<\/span><\/td><\/tr><tr><td style=\"width: 50.7653%; border-color: #4ac83e;\"><a href=\"https:\/\/www.us.es\/estudiar\/que-estudiar\/oferta-de-masteres\/master-universitario-en-genetica-molecular-y-biotecnologia\/51570022\" target=\"_blank\" rel=\"noopener\">Din\u00e1mica Estructural y Funcional de las Biomol\u00e9culas<\/a><\/td><\/tr><tr><td style=\"width: 50.7653%; border-color: #4ac83e;\"><a href=\"https:\/\/www.us.es\/estudiar\/que-estudiar\/oferta-de-masteres\/master-universitario-en-genetica-molecular-y-biotecnologia\/51570016\" target=\"_blank\" rel=\"noopener\">Biotecnolog\u00eda Vegetal<\/a><\/td><\/tr><tr><td style=\"width: 50.7653%; border-color: #4ac83e;\"><a href=\"https:\/\/www.us.es\/estudiar\/que-estudiar\/oferta-de-masteres\/master-universitario-en-genetica-molecular-y-biotecnologia\/51570008\" target=\"_blank\" rel=\"noopener\">Gen\u00e9tica Molecular de Organismos Modelo<\/a><\/td><\/tr><tr><td style=\"width: 50.7653%; border-color: #4ac83e;\"><a href=\"https:\/\/www.us.es\/estudiar\/que-estudiar\/oferta-de-masteres\/master-universitario-en-genetica-molecular-y-biotecnologia\/51570020\" target=\"_blank\" rel=\"noopener\">Tecnolog\u00eda Enzim\u00e1tica<\/a><\/td><\/tr><tr><td style=\"width: 50.7653%; border-color: #4ac83e;\"><a href=\"https:\/\/www.us.es\/estudiar\/que-estudiar\/oferta-de-masteres\/master-universitario-en-genetica-molecular-y-biotecnologia\/51570004\" target=\"_blank\" rel=\"noopener\">Discusiones en Biolog\u00eda Molecular<\/a><\/td><\/tr><tr><td style=\"width: 50.7653%; border-color: #4ac83e;\"><a href=\"https:\/\/www.us.es\/estudiar\/que-estudiar\/oferta-de-masteres\/master-universitario-en-genetica-molecular-y-biotecnologia\/51570010\" target=\"_blank\" rel=\"noopener\">Transducci\u00f3n de se\u00f1ales<\/a><\/td><\/tr><\/tbody><\/table>\t\t\t\t\t\t\t\t<\/div>\n\t\t\t\t<\/div>\n\t\t\t\t\t<\/div>\n\t\t\t\t<\/div>\n\t\t\t\t<\/div>\n\t\t","protected":false},"excerpt":{"rendered":"<p>M\u00e1ster Gen\u00e9tica Molecular y Biotecnolog\u00eda. Escuela Internacional de Postgrado Asignatura Din\u00e1mica Estructural y Funcional de las Biomol\u00e9culas Biotecnolog\u00eda Vegetal Gen\u00e9tica Molecular de Organismos Modelo Tecnolog\u00eda Enzim\u00e1tica Discusiones en Biolog\u00eda Molecular Transducci\u00f3n de se\u00f1ales<\/p>\n","protected":false},"author":7,"featured_media":0,"parent":0,"menu_order":0,"comment_status":"closed","ping_status":"closed","template":"","meta":{"_acf_changed":false,"footnotes":""},"class_list":["post-2705","page","type-page","status-publish","hentry"],"acf":[],"yoast_head":"<!-- This site is optimized with the Yoast SEO plugin v25.1 - https:\/\/yoast.com\/wordpress\/plugins\/seo\/ -->\n<title>Gen\u00e9tica Molecular y Biotecnolog\u00eda - DBIOVEGE<\/title>\n<meta name=\"robots\" content=\"index, follow, max-snippet:-1, max-image-preview:large, max-video-preview:-1\" \/>\n<link rel=\"canonical\" href=\"https:\/\/departamento.us.es\/dbiovege\/genetica-molecular-y-biotecnologia\/\" \/>\n<meta property=\"og:locale\" content=\"es_ES\" \/>\n<meta property=\"og:type\" content=\"article\" \/>\n<meta property=\"og:title\" content=\"Gen\u00e9tica Molecular y Biotecnolog\u00eda - DBIOVEGE\" \/>\n<meta property=\"og:description\" content=\"M\u00e1ster Gen\u00e9tica Molecular y Biotecnolog\u00eda. Escuela Internacional de Postgrado Asignatura Din\u00e1mica Estructural y Funcional de las Biomol\u00e9culas Biotecnolog\u00eda Vegetal Gen\u00e9tica Molecular de Organismos Modelo Tecnolog\u00eda Enzim\u00e1tica Discusiones en Biolog\u00eda Molecular Transducci\u00f3n de se\u00f1ales\" \/>\n<meta property=\"og:url\" content=\"https:\/\/departamento.us.es\/dbiovege\/genetica-molecular-y-biotecnologia\/\" \/>\n<meta property=\"og:site_name\" content=\"DBIOVEGE\" \/>\n<meta property=\"article:modified_time\" content=\"2025-02-10T11:20:12+00:00\" \/>\n<meta name=\"twitter:card\" content=\"summary_large_image\" \/>\n<meta name=\"twitter:label1\" content=\"Tiempo de lectura\" \/>\n\t<meta name=\"twitter:data1\" content=\"1 minuto\" \/>\n<script type=\"application\/ld+json\" class=\"yoast-schema-graph\">{\"@context\":\"https:\/\/schema.org\",\"@graph\":[{\"@type\":\"WebPage\",\"@id\":\"https:\/\/departamento.us.es\/dbiovege\/genetica-molecular-y-biotecnologia\/\",\"url\":\"https:\/\/departamento.us.es\/dbiovege\/genetica-molecular-y-biotecnologia\/\",\"name\":\"Gen\u00e9tica Molecular y Biotecnolog\u00eda - DBIOVEGE\",\"isPartOf\":{\"@id\":\"https:\/\/departamento.us.es\/dbiovege\/#website\"},\"datePublished\":\"2025-01-07T12:06:40+00:00\",\"dateModified\":\"2025-02-10T11:20:12+00:00\",\"inLanguage\":\"es\",\"potentialAction\":[{\"@type\":\"ReadAction\",\"target\":[\"https:\/\/departamento.us.es\/dbiovege\/genetica-molecular-y-biotecnologia\/\"]}]},{\"@type\":\"WebSite\",\"@id\":\"https:\/\/departamento.us.es\/dbiovege\/#website\",\"url\":\"https:\/\/departamento.us.es\/dbiovege\/\",\"name\":\"DBIOVEGE\",\"description\":\"Departamento de Bioqu\u00edmica Vegetal y Biolog\u00eda Molecular\",\"publisher\":{\"@id\":\"https:\/\/departamento.us.es\/dbiovege\/#organization\"},\"potentialAction\":[{\"@type\":\"SearchAction\",\"target\":{\"@type\":\"EntryPoint\",\"urlTemplate\":\"https:\/\/departamento.us.es\/dbiovege\/?s={search_term_string}\"},\"query-input\":{\"@type\":\"PropertyValueSpecification\",\"valueRequired\":true,\"valueName\":\"search_term_string\"}}],\"inLanguage\":\"es\"},{\"@type\":\"Organization\",\"@id\":\"https:\/\/departamento.us.es\/dbiovege\/#organization\",\"name\":\"DBIOVEGE\",\"url\":\"https:\/\/departamento.us.es\/dbiovege\/\",\"logo\":{\"@type\":\"ImageObject\",\"inLanguage\":\"es\",\"@id\":\"https:\/\/departamento.us.es\/dbiovege\/#\/schema\/logo\/image\/\",\"url\":\"https:\/\/departamento.us.es\/dbiovege\/wp-content\/uploads\/2022\/02\/logo-DBIOVERGE25.png\",\"contentUrl\":\"https:\/\/departamento.us.es\/dbiovege\/wp-content\/uploads\/2022\/02\/logo-DBIOVERGE25.png\",\"width\":444,\"height\":572,\"caption\":\"DBIOVEGE\"},\"image\":{\"@id\":\"https:\/\/departamento.us.es\/dbiovege\/#\/schema\/logo\/image\/\"}}]}<\/script>\n<!-- \/ Yoast SEO plugin. -->","yoast_head_json":{"title":"Gen\u00e9tica Molecular y Biotecnolog\u00eda - DBIOVEGE","robots":{"index":"index","follow":"follow","max-snippet":"max-snippet:-1","max-image-preview":"max-image-preview:large","max-video-preview":"max-video-preview:-1"},"canonical":"https:\/\/departamento.us.es\/dbiovege\/genetica-molecular-y-biotecnologia\/","og_locale":"es_ES","og_type":"article","og_title":"Gen\u00e9tica Molecular y Biotecnolog\u00eda - DBIOVEGE","og_description":"M\u00e1ster Gen\u00e9tica Molecular y Biotecnolog\u00eda. Escuela Internacional de Postgrado Asignatura Din\u00e1mica Estructural y Funcional de las Biomol\u00e9culas Biotecnolog\u00eda Vegetal Gen\u00e9tica Molecular de Organismos Modelo Tecnolog\u00eda Enzim\u00e1tica Discusiones en Biolog\u00eda Molecular Transducci\u00f3n de se\u00f1ales","og_url":"https:\/\/departamento.us.es\/dbiovege\/genetica-molecular-y-biotecnologia\/","og_site_name":"DBIOVEGE","article_modified_time":"2025-02-10T11:20:12+00:00","twitter_card":"summary_large_image","twitter_misc":{"Tiempo de lectura":"1 minuto"},"schema":{"@context":"https:\/\/schema.org","@graph":[{"@type":"WebPage","@id":"https:\/\/departamento.us.es\/dbiovege\/genetica-molecular-y-biotecnologia\/","url":"https:\/\/departamento.us.es\/dbiovege\/genetica-molecular-y-biotecnologia\/","name":"Gen\u00e9tica Molecular y Biotecnolog\u00eda - DBIOVEGE","isPartOf":{"@id":"https:\/\/departamento.us.es\/dbiovege\/#website"},"datePublished":"2025-01-07T12:06:40+00:00","dateModified":"2025-02-10T11:20:12+00:00","inLanguage":"es","potentialAction":[{"@type":"ReadAction","target":["https:\/\/departamento.us.es\/dbiovege\/genetica-molecular-y-biotecnologia\/"]}]},{"@type":"WebSite","@id":"https:\/\/departamento.us.es\/dbiovege\/#website","url":"https:\/\/departamento.us.es\/dbiovege\/","name":"DBIOVEGE","description":"Departamento de Bioqu\u00edmica Vegetal y Biolog\u00eda Molecular","publisher":{"@id":"https:\/\/departamento.us.es\/dbiovege\/#organization"},"potentialAction":[{"@type":"SearchAction","target":{"@type":"EntryPoint","urlTemplate":"https:\/\/departamento.us.es\/dbiovege\/?s={search_term_string}"},"query-input":{"@type":"PropertyValueSpecification","valueRequired":true,"valueName":"search_term_string"}}],"inLanguage":"es"},{"@type":"Organization","@id":"https:\/\/departamento.us.es\/dbiovege\/#organization","name":"DBIOVEGE","url":"https:\/\/departamento.us.es\/dbiovege\/","logo":{"@type":"ImageObject","inLanguage":"es","@id":"https:\/\/departamento.us.es\/dbiovege\/#\/schema\/logo\/image\/","url":"https:\/\/departamento.us.es\/dbiovege\/wp-content\/uploads\/2022\/02\/logo-DBIOVERGE25.png","contentUrl":"https:\/\/departamento.us.es\/dbiovege\/wp-content\/uploads\/2022\/02\/logo-DBIOVERGE25.png","width":444,"height":572,"caption":"DBIOVEGE"},"image":{"@id":"https:\/\/departamento.us.es\/dbiovege\/#\/schema\/logo\/image\/"}}]}},"_links":{"self":[{"href":"https:\/\/departamento.us.es\/dbiovege\/wp-json\/wp\/v2\/pages\/2705","targetHints":{"allow":["GET"]}}],"collection":[{"href":"https:\/\/departamento.us.es\/dbiovege\/wp-json\/wp\/v2\/pages"}],"about":[{"href":"https:\/\/departamento.us.es\/dbiovege\/wp-json\/wp\/v2\/types\/page"}],"author":[{"embeddable":true,"href":"https:\/\/departamento.us.es\/dbiovege\/wp-json\/wp\/v2\/users\/7"}],"replies":[{"embeddable":true,"href":"https:\/\/departamento.us.es\/dbiovege\/wp-json\/wp\/v2\/comments?post=2705"}],"version-history":[{"count":0,"href":"https:\/\/departamento.us.es\/dbiovege\/wp-json\/wp\/v2\/pages\/2705\/revisions"}],"wp:attachment":[{"href":"https:\/\/departamento.us.es\/dbiovege\/wp-json\/wp\/v2\/media?parent=2705"}],"curies":[{"name":"wp","href":"https:\/\/api.w.org\/{rel}","templated":true}]}}