{"id":2738,"date":"2025-01-20T08:36:33","date_gmt":"2025-01-20T08:36:33","guid":{"rendered":"https:\/\/departamento.us.es\/dbiovege25\/?page_id=2738"},"modified":"2025-02-12T14:02:10","modified_gmt":"2025-02-12T13:02:10","slug":"ubicacion","status":"publish","type":"page","link":"https:\/\/departamento.us.es\/dbiovege\/ubicacion\/","title":{"rendered":"Ubicaci\u00f3n"},"content":{"rendered":"\t\t<div data-elementor-type=\"wp-page\" data-elementor-id=\"2738\" class=\"elementor elementor-2738\" data-elementor-post-type=\"page\">\n\t\t\t\t<div class=\"elementor-element elementor-element-39929ff e-flex e-con-boxed e-con e-parent\" data-id=\"39929ff\" data-element_type=\"container\">\n\t\t\t\t\t<div class=\"e-con-inner\">\n\t\t\t\t<div class=\"elementor-element elementor-element-036b08f elementor-widget elementor-widget-text-editor\" data-id=\"036b08f\" data-element_type=\"widget\" data-widget_type=\"text-editor.default\">\n\t\t\t\t<div class=\"elementor-widget-container\">\n\t\t\t\t\t\t\t\t\t<p>El Departamento de Bioqu\u00edmica Vegetal y Biolog\u00eda Molecular de la\u00a0<a href=\"https:\/\/www.us.es\/\">Universidad de Sevilla<\/a>\u00a0tiene dos sedes:\u00a0<a href=\"https:\/\/biologia.us.es\/\">Facultad de Biolog\u00eda<\/a>\u00a0(donde est\u00e1 ubicada la Direcci\u00f3n del Departamento), edificio verde primera planta y\u00a0<a href=\"https:\/\/quimica.us.es\/\">Facultad de Qu\u00edmica<\/a>, quinta planta.<\/p>\t\t\t\t\t\t\t\t<\/div>\n\t\t\t\t<\/div>\n\t\t\t\t\t<\/div>\n\t\t\t\t<\/div>\n\t\t<div class=\"elementor-element elementor-element-53a5588 e-flex e-con-boxed e-con e-parent\" data-id=\"53a5588\" data-element_type=\"container\" data-settings=\"{&quot;background_background&quot;:&quot;gradient&quot;}\">\n\t\t\t\t\t<div class=\"e-con-inner\">\n\t\t<div class=\"elementor-element elementor-element-248d57a e-flex e-con-boxed e-con e-child\" data-id=\"248d57a\" data-element_type=\"container\">\n\t\t\t\t\t<div class=\"e-con-inner\">\n\t\t\t\t<div class=\"elementor-element elementor-element-c93a217 elementor-widget elementor-widget-heading\" data-id=\"c93a217\" data-element_type=\"widget\" data-widget_type=\"heading.default\">\n\t\t\t\t<div class=\"elementor-widget-container\">\n\t\t\t\t\t<h3 class=\"elementor-heading-title elementor-size-default\">Facultad de Biolog\u00eda<\/h3>\t\t\t\t<\/div>\n\t\t\t\t<\/div>\n\t\t\t\t<div class=\"elementor-element elementor-element-87483cd elementor-list-item-link-inline elementor-icon-list--layout-traditional elementor-widget elementor-widget-icon-list\" data-id=\"87483cd\" data-element_type=\"widget\" data-widget_type=\"icon-list.default\">\n\t\t\t\t<div class=\"elementor-widget-container\">\n\t\t\t\t\t\t\t<ul class=\"elementor-icon-list-items\">\n\t\t\t\t\t\t\t<li class=\"elementor-icon-list-item\">\n\t\t\t\t\t\t\t\t\t\t\t<a href=\"https:\/\/biologia.us.es\/\" target=\"_blank\" rel=\"nofollow\">\n\n\t\t\t\t\t\t\t\t\t\t\t\t<span class=\"elementor-icon-list-icon\">\n\t\t\t\t\t\t\t<i aria-hidden=\"true\" class=\"fas fa-external-link-alt\"><\/i>\t\t\t\t\t\t<\/span>\n\t\t\t\t\t\t\t\t\t\t<span class=\"elementor-icon-list-text\">Web de la Facultad de Biolog\u00eda<\/span>\n\t\t\t\t\t\t\t\t\t\t\t<\/a>\n\t\t\t\t\t\t\t\t\t<\/li>\n\t\t\t\t\t\t<\/ul>\n\t\t\t\t\t\t<\/div>\n\t\t\t\t<\/div>\n\t\t\t\t<div class=\"elementor-element elementor-element-a65d024 elementor-widget elementor-widget-google_maps\" data-id=\"a65d024\" data-element_type=\"widget\" data-widget_type=\"google_maps.default\">\n\t\t\t\t<div class=\"elementor-widget-container\">\n\t\t\t\t\t\t\t<div class=\"elementor-custom-embed\">\n\t\t\t<iframe loading=\"lazy\"\n\t\t\t\t\tsrc=\"https:\/\/maps.google.com\/maps?q=facultad%20de%20biolog%C3%ADa%20sevilla&#038;t=m&#038;z=14&#038;output=embed&#038;iwloc=near\"\n\t\t\t\t\ttitle=\"facultad de biolog\u00eda sevilla\"\n\t\t\t\t\taria-label=\"facultad de biolog\u00eda sevilla\"\n\t\t\t><\/iframe>\n\t\t<\/div>\n\t\t\t\t\t\t<\/div>\n\t\t\t\t<\/div>\n\t\t\t\t\t<\/div>\n\t\t\t\t<\/div>\n\t\t<div class=\"elementor-element elementor-element-c3cb7a8 e-flex e-con-boxed e-con e-child\" data-id=\"c3cb7a8\" data-element_type=\"container\">\n\t\t\t\t\t<div class=\"e-con-inner\">\n\t\t\t\t<div class=\"elementor-element elementor-element-c2b7e2b elementor-widget elementor-widget-heading\" data-id=\"c2b7e2b\" data-element_type=\"widget\" data-widget_type=\"heading.default\">\n\t\t\t\t<div class=\"elementor-widget-container\">\n\t\t\t\t\t<h3 class=\"elementor-heading-title elementor-size-default\">Facultad de Qu\u00edmica<\/h3>\t\t\t\t<\/div>\n\t\t\t\t<\/div>\n\t\t\t\t<div class=\"elementor-element elementor-element-605f44c elementor-list-item-link-inline elementor-icon-list--layout-traditional elementor-widget elementor-widget-icon-list\" data-id=\"605f44c\" data-element_type=\"widget\" data-widget_type=\"icon-list.default\">\n\t\t\t\t<div class=\"elementor-widget-container\">\n\t\t\t\t\t\t\t<ul class=\"elementor-icon-list-items\">\n\t\t\t\t\t\t\t<li class=\"elementor-icon-list-item\">\n\t\t\t\t\t\t\t\t\t\t\t<a href=\"https:\/\/quimica.us.es\/\" target=\"_blank\" rel=\"nofollow\">\n\n\t\t\t\t\t\t\t\t\t\t\t\t<span class=\"elementor-icon-list-icon\">\n\t\t\t\t\t\t\t<i aria-hidden=\"true\" class=\"fas fa-external-link-alt\"><\/i>\t\t\t\t\t\t<\/span>\n\t\t\t\t\t\t\t\t\t\t<span class=\"elementor-icon-list-text\">Web de la Facultad de Qu\u00edmica<\/span>\n\t\t\t\t\t\t\t\t\t\t\t<\/a>\n\t\t\t\t\t\t\t\t\t<\/li>\n\t\t\t\t\t\t<\/ul>\n\t\t\t\t\t\t<\/div>\n\t\t\t\t<\/div>\n\t\t\t\t<div class=\"elementor-element elementor-element-ac8c1c1 elementor-widget elementor-widget-google_maps\" data-id=\"ac8c1c1\" data-element_type=\"widget\" data-widget_type=\"google_maps.default\">\n\t\t\t\t<div class=\"elementor-widget-container\">\n\t\t\t\t\t\t\t<div class=\"elementor-custom-embed\">\n\t\t\t<iframe loading=\"lazy\"\n\t\t\t\t\tsrc=\"https:\/\/maps.google.com\/maps?q=facultad%20de%20qu%C3%ADmica%20sevilla&#038;t=m&#038;z=14&#038;output=embed&#038;iwloc=near\"\n\t\t\t\t\ttitle=\"facultad de qu\u00edmica sevilla\"\n\t\t\t\t\taria-label=\"facultad de qu\u00edmica sevilla\"\n\t\t\t><\/iframe>\n\t\t<\/div>\n\t\t\t\t\t\t<\/div>\n\t\t\t\t<\/div>\n\t\t\t\t\t<\/div>\n\t\t\t\t<\/div>\n\t\t\t\t\t<\/div>\n\t\t\t\t<\/div>\n\t\t\t\t<\/div>\n\t\t","protected":false},"excerpt":{"rendered":"<p>El Departamento de Bioqu\u00edmica Vegetal y Biolog\u00eda Molecular de la\u00a0Universidad de Sevilla\u00a0tiene dos sedes:\u00a0Facultad de Biolog\u00eda\u00a0(donde est\u00e1 ubicada la Direcci\u00f3n del Departamento), edificio verde primera planta y\u00a0Facultad de Qu\u00edmica, quinta planta. Facultad de Biolog\u00eda Web de la Facultad de Biolog\u00eda Facultad de Qu\u00edmica Web de la Facultad de Qu\u00edmica<\/p>\n","protected":false},"author":7,"featured_media":0,"parent":0,"menu_order":0,"comment_status":"closed","ping_status":"closed","template":"","meta":{"_acf_changed":false,"footnotes":""},"class_list":["post-2738","page","type-page","status-publish","hentry"],"acf":[],"yoast_head":"<!-- This site is optimized with the Yoast SEO plugin v25.1 - https:\/\/yoast.com\/wordpress\/plugins\/seo\/ -->\n<title>Ubicaci\u00f3n - DBIOVEGE<\/title>\n<meta name=\"robots\" content=\"index, follow, max-snippet:-1, max-image-preview:large, max-video-preview:-1\" \/>\n<link rel=\"canonical\" href=\"https:\/\/departamento.us.es\/dbiovege\/ubicacion\/\" \/>\n<meta property=\"og:locale\" content=\"es_ES\" \/>\n<meta property=\"og:type\" content=\"article\" \/>\n<meta property=\"og:title\" content=\"Ubicaci\u00f3n - DBIOVEGE\" \/>\n<meta property=\"og:description\" content=\"El Departamento de Bioqu\u00edmica Vegetal y Biolog\u00eda Molecular de la\u00a0Universidad de Sevilla\u00a0tiene dos sedes:\u00a0Facultad de Biolog\u00eda\u00a0(donde est\u00e1 ubicada la Direcci\u00f3n del Departamento), edificio verde primera planta y\u00a0Facultad de Qu\u00edmica, quinta planta. Facultad de Biolog\u00eda Web de la Facultad de Biolog\u00eda Facultad de Qu\u00edmica Web de la Facultad de Qu\u00edmica\" \/>\n<meta property=\"og:url\" content=\"https:\/\/departamento.us.es\/dbiovege\/ubicacion\/\" \/>\n<meta property=\"og:site_name\" content=\"DBIOVEGE\" \/>\n<meta property=\"article:modified_time\" content=\"2025-02-12T13:02:10+00:00\" \/>\n<meta name=\"twitter:card\" content=\"summary_large_image\" \/>\n<meta name=\"twitter:label1\" content=\"Tiempo de lectura\" \/>\n\t<meta name=\"twitter:data1\" content=\"1 minuto\" \/>\n<script type=\"application\/ld+json\" class=\"yoast-schema-graph\">{\"@context\":\"https:\/\/schema.org\",\"@graph\":[{\"@type\":\"WebPage\",\"@id\":\"https:\/\/departamento.us.es\/dbiovege\/ubicacion\/\",\"url\":\"https:\/\/departamento.us.es\/dbiovege\/ubicacion\/\",\"name\":\"Ubicaci\u00f3n - DBIOVEGE\",\"isPartOf\":{\"@id\":\"https:\/\/departamento.us.es\/dbiovege\/#website\"},\"datePublished\":\"2025-01-20T08:36:33+00:00\",\"dateModified\":\"2025-02-12T13:02:10+00:00\",\"inLanguage\":\"es\",\"potentialAction\":[{\"@type\":\"ReadAction\",\"target\":[\"https:\/\/departamento.us.es\/dbiovege\/ubicacion\/\"]}]},{\"@type\":\"WebSite\",\"@id\":\"https:\/\/departamento.us.es\/dbiovege\/#website\",\"url\":\"https:\/\/departamento.us.es\/dbiovege\/\",\"name\":\"DBIOVEGE\",\"description\":\"Departamento de Bioqu\u00edmica Vegetal y Biolog\u00eda Molecular\",\"publisher\":{\"@id\":\"https:\/\/departamento.us.es\/dbiovege\/#organization\"},\"potentialAction\":[{\"@type\":\"SearchAction\",\"target\":{\"@type\":\"EntryPoint\",\"urlTemplate\":\"https:\/\/departamento.us.es\/dbiovege\/?s={search_term_string}\"},\"query-input\":{\"@type\":\"PropertyValueSpecification\",\"valueRequired\":true,\"valueName\":\"search_term_string\"}}],\"inLanguage\":\"es\"},{\"@type\":\"Organization\",\"@id\":\"https:\/\/departamento.us.es\/dbiovege\/#organization\",\"name\":\"DBIOVEGE\",\"url\":\"https:\/\/departamento.us.es\/dbiovege\/\",\"logo\":{\"@type\":\"ImageObject\",\"inLanguage\":\"es\",\"@id\":\"https:\/\/departamento.us.es\/dbiovege\/#\/schema\/logo\/image\/\",\"url\":\"https:\/\/departamento.us.es\/dbiovege\/wp-content\/uploads\/2022\/02\/logo-DBIOVERGE25.png\",\"contentUrl\":\"https:\/\/departamento.us.es\/dbiovege\/wp-content\/uploads\/2022\/02\/logo-DBIOVERGE25.png\",\"width\":444,\"height\":572,\"caption\":\"DBIOVEGE\"},\"image\":{\"@id\":\"https:\/\/departamento.us.es\/dbiovege\/#\/schema\/logo\/image\/\"}}]}<\/script>\n<!-- \/ Yoast SEO plugin. -->","yoast_head_json":{"title":"Ubicaci\u00f3n - DBIOVEGE","robots":{"index":"index","follow":"follow","max-snippet":"max-snippet:-1","max-image-preview":"max-image-preview:large","max-video-preview":"max-video-preview:-1"},"canonical":"https:\/\/departamento.us.es\/dbiovege\/ubicacion\/","og_locale":"es_ES","og_type":"article","og_title":"Ubicaci\u00f3n - DBIOVEGE","og_description":"El Departamento de Bioqu\u00edmica Vegetal y Biolog\u00eda Molecular de la\u00a0Universidad de Sevilla\u00a0tiene dos sedes:\u00a0Facultad de Biolog\u00eda\u00a0(donde est\u00e1 ubicada la Direcci\u00f3n del Departamento), edificio verde primera planta y\u00a0Facultad de Qu\u00edmica, quinta planta. Facultad de Biolog\u00eda Web de la Facultad de Biolog\u00eda Facultad de Qu\u00edmica Web de la Facultad de Qu\u00edmica","og_url":"https:\/\/departamento.us.es\/dbiovege\/ubicacion\/","og_site_name":"DBIOVEGE","article_modified_time":"2025-02-12T13:02:10+00:00","twitter_card":"summary_large_image","twitter_misc":{"Tiempo de lectura":"1 minuto"},"schema":{"@context":"https:\/\/schema.org","@graph":[{"@type":"WebPage","@id":"https:\/\/departamento.us.es\/dbiovege\/ubicacion\/","url":"https:\/\/departamento.us.es\/dbiovege\/ubicacion\/","name":"Ubicaci\u00f3n - DBIOVEGE","isPartOf":{"@id":"https:\/\/departamento.us.es\/dbiovege\/#website"},"datePublished":"2025-01-20T08:36:33+00:00","dateModified":"2025-02-12T13:02:10+00:00","inLanguage":"es","potentialAction":[{"@type":"ReadAction","target":["https:\/\/departamento.us.es\/dbiovege\/ubicacion\/"]}]},{"@type":"WebSite","@id":"https:\/\/departamento.us.es\/dbiovege\/#website","url":"https:\/\/departamento.us.es\/dbiovege\/","name":"DBIOVEGE","description":"Departamento de Bioqu\u00edmica Vegetal y Biolog\u00eda Molecular","publisher":{"@id":"https:\/\/departamento.us.es\/dbiovege\/#organization"},"potentialAction":[{"@type":"SearchAction","target":{"@type":"EntryPoint","urlTemplate":"https:\/\/departamento.us.es\/dbiovege\/?s={search_term_string}"},"query-input":{"@type":"PropertyValueSpecification","valueRequired":true,"valueName":"search_term_string"}}],"inLanguage":"es"},{"@type":"Organization","@id":"https:\/\/departamento.us.es\/dbiovege\/#organization","name":"DBIOVEGE","url":"https:\/\/departamento.us.es\/dbiovege\/","logo":{"@type":"ImageObject","inLanguage":"es","@id":"https:\/\/departamento.us.es\/dbiovege\/#\/schema\/logo\/image\/","url":"https:\/\/departamento.us.es\/dbiovege\/wp-content\/uploads\/2022\/02\/logo-DBIOVERGE25.png","contentUrl":"https:\/\/departamento.us.es\/dbiovege\/wp-content\/uploads\/2022\/02\/logo-DBIOVERGE25.png","width":444,"height":572,"caption":"DBIOVEGE"},"image":{"@id":"https:\/\/departamento.us.es\/dbiovege\/#\/schema\/logo\/image\/"}}]}},"_links":{"self":[{"href":"https:\/\/departamento.us.es\/dbiovege\/wp-json\/wp\/v2\/pages\/2738","targetHints":{"allow":["GET"]}}],"collection":[{"href":"https:\/\/departamento.us.es\/dbiovege\/wp-json\/wp\/v2\/pages"}],"about":[{"href":"https:\/\/departamento.us.es\/dbiovege\/wp-json\/wp\/v2\/types\/page"}],"author":[{"embeddable":true,"href":"https:\/\/departamento.us.es\/dbiovege\/wp-json\/wp\/v2\/users\/7"}],"replies":[{"embeddable":true,"href":"https:\/\/departamento.us.es\/dbiovege\/wp-json\/wp\/v2\/comments?post=2738"}],"version-history":[{"count":0,"href":"https:\/\/departamento.us.es\/dbiovege\/wp-json\/wp\/v2\/pages\/2738\/revisions"}],"wp:attachment":[{"href":"https:\/\/departamento.us.es\/dbiovege\/wp-json\/wp\/v2\/media?parent=2738"}],"curies":[{"name":"wp","href":"https:\/\/api.w.org\/{rel}","templated":true}]}}