{"id":2742,"date":"2025-01-20T10:04:15","date_gmt":"2025-01-20T10:04:15","guid":{"rendered":"https:\/\/departamento.us.es\/dbiovege25\/?page_id=2742"},"modified":"2025-05-27T12:31:49","modified_gmt":"2025-05-27T10:31:49","slug":"comisiones-del-departamento","status":"publish","type":"page","link":"https:\/\/departamento.us.es\/dbiovege\/comisiones-del-departamento\/","title":{"rendered":"Comisiones del Departamento"},"content":{"rendered":"\t\t<div data-elementor-type=\"wp-page\" data-elementor-id=\"2742\" class=\"elementor elementor-2742\" data-elementor-post-type=\"page\">\n\t\t\t\t<div class=\"elementor-element elementor-element-12c8ba5 e-flex e-con-boxed e-con e-parent\" data-id=\"12c8ba5\" data-element_type=\"container\">\n\t\t\t\t\t<div class=\"e-con-inner\">\n\t\t<div class=\"elementor-element elementor-element-5f2738a e-con-full e-flex e-con e-child\" data-id=\"5f2738a\" data-element_type=\"container\">\n\t\t<div class=\"elementor-element elementor-element-4426b93 e-con-full e-flex e-con e-child\" data-id=\"4426b93\" data-element_type=\"container\">\n\t\t\t\t<div class=\"elementor-element elementor-element-d239362 elementor-widget elementor-widget-heading\" data-id=\"d239362\" data-element_type=\"widget\" data-widget_type=\"heading.default\">\n\t\t\t\t<div class=\"elementor-widget-container\">\n\t\t\t\t\t<h5 class=\"elementor-heading-title elementor-size-default\">Comisi\u00f3n Permanente<\/h5>\t\t\t\t<\/div>\n\t\t\t\t<\/div>\n\t\t\t\t<div class=\"elementor-element elementor-element-574f298 elementor-icon-list--layout-traditional elementor-list-item-link-full_width elementor-widget elementor-widget-icon-list\" data-id=\"574f298\" data-element_type=\"widget\" data-widget_type=\"icon-list.default\">\n\t\t\t\t<div class=\"elementor-widget-container\">\n\t\t\t\t\t\t\t<ul class=\"elementor-icon-list-items\">\n\t\t\t\t\t\t\t<li class=\"elementor-icon-list-item\">\n\t\t\t\t\t\t\t\t\t\t\t<span class=\"elementor-icon-list-icon\">\n\t\t\t\t\t\t\t<i aria-hidden=\"true\" class=\"fas fa-user\"><\/i>\t\t\t\t\t\t<\/span>\n\t\t\t\t\t\t\t\t\t\t<span class=\"elementor-icon-list-text\">M\u00aa Cruz Gonz\u00e1lez Garc\u00eda<\/span>\n\t\t\t\t\t\t\t\t\t<\/li>\n\t\t\t\t\t\t\t\t<li class=\"elementor-icon-list-item\">\n\t\t\t\t\t\t\t\t\t\t\t<span class=\"elementor-icon-list-icon\">\n\t\t\t\t\t\t\t<i aria-hidden=\"true\" class=\"fas fa-user\"><\/i>\t\t\t\t\t\t<\/span>\n\t\t\t\t\t\t\t\t\t\t<span class=\"elementor-icon-list-text\">Margarita Garc\u00eda Calder\u00f3n<\/span>\n\t\t\t\t\t\t\t\t\t<\/li>\n\t\t\t\t\t\t\t\t<li class=\"elementor-icon-list-item\">\n\t\t\t\t\t\t\t\t\t\t\t<span class=\"elementor-icon-list-icon\">\n\t\t\t\t\t\t\t<i aria-hidden=\"true\" class=\"fas fa-user\"><\/i>\t\t\t\t\t\t<\/span>\n\t\t\t\t\t\t\t\t\t\t<span class=\"elementor-icon-list-text\">Agust\u00edn Vioque Pe\u00f1a<\/span>\n\t\t\t\t\t\t\t\t\t<\/li>\n\t\t\t\t\t\t\t\t<li class=\"elementor-icon-list-item\">\n\t\t\t\t\t\t\t\t\t\t\t<span class=\"elementor-icon-list-icon\">\n\t\t\t\t\t\t\t<i aria-hidden=\"true\" class=\"fas fa-user\"><\/i>\t\t\t\t\t\t<\/span>\n\t\t\t\t\t\t\t\t\t\t<span class=\"elementor-icon-list-text\">Marco Betti<\/span>\n\t\t\t\t\t\t\t\t\t<\/li>\n\t\t\t\t\t\t\t\t<li class=\"elementor-icon-list-item\">\n\t\t\t\t\t\t\t\t\t\t\t<span class=\"elementor-icon-list-icon\">\n\t\t\t\t\t\t\t<i aria-hidden=\"true\" class=\"fas fa-user\"><\/i>\t\t\t\t\t\t<\/span>\n\t\t\t\t\t\t\t\t\t\t<span class=\"elementor-icon-list-text\">Abraham Alguacil Casas<\/span>\n\t\t\t\t\t\t\t\t\t<\/li>\n\t\t\t\t\t\t<\/ul>\n\t\t\t\t\t\t<\/div>\n\t\t\t\t<\/div>\n\t\t\t\t<\/div>\n\t\t<div class=\"elementor-element elementor-element-013fdf0 e-con-full e-flex e-con e-child\" data-id=\"013fdf0\" data-element_type=\"container\">\n\t\t\t\t<div class=\"elementor-element elementor-element-e9ed657 elementor-widget elementor-widget-heading\" data-id=\"e9ed657\" data-element_type=\"widget\" data-widget_type=\"heading.default\">\n\t\t\t\t<div class=\"elementor-widget-container\">\n\t\t\t\t\t<h5 class=\"elementor-heading-title elementor-size-default\">Comisi\u00f3n de Docencia<\/h5>\t\t\t\t<\/div>\n\t\t\t\t<\/div>\n\t\t\t\t<div class=\"elementor-element elementor-element-58f3516 elementor-list-item-link-inline elementor-icon-list--layout-traditional elementor-widget elementor-widget-icon-list\" data-id=\"58f3516\" data-element_type=\"widget\" data-widget_type=\"icon-list.default\">\n\t\t\t\t<div class=\"elementor-widget-container\">\n\t\t\t\t\t\t\t<ul class=\"elementor-icon-list-items\">\n\t\t\t\t\t\t\t<li class=\"elementor-icon-list-item\">\n\t\t\t\t\t\t\t\t\t\t\t<span class=\"elementor-icon-list-icon\">\n\t\t\t\t\t\t\t<i aria-hidden=\"true\" class=\"fas fa-user\"><\/i>\t\t\t\t\t\t<\/span>\n\t\t\t\t\t\t\t\t\t\t<span class=\"elementor-icon-list-text\">Mar\u00eda de la Cruz Gonz\u00e1lez Garc\u00eda<\/span>\n\t\t\t\t\t\t\t\t\t<\/li>\n\t\t\t\t\t\t\t\t<li class=\"elementor-icon-list-item\">\n\t\t\t\t\t\t\t\t\t\t\t<span class=\"elementor-icon-list-icon\">\n\t\t\t\t\t\t\t<i aria-hidden=\"true\" class=\"fas fa-user\"><\/i>\t\t\t\t\t\t<\/span>\n\t\t\t\t\t\t\t\t\t\t<span class=\"elementor-icon-list-text\">J. Rom\u00e1n P\u00e9rez Casti\u00f1eira<\/span>\n\t\t\t\t\t\t\t\t\t<\/li>\n\t\t\t\t\t\t\t\t<li class=\"elementor-icon-list-item\">\n\t\t\t\t\t\t\t\t\t\t\t<span class=\"elementor-icon-list-icon\">\n\t\t\t\t\t\t\t<i aria-hidden=\"true\" class=\"fas fa-user\"><\/i>\t\t\t\t\t\t<\/span>\n\t\t\t\t\t\t\t\t\t\t<span class=\"elementor-icon-list-text\">Mercedes Garc\u00eda Gonz\u00e1lez<\/span>\n\t\t\t\t\t\t\t\t\t<\/li>\n\t\t\t\t\t\t\t\t<li class=\"elementor-icon-list-item\">\n\t\t\t\t\t\t\t\t\t\t\t<span class=\"elementor-icon-list-icon\">\n\t\t\t\t\t\t\t<i aria-hidden=\"true\" class=\"fas fa-user\"><\/i>\t\t\t\t\t\t<\/span>\n\t\t\t\t\t\t\t\t\t\t<span class=\"elementor-icon-list-text\">Abraham Alguacil Casas<\/span>\n\t\t\t\t\t\t\t\t\t<\/li>\n\t\t\t\t\t\t\t\t<li class=\"elementor-icon-list-item\">\n\t\t\t\t\t\t\t\t\t\t\t<span class=\"elementor-icon-list-icon\">\n\t\t\t\t\t\t\t<i aria-hidden=\"true\" class=\"fas fa-user\"><\/i>\t\t\t\t\t\t<\/span>\n\t\t\t\t\t\t\t\t\t\t<span class=\"elementor-icon-list-text\">Patricia Marcano P\u00e9rez<\/span>\n\t\t\t\t\t\t\t\t\t<\/li>\n\t\t\t\t\t\t\t\t<li class=\"elementor-icon-list-item\">\n\t\t\t\t\t\t\t\t\t\t\t<span class=\"elementor-icon-list-icon\">\n\t\t\t\t\t\t\t<i aria-hidden=\"true\" class=\"fas fa-user\"><\/i>\t\t\t\t\t\t<\/span>\n\t\t\t\t\t\t\t\t\t\t<span class=\"elementor-icon-list-text\">Marcos M. Cabral Casanova<\/span>\n\t\t\t\t\t\t\t\t\t<\/li>\n\t\t\t\t\t\t<\/ul>\n\t\t\t\t\t\t<\/div>\n\t\t\t\t<\/div>\n\t\t\t\t<\/div>\n\t\t<div class=\"elementor-element elementor-element-ee97c0b e-con-full e-flex e-con e-child\" data-id=\"ee97c0b\" data-element_type=\"container\">\n\t\t\t\t<div class=\"elementor-element elementor-element-ba09741 elementor-widget elementor-widget-heading\" data-id=\"ba09741\" data-element_type=\"widget\" data-widget_type=\"heading.default\">\n\t\t\t\t<div class=\"elementor-widget-container\">\n\t\t\t\t\t<h5 class=\"elementor-heading-title elementor-size-default\">Junta electoral<\/h5>\t\t\t\t<\/div>\n\t\t\t\t<\/div>\n\t\t\t\t<div class=\"elementor-element elementor-element-cd27d33 elementor-icon-list--layout-traditional elementor-list-item-link-full_width elementor-widget elementor-widget-icon-list\" data-id=\"cd27d33\" data-element_type=\"widget\" data-widget_type=\"icon-list.default\">\n\t\t\t\t<div class=\"elementor-widget-container\">\n\t\t\t\t\t\t\t<ul class=\"elementor-icon-list-items\">\n\t\t\t\t\t\t\t<li class=\"elementor-icon-list-item\">\n\t\t\t\t\t\t\t\t\t\t\t<span class=\"elementor-icon-list-icon\">\n\t\t\t\t\t\t\t<i aria-hidden=\"true\" class=\"fas fa-user\"><\/i>\t\t\t\t\t\t<\/span>\n\t\t\t\t\t\t\t\t\t\t<span class=\"elementor-icon-list-text\">Jos\u00e9 Mar\u00eda Ortega Rodr\u00edguez<\/span>\n\t\t\t\t\t\t\t\t\t<\/li>\n\t\t\t\t\t\t\t\t<li class=\"elementor-icon-list-item\">\n\t\t\t\t\t\t\t\t\t\t\t<span class=\"elementor-icon-list-icon\">\n\t\t\t\t\t\t\t<i aria-hidden=\"true\" class=\"fas fa-user\"><\/i>\t\t\t\t\t\t<\/span>\n\t\t\t\t\t\t\t\t\t\t<span class=\"elementor-icon-list-text\">Margarita Garc\u00eda Calder\u00f3n<\/span>\n\t\t\t\t\t\t\t\t\t<\/li>\n\t\t\t\t\t\t\t\t<li class=\"elementor-icon-list-item\">\n\t\t\t\t\t\t\t\t\t\t\t<span class=\"elementor-icon-list-icon\">\n\t\t\t\t\t\t\t<i aria-hidden=\"true\" class=\"fas fa-user\"><\/i>\t\t\t\t\t\t<\/span>\n\t\t\t\t\t\t\t\t\t\t<span class=\"elementor-icon-list-text\">Beatriz Cantalapiedra P\u00e9rez<\/span>\n\t\t\t\t\t\t\t\t\t<\/li>\n\t\t\t\t\t\t\t\t<li class=\"elementor-icon-list-item\">\n\t\t\t\t\t\t\t\t\t\t\t<span class=\"elementor-icon-list-icon\">\n\t\t\t\t\t\t\t<i aria-hidden=\"true\" class=\"fas fa-user\"><\/i>\t\t\t\t\t\t<\/span>\n\t\t\t\t\t\t\t\t\t\t<span class=\"elementor-icon-list-text\">Patricia Marcano P\u00e9rez<\/span>\n\t\t\t\t\t\t\t\t\t<\/li>\n\t\t\t\t\t\t<\/ul>\n\t\t\t\t\t\t<\/div>\n\t\t\t\t<\/div>\n\t\t\t\t<\/div>\n\t\t<div class=\"elementor-element elementor-element-6b9a363 e-con-full e-flex e-con e-child\" data-id=\"6b9a363\" data-element_type=\"container\">\n\t\t\t\t<div class=\"elementor-element elementor-element-872cc44 elementor-widget elementor-widget-heading\" data-id=\"872cc44\" data-element_type=\"widget\" data-widget_type=\"heading.default\">\n\t\t\t\t<div class=\"elementor-widget-container\">\n\t\t\t\t\t<h5 class=\"elementor-heading-title elementor-size-default\">Comisi\u00f3n de investigaci\u00f3n<\/h5>\t\t\t\t<\/div>\n\t\t\t\t<\/div>\n\t\t\t\t<div class=\"elementor-element elementor-element-ed54040 elementor-icon-list--layout-traditional elementor-list-item-link-full_width elementor-widget elementor-widget-icon-list\" data-id=\"ed54040\" data-element_type=\"widget\" data-widget_type=\"icon-list.default\">\n\t\t\t\t<div class=\"elementor-widget-container\">\n\t\t\t\t\t\t\t<ul class=\"elementor-icon-list-items\">\n\t\t\t\t\t\t\t<li class=\"elementor-icon-list-item\">\n\t\t\t\t\t\t\t\t\t\t\t<span class=\"elementor-icon-list-icon\">\n\t\t\t\t\t\t\t<i aria-hidden=\"true\" class=\"fas fa-user\"><\/i>\t\t\t\t\t\t<\/span>\n\t\t\t\t\t\t\t\t\t\t<span class=\"elementor-icon-list-text\">Mercedes Garc\u00eda Gonz\u00e1lez<\/span>\n\t\t\t\t\t\t\t\t\t<\/li>\n\t\t\t\t\t\t\t\t<li class=\"elementor-icon-list-item\">\n\t\t\t\t\t\t\t\t\t\t\t<span class=\"elementor-icon-list-icon\">\n\t\t\t\t\t\t\t<i aria-hidden=\"true\" class=\"fas fa-user\"><\/i>\t\t\t\t\t\t<\/span>\n\t\t\t\t\t\t\t\t\t\t<span class=\"elementor-icon-list-text\">Jos\u00e9 M\u00aa Ortega Rodr\u00edguez<\/span>\n\t\t\t\t\t\t\t\t\t<\/li>\n\t\t\t\t\t\t\t\t<li class=\"elementor-icon-list-item\">\n\t\t\t\t\t\t\t\t\t\t\t<span class=\"elementor-icon-list-icon\">\n\t\t\t\t\t\t\t<i aria-hidden=\"true\" class=\"fas fa-user\"><\/i>\t\t\t\t\t\t<\/span>\n\t\t\t\t\t\t\t\t\t\t<span class=\"elementor-icon-list-text\">Agust\u00edn Vioque Pe\u00f1a<\/span>\n\t\t\t\t\t\t\t\t\t<\/li>\n\t\t\t\t\t\t\t\t<li class=\"elementor-icon-list-item\">\n\t\t\t\t\t\t\t\t\t\t\t<span class=\"elementor-icon-list-icon\">\n\t\t\t\t\t\t\t<i aria-hidden=\"true\" class=\"fas fa-user\"><\/i>\t\t\t\t\t\t<\/span>\n\t\t\t\t\t\t\t\t\t\t<span class=\"elementor-icon-list-text\">Marco Betti<\/span>\n\t\t\t\t\t\t\t\t\t<\/li>\n\t\t\t\t\t\t\t\t<li class=\"elementor-icon-list-item\">\n\t\t\t\t\t\t\t\t\t\t\t<span class=\"elementor-icon-list-icon\">\n\t\t\t\t\t\t\t<i aria-hidden=\"true\" class=\"fas fa-user\"><\/i>\t\t\t\t\t\t<\/span>\n\t\t\t\t\t\t\t\t\t\t<span class=\"elementor-icon-list-text\">Mercedes Roncel<\/span>\n\t\t\t\t\t\t\t\t\t<\/li>\n\t\t\t\t\t\t<\/ul>\n\t\t\t\t\t\t<\/div>\n\t\t\t\t<\/div>\n\t\t\t\t<\/div>\n\t\t\t\t<\/div>\n\t\t\t\t\t<\/div>\n\t\t\t\t<\/div>\n\t\t\t\t<\/div>\n\t\t","protected":false},"excerpt":{"rendered":"<p>Comisi\u00f3n Permanente M\u00aa Cruz Gonz\u00e1lez Garc\u00eda Margarita Garc\u00eda Calder\u00f3n Agust\u00edn Vioque Pe\u00f1a Marco Betti Abraham Alguacil Casas Comisi\u00f3n de Docencia Mar\u00eda de la Cruz Gonz\u00e1lez Garc\u00eda J. Rom\u00e1n P\u00e9rez Casti\u00f1eira Mercedes Garc\u00eda Gonz\u00e1lez Abraham Alguacil Casas Patricia Marcano P\u00e9rez Marcos M. Cabral Casanova Junta electoral Jos\u00e9 Mar\u00eda Ortega Rodr\u00edguez Margarita Garc\u00eda Calder\u00f3n Beatriz Cantalapiedra P\u00e9rez [&hellip;]<\/p>\n","protected":false},"author":7,"featured_media":0,"parent":0,"menu_order":0,"comment_status":"closed","ping_status":"closed","template":"","meta":{"_acf_changed":false,"footnotes":""},"class_list":["post-2742","page","type-page","status-publish","hentry"],"acf":[],"yoast_head":"<!-- This site is optimized with the Yoast SEO plugin v25.1 - https:\/\/yoast.com\/wordpress\/plugins\/seo\/ -->\n<title>Comisiones del Departamento - DBIOVEGE<\/title>\n<meta name=\"robots\" content=\"index, follow, max-snippet:-1, max-image-preview:large, max-video-preview:-1\" \/>\n<link rel=\"canonical\" href=\"https:\/\/departamento.us.es\/dbiovege\/comisiones-del-departamento\/\" \/>\n<meta property=\"og:locale\" content=\"es_ES\" \/>\n<meta property=\"og:type\" content=\"article\" \/>\n<meta property=\"og:title\" content=\"Comisiones del Departamento - DBIOVEGE\" \/>\n<meta property=\"og:description\" content=\"Comisi\u00f3n Permanente M\u00aa Cruz Gonz\u00e1lez Garc\u00eda Margarita Garc\u00eda Calder\u00f3n Agust\u00edn Vioque Pe\u00f1a Marco Betti Abraham Alguacil Casas Comisi\u00f3n de Docencia Mar\u00eda de la Cruz Gonz\u00e1lez Garc\u00eda J. Rom\u00e1n P\u00e9rez Casti\u00f1eira Mercedes Garc\u00eda Gonz\u00e1lez Abraham Alguacil Casas Patricia Marcano P\u00e9rez Marcos M. Cabral Casanova Junta electoral Jos\u00e9 Mar\u00eda Ortega Rodr\u00edguez Margarita Garc\u00eda Calder\u00f3n Beatriz Cantalapiedra P\u00e9rez [&hellip;]\" \/>\n<meta property=\"og:url\" content=\"https:\/\/departamento.us.es\/dbiovege\/comisiones-del-departamento\/\" \/>\n<meta property=\"og:site_name\" content=\"DBIOVEGE\" \/>\n<meta property=\"article:modified_time\" content=\"2025-05-27T10:31:49+00:00\" \/>\n<meta name=\"twitter:card\" content=\"summary_large_image\" \/>\n<meta name=\"twitter:label1\" content=\"Tiempo de lectura\" \/>\n\t<meta name=\"twitter:data1\" content=\"1 minuto\" \/>\n<script type=\"application\/ld+json\" class=\"yoast-schema-graph\">{\"@context\":\"https:\/\/schema.org\",\"@graph\":[{\"@type\":\"WebPage\",\"@id\":\"https:\/\/departamento.us.es\/dbiovege\/comisiones-del-departamento\/\",\"url\":\"https:\/\/departamento.us.es\/dbiovege\/comisiones-del-departamento\/\",\"name\":\"Comisiones del Departamento - DBIOVEGE\",\"isPartOf\":{\"@id\":\"https:\/\/departamento.us.es\/dbiovege\/#website\"},\"datePublished\":\"2025-01-20T10:04:15+00:00\",\"dateModified\":\"2025-05-27T10:31:49+00:00\",\"inLanguage\":\"es\",\"potentialAction\":[{\"@type\":\"ReadAction\",\"target\":[\"https:\/\/departamento.us.es\/dbiovege\/comisiones-del-departamento\/\"]}]},{\"@type\":\"WebSite\",\"@id\":\"https:\/\/departamento.us.es\/dbiovege\/#website\",\"url\":\"https:\/\/departamento.us.es\/dbiovege\/\",\"name\":\"DBIOVEGE\",\"description\":\"Departamento de Bioqu\u00edmica Vegetal y Biolog\u00eda Molecular\",\"publisher\":{\"@id\":\"https:\/\/departamento.us.es\/dbiovege\/#organization\"},\"potentialAction\":[{\"@type\":\"SearchAction\",\"target\":{\"@type\":\"EntryPoint\",\"urlTemplate\":\"https:\/\/departamento.us.es\/dbiovege\/?s={search_term_string}\"},\"query-input\":{\"@type\":\"PropertyValueSpecification\",\"valueRequired\":true,\"valueName\":\"search_term_string\"}}],\"inLanguage\":\"es\"},{\"@type\":\"Organization\",\"@id\":\"https:\/\/departamento.us.es\/dbiovege\/#organization\",\"name\":\"DBIOVEGE\",\"url\":\"https:\/\/departamento.us.es\/dbiovege\/\",\"logo\":{\"@type\":\"ImageObject\",\"inLanguage\":\"es\",\"@id\":\"https:\/\/departamento.us.es\/dbiovege\/#\/schema\/logo\/image\/\",\"url\":\"https:\/\/departamento.us.es\/dbiovege\/wp-content\/uploads\/2022\/02\/logo-DBIOVERGE25.png\",\"contentUrl\":\"https:\/\/departamento.us.es\/dbiovege\/wp-content\/uploads\/2022\/02\/logo-DBIOVERGE25.png\",\"width\":444,\"height\":572,\"caption\":\"DBIOVEGE\"},\"image\":{\"@id\":\"https:\/\/departamento.us.es\/dbiovege\/#\/schema\/logo\/image\/\"}}]}<\/script>\n<!-- \/ Yoast SEO plugin. -->","yoast_head_json":{"title":"Comisiones del Departamento - DBIOVEGE","robots":{"index":"index","follow":"follow","max-snippet":"max-snippet:-1","max-image-preview":"max-image-preview:large","max-video-preview":"max-video-preview:-1"},"canonical":"https:\/\/departamento.us.es\/dbiovege\/comisiones-del-departamento\/","og_locale":"es_ES","og_type":"article","og_title":"Comisiones del Departamento - DBIOVEGE","og_description":"Comisi\u00f3n Permanente M\u00aa Cruz Gonz\u00e1lez Garc\u00eda Margarita Garc\u00eda Calder\u00f3n Agust\u00edn Vioque Pe\u00f1a Marco Betti Abraham Alguacil Casas Comisi\u00f3n de Docencia Mar\u00eda de la Cruz Gonz\u00e1lez Garc\u00eda J. Rom\u00e1n P\u00e9rez Casti\u00f1eira Mercedes Garc\u00eda Gonz\u00e1lez Abraham Alguacil Casas Patricia Marcano P\u00e9rez Marcos M. Cabral Casanova Junta electoral Jos\u00e9 Mar\u00eda Ortega Rodr\u00edguez Margarita Garc\u00eda Calder\u00f3n Beatriz Cantalapiedra P\u00e9rez [&hellip;]","og_url":"https:\/\/departamento.us.es\/dbiovege\/comisiones-del-departamento\/","og_site_name":"DBIOVEGE","article_modified_time":"2025-05-27T10:31:49+00:00","twitter_card":"summary_large_image","twitter_misc":{"Tiempo de lectura":"1 minuto"},"schema":{"@context":"https:\/\/schema.org","@graph":[{"@type":"WebPage","@id":"https:\/\/departamento.us.es\/dbiovege\/comisiones-del-departamento\/","url":"https:\/\/departamento.us.es\/dbiovege\/comisiones-del-departamento\/","name":"Comisiones del Departamento - DBIOVEGE","isPartOf":{"@id":"https:\/\/departamento.us.es\/dbiovege\/#website"},"datePublished":"2025-01-20T10:04:15+00:00","dateModified":"2025-05-27T10:31:49+00:00","inLanguage":"es","potentialAction":[{"@type":"ReadAction","target":["https:\/\/departamento.us.es\/dbiovege\/comisiones-del-departamento\/"]}]},{"@type":"WebSite","@id":"https:\/\/departamento.us.es\/dbiovege\/#website","url":"https:\/\/departamento.us.es\/dbiovege\/","name":"DBIOVEGE","description":"Departamento de Bioqu\u00edmica Vegetal y Biolog\u00eda Molecular","publisher":{"@id":"https:\/\/departamento.us.es\/dbiovege\/#organization"},"potentialAction":[{"@type":"SearchAction","target":{"@type":"EntryPoint","urlTemplate":"https:\/\/departamento.us.es\/dbiovege\/?s={search_term_string}"},"query-input":{"@type":"PropertyValueSpecification","valueRequired":true,"valueName":"search_term_string"}}],"inLanguage":"es"},{"@type":"Organization","@id":"https:\/\/departamento.us.es\/dbiovege\/#organization","name":"DBIOVEGE","url":"https:\/\/departamento.us.es\/dbiovege\/","logo":{"@type":"ImageObject","inLanguage":"es","@id":"https:\/\/departamento.us.es\/dbiovege\/#\/schema\/logo\/image\/","url":"https:\/\/departamento.us.es\/dbiovege\/wp-content\/uploads\/2022\/02\/logo-DBIOVERGE25.png","contentUrl":"https:\/\/departamento.us.es\/dbiovege\/wp-content\/uploads\/2022\/02\/logo-DBIOVERGE25.png","width":444,"height":572,"caption":"DBIOVEGE"},"image":{"@id":"https:\/\/departamento.us.es\/dbiovege\/#\/schema\/logo\/image\/"}}]}},"_links":{"self":[{"href":"https:\/\/departamento.us.es\/dbiovege\/wp-json\/wp\/v2\/pages\/2742","targetHints":{"allow":["GET"]}}],"collection":[{"href":"https:\/\/departamento.us.es\/dbiovege\/wp-json\/wp\/v2\/pages"}],"about":[{"href":"https:\/\/departamento.us.es\/dbiovege\/wp-json\/wp\/v2\/types\/page"}],"author":[{"embeddable":true,"href":"https:\/\/departamento.us.es\/dbiovege\/wp-json\/wp\/v2\/users\/7"}],"replies":[{"embeddable":true,"href":"https:\/\/departamento.us.es\/dbiovege\/wp-json\/wp\/v2\/comments?post=2742"}],"version-history":[{"count":0,"href":"https:\/\/departamento.us.es\/dbiovege\/wp-json\/wp\/v2\/pages\/2742\/revisions"}],"wp:attachment":[{"href":"https:\/\/departamento.us.es\/dbiovege\/wp-json\/wp\/v2\/media?parent=2742"}],"curies":[{"name":"wp","href":"https:\/\/api.w.org\/{rel}","templated":true}]}}