{"id":3044,"date":"2025-05-13T11:46:35","date_gmt":"2025-05-13T09:46:35","guid":{"rendered":"https:\/\/departamento.us.es\/dbiovege25\/?page_id=3044"},"modified":"2026-01-29T13:26:59","modified_gmt":"2026-01-29T12:26:59","slug":"horario-de-tutorias","status":"publish","type":"page","link":"https:\/\/departamento.us.es\/dbiovege\/horario-de-tutorias\/","title":{"rendered":"Horario de Tutor\u00edas"},"content":{"rendered":"\t\t<div data-elementor-type=\"wp-page\" data-elementor-id=\"3044\" class=\"elementor elementor-3044\" data-elementor-post-type=\"page\">\n\t\t\t\t<div class=\"elementor-element elementor-element-481df36 e-flex e-con-boxed e-con e-parent\" data-id=\"481df36\" data-element_type=\"container\">\n\t\t\t\t\t<div class=\"e-con-inner\">\n\t\t\t\t<div class=\"elementor-element elementor-element-eae4bf5 elementor-widget elementor-widget-heading\" data-id=\"eae4bf5\" data-element_type=\"widget\" data-widget_type=\"heading.default\">\n\t\t\t\t<div class=\"elementor-widget-container\">\n\t\t\t\t\t<h4 class=\"elementor-heading-title elementor-size-default\">Curso 2025\/26<\/h4>\t\t\t\t<\/div>\n\t\t\t\t<\/div>\n\t\t\t\t<div class=\"elementor-element elementor-element-ea510ee elementor-widget elementor-widget-shortcode\" data-id=\"ea510ee\" data-element_type=\"widget\" data-widget_type=\"shortcode.default\">\n\t\t\t\t<div class=\"elementor-widget-container\">\n\t\t\t\t\t\t\t<div class=\"elementor-shortcode\">\n<table id=\"tablepress-1\" class=\"tablepress tablepress-id-1\">\n<thead>\n<tr class=\"row-1\">\n\t<th class=\"column-1\">PROFESOR<\/th><th class=\"column-2\">HORARIO<\/th><th class=\"column-3\">FACULTAD<\/th><th class=\"column-4\">MODALIDAD<\/th>\n<\/tr>\n<\/thead>\n<tbody class=\"row-striping row-hover\">\n<tr class=\"row-2\">\n\t<td class=\"column-1\">\u00a0CEJUDO FERN\u00c1NDEZ, FRANCISCO JAVIER *<\/td><td class=\"column-2\">Mi\u00e9rcoles y Jueves (9:00-12:00)<\/td><td class=\"column-3\">BIOLOG\u00cdA<\/td><td class=\"column-4\">PRESENCIAL. CONCERTADA POR E-MAIL<\/td>\n<\/tr>\n<tr class=\"row-3\">\n\t<td class=\"column-1\"> CORRALES GUERRERO, LAURA<\/td><td class=\"column-2\">Lunes y Mi\u00e9rcoles (16:00 a 17:00)<\/td><td class=\"column-3\">BIOLOG\u00cdA<\/td><td class=\"column-4\">PRESENCIAL. CONCERTADA POR E-MAIL<\/td>\n<\/tr>\n<tr class=\"row-4\">\n\t<td class=\"column-1\">\u00a0DE LA ROSA ACOSTA, MIGUEL ANGEL *<\/td><td class=\"column-2\">Lunes, martes y mi\u00e9rcoles de 08:00 a 09;00 h. y de 10:00 a 11:00 h.<\/td><td class=\"column-3\">BIOLOG\u00cdA<\/td><td class=\"column-4\">PRESENCIAL. CONCERTADA POR E-MAIL<\/td>\n<\/tr>\n<tr class=\"row-5\">\n\t<td class=\"column-1\">\u00a0D\u00cdAZ MORENO, IRENE *<\/td><td class=\"column-2\">Lunes, Martes y Mi\u00e9rcoles de 16:00 a 18:00 h. <\/td><td class=\"column-3\">BIOLOG\u00cdA<\/td><td class=\"column-4\">PRESENCIAL. CONCERTADA POR E-MAIL<\/td>\n<\/tr>\n<tr class=\"row-6\">\n\t<td class=\"column-1\">\u00a0DIAZ QUINTANA, ANTONIO*<\/td><td class=\"column-2\">                                                                                                                                                                                                          Lunes y viernes, de 9,00 a 12,00 horas.Despacho 110A<br \/>\n<br \/>\n <\/td><td class=\"column-3\">BIOLOG\u00cdA<\/td><td class=\"column-4\">PRESENCIAL. CONCERTADA POR E-MAIL<\/td>\n<\/tr>\n<tr class=\"row-7\">\n\t<td class=\"column-1\">\u00a0FLORENCIO BELLIDO, FRANCISCO JAVIER *<\/td><td class=\"column-2\">Lunes de 19:00 a 20:30 h. y martes de 09:30 a 12:30 y de 19:00 a 20:30 h.<\/td><td class=\"column-3\">BIOLOG\u00cdA<\/td><td class=\"column-4\">PRESENCIAL. CONCERTADA POR E-MAIL<\/td>\n<\/tr>\n<tr class=\"row-8\">\n\t<td class=\"column-1\">\u00a0GALV\u00c1N CEJUDO, FRANCISCO<\/td><td class=\"column-2\">Mi\u00e9rcoles y Jueves (9:00-12:00)<\/td><td class=\"column-3\">BIOLOG\u00cdA<\/td><td class=\"column-4\">PRESENCIAL. CONCERTADA POR E-MAIL<\/td>\n<\/tr>\n<tr class=\"row-9\">\n\t<td class=\"column-1\">\u00a0GARC\u00cdA GONZ\u00c1LEZ, MERCEDES<\/td><td class=\"column-2\">Lunes, Martes y Mi\u00e9rcoles de 15:00 a 16:00 h<\/td><td class=\"column-3\">BIOLOG\u00cdA<\/td><td class=\"column-4\">PRESENCIAL. CONCERTADA POR E-MAIL<\/td>\n<\/tr>\n<tr class=\"row-10\">\n\t<td class=\"column-1\">\u00a0GARC\u00cdA HEREDIA, JOSE MANUEL *<\/td><td class=\"column-2\">De Lunes a Jueves de 14:00 a 15:30 h<\/td><td class=\"column-3\">BIOLOG\u00cdA<\/td><td class=\"column-4\">PRESENCIAL. CONCERTADA POR E-MAIL<\/td>\n<\/tr>\n<tr class=\"row-11\">\n\t<td class=\"column-1\"> GINER LAMIA, JOAQU\u00cdN*<\/td><td class=\"column-2\">Lunes y Martes de 10:00 a 12:00 h<\/td><td class=\"column-3\">BIOLOG\u00cdA<\/td><td class=\"column-4\">PRESENCIAL. CONCERTADA POR E-MAIL<\/td>\n<\/tr>\n<tr class=\"row-12\">\n\t<td class=\"column-1\">\u00a0GONZALEZ ARZOLA, KATIUSKA *<\/td><td class=\"column-2\">Lunes, mi\u00e9rcoles y jueves de 13:00 a 15:00 horas<\/td><td class=\"column-3\">BIOLOG\u00cdA<\/td><td class=\"column-4\">PRESENCIAL. CONCERTADA POR E-MAIL<\/td>\n<\/tr>\n<tr class=\"row-13\">\n\t<td class=\"column-1\">\u00a0GONZALEZ GARCIA, M\u00aa. CRUZ *<\/td><td class=\"column-2\">Lunes, mi\u00e9rcoles y jueves de 12:00 a 14:00<\/td><td class=\"column-3\">BIOLOG\u00cdA<\/td><td class=\"column-4\">PRESENCIAL. CONCERTADA POR E-MAIL<\/td>\n<\/tr>\n<tr class=\"row-14\">\n\t<td class=\"column-1\">\u00a0GUTIERREZ BELTRAN, EMILIO *<\/td><td class=\"column-2\">Lunes, Martes y Mi\u00e9rcoles de 10:00-12:00 *<\/td><td class=\"column-3\">BIOLOG\u00cdA<\/td><td class=\"column-4\">PRESENCIAL. CONCERTADA POR E-MAIL<\/td>\n<\/tr>\n<tr class=\"row-15\">\n\t<td class=\"column-1\">\u00a0HERN\u00e1NDEZ JIM\u00e9NEZ, MAR\u00edA LUISA<\/td><td class=\"column-2\">Martes y Jueves 14:00 \u2013 17:00 h<\/td><td class=\"column-3\">BIOLOG\u00cdA<\/td><td class=\"column-4\">PRESENCIAL. CONCERTADA POR E-MAIL<\/td>\n<\/tr>\n<tr class=\"row-16\">\n\t<td class=\"column-1\">HERN\u00c1NDEZ PI\u00d1ERO, SARA BEL\u00c9N<\/td><td class=\"column-2\">Martes y Jueves de 12:00 a 15:00 h<\/td><td class=\"column-3\">BIOLOG\u00cdA<\/td><td class=\"column-4\">PRESENCIAL. CONCERTADA POR E-MAIL<\/td>\n<\/tr>\n<tr class=\"row-17\">\n\t<td class=\"column-1\">\u00a0HUERTAS ROMERA, MARIA JOSE *<\/td><td class=\"column-2\">1\u00ba Cuatrimestre: L,M (13:00-15:00) y (16:00-17:00). 2\u00ba Cuatrimestre: L,M,X (16:00-18:00).<\/td><td class=\"column-3\">BIOLOG\u00cdA<\/td><td class=\"column-4\">PRESENCIAL. CONCERTADA POR E-MAIL<\/td>\n<\/tr>\n<tr class=\"row-18\">\n\t<td class=\"column-1\">\u00a0L\u00d3PEZ IGUAL, ROCIO *<\/td><td class=\"column-2\">Martes y jueves de 14:00 a 17:00 <\/td><td class=\"column-3\">BIOLOG\u00cdA<\/td><td class=\"column-4\">PRESENCIAL. CONCERTADA POR E-MAIL<\/td>\n<\/tr>\n<tr class=\"row-19\">\n\t<td class=\"column-1\">\u00a0L\u00d3PEZ MAURY, LUIS *<\/td><td class=\"column-2\">Lunes, Martes y Mi\u00e9rcoles de 12:00 a 14:00 h.<\/td><td class=\"column-3\">BIOLOG\u00cdA<\/td><td class=\"column-4\">PRESENCIAL. CONCERTADA POR E-MAIL<\/td>\n<\/tr>\n<tr class=\"row-20\">\n\t<td class=\"column-1\">\u00a0MALL\u00c9N PONCE, MANUEL JES\u00daS *<\/td><td class=\"column-2\">L y V (9:00 a 12:00)<\/td><td class=\"column-3\">BIOLOG\u00cdA<\/td><td class=\"column-4\">PRESENCIAL. CONCERTADA POR E-MAIL<\/td>\n<\/tr>\n<tr class=\"row-21\">\n\t<td class=\"column-1\">\u00a0MOLINA HEREDIA, FERNANDO PUBLIO *<\/td><td class=\"column-2\">L,M y X (11:00-13:00)<\/td><td class=\"column-3\">BIOLOG\u00cdA<\/td><td class=\"column-4\">PRESENCIAL. CONCERTADA POR E-MAIL<\/td>\n<\/tr>\n<tr class=\"row-22\">\n\t<td class=\"column-1\">\u00a0MURDOCH, PIEDAD DEL SOCORRO*<\/td><td class=\"column-2\">L, M, X (11:00 A 13:00)<\/td><td class=\"column-3\">BIOLOG\u00cdA<\/td><td class=\"column-4\">PRESENCIAL. CONCERTADA POR E-MAIL<\/td>\n<\/tr>\n<tr class=\"row-23\">\n\t<td class=\"column-1\">NARANJO MIRANDA, BEL\u00c9N*<\/td><td class=\"column-2\">Lunes, Martes y Mi\u00e9rcoles de 10:00 a 12:00 h<\/td><td class=\"column-3\">BIOLOG\u00cdA<\/td><td class=\"column-4\">PRESENCIAL. CONCERTADA POR E-MAIL<\/td>\n<\/tr>\n<tr class=\"row-24\">\n\t<td class=\"column-1\"> OJEDA SERVI\u00c1N, VALLE *<\/td><td class=\"column-2\">Martes y Jueves de 10:00 a 13:00 h.<\/td><td class=\"column-3\">BIOLOG\u00cdA<\/td><td class=\"column-4\">PRESENCIAL. CONCERTADA POR E-MAIL<\/td>\n<\/tr>\n<tr class=\"row-25\">\n\t<td class=\"column-1\">\u00a0ORTEGA RODR\u00cdGUEZ, JOSE M\u00aa *<\/td><td class=\"column-2\">Lunes y Mi\u00e9rcoles de 17:00 a 20:00 h<\/td><td class=\"column-3\">BIOLOG\u00cdA<\/td><td class=\"column-4\">PRESENCIAL. CONCERTADA POR E-MAIL<\/td>\n<\/tr>\n<tr class=\"row-26\">\n\t<td class=\"column-1\">\u00a0PEREZ RUIZ, JUAN MANUEL *<\/td><td class=\"column-2\">Jueves y Viernes de 10:00 a 12:00 h<\/td><td class=\"column-3\">BIOLOG\u00cdA<\/td><td class=\"column-4\">PRESENCIAL. CONCERTADA POR E-MAIL<\/td>\n<\/tr>\n<tr class=\"row-27\">\n\t<td class=\"column-1\">\u00a0RODR\u00cdGUEZ MART\u00cdNEZ, HERMINIA *<\/td><td class=\"column-2\">M (15:00 a 18:00) X (11:00 a 14:00)<\/td><td class=\"column-3\">BIOLOG\u00cdA<\/td><td class=\"column-4\">PRESENCIAL. CONCERTADA POR E-MAIL<\/td>\n<\/tr>\n<tr class=\"row-28\">\n\t<td class=\"column-1\">\u00a0ROMERO RODR\u00cdGUEZ, JOSE M\u00aa *<\/td><td class=\"column-2\">Lunes, Martes y Mi\u00e9rcoles de 9:30 a 12:30 h<\/td><td class=\"column-3\">BIOLOG\u00cdA<\/td><td class=\"column-4\">PRESENCIAL. CONCERTADA POR E-MAIL<\/td>\n<\/tr>\n<tr class=\"row-29\">\n\t<td class=\"column-1\">\u00a0RONCEL GIL, MERCEDES *<\/td><td class=\"column-2\">Jueves de 13:00 a 15:00 h Viernes de 9:30-12:30 h<\/td><td class=\"column-3\">BIOLOG\u00cdA<\/td><td class=\"column-4\">PRESENCIAL. CONCERTADA POR E-MAIL<\/td>\n<\/tr>\n<tr class=\"row-30\">\n\t<td class=\"column-1\">\u00a0RUIZ PEREZ, JOSE FRANCISCO*<\/td><td class=\"column-2\">Lunes, Martes y Mi\u00e9rcoles de 9:00 a 11:00 h<\/td><td class=\"column-3\">BIOLOG\u00cdA<\/td><td class=\"column-4\">PRESENCIAL. CONCERTADA POR E-MAIL<\/td>\n<\/tr>\n<tr class=\"row-31\">\n\t<td class=\"column-1\">\u00a0RUIZ SOLA, M\u00aa DEL \u00c1GUILA *<\/td><td class=\"column-2\">Lunes y Martes de 9:30 a 12:30 horas<\/td><td class=\"column-3\">QU\u00cdMICA<\/td><td class=\"column-4\">PRESENCIAL. CONCERTADA POR E-MAIL<\/td>\n<\/tr>\n<tr class=\"row-32\">\n\t<td class=\"column-1\">SERRANO BUENO, GLORIA<\/td><td class=\"column-2\">Lunes y Martes de 19:00 a 20:30 h<\/td><td class=\"column-3\">BIOLOG\u00cdA<\/td><td class=\"column-4\">PRESENCIAL. CONCERTADA POR E-MAIL<\/td>\n<\/tr>\n<tr class=\"row-33\">\n\t<td class=\"column-1\">VIOQUE PE\u00d1A, AGUST\u00cdN*<\/td><td class=\"column-2\">Martes y Mi\u00e9rcoles de 12:00 a 15:00 h <\/td><td class=\"column-3\">BIOLOG\u00cdA<\/td><td class=\"column-4\">PRESENCIAL. CONCERTADA POR E-MAIL<\/td>\n<\/tr>\n<\/tbody>\n<\/table>\n<\/div>\n\t\t\t\t\t\t<\/div>\n\t\t\t\t<\/div>\n\t\t\t\t\t<\/div>\n\t\t\t\t<\/div>\n\t\t\t\t<\/div>\n\t\t","protected":false},"excerpt":{"rendered":"<p>Curso 2025\/26<\/p>\n","protected":false},"author":9,"featured_media":0,"parent":0,"menu_order":0,"comment_status":"closed","ping_status":"closed","template":"","meta":{"_acf_changed":false,"footnotes":""},"class_list":["post-3044","page","type-page","status-publish","hentry"],"acf":[],"yoast_head":"<!-- This site is optimized with the Yoast SEO plugin v25.1 - https:\/\/yoast.com\/wordpress\/plugins\/seo\/ -->\n<title>Horario de Tutor\u00edas - DBIOVEGE<\/title>\n<meta name=\"robots\" content=\"index, follow, max-snippet:-1, max-image-preview:large, max-video-preview:-1\" \/>\n<link rel=\"canonical\" href=\"https:\/\/departamento.us.es\/dbiovege\/horario-de-tutorias\/\" \/>\n<meta property=\"og:locale\" content=\"es_ES\" \/>\n<meta property=\"og:type\" content=\"article\" \/>\n<meta property=\"og:title\" content=\"Horario de Tutor\u00edas - DBIOVEGE\" \/>\n<meta property=\"og:description\" content=\"Curso 2025\/26\" \/>\n<meta property=\"og:url\" content=\"https:\/\/departamento.us.es\/dbiovege\/horario-de-tutorias\/\" \/>\n<meta property=\"og:site_name\" content=\"DBIOVEGE\" \/>\n<meta property=\"article:modified_time\" content=\"2026-01-29T12:26:59+00:00\" \/>\n<meta name=\"twitter:card\" content=\"summary_large_image\" \/>\n<meta name=\"twitter:label1\" content=\"Tiempo de lectura\" \/>\n\t<meta name=\"twitter:data1\" content=\"1 minuto\" \/>\n<script type=\"application\/ld+json\" class=\"yoast-schema-graph\">{\"@context\":\"https:\/\/schema.org\",\"@graph\":[{\"@type\":\"WebPage\",\"@id\":\"https:\/\/departamento.us.es\/dbiovege\/horario-de-tutorias\/\",\"url\":\"https:\/\/departamento.us.es\/dbiovege\/horario-de-tutorias\/\",\"name\":\"Horario de Tutor\u00edas - DBIOVEGE\",\"isPartOf\":{\"@id\":\"https:\/\/departamento.us.es\/dbiovege\/#website\"},\"datePublished\":\"2025-05-13T09:46:35+00:00\",\"dateModified\":\"2026-01-29T12:26:59+00:00\",\"inLanguage\":\"es\",\"potentialAction\":[{\"@type\":\"ReadAction\",\"target\":[\"https:\/\/departamento.us.es\/dbiovege\/horario-de-tutorias\/\"]}]},{\"@type\":\"WebSite\",\"@id\":\"https:\/\/departamento.us.es\/dbiovege\/#website\",\"url\":\"https:\/\/departamento.us.es\/dbiovege\/\",\"name\":\"DBIOVEGE\",\"description\":\"Departamento de Bioqu\u00edmica Vegetal y Biolog\u00eda Molecular\",\"publisher\":{\"@id\":\"https:\/\/departamento.us.es\/dbiovege\/#organization\"},\"potentialAction\":[{\"@type\":\"SearchAction\",\"target\":{\"@type\":\"EntryPoint\",\"urlTemplate\":\"https:\/\/departamento.us.es\/dbiovege\/?s={search_term_string}\"},\"query-input\":{\"@type\":\"PropertyValueSpecification\",\"valueRequired\":true,\"valueName\":\"search_term_string\"}}],\"inLanguage\":\"es\"},{\"@type\":\"Organization\",\"@id\":\"https:\/\/departamento.us.es\/dbiovege\/#organization\",\"name\":\"DBIOVEGE\",\"url\":\"https:\/\/departamento.us.es\/dbiovege\/\",\"logo\":{\"@type\":\"ImageObject\",\"inLanguage\":\"es\",\"@id\":\"https:\/\/departamento.us.es\/dbiovege\/#\/schema\/logo\/image\/\",\"url\":\"https:\/\/departamento.us.es\/dbiovege\/wp-content\/uploads\/2022\/02\/logo-DBIOVERGE25.png\",\"contentUrl\":\"https:\/\/departamento.us.es\/dbiovege\/wp-content\/uploads\/2022\/02\/logo-DBIOVERGE25.png\",\"width\":444,\"height\":572,\"caption\":\"DBIOVEGE\"},\"image\":{\"@id\":\"https:\/\/departamento.us.es\/dbiovege\/#\/schema\/logo\/image\/\"}}]}<\/script>\n<!-- \/ Yoast SEO plugin. -->","yoast_head_json":{"title":"Horario de Tutor\u00edas - DBIOVEGE","robots":{"index":"index","follow":"follow","max-snippet":"max-snippet:-1","max-image-preview":"max-image-preview:large","max-video-preview":"max-video-preview:-1"},"canonical":"https:\/\/departamento.us.es\/dbiovege\/horario-de-tutorias\/","og_locale":"es_ES","og_type":"article","og_title":"Horario de Tutor\u00edas - DBIOVEGE","og_description":"Curso 2025\/26","og_url":"https:\/\/departamento.us.es\/dbiovege\/horario-de-tutorias\/","og_site_name":"DBIOVEGE","article_modified_time":"2026-01-29T12:26:59+00:00","twitter_card":"summary_large_image","twitter_misc":{"Tiempo de lectura":"1 minuto"},"schema":{"@context":"https:\/\/schema.org","@graph":[{"@type":"WebPage","@id":"https:\/\/departamento.us.es\/dbiovege\/horario-de-tutorias\/","url":"https:\/\/departamento.us.es\/dbiovege\/horario-de-tutorias\/","name":"Horario de Tutor\u00edas - DBIOVEGE","isPartOf":{"@id":"https:\/\/departamento.us.es\/dbiovege\/#website"},"datePublished":"2025-05-13T09:46:35+00:00","dateModified":"2026-01-29T12:26:59+00:00","inLanguage":"es","potentialAction":[{"@type":"ReadAction","target":["https:\/\/departamento.us.es\/dbiovege\/horario-de-tutorias\/"]}]},{"@type":"WebSite","@id":"https:\/\/departamento.us.es\/dbiovege\/#website","url":"https:\/\/departamento.us.es\/dbiovege\/","name":"DBIOVEGE","description":"Departamento de Bioqu\u00edmica Vegetal y Biolog\u00eda Molecular","publisher":{"@id":"https:\/\/departamento.us.es\/dbiovege\/#organization"},"potentialAction":[{"@type":"SearchAction","target":{"@type":"EntryPoint","urlTemplate":"https:\/\/departamento.us.es\/dbiovege\/?s={search_term_string}"},"query-input":{"@type":"PropertyValueSpecification","valueRequired":true,"valueName":"search_term_string"}}],"inLanguage":"es"},{"@type":"Organization","@id":"https:\/\/departamento.us.es\/dbiovege\/#organization","name":"DBIOVEGE","url":"https:\/\/departamento.us.es\/dbiovege\/","logo":{"@type":"ImageObject","inLanguage":"es","@id":"https:\/\/departamento.us.es\/dbiovege\/#\/schema\/logo\/image\/","url":"https:\/\/departamento.us.es\/dbiovege\/wp-content\/uploads\/2022\/02\/logo-DBIOVERGE25.png","contentUrl":"https:\/\/departamento.us.es\/dbiovege\/wp-content\/uploads\/2022\/02\/logo-DBIOVERGE25.png","width":444,"height":572,"caption":"DBIOVEGE"},"image":{"@id":"https:\/\/departamento.us.es\/dbiovege\/#\/schema\/logo\/image\/"}}]}},"_links":{"self":[{"href":"https:\/\/departamento.us.es\/dbiovege\/wp-json\/wp\/v2\/pages\/3044","targetHints":{"allow":["GET"]}}],"collection":[{"href":"https:\/\/departamento.us.es\/dbiovege\/wp-json\/wp\/v2\/pages"}],"about":[{"href":"https:\/\/departamento.us.es\/dbiovege\/wp-json\/wp\/v2\/types\/page"}],"author":[{"embeddable":true,"href":"https:\/\/departamento.us.es\/dbiovege\/wp-json\/wp\/v2\/users\/9"}],"replies":[{"embeddable":true,"href":"https:\/\/departamento.us.es\/dbiovege\/wp-json\/wp\/v2\/comments?post=3044"}],"version-history":[{"count":0,"href":"https:\/\/departamento.us.es\/dbiovege\/wp-json\/wp\/v2\/pages\/3044\/revisions"}],"wp:attachment":[{"href":"https:\/\/departamento.us.es\/dbiovege\/wp-json\/wp\/v2\/media?parent=3044"}],"curies":[{"name":"wp","href":"https:\/\/api.w.org\/{rel}","templated":true}]}}