{"id":588,"date":"2022-03-28T06:58:09","date_gmt":"2022-03-28T06:58:09","guid":{"rendered":"https:\/\/departamento.us.es\/dca\/?page_id=588"},"modified":"2022-07-18T08:04:51","modified_gmt":"2022-07-18T08:04:51","slug":"enlaces-de-interes","status":"publish","type":"page","link":"https:\/\/departamento.us.es\/dca\/enlaces-de-interes\/","title":{"rendered":"ENLACES DE INTER\u00c9S"},"content":{"rendered":"\t\t<div data-elementor-type=\"wp-page\" data-elementor-id=\"588\" class=\"elementor elementor-588\" data-elementor-post-type=\"page\">\n\t\t\t\t\t\t<section class=\"elementor-section elementor-top-section elementor-element elementor-element-051527f elementor-section-boxed elementor-section-height-default elementor-section-height-default\" data-id=\"051527f\" data-element_type=\"section\" data-e-type=\"section\">\n\t\t\t\t\t\t<div class=\"elementor-container elementor-column-gap-default\">\n\t\t\t\t\t<div class=\"elementor-column elementor-col-100 elementor-top-column elementor-element elementor-element-4e32d24\" data-id=\"4e32d24\" data-element_type=\"column\" data-e-type=\"column\">\n\t\t\t<div class=\"elementor-widget-wrap elementor-element-populated\">\n\t\t\t\t\t\t<div class=\"elementor-element elementor-element-03c01a9 elementor-widget elementor-widget-text-editor\" data-id=\"03c01a9\" data-element_type=\"widget\" data-e-type=\"widget\" data-widget_type=\"text-editor.default\">\n\t\t\t\t<div class=\"elementor-widget-container\">\n\t\t\t\t\t\t\t\t\t<p>En este apartado de la p\u00e1gina Web podr\u00e1s encontrar algunos enlaces que pueden ser de inter\u00e9s en relaci\u00f3n con las materias en las que imparte docencia este Departamento.<\/p><h3>Universidad de Sevilla<\/h3><ul><li><a href=\"https:\/\/www.us.es\/\" target=\"_blank\" rel=\"noopener\">Universidad de Sevilla<\/a><\/li><li><a href=\"https:\/\/investigacion.us.es\/sisius\" target=\"_blank\" rel=\"noopener\">SISIUS<\/a><\/li><li><a href=\"https:\/\/bib.us.es\/\" target=\"_blank\" rel=\"noopener\">Biblioteca<\/a><\/li><li><a href=\"https:\/\/ev.us.es\/\" target=\"_blank\" rel=\"noopener\">Ense\u00f1anza Virtual<\/a><\/li><li><a href=\"https:\/\/institucional.us.es\/exponaus\/\" target=\"_blank\" rel=\"noopener\">Buz\u00f3n electr\u00f3nico<\/a><\/li><li><a href=\"https:\/\/recursoshumanos.us.es\/\" target=\"_blank\" rel=\"noopener\">Riesgos laborales<\/a><\/li><li><a href=\"http:\/\/smantenimiento.us.es\/uma\/contacto_unidad_medio_ambiente.php\" target=\"_blank\" rel=\"noopener\">Servicio de Mantenimiento y medio Ambiente<\/a><\/li><li><a href=\"https:\/\/etsia.us.es\/\" target=\"_blank\" rel=\"noopener\">Escuela T\u00e9cnica Superior de Ingenier\u00eda Agron\u00f3mica<\/a><\/li><li><a href=\"https:\/\/rec.redsara.es\/registro\/action\/are\/acceso.do\" target=\"_blank\" rel=\"noopener\">Registro General Universidad de Sevilla<\/a><\/li><li><a href=\"https:\/\/fius.us.es\/\" target=\"_blank\" rel=\"noopener\">FIUS<\/a><\/li><\/ul><h3>Boletines oficiales<\/h3><ul><li><a href=\"http:\/\/www.boe.es\/diario_boe\/\" target=\"_blank\" rel=\"noopener\">Bolet\u00edn Oficial del Estado<\/a>.<\/li><li><a href=\"http:\/\/www.juntadeandalucia.es\/boja\/boletines\/2010\/19\/index.html\" target=\"_blank\" rel=\"noopener\">Bolet\u00edn Oficial de la Junta de Andaluc\u00eda<\/a>.<\/li><\/ul><h3>Otros Enlaces<\/h3><ul><li><a href=\"https:\/\/adamacatedra.es\/\" target=\"_blank\" rel=\"noopener\">Catedra Adama<\/a><\/li><li><a href=\"https:\/\/agronomo.es\/\" target=\"_blank\" rel=\"noopener\">Colegio Oficial de Ingenieros Agr\u00f3nomos de Andaluc\u00eda<\/a><\/li><li><a href=\"https:\/\/www.coitand.es\/\">Colegio Oficial de Ingenieros T\u00e9cnicos Agr\u00edcolas de Andaluc\u00eda Occidental<\/a><\/li><li><a href=\"https:\/\/www.sostenibilidadganadera.es\/\" target=\"_blank\" rel=\"noopener\">Sostenibilidad Ganadera<\/a><\/li><\/ul>\t\t\t\t\t\t\t\t<\/div>\n\t\t\t\t<\/div>\n\t\t\t\t\t<\/div>\n\t\t<\/div>\n\t\t\t\t\t<\/div>\n\t\t<\/section>\n\t\t\t\t<\/div>\n\t\t","protected":false},"excerpt":{"rendered":"<p>En este apartado de la p\u00e1gina Web podr\u00e1s encontrar algunos enlaces que pueden ser de inter\u00e9s en relaci\u00f3n con las materias en las que imparte docencia este Departamento. Universidad de Sevilla Universidad de Sevilla SISIUS Biblioteca Ense\u00f1anza Virtual Buz\u00f3n electr\u00f3nico Riesgos laborales Servicio de Mantenimiento y medio Ambiente Escuela T\u00e9cnica Superior de Ingenier\u00eda Agron\u00f3mica Registro [&hellip;]<\/p>\n","protected":false},"author":1,"featured_media":0,"parent":0,"menu_order":0,"comment_status":"closed","ping_status":"closed","template":"","meta":{"footnotes":""},"class_list":["post-588","page","type-page","status-publish","hentry"],"yoast_head":"<!-- This site is optimized with the Yoast SEO plugin v27.4 - https:\/\/yoast.com\/product\/yoast-seo-wordpress\/ -->\n<title>ENLACES DE INTER\u00c9S - Departamento de Agronom\u00eda<\/title>\n<meta name=\"robots\" content=\"index, follow, max-snippet:-1, max-image-preview:large, max-video-preview:-1\" \/>\n<link rel=\"canonical\" href=\"https:\/\/departamento.us.es\/dca\/enlaces-de-interes\/\" \/>\n<meta property=\"og:locale\" content=\"es_ES\" \/>\n<meta property=\"og:type\" content=\"article\" \/>\n<meta property=\"og:title\" content=\"ENLACES DE INTER\u00c9S - Departamento de Agronom\u00eda\" \/>\n<meta property=\"og:description\" content=\"En este apartado de la p\u00e1gina Web podr\u00e1s encontrar algunos enlaces que pueden ser de inter\u00e9s en relaci\u00f3n con las materias en las que imparte docencia este Departamento. Universidad de Sevilla Universidad de Sevilla SISIUS Biblioteca Ense\u00f1anza Virtual Buz\u00f3n electr\u00f3nico Riesgos laborales Servicio de Mantenimiento y medio Ambiente Escuela T\u00e9cnica Superior de Ingenier\u00eda Agron\u00f3mica Registro [&hellip;]\" \/>\n<meta property=\"og:url\" content=\"https:\/\/departamento.us.es\/dca\/enlaces-de-interes\/\" \/>\n<meta property=\"og:site_name\" content=\"Departamento de Agronom\u00eda\" \/>\n<meta property=\"article:modified_time\" content=\"2022-07-18T08:04:51+00:00\" \/>\n<meta name=\"twitter:card\" content=\"summary_large_image\" \/>\n<meta name=\"twitter:label1\" content=\"Tiempo de lectura\" \/>\n\t<meta name=\"twitter:data1\" content=\"1 minuto\" \/>\n<script type=\"application\/ld+json\" class=\"yoast-schema-graph\">{\"@context\":\"https:\\\/\\\/schema.org\",\"@graph\":[{\"@type\":\"WebPage\",\"@id\":\"https:\\\/\\\/departamento.us.es\\\/dca\\\/enlaces-de-interes\\\/\",\"url\":\"https:\\\/\\\/departamento.us.es\\\/dca\\\/enlaces-de-interes\\\/\",\"name\":\"ENLACES DE INTER\u00c9S - Departamento de Agronom\u00eda\",\"isPartOf\":{\"@id\":\"https:\\\/\\\/departamento.us.es\\\/dca\\\/#website\"},\"datePublished\":\"2022-03-28T06:58:09+00:00\",\"dateModified\":\"2022-07-18T08:04:51+00:00\",\"inLanguage\":\"es\",\"potentialAction\":[{\"@type\":\"ReadAction\",\"target\":[\"https:\\\/\\\/departamento.us.es\\\/dca\\\/enlaces-de-interes\\\/\"]}]},{\"@type\":\"WebSite\",\"@id\":\"https:\\\/\\\/departamento.us.es\\\/dca\\\/#website\",\"url\":\"https:\\\/\\\/departamento.us.es\\\/dca\\\/\",\"name\":\"Departamento de Agronom\u00eda\",\"description\":\"Escuela T\u00e9cnica Superior de Ingenier\u00eda Agron\u00f3mica\",\"publisher\":{\"@id\":\"https:\\\/\\\/departamento.us.es\\\/dca\\\/#organization\"},\"potentialAction\":[{\"@type\":\"SearchAction\",\"target\":{\"@type\":\"EntryPoint\",\"urlTemplate\":\"https:\\\/\\\/departamento.us.es\\\/dca\\\/?s={search_term_string}\"},\"query-input\":{\"@type\":\"PropertyValueSpecification\",\"valueRequired\":true,\"valueName\":\"search_term_string\"}}],\"inLanguage\":\"es\"},{\"@type\":\"Organization\",\"@id\":\"https:\\\/\\\/departamento.us.es\\\/dca\\\/#organization\",\"name\":\"Departamento de Agronom\u00eda\",\"url\":\"https:\\\/\\\/departamento.us.es\\\/dca\\\/\",\"logo\":{\"@type\":\"ImageObject\",\"inLanguage\":\"es\",\"@id\":\"https:\\\/\\\/departamento.us.es\\\/dca\\\/#\\\/schema\\\/logo\\\/image\\\/\",\"url\":\"https:\\\/\\\/departamento.us.es\\\/dca\\\/wp-content\\\/uploads\\\/2022\\\/03\\\/US-marca-digital-cuadrada-200.png\",\"contentUrl\":\"https:\\\/\\\/departamento.us.es\\\/dca\\\/wp-content\\\/uploads\\\/2022\\\/03\\\/US-marca-digital-cuadrada-200.png\",\"width\":200,\"height\":205,\"caption\":\"Departamento de Agronom\u00eda\"},\"image\":{\"@id\":\"https:\\\/\\\/departamento.us.es\\\/dca\\\/#\\\/schema\\\/logo\\\/image\\\/\"}}]}<\/script>\n<!-- \/ Yoast SEO plugin. -->","yoast_head_json":{"title":"ENLACES DE INTER\u00c9S - Departamento de Agronom\u00eda","robots":{"index":"index","follow":"follow","max-snippet":"max-snippet:-1","max-image-preview":"max-image-preview:large","max-video-preview":"max-video-preview:-1"},"canonical":"https:\/\/departamento.us.es\/dca\/enlaces-de-interes\/","og_locale":"es_ES","og_type":"article","og_title":"ENLACES DE INTER\u00c9S - Departamento de Agronom\u00eda","og_description":"En este apartado de la p\u00e1gina Web podr\u00e1s encontrar algunos enlaces que pueden ser de inter\u00e9s en relaci\u00f3n con las materias en las que imparte docencia este Departamento. Universidad de Sevilla Universidad de Sevilla SISIUS Biblioteca Ense\u00f1anza Virtual Buz\u00f3n electr\u00f3nico Riesgos laborales Servicio de Mantenimiento y medio Ambiente Escuela T\u00e9cnica Superior de Ingenier\u00eda Agron\u00f3mica Registro [&hellip;]","og_url":"https:\/\/departamento.us.es\/dca\/enlaces-de-interes\/","og_site_name":"Departamento de Agronom\u00eda","article_modified_time":"2022-07-18T08:04:51+00:00","twitter_card":"summary_large_image","twitter_misc":{"Tiempo de lectura":"1 minuto"},"schema":{"@context":"https:\/\/schema.org","@graph":[{"@type":"WebPage","@id":"https:\/\/departamento.us.es\/dca\/enlaces-de-interes\/","url":"https:\/\/departamento.us.es\/dca\/enlaces-de-interes\/","name":"ENLACES DE INTER\u00c9S - Departamento de Agronom\u00eda","isPartOf":{"@id":"https:\/\/departamento.us.es\/dca\/#website"},"datePublished":"2022-03-28T06:58:09+00:00","dateModified":"2022-07-18T08:04:51+00:00","inLanguage":"es","potentialAction":[{"@type":"ReadAction","target":["https:\/\/departamento.us.es\/dca\/enlaces-de-interes\/"]}]},{"@type":"WebSite","@id":"https:\/\/departamento.us.es\/dca\/#website","url":"https:\/\/departamento.us.es\/dca\/","name":"Departamento de Agronom\u00eda","description":"Escuela T\u00e9cnica Superior de Ingenier\u00eda Agron\u00f3mica","publisher":{"@id":"https:\/\/departamento.us.es\/dca\/#organization"},"potentialAction":[{"@type":"SearchAction","target":{"@type":"EntryPoint","urlTemplate":"https:\/\/departamento.us.es\/dca\/?s={search_term_string}"},"query-input":{"@type":"PropertyValueSpecification","valueRequired":true,"valueName":"search_term_string"}}],"inLanguage":"es"},{"@type":"Organization","@id":"https:\/\/departamento.us.es\/dca\/#organization","name":"Departamento de Agronom\u00eda","url":"https:\/\/departamento.us.es\/dca\/","logo":{"@type":"ImageObject","inLanguage":"es","@id":"https:\/\/departamento.us.es\/dca\/#\/schema\/logo\/image\/","url":"https:\/\/departamento.us.es\/dca\/wp-content\/uploads\/2022\/03\/US-marca-digital-cuadrada-200.png","contentUrl":"https:\/\/departamento.us.es\/dca\/wp-content\/uploads\/2022\/03\/US-marca-digital-cuadrada-200.png","width":200,"height":205,"caption":"Departamento de Agronom\u00eda"},"image":{"@id":"https:\/\/departamento.us.es\/dca\/#\/schema\/logo\/image\/"}}]}},"_links":{"self":[{"href":"https:\/\/departamento.us.es\/dca\/wp-json\/wp\/v2\/pages\/588","targetHints":{"allow":["GET"]}}],"collection":[{"href":"https:\/\/departamento.us.es\/dca\/wp-json\/wp\/v2\/pages"}],"about":[{"href":"https:\/\/departamento.us.es\/dca\/wp-json\/wp\/v2\/types\/page"}],"author":[{"embeddable":true,"href":"https:\/\/departamento.us.es\/dca\/wp-json\/wp\/v2\/users\/1"}],"replies":[{"embeddable":true,"href":"https:\/\/departamento.us.es\/dca\/wp-json\/wp\/v2\/comments?post=588"}],"version-history":[{"count":0,"href":"https:\/\/departamento.us.es\/dca\/wp-json\/wp\/v2\/pages\/588\/revisions"}],"wp:attachment":[{"href":"https:\/\/departamento.us.es\/dca\/wp-json\/wp\/v2\/media?parent=588"}],"curies":[{"name":"wp","href":"https:\/\/api.w.org\/{rel}","templated":true}]}}