{"id":62,"date":"2022-03-14T11:12:50","date_gmt":"2022-03-14T11:12:50","guid":{"rendered":"https:\/\/departamento.us.es\/dca\/?page_id=62"},"modified":"2022-04-28T08:32:07","modified_gmt":"2022-04-28T08:32:07","slug":"doctorado","status":"publish","type":"page","link":"https:\/\/departamento.us.es\/dca\/doctorado\/","title":{"rendered":"Doctorado"},"content":{"rendered":"\t\t<div data-elementor-type=\"wp-page\" data-elementor-id=\"62\" class=\"elementor elementor-62\" data-elementor-post-type=\"page\">\n\t\t\t\t\t\t<section class=\"elementor-section elementor-top-section elementor-element elementor-element-cf8f83c elementor-section-boxed elementor-section-height-default elementor-section-height-default elementor-invisible\" data-id=\"cf8f83c\" data-element_type=\"section\" data-e-type=\"section\" data-settings=\"{&quot;animation&quot;:&quot;fadeInRight&quot;}\">\n\t\t\t\t\t\t<div class=\"elementor-container elementor-column-gap-default\">\n\t\t\t\t\t<div class=\"elementor-column elementor-col-100 elementor-top-column elementor-element elementor-element-b6b31fb\" data-id=\"b6b31fb\" data-element_type=\"column\" data-e-type=\"column\">\n\t\t\t<div class=\"elementor-widget-wrap elementor-element-populated\">\n\t\t\t\t\t\t<div class=\"elementor-element elementor-element-fb4df10 elementor-cta--layout-image-left elementor-cta--tablet-layout-image-left elementor-cta--mobile-layout-image-above elementor-cta--skin-classic elementor-animated-content elementor-bg-transform elementor-bg-transform-zoom-in elementor-widget elementor-widget-call-to-action\" data-id=\"fb4df10\" data-element_type=\"widget\" data-e-type=\"widget\" data-widget_type=\"call-to-action.default\">\n\t\t\t\t<div class=\"elementor-widget-container\">\n\t\t\t\t\t\t\t<a class=\"elementor-cta\" href=\"https:\/\/doctorado.us.es\/estudios\/programas-de-doctorado\/ingenieria-agraria-alimentaria-forestal-y-del-desarrollo-rural\" target=\"_blank\">\n\t\t\t\t\t<div class=\"elementor-cta__bg-wrapper\">\n\t\t\t\t<div class=\"elementor-cta__bg elementor-bg\" style=\"background-image: url(https:\/\/departamento.us.es\/dca\/wp-content\/uploads\/2022\/03\/logo-us-grados2.png);\" role=\"img\" aria-label=\"logo-us-grados2\"><\/div>\n\t\t\t\t<div class=\"elementor-cta__bg-overlay\"><\/div>\n\t\t\t<\/div>\n\t\t\t\t\t\t\t<div class=\"elementor-cta__content\">\n\t\t\t\t\n\t\t\t\t\t\t\t\t\t<h3 class=\"elementor-cta__title elementor-cta__content-item elementor-content-item\">\n\t\t\t\t\t\tPrograma de Doctorado: Ingenier\u00eda Agraria, Alimentaria, Forestal y del Desarrollo Rural\t\t\t\t\t<\/h3>\n\t\t\t\t\n\t\t\t\t\t\t\t\t\t<div class=\"elementor-cta__description elementor-cta__content-item elementor-content-item\">\n\t\t\t\t\t\tUniversidad de Sevilla\t\t\t\t\t<\/div>\n\t\t\t\t\n\t\t\t\t\t\t\t\t\t<div class=\"elementor-cta__button-wrapper elementor-cta__content-item elementor-content-item \">\n\t\t\t\t\t<span class=\"elementor-cta__button elementor-button elementor-size-xs\">\n\t\t\t\t\t\tVer m\u00e1s\t\t\t\t\t<\/span>\n\t\t\t\t\t<\/div>\n\t\t\t\t\t\t\t<\/div>\n\t\t\t\t\t\t\t<div class=\"elementor-ribbon elementor-ribbon-left\">\n\t\t\t\t<div class=\"elementor-ribbon-inner\">\n\t\t\t\t\tDoctorado\t\t\t\t<\/div>\n\t\t\t<\/div>\n\t\t\t\t<\/a>\n\t\t\t\t\t\t<\/div>\n\t\t\t\t<\/div>\n\t\t\t\t\t<\/div>\n\t\t<\/div>\n\t\t\t\t\t<\/div>\n\t\t<\/section>\n\t\t\t\t<\/div>\n\t\t","protected":false},"excerpt":{"rendered":"<p>Programa de Doctorado: Ingenier\u00eda Agraria, Alimentaria, Forestal y del Desarrollo Rural Universidad de Sevilla Ver m\u00e1s Doctorado<\/p>\n","protected":false},"author":1,"featured_media":0,"parent":0,"menu_order":0,"comment_status":"closed","ping_status":"closed","template":"","meta":{"footnotes":""},"class_list":["post-62","page","type-page","status-publish","hentry"],"yoast_head":"<!-- This site is optimized with the Yoast SEO plugin v27.4 - https:\/\/yoast.com\/product\/yoast-seo-wordpress\/ -->\n<title>Doctorado - Departamento de Agronom\u00eda<\/title>\n<meta name=\"robots\" content=\"index, follow, max-snippet:-1, max-image-preview:large, max-video-preview:-1\" \/>\n<link rel=\"canonical\" href=\"https:\/\/departamento.us.es\/dca\/doctorado\/\" \/>\n<meta property=\"og:locale\" content=\"es_ES\" \/>\n<meta property=\"og:type\" content=\"article\" \/>\n<meta property=\"og:title\" content=\"Doctorado - Departamento de Agronom\u00eda\" \/>\n<meta property=\"og:description\" content=\"Programa de Doctorado: Ingenier\u00eda Agraria, Alimentaria, Forestal y del Desarrollo Rural Universidad de Sevilla Ver m\u00e1s Doctorado\" \/>\n<meta property=\"og:url\" content=\"https:\/\/departamento.us.es\/dca\/doctorado\/\" \/>\n<meta property=\"og:site_name\" content=\"Departamento de Agronom\u00eda\" \/>\n<meta property=\"article:modified_time\" content=\"2022-04-28T08:32:07+00:00\" \/>\n<meta name=\"twitter:card\" content=\"summary_large_image\" \/>\n<meta name=\"twitter:label1\" content=\"Tiempo de lectura\" \/>\n\t<meta name=\"twitter:data1\" content=\"1 minuto\" \/>\n<script type=\"application\/ld+json\" class=\"yoast-schema-graph\">{\"@context\":\"https:\\\/\\\/schema.org\",\"@graph\":[{\"@type\":\"WebPage\",\"@id\":\"https:\\\/\\\/departamento.us.es\\\/dca\\\/doctorado\\\/\",\"url\":\"https:\\\/\\\/departamento.us.es\\\/dca\\\/doctorado\\\/\",\"name\":\"Doctorado - Departamento de Agronom\u00eda\",\"isPartOf\":{\"@id\":\"https:\\\/\\\/departamento.us.es\\\/dca\\\/#website\"},\"datePublished\":\"2022-03-14T11:12:50+00:00\",\"dateModified\":\"2022-04-28T08:32:07+00:00\",\"inLanguage\":\"es\",\"potentialAction\":[{\"@type\":\"ReadAction\",\"target\":[\"https:\\\/\\\/departamento.us.es\\\/dca\\\/doctorado\\\/\"]}]},{\"@type\":\"WebSite\",\"@id\":\"https:\\\/\\\/departamento.us.es\\\/dca\\\/#website\",\"url\":\"https:\\\/\\\/departamento.us.es\\\/dca\\\/\",\"name\":\"Departamento de Agronom\u00eda\",\"description\":\"Escuela T\u00e9cnica Superior de Ingenier\u00eda Agron\u00f3mica\",\"publisher\":{\"@id\":\"https:\\\/\\\/departamento.us.es\\\/dca\\\/#organization\"},\"potentialAction\":[{\"@type\":\"SearchAction\",\"target\":{\"@type\":\"EntryPoint\",\"urlTemplate\":\"https:\\\/\\\/departamento.us.es\\\/dca\\\/?s={search_term_string}\"},\"query-input\":{\"@type\":\"PropertyValueSpecification\",\"valueRequired\":true,\"valueName\":\"search_term_string\"}}],\"inLanguage\":\"es\"},{\"@type\":\"Organization\",\"@id\":\"https:\\\/\\\/departamento.us.es\\\/dca\\\/#organization\",\"name\":\"Departamento de Agronom\u00eda\",\"url\":\"https:\\\/\\\/departamento.us.es\\\/dca\\\/\",\"logo\":{\"@type\":\"ImageObject\",\"inLanguage\":\"es\",\"@id\":\"https:\\\/\\\/departamento.us.es\\\/dca\\\/#\\\/schema\\\/logo\\\/image\\\/\",\"url\":\"https:\\\/\\\/departamento.us.es\\\/dca\\\/wp-content\\\/uploads\\\/2022\\\/03\\\/US-marca-digital-cuadrada-200.png\",\"contentUrl\":\"https:\\\/\\\/departamento.us.es\\\/dca\\\/wp-content\\\/uploads\\\/2022\\\/03\\\/US-marca-digital-cuadrada-200.png\",\"width\":200,\"height\":205,\"caption\":\"Departamento de Agronom\u00eda\"},\"image\":{\"@id\":\"https:\\\/\\\/departamento.us.es\\\/dca\\\/#\\\/schema\\\/logo\\\/image\\\/\"}}]}<\/script>\n<!-- \/ Yoast SEO plugin. -->","yoast_head_json":{"title":"Doctorado - Departamento de Agronom\u00eda","robots":{"index":"index","follow":"follow","max-snippet":"max-snippet:-1","max-image-preview":"max-image-preview:large","max-video-preview":"max-video-preview:-1"},"canonical":"https:\/\/departamento.us.es\/dca\/doctorado\/","og_locale":"es_ES","og_type":"article","og_title":"Doctorado - Departamento de Agronom\u00eda","og_description":"Programa de Doctorado: Ingenier\u00eda Agraria, Alimentaria, Forestal y del Desarrollo Rural Universidad de Sevilla Ver m\u00e1s Doctorado","og_url":"https:\/\/departamento.us.es\/dca\/doctorado\/","og_site_name":"Departamento de Agronom\u00eda","article_modified_time":"2022-04-28T08:32:07+00:00","twitter_card":"summary_large_image","twitter_misc":{"Tiempo de lectura":"1 minuto"},"schema":{"@context":"https:\/\/schema.org","@graph":[{"@type":"WebPage","@id":"https:\/\/departamento.us.es\/dca\/doctorado\/","url":"https:\/\/departamento.us.es\/dca\/doctorado\/","name":"Doctorado - Departamento de Agronom\u00eda","isPartOf":{"@id":"https:\/\/departamento.us.es\/dca\/#website"},"datePublished":"2022-03-14T11:12:50+00:00","dateModified":"2022-04-28T08:32:07+00:00","inLanguage":"es","potentialAction":[{"@type":"ReadAction","target":["https:\/\/departamento.us.es\/dca\/doctorado\/"]}]},{"@type":"WebSite","@id":"https:\/\/departamento.us.es\/dca\/#website","url":"https:\/\/departamento.us.es\/dca\/","name":"Departamento de Agronom\u00eda","description":"Escuela T\u00e9cnica Superior de Ingenier\u00eda Agron\u00f3mica","publisher":{"@id":"https:\/\/departamento.us.es\/dca\/#organization"},"potentialAction":[{"@type":"SearchAction","target":{"@type":"EntryPoint","urlTemplate":"https:\/\/departamento.us.es\/dca\/?s={search_term_string}"},"query-input":{"@type":"PropertyValueSpecification","valueRequired":true,"valueName":"search_term_string"}}],"inLanguage":"es"},{"@type":"Organization","@id":"https:\/\/departamento.us.es\/dca\/#organization","name":"Departamento de Agronom\u00eda","url":"https:\/\/departamento.us.es\/dca\/","logo":{"@type":"ImageObject","inLanguage":"es","@id":"https:\/\/departamento.us.es\/dca\/#\/schema\/logo\/image\/","url":"https:\/\/departamento.us.es\/dca\/wp-content\/uploads\/2022\/03\/US-marca-digital-cuadrada-200.png","contentUrl":"https:\/\/departamento.us.es\/dca\/wp-content\/uploads\/2022\/03\/US-marca-digital-cuadrada-200.png","width":200,"height":205,"caption":"Departamento de Agronom\u00eda"},"image":{"@id":"https:\/\/departamento.us.es\/dca\/#\/schema\/logo\/image\/"}}]}},"_links":{"self":[{"href":"https:\/\/departamento.us.es\/dca\/wp-json\/wp\/v2\/pages\/62","targetHints":{"allow":["GET"]}}],"collection":[{"href":"https:\/\/departamento.us.es\/dca\/wp-json\/wp\/v2\/pages"}],"about":[{"href":"https:\/\/departamento.us.es\/dca\/wp-json\/wp\/v2\/types\/page"}],"author":[{"embeddable":true,"href":"https:\/\/departamento.us.es\/dca\/wp-json\/wp\/v2\/users\/1"}],"replies":[{"embeddable":true,"href":"https:\/\/departamento.us.es\/dca\/wp-json\/wp\/v2\/comments?post=62"}],"version-history":[{"count":0,"href":"https:\/\/departamento.us.es\/dca\/wp-json\/wp\/v2\/pages\/62\/revisions"}],"wp:attachment":[{"href":"https:\/\/departamento.us.es\/dca\/wp-json\/wp\/v2\/media?parent=62"}],"curies":[{"name":"wp","href":"https:\/\/api.w.org\/{rel}","templated":true}]}}