{"id":1368,"date":"2021-04-16T08:07:26","date_gmt":"2021-04-16T08:07:26","guid":{"rendered":"https:\/\/departamento.us.es\/dcefus\/?page_id=1368"},"modified":"2021-04-16T08:19:11","modified_gmt":"2021-04-16T08:19:11","slug":"master-postgrado","status":"publish","type":"page","link":"https:\/\/departamento.us.es\/dcefus\/master-postgrado\/","title":{"rendered":"M\u00e1ster \/ Postgrado"},"content":{"rendered":"\t\t<div data-elementor-type=\"wp-page\" data-elementor-id=\"1368\" class=\"elementor elementor-1368\" data-elementor-post-type=\"page\">\n\t\t\t\t\t\t<section class=\"elementor-section elementor-top-section elementor-element elementor-element-aa56801 elementor-section-boxed elementor-section-height-default elementor-section-height-default elementor-invisible\" data-id=\"aa56801\" data-element_type=\"section\" data-settings=\"{&quot;background_background&quot;:&quot;classic&quot;,&quot;animation&quot;:&quot;fadeIn&quot;}\">\n\t\t\t\t\t\t<div class=\"elementor-container elementor-column-gap-default\">\n\t\t\t\t\t<div class=\"elementor-column elementor-col-100 elementor-top-column elementor-element elementor-element-2d791fd\" data-id=\"2d791fd\" data-element_type=\"column\" data-settings=\"{&quot;background_background&quot;:&quot;classic&quot;}\">\n\t\t\t<div class=\"elementor-widget-wrap elementor-element-populated\">\n\t\t\t\t\t\t<div class=\"elementor-element elementor-element-467ccb8 elementor-position-left elementor-vertical-align-middle elementor-widget elementor-widget-image-box\" data-id=\"467ccb8\" data-element_type=\"widget\" data-settings=\"{&quot;_animation&quot;:&quot;none&quot;,&quot;_animation_delay&quot;:500}\" data-widget_type=\"image-box.default\">\n\t\t\t\t<div class=\"elementor-widget-container\">\n\t\t\t\t\t<div class=\"elementor-image-box-wrapper\"><figure class=\"elementor-image-box-img\"><img decoding=\"async\" src=\"https:\/\/departamento.us.es\/dcefus\/wp-content\/uploads\/elementor\/thumbs\/MarcaUS-rinok4krlygpxp4x71rs95x66u32pu07na6eyzw2kg.png\" title=\"MarcaUS\" alt=\"MarcaUS\" loading=\"lazy\" \/><\/figure><div class=\"elementor-image-box-content\"><h3 class=\"elementor-image-box-title\">M\u00e1ster \/ Postgrado<\/h3><\/div><\/div>\t\t\t\t<\/div>\n\t\t\t\t<\/div>\n\t\t\t\t<div class=\"elementor-element elementor-element-22e539c elementor-widget elementor-widget-text-editor\" data-id=\"22e539c\" data-element_type=\"widget\" data-widget_type=\"text-editor.default\">\n\t\t\t\t<div class=\"elementor-widget-container\">\n\t\t\t\t\t\t\t\t\t<div><span class=\"fs11 cf2\">El departamento imparte docencia en los M\u00e1ster Universitarios:<\/span><\/div>\t\t\t\t\t\t\t\t<\/div>\n\t\t\t\t<\/div>\n\t\t\t\t<section class=\"elementor-section elementor-inner-section elementor-element elementor-element-1d83f4e elementor-section-boxed elementor-section-height-default elementor-section-height-default\" data-id=\"1d83f4e\" data-element_type=\"section\" data-settings=\"{&quot;animation&quot;:&quot;none&quot;}\">\n\t\t\t\t\t\t<div class=\"elementor-container elementor-column-gap-default\">\n\t\t\t\t\t<div class=\"elementor-column elementor-col-33 elementor-inner-column elementor-element elementor-element-ccc98b2\" data-id=\"ccc98b2\" data-element_type=\"column\" data-settings=\"{&quot;background_background&quot;:&quot;classic&quot;,&quot;animation&quot;:&quot;none&quot;}\">\n\t\t\t<div class=\"elementor-widget-wrap elementor-element-populated\">\n\t\t\t\t\t\t<div class=\"elementor-element elementor-element-2ab3fff elementor-view-default elementor-position-block-start elementor-mobile-position-block-start elementor-widget elementor-widget-icon-box\" data-id=\"2ab3fff\" data-element_type=\"widget\" data-settings=\"{&quot;motion_fx_motion_fx_mouse&quot;:&quot;yes&quot;}\" data-widget_type=\"icon-box.default\">\n\t\t\t\t<div class=\"elementor-widget-container\">\n\t\t\t\t\t\t\t<div class=\"elementor-icon-box-wrapper\">\n\n\t\t\t\t\t\t<div class=\"elementor-icon-box-icon\">\n\t\t\t\t<a href=\"http:\/\/www.us.es\/estudios\/master\/master_M125?p=7\" target=\"_blank\" rel=\"nofollow\" class=\"elementor-icon\" tabindex=\"-1\" aria-label=\"M\u00e1ster Universitario en Consultor\u00eda Laboral\">\n\t\t\t\t<svg aria-hidden=\"true\" class=\"e-font-icon-svg e-far-comment\" viewBox=\"0 0 512 512\" xmlns=\"http:\/\/www.w3.org\/2000\/svg\"><path d=\"M256 32C114.6 32 0 125.1 0 240c0 47.6 19.9 91.2 52.9 126.3C38 405.7 7 439.1 6.5 439.5c-6.6 7-8.4 17.2-4.6 26S14.4 480 24 480c61.5 0 110-25.7 139.1-46.3C192 442.8 223.2 448 256 448c141.4 0 256-93.1 256-208S397.4 32 256 32zm0 368c-26.7 0-53.1-4.1-78.4-12.1l-22.7-7.2-19.5 13.8c-14.3 10.1-33.9 21.4-57.5 29 7.3-12.1 14.4-25.7 19.9-40.2l10.6-28.1-20.6-21.8C69.7 314.1 48 282.2 48 240c0-88.2 93.3-160 208-160s208 71.8 208 160-93.3 160-208 160z\"><\/path><\/svg>\t\t\t\t<\/a>\n\t\t\t<\/div>\n\t\t\t\n\t\t\t\t\t\t<div class=\"elementor-icon-box-content\">\n\n\t\t\t\t\t\t\t\t\t<p class=\"elementor-icon-box-title\">\n\t\t\t\t\t\t<a href=\"http:\/\/www.us.es\/estudios\/master\/master_M125?p=7\" target=\"_blank\" rel=\"nofollow\" >\n\t\t\t\t\t\t\tM\u00e1ster Universitario en Consultor\u00eda Laboral\t\t\t\t\t\t<\/a>\n\t\t\t\t\t<\/p>\n\t\t\t\t\n\t\t\t\t\n\t\t\t<\/div>\n\t\t\t\n\t\t<\/div>\n\t\t\t\t\t\t<\/div>\n\t\t\t\t<\/div>\n\t\t\t\t\t<\/div>\n\t\t<\/div>\n\t\t\t\t<div class=\"elementor-column elementor-col-33 elementor-inner-column elementor-element elementor-element-a5e2728\" data-id=\"a5e2728\" data-element_type=\"column\" data-settings=\"{&quot;background_background&quot;:&quot;classic&quot;,&quot;animation&quot;:&quot;none&quot;}\">\n\t\t\t<div class=\"elementor-widget-wrap elementor-element-populated\">\n\t\t\t\t\t\t<div class=\"elementor-element elementor-element-1183653 elementor-view-default elementor-position-block-start elementor-mobile-position-block-start elementor-widget elementor-widget-icon-box\" data-id=\"1183653\" data-element_type=\"widget\" data-widget_type=\"icon-box.default\">\n\t\t\t\t<div class=\"elementor-widget-container\">\n\t\t\t\t\t\t\t<div class=\"elementor-icon-box-wrapper\">\n\n\t\t\t\t\t\t<div class=\"elementor-icon-box-icon\">\n\t\t\t\t<a href=\"http:\/\/www.us.es\/estudios\/master\/master_M063?p=7\" target=\"_blank\" rel=\"nofollow\" class=\"elementor-icon\" tabindex=\"-1\" aria-label=\"M\u00e1ster Universitario en Direcci\u00f3n y Planificaci\u00f3n del Turismo\">\n\t\t\t\t<svg aria-hidden=\"true\" class=\"e-font-icon-svg e-fas-passport\" viewBox=\"0 0 448 512\" xmlns=\"http:\/\/www.w3.org\/2000\/svg\"><path d=\"M129.62 176h39.09c1.49-27.03 6.54-51.35 14.21-70.41-27.71 13.24-48.02 39.19-53.3 70.41zm0 32c5.29 31.22 25.59 57.17 53.3 70.41-7.68-19.06-12.72-43.38-14.21-70.41h-39.09zM224 286.69c7.69-7.45 20.77-34.42 23.43-78.69h-46.87c2.67 44.26 15.75 71.24 23.44 78.69zM200.57 176h46.87c-2.66-44.26-15.74-71.24-23.43-78.69-7.7 7.45-20.78 34.43-23.44 78.69zm64.51 102.41c27.71-13.24 48.02-39.19 53.3-70.41h-39.09c-1.49 27.03-6.53 51.35-14.21 70.41zM416 0H64C28.65 0 0 28.65 0 64v384c0 35.35 28.65 64 64 64h352c17.67 0 32-14.33 32-32V32c0-17.67-14.33-32-32-32zm-80 416H112c-8.8 0-16-7.2-16-16s7.2-16 16-16h224c8.8 0 16 7.2 16 16s-7.2 16-16 16zm-112-96c-70.69 0-128-57.31-128-128S153.31 64 224 64s128 57.31 128 128-57.31 128-128 128zm41.08-214.41c7.68 19.06 12.72 43.38 14.21 70.41h39.09c-5.28-31.22-25.59-57.17-53.3-70.41z\"><\/path><\/svg>\t\t\t\t<\/a>\n\t\t\t<\/div>\n\t\t\t\n\t\t\t\t\t\t<div class=\"elementor-icon-box-content\">\n\n\t\t\t\t\t\t\t\t\t<p class=\"elementor-icon-box-title\">\n\t\t\t\t\t\t<a href=\"http:\/\/www.us.es\/estudios\/master\/master_M063?p=7\" target=\"_blank\" rel=\"nofollow\" >\n\t\t\t\t\t\t\tM\u00e1ster Universitario en Direcci\u00f3n y Planificaci\u00f3n del Turismo\t\t\t\t\t\t<\/a>\n\t\t\t\t\t<\/p>\n\t\t\t\t\n\t\t\t\t\n\t\t\t<\/div>\n\t\t\t\n\t\t<\/div>\n\t\t\t\t\t\t<\/div>\n\t\t\t\t<\/div>\n\t\t\t\t\t<\/div>\n\t\t<\/div>\n\t\t\t\t<div class=\"elementor-column elementor-col-33 elementor-inner-column elementor-element elementor-element-b81ad81\" data-id=\"b81ad81\" data-element_type=\"column\" data-settings=\"{&quot;background_background&quot;:&quot;classic&quot;,&quot;animation&quot;:&quot;none&quot;}\">\n\t\t\t<div class=\"elementor-widget-wrap elementor-element-populated\">\n\t\t\t\t\t\t<div class=\"elementor-element elementor-element-dbefa90 elementor-view-default elementor-position-block-start elementor-mobile-position-block-start elementor-widget elementor-widget-icon-box\" data-id=\"dbefa90\" data-element_type=\"widget\" data-widget_type=\"icon-box.default\">\n\t\t\t\t<div class=\"elementor-widget-container\">\n\t\t\t\t\t\t\t<div class=\"elementor-icon-box-wrapper\">\n\n\t\t\t\t\t\t<div class=\"elementor-icon-box-icon\">\n\t\t\t\t<a href=\"https:\/\/departamento.us.es\/dcefus\/master-macs\/\" class=\"elementor-icon\" tabindex=\"-1\" aria-label=\"Master Universitario en Auditoria y Contabilidad Superior  (MACS)\">\n\t\t\t\t<svg aria-hidden=\"true\" class=\"e-font-icon-svg e-fas-bullseye\" viewBox=\"0 0 496 512\" xmlns=\"http:\/\/www.w3.org\/2000\/svg\"><path d=\"M248 8C111.03 8 0 119.03 0 256s111.03 248 248 248 248-111.03 248-248S384.97 8 248 8zm0 432c-101.69 0-184-82.29-184-184 0-101.69 82.29-184 184-184 101.69 0 184 82.29 184 184 0 101.69-82.29 184-184 184zm0-312c-70.69 0-128 57.31-128 128s57.31 128 128 128 128-57.31 128-128-57.31-128-128-128zm0 192c-35.29 0-64-28.71-64-64s28.71-64 64-64 64 28.71 64 64-28.71 64-64 64z\"><\/path><\/svg>\t\t\t\t<\/a>\n\t\t\t<\/div>\n\t\t\t\n\t\t\t\t\t\t<div class=\"elementor-icon-box-content\">\n\n\t\t\t\t\t\t\t\t\t<p class=\"elementor-icon-box-title\">\n\t\t\t\t\t\t<a href=\"https:\/\/departamento.us.es\/dcefus\/master-macs\/\" >\n\t\t\t\t\t\t\tMaster Universitario en Auditoria y Contabilidad Superior  (MACS)\t\t\t\t\t\t<\/a>\n\t\t\t\t\t<\/p>\n\t\t\t\t\n\t\t\t\t\n\t\t\t<\/div>\n\t\t\t\n\t\t<\/div>\n\t\t\t\t\t\t<\/div>\n\t\t\t\t<\/div>\n\t\t\t\t\t<\/div>\n\t\t<\/div>\n\t\t\t\t\t<\/div>\n\t\t<\/section>\n\t\t\t\t\t<\/div>\n\t\t<\/div>\n\t\t\t\t\t<\/div>\n\t\t<\/section>\n\t\t\t\t<\/div>\n\t\t","protected":false},"excerpt":{"rendered":"<p>M\u00e1ster \/ Postgrado El departamento imparte docencia en los M\u00e1ster Universitarios: M\u00e1ster Universitario en Consultor\u00eda Laboral \u00a0 M\u00e1ster Universitario en<\/p>\n","protected":false},"author":1,"featured_media":373,"parent":0,"menu_order":0,"comment_status":"closed","ping_status":"closed","template":"","meta":{"colormag_page_container_layout":"default_layout","colormag_page_sidebar_layout":"default_layout","_monsterinsights_skip_tracking":false,"_monsterinsights_sitenote_active":false,"_monsterinsights_sitenote_note":"","_monsterinsights_sitenote_category":0,"footnotes":""},"class_list":["post-1368","page","type-page","status-publish","has-post-thumbnail","hentry"],"yoast_head":"<!-- This site is optimized with the Yoast SEO plugin v26.7 - https:\/\/yoast.com\/wordpress\/plugins\/seo\/ -->\n<title>M\u00e1ster \/ Postgrado - Departamento de Contabilidad y Econom\u00eda Financiera de La Universidad de Sevilla<\/title>\n<meta name=\"robots\" content=\"index, follow, max-snippet:-1, max-image-preview:large, max-video-preview:-1\" \/>\n<link rel=\"canonical\" href=\"https:\/\/departamento.us.es\/dcefus\/master-postgrado\/\" \/>\n<meta property=\"og:locale\" content=\"es_ES\" \/>\n<meta property=\"og:type\" content=\"article\" \/>\n<meta property=\"og:title\" content=\"M\u00e1ster \/ Postgrado - Departamento de Contabilidad y Econom\u00eda Financiera de La Universidad de Sevilla\" \/>\n<meta property=\"og:description\" content=\"M\u00e1ster \/ Postgrado El departamento imparte docencia en los M\u00e1ster Universitarios: M\u00e1ster Universitario en Consultor\u00eda Laboral \u00a0 M\u00e1ster Universitario en\" \/>\n<meta property=\"og:url\" content=\"https:\/\/departamento.us.es\/dcefus\/master-postgrado\/\" \/>\n<meta property=\"og:site_name\" content=\"Departamento de Contabilidad y Econom\u00eda Financiera de La Universidad de Sevilla\" \/>\n<meta property=\"article:modified_time\" content=\"2021-04-16T08:19:11+00:00\" \/>\n<meta property=\"og:image\" content=\"https:\/\/departamento.us.es\/dcefus\/wp-content\/uploads\/2021\/04\/Imagen-destacada-grado.jpg\" \/>\n\t<meta property=\"og:image:width\" content=\"1920\" \/>\n\t<meta property=\"og:image:height\" content=\"200\" \/>\n\t<meta property=\"og:image:type\" content=\"image\/jpeg\" \/>\n<meta name=\"twitter:card\" content=\"summary_large_image\" \/>\n<meta name=\"twitter:label1\" content=\"Tiempo de lectura\" \/>\n\t<meta name=\"twitter:data1\" content=\"1 minuto\" \/>\n<script type=\"application\/ld+json\" class=\"yoast-schema-graph\">{\"@context\":\"https:\/\/schema.org\",\"@graph\":[{\"@type\":\"WebPage\",\"@id\":\"https:\/\/departamento.us.es\/dcefus\/master-postgrado\/\",\"url\":\"https:\/\/departamento.us.es\/dcefus\/master-postgrado\/\",\"name\":\"M\u00e1ster \/ Postgrado - Departamento de Contabilidad y Econom\u00eda Financiera de La Universidad de Sevilla\",\"isPartOf\":{\"@id\":\"https:\/\/departamento.us.es\/dcefus\/#website\"},\"primaryImageOfPage\":{\"@id\":\"https:\/\/departamento.us.es\/dcefus\/master-postgrado\/#primaryimage\"},\"image\":{\"@id\":\"https:\/\/departamento.us.es\/dcefus\/master-postgrado\/#primaryimage\"},\"thumbnailUrl\":\"https:\/\/departamento.us.es\/dcefus\/wp-content\/uploads\/2021\/04\/Imagen-destacada-grado.jpg\",\"datePublished\":\"2021-04-16T08:07:26+00:00\",\"dateModified\":\"2021-04-16T08:19:11+00:00\",\"breadcrumb\":{\"@id\":\"https:\/\/departamento.us.es\/dcefus\/master-postgrado\/#breadcrumb\"},\"inLanguage\":\"es\",\"potentialAction\":[{\"@type\":\"ReadAction\",\"target\":[\"https:\/\/departamento.us.es\/dcefus\/master-postgrado\/\"]}]},{\"@type\":\"ImageObject\",\"inLanguage\":\"es\",\"@id\":\"https:\/\/departamento.us.es\/dcefus\/master-postgrado\/#primaryimage\",\"url\":\"https:\/\/departamento.us.es\/dcefus\/wp-content\/uploads\/2021\/04\/Imagen-destacada-grado.jpg\",\"contentUrl\":\"https:\/\/departamento.us.es\/dcefus\/wp-content\/uploads\/2021\/04\/Imagen-destacada-grado.jpg\",\"width\":1920,\"height\":200},{\"@type\":\"BreadcrumbList\",\"@id\":\"https:\/\/departamento.us.es\/dcefus\/master-postgrado\/#breadcrumb\",\"itemListElement\":[{\"@type\":\"ListItem\",\"position\":1,\"name\":\"Portada\",\"item\":\"https:\/\/departamento.us.es\/dcefus\/\"},{\"@type\":\"ListItem\",\"position\":2,\"name\":\"M\u00e1ster \/ Postgrado\"}]},{\"@type\":\"WebSite\",\"@id\":\"https:\/\/departamento.us.es\/dcefus\/#website\",\"url\":\"https:\/\/departamento.us.es\/dcefus\/\",\"name\":\"Departamento de Contabilidad y Econom\u00eda Financiera de La Universidad de Sevilla\",\"description\":\"Facultad de Ciencias Econ\u00f3micas y Empresariales\",\"publisher\":{\"@id\":\"https:\/\/departamento.us.es\/dcefus\/#organization\"},\"potentialAction\":[{\"@type\":\"SearchAction\",\"target\":{\"@type\":\"EntryPoint\",\"urlTemplate\":\"https:\/\/departamento.us.es\/dcefus\/?s={search_term_string}\"},\"query-input\":{\"@type\":\"PropertyValueSpecification\",\"valueRequired\":true,\"valueName\":\"search_term_string\"}}],\"inLanguage\":\"es\"},{\"@type\":\"Organization\",\"@id\":\"https:\/\/departamento.us.es\/dcefus\/#organization\",\"name\":\"Departamento de Contabilidad y Econom\u00eda Financiera de La Universidad de Sevilla\",\"url\":\"https:\/\/departamento.us.es\/dcefus\/\",\"logo\":{\"@type\":\"ImageObject\",\"inLanguage\":\"es\",\"@id\":\"https:\/\/departamento.us.es\/dcefus\/#\/schema\/logo\/image\/\",\"url\":\"https:\/\/departamento.us.es\/dcefus\/wp-content\/uploads\/2021\/03\/Logo-CEF1.png\",\"contentUrl\":\"https:\/\/departamento.us.es\/dcefus\/wp-content\/uploads\/2021\/03\/Logo-CEF1.png\",\"width\":482,\"height\":195,\"caption\":\"Departamento de Contabilidad y Econom\u00eda Financiera de La Universidad de Sevilla\"},\"image\":{\"@id\":\"https:\/\/departamento.us.es\/dcefus\/#\/schema\/logo\/image\/\"},\"sameAs\":[\"https:\/\/www.linkedin.com\/company\/dcefus\"]}]}<\/script>\n<!-- \/ Yoast SEO plugin. -->","yoast_head_json":{"title":"M\u00e1ster \/ Postgrado - Departamento de Contabilidad y Econom\u00eda Financiera de La Universidad de Sevilla","robots":{"index":"index","follow":"follow","max-snippet":"max-snippet:-1","max-image-preview":"max-image-preview:large","max-video-preview":"max-video-preview:-1"},"canonical":"https:\/\/departamento.us.es\/dcefus\/master-postgrado\/","og_locale":"es_ES","og_type":"article","og_title":"M\u00e1ster \/ Postgrado - Departamento de Contabilidad y Econom\u00eda Financiera de La Universidad de Sevilla","og_description":"M\u00e1ster \/ Postgrado El departamento imparte docencia en los M\u00e1ster Universitarios: M\u00e1ster Universitario en Consultor\u00eda Laboral \u00a0 M\u00e1ster Universitario en","og_url":"https:\/\/departamento.us.es\/dcefus\/master-postgrado\/","og_site_name":"Departamento de Contabilidad y Econom\u00eda Financiera de La Universidad de Sevilla","article_modified_time":"2021-04-16T08:19:11+00:00","og_image":[{"width":1920,"height":200,"url":"https:\/\/departamento.us.es\/dcefus\/wp-content\/uploads\/2021\/04\/Imagen-destacada-grado.jpg","type":"image\/jpeg"}],"twitter_card":"summary_large_image","twitter_misc":{"Tiempo de lectura":"1 minuto"},"schema":{"@context":"https:\/\/schema.org","@graph":[{"@type":"WebPage","@id":"https:\/\/departamento.us.es\/dcefus\/master-postgrado\/","url":"https:\/\/departamento.us.es\/dcefus\/master-postgrado\/","name":"M\u00e1ster \/ Postgrado - Departamento de Contabilidad y Econom\u00eda Financiera de La Universidad de Sevilla","isPartOf":{"@id":"https:\/\/departamento.us.es\/dcefus\/#website"},"primaryImageOfPage":{"@id":"https:\/\/departamento.us.es\/dcefus\/master-postgrado\/#primaryimage"},"image":{"@id":"https:\/\/departamento.us.es\/dcefus\/master-postgrado\/#primaryimage"},"thumbnailUrl":"https:\/\/departamento.us.es\/dcefus\/wp-content\/uploads\/2021\/04\/Imagen-destacada-grado.jpg","datePublished":"2021-04-16T08:07:26+00:00","dateModified":"2021-04-16T08:19:11+00:00","breadcrumb":{"@id":"https:\/\/departamento.us.es\/dcefus\/master-postgrado\/#breadcrumb"},"inLanguage":"es","potentialAction":[{"@type":"ReadAction","target":["https:\/\/departamento.us.es\/dcefus\/master-postgrado\/"]}]},{"@type":"ImageObject","inLanguage":"es","@id":"https:\/\/departamento.us.es\/dcefus\/master-postgrado\/#primaryimage","url":"https:\/\/departamento.us.es\/dcefus\/wp-content\/uploads\/2021\/04\/Imagen-destacada-grado.jpg","contentUrl":"https:\/\/departamento.us.es\/dcefus\/wp-content\/uploads\/2021\/04\/Imagen-destacada-grado.jpg","width":1920,"height":200},{"@type":"BreadcrumbList","@id":"https:\/\/departamento.us.es\/dcefus\/master-postgrado\/#breadcrumb","itemListElement":[{"@type":"ListItem","position":1,"name":"Portada","item":"https:\/\/departamento.us.es\/dcefus\/"},{"@type":"ListItem","position":2,"name":"M\u00e1ster \/ Postgrado"}]},{"@type":"WebSite","@id":"https:\/\/departamento.us.es\/dcefus\/#website","url":"https:\/\/departamento.us.es\/dcefus\/","name":"Departamento de Contabilidad y Econom\u00eda Financiera de La Universidad de Sevilla","description":"Facultad de Ciencias Econ\u00f3micas y Empresariales","publisher":{"@id":"https:\/\/departamento.us.es\/dcefus\/#organization"},"potentialAction":[{"@type":"SearchAction","target":{"@type":"EntryPoint","urlTemplate":"https:\/\/departamento.us.es\/dcefus\/?s={search_term_string}"},"query-input":{"@type":"PropertyValueSpecification","valueRequired":true,"valueName":"search_term_string"}}],"inLanguage":"es"},{"@type":"Organization","@id":"https:\/\/departamento.us.es\/dcefus\/#organization","name":"Departamento de Contabilidad y Econom\u00eda Financiera de La Universidad de Sevilla","url":"https:\/\/departamento.us.es\/dcefus\/","logo":{"@type":"ImageObject","inLanguage":"es","@id":"https:\/\/departamento.us.es\/dcefus\/#\/schema\/logo\/image\/","url":"https:\/\/departamento.us.es\/dcefus\/wp-content\/uploads\/2021\/03\/Logo-CEF1.png","contentUrl":"https:\/\/departamento.us.es\/dcefus\/wp-content\/uploads\/2021\/03\/Logo-CEF1.png","width":482,"height":195,"caption":"Departamento de Contabilidad y Econom\u00eda Financiera de La Universidad de Sevilla"},"image":{"@id":"https:\/\/departamento.us.es\/dcefus\/#\/schema\/logo\/image\/"},"sameAs":["https:\/\/www.linkedin.com\/company\/dcefus"]}]}},"_links":{"self":[{"href":"https:\/\/departamento.us.es\/dcefus\/wp-json\/wp\/v2\/pages\/1368","targetHints":{"allow":["GET"]}}],"collection":[{"href":"https:\/\/departamento.us.es\/dcefus\/wp-json\/wp\/v2\/pages"}],"about":[{"href":"https:\/\/departamento.us.es\/dcefus\/wp-json\/wp\/v2\/types\/page"}],"author":[{"embeddable":true,"href":"https:\/\/departamento.us.es\/dcefus\/wp-json\/wp\/v2\/users\/1"}],"replies":[{"embeddable":true,"href":"https:\/\/departamento.us.es\/dcefus\/wp-json\/wp\/v2\/comments?post=1368"}],"version-history":[{"count":0,"href":"https:\/\/departamento.us.es\/dcefus\/wp-json\/wp\/v2\/pages\/1368\/revisions"}],"wp:featuredmedia":[{"embeddable":true,"href":"https:\/\/departamento.us.es\/dcefus\/wp-json\/wp\/v2\/media\/373"}],"wp:attachment":[{"href":"https:\/\/departamento.us.es\/dcefus\/wp-json\/wp\/v2\/media?parent=1368"}],"curies":[{"name":"wp","href":"https:\/\/api.w.org\/{rel}","templated":true}]}}