{"id":1383,"date":"2021-04-16T08:16:21","date_gmt":"2021-04-16T08:16:21","guid":{"rendered":"https:\/\/departamento.us.es\/dcefus\/?page_id=1383"},"modified":"2021-05-14T10:38:03","modified_gmt":"2021-05-14T10:38:03","slug":"instalaciones","status":"publish","type":"page","link":"https:\/\/departamento.us.es\/dcefus\/instalaciones\/","title":{"rendered":"Instalaciones"},"content":{"rendered":"\t\t<div data-elementor-type=\"wp-page\" data-elementor-id=\"1383\" class=\"elementor elementor-1383\" data-elementor-post-type=\"page\">\n\t\t\t\t\t\t<section class=\"elementor-section elementor-top-section elementor-element elementor-element-9997be7 elementor-section-boxed elementor-section-height-default elementor-section-height-default\" data-id=\"9997be7\" data-element_type=\"section\">\n\t\t\t\t\t\t<div class=\"elementor-container elementor-column-gap-default\">\n\t\t\t\t\t<div class=\"elementor-column elementor-col-100 elementor-top-column elementor-element elementor-element-b990fc8\" data-id=\"b990fc8\" data-element_type=\"column\">\n\t\t\t<div class=\"elementor-widget-wrap elementor-element-populated\">\n\t\t\t\t\t\t<div class=\"elementor-element elementor-element-c7c97bc elementor-widget elementor-widget-gallery\" data-id=\"c7c97bc\" data-element_type=\"widget\" data-settings=\"{&quot;gallery_layout&quot;:&quot;justified&quot;,&quot;overlay_title&quot;:&quot;title&quot;,&quot;lazyload&quot;:&quot;yes&quot;,&quot;ideal_row_height&quot;:{&quot;unit&quot;:&quot;px&quot;,&quot;size&quot;:200,&quot;sizes&quot;:[]},&quot;ideal_row_height_tablet&quot;:{&quot;unit&quot;:&quot;px&quot;,&quot;size&quot;:150,&quot;sizes&quot;:[]},&quot;ideal_row_height_mobile&quot;:{&quot;unit&quot;:&quot;px&quot;,&quot;size&quot;:150,&quot;sizes&quot;:[]},&quot;gap&quot;:{&quot;unit&quot;:&quot;px&quot;,&quot;size&quot;:10,&quot;sizes&quot;:[]},&quot;gap_tablet&quot;:{&quot;unit&quot;:&quot;px&quot;,&quot;size&quot;:10,&quot;sizes&quot;:[]},&quot;gap_mobile&quot;:{&quot;unit&quot;:&quot;px&quot;,&quot;size&quot;:10,&quot;sizes&quot;:[]},&quot;link_to&quot;:&quot;file&quot;,&quot;overlay_background&quot;:&quot;yes&quot;,&quot;content_hover_animation&quot;:&quot;fade-in&quot;}\" data-widget_type=\"gallery.default\">\n\t\t\t\t<div class=\"elementor-widget-container\">\n\t\t\t\t\t\t\t<div class=\"elementor-gallery__container\">\n\t\t\t\t\t\t\t<a class=\"e-gallery-item elementor-gallery-item elementor-animated-content\" href=\"https:\/\/departamento.us.es\/dcefus\/wp-content\/uploads\/2021\/05\/fceyeUS.jpg\" data-elementor-open-lightbox=\"yes\" data-elementor-lightbox-slideshow=\"c7c97bc\" data-elementor-lightbox-title=\"fceye\" data-e-action-hash=\"#elementor-action%3Aaction%3Dlightbox%26settings%3DeyJpZCI6MjE4NywidXJsIjoiaHR0cHM6XC9cL2RlcGFydGFtZW50by51cy5lc1wvZGNlZnVzXC93cC1jb250ZW50XC91cGxvYWRzXC8yMDIxXC8wNVwvZmNleWVVUy5qcGciLCJzbGlkZXNob3ciOiJjN2M5N2JjIn0%3D\">\n\t\t\t\t\t<div class=\"e-gallery-image elementor-gallery-item__image\" data-thumbnail=\"https:\/\/departamento.us.es\/dcefus\/wp-content\/uploads\/2021\/05\/fceyeUS-300x225.jpg\" data-width=\"300\" data-height=\"225\" aria-label=\"fceye\" role=\"img\" ><\/div>\n\t\t\t\t\t\t\t\t\t\t\t<div class=\"elementor-gallery-item__overlay\"><\/div>\n\t\t\t\t\t\t\t\t\t\t\t\t\t\t\t<div class=\"elementor-gallery-item__content\">\n\t\t\t\t\t\t\t\t\t\t\t\t\t\t<div class=\"elementor-gallery-item__title\">\n\t\t\t\t\t\t\t\t\t\t\t\t\t\t\t\t\t\tfceye\t\t\t\t\t\t\t\t<\/div>\n\t\t\t\t\t\t\t\t\t\t\t\t<\/div>\n\t\t\t\t\t\t\t\t\t<\/a>\n\t\t\t\t\t\t\t<a class=\"e-gallery-item elementor-gallery-item elementor-animated-content\" href=\"https:\/\/departamento.us.es\/dcefus\/wp-content\/uploads\/2021\/04\/patio.jpg\" data-elementor-open-lightbox=\"yes\" data-elementor-lightbox-slideshow=\"c7c97bc\" data-elementor-lightbox-title=\"Interior Facultad Econ\u00f3micas y Empresariales\" data-e-action-hash=\"#elementor-action%3Aaction%3Dlightbox%26settings%3DeyJpZCI6NjM5LCJ1cmwiOiJodHRwczpcL1wvZGVwYXJ0YW1lbnRvLnVzLmVzXC9kY2VmdXNcL3dwLWNvbnRlbnRcL3VwbG9hZHNcLzIwMjFcLzA0XC9wYXRpby5qcGciLCJzbGlkZXNob3ciOiJjN2M5N2JjIn0%3D\">\n\t\t\t\t\t<div class=\"e-gallery-image elementor-gallery-item__image\" data-thumbnail=\"https:\/\/departamento.us.es\/dcefus\/wp-content\/uploads\/2021\/04\/patio-225x300.jpg\" data-width=\"225\" data-height=\"300\" aria-label=\"Interior Facultad Econ\u00f3micas y Empresariales\" role=\"img\" ><\/div>\n\t\t\t\t\t\t\t\t\t\t\t<div class=\"elementor-gallery-item__overlay\"><\/div>\n\t\t\t\t\t\t\t\t\t\t\t\t\t\t\t<div class=\"elementor-gallery-item__content\">\n\t\t\t\t\t\t\t\t\t\t\t\t\t\t<div class=\"elementor-gallery-item__title\">\n\t\t\t\t\t\t\t\t\t\t\t\t\t\t\t\t\t\tInterior Facultad Econ\u00f3micas y Empresariales\t\t\t\t\t\t\t\t<\/div>\n\t\t\t\t\t\t\t\t\t\t\t\t<\/div>\n\t\t\t\t\t\t\t\t\t<\/a>\n\t\t\t\t\t\t\t<a class=\"e-gallery-item elementor-gallery-item elementor-animated-content\" href=\"https:\/\/departamento.us.es\/dcefus\/wp-content\/uploads\/2021\/04\/biblioteca-y-salas-de-estudio-1.jpg\" data-elementor-open-lightbox=\"yes\" data-elementor-lightbox-slideshow=\"c7c97bc\" data-elementor-lightbox-title=\"Biblioteca y Salas de Estudio\" data-e-action-hash=\"#elementor-action%3Aaction%3Dlightbox%26settings%3DeyJpZCI6NjQwLCJ1cmwiOiJodHRwczpcL1wvZGVwYXJ0YW1lbnRvLnVzLmVzXC9kY2VmdXNcL3dwLWNvbnRlbnRcL3VwbG9hZHNcLzIwMjFcLzA0XC9iaWJsaW90ZWNhLXktc2FsYXMtZGUtZXN0dWRpby0xLmpwZyIsInNsaWRlc2hvdyI6ImM3Yzk3YmMifQ%3D%3D\">\n\t\t\t\t\t<div class=\"e-gallery-image elementor-gallery-item__image\" data-thumbnail=\"https:\/\/departamento.us.es\/dcefus\/wp-content\/uploads\/2021\/04\/biblioteca-y-salas-de-estudio-1-300x93.jpg\" data-width=\"300\" data-height=\"93\" aria-label=\"Biblioteca y Salas de Estudio\" role=\"img\" ><\/div>\n\t\t\t\t\t\t\t\t\t\t\t<div class=\"elementor-gallery-item__overlay\"><\/div>\n\t\t\t\t\t\t\t\t\t\t\t\t\t\t\t<div class=\"elementor-gallery-item__content\">\n\t\t\t\t\t\t\t\t\t\t\t\t\t\t<div class=\"elementor-gallery-item__title\">\n\t\t\t\t\t\t\t\t\t\t\t\t\t\t\t\t\t\tBiblioteca y Salas de Estudio\t\t\t\t\t\t\t\t<\/div>\n\t\t\t\t\t\t\t\t\t\t\t\t<\/div>\n\t\t\t\t\t\t\t\t\t<\/a>\n\t\t\t\t\t\t\t<a class=\"e-gallery-item elementor-gallery-item elementor-animated-content\" href=\"https:\/\/departamento.us.es\/dcefus\/wp-content\/uploads\/2021\/04\/aula_1.png\" data-elementor-open-lightbox=\"yes\" data-elementor-lightbox-slideshow=\"c7c97bc\" data-elementor-lightbox-title=\"Aulas del M\u00e1ster\" data-e-action-hash=\"#elementor-action%3Aaction%3Dlightbox%26settings%3DeyJpZCI6NjI1LCJ1cmwiOiJodHRwczpcL1wvZGVwYXJ0YW1lbnRvLnVzLmVzXC9kY2VmdXNcL3dwLWNvbnRlbnRcL3VwbG9hZHNcLzIwMjFcLzA0XC9hdWxhXzEucG5nIiwic2xpZGVzaG93IjoiYzdjOTdiYyJ9\">\n\t\t\t\t\t<div class=\"e-gallery-image elementor-gallery-item__image\" data-thumbnail=\"https:\/\/departamento.us.es\/dcefus\/wp-content\/uploads\/2021\/04\/aula_1-300x168.png\" data-width=\"300\" data-height=\"168\" aria-label=\"Aulas del M\u00e1ster\" role=\"img\" ><\/div>\n\t\t\t\t\t\t\t\t\t\t\t<div class=\"elementor-gallery-item__overlay\"><\/div>\n\t\t\t\t\t\t\t\t\t\t\t\t\t\t\t<div class=\"elementor-gallery-item__content\">\n\t\t\t\t\t\t\t\t\t\t\t\t\t\t<div class=\"elementor-gallery-item__title\">\n\t\t\t\t\t\t\t\t\t\t\t\t\t\t\t\t\t\tAulas del M\u00e1ster\t\t\t\t\t\t\t\t<\/div>\n\t\t\t\t\t\t\t\t\t\t\t\t<\/div>\n\t\t\t\t\t\t\t\t\t<\/a>\n\t\t\t\t\t\t\t<a class=\"e-gallery-item elementor-gallery-item elementor-animated-content\" href=\"https:\/\/departamento.us.es\/dcefus\/wp-content\/uploads\/2021\/04\/Foto-Aula-Saez-Torrecilla.jpg\" data-elementor-open-lightbox=\"yes\" data-elementor-lightbox-slideshow=\"c7c97bc\" data-elementor-lightbox-title=\"Aulas del M\u00e1ster\" data-e-action-hash=\"#elementor-action%3Aaction%3Dlightbox%26settings%3DeyJpZCI6NjI2LCJ1cmwiOiJodHRwczpcL1wvZGVwYXJ0YW1lbnRvLnVzLmVzXC9kY2VmdXNcL3dwLWNvbnRlbnRcL3VwbG9hZHNcLzIwMjFcLzA0XC9Gb3RvLUF1bGEtU2Flei1Ub3JyZWNpbGxhLmpwZyIsInNsaWRlc2hvdyI6ImM3Yzk3YmMifQ%3D%3D\">\n\t\t\t\t\t<div class=\"e-gallery-image elementor-gallery-item__image\" data-thumbnail=\"https:\/\/departamento.us.es\/dcefus\/wp-content\/uploads\/2021\/04\/Foto-Aula-Saez-Torrecilla-300x225.jpg\" data-width=\"300\" data-height=\"225\" aria-label=\"Aulas del M\u00e1ster\" role=\"img\" ><\/div>\n\t\t\t\t\t\t\t\t\t\t\t<div class=\"elementor-gallery-item__overlay\"><\/div>\n\t\t\t\t\t\t\t\t\t\t\t\t\t\t\t<div class=\"elementor-gallery-item__content\">\n\t\t\t\t\t\t\t\t\t\t\t\t\t\t<div class=\"elementor-gallery-item__title\">\n\t\t\t\t\t\t\t\t\t\t\t\t\t\t\t\t\t\tAulas del M\u00e1ster\t\t\t\t\t\t\t\t<\/div>\n\t\t\t\t\t\t\t\t\t\t\t\t<\/div>\n\t\t\t\t\t\t\t\t\t<\/a>\n\t\t\t\t\t<\/div>\n\t\t\t\t\t<\/div>\n\t\t\t\t<\/div>\n\t\t\t\t\t<\/div>\n\t\t<\/div>\n\t\t\t\t\t<\/div>\n\t\t<\/section>\n\t\t\t\t<\/div>\n\t\t","protected":false},"excerpt":{"rendered":"<p>fceye Interior Facultad Econ\u00f3micas y Empresariales Biblioteca y Salas de Estudio Aulas del M\u00e1ster Aulas del M\u00e1ster<\/p>\n","protected":false},"author":1,"featured_media":334,"parent":0,"menu_order":0,"comment_status":"closed","ping_status":"closed","template":"","meta":{"colormag_page_container_layout":"default_layout","colormag_page_sidebar_layout":"default_layout","_monsterinsights_skip_tracking":false,"_monsterinsights_sitenote_active":false,"_monsterinsights_sitenote_note":"","_monsterinsights_sitenote_category":0,"footnotes":""},"class_list":["post-1383","page","type-page","status-publish","has-post-thumbnail","hentry"],"yoast_head":"<!-- This site is optimized with the Yoast SEO plugin v26.7 - https:\/\/yoast.com\/wordpress\/plugins\/seo\/ -->\n<title>Instalaciones - Departamento de Contabilidad y Econom\u00eda Financiera de La Universidad de Sevilla<\/title>\n<meta name=\"robots\" content=\"index, follow, max-snippet:-1, max-image-preview:large, max-video-preview:-1\" \/>\n<link rel=\"canonical\" href=\"https:\/\/departamento.us.es\/dcefus\/instalaciones\/\" \/>\n<meta property=\"og:locale\" content=\"es_ES\" \/>\n<meta property=\"og:type\" content=\"article\" \/>\n<meta property=\"og:title\" content=\"Instalaciones - Departamento de Contabilidad y Econom\u00eda Financiera de La Universidad de Sevilla\" \/>\n<meta property=\"og:description\" content=\"fceye Interior Facultad Econ\u00f3micas y Empresariales Biblioteca y Salas de Estudio Aulas del M\u00e1ster Aulas del M\u00e1ster\" \/>\n<meta property=\"og:url\" content=\"https:\/\/departamento.us.es\/dcefus\/instalaciones\/\" \/>\n<meta property=\"og:site_name\" content=\"Departamento de Contabilidad y Econom\u00eda Financiera de La Universidad de Sevilla\" \/>\n<meta property=\"article:modified_time\" content=\"2021-05-14T10:38:03+00:00\" \/>\n<meta property=\"og:image\" content=\"https:\/\/departamento.us.es\/dcefus\/wp-content\/uploads\/2021\/04\/Imagen-destacada-dpto.jpg\" \/>\n\t<meta property=\"og:image:width\" content=\"1920\" \/>\n\t<meta property=\"og:image:height\" content=\"200\" \/>\n\t<meta property=\"og:image:type\" content=\"image\/jpeg\" \/>\n<meta name=\"twitter:card\" content=\"summary_large_image\" \/>\n<meta name=\"twitter:label1\" content=\"Tiempo de lectura\" \/>\n\t<meta name=\"twitter:data1\" content=\"1 minuto\" \/>\n<script type=\"application\/ld+json\" class=\"yoast-schema-graph\">{\"@context\":\"https:\/\/schema.org\",\"@graph\":[{\"@type\":\"WebPage\",\"@id\":\"https:\/\/departamento.us.es\/dcefus\/instalaciones\/\",\"url\":\"https:\/\/departamento.us.es\/dcefus\/instalaciones\/\",\"name\":\"Instalaciones - Departamento de Contabilidad y Econom\u00eda Financiera de La Universidad de Sevilla\",\"isPartOf\":{\"@id\":\"https:\/\/departamento.us.es\/dcefus\/#website\"},\"primaryImageOfPage\":{\"@id\":\"https:\/\/departamento.us.es\/dcefus\/instalaciones\/#primaryimage\"},\"image\":{\"@id\":\"https:\/\/departamento.us.es\/dcefus\/instalaciones\/#primaryimage\"},\"thumbnailUrl\":\"https:\/\/departamento.us.es\/dcefus\/wp-content\/uploads\/2021\/04\/Imagen-destacada-dpto.jpg\",\"datePublished\":\"2021-04-16T08:16:21+00:00\",\"dateModified\":\"2021-05-14T10:38:03+00:00\",\"breadcrumb\":{\"@id\":\"https:\/\/departamento.us.es\/dcefus\/instalaciones\/#breadcrumb\"},\"inLanguage\":\"es\",\"potentialAction\":[{\"@type\":\"ReadAction\",\"target\":[\"https:\/\/departamento.us.es\/dcefus\/instalaciones\/\"]}]},{\"@type\":\"ImageObject\",\"inLanguage\":\"es\",\"@id\":\"https:\/\/departamento.us.es\/dcefus\/instalaciones\/#primaryimage\",\"url\":\"https:\/\/departamento.us.es\/dcefus\/wp-content\/uploads\/2021\/04\/Imagen-destacada-dpto.jpg\",\"contentUrl\":\"https:\/\/departamento.us.es\/dcefus\/wp-content\/uploads\/2021\/04\/Imagen-destacada-dpto.jpg\",\"width\":1920,\"height\":200,\"caption\":\"El departamento\"},{\"@type\":\"BreadcrumbList\",\"@id\":\"https:\/\/departamento.us.es\/dcefus\/instalaciones\/#breadcrumb\",\"itemListElement\":[{\"@type\":\"ListItem\",\"position\":1,\"name\":\"Portada\",\"item\":\"https:\/\/departamento.us.es\/dcefus\/\"},{\"@type\":\"ListItem\",\"position\":2,\"name\":\"Instalaciones\"}]},{\"@type\":\"WebSite\",\"@id\":\"https:\/\/departamento.us.es\/dcefus\/#website\",\"url\":\"https:\/\/departamento.us.es\/dcefus\/\",\"name\":\"Departamento de Contabilidad y Econom\u00eda Financiera de La Universidad de Sevilla\",\"description\":\"Facultad de Ciencias Econ\u00f3micas y Empresariales\",\"publisher\":{\"@id\":\"https:\/\/departamento.us.es\/dcefus\/#organization\"},\"potentialAction\":[{\"@type\":\"SearchAction\",\"target\":{\"@type\":\"EntryPoint\",\"urlTemplate\":\"https:\/\/departamento.us.es\/dcefus\/?s={search_term_string}\"},\"query-input\":{\"@type\":\"PropertyValueSpecification\",\"valueRequired\":true,\"valueName\":\"search_term_string\"}}],\"inLanguage\":\"es\"},{\"@type\":\"Organization\",\"@id\":\"https:\/\/departamento.us.es\/dcefus\/#organization\",\"name\":\"Departamento de Contabilidad y Econom\u00eda Financiera de La Universidad de Sevilla\",\"url\":\"https:\/\/departamento.us.es\/dcefus\/\",\"logo\":{\"@type\":\"ImageObject\",\"inLanguage\":\"es\",\"@id\":\"https:\/\/departamento.us.es\/dcefus\/#\/schema\/logo\/image\/\",\"url\":\"https:\/\/departamento.us.es\/dcefus\/wp-content\/uploads\/2021\/03\/Logo-CEF1.png\",\"contentUrl\":\"https:\/\/departamento.us.es\/dcefus\/wp-content\/uploads\/2021\/03\/Logo-CEF1.png\",\"width\":482,\"height\":195,\"caption\":\"Departamento de Contabilidad y Econom\u00eda Financiera de La Universidad de Sevilla\"},\"image\":{\"@id\":\"https:\/\/departamento.us.es\/dcefus\/#\/schema\/logo\/image\/\"},\"sameAs\":[\"https:\/\/www.linkedin.com\/company\/dcefus\"]}]}<\/script>\n<!-- \/ Yoast SEO plugin. -->","yoast_head_json":{"title":"Instalaciones - Departamento de Contabilidad y Econom\u00eda Financiera de La Universidad de Sevilla","robots":{"index":"index","follow":"follow","max-snippet":"max-snippet:-1","max-image-preview":"max-image-preview:large","max-video-preview":"max-video-preview:-1"},"canonical":"https:\/\/departamento.us.es\/dcefus\/instalaciones\/","og_locale":"es_ES","og_type":"article","og_title":"Instalaciones - Departamento de Contabilidad y Econom\u00eda Financiera de La Universidad de Sevilla","og_description":"fceye Interior Facultad Econ\u00f3micas y Empresariales Biblioteca y Salas de Estudio Aulas del M\u00e1ster Aulas del M\u00e1ster","og_url":"https:\/\/departamento.us.es\/dcefus\/instalaciones\/","og_site_name":"Departamento de Contabilidad y Econom\u00eda Financiera de La Universidad de Sevilla","article_modified_time":"2021-05-14T10:38:03+00:00","og_image":[{"width":1920,"height":200,"url":"https:\/\/departamento.us.es\/dcefus\/wp-content\/uploads\/2021\/04\/Imagen-destacada-dpto.jpg","type":"image\/jpeg"}],"twitter_card":"summary_large_image","twitter_misc":{"Tiempo de lectura":"1 minuto"},"schema":{"@context":"https:\/\/schema.org","@graph":[{"@type":"WebPage","@id":"https:\/\/departamento.us.es\/dcefus\/instalaciones\/","url":"https:\/\/departamento.us.es\/dcefus\/instalaciones\/","name":"Instalaciones - Departamento de Contabilidad y Econom\u00eda Financiera de La Universidad de Sevilla","isPartOf":{"@id":"https:\/\/departamento.us.es\/dcefus\/#website"},"primaryImageOfPage":{"@id":"https:\/\/departamento.us.es\/dcefus\/instalaciones\/#primaryimage"},"image":{"@id":"https:\/\/departamento.us.es\/dcefus\/instalaciones\/#primaryimage"},"thumbnailUrl":"https:\/\/departamento.us.es\/dcefus\/wp-content\/uploads\/2021\/04\/Imagen-destacada-dpto.jpg","datePublished":"2021-04-16T08:16:21+00:00","dateModified":"2021-05-14T10:38:03+00:00","breadcrumb":{"@id":"https:\/\/departamento.us.es\/dcefus\/instalaciones\/#breadcrumb"},"inLanguage":"es","potentialAction":[{"@type":"ReadAction","target":["https:\/\/departamento.us.es\/dcefus\/instalaciones\/"]}]},{"@type":"ImageObject","inLanguage":"es","@id":"https:\/\/departamento.us.es\/dcefus\/instalaciones\/#primaryimage","url":"https:\/\/departamento.us.es\/dcefus\/wp-content\/uploads\/2021\/04\/Imagen-destacada-dpto.jpg","contentUrl":"https:\/\/departamento.us.es\/dcefus\/wp-content\/uploads\/2021\/04\/Imagen-destacada-dpto.jpg","width":1920,"height":200,"caption":"El departamento"},{"@type":"BreadcrumbList","@id":"https:\/\/departamento.us.es\/dcefus\/instalaciones\/#breadcrumb","itemListElement":[{"@type":"ListItem","position":1,"name":"Portada","item":"https:\/\/departamento.us.es\/dcefus\/"},{"@type":"ListItem","position":2,"name":"Instalaciones"}]},{"@type":"WebSite","@id":"https:\/\/departamento.us.es\/dcefus\/#website","url":"https:\/\/departamento.us.es\/dcefus\/","name":"Departamento de Contabilidad y Econom\u00eda Financiera de La Universidad de Sevilla","description":"Facultad de Ciencias Econ\u00f3micas y Empresariales","publisher":{"@id":"https:\/\/departamento.us.es\/dcefus\/#organization"},"potentialAction":[{"@type":"SearchAction","target":{"@type":"EntryPoint","urlTemplate":"https:\/\/departamento.us.es\/dcefus\/?s={search_term_string}"},"query-input":{"@type":"PropertyValueSpecification","valueRequired":true,"valueName":"search_term_string"}}],"inLanguage":"es"},{"@type":"Organization","@id":"https:\/\/departamento.us.es\/dcefus\/#organization","name":"Departamento de Contabilidad y Econom\u00eda Financiera de La Universidad de Sevilla","url":"https:\/\/departamento.us.es\/dcefus\/","logo":{"@type":"ImageObject","inLanguage":"es","@id":"https:\/\/departamento.us.es\/dcefus\/#\/schema\/logo\/image\/","url":"https:\/\/departamento.us.es\/dcefus\/wp-content\/uploads\/2021\/03\/Logo-CEF1.png","contentUrl":"https:\/\/departamento.us.es\/dcefus\/wp-content\/uploads\/2021\/03\/Logo-CEF1.png","width":482,"height":195,"caption":"Departamento de Contabilidad y Econom\u00eda Financiera de La Universidad de Sevilla"},"image":{"@id":"https:\/\/departamento.us.es\/dcefus\/#\/schema\/logo\/image\/"},"sameAs":["https:\/\/www.linkedin.com\/company\/dcefus"]}]}},"_links":{"self":[{"href":"https:\/\/departamento.us.es\/dcefus\/wp-json\/wp\/v2\/pages\/1383","targetHints":{"allow":["GET"]}}],"collection":[{"href":"https:\/\/departamento.us.es\/dcefus\/wp-json\/wp\/v2\/pages"}],"about":[{"href":"https:\/\/departamento.us.es\/dcefus\/wp-json\/wp\/v2\/types\/page"}],"author":[{"embeddable":true,"href":"https:\/\/departamento.us.es\/dcefus\/wp-json\/wp\/v2\/users\/1"}],"replies":[{"embeddable":true,"href":"https:\/\/departamento.us.es\/dcefus\/wp-json\/wp\/v2\/comments?post=1383"}],"version-history":[{"count":0,"href":"https:\/\/departamento.us.es\/dcefus\/wp-json\/wp\/v2\/pages\/1383\/revisions"}],"wp:featuredmedia":[{"embeddable":true,"href":"https:\/\/departamento.us.es\/dcefus\/wp-json\/wp\/v2\/media\/334"}],"wp:attachment":[{"href":"https:\/\/departamento.us.es\/dcefus\/wp-json\/wp\/v2\/media?parent=1383"}],"curies":[{"name":"wp","href":"https:\/\/api.w.org\/{rel}","templated":true}]}}