{"id":1516,"date":"2021-04-16T11:13:52","date_gmt":"2021-04-16T11:13:52","guid":{"rendered":"https:\/\/departamento.us.es\/dcefus\/?page_id=1516"},"modified":"2021-04-23T06:52:39","modified_gmt":"2021-04-23T06:52:39","slug":"transferencia-de-conocimiento","status":"publish","type":"page","link":"https:\/\/departamento.us.es\/dcefus\/transferencia-de-conocimiento\/","title":{"rendered":"Transferencia de conocimiento"},"content":{"rendered":"\t\t<div data-elementor-type=\"wp-page\" data-elementor-id=\"1516\" class=\"elementor elementor-1516\" data-elementor-post-type=\"page\">\n\t\t\t\t\t\t<section class=\"elementor-section elementor-top-section elementor-element elementor-element-29df40d elementor-section-boxed elementor-section-height-default elementor-section-height-default\" data-id=\"29df40d\" data-element_type=\"section\">\n\t\t\t\t\t\t<div class=\"elementor-container elementor-column-gap-default\">\n\t\t\t\t\t<div class=\"elementor-column elementor-col-100 elementor-top-column elementor-element elementor-element-e2ea1a2\" data-id=\"e2ea1a2\" data-element_type=\"column\">\n\t\t\t<div class=\"elementor-widget-wrap elementor-element-populated\">\n\t\t\t\t\t\t<div class=\"elementor-element elementor-element-6468910 elementor-widget elementor-widget-heading\" data-id=\"6468910\" data-element_type=\"widget\" data-widget_type=\"heading.default\">\n\t\t\t\t<div class=\"elementor-widget-container\">\n\t\t\t\t\t<h4 class=\"elementor-heading-title elementor-size-default\">L.O. 6\/2001, de 21 de diciembre, de Universidades<\/h4>\t\t\t\t<\/div>\n\t\t\t\t<\/div>\n\t\t\t\t<div class=\"elementor-element elementor-element-71d58c9 elementor-widget elementor-widget-text-editor\" data-id=\"71d58c9\" data-element_type=\"widget\" data-widget_type=\"text-editor.default\">\n\t\t\t\t<div class=\"elementor-widget-container\">\n\t\t\t\t\t\t\t\t\t<p><strong>Art\u00edculo 68\u00a0R\u00e9gimen de dedicaci\u00f3n<\/strong><\/p><ol><li>El profesorado de las universidades p\u00fablicas ejercer\u00e1 sus funciones preferentemente en r\u00e9gimen de dedicaci\u00f3n a tiempo completo, o bien a tiempo parcial. La dedicaci\u00f3n ser\u00e1, en todo caso, compatible con la realizaci\u00f3n de trabajos cient\u00edficos, t\u00e9cnicos o art\u00edsticos a que se refiere el art\u00edculo 83.<\/li><\/ol><p>\u00a0<\/p><p><strong>Art\u00edculo 83\u00a0Colaboraci\u00f3n con otras entidades o personas f\u00edsicas<\/strong><\/p><ol><li>Los grupos de investigaci\u00f3n reconocidos por la Universidad, los Departamentos y los Institutos Universitarios de Investigaci\u00f3n, y su profesorado a trav\u00e9s de los mismos o de los \u00f3rganos, centros, fundaciones o estructuras organizativas similares de la Universidad dedicados a la canalizaci\u00f3n de las iniciativas investigadoras del profesorado y a la transferencia de los resultados de la investigaci\u00f3n, <strong>podr\u00e1n celebrar contratos con personas, Universidades o entidades p\u00fablicas y privadas para la realizaci\u00f3n de trabajos de car\u00e1cter cient\u00edfico, t\u00e9cnico o art\u00edstico, as\u00ed como para el desarrollo de ense\u00f1anzas de especializaci\u00f3n o actividades espec\u00edficas de formaci\u00f3n.<\/strong><\/li><\/ol>\t\t\t\t\t\t\t\t<\/div>\n\t\t\t\t<\/div>\n\t\t\t\t<div class=\"elementor-element elementor-element-86dee23 elementor-cta--layout-image-left elementor-cta--skin-classic elementor-animated-content elementor-bg-transform elementor-bg-transform-zoom-in elementor-widget elementor-widget-call-to-action\" data-id=\"86dee23\" data-element_type=\"widget\" data-widget_type=\"call-to-action.default\">\n\t\t\t\t<div class=\"elementor-widget-container\">\n\t\t\t\t\t\t\t<a class=\"elementor-cta\" href=\"http:\/\/fius.us.es\/\" target=\"_blank\">\n\t\t\t\t\t<div class=\"elementor-cta__bg-wrapper\">\n\t\t\t\t<div class=\"elementor-cta__bg elementor-bg\" style=\"background-image: url(https:\/\/departamento.us.es\/dcefus\/wp-content\/uploads\/2021\/04\/FIUS.jpg);\" role=\"img\" aria-label=\"FIUS\"><\/div>\n\t\t\t\t<div class=\"elementor-cta__bg-overlay\"><\/div>\n\t\t\t<\/div>\n\t\t\t\t\t\t\t<div class=\"elementor-cta__content\">\n\t\t\t\t\n\t\t\t\t\t\t\t\t\t<h2 class=\"elementor-cta__title elementor-cta__content-item elementor-content-item\">\n\t\t\t\t\t\tFundaci\u00f3n de Investigaci\u00f3n de la Universidad de Sevilla\t\t\t\t\t<\/h2>\n\t\t\t\t\n\t\t\t\t\t\t\t\t\t<div class=\"elementor-cta__description elementor-cta__content-item elementor-content-item\">\n\t\t\t\t\t\tOrganizaci\u00f3n sin \u00e1nimo de lucro, dedicada a la colaboraci\u00f3n en materia de proyectos de investigaci\u00f3n que se suscriben con empresas o entidades, p\u00fablicas o privadas, las cuales demandan la labor investigadora de miembros del cuerpo docente e investigador de la Universidad de Sevilla.\t\t\t\t\t<\/div>\n\t\t\t\t\n\t\t\t\t\t\t\t<\/div>\n\t\t\t\t\t\t<\/a>\n\t\t\t\t\t\t<\/div>\n\t\t\t\t<\/div>\n\t\t\t\t\t<\/div>\n\t\t<\/div>\n\t\t\t\t\t<\/div>\n\t\t<\/section>\n\t\t\t\t<section class=\"elementor-section elementor-top-section elementor-element elementor-element-5397467 elementor-section-boxed elementor-section-height-default elementor-section-height-default\" data-id=\"5397467\" data-element_type=\"section\">\n\t\t\t\t\t\t<div class=\"elementor-container elementor-column-gap-default\">\n\t\t\t\t\t<div class=\"elementor-column elementor-col-100 elementor-top-column elementor-element elementor-element-7105ca2\" data-id=\"7105ca2\" data-element_type=\"column\">\n\t\t\t<div class=\"elementor-widget-wrap elementor-element-populated\">\n\t\t\t\t\t\t<div class=\"elementor-element elementor-element-125f686 elementor-widget elementor-widget-heading\" data-id=\"125f686\" data-element_type=\"widget\" data-widget_type=\"heading.default\">\n\t\t\t\t<div class=\"elementor-widget-container\">\n\t\t\t\t\t<h2 class=\"elementor-heading-title elementor-size-default\">\u00bfQu\u00e9 es la transferencia del conocimiento?<\/h2>\t\t\t\t<\/div>\n\t\t\t\t<\/div>\n\t\t\t\t<div class=\"elementor-element elementor-element-966865e elementor-widget elementor-widget-text-editor\" data-id=\"966865e\" data-element_type=\"widget\" data-widget_type=\"text-editor.default\">\n\t\t\t\t<div class=\"elementor-widget-container\">\n\t\t\t\t\t\t\t\t\t<p>Es el conjunto de actividades que se realizan en la Universidad a trav\u00e9s de la cual se manifiesta su participaci\u00f3n en la econom\u00eda a trav\u00e9s de la incorporaci\u00f3n del conocimiento generado en la investigaci\u00f3n a la cadena de valor de las empresas o personas f\u00edsicas con las que la Universidad establece un acuerdo de colaboraci\u00f3n.<\/p><p>Conviene diferenciar la transferencia del conocimiento de la transmisi\u00f3n del conocimiento. La transmisi\u00f3n del conocimiento es la divulgaci\u00f3n a trav\u00e9s de publicaciones, congresos, jornadas, etc. de los resultados de investigaciones que pueden verse en el apartado investigaci\u00f3n (enlace a la secci\u00f3n de investigaci\u00f3n) mientras que la transferencia trata de aplicar esos resultados transmitidos a situaciones reales en las que pueden aportar incrementos de valor a las personas o empresas beneficiarias y, por ende, a la sociedad en su conjunto a cambio de una contraprestaci\u00f3n, generalmente econ\u00f3mica, aunque puede ser de otra \u00edndole.<\/p><p style=\"padding-left: 40px;\">El Departamento de Contabilidad transfiere conocimiento a trav\u00e9s de diversos can Las C\u00e1tedras de Empresa (link a las webs de C\u00e1tedras vivas)<\/p><p style=\"padding-left: 40px;\">Investigaci\u00f3n de ayuda a peritajes judiciales<\/p><p style=\"padding-left: 40px;\">Asesoramiento en cuestiones contables (cierres, consolidaciones, cuestiones concursales, etc).<\/p><p style=\"padding-left: 40px;\">Intercambio de conocimiento con empresas.<\/p><p style=\"padding-left: 40px;\">Participando en organismos de relevancia en el \u00e1mbito de la Contabilidad (V\u00ednculos con ICAC, AECA, Colegios de Economistas, etc.).ales como:<\/p><p style=\"padding-left: 80px;\">Las personas (f\u00edsicas o empresas) interesadas en mantener un acuerdo de transferencias de conocimiento con nuestro departamento debe hacerlo mediante un acuerdo a trav\u00e9s de la Fundaci\u00f3n de Investigaci\u00f3n de la Universidad de Sevilla (FIUS) que es la entidad encargada de gestionar todas las relaciones con las empresas (acuerdos, contratados, c\u00e1tedras de empresa y similares). Ellos pueden asesorarles para seleccionar la mejor forma de relaci\u00f3n Departamento de Contabilidad \u2013 Empresa.<\/p>\t\t\t\t\t\t\t\t<\/div>\n\t\t\t\t<\/div>\n\t\t\t\t\t<\/div>\n\t\t<\/div>\n\t\t\t\t\t<\/div>\n\t\t<\/section>\n\t\t\t\t<\/div>\n\t\t","protected":false},"excerpt":{"rendered":"<p>L.O. 6\/2001, de 21 de diciembre, de Universidades Art\u00edculo 68\u00a0R\u00e9gimen de dedicaci\u00f3n El profesorado de las universidades p\u00fablicas ejercer\u00e1 sus<\/p>\n","protected":false},"author":1,"featured_media":387,"parent":0,"menu_order":0,"comment_status":"closed","ping_status":"closed","template":"","meta":{"colormag_page_container_layout":"default_layout","colormag_page_sidebar_layout":"default_layout","_monsterinsights_skip_tracking":false,"_monsterinsights_sitenote_active":false,"_monsterinsights_sitenote_note":"","_monsterinsights_sitenote_category":0,"footnotes":""},"class_list":["post-1516","page","type-page","status-publish","has-post-thumbnail","hentry"],"yoast_head":"<!-- This site is optimized with the Yoast SEO plugin v26.7 - https:\/\/yoast.com\/wordpress\/plugins\/seo\/ -->\n<title>Transferencia de conocimiento - Departamento de Contabilidad y Econom\u00eda Financiera de La Universidad de Sevilla<\/title>\n<meta name=\"robots\" content=\"index, follow, max-snippet:-1, max-image-preview:large, max-video-preview:-1\" \/>\n<link rel=\"canonical\" href=\"https:\/\/departamento.us.es\/dcefus\/transferencia-de-conocimiento\/\" \/>\n<meta property=\"og:locale\" content=\"es_ES\" \/>\n<meta property=\"og:type\" content=\"article\" \/>\n<meta property=\"og:title\" content=\"Transferencia de conocimiento - Departamento de Contabilidad y Econom\u00eda Financiera de La Universidad de Sevilla\" \/>\n<meta property=\"og:description\" content=\"L.O. 6\/2001, de 21 de diciembre, de Universidades Art\u00edculo 68\u00a0R\u00e9gimen de dedicaci\u00f3n El profesorado de las universidades p\u00fablicas ejercer\u00e1 sus\" \/>\n<meta property=\"og:url\" content=\"https:\/\/departamento.us.es\/dcefus\/transferencia-de-conocimiento\/\" \/>\n<meta property=\"og:site_name\" content=\"Departamento de Contabilidad y Econom\u00eda Financiera de La Universidad de Sevilla\" \/>\n<meta property=\"article:modified_time\" content=\"2021-04-23T06:52:39+00:00\" \/>\n<meta property=\"og:image\" content=\"https:\/\/departamento.us.es\/dcefus\/wp-content\/uploads\/2021\/04\/Imagen-destacada-enlaces.jpg\" \/>\n\t<meta property=\"og:image:width\" content=\"1920\" \/>\n\t<meta property=\"og:image:height\" content=\"200\" \/>\n\t<meta property=\"og:image:type\" content=\"image\/jpeg\" \/>\n<meta name=\"twitter:card\" content=\"summary_large_image\" \/>\n<meta name=\"twitter:label1\" content=\"Tiempo de lectura\" \/>\n\t<meta name=\"twitter:data1\" content=\"3 minutos\" \/>\n<script type=\"application\/ld+json\" class=\"yoast-schema-graph\">{\"@context\":\"https:\/\/schema.org\",\"@graph\":[{\"@type\":\"WebPage\",\"@id\":\"https:\/\/departamento.us.es\/dcefus\/transferencia-de-conocimiento\/\",\"url\":\"https:\/\/departamento.us.es\/dcefus\/transferencia-de-conocimiento\/\",\"name\":\"Transferencia de conocimiento - Departamento de Contabilidad y Econom\u00eda Financiera de La Universidad de Sevilla\",\"isPartOf\":{\"@id\":\"https:\/\/departamento.us.es\/dcefus\/#website\"},\"primaryImageOfPage\":{\"@id\":\"https:\/\/departamento.us.es\/dcefus\/transferencia-de-conocimiento\/#primaryimage\"},\"image\":{\"@id\":\"https:\/\/departamento.us.es\/dcefus\/transferencia-de-conocimiento\/#primaryimage\"},\"thumbnailUrl\":\"https:\/\/departamento.us.es\/dcefus\/wp-content\/uploads\/2021\/04\/Imagen-destacada-enlaces.jpg\",\"datePublished\":\"2021-04-16T11:13:52+00:00\",\"dateModified\":\"2021-04-23T06:52:39+00:00\",\"breadcrumb\":{\"@id\":\"https:\/\/departamento.us.es\/dcefus\/transferencia-de-conocimiento\/#breadcrumb\"},\"inLanguage\":\"es\",\"potentialAction\":[{\"@type\":\"ReadAction\",\"target\":[\"https:\/\/departamento.us.es\/dcefus\/transferencia-de-conocimiento\/\"]}]},{\"@type\":\"ImageObject\",\"inLanguage\":\"es\",\"@id\":\"https:\/\/departamento.us.es\/dcefus\/transferencia-de-conocimiento\/#primaryimage\",\"url\":\"https:\/\/departamento.us.es\/dcefus\/wp-content\/uploads\/2021\/04\/Imagen-destacada-enlaces.jpg\",\"contentUrl\":\"https:\/\/departamento.us.es\/dcefus\/wp-content\/uploads\/2021\/04\/Imagen-destacada-enlaces.jpg\",\"width\":1920,\"height\":200},{\"@type\":\"BreadcrumbList\",\"@id\":\"https:\/\/departamento.us.es\/dcefus\/transferencia-de-conocimiento\/#breadcrumb\",\"itemListElement\":[{\"@type\":\"ListItem\",\"position\":1,\"name\":\"Portada\",\"item\":\"https:\/\/departamento.us.es\/dcefus\/\"},{\"@type\":\"ListItem\",\"position\":2,\"name\":\"Transferencia de conocimiento\"}]},{\"@type\":\"WebSite\",\"@id\":\"https:\/\/departamento.us.es\/dcefus\/#website\",\"url\":\"https:\/\/departamento.us.es\/dcefus\/\",\"name\":\"Departamento de Contabilidad y Econom\u00eda Financiera de La Universidad de Sevilla\",\"description\":\"Facultad de Ciencias Econ\u00f3micas y Empresariales\",\"publisher\":{\"@id\":\"https:\/\/departamento.us.es\/dcefus\/#organization\"},\"potentialAction\":[{\"@type\":\"SearchAction\",\"target\":{\"@type\":\"EntryPoint\",\"urlTemplate\":\"https:\/\/departamento.us.es\/dcefus\/?s={search_term_string}\"},\"query-input\":{\"@type\":\"PropertyValueSpecification\",\"valueRequired\":true,\"valueName\":\"search_term_string\"}}],\"inLanguage\":\"es\"},{\"@type\":\"Organization\",\"@id\":\"https:\/\/departamento.us.es\/dcefus\/#organization\",\"name\":\"Departamento de Contabilidad y Econom\u00eda Financiera de La Universidad de Sevilla\",\"url\":\"https:\/\/departamento.us.es\/dcefus\/\",\"logo\":{\"@type\":\"ImageObject\",\"inLanguage\":\"es\",\"@id\":\"https:\/\/departamento.us.es\/dcefus\/#\/schema\/logo\/image\/\",\"url\":\"https:\/\/departamento.us.es\/dcefus\/wp-content\/uploads\/2021\/03\/Logo-CEF1.png\",\"contentUrl\":\"https:\/\/departamento.us.es\/dcefus\/wp-content\/uploads\/2021\/03\/Logo-CEF1.png\",\"width\":482,\"height\":195,\"caption\":\"Departamento de Contabilidad y Econom\u00eda Financiera de La Universidad de Sevilla\"},\"image\":{\"@id\":\"https:\/\/departamento.us.es\/dcefus\/#\/schema\/logo\/image\/\"},\"sameAs\":[\"https:\/\/www.linkedin.com\/company\/dcefus\"]}]}<\/script>\n<!-- \/ Yoast SEO plugin. -->","yoast_head_json":{"title":"Transferencia de conocimiento - Departamento de Contabilidad y Econom\u00eda Financiera de La Universidad de Sevilla","robots":{"index":"index","follow":"follow","max-snippet":"max-snippet:-1","max-image-preview":"max-image-preview:large","max-video-preview":"max-video-preview:-1"},"canonical":"https:\/\/departamento.us.es\/dcefus\/transferencia-de-conocimiento\/","og_locale":"es_ES","og_type":"article","og_title":"Transferencia de conocimiento - Departamento de Contabilidad y Econom\u00eda Financiera de La Universidad de Sevilla","og_description":"L.O. 6\/2001, de 21 de diciembre, de Universidades Art\u00edculo 68\u00a0R\u00e9gimen de dedicaci\u00f3n El profesorado de las universidades p\u00fablicas ejercer\u00e1 sus","og_url":"https:\/\/departamento.us.es\/dcefus\/transferencia-de-conocimiento\/","og_site_name":"Departamento de Contabilidad y Econom\u00eda Financiera de La Universidad de Sevilla","article_modified_time":"2021-04-23T06:52:39+00:00","og_image":[{"width":1920,"height":200,"url":"https:\/\/departamento.us.es\/dcefus\/wp-content\/uploads\/2021\/04\/Imagen-destacada-enlaces.jpg","type":"image\/jpeg"}],"twitter_card":"summary_large_image","twitter_misc":{"Tiempo de lectura":"3 minutos"},"schema":{"@context":"https:\/\/schema.org","@graph":[{"@type":"WebPage","@id":"https:\/\/departamento.us.es\/dcefus\/transferencia-de-conocimiento\/","url":"https:\/\/departamento.us.es\/dcefus\/transferencia-de-conocimiento\/","name":"Transferencia de conocimiento - Departamento de Contabilidad y Econom\u00eda Financiera de La Universidad de Sevilla","isPartOf":{"@id":"https:\/\/departamento.us.es\/dcefus\/#website"},"primaryImageOfPage":{"@id":"https:\/\/departamento.us.es\/dcefus\/transferencia-de-conocimiento\/#primaryimage"},"image":{"@id":"https:\/\/departamento.us.es\/dcefus\/transferencia-de-conocimiento\/#primaryimage"},"thumbnailUrl":"https:\/\/departamento.us.es\/dcefus\/wp-content\/uploads\/2021\/04\/Imagen-destacada-enlaces.jpg","datePublished":"2021-04-16T11:13:52+00:00","dateModified":"2021-04-23T06:52:39+00:00","breadcrumb":{"@id":"https:\/\/departamento.us.es\/dcefus\/transferencia-de-conocimiento\/#breadcrumb"},"inLanguage":"es","potentialAction":[{"@type":"ReadAction","target":["https:\/\/departamento.us.es\/dcefus\/transferencia-de-conocimiento\/"]}]},{"@type":"ImageObject","inLanguage":"es","@id":"https:\/\/departamento.us.es\/dcefus\/transferencia-de-conocimiento\/#primaryimage","url":"https:\/\/departamento.us.es\/dcefus\/wp-content\/uploads\/2021\/04\/Imagen-destacada-enlaces.jpg","contentUrl":"https:\/\/departamento.us.es\/dcefus\/wp-content\/uploads\/2021\/04\/Imagen-destacada-enlaces.jpg","width":1920,"height":200},{"@type":"BreadcrumbList","@id":"https:\/\/departamento.us.es\/dcefus\/transferencia-de-conocimiento\/#breadcrumb","itemListElement":[{"@type":"ListItem","position":1,"name":"Portada","item":"https:\/\/departamento.us.es\/dcefus\/"},{"@type":"ListItem","position":2,"name":"Transferencia de conocimiento"}]},{"@type":"WebSite","@id":"https:\/\/departamento.us.es\/dcefus\/#website","url":"https:\/\/departamento.us.es\/dcefus\/","name":"Departamento de Contabilidad y Econom\u00eda Financiera de La Universidad de Sevilla","description":"Facultad de Ciencias Econ\u00f3micas y Empresariales","publisher":{"@id":"https:\/\/departamento.us.es\/dcefus\/#organization"},"potentialAction":[{"@type":"SearchAction","target":{"@type":"EntryPoint","urlTemplate":"https:\/\/departamento.us.es\/dcefus\/?s={search_term_string}"},"query-input":{"@type":"PropertyValueSpecification","valueRequired":true,"valueName":"search_term_string"}}],"inLanguage":"es"},{"@type":"Organization","@id":"https:\/\/departamento.us.es\/dcefus\/#organization","name":"Departamento de Contabilidad y Econom\u00eda Financiera de La Universidad de Sevilla","url":"https:\/\/departamento.us.es\/dcefus\/","logo":{"@type":"ImageObject","inLanguage":"es","@id":"https:\/\/departamento.us.es\/dcefus\/#\/schema\/logo\/image\/","url":"https:\/\/departamento.us.es\/dcefus\/wp-content\/uploads\/2021\/03\/Logo-CEF1.png","contentUrl":"https:\/\/departamento.us.es\/dcefus\/wp-content\/uploads\/2021\/03\/Logo-CEF1.png","width":482,"height":195,"caption":"Departamento de Contabilidad y Econom\u00eda Financiera de La Universidad de Sevilla"},"image":{"@id":"https:\/\/departamento.us.es\/dcefus\/#\/schema\/logo\/image\/"},"sameAs":["https:\/\/www.linkedin.com\/company\/dcefus"]}]}},"_links":{"self":[{"href":"https:\/\/departamento.us.es\/dcefus\/wp-json\/wp\/v2\/pages\/1516","targetHints":{"allow":["GET"]}}],"collection":[{"href":"https:\/\/departamento.us.es\/dcefus\/wp-json\/wp\/v2\/pages"}],"about":[{"href":"https:\/\/departamento.us.es\/dcefus\/wp-json\/wp\/v2\/types\/page"}],"author":[{"embeddable":true,"href":"https:\/\/departamento.us.es\/dcefus\/wp-json\/wp\/v2\/users\/1"}],"replies":[{"embeddable":true,"href":"https:\/\/departamento.us.es\/dcefus\/wp-json\/wp\/v2\/comments?post=1516"}],"version-history":[{"count":0,"href":"https:\/\/departamento.us.es\/dcefus\/wp-json\/wp\/v2\/pages\/1516\/revisions"}],"wp:featuredmedia":[{"embeddable":true,"href":"https:\/\/departamento.us.es\/dcefus\/wp-json\/wp\/v2\/media\/387"}],"wp:attachment":[{"href":"https:\/\/departamento.us.es\/dcefus\/wp-json\/wp\/v2\/media?parent=1516"}],"curies":[{"name":"wp","href":"https:\/\/api.w.org\/{rel}","templated":true}]}}