{"id":2267,"date":"2023-03-15T09:19:39","date_gmt":"2023-03-15T09:19:39","guid":{"rendered":"https:\/\/departamento.us.es\/dcip\/?page_id=2267"},"modified":"2025-05-14T06:55:14","modified_gmt":"2025-05-14T06:55:14","slug":"el-departamento","status":"publish","type":"page","link":"https:\/\/departamento.us.es\/dcip\/el-departamento\/","title":{"rendered":"El Departamento"},"content":{"rendered":"\t\t<div data-elementor-type=\"wp-page\" data-elementor-id=\"2267\" class=\"elementor elementor-2267\">\n\t\t\t\t\t\t<section class=\"elementor-section elementor-top-section elementor-element elementor-element-47e1bf0 elementor-section-boxed elementor-section-height-default elementor-section-height-default\" data-id=\"47e1bf0\" data-element_type=\"section\">\n\t\t\t\t\t\t<div class=\"elementor-container elementor-column-gap-default\">\n\t\t\t\t\t<div class=\"elementor-column elementor-col-50 elementor-top-column elementor-element elementor-element-34228f9\" data-id=\"34228f9\" data-element_type=\"column\">\n\t\t\t<div class=\"elementor-widget-wrap elementor-element-populated\">\n\t\t\t\t\t\t<div class=\"elementor-element elementor-element-991c177 elementor-invisible elementor-widget elementor-widget-heading\" data-id=\"991c177\" data-element_type=\"widget\" data-settings=\"{&quot;_animation&quot;:&quot;fadeInLeft&quot;}\" data-widget_type=\"heading.default\">\n\t\t\t\t<div class=\"elementor-widget-container\">\n\t\t\t\t\t<h2 class=\"elementor-heading-title elementor-size-default\">Equipo Directivo y Secretar\u00eda<\/h2>\t\t\t\t<\/div>\n\t\t\t\t<\/div>\n\t\t\t\t<div class=\"elementor-element elementor-element-e7f6ac8 elementor-invisible elementor-widget elementor-widget-heading\" data-id=\"e7f6ac8\" data-element_type=\"widget\" data-settings=\"{&quot;_animation&quot;:&quot;fadeInLeft&quot;}\" data-widget_type=\"heading.default\">\n\t\t\t\t<div class=\"elementor-widget-container\">\n\t\t\t\t\t<h6 class=\"elementor-heading-title elementor-size-default\">EQUIPO DIRECTIVO:<\/h6>\t\t\t\t<\/div>\n\t\t\t\t<\/div>\n\t\t\t\t<div class=\"elementor-element elementor-element-3e9abf3 elementor-invisible elementor-widget elementor-widget-text-editor\" data-id=\"3e9abf3\" data-element_type=\"widget\" data-settings=\"{&quot;_animation&quot;:&quot;fadeInLeft&quot;}\" data-widget_type=\"text-editor.default\">\n\t\t\t\t<div class=\"elementor-widget-container\">\n\t\t\t\t\t\t\t\t\t<ul><li><strong>Director<\/strong>: Prof. Dr. D. Guillermo Cerdeira Bravo de Mansilla<\/li><li><strong>Secretario<\/strong>: Prof. Dr. D. Fernando Moreno Mozo<\/li><\/ul>\t\t\t\t\t\t\t\t<\/div>\n\t\t\t\t<\/div>\n\t\t\t\t<div class=\"elementor-element elementor-element-f4080c1 elementor-invisible elementor-widget elementor-widget-heading\" data-id=\"f4080c1\" data-element_type=\"widget\" data-settings=\"{&quot;_animation&quot;:&quot;fadeInLeft&quot;}\" data-widget_type=\"heading.default\">\n\t\t\t\t<div class=\"elementor-widget-container\">\n\t\t\t\t\t<h6 class=\"elementor-heading-title elementor-size-default\">PERSONAL DE GESTI\u00d3N (Secretar\u00eda):<\/h6>\t\t\t\t<\/div>\n\t\t\t\t<\/div>\n\t\t\t\t<div class=\"elementor-element elementor-element-450e9ed elementor-invisible elementor-widget elementor-widget-text-editor\" data-id=\"450e9ed\" data-element_type=\"widget\" data-settings=\"{&quot;_animation&quot;:&quot;fadeInLeft&quot;}\" data-widget_type=\"text-editor.default\">\n\t\t\t\t<div class=\"elementor-widget-container\">\n\t\t\t\t\t\t\t\t\t<ul><li><strong>Administrativo:<\/strong> Fern\u00e1ndez Nieto, Miguel \u00c1ngel<br \/><strong>Tel\u00e9fono<\/strong>: <a href=\"tel:954551275\">954551275<\/a><br \/><strong>E-mail<\/strong>: <span id=\"cloake4ed0310a03368fdd274c09ea2114ffe\"><a href=\"mailto:secretcivil@us.es\">secretcivil@us.es<\/a><\/span><\/li><\/ul><ul><li><strong>Gestora Departamento:<\/strong> Toledo Pav\u00f3n, Pilar<br \/><strong>Tel\u00e9fono<\/strong>: <a href=\"tel:954557324\">954557324<\/a><br \/><strong>E-mail<\/strong>: <span id=\"cloak2e67275b62f73b95eff6f58bf6e928a0\"><a href=\"mailto:secretcivil@us.es\">secretcivil@us.es<\/a><\/span><\/li><\/ul>\t\t\t\t\t\t\t\t<\/div>\n\t\t\t\t<\/div>\n\t\t\t\t\t<\/div>\n\t\t<\/div>\n\t\t\t\t<div class=\"elementor-column elementor-col-50 elementor-top-column elementor-element elementor-element-835b999\" data-id=\"835b999\" data-element_type=\"column\">\n\t\t\t<div class=\"elementor-widget-wrap elementor-element-populated\">\n\t\t\t\t\t\t<div class=\"elementor-element elementor-element-9611770 elementor-invisible elementor-widget elementor-widget-heading\" data-id=\"9611770\" data-element_type=\"widget\" data-settings=\"{&quot;_animation&quot;:&quot;fadeInRight&quot;}\" data-widget_type=\"heading.default\">\n\t\t\t\t<div class=\"elementor-widget-container\">\n\t\t\t\t\t<h2 class=\"elementor-heading-title elementor-size-default\">Contacto<\/h2>\t\t\t\t<\/div>\n\t\t\t\t<\/div>\n\t\t\t\t<div class=\"elementor-element elementor-element-421d1a4 elementor-invisible elementor-widget elementor-widget-text-editor\" data-id=\"421d1a4\" data-element_type=\"widget\" data-settings=\"{&quot;_animation&quot;:&quot;fadeInRight&quot;}\" data-widget_type=\"text-editor.default\">\n\t\t\t\t<div class=\"elementor-widget-container\">\n\t\t\t\t\t\t\t\t\t<h6><strong>HORARIO DE ATENCI\u00d3N ADMINISTRATIVA:<\/strong><\/h6><p>LUNES A VIERNES DE 11:30 H. A 14:00 H.<\/p><p>Para poder ser atendidos en otro horario, deben contactar previamente con Secretar\u00eda.<\/p><h6><strong>ATENCION ADMINISTRATIVA EN HORARIO DE TARDE:<\/strong><\/h6><p>Se realizar\u00e1 de manera telem\u00e1tica, a trav\u00e9s del correo electr\u00f3nico de la Secretar\u00eda del Departamento, los martes de cada semana en horario de 16 a 19:00<\/p><h6><strong>Cualquier cambio de horario o de d\u00eda se publicar\u00e1 en esta misma p\u00e1gina<\/strong><\/h6>\t\t\t\t\t\t\t\t<\/div>\n\t\t\t\t<\/div>\n\t\t\t\t\t<\/div>\n\t\t<\/div>\n\t\t\t\t\t<\/div>\n\t\t<\/section>\n\t\t\t\t<section class=\"elementor-section elementor-top-section elementor-element elementor-element-b65d87a elementor-section-stretched elementor-section-boxed elementor-section-height-default elementor-section-height-default\" data-id=\"b65d87a\" data-element_type=\"section\" data-settings=\"{&quot;stretch_section&quot;:&quot;section-stretched&quot;,&quot;background_background&quot;:&quot;classic&quot;,&quot;shape_divider_top&quot;:&quot;opacity-fan&quot;}\">\n\t\t\t\t\t<div class=\"elementor-shape elementor-shape-top\" aria-hidden=\"true\" data-negative=\"false\">\n\t\t\t<svg xmlns=\"http:\/\/www.w3.org\/2000\/svg\" viewBox=\"0 0 283.5 19.6\" preserveAspectRatio=\"none\">\n\t<path class=\"elementor-shape-fill\" style=\"opacity:0.33\" d=\"M0 0L0 18.8 141.8 4.1 283.5 18.8 283.5 0z\"\/>\n\t<path class=\"elementor-shape-fill\" style=\"opacity:0.33\" d=\"M0 0L0 12.6 141.8 4 283.5 12.6 283.5 0z\"\/>\n\t<path class=\"elementor-shape-fill\" style=\"opacity:0.33\" d=\"M0 0L0 6.4 141.8 4 283.5 6.4 283.5 0z\"\/>\n\t<path class=\"elementor-shape-fill\" d=\"M0 0L0 1.2 141.8 4 283.5 1.2 283.5 0z\"\/>\n<\/svg>\t\t<\/div>\n\t\t\t\t\t<div class=\"elementor-container elementor-column-gap-default\">\n\t\t\t\t\t<div class=\"elementor-column elementor-col-100 elementor-top-column elementor-element elementor-element-281c396\" data-id=\"281c396\" data-element_type=\"column\">\n\t\t\t<div class=\"elementor-widget-wrap elementor-element-populated\">\n\t\t\t\t\t\t<div class=\"elementor-element elementor-element-c756a76 elementor-invisible elementor-widget elementor-widget-heading\" data-id=\"c756a76\" data-element_type=\"widget\" data-settings=\"{&quot;_animation&quot;:&quot;fadeInLeft&quot;}\" data-widget_type=\"heading.default\">\n\t\t\t\t<div class=\"elementor-widget-container\">\n\t\t\t\t\t<h2 class=\"elementor-heading-title elementor-size-default\">\u00bf D\u00f3nde estamos ?<\/h2>\t\t\t\t<\/div>\n\t\t\t\t<\/div>\n\t\t\t\t<div class=\"elementor-element elementor-element-1b81a2b elementor-icon-list--layout-inline elementor-list-item-link-full_width elementor-invisible elementor-widget elementor-widget-icon-list\" data-id=\"1b81a2b\" data-element_type=\"widget\" data-settings=\"{&quot;_animation&quot;:&quot;fadeInLeft&quot;}\" data-widget_type=\"icon-list.default\">\n\t\t\t\t<div class=\"elementor-widget-container\">\n\t\t\t\t\t\t\t<ul class=\"elementor-icon-list-items elementor-inline-items\">\n\t\t\t\t\t\t\t<li class=\"elementor-icon-list-item elementor-inline-item\">\n\t\t\t\t\t\t\t\t\t\t\t<span class=\"elementor-icon-list-icon\">\n\t\t\t\t\t\t\t<i aria-hidden=\"true\" class=\"fas fa-user-graduate\"><\/i>\t\t\t\t\t\t<\/span>\n\t\t\t\t\t\t\t\t\t\t<span class=\"elementor-icon-list-text\">Departamento Derecho Civil e Internacional Privado<\/span>\n\t\t\t\t\t\t\t\t\t<\/li>\n\t\t\t\t\t\t\t\t<li class=\"elementor-icon-list-item elementor-inline-item\">\n\t\t\t\t\t\t\t\t\t\t\t<span class=\"elementor-icon-list-icon\">\n\t\t\t\t\t\t\t<i aria-hidden=\"true\" class=\"fas fa-university\"><\/i>\t\t\t\t\t\t<\/span>\n\t\t\t\t\t\t\t\t\t\t<span class=\"elementor-icon-list-text\">Facultad de Derecho<\/span>\n\t\t\t\t\t\t\t\t\t<\/li>\n\t\t\t\t\t\t\t\t<li class=\"elementor-icon-list-item elementor-inline-item\">\n\t\t\t\t\t\t\t\t\t\t\t<span class=\"elementor-icon-list-icon\">\n\t\t\t\t\t\t\t<i aria-hidden=\"true\" class=\"fas fa-map-marker-alt\"><\/i>\t\t\t\t\t\t<\/span>\n\t\t\t\t\t\t\t\t\t\t<span class=\"elementor-icon-list-text\">C\/Enramadilla, 18 \/ 41018 - Sevilla<\/span>\n\t\t\t\t\t\t\t\t\t<\/li>\n\t\t\t\t\t\t<\/ul>\n\t\t\t\t\t\t<\/div>\n\t\t\t\t<\/div>\n\t\t\t\t\t<\/div>\n\t\t<\/div>\n\t\t\t\t\t<\/div>\n\t\t<\/section>\n\t\t\t\t<section class=\"elementor-section elementor-top-section elementor-element elementor-element-7d04899 elementor-section-full_width elementor-section-stretched elementor-section-height-default elementor-section-height-default\" data-id=\"7d04899\" data-element_type=\"section\" data-settings=\"{&quot;stretch_section&quot;:&quot;section-stretched&quot;,&quot;background_background&quot;:&quot;classic&quot;}\">\n\t\t\t\t\t\t<div class=\"elementor-container elementor-column-gap-default\">\n\t\t\t\t\t<div class=\"elementor-column elementor-col-100 elementor-top-column elementor-element elementor-element-fd75aed\" data-id=\"fd75aed\" data-element_type=\"column\">\n\t\t\t<div class=\"elementor-widget-wrap elementor-element-populated\">\n\t\t\t\t\t\t<div class=\"elementor-element elementor-element-b883544 elementor-invisible elementor-widget elementor-widget-google_maps\" data-id=\"b883544\" data-element_type=\"widget\" data-settings=\"{&quot;_animation&quot;:&quot;fadeInLeft&quot;}\" data-widget_type=\"google_maps.default\">\n\t\t\t\t<div class=\"elementor-widget-container\">\n\t\t\t\t\t\t\t<div class=\"elementor-custom-embed\">\n\t\t\t<iframe loading=\"lazy\"\n\t\t\t\t\tsrc=\"https:\/\/maps.google.com\/maps?q=Facultad%20de%20derecho%20universidad%20de%20sevilla&#038;t=m&#038;z=14&#038;output=embed&#038;iwloc=near\"\n\t\t\t\t\ttitle=\"Facultad de derecho universidad de sevilla\"\n\t\t\t\t\taria-label=\"Facultad de derecho universidad de sevilla\"\n\t\t\t><\/iframe>\n\t\t<\/div>\n\t\t\t\t\t\t<\/div>\n\t\t\t\t<\/div>\n\t\t\t\t\t<\/div>\n\t\t<\/div>\n\t\t\t\t\t<\/div>\n\t\t<\/section>\n\t\t\t\t<\/div>\n\t\t","protected":false},"excerpt":{"rendered":"<p>Equipo Directivo y Secretar\u00eda EQUIPO DIRECTIVO: Director: Prof. Dr. D. Guillermo Cerdeira Bravo de Mansilla Secretario: Prof. Dr. D. Fernando<\/p>\n","protected":false},"author":3,"featured_media":0,"parent":0,"menu_order":0,"comment_status":"closed","ping_status":"closed","template":"","meta":{"colormag_page_container_layout":"default_layout","colormag_page_sidebar_layout":"default_layout","footnotes":""},"class_list":["post-2267","page","type-page","status-publish","hentry"],"yoast_head":"<!-- This site is optimized with the Yoast SEO plugin v27.3 - https:\/\/yoast.com\/product\/yoast-seo-wordpress\/ -->\n<title>El Departamento - DERECHO CIVIL Y DERECHO INTERNACIONAL PRIVADO<\/title>\n<meta name=\"robots\" content=\"index, follow, max-snippet:-1, max-image-preview:large, max-video-preview:-1\" \/>\n<link rel=\"canonical\" href=\"https:\/\/departamento.us.es\/dcip\/el-departamento\/\" \/>\n<meta property=\"og:locale\" content=\"es_ES\" \/>\n<meta property=\"og:type\" content=\"article\" \/>\n<meta property=\"og:title\" content=\"El Departamento - DERECHO CIVIL Y DERECHO INTERNACIONAL PRIVADO\" \/>\n<meta property=\"og:description\" content=\"Equipo Directivo y Secretar\u00eda EQUIPO DIRECTIVO: Director: Prof. Dr. D. Guillermo Cerdeira Bravo de Mansilla Secretario: Prof. Dr. D. Fernando\" \/>\n<meta property=\"og:url\" content=\"https:\/\/departamento.us.es\/dcip\/el-departamento\/\" \/>\n<meta property=\"og:site_name\" content=\"DERECHO CIVIL Y DERECHO INTERNACIONAL PRIVADO\" \/>\n<meta property=\"article:modified_time\" content=\"2025-05-14T06:55:14+00:00\" \/>\n<meta name=\"twitter:card\" content=\"summary_large_image\" \/>\n<meta name=\"twitter:label1\" content=\"Tiempo de lectura\" \/>\n\t<meta name=\"twitter:data1\" content=\"1 minuto\" \/>\n<script type=\"application\/ld+json\" class=\"yoast-schema-graph\">{\"@context\":\"https:\\\/\\\/schema.org\",\"@graph\":[{\"@type\":\"WebPage\",\"@id\":\"https:\\\/\\\/departamento.us.es\\\/dcip\\\/el-departamento\\\/\",\"url\":\"https:\\\/\\\/departamento.us.es\\\/dcip\\\/el-departamento\\\/\",\"name\":\"El Departamento - DERECHO CIVIL Y DERECHO INTERNACIONAL PRIVADO\",\"isPartOf\":{\"@id\":\"https:\\\/\\\/departamento.us.es\\\/dcip\\\/#website\"},\"datePublished\":\"2023-03-15T09:19:39+00:00\",\"dateModified\":\"2025-05-14T06:55:14+00:00\",\"breadcrumb\":{\"@id\":\"https:\\\/\\\/departamento.us.es\\\/dcip\\\/el-departamento\\\/#breadcrumb\"},\"inLanguage\":\"es\",\"potentialAction\":[{\"@type\":\"ReadAction\",\"target\":[\"https:\\\/\\\/departamento.us.es\\\/dcip\\\/el-departamento\\\/\"]}]},{\"@type\":\"BreadcrumbList\",\"@id\":\"https:\\\/\\\/departamento.us.es\\\/dcip\\\/el-departamento\\\/#breadcrumb\",\"itemListElement\":[{\"@type\":\"ListItem\",\"position\":1,\"name\":\"Inicio\",\"item\":\"https:\\\/\\\/departamento.us.es\\\/dcip\\\/\"},{\"@type\":\"ListItem\",\"position\":2,\"name\":\"El Departamento\"}]},{\"@type\":\"WebSite\",\"@id\":\"https:\\\/\\\/departamento.us.es\\\/dcip\\\/#website\",\"url\":\"https:\\\/\\\/departamento.us.es\\\/dcip\\\/\",\"name\":\"DERECHO CIVIL Y DERECHO INTERNACIONAL PRIVADO\",\"description\":\"Universidad de Sevilla\",\"publisher\":{\"@id\":\"https:\\\/\\\/departamento.us.es\\\/dcip\\\/#organization\"},\"potentialAction\":[{\"@type\":\"SearchAction\",\"target\":{\"@type\":\"EntryPoint\",\"urlTemplate\":\"https:\\\/\\\/departamento.us.es\\\/dcip\\\/?s={search_term_string}\"},\"query-input\":{\"@type\":\"PropertyValueSpecification\",\"valueRequired\":true,\"valueName\":\"search_term_string\"}}],\"inLanguage\":\"es\"},{\"@type\":\"Organization\",\"@id\":\"https:\\\/\\\/departamento.us.es\\\/dcip\\\/#organization\",\"name\":\"DERECHO CIVIL Y DERECHO INTERNACIONAL PRIVADO\",\"url\":\"https:\\\/\\\/departamento.us.es\\\/dcip\\\/\",\"logo\":{\"@type\":\"ImageObject\",\"inLanguage\":\"es\",\"@id\":\"https:\\\/\\\/departamento.us.es\\\/dcip\\\/#\\\/schema\\\/logo\\\/image\\\/\",\"url\":\"https:\\\/\\\/departamento.us.es\\\/dcip\\\/wp-content\\\/uploads\\\/2022\\\/03\\\/US-marca-digital-cuadrada-200.png\",\"contentUrl\":\"https:\\\/\\\/departamento.us.es\\\/dcip\\\/wp-content\\\/uploads\\\/2022\\\/03\\\/US-marca-digital-cuadrada-200.png\",\"width\":200,\"height\":205,\"caption\":\"DERECHO CIVIL Y DERECHO INTERNACIONAL PRIVADO\"},\"image\":{\"@id\":\"https:\\\/\\\/departamento.us.es\\\/dcip\\\/#\\\/schema\\\/logo\\\/image\\\/\"}}]}<\/script>\n<!-- \/ Yoast SEO plugin. -->","yoast_head_json":{"title":"El Departamento - DERECHO CIVIL Y DERECHO INTERNACIONAL PRIVADO","robots":{"index":"index","follow":"follow","max-snippet":"max-snippet:-1","max-image-preview":"max-image-preview:large","max-video-preview":"max-video-preview:-1"},"canonical":"https:\/\/departamento.us.es\/dcip\/el-departamento\/","og_locale":"es_ES","og_type":"article","og_title":"El Departamento - DERECHO CIVIL Y DERECHO INTERNACIONAL PRIVADO","og_description":"Equipo Directivo y Secretar\u00eda EQUIPO DIRECTIVO: Director: Prof. Dr. D. Guillermo Cerdeira Bravo de Mansilla Secretario: Prof. Dr. D. Fernando","og_url":"https:\/\/departamento.us.es\/dcip\/el-departamento\/","og_site_name":"DERECHO CIVIL Y DERECHO INTERNACIONAL PRIVADO","article_modified_time":"2025-05-14T06:55:14+00:00","twitter_card":"summary_large_image","twitter_misc":{"Tiempo de lectura":"1 minuto"},"schema":{"@context":"https:\/\/schema.org","@graph":[{"@type":"WebPage","@id":"https:\/\/departamento.us.es\/dcip\/el-departamento\/","url":"https:\/\/departamento.us.es\/dcip\/el-departamento\/","name":"El Departamento - DERECHO CIVIL Y DERECHO INTERNACIONAL PRIVADO","isPartOf":{"@id":"https:\/\/departamento.us.es\/dcip\/#website"},"datePublished":"2023-03-15T09:19:39+00:00","dateModified":"2025-05-14T06:55:14+00:00","breadcrumb":{"@id":"https:\/\/departamento.us.es\/dcip\/el-departamento\/#breadcrumb"},"inLanguage":"es","potentialAction":[{"@type":"ReadAction","target":["https:\/\/departamento.us.es\/dcip\/el-departamento\/"]}]},{"@type":"BreadcrumbList","@id":"https:\/\/departamento.us.es\/dcip\/el-departamento\/#breadcrumb","itemListElement":[{"@type":"ListItem","position":1,"name":"Inicio","item":"https:\/\/departamento.us.es\/dcip\/"},{"@type":"ListItem","position":2,"name":"El Departamento"}]},{"@type":"WebSite","@id":"https:\/\/departamento.us.es\/dcip\/#website","url":"https:\/\/departamento.us.es\/dcip\/","name":"DERECHO CIVIL Y DERECHO INTERNACIONAL PRIVADO","description":"Universidad de Sevilla","publisher":{"@id":"https:\/\/departamento.us.es\/dcip\/#organization"},"potentialAction":[{"@type":"SearchAction","target":{"@type":"EntryPoint","urlTemplate":"https:\/\/departamento.us.es\/dcip\/?s={search_term_string}"},"query-input":{"@type":"PropertyValueSpecification","valueRequired":true,"valueName":"search_term_string"}}],"inLanguage":"es"},{"@type":"Organization","@id":"https:\/\/departamento.us.es\/dcip\/#organization","name":"DERECHO CIVIL Y DERECHO INTERNACIONAL PRIVADO","url":"https:\/\/departamento.us.es\/dcip\/","logo":{"@type":"ImageObject","inLanguage":"es","@id":"https:\/\/departamento.us.es\/dcip\/#\/schema\/logo\/image\/","url":"https:\/\/departamento.us.es\/dcip\/wp-content\/uploads\/2022\/03\/US-marca-digital-cuadrada-200.png","contentUrl":"https:\/\/departamento.us.es\/dcip\/wp-content\/uploads\/2022\/03\/US-marca-digital-cuadrada-200.png","width":200,"height":205,"caption":"DERECHO CIVIL Y DERECHO INTERNACIONAL PRIVADO"},"image":{"@id":"https:\/\/departamento.us.es\/dcip\/#\/schema\/logo\/image\/"}}]}},"_links":{"self":[{"href":"https:\/\/departamento.us.es\/dcip\/wp-json\/wp\/v2\/pages\/2267","targetHints":{"allow":["GET"]}}],"collection":[{"href":"https:\/\/departamento.us.es\/dcip\/wp-json\/wp\/v2\/pages"}],"about":[{"href":"https:\/\/departamento.us.es\/dcip\/wp-json\/wp\/v2\/types\/page"}],"author":[{"embeddable":true,"href":"https:\/\/departamento.us.es\/dcip\/wp-json\/wp\/v2\/users\/3"}],"replies":[{"embeddable":true,"href":"https:\/\/departamento.us.es\/dcip\/wp-json\/wp\/v2\/comments?post=2267"}],"version-history":[{"count":31,"href":"https:\/\/departamento.us.es\/dcip\/wp-json\/wp\/v2\/pages\/2267\/revisions"}],"predecessor-version":[{"id":4210,"href":"https:\/\/departamento.us.es\/dcip\/wp-json\/wp\/v2\/pages\/2267\/revisions\/4210"}],"wp:attachment":[{"href":"https:\/\/departamento.us.es\/dcip\/wp-json\/wp\/v2\/media?parent=2267"}],"curies":[{"name":"wp","href":"https:\/\/api.w.org\/{rel}","templated":true}]}}