{"id":60,"date":"2022-03-14T11:12:42","date_gmt":"2022-03-14T11:12:42","guid":{"rendered":"https:\/\/departamento.us.es\/dcip\/?page_id=60"},"modified":"2023-03-31T10:16:09","modified_gmt":"2023-03-31T10:16:09","slug":"tfg-tfm-practicas","status":"publish","type":"page","link":"https:\/\/departamento.us.es\/dcip\/tfg-tfm-practicas\/","title":{"rendered":"TFG\/TFM\/Pr\u00e1cticas"},"content":{"rendered":"\t\t<div data-elementor-type=\"wp-page\" data-elementor-id=\"60\" class=\"elementor elementor-60\" data-elementor-post-type=\"page\">\n\t\t\t\t\t\t<section class=\"elementor-section elementor-top-section elementor-element elementor-element-3c0cab1 elementor-section-full_width elementor-section-stretched elementor-section-height-default elementor-section-height-default\" data-id=\"3c0cab1\" data-element_type=\"section\" data-e-type=\"section\" data-settings=\"{&quot;stretch_section&quot;:&quot;section-stretched&quot;}\">\n\t\t\t\t\t\t<div class=\"elementor-container elementor-column-gap-default\">\n\t\t\t\t\t<div class=\"elementor-column elementor-col-100 elementor-top-column elementor-element elementor-element-3eb18cc\" data-id=\"3eb18cc\" data-element_type=\"column\" data-e-type=\"column\">\n\t\t\t<div class=\"elementor-widget-wrap elementor-element-populated\">\n\t\t\t\t\t\t<div class=\"elementor-element elementor-element-6c5f049 elementor-grid-3 elementor-grid-tablet-2 elementor-grid-mobile-1 elementor-widget elementor-widget-loop-grid\" data-id=\"6c5f049\" data-element_type=\"widget\" data-e-type=\"widget\" data-settings=\"{&quot;template_id&quot;:&quot;2879&quot;,&quot;_skin&quot;:&quot;post&quot;,&quot;columns&quot;:&quot;3&quot;,&quot;columns_tablet&quot;:&quot;2&quot;,&quot;columns_mobile&quot;:&quot;1&quot;,&quot;edit_handle_selector&quot;:&quot;[data-elementor-type=\\&quot;loop-item\\&quot;]&quot;,&quot;row_gap&quot;:{&quot;unit&quot;:&quot;px&quot;,&quot;size&quot;:&quot;&quot;,&quot;sizes&quot;:[]},&quot;row_gap_tablet&quot;:{&quot;unit&quot;:&quot;px&quot;,&quot;size&quot;:&quot;&quot;,&quot;sizes&quot;:[]},&quot;row_gap_mobile&quot;:{&quot;unit&quot;:&quot;px&quot;,&quot;size&quot;:&quot;&quot;,&quot;sizes&quot;:[]}}\" data-widget_type=\"loop-grid.post\">\n\t\t\t\t<div class=\"elementor-widget-container\">\n\t\t\t\t\t\t\t<div class=\"elementor-loop-container elementor-grid\" role=\"list\">\n\t\t<style id=\"loop-2879\">.elementor-2879 .elementor-element.elementor-element-2ba1d12{border-style:none;box-shadow:0px 0px 10px 0px rgba(0,0,0,0.5);}.elementor-2879 .elementor-element.elementor-element-2ba1d12, .elementor-2879 .elementor-element.elementor-element-2ba1d12 > .elementor-background-overlay{border-radius:10px 10px 10px 10px;}.elementor-widget-theme-post-title .elementor-heading-title{font-family:var( --e-global-typography-primary-font-family ), Sans-serif;font-weight:var( --e-global-typography-primary-font-weight );color:var( --e-global-color-primary );}.elementor-2879 .elementor-element.elementor-element-5d7bde7 > .elementor-widget-container{padding:5px 5px 5px 5px;border-style:solid;border-radius:10px 10px 0px 0px;}.elementor-widget-theme-post-content{color:var( --e-global-color-text );font-family:var( --e-global-typography-text-font-family ), Sans-serif;font-size:var( --e-global-typography-text-font-size );font-weight:var( --e-global-typography-text-font-weight );}@media(max-width:1024px){.elementor-widget-theme-post-content{font-size:var( --e-global-typography-text-font-size );}}@media(max-width:767px){.elementor-widget-theme-post-content{font-size:var( --e-global-typography-text-font-size );}}<\/style>\t\t<div data-elementor-type=\"loop-item\" data-elementor-id=\"2879\" class=\"elementor elementor-2879 e-loop-item e-loop-item-2344 post-2344 post type-post status-publish format-standard hentry category-tfg-tfm-practicas\" data-elementor-post-type=\"elementor_library\" data-custom-edit-handle=\"1\">\n\t\t\t\t\t<section class=\"elementor-section elementor-top-section elementor-element elementor-element-2ba1d12 elementor-section-boxed elementor-section-height-default elementor-section-height-default\" data-id=\"2ba1d12\" data-element_type=\"section\" data-e-type=\"section\">\n\t\t\t\t\t\t<div class=\"elementor-container elementor-column-gap-default\">\n\t\t\t\t\t<div class=\"elementor-column elementor-col-100 elementor-top-column elementor-element elementor-element-247a80f\" data-id=\"247a80f\" data-element_type=\"column\" data-e-type=\"column\">\n\t\t\t<div class=\"elementor-widget-wrap elementor-element-populated\">\n\t\t\t\t\t\t<div class=\"elementor-element elementor-element-5d7bde7 elementor-widget elementor-widget-theme-post-title elementor-page-title elementor-widget-heading\" data-id=\"5d7bde7\" data-element_type=\"widget\" data-e-type=\"widget\" data-widget_type=\"theme-post-title.default\">\n\t\t\t\t<div class=\"elementor-widget-container\">\n\t\t\t\t\t<h3 class=\"elementor-heading-title elementor-size-default\"><a href=\"https:\/\/departamento.us.es\/dcip\/trabajos-fin-de-grado\/\">Trabajos Fin de Grado<\/a><\/h3>\t\t\t\t<\/div>\n\t\t\t\t<\/div>\n\t\t\t\t<div class=\"elementor-element elementor-element-013d7fe elementor-widget elementor-widget-theme-post-content\" data-id=\"013d7fe\" data-element_type=\"widget\" data-e-type=\"widget\" data-widget_type=\"theme-post-content.default\">\n\t\t\t\t<div class=\"elementor-widget-container\">\n\t\t\t\t\t<p style=\"text-align: center;\"><span style=\"font-size: 18pt;\"><strong>Curso 2025\/2026<\/strong><\/span><\/p>\n<table style=\"width: 100%; height: 393px;\">\n<tbody>\n<tr style=\"height: 103px;\">\n<td style=\"height: 103px;\">\n<p style=\"text-align: left;\"><strong>\u00a0 \u00a0 \u00a0 \u00a0 \u00a0 \u00a0 \u00a0 \u00a0 \u00a0 \u00a0 \u00a0 \u00a0 \u00a0 \u00a0 \u00a0 \u00a0 \u00a0 \u00a0 \u00a0 \u00a0 \u00a0 \u00a0 \u00a0 \u00a0 \u00a0 \u00a0 \u00a0 \u00a0 \u00a0 \u00a0 \u00a0 \u00a0 \u00a0 \u00a0 \u00a0 \u00a0 \u00a0 \u00a0 \u00a0 \u00a0 \u00a0 \u00a0 \u00a0 \u00a0 \u00a0 \u00a0 \u00a0 \u00a0 \u00a0 \u00a0 \u00a0 \u00a0 \u00a0 \u00a0 \u00a0 \u00a0 \u00a0 \u00a0 \u00a0 \u00a0 \u00a0 \u00a0 \u00a0 \u00a0 \u00a0 DERECHO CIVIL<\/strong><\/p>\n<ul>\n<li style=\"list-style-type: none;\">\n<ul>\n<li style=\"list-style-type: none;\">\n<ul>\n<li style=\"list-style-type: none;\">\n<ul>\n<li style=\"text-align: left;\"><a href=\"https:\/\/departamento.us.es\/dcip\/wp-content\/uploads\/2025\/10\/Pautas-generales-TFG-y-Calendario-convocatorias.pdf\" target=\"_blank\" rel=\"noopener\"><strong>PAUTAS GENERALES<\/strong><\/a><\/li>\n<li style=\"text-align: left;\"><a href=\"https:\/\/departamento.us.es\/dcip\/wp-content\/uploads\/2025\/10\/Procedimiento-de-deposito-y-evaluacion-del-TFG.pdf\" target=\"_blank\" rel=\"noopener\"><strong>PROCEDIMIENTO DE DEP\u00d3SITO Y EVALUACI\u00d3N DE TFG<\/strong><\/a><\/li>\n<li style=\"text-align: left;\"><a href=\"https:\/\/derecho.us.es\/sites\/derecho\/files\/secretaria\/Normativa%20TFG.pdf\" target=\"_blank\" rel=\"noopener\"><strong>NORMATIVA SOBRE TRABAJOS FIN DE GRADO DE LA FACULTAD DE DERECHO<\/strong><\/a><\/li>\n<li style=\"text-align: left;\"><a href=\"https:\/\/departamento.us.es\/dcip\/wp-content\/uploads\/2026\/03\/TUTOTFGcIVIL25_26e.pdf\" target=\"_blank\" rel=\"noopener\"><strong>ASIGNACI\u00d3N TUTORES TFG &#8211; \u00c1REA CIVIL &#8211; CURSO 2025\/2026 actualizado a 11\/3\/2026<\/strong><\/a><\/li>\n<\/ul>\n<\/li>\n<\/ul>\n<\/li>\n<\/ul>\n<\/li>\n<\/ul>\n<\/td>\n<\/tr>\n<tr style=\"height: 171px;\">\n<td style=\"height: 171px;\" align=\"center\"><strong>FACULTAD CIENCIAS DEL TRABAJO<\/strong><\/p>\n<p>&nbsp;<\/p>\n<ul style=\"list-style-type: square;\">\n<li style=\"text-align: left;\"><a href=\"https:\/\/departamento.us.es\/dcip\/wp-content\/uploads\/2026\/02\/tutotfgCCT25_26.pdf\" target=\"_blank\" rel=\"noopener\"><strong>\u00a0ASIGNACI\u00d3N TUTORES TFG &#8211; <\/strong><strong>curso 2025\/2026, actualizado 16\/02\/2025<\/strong><\/a><\/li>\n<\/ul>\n<\/td>\n<\/tr>\n<tr style=\"height: 119px;\">\n<td style=\"height: 119px;\" align=\"center\">\u00a0<strong>DERECHO INTERNACIONAL PRIVADO<\/strong><\/p>\n<ul>\n<li style=\"text-align: left;\"><a href=\"https:\/\/departamento.us.es\/dcip\/wp-content\/uploads\/2025\/10\/DIRECTRICES-TFG.pdf\" target=\"_blank\" rel=\"noopener\"><strong>Directrices Generales TFG\u00a0 curso 2025\/2026 para el \u00c1rea de Derecho Internacional Privado<\/strong><\/a><\/li>\n<li style=\"text-align: left;\"><a href=\"https:\/\/departamento.us.es\/dcip\/wp-content\/uploads\/2026\/02\/tfgtutoInter25_26.pdf\" target=\"_blank\" rel=\"noopener\"><strong>Asignaci\u00f3n Tutores TFG curso 2025\/2026, actualizado a 06\/02\/26<\/strong><\/a><\/li>\n<\/ul>\n<\/td>\n<\/tr>\n<\/tbody>\n<\/table>\n<p>&nbsp;<\/p>\n<p><strong>MODELOS DE IMPRESOS<\/strong><\/p>\n<ul>\n<li><a href=\"https:\/\/departamento.us.es\/dcip\/wp-content\/uploads\/2025\/07\/1.-Deposito-TFG.docx\" target=\"_blank\" rel=\"noopener\"><strong>Dep\u00f3sito de TFG<\/strong><\/a><\/li>\n<li><a href=\"https:\/\/departamento.us.es\/dcip\/wp-content\/uploads\/2025\/05\/declaracionresponsable.docx\" target=\"_blank\" rel=\"noopener\"><strong>Declaraci\u00f3n responsable de originalidad por el alumno de TFG<\/strong><\/a><\/li>\n<li><a href=\"https:\/\/departamento.us.es\/dcip\/wp-content\/uploads\/2024\/11\/Encomienda-al-Tutor-TFG.docx\" target=\"_blank\" rel=\"noopener\"><strong>Encomienda al Tutor de TFG<\/strong><\/a><\/li>\n<li><a href=\"https:\/\/departamento.us.es\/dcip\/wp-content\/uploads\/2024\/11\/Informe-Tutor-con-propuesta-de-calificacion.docx\" target=\"_blank\" rel=\"noopener\"><strong>Informe gen\u00e9rico del Tutor de TFG<\/strong><\/a><\/li>\n<li><a href=\"https:\/\/departamento.us.es\/dcip\/wp-content\/uploads\/2024\/11\/Informe-Tutor-con-reservas.docx\" target=\"_blank\" rel=\"noopener\"><strong>Informe con reservas del Tutor de TFG<\/strong><\/a><\/li>\n<li><a href=\"https:\/\/departamento.us.es\/dcip\/wp-content\/uploads\/2024\/11\/Acta-constitucion-Comision-Evaluadora.docx\" target=\"_blank\" rel=\"noopener\"><strong>Acta de constituci\u00f3n Comisi\u00f3n Evaluadora de TFG<\/strong><\/a><\/li>\n<li><a href=\"https:\/\/departamento.us.es\/dcip\/wp-content\/uploads\/2025\/10\/5.-Acta-de-calificacion-de-la-Comision-Evaluadora-TFG.pdf\" target=\"_blank\" rel=\"noopener\"><strong>Acta de calificaci\u00f3n de la Comisi\u00f3n Evaluadora de TFG<\/strong><\/a><\/li>\n<\/ul>\n\t\t\t\t<\/div>\n\t\t\t\t<\/div>\n\t\t\t\t\t<\/div>\n\t\t<\/div>\n\t\t\t\t\t<\/div>\n\t\t<\/section>\n\t\t\t\t<\/div>\n\t\t\t\t<div data-elementor-type=\"loop-item\" data-elementor-id=\"2879\" class=\"elementor elementor-2879 e-loop-item e-loop-item-2346 post-2346 post type-post status-publish format-standard hentry category-tfg-tfm-practicas\" data-elementor-post-type=\"elementor_library\" data-custom-edit-handle=\"1\">\n\t\t\t\t\t<section class=\"elementor-section elementor-top-section elementor-element elementor-element-2ba1d12 elementor-section-boxed elementor-section-height-default elementor-section-height-default\" data-id=\"2ba1d12\" data-element_type=\"section\" data-e-type=\"section\">\n\t\t\t\t\t\t<div class=\"elementor-container elementor-column-gap-default\">\n\t\t\t\t\t<div class=\"elementor-column elementor-col-100 elementor-top-column elementor-element elementor-element-247a80f\" data-id=\"247a80f\" data-element_type=\"column\" data-e-type=\"column\">\n\t\t\t<div class=\"elementor-widget-wrap elementor-element-populated\">\n\t\t\t\t\t\t<div class=\"elementor-element elementor-element-5d7bde7 elementor-widget elementor-widget-theme-post-title elementor-page-title elementor-widget-heading\" data-id=\"5d7bde7\" data-element_type=\"widget\" data-e-type=\"widget\" data-widget_type=\"theme-post-title.default\">\n\t\t\t\t<div class=\"elementor-widget-container\">\n\t\t\t\t\t<h3 class=\"elementor-heading-title elementor-size-default\"><a href=\"https:\/\/departamento.us.es\/dcip\/practicas-externas\/\">Pr\u00e1cticas Externas<\/a><\/h3>\t\t\t\t<\/div>\n\t\t\t\t<\/div>\n\t\t\t\t<div class=\"elementor-element elementor-element-013d7fe elementor-widget elementor-widget-theme-post-content\" data-id=\"013d7fe\" data-element_type=\"widget\" data-e-type=\"widget\" data-widget_type=\"theme-post-content.default\">\n\t\t\t\t<div class=\"elementor-widget-container\">\n\t\t\t\t\t<p><strong>Curso 2025\/2026\u00a0<\/strong><\/p>\n<ul>\n<li><a href=\"https:\/\/departamento.us.es\/dcip\/wp-content\/uploads\/2026\/02\/tutopractIntern25_26.pdf\" target=\"_blank\" rel=\"noopener\"><strong>LISTA DE ALUMNOS Y TUTORES DE PR\u00c1CTICAS EXTERNAS DEL \u00c1REA DE DERECHO INTERNACIONAL PRIVADO curso 2025\/2026. Actualizado 6\/2\/26<\/strong><\/a><\/li>\n<li><a href=\"https:\/\/departamento.us.es\/dcip\/wp-content\/uploads\/2026\/02\/tutopeCivil25_26.pdf\" target=\"_blank\" rel=\"noopener\"><strong>LISTA DE ALUMNOS Y TUTORES DE PR\u00c1CTICAS EXTERNAS DEL \u00c1REA DE DERECHO CIVIL curso 2025\/2026. Actualizado 11\/2\/26<\/strong><\/a><\/li>\n<li><a href=\"https:\/\/departamento.us.es\/dcip\/wp-content\/uploads\/2026\/01\/tutopeCCEEyEE25_26.pdf\" target=\"_blank\" rel=\"noopener\"><strong>LISTA DE ALUMNOS Y TUTORRES DE PR\u00c1CTICAS EXTERNAS DE LA FACULTAD DE CIENCIAS ECON\u00d3MICAS Y EMPRESARIALES curso 2025\/2026<\/strong><\/a><\/li>\n<\/ul>\n<p><strong>Curso 2025\/2026<\/strong><\/p>\n<ul>\n<li><a href=\"https:\/\/departamento.us.es\/dcip\/wp-content\/uploads\/2026\/02\/tutopracGyMasterCCT25_26.pdf\" target=\"_blank\" rel=\"noopener\"><strong>LISTA DE ALUMNOS Y TUTORES DE PR\u00c1CTICAS EXTERNAS DE LA FACULTAD DE CIENCIAS DEL TRABAJO curso 2025\/2026 actualizado a 12\/2\/26<\/strong><\/a><\/li>\n<\/ul>\n\t\t\t\t<\/div>\n\t\t\t\t<\/div>\n\t\t\t\t\t<\/div>\n\t\t<\/div>\n\t\t\t\t\t<\/div>\n\t\t<\/section>\n\t\t\t\t<\/div>\n\t\t\t\t<div data-elementor-type=\"loop-item\" data-elementor-id=\"2879\" class=\"elementor elementor-2879 e-loop-item e-loop-item-2348 post-2348 post type-post status-publish format-standard hentry category-tfg-tfm-practicas\" data-elementor-post-type=\"elementor_library\" data-custom-edit-handle=\"1\">\n\t\t\t\t\t<section class=\"elementor-section elementor-top-section elementor-element elementor-element-2ba1d12 elementor-section-boxed elementor-section-height-default elementor-section-height-default\" data-id=\"2ba1d12\" data-element_type=\"section\" data-e-type=\"section\">\n\t\t\t\t\t\t<div class=\"elementor-container elementor-column-gap-default\">\n\t\t\t\t\t<div class=\"elementor-column elementor-col-100 elementor-top-column elementor-element elementor-element-247a80f\" data-id=\"247a80f\" data-element_type=\"column\" data-e-type=\"column\">\n\t\t\t<div class=\"elementor-widget-wrap elementor-element-populated\">\n\t\t\t\t\t\t<div class=\"elementor-element elementor-element-5d7bde7 elementor-widget elementor-widget-theme-post-title elementor-page-title elementor-widget-heading\" data-id=\"5d7bde7\" data-element_type=\"widget\" data-e-type=\"widget\" data-widget_type=\"theme-post-title.default\">\n\t\t\t\t<div class=\"elementor-widget-container\">\n\t\t\t\t\t<h3 class=\"elementor-heading-title elementor-size-default\"><a href=\"https:\/\/departamento.us.es\/dcip\/trabajos-fin-master-y-pe-master\/\">Trabajos Fin M\u00e1ster y PE M\u00e1ster<\/a><\/h3>\t\t\t\t<\/div>\n\t\t\t\t<\/div>\n\t\t\t\t<div class=\"elementor-element elementor-element-013d7fe elementor-widget elementor-widget-theme-post-content\" data-id=\"013d7fe\" data-element_type=\"widget\" data-e-type=\"widget\" data-widget_type=\"theme-post-content.default\">\n\t\t\t\t<div class=\"elementor-widget-container\">\n\t\t\t\t\t<p style=\"text-align: center;\"><strong>ASIGNACI\u00d3N DE TUTORES PARA TRABAJO FIN DE M\u00c1STER Y PR\u00c1CTICAS EXTERNAS DE M\u00c1STER<\/strong><\/p>\n<table style=\"width: 84.731%;\">\n<thead>\n<tr>\n<td style=\"width: 100%;\"><strong><span style=\"color: #ffffff;\">SSDSDSD\/DSDSDD<\/span><\/strong><\/td>\n<\/tr>\n<\/thead>\n<tbody>\n<tr>\n<td style=\"width: 100%;\">\n<ul>\n<li><a href=\"https:\/\/departamento.us.es\/dcip\/wp-content\/uploads\/2024\/02\/criteriostutoTFMyPRACivil23_24.pdf\" target=\"_blank\" rel=\"noopener\"><strong>CRITERIOS PARA LA ASIGNACI\u00d3N DE TUTOR DE TFM Y DE PR\u00c1CTICAS EXTERNAS DEL M\u00c1STER EN RELACIONES JURIDICO-PRIVADAS<\/strong><\/a><\/li>\n<\/ul>\n<\/td>\n<\/tr>\n<tr>\n<td style=\"width: 100%;\">\n<ul>\n<li><a href=\"https:\/\/departamento.us.es\/dcip\/wp-content\/uploads\/2023\/10\/directricesTFMinternacional23_24.pdf\" target=\"_blank\" rel=\"noopener\"><strong>DIRECTRICES GENERALES PARA LA ELABORACI\u00d3N DEL TFM DEL \u00c1REA DE DERECHO INTERNACIONAL PRIVADO<\/strong><\/a><\/li>\n<\/ul>\n<\/td>\n<\/tr>\n<tr>\n<td style=\"width: 100%;\">\n<ul>\n<li><a href=\"https:\/\/departamento.us.es\/dcip\/wp-content\/uploads\/2025\/07\/tutotfmypracABOcivil25_26.pdf\" target=\"_blank\" rel=\"noopener\"><strong>DERECHO CIVIL: Tutores M\u00e1ster y doble M\u00e1ster ABOGAC\u00cdA PEXT y TFM 2025\/2026\u00a0<\/strong><\/a><\/li>\n<\/ul>\n<\/td>\n<\/tr>\n<tr>\n<td style=\"width: 100%;\">\n<ul>\n<li><a href=\"https:\/\/departamento.us.es\/dcip\/wp-content\/uploads\/2026\/02\/tutomasterInter25_26.pdf\" target=\"_blank\" rel=\"noopener\"><strong>DERECHO INTERNACIONAL PRIVADO: Tutores M\u00e1ster y doble M\u00e1ster ABOGAC\u00cdA PEXT Y TFM 2025\/2026, actualizado 10\/02\/26<\/strong><\/a><\/li>\n<li><a href=\"https:\/\/departamento.us.es\/dcip\/wp-content\/uploads\/2025\/06\/tutotfmypracABOinter25_26.pdf\" target=\"_blank\" rel=\"noopener\"><strong>DERECHO INTERNACIONAL PRIVADO: Tutores M\u00e1ster y doble M\u00e1ster ABOGAC\u00cdA PEXT Y TFM 2025\/2026<\/strong><\/a><\/li>\n<\/ul>\n<\/td>\n<\/tr>\n<tr>\n<td style=\"width: 100%;\">\n<ul>\n<li><a href=\"https:\/\/departamento.us.es\/dcip\/wp-content\/uploads\/2026\/03\/tutoTFMCivil25_26g.pdf\" target=\"_blank\" rel=\"noopener\"><strong>DERECHO CIVIL: Tutores M\u00e1ster y doble M\u00e1ster TFM 2025\/2026. actualizado 17\/03\/26<\/strong><\/a><\/li>\n<\/ul>\n<\/td>\n<\/tr>\n<tr>\n<td style=\"width: 100%;\">\n<ul>\n<li><a href=\"https:\/\/departamento.us.es\/dcip\/wp-content\/uploads\/2026\/03\/tutopracmasterCivil25_26.pdf\" target=\"_blank\" rel=\"noopener\"><strong>DERECHO CIVIL: Tutores Pr\u00e1cticas de M\u00e1ster 2025\/2026, actualizado 17\/03\/26<\/strong><\/a><\/li>\n<\/ul>\n<\/td>\n<\/tr>\n<tr>\n<td style=\"width: 100%;\">\n<ul>\n<li><a href=\"https:\/\/departamento.us.es\/dcip\/wp-content\/uploads\/2025\/10\/3-Asignacion-Practicas-Externas-Master-Curso-2025-2026-2a-Version-1.pdf\" target=\"_blank\" rel=\"noopener\"><strong>DERECHO INTERNACIONAL PRIVADO: Tutores M\u00e1ster y doble M\u00e1ster PEXT Y TFM 2025\/2026, actualizado 14\/10\/25<\/strong><\/a><\/li>\n<\/ul>\n<\/td>\n<\/tr>\n<tr>\n<td style=\"width: 100%;\">\n<ul>\n<li><a href=\"https:\/\/departamento.us.es\/dcip\/wp-content\/uploads\/2026\/02\/tutotfmCCT25_26.pdf\" target=\"_blank\" rel=\"noopener\"><strong>DERECHO CIVIL: Tutores TFM M\u00e1ster en Consultor\u00eda Laboral Facultad de Ciencias del Trabajo<\/strong>\u00a0<strong>2025\/2026<\/strong><\/a><\/li>\n<\/ul>\n<\/td>\n<\/tr>\n<tr>\n<td style=\"width: 100%;\">\n<ul>\n<li><a href=\"https:\/\/departamento.us.es\/dcip\/wp-content\/uploads\/2026\/02\/tutopracGyMasterCCT25_26.pdf\" target=\"_blank\" rel=\"noopener\"><strong>DERECHO CIVIL: Tutores PEXT M\u00e1ster en Consultor\u00eda Laboral Facultad de Ciencias del Trabajo\u00a0 2025\/2026<\/strong><\/a><\/li>\n<\/ul>\n<\/td>\n<\/tr>\n<\/tbody>\n<\/table>\n<p>&nbsp;<\/p>\n<p>&nbsp;<\/p>\n\t\t\t\t<\/div>\n\t\t\t\t<\/div>\n\t\t\t\t\t<\/div>\n\t\t<\/div>\n\t\t\t\t\t<\/div>\n\t\t<\/section>\n\t\t\t\t<\/div>\n\t\t\t\t<\/div>\n\t\t\n\t\t\t\t\t\t<\/div>\n\t\t\t\t<\/div>\n\t\t\t\t\t<\/div>\n\t\t<\/div>\n\t\t\t\t\t<\/div>\n\t\t<\/section>\n\t\t\t\t<\/div>\n\t\t","protected":false},"excerpt":{"rendered":"","protected":false},"author":1,"featured_media":0,"parent":0,"menu_order":0,"comment_status":"closed","ping_status":"closed","template":"","meta":{"footnotes":""},"class_list":["post-60","page","type-page","status-publish","hentry"],"yoast_head":"<!-- This site is optimized with the Yoast SEO plugin v27.5 - https:\/\/yoast.com\/product\/yoast-seo-wordpress\/ -->\n<title>TFG\/TFM\/Pr\u00e1cticas - DERECHO CIVIL Y DERECHO INTERNACIONAL PRIVADO<\/title>\n<meta name=\"robots\" content=\"index, follow, max-snippet:-1, max-image-preview:large, max-video-preview:-1\" \/>\n<link rel=\"canonical\" href=\"https:\/\/departamento.us.es\/dcip\/tfg-tfm-practicas\/\" \/>\n<meta property=\"og:locale\" content=\"es_ES\" \/>\n<meta property=\"og:type\" content=\"article\" \/>\n<meta property=\"og:title\" content=\"TFG\/TFM\/Pr\u00e1cticas - DERECHO CIVIL Y DERECHO INTERNACIONAL PRIVADO\" \/>\n<meta property=\"og:url\" content=\"https:\/\/departamento.us.es\/dcip\/tfg-tfm-practicas\/\" \/>\n<meta property=\"og:site_name\" content=\"DERECHO CIVIL Y DERECHO INTERNACIONAL PRIVADO\" \/>\n<meta property=\"article:modified_time\" content=\"2023-03-31T10:16:09+00:00\" \/>\n<meta name=\"twitter:card\" content=\"summary_large_image\" \/>\n<meta name=\"twitter:label1\" content=\"Tiempo de lectura\" \/>\n\t<meta name=\"twitter:data1\" content=\"3 minutos\" \/>\n<script type=\"application\/ld+json\" class=\"yoast-schema-graph\">{\"@context\":\"https:\\\/\\\/schema.org\",\"@graph\":[{\"@type\":\"WebPage\",\"@id\":\"https:\\\/\\\/departamento.us.es\\\/dcip\\\/tfg-tfm-practicas\\\/\",\"url\":\"https:\\\/\\\/departamento.us.es\\\/dcip\\\/tfg-tfm-practicas\\\/\",\"name\":\"TFG\\\/TFM\\\/Pr\u00e1cticas - DERECHO CIVIL Y DERECHO INTERNACIONAL PRIVADO\",\"isPartOf\":{\"@id\":\"https:\\\/\\\/departamento.us.es\\\/dcip\\\/#website\"},\"datePublished\":\"2022-03-14T11:12:42+00:00\",\"dateModified\":\"2023-03-31T10:16:09+00:00\",\"breadcrumb\":{\"@id\":\"https:\\\/\\\/departamento.us.es\\\/dcip\\\/tfg-tfm-practicas\\\/#breadcrumb\"},\"inLanguage\":\"es\",\"potentialAction\":[{\"@type\":\"ReadAction\",\"target\":[\"https:\\\/\\\/departamento.us.es\\\/dcip\\\/tfg-tfm-practicas\\\/\"]}]},{\"@type\":\"BreadcrumbList\",\"@id\":\"https:\\\/\\\/departamento.us.es\\\/dcip\\\/tfg-tfm-practicas\\\/#breadcrumb\",\"itemListElement\":[{\"@type\":\"ListItem\",\"position\":1,\"name\":\"Inicio\",\"item\":\"https:\\\/\\\/departamento.us.es\\\/dcip\\\/\"},{\"@type\":\"ListItem\",\"position\":2,\"name\":\"TFG\\\/TFM\\\/Pr\u00e1cticas\"}]},{\"@type\":\"WebSite\",\"@id\":\"https:\\\/\\\/departamento.us.es\\\/dcip\\\/#website\",\"url\":\"https:\\\/\\\/departamento.us.es\\\/dcip\\\/\",\"name\":\"DERECHO CIVIL Y DERECHO INTERNACIONAL PRIVADO\",\"description\":\"Universidad de Sevilla\",\"publisher\":{\"@id\":\"https:\\\/\\\/departamento.us.es\\\/dcip\\\/#organization\"},\"potentialAction\":[{\"@type\":\"SearchAction\",\"target\":{\"@type\":\"EntryPoint\",\"urlTemplate\":\"https:\\\/\\\/departamento.us.es\\\/dcip\\\/?s={search_term_string}\"},\"query-input\":{\"@type\":\"PropertyValueSpecification\",\"valueRequired\":true,\"valueName\":\"search_term_string\"}}],\"inLanguage\":\"es\"},{\"@type\":\"Organization\",\"@id\":\"https:\\\/\\\/departamento.us.es\\\/dcip\\\/#organization\",\"name\":\"DERECHO CIVIL Y DERECHO INTERNACIONAL PRIVADO\",\"url\":\"https:\\\/\\\/departamento.us.es\\\/dcip\\\/\",\"logo\":{\"@type\":\"ImageObject\",\"inLanguage\":\"es\",\"@id\":\"https:\\\/\\\/departamento.us.es\\\/dcip\\\/#\\\/schema\\\/logo\\\/image\\\/\",\"url\":\"https:\\\/\\\/departamento.us.es\\\/dcip\\\/wp-content\\\/uploads\\\/2022\\\/03\\\/US-marca-digital-cuadrada-200.png\",\"contentUrl\":\"https:\\\/\\\/departamento.us.es\\\/dcip\\\/wp-content\\\/uploads\\\/2022\\\/03\\\/US-marca-digital-cuadrada-200.png\",\"width\":200,\"height\":205,\"caption\":\"DERECHO CIVIL Y DERECHO INTERNACIONAL PRIVADO\"},\"image\":{\"@id\":\"https:\\\/\\\/departamento.us.es\\\/dcip\\\/#\\\/schema\\\/logo\\\/image\\\/\"}}]}<\/script>\n<!-- \/ Yoast SEO plugin. -->","yoast_head_json":{"title":"TFG\/TFM\/Pr\u00e1cticas - DERECHO CIVIL Y DERECHO INTERNACIONAL PRIVADO","robots":{"index":"index","follow":"follow","max-snippet":"max-snippet:-1","max-image-preview":"max-image-preview:large","max-video-preview":"max-video-preview:-1"},"canonical":"https:\/\/departamento.us.es\/dcip\/tfg-tfm-practicas\/","og_locale":"es_ES","og_type":"article","og_title":"TFG\/TFM\/Pr\u00e1cticas - DERECHO CIVIL Y DERECHO INTERNACIONAL PRIVADO","og_url":"https:\/\/departamento.us.es\/dcip\/tfg-tfm-practicas\/","og_site_name":"DERECHO CIVIL Y DERECHO INTERNACIONAL PRIVADO","article_modified_time":"2023-03-31T10:16:09+00:00","twitter_card":"summary_large_image","twitter_misc":{"Tiempo de lectura":"3 minutos"},"schema":{"@context":"https:\/\/schema.org","@graph":[{"@type":"WebPage","@id":"https:\/\/departamento.us.es\/dcip\/tfg-tfm-practicas\/","url":"https:\/\/departamento.us.es\/dcip\/tfg-tfm-practicas\/","name":"TFG\/TFM\/Pr\u00e1cticas - DERECHO CIVIL Y DERECHO INTERNACIONAL PRIVADO","isPartOf":{"@id":"https:\/\/departamento.us.es\/dcip\/#website"},"datePublished":"2022-03-14T11:12:42+00:00","dateModified":"2023-03-31T10:16:09+00:00","breadcrumb":{"@id":"https:\/\/departamento.us.es\/dcip\/tfg-tfm-practicas\/#breadcrumb"},"inLanguage":"es","potentialAction":[{"@type":"ReadAction","target":["https:\/\/departamento.us.es\/dcip\/tfg-tfm-practicas\/"]}]},{"@type":"BreadcrumbList","@id":"https:\/\/departamento.us.es\/dcip\/tfg-tfm-practicas\/#breadcrumb","itemListElement":[{"@type":"ListItem","position":1,"name":"Inicio","item":"https:\/\/departamento.us.es\/dcip\/"},{"@type":"ListItem","position":2,"name":"TFG\/TFM\/Pr\u00e1cticas"}]},{"@type":"WebSite","@id":"https:\/\/departamento.us.es\/dcip\/#website","url":"https:\/\/departamento.us.es\/dcip\/","name":"DERECHO CIVIL Y DERECHO INTERNACIONAL PRIVADO","description":"Universidad de Sevilla","publisher":{"@id":"https:\/\/departamento.us.es\/dcip\/#organization"},"potentialAction":[{"@type":"SearchAction","target":{"@type":"EntryPoint","urlTemplate":"https:\/\/departamento.us.es\/dcip\/?s={search_term_string}"},"query-input":{"@type":"PropertyValueSpecification","valueRequired":true,"valueName":"search_term_string"}}],"inLanguage":"es"},{"@type":"Organization","@id":"https:\/\/departamento.us.es\/dcip\/#organization","name":"DERECHO CIVIL Y DERECHO INTERNACIONAL PRIVADO","url":"https:\/\/departamento.us.es\/dcip\/","logo":{"@type":"ImageObject","inLanguage":"es","@id":"https:\/\/departamento.us.es\/dcip\/#\/schema\/logo\/image\/","url":"https:\/\/departamento.us.es\/dcip\/wp-content\/uploads\/2022\/03\/US-marca-digital-cuadrada-200.png","contentUrl":"https:\/\/departamento.us.es\/dcip\/wp-content\/uploads\/2022\/03\/US-marca-digital-cuadrada-200.png","width":200,"height":205,"caption":"DERECHO CIVIL Y DERECHO INTERNACIONAL PRIVADO"},"image":{"@id":"https:\/\/departamento.us.es\/dcip\/#\/schema\/logo\/image\/"}}]}},"_links":{"self":[{"href":"https:\/\/departamento.us.es\/dcip\/wp-json\/wp\/v2\/pages\/60","targetHints":{"allow":["GET"]}}],"collection":[{"href":"https:\/\/departamento.us.es\/dcip\/wp-json\/wp\/v2\/pages"}],"about":[{"href":"https:\/\/departamento.us.es\/dcip\/wp-json\/wp\/v2\/types\/page"}],"author":[{"embeddable":true,"href":"https:\/\/departamento.us.es\/dcip\/wp-json\/wp\/v2\/users\/1"}],"replies":[{"embeddable":true,"href":"https:\/\/departamento.us.es\/dcip\/wp-json\/wp\/v2\/comments?post=60"}],"version-history":[{"count":0,"href":"https:\/\/departamento.us.es\/dcip\/wp-json\/wp\/v2\/pages\/60\/revisions"}],"wp:attachment":[{"href":"https:\/\/departamento.us.es\/dcip\/wp-json\/wp\/v2\/media?parent=60"}],"curies":[{"name":"wp","href":"https:\/\/api.w.org\/{rel}","templated":true}]}}