{"id":1430,"date":"2022-05-16T09:52:36","date_gmt":"2022-05-16T09:52:36","guid":{"rendered":"https:\/\/departamento.us.es\/ddercons\/?page_id=1430"},"modified":"2022-10-05T11:09:27","modified_gmt":"2022-10-05T11:09:27","slug":"comisiones-del-departamento","status":"publish","type":"page","link":"https:\/\/departamento.us.es\/ddercons\/comisiones-del-departamento\/","title":{"rendered":"Comisiones del Departamento"},"content":{"rendered":"\t\t<div data-elementor-type=\"wp-page\" data-elementor-id=\"1430\" class=\"elementor elementor-1430\" data-elementor-post-type=\"page\">\n\t\t\t\t\t\t\t\t\t<section class=\"elementor-section elementor-top-section elementor-element elementor-element-ab3664f elementor-section-boxed elementor-section-height-default elementor-section-height-default elementor-invisible\" data-id=\"ab3664f\" data-element_type=\"section\" data-settings=\"{&quot;animation&quot;:&quot;slideInUp&quot;}\">\n\t\t\t\t\t\t\t<div class=\"elementor-background-overlay\"><\/div>\n\t\t\t\t\t\t\t<div class=\"elementor-container elementor-column-gap-default\">\n\t\t\t\t\t<div class=\"elementor-column elementor-col-50 elementor-top-column elementor-element elementor-element-3dfc18b\" data-id=\"3dfc18b\" data-element_type=\"column\" data-settings=\"{&quot;background_background&quot;:&quot;classic&quot;}\">\n\t\t\t<div class=\"elementor-widget-wrap elementor-element-populated\">\n\t\t\t\t\t\t\t\t<div class=\"elementor-element elementor-element-fd6c3ad elementor-widget elementor-widget-heading\" data-id=\"fd6c3ad\" data-element_type=\"widget\" data-widget_type=\"heading.default\">\n\t\t\t\t<div class=\"elementor-widget-container\">\n\t\t\t<style>\/*! elementor - v3.18.0 - 20-12-2023 *\/\n.elementor-heading-title{padding:0;margin:0;line-height:1}.elementor-widget-heading .elementor-heading-title[class*=elementor-size-]>a{color:inherit;font-size:inherit;line-height:inherit}.elementor-widget-heading .elementor-heading-title.elementor-size-small{font-size:15px}.elementor-widget-heading .elementor-heading-title.elementor-size-medium{font-size:19px}.elementor-widget-heading .elementor-heading-title.elementor-size-large{font-size:29px}.elementor-widget-heading .elementor-heading-title.elementor-size-xl{font-size:39px}.elementor-widget-heading .elementor-heading-title.elementor-size-xxl{font-size:59px}<\/style><h4 class=\"elementor-heading-title elementor-size-default\">Comisi\u00f3n de Investigaci\u00f3n<\/h4>\t\t<\/div>\n\t\t\t\t<\/div>\n\t\t\t\t<div class=\"elementor-element elementor-element-1a29b9b elementor-widget elementor-widget-text-editor\" data-id=\"1a29b9b\" data-element_type=\"widget\" data-widget_type=\"text-editor.default\">\n\t\t\t\t<div class=\"elementor-widget-container\">\n\t\t\t<style>\/*! elementor - v3.18.0 - 20-12-2023 *\/\n.elementor-widget-text-editor.elementor-drop-cap-view-stacked .elementor-drop-cap{background-color:#69727d;color:#fff}.elementor-widget-text-editor.elementor-drop-cap-view-framed .elementor-drop-cap{color:#69727d;border:3px solid;background-color:transparent}.elementor-widget-text-editor:not(.elementor-drop-cap-view-default) .elementor-drop-cap{margin-top:8px}.elementor-widget-text-editor:not(.elementor-drop-cap-view-default) .elementor-drop-cap-letter{width:1em;height:1em}.elementor-widget-text-editor .elementor-drop-cap{float:left;text-align:center;line-height:1;font-size:50px}.elementor-widget-text-editor .elementor-drop-cap-letter{display:inline-block}<\/style>\t\t\t\t<h4><strong>Titulares:<\/strong><\/h4><p>D.\u00aa Ana M.\u00aa Carmona Contreras<\/p><p>D. Antonio J. Porras Nadales<\/p><p>D. Jos\u00e9 Mar\u00eda morales Arroyo<\/p><p>D.\u00aa Ruth Rubio Mar\u00edn<\/p><p>D.\u00aa Blanca Rodr\u00edguez Ru\u00edz<\/p><p>D.\u00aa Alicia Gonz\u00e1lez Moro (alumna)<\/p>\t\t\t\t\t\t<\/div>\n\t\t\t\t<\/div>\n\t\t\t\t<div class=\"elementor-element elementor-element-578e3b0 elementor-widget elementor-widget-text-editor\" data-id=\"578e3b0\" data-element_type=\"widget\" data-widget_type=\"text-editor.default\">\n\t\t\t\t<div class=\"elementor-widget-container\">\n\t\t\t\t\t\t\t<h4><strong>Suplentes:<\/strong><\/h4><p>D. Abraham Barrero Ortega<\/p><p>D. Joaqu\u00edn P. Ur\u00edas Mart\u00ednez<\/p><p>D.\u00aa Miryam Rodr\u00edguez \u2013 Izquierdo Serrano<\/p>\t\t\t\t\t\t<\/div>\n\t\t\t\t<\/div>\n\t\t\t\t\t<\/div>\n\t\t<\/div>\n\t\t\t\t<div class=\"elementor-column elementor-col-50 elementor-top-column elementor-element elementor-element-f88d803\" data-id=\"f88d803\" data-element_type=\"column\" data-settings=\"{&quot;background_background&quot;:&quot;classic&quot;}\">\n\t\t\t<div class=\"elementor-widget-wrap elementor-element-populated\">\n\t\t\t\t\t\t\t\t<div class=\"elementor-element elementor-element-e7984a0 elementor-widget elementor-widget-heading\" data-id=\"e7984a0\" data-element_type=\"widget\" data-widget_type=\"heading.default\">\n\t\t\t\t<div class=\"elementor-widget-container\">\n\t\t\t<h4 class=\"elementor-heading-title elementor-size-default\">Comisi\u00f3n de Docencia<\/h4>\t\t<\/div>\n\t\t\t\t<\/div>\n\t\t\t\t<div class=\"elementor-element elementor-element-abe25f6 elementor-widget elementor-widget-text-editor\" data-id=\"abe25f6\" data-element_type=\"widget\" data-widget_type=\"text-editor.default\">\n\t\t\t\t<div class=\"elementor-widget-container\">\n\t\t\t\t\t\t\t<h4><strong>Titulares:<\/strong><\/h4><p>D. Abraham Barrero Ortega<\/p><p>D. Joaqu\u00edn P. Ur\u00edas Mart\u00ednez<\/p><p>D.\u00aa Miryam Rodr\u00edguez \u2013 Izquierdo Serrano<\/p><p>D. Luis Mej\u00edas Gallado (alumno)<\/p><p>\u00a0<\/p><p>\u00a0<\/p>\t\t\t\t\t\t<\/div>\n\t\t\t\t<\/div>\n\t\t\t\t<div class=\"elementor-element elementor-element-891bbe8 elementor-widget elementor-widget-text-editor\" data-id=\"891bbe8\" data-element_type=\"widget\" data-widget_type=\"text-editor.default\">\n\t\t\t\t<div class=\"elementor-widget-container\">\n\t\t\t\t\t\t\t<h4><strong>Suplentes:<\/strong><\/h4><p>D.\u00aa Blanca Rodr\u00edguez Ru\u00edz<\/p><p>D. V\u00edctor V\u00e1zquez Alonso<\/p><p>D.\u00aa Irene Sobrino Guijarro<\/p>\t\t\t\t\t\t<\/div>\n\t\t\t\t<\/div>\n\t\t\t\t\t<\/div>\n\t\t<\/div>\n\t\t\t\t\t\t\t<\/div>\n\t\t<\/section>\n\t\t\t\t\t\t\t<\/div>\n\t\t","protected":false},"excerpt":{"rendered":"<p>Comisi\u00f3n de Investigaci\u00f3n Titulares: D.\u00aa Ana M.\u00aa Carmona Contreras D. Antonio J. Porras Nadales D. Jos\u00e9 Mar\u00eda morales Arroyo D.\u00aa<\/p>\n","protected":false},"author":3,"featured_media":0,"parent":0,"menu_order":0,"comment_status":"closed","ping_status":"closed","template":"","meta":[],"yoast_head":"<!-- This site is optimized with the Yoast SEO plugin v19.14 - https:\/\/yoast.com\/wordpress\/plugins\/seo\/ -->\n<title>Comisiones del Departamento - Ddercons<\/title>\n<meta name=\"robots\" content=\"index, follow, max-snippet:-1, max-image-preview:large, max-video-preview:-1\" \/>\n<link rel=\"canonical\" href=\"https:\/\/departamento.us.es\/ddercons\/comisiones-del-departamento\/\" \/>\n<meta property=\"og:locale\" content=\"es_ES\" \/>\n<meta property=\"og:type\" content=\"article\" \/>\n<meta property=\"og:title\" content=\"Comisiones del Departamento - Ddercons\" \/>\n<meta property=\"og:description\" content=\"Comisi\u00f3n de Investigaci\u00f3n Titulares: D.\u00aa Ana M.\u00aa Carmona Contreras D. Antonio J. Porras Nadales D. Jos\u00e9 Mar\u00eda morales Arroyo D.\u00aa\" \/>\n<meta property=\"og:url\" content=\"https:\/\/departamento.us.es\/ddercons\/comisiones-del-departamento\/\" \/>\n<meta property=\"og:site_name\" content=\"Ddercons\" \/>\n<meta property=\"article:modified_time\" content=\"2022-10-05T11:09:27+00:00\" \/>\n<meta name=\"twitter:card\" content=\"summary_large_image\" \/>\n<meta name=\"twitter:label1\" content=\"Tiempo de lectura\" \/>\n\t<meta name=\"twitter:data1\" content=\"1 minuto\" \/>\n<script type=\"application\/ld+json\" class=\"yoast-schema-graph\">{\"@context\":\"https:\/\/schema.org\",\"@graph\":[{\"@type\":\"WebPage\",\"@id\":\"https:\/\/departamento.us.es\/ddercons\/comisiones-del-departamento\/\",\"url\":\"https:\/\/departamento.us.es\/ddercons\/comisiones-del-departamento\/\",\"name\":\"Comisiones del Departamento - Ddercons\",\"isPartOf\":{\"@id\":\"https:\/\/departamento.us.es\/ddercons\/#website\"},\"datePublished\":\"2022-05-16T09:52:36+00:00\",\"dateModified\":\"2022-10-05T11:09:27+00:00\",\"inLanguage\":\"es\",\"potentialAction\":[{\"@type\":\"ReadAction\",\"target\":[\"https:\/\/departamento.us.es\/ddercons\/comisiones-del-departamento\/\"]}]},{\"@type\":\"WebSite\",\"@id\":\"https:\/\/departamento.us.es\/ddercons\/#website\",\"url\":\"https:\/\/departamento.us.es\/ddercons\/\",\"name\":\"Ddercons\",\"description\":\"Universidad de Sevilla\",\"publisher\":{\"@id\":\"https:\/\/departamento.us.es\/ddercons\/#organization\"},\"potentialAction\":[{\"@type\":\"SearchAction\",\"target\":{\"@type\":\"EntryPoint\",\"urlTemplate\":\"https:\/\/departamento.us.es\/ddercons\/?s={search_term_string}\"},\"query-input\":\"required name=search_term_string\"}],\"inLanguage\":\"es\"},{\"@type\":\"Organization\",\"@id\":\"https:\/\/departamento.us.es\/ddercons\/#organization\",\"name\":\"Ddercons\",\"url\":\"https:\/\/departamento.us.es\/ddercons\/\",\"logo\":{\"@type\":\"ImageObject\",\"inLanguage\":\"es\",\"@id\":\"https:\/\/departamento.us.es\/ddercons\/#\/schema\/logo\/image\/\",\"url\":\"https:\/\/departamento.us.es\/ddercons\/wp-content\/uploads\/2022\/03\/US-marca-digital-cuadrada-200.png\",\"contentUrl\":\"https:\/\/departamento.us.es\/ddercons\/wp-content\/uploads\/2022\/03\/US-marca-digital-cuadrada-200.png\",\"width\":200,\"height\":205,\"caption\":\"Ddercons\"},\"image\":{\"@id\":\"https:\/\/departamento.us.es\/ddercons\/#\/schema\/logo\/image\/\"}}]}<\/script>\n<!-- \/ Yoast SEO plugin. -->","yoast_head_json":{"title":"Comisiones del Departamento - Ddercons","robots":{"index":"index","follow":"follow","max-snippet":"max-snippet:-1","max-image-preview":"max-image-preview:large","max-video-preview":"max-video-preview:-1"},"canonical":"https:\/\/departamento.us.es\/ddercons\/comisiones-del-departamento\/","og_locale":"es_ES","og_type":"article","og_title":"Comisiones del Departamento - Ddercons","og_description":"Comisi\u00f3n de Investigaci\u00f3n Titulares: D.\u00aa Ana M.\u00aa Carmona Contreras D. Antonio J. Porras Nadales D. Jos\u00e9 Mar\u00eda morales Arroyo D.\u00aa","og_url":"https:\/\/departamento.us.es\/ddercons\/comisiones-del-departamento\/","og_site_name":"Ddercons","article_modified_time":"2022-10-05T11:09:27+00:00","twitter_card":"summary_large_image","twitter_misc":{"Tiempo de lectura":"1 minuto"},"schema":{"@context":"https:\/\/schema.org","@graph":[{"@type":"WebPage","@id":"https:\/\/departamento.us.es\/ddercons\/comisiones-del-departamento\/","url":"https:\/\/departamento.us.es\/ddercons\/comisiones-del-departamento\/","name":"Comisiones del Departamento - Ddercons","isPartOf":{"@id":"https:\/\/departamento.us.es\/ddercons\/#website"},"datePublished":"2022-05-16T09:52:36+00:00","dateModified":"2022-10-05T11:09:27+00:00","inLanguage":"es","potentialAction":[{"@type":"ReadAction","target":["https:\/\/departamento.us.es\/ddercons\/comisiones-del-departamento\/"]}]},{"@type":"WebSite","@id":"https:\/\/departamento.us.es\/ddercons\/#website","url":"https:\/\/departamento.us.es\/ddercons\/","name":"Ddercons","description":"Universidad de Sevilla","publisher":{"@id":"https:\/\/departamento.us.es\/ddercons\/#organization"},"potentialAction":[{"@type":"SearchAction","target":{"@type":"EntryPoint","urlTemplate":"https:\/\/departamento.us.es\/ddercons\/?s={search_term_string}"},"query-input":"required name=search_term_string"}],"inLanguage":"es"},{"@type":"Organization","@id":"https:\/\/departamento.us.es\/ddercons\/#organization","name":"Ddercons","url":"https:\/\/departamento.us.es\/ddercons\/","logo":{"@type":"ImageObject","inLanguage":"es","@id":"https:\/\/departamento.us.es\/ddercons\/#\/schema\/logo\/image\/","url":"https:\/\/departamento.us.es\/ddercons\/wp-content\/uploads\/2022\/03\/US-marca-digital-cuadrada-200.png","contentUrl":"https:\/\/departamento.us.es\/ddercons\/wp-content\/uploads\/2022\/03\/US-marca-digital-cuadrada-200.png","width":200,"height":205,"caption":"Ddercons"},"image":{"@id":"https:\/\/departamento.us.es\/ddercons\/#\/schema\/logo\/image\/"}}]}},"_links":{"self":[{"href":"https:\/\/departamento.us.es\/ddercons\/wp-json\/wp\/v2\/pages\/1430"}],"collection":[{"href":"https:\/\/departamento.us.es\/ddercons\/wp-json\/wp\/v2\/pages"}],"about":[{"href":"https:\/\/departamento.us.es\/ddercons\/wp-json\/wp\/v2\/types\/page"}],"author":[{"embeddable":true,"href":"https:\/\/departamento.us.es\/ddercons\/wp-json\/wp\/v2\/users\/3"}],"replies":[{"embeddable":true,"href":"https:\/\/departamento.us.es\/ddercons\/wp-json\/wp\/v2\/comments?post=1430"}],"version-history":[{"count":20,"href":"https:\/\/departamento.us.es\/ddercons\/wp-json\/wp\/v2\/pages\/1430\/revisions"}],"predecessor-version":[{"id":2062,"href":"https:\/\/departamento.us.es\/ddercons\/wp-json\/wp\/v2\/pages\/1430\/revisions\/2062"}],"wp:attachment":[{"href":"https:\/\/departamento.us.es\/ddercons\/wp-json\/wp\/v2\/media?parent=1430"}],"curies":[{"name":"wp","href":"https:\/\/api.w.org\/{rel}","templated":true}]}}