{"id":1438,"date":"2022-05-16T09:54:12","date_gmt":"2022-05-16T09:54:12","guid":{"rendered":"https:\/\/departamento.us.es\/ddercons\/?page_id=1438"},"modified":"2022-10-20T09:50:57","modified_gmt":"2022-10-20T09:50:57","slug":"grupos-de-investigacion","status":"publish","type":"page","link":"https:\/\/departamento.us.es\/ddercons\/grupos-de-investigacion\/","title":{"rendered":"Grupos de investigaci\u00f3n"},"content":{"rendered":"\t\t<div data-elementor-type=\"wp-page\" data-elementor-id=\"1438\" class=\"elementor elementor-1438\" data-elementor-post-type=\"page\">\n\t\t\t\t\t\t\t\t\t<section class=\"elementor-section elementor-top-section elementor-element elementor-element-e0e0fe5 elementor-section-boxed elementor-section-height-default elementor-section-height-default elementor-invisible\" data-id=\"e0e0fe5\" data-element_type=\"section\" data-settings=\"{&quot;animation&quot;:&quot;fadeInRight&quot;}\">\n\t\t\t\t\t\t<div class=\"elementor-container elementor-column-gap-default\">\n\t\t\t\t\t<div class=\"elementor-column elementor-col-50 elementor-top-column elementor-element elementor-element-22f67df\" data-id=\"22f67df\" data-element_type=\"column\" data-settings=\"{&quot;background_background&quot;:&quot;classic&quot;}\">\n\t\t\t<div class=\"elementor-widget-wrap elementor-element-populated\">\n\t\t\t\t\t\t\t\t<div class=\"elementor-element elementor-element-7266cf6 elementor-widget elementor-widget-image\" data-id=\"7266cf6\" data-element_type=\"widget\" data-widget_type=\"image.default\">\n\t\t\t\t<div class=\"elementor-widget-container\">\n\t\t\t<style>\/*! elementor - v3.18.0 - 20-12-2023 *\/\n.elementor-widget-image{text-align:center}.elementor-widget-image a{display:inline-block}.elementor-widget-image a img[src$=\".svg\"]{width:48px}.elementor-widget-image img{vertical-align:middle;display:inline-block}<\/style>\t\t\t\t\t\t\t\t\t\t\t\t<img decoding=\"async\" width=\"100\" height=\"103\" src=\"https:\/\/departamento.us.es\/ddercons\/wp-content\/uploads\/2023\/02\/US-marca-digital-cuadrada-100-blanco.webp\" class=\"attachment-thumbnail size-thumbnail wp-image-128\" alt=\"\" \/>\t\t\t\t\t\t\t\t\t\t\t\t\t\t\t<\/div>\n\t\t\t\t<\/div>\n\t\t\t\t\t<\/div>\n\t\t<\/div>\n\t\t\t\t<div class=\"elementor-column elementor-col-50 elementor-top-column elementor-element elementor-element-1f9e4c9\" data-id=\"1f9e4c9\" data-element_type=\"column\">\n\t\t\t<div class=\"elementor-widget-wrap elementor-element-populated\">\n\t\t\t\t\t\t\t\t<div class=\"elementor-element elementor-element-47f5865 elementor-widget elementor-widget-heading\" data-id=\"47f5865\" data-element_type=\"widget\" data-widget_type=\"heading.default\">\n\t\t\t\t<div class=\"elementor-widget-container\">\n\t\t\t<style>\/*! elementor - v3.18.0 - 20-12-2023 *\/\n.elementor-heading-title{padding:0;margin:0;line-height:1}.elementor-widget-heading .elementor-heading-title[class*=elementor-size-]>a{color:inherit;font-size:inherit;line-height:inherit}.elementor-widget-heading .elementor-heading-title.elementor-size-small{font-size:15px}.elementor-widget-heading .elementor-heading-title.elementor-size-medium{font-size:19px}.elementor-widget-heading .elementor-heading-title.elementor-size-large{font-size:29px}.elementor-widget-heading .elementor-heading-title.elementor-size-xl{font-size:39px}.elementor-widget-heading .elementor-heading-title.elementor-size-xxl{font-size:59px}<\/style><p class=\"elementor-heading-title elementor-size-default\"><a href=\"https:\/\/investigacion.us.es\/sisius\/sis_depgrupos.php?seltext=SEJ336&#038;selfield=CODIGO\" target=\"_blank\" rel=\"nofollow\">SEJ336: Uni\u00f3n Europea y Estado Auton\u00f3mico<\/a><\/p>\t\t<\/div>\n\t\t\t\t<\/div>\n\t\t\t\t\t<\/div>\n\t\t<\/div>\n\t\t\t\t\t\t\t<\/div>\n\t\t<\/section>\n\t\t\t\t<section class=\"elementor-section elementor-top-section elementor-element elementor-element-cdc5c93 elementor-section-boxed elementor-section-height-default elementor-section-height-default elementor-invisible\" data-id=\"cdc5c93\" data-element_type=\"section\" data-settings=\"{&quot;animation&quot;:&quot;fadeInRight&quot;}\">\n\t\t\t\t\t\t<div class=\"elementor-container elementor-column-gap-default\">\n\t\t\t\t\t<div class=\"elementor-column elementor-col-50 elementor-top-column elementor-element elementor-element-3ae563a\" data-id=\"3ae563a\" data-element_type=\"column\" data-settings=\"{&quot;background_background&quot;:&quot;classic&quot;}\">\n\t\t\t<div class=\"elementor-widget-wrap elementor-element-populated\">\n\t\t\t\t\t\t\t\t<div class=\"elementor-element elementor-element-accf04b elementor-widget elementor-widget-image\" data-id=\"accf04b\" data-element_type=\"widget\" data-widget_type=\"image.default\">\n\t\t\t\t<div class=\"elementor-widget-container\">\n\t\t\t\t\t\t\t\t\t\t\t\t\t\t\t<img decoding=\"async\" width=\"100\" height=\"103\" src=\"https:\/\/departamento.us.es\/ddercons\/wp-content\/uploads\/2023\/02\/US-marca-digital-cuadrada-100-blanco.webp\" class=\"attachment-thumbnail size-thumbnail wp-image-128\" alt=\"\" \/>\t\t\t\t\t\t\t\t\t\t\t\t\t\t\t<\/div>\n\t\t\t\t<\/div>\n\t\t\t\t\t<\/div>\n\t\t<\/div>\n\t\t\t\t<div class=\"elementor-column elementor-col-50 elementor-top-column elementor-element elementor-element-89c4c03\" data-id=\"89c4c03\" data-element_type=\"column\">\n\t\t\t<div class=\"elementor-widget-wrap elementor-element-populated\">\n\t\t\t\t\t\t\t\t<div class=\"elementor-element elementor-element-10be3c6 elementor-widget elementor-widget-heading\" data-id=\"10be3c6\" data-element_type=\"widget\" data-widget_type=\"heading.default\">\n\t\t\t\t<div class=\"elementor-widget-container\">\n\t\t\t<p class=\"elementor-heading-title elementor-size-default\"><a href=\"https:\/\/investigacion.us.es\/sisius\/sis_depgrupos.php?seltext=SEJ318&#038;selfield=CODIGO\" target=\"_blank\" rel=\"nofollow\">SEJ318: Derechos Fundamentales y Colectivos Postergados<\/a><\/p>\t\t<\/div>\n\t\t\t\t<\/div>\n\t\t\t\t\t<\/div>\n\t\t<\/div>\n\t\t\t\t\t\t\t<\/div>\n\t\t<\/section>\n\t\t\t\t<section class=\"elementor-section elementor-top-section elementor-element elementor-element-df0ca17 elementor-section-boxed elementor-section-height-default elementor-section-height-default elementor-invisible\" data-id=\"df0ca17\" data-element_type=\"section\" data-settings=\"{&quot;animation&quot;:&quot;fadeInRight&quot;}\">\n\t\t\t\t\t\t<div class=\"elementor-container elementor-column-gap-default\">\n\t\t\t\t\t<div class=\"elementor-column elementor-col-50 elementor-top-column elementor-element elementor-element-4c013b4\" data-id=\"4c013b4\" data-element_type=\"column\" data-settings=\"{&quot;background_background&quot;:&quot;classic&quot;}\">\n\t\t\t<div class=\"elementor-widget-wrap elementor-element-populated\">\n\t\t\t\t\t\t\t\t<div class=\"elementor-element elementor-element-1e7c611 elementor-widget elementor-widget-image\" data-id=\"1e7c611\" data-element_type=\"widget\" data-widget_type=\"image.default\">\n\t\t\t\t<div class=\"elementor-widget-container\">\n\t\t\t\t\t\t\t\t\t\t\t\t\t\t\t<img decoding=\"async\" width=\"100\" height=\"103\" src=\"https:\/\/departamento.us.es\/ddercons\/wp-content\/uploads\/2023\/02\/US-marca-digital-cuadrada-100-blanco.webp\" class=\"attachment-thumbnail size-thumbnail wp-image-128\" alt=\"\" \/>\t\t\t\t\t\t\t\t\t\t\t\t\t\t\t<\/div>\n\t\t\t\t<\/div>\n\t\t\t\t\t<\/div>\n\t\t<\/div>\n\t\t\t\t<div class=\"elementor-column elementor-col-50 elementor-top-column elementor-element elementor-element-d83db91\" data-id=\"d83db91\" data-element_type=\"column\">\n\t\t\t<div class=\"elementor-widget-wrap elementor-element-populated\">\n\t\t\t\t\t\t\t\t<div class=\"elementor-element elementor-element-aa2c32d elementor-widget elementor-widget-heading\" data-id=\"aa2c32d\" data-element_type=\"widget\" data-widget_type=\"heading.default\">\n\t\t\t\t<div class=\"elementor-widget-container\">\n\t\t\t<p class=\"elementor-heading-title elementor-size-default\"><a href=\"https:\/\/investigacion.us.es\/sisius\/sis_depgrupos.php?seltext=SEJ199&#038;selfield=CODIGO\" target=\"_blank\" rel=\"nofollow\">SEJ199: Estudios de Jurisprudencia Auton\u00f3mica<\/a><\/p>\t\t<\/div>\n\t\t\t\t<\/div>\n\t\t\t\t\t<\/div>\n\t\t<\/div>\n\t\t\t\t\t\t\t<\/div>\n\t\t<\/section>\n\t\t\t\t\t\t\t<\/div>\n\t\t","protected":false},"excerpt":{"rendered":"<p>SEJ336: Uni\u00f3n Europea y Estado Auton\u00f3mico SEJ318: Derechos Fundamentales y Colectivos Postergados SEJ199: Estudios de Jurisprudencia Auton\u00f3mica<\/p>\n","protected":false},"author":3,"featured_media":0,"parent":0,"menu_order":0,"comment_status":"closed","ping_status":"closed","template":"","meta":[],"yoast_head":"<!-- This site is optimized with the Yoast SEO plugin v19.14 - https:\/\/yoast.com\/wordpress\/plugins\/seo\/ -->\n<title>Grupos de investigaci\u00f3n - Ddercons<\/title>\n<meta name=\"robots\" content=\"index, follow, max-snippet:-1, max-image-preview:large, max-video-preview:-1\" \/>\n<link rel=\"canonical\" href=\"https:\/\/departamento.us.es\/ddercons\/grupos-de-investigacion\/\" \/>\n<meta property=\"og:locale\" content=\"es_ES\" \/>\n<meta property=\"og:type\" content=\"article\" \/>\n<meta property=\"og:title\" content=\"Grupos de investigaci\u00f3n - Ddercons\" \/>\n<meta property=\"og:description\" content=\"SEJ336: Uni\u00f3n Europea y Estado Auton\u00f3mico SEJ318: Derechos Fundamentales y Colectivos Postergados SEJ199: Estudios de Jurisprudencia Auton\u00f3mica\" \/>\n<meta property=\"og:url\" content=\"https:\/\/departamento.us.es\/ddercons\/grupos-de-investigacion\/\" \/>\n<meta property=\"og:site_name\" content=\"Ddercons\" \/>\n<meta property=\"article:modified_time\" content=\"2022-10-20T09:50:57+00:00\" \/>\n<meta property=\"og:image\" content=\"https:\/\/departamento.us.es\/ddercons\/wp-content\/uploads\/2023\/02\/US-marca-digital-cuadrada-100-blanco.webp\" \/>\n<meta name=\"twitter:card\" content=\"summary_large_image\" \/>\n<meta name=\"twitter:label1\" content=\"Tiempo de lectura\" \/>\n\t<meta name=\"twitter:data1\" content=\"1 minuto\" \/>\n<script type=\"application\/ld+json\" class=\"yoast-schema-graph\">{\"@context\":\"https:\/\/schema.org\",\"@graph\":[{\"@type\":\"WebPage\",\"@id\":\"https:\/\/departamento.us.es\/ddercons\/grupos-de-investigacion\/\",\"url\":\"https:\/\/departamento.us.es\/ddercons\/grupos-de-investigacion\/\",\"name\":\"Grupos de investigaci\u00f3n - Ddercons\",\"isPartOf\":{\"@id\":\"https:\/\/departamento.us.es\/ddercons\/#website\"},\"datePublished\":\"2022-05-16T09:54:12+00:00\",\"dateModified\":\"2022-10-20T09:50:57+00:00\",\"inLanguage\":\"es\",\"potentialAction\":[{\"@type\":\"ReadAction\",\"target\":[\"https:\/\/departamento.us.es\/ddercons\/grupos-de-investigacion\/\"]}]},{\"@type\":\"WebSite\",\"@id\":\"https:\/\/departamento.us.es\/ddercons\/#website\",\"url\":\"https:\/\/departamento.us.es\/ddercons\/\",\"name\":\"Ddercons\",\"description\":\"Universidad de Sevilla\",\"publisher\":{\"@id\":\"https:\/\/departamento.us.es\/ddercons\/#organization\"},\"potentialAction\":[{\"@type\":\"SearchAction\",\"target\":{\"@type\":\"EntryPoint\",\"urlTemplate\":\"https:\/\/departamento.us.es\/ddercons\/?s={search_term_string}\"},\"query-input\":\"required name=search_term_string\"}],\"inLanguage\":\"es\"},{\"@type\":\"Organization\",\"@id\":\"https:\/\/departamento.us.es\/ddercons\/#organization\",\"name\":\"Ddercons\",\"url\":\"https:\/\/departamento.us.es\/ddercons\/\",\"logo\":{\"@type\":\"ImageObject\",\"inLanguage\":\"es\",\"@id\":\"https:\/\/departamento.us.es\/ddercons\/#\/schema\/logo\/image\/\",\"url\":\"https:\/\/departamento.us.es\/ddercons\/wp-content\/uploads\/2022\/03\/US-marca-digital-cuadrada-200.png\",\"contentUrl\":\"https:\/\/departamento.us.es\/ddercons\/wp-content\/uploads\/2022\/03\/US-marca-digital-cuadrada-200.png\",\"width\":200,\"height\":205,\"caption\":\"Ddercons\"},\"image\":{\"@id\":\"https:\/\/departamento.us.es\/ddercons\/#\/schema\/logo\/image\/\"}}]}<\/script>\n<!-- \/ Yoast SEO plugin. -->","yoast_head_json":{"title":"Grupos de investigaci\u00f3n - Ddercons","robots":{"index":"index","follow":"follow","max-snippet":"max-snippet:-1","max-image-preview":"max-image-preview:large","max-video-preview":"max-video-preview:-1"},"canonical":"https:\/\/departamento.us.es\/ddercons\/grupos-de-investigacion\/","og_locale":"es_ES","og_type":"article","og_title":"Grupos de investigaci\u00f3n - Ddercons","og_description":"SEJ336: Uni\u00f3n Europea y Estado Auton\u00f3mico SEJ318: Derechos Fundamentales y Colectivos Postergados SEJ199: Estudios de Jurisprudencia Auton\u00f3mica","og_url":"https:\/\/departamento.us.es\/ddercons\/grupos-de-investigacion\/","og_site_name":"Ddercons","article_modified_time":"2022-10-20T09:50:57+00:00","og_image":[{"url":"https:\/\/departamento.us.es\/ddercons\/wp-content\/uploads\/2023\/02\/US-marca-digital-cuadrada-100-blanco.webp"}],"twitter_card":"summary_large_image","twitter_misc":{"Tiempo de lectura":"1 minuto"},"schema":{"@context":"https:\/\/schema.org","@graph":[{"@type":"WebPage","@id":"https:\/\/departamento.us.es\/ddercons\/grupos-de-investigacion\/","url":"https:\/\/departamento.us.es\/ddercons\/grupos-de-investigacion\/","name":"Grupos de investigaci\u00f3n - Ddercons","isPartOf":{"@id":"https:\/\/departamento.us.es\/ddercons\/#website"},"datePublished":"2022-05-16T09:54:12+00:00","dateModified":"2022-10-20T09:50:57+00:00","inLanguage":"es","potentialAction":[{"@type":"ReadAction","target":["https:\/\/departamento.us.es\/ddercons\/grupos-de-investigacion\/"]}]},{"@type":"WebSite","@id":"https:\/\/departamento.us.es\/ddercons\/#website","url":"https:\/\/departamento.us.es\/ddercons\/","name":"Ddercons","description":"Universidad de Sevilla","publisher":{"@id":"https:\/\/departamento.us.es\/ddercons\/#organization"},"potentialAction":[{"@type":"SearchAction","target":{"@type":"EntryPoint","urlTemplate":"https:\/\/departamento.us.es\/ddercons\/?s={search_term_string}"},"query-input":"required name=search_term_string"}],"inLanguage":"es"},{"@type":"Organization","@id":"https:\/\/departamento.us.es\/ddercons\/#organization","name":"Ddercons","url":"https:\/\/departamento.us.es\/ddercons\/","logo":{"@type":"ImageObject","inLanguage":"es","@id":"https:\/\/departamento.us.es\/ddercons\/#\/schema\/logo\/image\/","url":"https:\/\/departamento.us.es\/ddercons\/wp-content\/uploads\/2022\/03\/US-marca-digital-cuadrada-200.png","contentUrl":"https:\/\/departamento.us.es\/ddercons\/wp-content\/uploads\/2022\/03\/US-marca-digital-cuadrada-200.png","width":200,"height":205,"caption":"Ddercons"},"image":{"@id":"https:\/\/departamento.us.es\/ddercons\/#\/schema\/logo\/image\/"}}]}},"_links":{"self":[{"href":"https:\/\/departamento.us.es\/ddercons\/wp-json\/wp\/v2\/pages\/1438"}],"collection":[{"href":"https:\/\/departamento.us.es\/ddercons\/wp-json\/wp\/v2\/pages"}],"about":[{"href":"https:\/\/departamento.us.es\/ddercons\/wp-json\/wp\/v2\/types\/page"}],"author":[{"embeddable":true,"href":"https:\/\/departamento.us.es\/ddercons\/wp-json\/wp\/v2\/users\/3"}],"replies":[{"embeddable":true,"href":"https:\/\/departamento.us.es\/ddercons\/wp-json\/wp\/v2\/comments?post=1438"}],"version-history":[{"count":17,"href":"https:\/\/departamento.us.es\/ddercons\/wp-json\/wp\/v2\/pages\/1438\/revisions"}],"predecessor-version":[{"id":2057,"href":"https:\/\/departamento.us.es\/ddercons\/wp-json\/wp\/v2\/pages\/1438\/revisions\/2057"}],"wp:attachment":[{"href":"https:\/\/departamento.us.es\/ddercons\/wp-json\/wp\/v2\/media?parent=1438"}],"curies":[{"name":"wp","href":"https:\/\/api.w.org\/{rel}","templated":true}]}}