{"id":1442,"date":"2022-05-16T09:54:45","date_gmt":"2022-05-16T09:54:45","guid":{"rendered":"https:\/\/departamento.us.es\/ddercons\/?page_id=1442"},"modified":"2022-11-24T08:54:48","modified_gmt":"2022-11-24T08:54:48","slug":"pdi","status":"publish","type":"page","link":"https:\/\/departamento.us.es\/ddercons\/pdi\/","title":{"rendered":"PDI"},"content":{"rendered":"\t\t<div data-elementor-type=\"wp-page\" data-elementor-id=\"1442\" class=\"elementor elementor-1442\" data-elementor-post-type=\"page\">\n\t\t\t\t\t\t\t\t\t<section class=\"elementor-section elementor-top-section elementor-element elementor-element-2375362 elementor-hidden-mobile elementor-section-boxed elementor-section-height-default elementor-section-height-default elementor-invisible\" data-id=\"2375362\" data-element_type=\"section\" data-settings=\"{&quot;animation&quot;:&quot;slideInUp&quot;}\">\n\t\t\t\t\t\t\t<div class=\"elementor-background-overlay\"><\/div>\n\t\t\t\t\t\t\t<div class=\"elementor-container elementor-column-gap-default\">\n\t\t\t\t\t<div class=\"elementor-column elementor-col-50 elementor-top-column elementor-element elementor-element-f57abf7\" data-id=\"f57abf7\" data-element_type=\"column\">\n\t\t\t<div class=\"elementor-widget-wrap elementor-element-populated\">\n\t\t\t\t\t\t\t\t<div class=\"elementor-element elementor-element-5c5770c elementor-widget elementor-widget-heading\" data-id=\"5c5770c\" data-element_type=\"widget\" data-widget_type=\"heading.default\">\n\t\t\t\t<div class=\"elementor-widget-container\">\n\t\t\t<style>\/*! elementor - v3.18.0 - 20-12-2023 *\/\n.elementor-heading-title{padding:0;margin:0;line-height:1}.elementor-widget-heading .elementor-heading-title[class*=elementor-size-]>a{color:inherit;font-size:inherit;line-height:inherit}.elementor-widget-heading .elementor-heading-title.elementor-size-small{font-size:15px}.elementor-widget-heading .elementor-heading-title.elementor-size-medium{font-size:19px}.elementor-widget-heading .elementor-heading-title.elementor-size-large{font-size:29px}.elementor-widget-heading .elementor-heading-title.elementor-size-xl{font-size:39px}.elementor-widget-heading .elementor-heading-title.elementor-size-xxl{font-size:59px}<\/style><h4 class=\"elementor-heading-title elementor-size-default\">PROFESORES<\/h4>\t\t<\/div>\n\t\t\t\t<\/div>\n\t\t\t\t<div class=\"elementor-element elementor-element-9cea30d elementor-widget elementor-widget-text-editor\" data-id=\"9cea30d\" data-element_type=\"widget\" data-widget_type=\"text-editor.default\">\n\t\t\t\t<div class=\"elementor-widget-container\">\n\t\t\t<style>\/*! elementor - v3.18.0 - 20-12-2023 *\/\n.elementor-widget-text-editor.elementor-drop-cap-view-stacked .elementor-drop-cap{background-color:#69727d;color:#fff}.elementor-widget-text-editor.elementor-drop-cap-view-framed .elementor-drop-cap{color:#69727d;border:3px solid;background-color:transparent}.elementor-widget-text-editor:not(.elementor-drop-cap-view-default) .elementor-drop-cap{margin-top:8px}.elementor-widget-text-editor:not(.elementor-drop-cap-view-default) .elementor-drop-cap-letter{width:1em;height:1em}.elementor-widget-text-editor .elementor-drop-cap{float:left;text-align:center;line-height:1;font-size:50px}.elementor-widget-text-editor .elementor-drop-cap-letter{display:inline-block}<\/style>\t\t\t\t<p>Barrero Ortega, Abraham<br \/>Carmona Contreras, Ana M.\u00aa<br \/>Medina Guerrero, Manuel<br \/>Morales Arroyo, Jos\u00e9 M.\u00aa<br \/>Porras Nadales, Antonio<br \/>Rubio Mar\u00edn, Ruth<br \/>\u00c1lvarez \u2013 Ossorio, Fernando<br \/>G\u00f3mez Corona, Esperanza<br \/>Rodr\u00edguez Ru\u00edz, Blanca<br \/>Ur\u00edas Mart\u00ednez, Joaqu\u00edn<br \/>V\u00e1zquez Alonso, V\u00edctor<br \/>Sobrino Guijarro, Irene<br \/>Almagro Castro, David<br \/>Flores Anarte, Laura<br \/>G\u00f3mez Abeja, Laura<br \/>Naranjo Rom\u00e1n, Rosario<br \/>Contreras Navidad, Salvador<br \/>G\u00f3mez P\u00e9rez, Marta<br \/>Jim\u00e9nez-Castellanos Ballestero, Inmaculada<br \/>Rodr\u00edguez Guti\u00e9rrez, Cristina<br \/>Babi Ru\u00edz, Fernando<br \/>Fern\u00e1ndez P\u00e9rez, Elo\u00edsa<br \/>Silva Ardanuy, Manuel<br \/>Galdamez Morales, Ana<br \/>Gonz\u00e1lez Moro, Alicia<br \/>Winter Pereira, Luisa<br \/>De la Rosa P\u00e9rez, Claudia<\/p>\t\t\t\t\t\t<\/div>\n\t\t\t\t<\/div>\n\t\t\t\t\t<\/div>\n\t\t<\/div>\n\t\t\t\t<div class=\"elementor-column elementor-col-50 elementor-top-column elementor-element elementor-element-077f370\" data-id=\"077f370\" data-element_type=\"column\">\n\t\t\t<div class=\"elementor-widget-wrap elementor-element-populated\">\n\t\t\t\t\t\t\t\t<div class=\"elementor-element elementor-element-be84b05 elementor-widget elementor-widget-heading\" data-id=\"be84b05\" data-element_type=\"widget\" data-widget_type=\"heading.default\">\n\t\t\t\t<div class=\"elementor-widget-container\">\n\t\t\t<h4 class=\"elementor-heading-title elementor-size-default\">CATEGOR\u00cdA<\/h4>\t\t<\/div>\n\t\t\t\t<\/div>\n\t\t\t\t<div class=\"elementor-element elementor-element-06583c2 elementor-widget elementor-widget-text-editor\" data-id=\"06583c2\" data-element_type=\"widget\" data-widget_type=\"text-editor.default\">\n\t\t\t\t<div class=\"elementor-widget-container\">\n\t\t\t\t\t\t\t<p>Catedr\u00e1tico<br \/>Catedr\u00e1tica<br \/>Catedr\u00e1tico<br \/>Catedr\u00e1tico<br \/>Catedr\u00e1tico<br \/>Catedr\u00e1tica<br \/>Titular<br \/>Titular<br \/>Titular<br \/>Titular<br \/>Titular<br \/>Contratada Doctora<br \/>Ayudante Doctor<br \/>Ayudante Doctora<br \/>Ayudante Doctora<br \/>Ayudante Doctora<br \/>Asociado<br \/>Asociada<br \/>Asociada<br \/>Asociada<br \/>Sustituto interino<br \/>Sustituta interina<br \/>Sustituto interino<br \/>Becaria FPU<br \/>Becaria FPU<br \/>Becaria FPI<br \/>Becaria PIF<\/p>\t\t\t\t\t\t<\/div>\n\t\t\t\t<\/div>\n\t\t\t\t\t<\/div>\n\t\t<\/div>\n\t\t\t\t\t\t\t<\/div>\n\t\t<\/section>\n\t\t\t\t<section class=\"elementor-section elementor-top-section elementor-element elementor-element-906fc18 elementor-hidden-desktop elementor-hidden-tablet elementor-section-boxed elementor-section-height-default elementor-section-height-default elementor-invisible\" data-id=\"906fc18\" data-element_type=\"section\" data-settings=\"{&quot;animation&quot;:&quot;slideInUp&quot;}\">\n\t\t\t\t\t\t\t<div class=\"elementor-background-overlay\"><\/div>\n\t\t\t\t\t\t\t<div class=\"elementor-container elementor-column-gap-default\">\n\t\t\t\t\t<div class=\"elementor-column elementor-col-100 elementor-top-column elementor-element elementor-element-5eeb3b6\" data-id=\"5eeb3b6\" data-element_type=\"column\">\n\t\t\t<div class=\"elementor-widget-wrap elementor-element-populated\">\n\t\t\t\t\t\t\t\t<div class=\"elementor-element elementor-element-3e986fe elementor-widget elementor-widget-heading\" data-id=\"3e986fe\" data-element_type=\"widget\" data-widget_type=\"heading.default\">\n\t\t\t\t<div class=\"elementor-widget-container\">\n\t\t\t<h4 class=\"elementor-heading-title elementor-size-default\">PROFESORES - CATEGOR\u00cdA<\/h4>\t\t<\/div>\n\t\t\t\t<\/div>\n\t\t\t\t<div class=\"elementor-element elementor-element-be181bb elementor-widget elementor-widget-text-editor\" data-id=\"be181bb\" data-element_type=\"widget\" data-widget_type=\"text-editor.default\">\n\t\t\t\t<div class=\"elementor-widget-container\">\n\t\t\t\t\t\t\t<p>Barrero Ortega, Abraham &#8211; Catedr\u00e1tico<br \/>Carmona Contreras, Ana M.\u00aa &#8211; Catedr\u00e1tica<br \/>Medina Guerrero, Manuel &#8211; Catedr\u00e1tico<br \/>Morales Arroyo, Jos\u00e9 M.\u00aa &#8211; Catedr\u00e1tico<br \/>Porras Nadales, Antonio &#8211; Catedr\u00e1tico<br \/>Rubio Mar\u00edn, Ruth &#8211; Catedr\u00e1tica<br \/>\u00c1lvarez \u2013 Ossorio, Fernando &#8211; Titular<br \/>G\u00f3mez Corona, Esperanza &#8211; Titular<br \/>Rodr\u00edguez Ru\u00edz, Blanca &#8211; Titular<br \/>Ur\u00edas Mart\u00ednez, Joaqu\u00edn &#8211; Titular<br \/>V\u00e1zquez Alonso, V\u00edctor &#8211; Titular<br \/>Sobrino Guijarro, Irene &#8211; Contratada Doctora<br \/>Almagro Castro, David &#8211; Ayudante Doctor<br \/>Flores Anarte, Laura &#8211; Ayudante Doctora<br \/>G\u00f3mez Abeja, Laura &#8211; Ayudante Doctora<br \/>Naranjo Rom\u00e1n, Rosario &#8211; Ayudante Doctora<br \/>Contreras Navidad, Salvador &#8211; Asociado<br \/>G\u00f3mez P\u00e9rez, Marta &#8211; Asociada<br \/>Jim\u00e9nez-Castellanos Ballestero, Inmaculada &#8211; Asociada<br \/>Rodr\u00edguez Guti\u00e9rrez, Cristina &#8211; Asociada<br \/>Babi Ru\u00edz, Fernando &#8211; Sustituto interino<br \/>Fern\u00e1ndez P\u00e9rez, Elo\u00edsa &#8211; Sustituta interina<br \/>Silva Ardanuy, Manuel &#8211; Sustituto interino<br \/>Galdamez Morales, Ana &#8211; Becaria FPU<br \/>Gonz\u00e1lez Moro, Alicia &#8211; Becaria FPU<br \/>Winter Pereira, Luisa &#8211; Becaria FPI<br \/>De la Rosa P\u00e9rez, Claudia &#8211; Becaria PIF<\/p>\t\t\t\t\t\t<\/div>\n\t\t\t\t<\/div>\n\t\t\t\t\t<\/div>\n\t\t<\/div>\n\t\t\t\t\t\t\t<\/div>\n\t\t<\/section>\n\t\t\t\t\t\t\t<\/div>\n\t\t","protected":false},"excerpt":{"rendered":"<p>PROFESORES Barrero Ortega, AbrahamCarmona Contreras, Ana M.\u00aaMedina Guerrero, ManuelMorales Arroyo, Jos\u00e9 M.\u00aaPorras Nadales, AntonioRubio Mar\u00edn, Ruth\u00c1lvarez \u2013 Ossorio, FernandoG\u00f3mez Corona,<\/p>\n","protected":false},"author":3,"featured_media":0,"parent":0,"menu_order":0,"comment_status":"closed","ping_status":"closed","template":"","meta":[],"yoast_head":"<!-- This site is optimized with the Yoast SEO plugin v19.14 - https:\/\/yoast.com\/wordpress\/plugins\/seo\/ -->\n<title>PDI - Ddercons<\/title>\n<meta name=\"robots\" content=\"index, follow, max-snippet:-1, max-image-preview:large, max-video-preview:-1\" \/>\n<link rel=\"canonical\" href=\"https:\/\/departamento.us.es\/ddercons\/pdi\/\" \/>\n<meta property=\"og:locale\" content=\"es_ES\" \/>\n<meta property=\"og:type\" content=\"article\" \/>\n<meta property=\"og:title\" content=\"PDI - Ddercons\" \/>\n<meta property=\"og:description\" content=\"PROFESORES Barrero Ortega, AbrahamCarmona Contreras, Ana M.\u00aaMedina Guerrero, ManuelMorales Arroyo, Jos\u00e9 M.\u00aaPorras Nadales, AntonioRubio Mar\u00edn, Ruth\u00c1lvarez \u2013 Ossorio, FernandoG\u00f3mez Corona,\" \/>\n<meta property=\"og:url\" content=\"https:\/\/departamento.us.es\/ddercons\/pdi\/\" \/>\n<meta property=\"og:site_name\" content=\"Ddercons\" \/>\n<meta property=\"article:modified_time\" content=\"2022-11-24T08:54:48+00:00\" \/>\n<meta name=\"twitter:card\" content=\"summary_large_image\" \/>\n<meta name=\"twitter:label1\" content=\"Tiempo de lectura\" \/>\n\t<meta name=\"twitter:data1\" content=\"2 minutos\" \/>\n<script type=\"application\/ld+json\" class=\"yoast-schema-graph\">{\"@context\":\"https:\/\/schema.org\",\"@graph\":[{\"@type\":\"WebPage\",\"@id\":\"https:\/\/departamento.us.es\/ddercons\/pdi\/\",\"url\":\"https:\/\/departamento.us.es\/ddercons\/pdi\/\",\"name\":\"PDI - Ddercons\",\"isPartOf\":{\"@id\":\"https:\/\/departamento.us.es\/ddercons\/#website\"},\"datePublished\":\"2022-05-16T09:54:45+00:00\",\"dateModified\":\"2022-11-24T08:54:48+00:00\",\"inLanguage\":\"es\",\"potentialAction\":[{\"@type\":\"ReadAction\",\"target\":[\"https:\/\/departamento.us.es\/ddercons\/pdi\/\"]}]},{\"@type\":\"WebSite\",\"@id\":\"https:\/\/departamento.us.es\/ddercons\/#website\",\"url\":\"https:\/\/departamento.us.es\/ddercons\/\",\"name\":\"Ddercons\",\"description\":\"Universidad de Sevilla\",\"publisher\":{\"@id\":\"https:\/\/departamento.us.es\/ddercons\/#organization\"},\"potentialAction\":[{\"@type\":\"SearchAction\",\"target\":{\"@type\":\"EntryPoint\",\"urlTemplate\":\"https:\/\/departamento.us.es\/ddercons\/?s={search_term_string}\"},\"query-input\":\"required name=search_term_string\"}],\"inLanguage\":\"es\"},{\"@type\":\"Organization\",\"@id\":\"https:\/\/departamento.us.es\/ddercons\/#organization\",\"name\":\"Ddercons\",\"url\":\"https:\/\/departamento.us.es\/ddercons\/\",\"logo\":{\"@type\":\"ImageObject\",\"inLanguage\":\"es\",\"@id\":\"https:\/\/departamento.us.es\/ddercons\/#\/schema\/logo\/image\/\",\"url\":\"https:\/\/departamento.us.es\/ddercons\/wp-content\/uploads\/2022\/03\/US-marca-digital-cuadrada-200.png\",\"contentUrl\":\"https:\/\/departamento.us.es\/ddercons\/wp-content\/uploads\/2022\/03\/US-marca-digital-cuadrada-200.png\",\"width\":200,\"height\":205,\"caption\":\"Ddercons\"},\"image\":{\"@id\":\"https:\/\/departamento.us.es\/ddercons\/#\/schema\/logo\/image\/\"}}]}<\/script>\n<!-- \/ Yoast SEO plugin. -->","yoast_head_json":{"title":"PDI - Ddercons","robots":{"index":"index","follow":"follow","max-snippet":"max-snippet:-1","max-image-preview":"max-image-preview:large","max-video-preview":"max-video-preview:-1"},"canonical":"https:\/\/departamento.us.es\/ddercons\/pdi\/","og_locale":"es_ES","og_type":"article","og_title":"PDI - Ddercons","og_description":"PROFESORES Barrero Ortega, AbrahamCarmona Contreras, Ana M.\u00aaMedina Guerrero, ManuelMorales Arroyo, Jos\u00e9 M.\u00aaPorras Nadales, AntonioRubio Mar\u00edn, Ruth\u00c1lvarez \u2013 Ossorio, FernandoG\u00f3mez Corona,","og_url":"https:\/\/departamento.us.es\/ddercons\/pdi\/","og_site_name":"Ddercons","article_modified_time":"2022-11-24T08:54:48+00:00","twitter_card":"summary_large_image","twitter_misc":{"Tiempo de lectura":"2 minutos"},"schema":{"@context":"https:\/\/schema.org","@graph":[{"@type":"WebPage","@id":"https:\/\/departamento.us.es\/ddercons\/pdi\/","url":"https:\/\/departamento.us.es\/ddercons\/pdi\/","name":"PDI - Ddercons","isPartOf":{"@id":"https:\/\/departamento.us.es\/ddercons\/#website"},"datePublished":"2022-05-16T09:54:45+00:00","dateModified":"2022-11-24T08:54:48+00:00","inLanguage":"es","potentialAction":[{"@type":"ReadAction","target":["https:\/\/departamento.us.es\/ddercons\/pdi\/"]}]},{"@type":"WebSite","@id":"https:\/\/departamento.us.es\/ddercons\/#website","url":"https:\/\/departamento.us.es\/ddercons\/","name":"Ddercons","description":"Universidad de Sevilla","publisher":{"@id":"https:\/\/departamento.us.es\/ddercons\/#organization"},"potentialAction":[{"@type":"SearchAction","target":{"@type":"EntryPoint","urlTemplate":"https:\/\/departamento.us.es\/ddercons\/?s={search_term_string}"},"query-input":"required name=search_term_string"}],"inLanguage":"es"},{"@type":"Organization","@id":"https:\/\/departamento.us.es\/ddercons\/#organization","name":"Ddercons","url":"https:\/\/departamento.us.es\/ddercons\/","logo":{"@type":"ImageObject","inLanguage":"es","@id":"https:\/\/departamento.us.es\/ddercons\/#\/schema\/logo\/image\/","url":"https:\/\/departamento.us.es\/ddercons\/wp-content\/uploads\/2022\/03\/US-marca-digital-cuadrada-200.png","contentUrl":"https:\/\/departamento.us.es\/ddercons\/wp-content\/uploads\/2022\/03\/US-marca-digital-cuadrada-200.png","width":200,"height":205,"caption":"Ddercons"},"image":{"@id":"https:\/\/departamento.us.es\/ddercons\/#\/schema\/logo\/image\/"}}]}},"_links":{"self":[{"href":"https:\/\/departamento.us.es\/ddercons\/wp-json\/wp\/v2\/pages\/1442"}],"collection":[{"href":"https:\/\/departamento.us.es\/ddercons\/wp-json\/wp\/v2\/pages"}],"about":[{"href":"https:\/\/departamento.us.es\/ddercons\/wp-json\/wp\/v2\/types\/page"}],"author":[{"embeddable":true,"href":"https:\/\/departamento.us.es\/ddercons\/wp-json\/wp\/v2\/users\/3"}],"replies":[{"embeddable":true,"href":"https:\/\/departamento.us.es\/ddercons\/wp-json\/wp\/v2\/comments?post=1442"}],"version-history":[{"count":23,"href":"https:\/\/departamento.us.es\/ddercons\/wp-json\/wp\/v2\/pages\/1442\/revisions"}],"predecessor-version":[{"id":2064,"href":"https:\/\/departamento.us.es\/ddercons\/wp-json\/wp\/v2\/pages\/1442\/revisions\/2064"}],"wp:attachment":[{"href":"https:\/\/departamento.us.es\/ddercons\/wp-json\/wp\/v2\/media?parent=1442"}],"curies":[{"name":"wp","href":"https:\/\/api.w.org\/{rel}","templated":true}]}}