{"id":60,"date":"2022-03-14T11:12:42","date_gmt":"2022-03-14T11:12:42","guid":{"rendered":"https:\/\/departamento.us.es\/ddercons\/?page_id=60"},"modified":"2023-03-29T10:00:15","modified_gmt":"2023-03-29T10:00:15","slug":"tfg-tfm-practicas-externas","status":"publish","type":"page","link":"https:\/\/departamento.us.es\/ddercons\/tfg-tfm-practicas-externas\/","title":{"rendered":"TFG\/TFM\/Pr\u00e1cticas externas"},"content":{"rendered":"<p><a href=\"https:\/\/departamento.us.es\/ddercons\/wp-content\/uploads\/2023\/03\/FECHAS-RELEVANTES-DE-LAS-ACTAS-INDIVIDUALES.pdf\">FECHAS RELEVANTES DE LAS ACTAS INDIVIDUALES<\/a><\/p>\n<p><a href=\"https:\/\/departamento.us.es\/ddercons\/wp-content\/uploads\/2023\/03\/ASIGNACION-TUTORES-MASTER-DERECHO-CONSTITUCIONAL-SECRETARIA.pdf\">ASIGNACI\u00d3N TUTORES MASTER DERECHO CONSTITUCIONAL 2022-23<\/a><\/p>\n<p><a href=\"https:\/\/departamento.us.es\/ddercons\/wp-content\/uploads\/2023\/02\/Asignacion-complementaria-de-tutores-22-23.pdf\">ASIGNACI\u00d3N COMPLEMENTARIA DE TUTORES 2022-2023 <\/a><\/p>\n<p><a href=\"https:\/\/departamento.us.es\/ddercons\/wp-content\/uploads\/2023\/02\/ASIGNACION-TFG-2022-23-2.pdf\">ASIGNACI\u00d3N TFG 2022-23 <\/a><\/p>\n<p><a href=\"https:\/\/departamento.us.es\/ddercons\/wp-content\/uploads\/2023\/02\/ASIGNACION-TUTORES-TFM-2022-2023.pdf\">ASIGNACI\u00d3N TUTORES TFM 2022-2023<\/a><\/p>\n<p><a href=\"https:\/\/departamento.us.es\/ddercons\/wp-content\/uploads\/2023\/03\/ASIGNACION-PRACTICAS-GRADO-CURSO-2022-23-sin-DNI.xlsx\">ASIGNACI\u00d3N PR\u00c1CTICAS GRADO CURSO 2022-23<\/a><\/p>\n<p><a href=\"https:\/\/departamento.us.es\/ddercons\/wp-content\/uploads\/2023\/02\/ASIGNACION-PRACTICAS-MASTER-2022-23.pdf\">ASIGNACI\u00d3N PR\u00c1CTICAS MASTER 2022-23<\/a><\/p>\n<p>&nbsp;<\/p>\n<p>&nbsp;<\/p>\n","protected":false},"excerpt":{"rendered":"<p>FECHAS RELEVANTES DE LAS ACTAS INDIVIDUALES ASIGNACI\u00d3N TUTORES MASTER DERECHO CONSTITUCIONAL 2022-23 ASIGNACI\u00d3N COMPLEMENTARIA DE TUTORES 2022-2023 ASIGNACI\u00d3N TFG 2022-23<\/p>\n","protected":false},"author":1,"featured_media":0,"parent":0,"menu_order":0,"comment_status":"closed","ping_status":"closed","template":"","meta":[],"yoast_head":"<!-- This site is optimized with the Yoast SEO plugin v19.14 - https:\/\/yoast.com\/wordpress\/plugins\/seo\/ -->\n<title>TFG\/TFM\/Pr\u00e1cticas externas - Ddercons<\/title>\n<meta name=\"robots\" content=\"index, follow, max-snippet:-1, max-image-preview:large, max-video-preview:-1\" \/>\n<link rel=\"canonical\" href=\"https:\/\/departamento.us.es\/ddercons\/tfg-tfm-practicas-externas\/\" \/>\n<meta property=\"og:locale\" content=\"es_ES\" \/>\n<meta property=\"og:type\" content=\"article\" \/>\n<meta property=\"og:title\" content=\"TFG\/TFM\/Pr\u00e1cticas externas - Ddercons\" \/>\n<meta property=\"og:description\" content=\"FECHAS RELEVANTES DE LAS ACTAS INDIVIDUALES ASIGNACI\u00d3N TUTORES MASTER DERECHO CONSTITUCIONAL 2022-23 ASIGNACI\u00d3N COMPLEMENTARIA DE TUTORES 2022-2023 ASIGNACI\u00d3N TFG 2022-23\" \/>\n<meta property=\"og:url\" content=\"https:\/\/departamento.us.es\/ddercons\/tfg-tfm-practicas-externas\/\" \/>\n<meta property=\"og:site_name\" content=\"Ddercons\" \/>\n<meta property=\"article:modified_time\" content=\"2023-03-29T10:00:15+00:00\" \/>\n<meta name=\"twitter:card\" content=\"summary_large_image\" \/>\n<meta name=\"twitter:label1\" content=\"Tiempo de lectura\" \/>\n\t<meta name=\"twitter:data1\" content=\"1 minuto\" \/>\n<script type=\"application\/ld+json\" class=\"yoast-schema-graph\">{\"@context\":\"https:\/\/schema.org\",\"@graph\":[{\"@type\":\"WebPage\",\"@id\":\"https:\/\/departamento.us.es\/ddercons\/tfg-tfm-practicas-externas\/\",\"url\":\"https:\/\/departamento.us.es\/ddercons\/tfg-tfm-practicas-externas\/\",\"name\":\"TFG\/TFM\/Pr\u00e1cticas externas - Ddercons\",\"isPartOf\":{\"@id\":\"https:\/\/departamento.us.es\/ddercons\/#website\"},\"datePublished\":\"2022-03-14T11:12:42+00:00\",\"dateModified\":\"2023-03-29T10:00:15+00:00\",\"inLanguage\":\"es\",\"potentialAction\":[{\"@type\":\"ReadAction\",\"target\":[\"https:\/\/departamento.us.es\/ddercons\/tfg-tfm-practicas-externas\/\"]}]},{\"@type\":\"WebSite\",\"@id\":\"https:\/\/departamento.us.es\/ddercons\/#website\",\"url\":\"https:\/\/departamento.us.es\/ddercons\/\",\"name\":\"Ddercons\",\"description\":\"Universidad de Sevilla\",\"publisher\":{\"@id\":\"https:\/\/departamento.us.es\/ddercons\/#organization\"},\"potentialAction\":[{\"@type\":\"SearchAction\",\"target\":{\"@type\":\"EntryPoint\",\"urlTemplate\":\"https:\/\/departamento.us.es\/ddercons\/?s={search_term_string}\"},\"query-input\":\"required name=search_term_string\"}],\"inLanguage\":\"es\"},{\"@type\":\"Organization\",\"@id\":\"https:\/\/departamento.us.es\/ddercons\/#organization\",\"name\":\"Ddercons\",\"url\":\"https:\/\/departamento.us.es\/ddercons\/\",\"logo\":{\"@type\":\"ImageObject\",\"inLanguage\":\"es\",\"@id\":\"https:\/\/departamento.us.es\/ddercons\/#\/schema\/logo\/image\/\",\"url\":\"https:\/\/departamento.us.es\/ddercons\/wp-content\/uploads\/2022\/03\/US-marca-digital-cuadrada-200.png\",\"contentUrl\":\"https:\/\/departamento.us.es\/ddercons\/wp-content\/uploads\/2022\/03\/US-marca-digital-cuadrada-200.png\",\"width\":200,\"height\":205,\"caption\":\"Ddercons\"},\"image\":{\"@id\":\"https:\/\/departamento.us.es\/ddercons\/#\/schema\/logo\/image\/\"}}]}<\/script>\n<!-- \/ Yoast SEO plugin. -->","yoast_head_json":{"title":"TFG\/TFM\/Pr\u00e1cticas externas - Ddercons","robots":{"index":"index","follow":"follow","max-snippet":"max-snippet:-1","max-image-preview":"max-image-preview:large","max-video-preview":"max-video-preview:-1"},"canonical":"https:\/\/departamento.us.es\/ddercons\/tfg-tfm-practicas-externas\/","og_locale":"es_ES","og_type":"article","og_title":"TFG\/TFM\/Pr\u00e1cticas externas - Ddercons","og_description":"FECHAS RELEVANTES DE LAS ACTAS INDIVIDUALES ASIGNACI\u00d3N TUTORES MASTER DERECHO CONSTITUCIONAL 2022-23 ASIGNACI\u00d3N COMPLEMENTARIA DE TUTORES 2022-2023 ASIGNACI\u00d3N TFG 2022-23","og_url":"https:\/\/departamento.us.es\/ddercons\/tfg-tfm-practicas-externas\/","og_site_name":"Ddercons","article_modified_time":"2023-03-29T10:00:15+00:00","twitter_card":"summary_large_image","twitter_misc":{"Tiempo de lectura":"1 minuto"},"schema":{"@context":"https:\/\/schema.org","@graph":[{"@type":"WebPage","@id":"https:\/\/departamento.us.es\/ddercons\/tfg-tfm-practicas-externas\/","url":"https:\/\/departamento.us.es\/ddercons\/tfg-tfm-practicas-externas\/","name":"TFG\/TFM\/Pr\u00e1cticas externas - Ddercons","isPartOf":{"@id":"https:\/\/departamento.us.es\/ddercons\/#website"},"datePublished":"2022-03-14T11:12:42+00:00","dateModified":"2023-03-29T10:00:15+00:00","inLanguage":"es","potentialAction":[{"@type":"ReadAction","target":["https:\/\/departamento.us.es\/ddercons\/tfg-tfm-practicas-externas\/"]}]},{"@type":"WebSite","@id":"https:\/\/departamento.us.es\/ddercons\/#website","url":"https:\/\/departamento.us.es\/ddercons\/","name":"Ddercons","description":"Universidad de Sevilla","publisher":{"@id":"https:\/\/departamento.us.es\/ddercons\/#organization"},"potentialAction":[{"@type":"SearchAction","target":{"@type":"EntryPoint","urlTemplate":"https:\/\/departamento.us.es\/ddercons\/?s={search_term_string}"},"query-input":"required name=search_term_string"}],"inLanguage":"es"},{"@type":"Organization","@id":"https:\/\/departamento.us.es\/ddercons\/#organization","name":"Ddercons","url":"https:\/\/departamento.us.es\/ddercons\/","logo":{"@type":"ImageObject","inLanguage":"es","@id":"https:\/\/departamento.us.es\/ddercons\/#\/schema\/logo\/image\/","url":"https:\/\/departamento.us.es\/ddercons\/wp-content\/uploads\/2022\/03\/US-marca-digital-cuadrada-200.png","contentUrl":"https:\/\/departamento.us.es\/ddercons\/wp-content\/uploads\/2022\/03\/US-marca-digital-cuadrada-200.png","width":200,"height":205,"caption":"Ddercons"},"image":{"@id":"https:\/\/departamento.us.es\/ddercons\/#\/schema\/logo\/image\/"}}]}},"_links":{"self":[{"href":"https:\/\/departamento.us.es\/ddercons\/wp-json\/wp\/v2\/pages\/60"}],"collection":[{"href":"https:\/\/departamento.us.es\/ddercons\/wp-json\/wp\/v2\/pages"}],"about":[{"href":"https:\/\/departamento.us.es\/ddercons\/wp-json\/wp\/v2\/types\/page"}],"author":[{"embeddable":true,"href":"https:\/\/departamento.us.es\/ddercons\/wp-json\/wp\/v2\/users\/1"}],"replies":[{"embeddable":true,"href":"https:\/\/departamento.us.es\/ddercons\/wp-json\/wp\/v2\/comments?post=60"}],"version-history":[{"count":24,"href":"https:\/\/departamento.us.es\/ddercons\/wp-json\/wp\/v2\/pages\/60\/revisions"}],"predecessor-version":[{"id":2265,"href":"https:\/\/departamento.us.es\/ddercons\/wp-json\/wp\/v2\/pages\/60\/revisions\/2265"}],"wp:attachment":[{"href":"https:\/\/departamento.us.es\/ddercons\/wp-json\/wp\/v2\/media?parent=60"}],"curies":[{"name":"wp","href":"https:\/\/api.w.org\/{rel}","templated":true}]}}