{"id":2,"date":"2025-03-10T14:46:07","date_gmt":"2025-03-10T13:46:07","guid":{"rendered":"https:\/\/departamento.us.es\/ddidmate\/?page_id=2"},"modified":"2025-04-03T20:04:09","modified_gmt":"2025-04-03T18:04:09","slug":"pagina-ejemplo","status":"publish","type":"page","link":"https:\/\/departamento.us.es\/ddidmate\/","title":{"rendered":"Inicio"},"content":{"rendered":"\n<p>El Departamento de Did\u00e1ctica de las Matem\u00e1ticas de la Universidad de Sevilla se ubica en el <strong>bloque 2 de la 5\u00aa planta de la Facultad de Ciencias de la Educaci\u00f3n (campus Pirotecnia)<\/strong>. Puedes contactar con el departamento visitando la secretar\u00eda del departamento, escribiendo a la direcci\u00f3n de correo <strong>fcesdm@us.es<\/strong> o contactando directamente con el personal del mismo cuyos despachos, tel\u00e9fonos y correos encontrar\u00e1s en la pesta\u00f1a \u00abPersonal Departamento\u00bb.<\/p>\n\n\n\n<p>El departamento tiene sus or\u00edgenes en el Seminario de Matem\u00e1ticas de la antigua Escuela de Magisterio. Con la creaci\u00f3n de los departamento universitarios, pas\u00f3 a formar parte en 1989 del Departamento de las Ciencias Experimentales, Sociales y Matem\u00e1ticas, del que se separ\u00f3 en 1996. Posteriormente, con la creaci\u00f3n de la Facultad de Ciencias de la Educaci\u00f3n en 1993, se integr\u00f3 en ella, trasladando en 2010 su sede de la Avenida de la Ciudad Jard\u00edn al edificio situado en la calle Pirotecnia, dentro del campus Pirotecnia. <\/p>\n\n\n\n<p><\/p>\n\n\n\n<p><\/p>\n","protected":false},"excerpt":{"rendered":"<p>El Departamento de Did\u00e1ctica de las Matem\u00e1ticas de la Universidad de Sevilla se ubica en el bloque 2 de la 5\u00aa planta de la Facultad de Ciencias de la Educaci\u00f3n (campus Pirotecnia). Puedes contactar con el departamento visitando la secretar\u00eda del departamento, escribiendo a la direcci\u00f3n de correo fcesdm@us.es o contactando directamente con el personal [&hellip;]<\/p>\n","protected":false},"author":1,"featured_media":0,"parent":0,"menu_order":0,"comment_status":"closed","ping_status":"open","template":"","meta":{"footnotes":""},"class_list":["post-2","page","type-page","status-publish","hentry"],"_links":{"self":[{"href":"https:\/\/departamento.us.es\/ddidmate\/wp-json\/wp\/v2\/pages\/2","targetHints":{"allow":["GET"]}}],"collection":[{"href":"https:\/\/departamento.us.es\/ddidmate\/wp-json\/wp\/v2\/pages"}],"about":[{"href":"https:\/\/departamento.us.es\/ddidmate\/wp-json\/wp\/v2\/types\/page"}],"author":[{"embeddable":true,"href":"https:\/\/departamento.us.es\/ddidmate\/wp-json\/wp\/v2\/users\/1"}],"replies":[{"embeddable":true,"href":"https:\/\/departamento.us.es\/ddidmate\/wp-json\/wp\/v2\/comments?post=2"}],"version-history":[{"count":6,"href":"https:\/\/departamento.us.es\/ddidmate\/wp-json\/wp\/v2\/pages\/2\/revisions"}],"predecessor-version":[{"id":165,"href":"https:\/\/departamento.us.es\/ddidmate\/wp-json\/wp\/v2\/pages\/2\/revisions\/165"}],"wp:attachment":[{"href":"https:\/\/departamento.us.es\/ddidmate\/wp-json\/wp\/v2\/media?parent=2"}],"curies":[{"name":"wp","href":"https:\/\/api.w.org\/{rel}","templated":true}]}}