{"id":274,"date":"2026-03-11T19:35:58","date_gmt":"2026-03-11T18:35:58","guid":{"rendered":"https:\/\/departamento.us.es\/ddidmate\/?page_id=274"},"modified":"2026-03-11T19:35:59","modified_gmt":"2026-03-11T18:35:59","slug":"comisiones-del-departamento","status":"publish","type":"page","link":"https:\/\/departamento.us.es\/ddidmate\/comisiones-del-departamento\/","title":{"rendered":"Comisiones del Departamento"},"content":{"rendered":"\n<p><strong>Comisi\u00f3n de Docencia (desde 20\/09\/2024)<\/strong><\/p>\n\n\n\n<ul class=\"wp-block-list\">\n<li>Pilar G\u00f3mez del Rey<\/li>\n\n\n\n<li>M.\u00aa del Mar Li\u00f1\u00e1n Garc\u00eda<\/li>\n\n\n\n<li>M\u00aa Isabel Pascual Mart\u00edn<\/li>\n<\/ul>\n\n\n\n<p><strong>Comisi\u00f3n Investigaci\u00f3n (desde 17\/10\/2022)<\/strong><\/p>\n\n\n\n<ul class=\"wp-block-list\">\n<li>Aurora Fern\u00e1ndez Le\u00f3n<\/li>\n\n\n\n<li>Alfonso Gonz\u00e1lez Rega\u00f1a<\/li>\n\n\n\n<li>Ver\u00f3nica Mart\u00edn Molina<\/li>\n\n\n\n<li>M.\u00aa de la Cinta Mu\u00f1oz Catal\u00e1n<\/li>\n\n\n\n<li>Gloria S\u00e1nchez-Matamoros Garc\u00eda<\/li>\n<\/ul>\n\n\n\n<p><strong>Comisi\u00f3n Econ\u00f3mica (desde 20\/09\/2024)<\/strong><\/p>\n\n\n\n<ul class=\"wp-block-list\">\n<li>Aurora Fern\u00e1ndez Le\u00f3n (vocal)<\/li>\n\n\n\n<li>M.\u00aa Dolores Garc\u00eda El\u00edas (Secretaria)<\/li>\n\n\n\n<li>Antonio Gonz\u00e1lez Herrera (vocal)<\/li>\n\n\n\n<li>Ver\u00f3nica Mart\u00edn Molina (Presidenta)<\/li>\n<\/ul>\n\n\n\n<p><strong>Comisi\u00f3n TFG<\/strong><\/p>\n\n\n\n<ul class=\"wp-block-list\">\n<li>Ver\u00f3nica Mart\u00edn Molina (Presidenta)<\/li>\n\n\n\n<li>In\u00e9s Gallego S\u00e1nchez (vocal)<\/li>\n\n\n\n<li>Antonio Gonz\u00e1lez Herrera (vocal)<\/li>\n\n\n\n<li>Alfonso Gonz\u00e1lez Rega\u00f1a (Secretario)<\/li>\n<\/ul>\n\n\n\n<p><strong>Comisi\u00f3n Electoral<\/strong><\/p>\n\n\n\n<ul class=\"wp-block-list\">\n<li>Ver\u00f3nica Mart\u00edn Molina (Presidenta)<\/li>\n\n\n\n<li>M\u00aa Dolores Garc\u00eda El\u00edas (Secretaria)<\/li>\n\n\n\n<li>M\u00aa Isabel Pascual Mart\u00edn (vocal)<\/li>\n<\/ul>\n\n\n\n<p><strong>Representantes en comisiones de t\u00edtulo (nombrados curso 2022\/23)<\/strong><\/p>\n\n\n\n<ul class=\"wp-block-list\">\n<li>Grado en Educaci\u00f3n Primaria: M\u00aa Mar Li\u00f1\u00e1n Garc\u00eda e In\u00e9s  Gallego S\u00e1nchez<\/li>\n\n\n\n<li>Grado en Educaci\u00f3n Infantil: M.\u00aa de la Cinta Mu\u00f1oz Catal\u00e1n<\/li>\n\n\n\n<li>M\u00e1ster IIEAC: M.\u00aa Cinta Mu\u00f1oz Catal\u00e1n y Jos\u00e9 Mar\u00eda Gavil\u00e1n Izquierdo<\/li>\n<\/ul>\n","protected":false},"excerpt":{"rendered":"<p>Comisi\u00f3n de Docencia (desde 20\/09\/2024) Comisi\u00f3n Investigaci\u00f3n (desde 17\/10\/2022) Comisi\u00f3n Econ\u00f3mica (desde 20\/09\/2024) Comisi\u00f3n TFG Comisi\u00f3n Electoral Representantes en comisiones de t\u00edtulo (nombrados curso 2022\/23)<\/p>\n","protected":false},"author":1,"featured_media":0,"parent":0,"menu_order":0,"comment_status":"closed","ping_status":"closed","template":"","meta":{"footnotes":""},"class_list":["post-274","page","type-page","status-publish","hentry"],"_links":{"self":[{"href":"https:\/\/departamento.us.es\/ddidmate\/wp-json\/wp\/v2\/pages\/274","targetHints":{"allow":["GET"]}}],"collection":[{"href":"https:\/\/departamento.us.es\/ddidmate\/wp-json\/wp\/v2\/pages"}],"about":[{"href":"https:\/\/departamento.us.es\/ddidmate\/wp-json\/wp\/v2\/types\/page"}],"author":[{"embeddable":true,"href":"https:\/\/departamento.us.es\/ddidmate\/wp-json\/wp\/v2\/users\/1"}],"replies":[{"embeddable":true,"href":"https:\/\/departamento.us.es\/ddidmate\/wp-json\/wp\/v2\/comments?post=274"}],"version-history":[{"count":5,"href":"https:\/\/departamento.us.es\/ddidmate\/wp-json\/wp\/v2\/pages\/274\/revisions"}],"predecessor-version":[{"id":279,"href":"https:\/\/departamento.us.es\/ddidmate\/wp-json\/wp\/v2\/pages\/274\/revisions\/279"}],"wp:attachment":[{"href":"https:\/\/departamento.us.es\/ddidmate\/wp-json\/wp\/v2\/media?parent=274"}],"curies":[{"name":"wp","href":"https:\/\/api.w.org\/{rel}","templated":true}]}}