{"id":36,"date":"2025-03-10T18:06:50","date_gmt":"2025-03-10T17:06:50","guid":{"rendered":"https:\/\/departamento.us.es\/ddidmate\/?page_id=36"},"modified":"2025-11-24T18:16:52","modified_gmt":"2025-11-24T17:16:52","slug":"elecciones-sector-c-consejos-de-departamentos","status":"publish","type":"page","link":"https:\/\/departamento.us.es\/ddidmate\/elecciones-sector-c-consejos-de-departamentos\/","title":{"rendered":"Elecciones Sector C Consejos de Departamentos"},"content":{"rendered":"\n<p class=\"has-vivid-cyan-blue-color has-text-color has-link-color has-medium-font-size wp-elements-1e78ec76c0e1af01f8fc7863cc36370d\">CALENDARIO  25\/26<\/p>\n\n\n\n<div class=\"wp-block-file\"><a id=\"wp-block-file--media-a2c550d9-032e-41d5-bb9a-73a7f426d581\" href=\"https:\/\/departamento.us.es\/ddidmate\/wp-content\/uploads\/2025\/11\/Convocatoria-de-Elecciones-CdD.pdf\">Convocatoria de Elecciones CdD<\/a><a href=\"https:\/\/departamento.us.es\/ddidmate\/wp-content\/uploads\/2025\/11\/Convocatoria-de-Elecciones-CdD.pdf\" class=\"wp-block-file__button wp-element-button\" download aria-describedby=\"wp-block-file--media-a2c550d9-032e-41d5-bb9a-73a7f426d581\">Descarga<\/a><\/div>\n\n\n\n<p class=\"has-vivid-cyan-blue-color has-text-color has-link-color wp-elements-8f688c19c48d1be192d31538fe3f16fb\">No habi\u00e9ndose presentado candidaturas, el proceso ha terminado (ver la resoluci\u00f3n en el tabl\u00f3n f\u00edsico del departamento).<\/p>\n\n\n\n<p><\/p>\n","protected":false},"excerpt":{"rendered":"<p>CALENDARIO 25\/26 No habi\u00e9ndose presentado candidaturas, el proceso ha terminado (ver la resoluci\u00f3n en el tabl\u00f3n f\u00edsico del departamento).<\/p>\n","protected":false},"author":1,"featured_media":0,"parent":0,"menu_order":0,"comment_status":"closed","ping_status":"closed","template":"","meta":{"footnotes":""},"class_list":["post-36","page","type-page","status-publish","hentry"],"_links":{"self":[{"href":"https:\/\/departamento.us.es\/ddidmate\/wp-json\/wp\/v2\/pages\/36","targetHints":{"allow":["GET"]}}],"collection":[{"href":"https:\/\/departamento.us.es\/ddidmate\/wp-json\/wp\/v2\/pages"}],"about":[{"href":"https:\/\/departamento.us.es\/ddidmate\/wp-json\/wp\/v2\/types\/page"}],"author":[{"embeddable":true,"href":"https:\/\/departamento.us.es\/ddidmate\/wp-json\/wp\/v2\/users\/1"}],"replies":[{"embeddable":true,"href":"https:\/\/departamento.us.es\/ddidmate\/wp-json\/wp\/v2\/comments?post=36"}],"version-history":[{"count":22,"href":"https:\/\/departamento.us.es\/ddidmate\/wp-json\/wp\/v2\/pages\/36\/revisions"}],"predecessor-version":[{"id":261,"href":"https:\/\/departamento.us.es\/ddidmate\/wp-json\/wp\/v2\/pages\/36\/revisions\/261"}],"wp:attachment":[{"href":"https:\/\/departamento.us.es\/ddidmate\/wp-json\/wp\/v2\/media?parent=36"}],"curies":[{"name":"wp","href":"https:\/\/api.w.org\/{rel}","templated":true}]}}