{"id":76,"date":"2022-03-18T07:58:32","date_gmt":"2022-03-18T07:58:32","guid":{"rendered":"https:\/\/departamento.us.es\/ddoe\/?page_id=76"},"modified":"2022-03-22T07:29:04","modified_gmt":"2022-03-22T07:29:04","slug":"politica-de-cookies","status":"publish","type":"page","link":"https:\/\/departamento.us.es\/ddoe\/politica-de-cookies\/","title":{"rendered":"Pol\u00edtica de cookies"},"content":{"rendered":"<p>Esta Pol\u00edtica de Gesti\u00f3n de cookies explica c\u00f3mo se usan las cookies en <a href=\"https:\/\/departamento.us.es\/ddoe\">https:\/\/departamento.us.es\/ddoe<\/a>\u00a0y c\u00f3mo se pueden habilitar y deshabilitar.<\/p>\n<p><strong>No recopilaremos informaci\u00f3n personal sobre ti sin tu consentimiento.<\/strong><\/p>\n<p><strong>\u00bfQu\u00e9 es una cookie?<\/strong><\/p>\n<p>Una cookie es informaci\u00f3n\u00a0<strong>an\u00f3nima\u00a0<\/strong>que<strong>\u00a0<\/strong>se almacena en un ordenador, tablet o m\u00f3vil cuando navegas por internet permitiendo reconocer el equipo que est\u00e1s utilizando.<\/p>\n<p>Cuando navegas por <a href=\"https:\/\/departamento.us.es\/ddoe\">https:\/\/departamento.us.es\/ddoe<\/a> el sitio puede tener \u00abcookies\u00bb.<\/p>\n<p>Las cookies graban informaci\u00f3n de forma an\u00f3nima y\u00a0<strong>no da\u00f1an tu equipo.<\/strong><\/p>\n<p><strong>\u00bfQu\u00e9 son las cookies que utiliza <a href=\"https:\/\/departamento.us.es\/ddoe\">https:\/\/departamento.us.es\/ddoe<\/a><\/strong>?<\/p>\n<table>\n<tbody>\n<tr>\n<td><strong>Tipo de cookies<\/strong><\/td>\n<td><strong>Finalidad de la cookie<\/strong><\/td>\n<td><strong>Consecuencia de deshabilitar la cookie<\/strong><\/td>\n<\/tr>\n<tr>\n<td><strong>Fundamental<\/strong><\/td>\n<td>Estas cookies b\u00e1sicas son imprescindibles para garantizar que tengas una visita sin incidencias: permiten que la p\u00e1gina web te reconozca y deje tu sesi\u00f3n abierta. Adem\u00e1s, facilitan que uses otras herramientas b\u00e1sicas.<\/td>\n<td>La p\u00e1gina web no funciona correctamente sin estas cookies, por lo que deben estar siempre activas. De lo contrario, puede que algunos accesos queden bloqueados.<\/td>\n<\/tr>\n<tr>\n<td><strong>Funcional<\/strong><\/td>\n<td>Estas cookies ayudan a mejorar tu experiencia y te permiten usar el contenido comparti\u00e9ndolo en twitter, facebook, instagram\u2026<\/td>\n<td>Sin estas cookies, puede que tengas acceso restringido a algunos contenidos y herramientas.<\/td>\n<\/tr>\n<tr>\n<td><strong>An\u00e1lisis<\/strong><\/td>\n<td>Estas cookies de an\u00e1lisis recopilan informaci\u00f3n en relaci\u00f3n con el uso de nuestra web que nos permite elaborar estad\u00edsticas de nuestras visitas a la web y as\u00ed realizar los cambios pertinentes para mejorar la experiencia online.<\/td>\n<td>Sin esta informaci\u00f3n, no podremos mejorar nuestra web en base a tu experiencia online, conocer las estad\u00edsticas globales y an\u00f3nimas del tr\u00e1fico web, etc. .<\/td>\n<\/tr>\n<\/tbody>\n<\/table>\n<p>En tu primera visita a nuestra web aparecer\u00e1 un banner informativo en el que podr\u00e1s dar tu consentimiento para el uso de cookies con fines publicitarios.<\/p>\n<p>Al pinchar aqu\u00ed podr\u00e1s controlar el registro de cookies y personalizar los ajustes.<\/p>\n<p><strong>\u00bfQui\u00e9n tiene acceso a tus cookies?<\/strong><\/p>\n<p>Las p\u00e1ginas de internet solo pueden acceder a las cookies que han almacenado en tu equipo. Por ejemplo, si la empresa X guarda una cookie en tu navegador, X podr\u00e1 acceder a su propia cookie pero no a aquellas de otra empresa.<\/p>\n","protected":false},"excerpt":{"rendered":"<p>Esta Pol\u00edtica de Gesti\u00f3n de cookies explica c\u00f3mo se usan las cookies en https:\/\/departamento.us.es\/ddoe\u00a0y c\u00f3mo se pueden habilitar y deshabilitar. No recopilaremos informaci\u00f3n personal sobre ti sin tu consentimiento. \u00bfQu\u00e9 es una cookie? Una cookie es informaci\u00f3n\u00a0an\u00f3nima\u00a0que\u00a0se almacena en un ordenador, tablet o m\u00f3vil cuando navegas por internet permitiendo reconocer el equipo que est\u00e1s utilizando. [&hellip;]<\/p>\n","protected":false},"author":1,"featured_media":0,"parent":0,"menu_order":0,"comment_status":"closed","ping_status":"open","template":"","meta":{"footnotes":""},"class_list":["post-76","page","type-page","status-publish","hentry"],"yoast_head":"<!-- This site is optimized with the Yoast SEO plugin v27.3 - https:\/\/yoast.com\/product\/yoast-seo-wordpress\/ -->\n<title>Pol\u00edtica de cookies - Departamento de Did\u00e1ctica y Organizaci\u00f3n Educativa<\/title>\n<meta name=\"robots\" content=\"index, follow, max-snippet:-1, max-image-preview:large, max-video-preview:-1\" \/>\n<link rel=\"canonical\" href=\"https:\/\/departamento.us.es\/ddoe\/politica-de-cookies\/\" \/>\n<meta property=\"og:locale\" content=\"es_ES\" \/>\n<meta property=\"og:type\" content=\"article\" \/>\n<meta property=\"og:title\" content=\"Pol\u00edtica de cookies - Departamento de Did\u00e1ctica y Organizaci\u00f3n Educativa\" \/>\n<meta property=\"og:description\" content=\"Esta Pol\u00edtica de Gesti\u00f3n de cookies explica c\u00f3mo se usan las cookies en https:\/\/departamento.us.es\/ddoe\u00a0y c\u00f3mo se pueden habilitar y deshabilitar. No recopilaremos informaci\u00f3n personal sobre ti sin tu consentimiento. \u00bfQu\u00e9 es una cookie? Una cookie es informaci\u00f3n\u00a0an\u00f3nima\u00a0que\u00a0se almacena en un ordenador, tablet o m\u00f3vil cuando navegas por internet permitiendo reconocer el equipo que est\u00e1s utilizando. [&hellip;]\" \/>\n<meta property=\"og:url\" content=\"https:\/\/departamento.us.es\/ddoe\/politica-de-cookies\/\" \/>\n<meta property=\"og:site_name\" content=\"Departamento de Did\u00e1ctica y Organizaci\u00f3n Educativa\" \/>\n<meta property=\"article:publisher\" content=\"https:\/\/www.facebook.com\/pages\/FacultaddeCienciasdelaEducacin\/108534009178825\/\" \/>\n<meta property=\"article:modified_time\" content=\"2022-03-22T07:29:04+00:00\" \/>\n<meta name=\"twitter:card\" content=\"summary_large_image\" \/>\n<meta name=\"twitter:site\" content=\"@EducacionUs\" \/>\n<meta name=\"twitter:label1\" content=\"Tiempo de lectura\" \/>\n\t<meta name=\"twitter:data1\" content=\"2 minutos\" \/>\n<script type=\"application\/ld+json\" class=\"yoast-schema-graph\">{\"@context\":\"https:\\\/\\\/schema.org\",\"@graph\":[{\"@type\":\"WebPage\",\"@id\":\"https:\\\/\\\/departamento.us.es\\\/ddoe\\\/politica-de-cookies\\\/\",\"url\":\"https:\\\/\\\/departamento.us.es\\\/ddoe\\\/politica-de-cookies\\\/\",\"name\":\"Pol\u00edtica de cookies - Departamento de Did\u00e1ctica y Organizaci\u00f3n Educativa\",\"isPartOf\":{\"@id\":\"https:\\\/\\\/departamento.us.es\\\/ddoe\\\/#website\"},\"datePublished\":\"2022-03-18T07:58:32+00:00\",\"dateModified\":\"2022-03-22T07:29:04+00:00\",\"breadcrumb\":{\"@id\":\"https:\\\/\\\/departamento.us.es\\\/ddoe\\\/politica-de-cookies\\\/#breadcrumb\"},\"inLanguage\":\"es\",\"potentialAction\":[{\"@type\":\"ReadAction\",\"target\":[\"https:\\\/\\\/departamento.us.es\\\/ddoe\\\/politica-de-cookies\\\/\"]}]},{\"@type\":\"BreadcrumbList\",\"@id\":\"https:\\\/\\\/departamento.us.es\\\/ddoe\\\/politica-de-cookies\\\/#breadcrumb\",\"itemListElement\":[{\"@type\":\"ListItem\",\"position\":1,\"name\":\"Portada\",\"item\":\"https:\\\/\\\/departamento.us.es\\\/ddoe\\\/\"},{\"@type\":\"ListItem\",\"position\":2,\"name\":\"Pol\u00edtica de cookies\"}]},{\"@type\":\"WebSite\",\"@id\":\"https:\\\/\\\/departamento.us.es\\\/ddoe\\\/#website\",\"url\":\"https:\\\/\\\/departamento.us.es\\\/ddoe\\\/\",\"name\":\"Departamento de Did\u00e1ctica y Organizaci\u00f3n Educativa\",\"description\":\"Universidad de Sevilla\",\"publisher\":{\"@id\":\"https:\\\/\\\/departamento.us.es\\\/ddoe\\\/#organization\"},\"potentialAction\":[{\"@type\":\"SearchAction\",\"target\":{\"@type\":\"EntryPoint\",\"urlTemplate\":\"https:\\\/\\\/departamento.us.es\\\/ddoe\\\/?s={search_term_string}\"},\"query-input\":{\"@type\":\"PropertyValueSpecification\",\"valueRequired\":true,\"valueName\":\"search_term_string\"}}],\"inLanguage\":\"es\"},{\"@type\":\"Organization\",\"@id\":\"https:\\\/\\\/departamento.us.es\\\/ddoe\\\/#organization\",\"name\":\"Departamento de Did\u00e1ctica y Organizaci\u00f3n Educativa\",\"url\":\"https:\\\/\\\/departamento.us.es\\\/ddoe\\\/\",\"logo\":{\"@type\":\"ImageObject\",\"inLanguage\":\"es\",\"@id\":\"https:\\\/\\\/departamento.us.es\\\/ddoe\\\/#\\\/schema\\\/logo\\\/image\\\/\",\"url\":\"https:\\\/\\\/departamento.us.es\\\/ddoe\\\/wp-content\\\/uploads\\\/2022\\\/04\\\/Logo-DOE-US-Ancho320-e1651127401434.png\",\"contentUrl\":\"https:\\\/\\\/departamento.us.es\\\/ddoe\\\/wp-content\\\/uploads\\\/2022\\\/04\\\/Logo-DOE-US-Ancho320-e1651127401434.png\",\"width\":320,\"height\":110,\"caption\":\"Departamento de Did\u00e1ctica y Organizaci\u00f3n Educativa\"},\"image\":{\"@id\":\"https:\\\/\\\/departamento.us.es\\\/ddoe\\\/#\\\/schema\\\/logo\\\/image\\\/\"},\"sameAs\":[\"https:\\\/\\\/www.facebook.com\\\/pages\\\/FacultaddeCienciasdelaEducacin\\\/108534009178825\\\/\",\"https:\\\/\\\/x.com\\\/EducacionUs\"]}]}<\/script>\n<!-- \/ Yoast SEO plugin. -->","yoast_head_json":{"title":"Pol\u00edtica de cookies - Departamento de Did\u00e1ctica y Organizaci\u00f3n Educativa","robots":{"index":"index","follow":"follow","max-snippet":"max-snippet:-1","max-image-preview":"max-image-preview:large","max-video-preview":"max-video-preview:-1"},"canonical":"https:\/\/departamento.us.es\/ddoe\/politica-de-cookies\/","og_locale":"es_ES","og_type":"article","og_title":"Pol\u00edtica de cookies - Departamento de Did\u00e1ctica y Organizaci\u00f3n Educativa","og_description":"Esta Pol\u00edtica de Gesti\u00f3n de cookies explica c\u00f3mo se usan las cookies en https:\/\/departamento.us.es\/ddoe\u00a0y c\u00f3mo se pueden habilitar y deshabilitar. No recopilaremos informaci\u00f3n personal sobre ti sin tu consentimiento. \u00bfQu\u00e9 es una cookie? Una cookie es informaci\u00f3n\u00a0an\u00f3nima\u00a0que\u00a0se almacena en un ordenador, tablet o m\u00f3vil cuando navegas por internet permitiendo reconocer el equipo que est\u00e1s utilizando. [&hellip;]","og_url":"https:\/\/departamento.us.es\/ddoe\/politica-de-cookies\/","og_site_name":"Departamento de Did\u00e1ctica y Organizaci\u00f3n Educativa","article_publisher":"https:\/\/www.facebook.com\/pages\/FacultaddeCienciasdelaEducacin\/108534009178825\/","article_modified_time":"2022-03-22T07:29:04+00:00","twitter_card":"summary_large_image","twitter_site":"@EducacionUs","twitter_misc":{"Tiempo de lectura":"2 minutos"},"schema":{"@context":"https:\/\/schema.org","@graph":[{"@type":"WebPage","@id":"https:\/\/departamento.us.es\/ddoe\/politica-de-cookies\/","url":"https:\/\/departamento.us.es\/ddoe\/politica-de-cookies\/","name":"Pol\u00edtica de cookies - Departamento de Did\u00e1ctica y Organizaci\u00f3n Educativa","isPartOf":{"@id":"https:\/\/departamento.us.es\/ddoe\/#website"},"datePublished":"2022-03-18T07:58:32+00:00","dateModified":"2022-03-22T07:29:04+00:00","breadcrumb":{"@id":"https:\/\/departamento.us.es\/ddoe\/politica-de-cookies\/#breadcrumb"},"inLanguage":"es","potentialAction":[{"@type":"ReadAction","target":["https:\/\/departamento.us.es\/ddoe\/politica-de-cookies\/"]}]},{"@type":"BreadcrumbList","@id":"https:\/\/departamento.us.es\/ddoe\/politica-de-cookies\/#breadcrumb","itemListElement":[{"@type":"ListItem","position":1,"name":"Portada","item":"https:\/\/departamento.us.es\/ddoe\/"},{"@type":"ListItem","position":2,"name":"Pol\u00edtica de cookies"}]},{"@type":"WebSite","@id":"https:\/\/departamento.us.es\/ddoe\/#website","url":"https:\/\/departamento.us.es\/ddoe\/","name":"Departamento de Did\u00e1ctica y Organizaci\u00f3n Educativa","description":"Universidad de Sevilla","publisher":{"@id":"https:\/\/departamento.us.es\/ddoe\/#organization"},"potentialAction":[{"@type":"SearchAction","target":{"@type":"EntryPoint","urlTemplate":"https:\/\/departamento.us.es\/ddoe\/?s={search_term_string}"},"query-input":{"@type":"PropertyValueSpecification","valueRequired":true,"valueName":"search_term_string"}}],"inLanguage":"es"},{"@type":"Organization","@id":"https:\/\/departamento.us.es\/ddoe\/#organization","name":"Departamento de Did\u00e1ctica y Organizaci\u00f3n Educativa","url":"https:\/\/departamento.us.es\/ddoe\/","logo":{"@type":"ImageObject","inLanguage":"es","@id":"https:\/\/departamento.us.es\/ddoe\/#\/schema\/logo\/image\/","url":"https:\/\/departamento.us.es\/ddoe\/wp-content\/uploads\/2022\/04\/Logo-DOE-US-Ancho320-e1651127401434.png","contentUrl":"https:\/\/departamento.us.es\/ddoe\/wp-content\/uploads\/2022\/04\/Logo-DOE-US-Ancho320-e1651127401434.png","width":320,"height":110,"caption":"Departamento de Did\u00e1ctica y Organizaci\u00f3n Educativa"},"image":{"@id":"https:\/\/departamento.us.es\/ddoe\/#\/schema\/logo\/image\/"},"sameAs":["https:\/\/www.facebook.com\/pages\/FacultaddeCienciasdelaEducacin\/108534009178825\/","https:\/\/x.com\/EducacionUs"]}]}},"_links":{"self":[{"href":"https:\/\/departamento.us.es\/ddoe\/wp-json\/wp\/v2\/pages\/76","targetHints":{"allow":["GET"]}}],"collection":[{"href":"https:\/\/departamento.us.es\/ddoe\/wp-json\/wp\/v2\/pages"}],"about":[{"href":"https:\/\/departamento.us.es\/ddoe\/wp-json\/wp\/v2\/types\/page"}],"author":[{"embeddable":true,"href":"https:\/\/departamento.us.es\/ddoe\/wp-json\/wp\/v2\/users\/1"}],"replies":[{"embeddable":true,"href":"https:\/\/departamento.us.es\/ddoe\/wp-json\/wp\/v2\/comments?post=76"}],"version-history":[{"count":0,"href":"https:\/\/departamento.us.es\/ddoe\/wp-json\/wp\/v2\/pages\/76\/revisions"}],"wp:attachment":[{"href":"https:\/\/departamento.us.es\/ddoe\/wp-json\/wp\/v2\/media?parent=76"}],"curies":[{"name":"wp","href":"https:\/\/api.w.org\/{rel}","templated":true}]}}