{"id":1053,"date":"2021-12-23T02:40:22","date_gmt":"2021-12-23T02:40:22","guid":{"rendered":"https:\/\/departamento.us.es\/deconapli1\/?page_id=1053"},"modified":"2025-11-13T09:48:20","modified_gmt":"2025-11-13T09:48:20","slug":"investigacion","status":"publish","type":"page","link":"https:\/\/departamento.us.es\/deconapli1\/investigacion\/","title":{"rendered":"Investigaci\u00f3n"},"content":{"rendered":"<p>[et_pb_section fb_built=&#8221;1&#8243; _builder_version=&#8221;4.14.7&#8243; _module_preset=&#8221;default&#8221; background_image=&#8221;https:\/\/departamento.us.es\/deconapli1\/wp-content\/uploads\/2022\/02\/facultad_cee_interior3_gris_Compressed.png&#8221; background_position=&#8221;bottom_center&#8221; locked=&#8221;off&#8221; global_colors_info=&#8221;{}&#8221;][et_pb_row _builder_version=&#8221;4.14.2&#8243; _module_preset=&#8221;default&#8221; global_colors_info=&#8221;{}&#8221;][et_pb_column type=&#8221;4_4&#8243; _builder_version=&#8221;4.14.2&#8243; _module_preset=&#8221;default&#8221; global_colors_info=&#8221;{}&#8221;][et_pb_text _builder_version=&#8221;4.14.2&#8243; _module_preset=&#8221;default&#8221; text_font=&#8221;Prata||||||||&#8221; text_text_color=&#8221;#FFFFFF&#8221; text_font_size=&#8221;30px&#8221; text_line_height=&#8221;1.5em&#8221; text_font_size_tablet=&#8221;30px&#8221; text_font_size_phone=&#8221;17px&#8221; text_font_size_last_edited=&#8221;on|phone&#8221; text_text_shadow_style=&#8221;preset2&#8243; locked=&#8221;off&#8221; global_colors_info=&#8221;{}&#8221;]<\/p>\n<p>Investigaci\u00f3n<\/p>\n<p>[\/et_pb_text][\/et_pb_column][\/et_pb_row][\/et_pb_section][et_pb_section fb_built=&#8221;1&#8243; admin_label=&#8221;Header&#8221; _builder_version=&#8221;3.22&#8243; custom_padding=&#8221;54px|0px|0|0px|false|false&#8221; locked=&#8221;off&#8221; global_colors_info=&#8221;{}&#8221;][et_pb_row _builder_version=&#8221;4.10.8&#8243; _module_preset=&#8221;default&#8221; locked=&#8221;off&#8221; global_colors_info=&#8221;{}&#8221;][et_pb_column type=&#8221;4_4&#8243; _builder_version=&#8221;4.10.8&#8243; _module_preset=&#8221;default&#8221; global_colors_info=&#8221;{}&#8221;][et_pb_text _builder_version=&#8221;4.14.7&#8243; _module_preset=&#8221;default&#8221; text_font=&#8221;|600|||||||&#8221; text_text_color=&#8221;#8D0739&#8243; text_font_size=&#8221;13px&#8221; link_text_color=&#8221;#055169&#8243; global_colors_info=&#8221;{}&#8221;]<a href=\"https:\/\/departamento.us.es\/deconapli1\/\"style=\"color:#8d0739!important;\">Inicio<\/a>\u00a0<svg xmlns=\"http:\/\/www.w3.org\/2000\/svg\" viewbox=\"-11 -2 30 17\" width=\"15\" fill=\"currentColor\"><path d=\"M5.314 7.071l-4.95-4.95A1 1 0 0 1 1.778.707l5.657 5.657a1 1 0 0 1 0 1.414l-5.657 5.657a1 1 0 0 1-1.414-1.414l4.95-4.95z\"><\/path><\/svg> Investigaci\u00f3n[\/et_pb_text][\/et_pb_column][\/et_pb_row][\/et_pb_section][et_pb_section fb_built=&#8221;1&#8243; admin_label=&#8221;Vision&#8221; _builder_version=&#8221;3.22&#8243; global_colors_info=&#8221;{}&#8221;][et_pb_row column_structure=&#8221;1_2,1_2&#8243; padding_top_bottom_link_1=&#8221;false&#8221; padding_top_bottom_link_2=&#8221;false&#8221; padding_top_bottom_link_3=&#8221;false&#8221; padding_left_right_link_1=&#8221;true&#8221; padding_left_right_link_2=&#8221;true&#8221; padding_left_right_link_3=&#8221;true&#8221; _builder_version=&#8221;3.25&#8243; module_alignment=&#8221;center&#8221; custom_margin_tablet=&#8221;|||3vw&#8221; custom_margin_phone=&#8221;|||2vw&#8221; custom_margin_last_edited=&#8221;off|desktop&#8221; animation_style=&#8221;slide&#8221; animation_direction=&#8221;top&#8221; animation_intensity_slide=&#8221;2%&#8221; global_colors_info=&#8221;{}&#8221;][et_pb_column type=&#8221;1_2&#8243; _builder_version=&#8221;3.25&#8243; background_color=&#8221;#f5f5f5&#8243; custom_padding=&#8221;40px|30px||30px&#8221; custom_padding_tablet=&#8221;40px|||&#8221; custom_padding_phone=&#8221;40px|||&#8221; custom_padding_last_edited=&#8221;on|desktop&#8221; global_colors_info=&#8221;{}&#8221; padding_tablet=&#8221;40px|||&#8221; padding_last_edited=&#8221;on|desktop&#8221; custom_padding__hover=&#8221;|||&#8221; padding_phone=&#8221;40px|||&#8221;][et_pb_divider color=&#8221;#8D0739&#8243; divider_position=&#8221;center&#8221; divider_weight=&#8221;3px&#8221; _builder_version=&#8221;4.14.2&#8243; max_width=&#8221;60px&#8221; height=&#8221;3px&#8221; custom_margin=&#8221;||10px|&#8221; global_colors_info=&#8221;{}&#8221;][\/et_pb_divider][et_pb_text _builder_version=&#8221;4.14.2&#8243; text_font=&#8221;|700||on|||||&#8221; text_text_color=&#8221;#8D0739&#8243; text_font_size=&#8221;17px&#8221; header_font=&#8221;||||||||&#8221; header_3_font=&#8221;Ubuntu||||||||&#8221; header_3_font_size=&#8221;16px&#8221; header_3_line_height=&#8221;1.8em&#8221; global_colors_info=&#8221;{}&#8221;]<\/p>\n<p>Resultados de Investigaci\u00f3n<\/p>\n<p>[\/et_pb_text][et_pb_text _builder_version=&#8221;4.14.2&#8243; text_font=&#8221;||||||||&#8221; text_text_color=&#8221;#8D0739&#8243; text_line_height=&#8221;1.8em&#8221; global_colors_info=&#8221;{}&#8221;]PRISMA integra la producci\u00f3n cient\u00edfica de la Universidad de Sevilla, facilitando su revisi\u00f3n y actualizaci\u00f3n.[\/et_pb_text][et_pb_button button_url=&#8221;https:\/\/bibliometria.us.es\/prisma\/&#8221; url_new_window=&#8221;on&#8221; button_text=&#8221;Mire en este enlace&#8221; button_alignment=&#8221;left&#8221; _builder_version=&#8221;4.14.2&#8243; _module_preset=&#8221;default&#8221; custom_button=&#8221;on&#8221; button_text_size=&#8221;12px&#8221; button_text_color=&#8221;#FFFFFF&#8221; button_bg_color=&#8221;#8D0739&#8243; button_icon=&#8221;&#x3d;||divi||400&#8243; button_icon_color=&#8221;#D99122&#8243; custom_margin=&#8221;-5px||||false|false&#8221; animation_style=&#8221;flip&#8221; button_text_shadow_style=&#8221;preset2&#8243; locked=&#8221;off&#8221; global_colors_info=&#8221;{}&#8221;][\/et_pb_button][et_pb_toggle title=&#8221;Publicaciones&#8221; closed_toggle_background_color=&#8221;#ffffff&#8221; icon_color=&#8221;#8D0739&#8243; open_icon_color=&#8221;#8D0739&#8243; _builder_version=&#8221;4.14.2&#8243; title_text_color=&#8221;#8D0739&#8243; title_font=&#8221;Ubuntu||||||||&#8221; title_line_height=&#8221;1.6em&#8221; body_font=&#8221;||||||||&#8221; body_line_height=&#8221;1.9em&#8221; custom_margin=&#8221;|-30px|0px|-30px||true&#8221; custom_padding=&#8221;|||||false&#8221; animation_style=&#8221;slide&#8221; animation_direction=&#8221;top&#8221; animation_intensity_slide=&#8221;10%&#8221; animation_starting_opacity=&#8221;100%&#8221; border_width_all=&#8221;0px&#8221; border_color_all=&#8221;rgba(0,0,0,0.1)&#8221; border_width_bottom=&#8221;1px&#8221; locked=&#8221;off&#8221; global_colors_info=&#8221;{}&#8221;]<\/p>\n<p>Las publicaciones del PDI del departamento de Econom\u00eda Aplicada I se pueden consultar en este <a href=\"https:\/\/bibliometria.us.es\/prisma\/investigador\/buscar\/departamento\/I025\" target=\"_blank\" rel=\"noopener\">enlace de PRISMA<\/a><\/p>\n<p>[\/et_pb_toggle][et_pb_toggle title=&#8221;Tesis Doctorales Dirigidas por Doctores del Departamento en los Cinco \u00daltimos A\u00f1os&#8221; closed_toggle_background_color=&#8221;#ffffff&#8221; icon_color=&#8221;#8D0739&#8243; open_icon_color=&#8221;#8D0739&#8243; _builder_version=&#8221;4.14.7&#8243; title_text_color=&#8221;#8D0739&#8243; title_font=&#8221;Ubuntu||||||||&#8221; title_line_height=&#8221;1.6em&#8221; body_font=&#8221;||||||||&#8221; body_line_height=&#8221;1.9em&#8221; custom_margin=&#8221;|-30px|0px|-30px||true&#8221; custom_padding=&#8221;|||||false&#8221; animation_style=&#8221;slide&#8221; animation_direction=&#8221;top&#8221; animation_intensity_slide=&#8221;10%&#8221; animation_starting_opacity=&#8221;100%&#8221; link_option_url=&#8221;https:\/\/departamento.us.es\/deconapli1\/wp-content\/uploads\/2025\/11\/TESIS-LEIDAS-2018-2025-PAGINA-WEB.pdf&#8221; hover_enabled=&#8221;0&#8243; border_width_all=&#8221;0px&#8221; border_color_all=&#8221;rgba(0,0,0,0.1)&#8221; border_width_bottom=&#8221;1px&#8221; locked=&#8221;off&#8221; global_colors_info=&#8221;{}&#8221; sticky_enabled=&#8221;0&#8243;]<\/p>\n<blockquote>\n<p>Ver PDF<\/p>\n<\/blockquote>\n<p>[\/et_pb_toggle][et_pb_toggle title=&#8221;Proyectos de Investigaci\u00f3n en Curso con IP Doctor del Departamento&#8221; closed_toggle_background_color=&#8221;#ffffff&#8221; icon_color=&#8221;#8D0739&#8243; open_icon_color=&#8221;#8D0739&#8243; _builder_version=&#8221;4.14.2&#8243; title_text_color=&#8221;#8D0739&#8243; title_font=&#8221;Ubuntu||||||||&#8221; title_line_height=&#8221;1.6em&#8221; body_font=&#8221;||||||||&#8221; body_line_height=&#8221;1.9em&#8221; custom_margin=&#8221;|-30px|0px|-30px||true&#8221; custom_padding=&#8221;|||||false&#8221; animation_style=&#8221;slide&#8221; animation_direction=&#8221;top&#8221; animation_intensity_slide=&#8221;10%&#8221; animation_starting_opacity=&#8221;100%&#8221; border_width_all=&#8221;0px&#8221; border_color_all=&#8221;rgba(0,0,0,0.1)&#8221; border_width_bottom=&#8221;1px&#8221; locked=&#8221;off&#8221; global_colors_info=&#8221;{}&#8221;]<\/p>\n<p><a href=\"https:\/\/investigacion.us.es\/sisius\/sis_proyecto.php?idproy=29538\" target=\"_blank\" rel=\"noopener\">&#8220;Evolucionando Hacia los Gemelos Digitales en el \u00c1mbito de la Salud\u201d<\/a><\/p>\n<p><a href=\"https:\/\/investigacion.us.es\/sisius\/sis_proyecto.php?idproy=32227\" target=\"_blank\" rel=\"noopener\">\u201cLas Tics en la Creaci\u00f3n y Consolidaci\u00f3n de Empresas Innovadoras: un An\u00e1lisis desde la Perspectiva de G\u00e9nero&#8221;<\/a><\/p>\n<p><a href=\"https:\/\/investigacion.us.es\/sisius\/sis_proyecto.php?idproy=33847\" target=\"_blank\" rel=\"noopener\">Factor empresarial, ecosistemas digitales y transformaci\u00f3n digital de la PYME<\/a><\/p>\n<p>[\/et_pb_toggle][et_pb_divider color=&#8221;#8D0739&#8243; divider_position=&#8221;center&#8221; divider_weight=&#8221;3px&#8221; _builder_version=&#8221;4.14.2&#8243; max_width=&#8221;60px&#8221; height=&#8221;3px&#8221; custom_margin=&#8221;40px||10px||false|false&#8221; locked=&#8221;off&#8221; global_colors_info=&#8221;{}&#8221;][\/et_pb_divider][et_pb_text _builder_version=&#8221;4.14.2&#8243; text_font=&#8221;|700||on|||||&#8221; text_text_color=&#8221;#8D0739&#8243; text_font_size=&#8221;17px&#8221; header_font=&#8221;||||||||&#8221; header_3_font=&#8221;Ubuntu||||||||&#8221; header_3_font_size=&#8221;16px&#8221; header_3_line_height=&#8221;1.8em&#8221; global_colors_info=&#8221;{}&#8221;]<\/p>\n<p>Instituto de Econom\u00eda y Negocios Universidad de Sevilla (IUSEN)<\/p>\n<p>[\/et_pb_text][et_pb_button button_url=&#8221;http:\/\/centro.us.es\/iusen\/&#8221; url_new_window=&#8221;on&#8221; button_text=&#8221;Mire en este enlace&#8221; button_alignment=&#8221;left&#8221; _builder_version=&#8221;4.14.2&#8243; _module_preset=&#8221;default&#8221; custom_button=&#8221;on&#8221; button_text_size=&#8221;12px&#8221; button_text_color=&#8221;#FFFFFF&#8221; button_bg_color=&#8221;#8D0739&#8243; button_icon=&#8221;&#x3d;||divi||400&#8243; button_icon_color=&#8221;#D99122&#8243; custom_margin=&#8221;-5px||25px||false|false&#8221; animation_style=&#8221;flip&#8221; button_text_shadow_style=&#8221;preset2&#8243; locked=&#8221;off&#8221; global_colors_info=&#8221;{}&#8221;][\/et_pb_button][\/et_pb_column][et_pb_column type=&#8221;1_2&#8243; _builder_version=&#8221;3.25&#8243; background_color=&#8221;#f5f5f5&#8243; custom_padding=&#8221;40px|30px||30px&#8221; custom_padding_tablet=&#8221;40px|||&#8221; custom_padding_phone=&#8221;40px|||&#8221; custom_padding_last_edited=&#8221;on|desktop&#8221; global_colors_info=&#8221;{}&#8221; padding_tablet=&#8221;40px|||&#8221; padding_last_edited=&#8221;on|desktop&#8221; custom_padding__hover=&#8221;|||&#8221; padding_phone=&#8221;40px|||&#8221;][et_pb_divider color=&#8221;#D99122&#8243; divider_position=&#8221;center&#8221; divider_weight=&#8221;3px&#8221; _builder_version=&#8221;4.14.2&#8243; max_width=&#8221;60px&#8221; height=&#8221;3px&#8221; custom_margin=&#8221;||6px||false|false&#8221; locked=&#8221;off&#8221; global_colors_info=&#8221;{}&#8221;][\/et_pb_divider][et_pb_text _builder_version=&#8221;4.14.2&#8243; text_font=&#8221;|700||on|||||&#8221; text_text_color=&#8221;#D99122&#8243; text_font_size=&#8221;17px&#8221; header_font=&#8221;||||||||&#8221; header_3_font=&#8221;Ubuntu||||||||&#8221; header_3_font_size=&#8221;16px&#8221; header_3_line_height=&#8221;1.8em&#8221; global_colors_info=&#8221;{}&#8221;]<\/p>\n<p>Grupos de Investigaci\u00f3n<\/p>\n<p>[\/et_pb_text][et_pb_toggle title=&#8221;\u00c1rea de Econom\u00eda Aplicada&#8221; closed_toggle_background_color=&#8221;#ffffff&#8221; icon_color=&#8221;#D99122&#8243; open_icon_color=&#8221;#D99122&#8243; _builder_version=&#8221;4.14.7&#8243; title_text_color=&#8221;#D99122&#8243; title_font=&#8221;Ubuntu||||||||&#8221; title_line_height=&#8221;1.6em&#8221; body_font=&#8221;||||||||&#8221; body_line_height=&#8221;1.9em&#8221; custom_margin=&#8221;|-30px|0px|-30px||true&#8221; custom_padding=&#8221;|||||false&#8221; animation_style=&#8221;slide&#8221; animation_direction=&#8221;top&#8221; animation_intensity_slide=&#8221;10%&#8221; animation_starting_opacity=&#8221;100%&#8221; border_width_all=&#8221;0px&#8221; border_color_all=&#8221;rgba(0,0,0,0.1)&#8221; border_width_bottom=&#8221;1px&#8221; locked=&#8221;off&#8221; global_colors_info=&#8221;{}&#8221;]<\/p>\n<p><a href=\"https:\/\/investigacion.us.es\/sisius\/sis_depgrupos.php?seltext=SEJ128&amp;selfield=CODIGO\" target=\"_blank\" rel=\"noopener\">\u201cLAS PYMES Y EL DESARROLLO ECON\u00d3MICO\u201d<\/a> (SEJ-128)<\/p>\n<p align=\"justify\"><b>Responsable :<\/b> Dr. Jos\u00e9 Fern\u00e1ndez Serrano<\/p>\n<p align=\"justify\"><i><b>L\u00edneas de Investigaci\u00f3n :<\/b><\/i><\/p>\n<p align=\"justify\"><span style=\"font-size: medium;\"><i><b><\/b><\/i><\/span><\/p>\n<ul>\n<li>\n<p align=\"justify\">Emprendimiento y Creaci\u00f3n de Empresas<\/p>\n<\/li>\n<li>\n<p align=\"justify\">Desarrollo Econ\u00f3mico End\u00f3geno<\/p>\n<\/li>\n<li>\n<p align=\"justify\">Emprendimientos Sociales y Econom\u00eda Social<\/p>\n<\/li>\n<li>\n<p align=\"justify\">Educaci\u00f3n para el Emprendimiento<\/p>\n<\/li>\n<li>\n<p align=\"justify\">Innovaci\u00f3n y Oportunidades Empresariales<\/p>\n<\/li>\n<li>\n<p align=\"justify\">Cadenas de Valor Globales y Turismo<\/p>\n<\/li>\n<li>Digitalizaci\u00f3n de la Pyme<\/li>\n<li>Emprendimiento con Perspectiva de G\u00e9nero<\/li>\n<li>Proceso Emprendedor<\/li>\n<li>Calidad de la Estructura Empresarial<\/li>\n<li>Calidad del Empresario<\/li>\n<\/ul>\n<p><a href=\"https:\/\/investigacion.us.es\/sisius\/sis_showpub.php?idpers=4396\" target=\"_blank\" rel=\"noopener\">\u201cENTREPRENEURSHIP &amp; INNOVATION\u201d<\/a> (SEJ-689)<\/p>\n<p align=\"justify\"><b>Responsable :<\/b> Dr. Juan Antonio Mart\u00ednez Rom\u00e1n<\/p>\n<p align=\"justify\"><i><b>L\u00edneas de Investigaci\u00f3n :<\/b><\/i><\/p>\n<p align=\"justify\"><span style=\"font-size: medium;\"><i><b><\/b><\/i><\/span><\/p>\n<ul>\n<li>\n<p align=\"justify\">Emprendedores<\/p>\n<\/li>\n<li>\n<p align=\"justify\">Educaci\u00f3n Emprendedora y Formaci\u00f3n en Creaci\u00f3n de Empresas<\/p>\n<\/li>\n<li>\n<p align=\"justify\">Emprendimiento y Creaci\u00f3n de Empresas<\/p>\n<\/li>\n<li>\n<p align=\"justify\">Econom\u00eda de la Innovaci\u00f3n<\/p>\n<\/li>\n<li>\n<p align=\"justify\">Proceso de Emprendimiento<\/p>\n<\/li>\n<li>Emprendimiento y G\u00e9nero<\/li>\n<li>Innovaci\u00f3n Tecnol\u00f3gica y Emprendimiento<\/li>\n<li>An\u00e1lisis del Comportamiento Innovador<\/li>\n<li>Cambio Tecnol\u00f3gico e Innovaci\u00f3n<\/li>\n<li>Sistema Regional de Innovaci\u00f3n<\/li>\n<\/ul>\n<p>&nbsp;<\/p>\n<p>[\/et_pb_toggle][et_pb_toggle title=&#8221;\u00c1rea de M\u00e9todos Cuantitativos para la Econom\u00eda y la Empresa&#8221; closed_toggle_background_color=&#8221;#ffffff&#8221; icon_color=&#8221;#D99122&#8243; open_icon_color=&#8221;#D99122&#8243; _builder_version=&#8221;4.14.2&#8243; title_text_color=&#8221;#D99122&#8243; title_font=&#8221;Ubuntu||||||||&#8221; title_line_height=&#8221;1.6em&#8221; body_font=&#8221;||||||||&#8221; body_line_height=&#8221;1.9em&#8221; custom_margin=&#8221;|-30px|0px|-30px||true&#8221; custom_padding=&#8221;|||||false&#8221; animation_style=&#8221;slide&#8221; animation_direction=&#8221;top&#8221; animation_intensity_slide=&#8221;10%&#8221; animation_starting_opacity=&#8221;100%&#8221; border_width_all=&#8221;0px&#8221; border_color_all=&#8221;rgba(0,0,0,0.1)&#8221; border_width_bottom=&#8221;1px&#8221; locked=&#8221;off&#8221; global_colors_info=&#8221;{}&#8221;]<\/p>\n<p align=\"justify\"><a href=\"https:\/\/investigacion.us.es\/sisius\/sis_depgrupos.php?seltext=SEJ442&amp;selfield=CODIGO\" target=\"_blank\" rel=\"noopener\">\u201cM\u00c9TODOS CUALITATIVOS Y OPTIMIZACI\u00d3N EN SISTEMAS DIN\u00c1MICOS ECON\u00d3MICOS\u201d<\/a> SEJ-442<\/p>\n<p align=\"justify\"><b>Responsable :<\/b> Dr. Luis Gonz\u00e1lez Abril<\/p>\n<p align=\"justify\"><span style=\"font-size: medium;\"><\/span><\/p>\n<p align=\"justify\"><i><b>L\u00edneas de Investigaci\u00f3n <\/b><\/i><span style=\"font-size: medium;\"><b>:<\/b><\/span><\/p>\n<p align=\"justify\"><span style=\"font-size: medium;\"><b><\/b><\/span><\/p>\n<ul>\n<li>\n<p align=\"justify\">Estad\u00edstica, M\u00e9todos y T\u00e9cnicas de Investigaci\u00f3n Social.<\/p>\n<\/li>\n<li>\n<p align=\"justify\">Nuevas Metodolog\u00edas de Modelado de Sistemas Fisiol\u00f3gicos: Metodolog\u00edas, Interoperabilidad, Simulaci\u00f3n, Representaci\u00f3n del Conocimiento, T\u00e9cnicas de Optimizaci\u00f3n. Modelado y Simulaci\u00f3n de Sistemas Ingenieriles<\/p>\n<\/li>\n<li>\n<p align=\"justify\">Aplicaciones del An\u00e1lisis de Eficiencia en Diferentes Sectores: Agricultura, Tecnolog\u00eda, Contabilidad y Sector P\u00fablico.<\/p>\n<\/li>\n<li>\n<p align=\"justify\">Localizaci\u00f3n Matem\u00e1tica<\/p>\n<\/li>\n<li>\n<p align=\"justify\">Aplicaci\u00f3n de las TIC al Turismo<\/p>\n<\/li>\n<li>\n<p align=\"justify\">Inteligencia Artificial<\/p>\n<\/li>\n<\/ul>\n<p>&nbsp;<\/p>\n<p align=\"justify\"><a href=\"https:\/\/investigacion.us.es\/sisius\/sis_depgrupos.php?seltext=SEJ620&amp;selfield=CODIGO\" target=\"_blank\" rel=\"noopener\">\u201cDESTINOS TUR\u00cdSTICOS INTELIGENTES: SOSTENIBILIDAD, INNOVACI\u00d3N, TECNOLOG\u00cdA Y ACCESIBILIDAD\u201d<\/a> SEJ-620<\/p>\n<p align=\"justify\"><b>Responsable :<\/b> Dra. Mar\u00eda Rosario Gonz\u00e1lez Rodr\u00edguez<\/p>\n<p align=\"justify\"><span style=\"font-size: medium;\"><\/span><\/p>\n<p align=\"justify\"><i><b>L\u00edneas de Investigaci\u00f3n <\/b><\/i><span style=\"font-size: medium;\"><b>:<\/b><\/span><\/p>\n<p align=\"justify\"><span style=\"font-size: medium;\"><i><b><\/b><\/i><\/span><\/p>\n<p align=\"justify\"><span style=\"font-size: medium;\"><i><b><\/b><\/i><\/span><\/p>\n<ul>\n<li>\n<p align=\"justify\">Responsabilidad Social Corporativa<\/p>\n<\/li>\n<li>\n<p align=\"justify\">Tecnolog\u00edas (TIC) Aplicadas al Turismo<\/p>\n<\/li>\n<li>\n<p align=\"justify\">Innovaci\u00f3n en Destinos Tur\u00edsticos<\/p>\n<\/li>\n<li>\n<p align=\"justify\">Accesibilidad en Destinos Tur\u00edsticos<\/p>\n<\/li>\n<li>\n<p align=\"justify\">Innovaci\u00f3n en Empresas Tur\u00edsticas<\/p>\n<\/li>\n<li>\n<p align=\"justify\">Sostenibilidad en Destinos Tur\u00edsticos<\/p>\n<\/li>\n<li>\n<p align=\"justify\">Responsabilidad Social Corporativa en el Sector Tur\u00edstico<\/p>\n<\/li>\n<li>\n<p align=\"justify\">Gobierno Corporativo y Responsabilidad Social en Turismo<\/p>\n<\/li>\n<\/ul>\n<p>[\/et_pb_toggle][et_pb_divider color=&#8221;#3C3C3B&#8221; divider_weight=&#8221;3px&#8221; _builder_version=&#8221;4.14.2&#8243; max_width=&#8221;60px&#8221; height=&#8221;3px&#8221; custom_margin=&#8221;40px||6px||false|false&#8221; global_colors_info=&#8221;{}&#8221;][\/et_pb_divider][et_pb_text _builder_version=&#8221;4.14.2&#8243; text_font=&#8221;|700||on|||||&#8221; text_text_color=&#8221;#3C3C3B&#8221; text_font_size=&#8221;17px&#8221; header_font=&#8221;||||||||&#8221; header_3_font=&#8221;Ubuntu||||||||&#8221; header_3_text_color=&#8221;#96a6bd&#8221; header_3_font_size=&#8221;16px&#8221; header_3_line_height=&#8221;1.8em&#8221; global_colors_info=&#8221;{}&#8221;]<\/p>\n<p>Escuela Internacional de Doctorado<\/p>\n<p>[\/et_pb_text][et_pb_button button_url=&#8221;https:\/\/doctorado.us.es\/&#8221; url_new_window=&#8221;on&#8221; button_text=&#8221;Mire en este enlace&#8221; button_alignment=&#8221;left&#8221; _builder_version=&#8221;4.14.2&#8243; _module_preset=&#8221;default&#8221; custom_button=&#8221;on&#8221; button_text_size=&#8221;12px&#8221; button_text_color=&#8221;#FFFFFF&#8221; button_bg_color=&#8221;#8D0739&#8243; button_icon=&#8221;&#x3d;||divi||400&#8243; button_icon_color=&#8221;#D99122&#8243; custom_margin=&#8221;-5px||25px||false|false&#8221; animation_style=&#8221;flip&#8221; button_text_shadow_style=&#8221;preset2&#8243; locked=&#8221;off&#8221; global_colors_info=&#8221;{}&#8221;][\/et_pb_button][et_pb_toggle title=&#8221;Programas de Doctorado&#8221; closed_toggle_background_color=&#8221;#ffffff&#8221; icon_color=&#8221;#3C3C3B&#8221; open_icon_color=&#8221;#3C3C3B&#8221; _builder_version=&#8221;4.14.2&#8243; title_text_color=&#8221;#3C3C3B&#8221; title_font=&#8221;Ubuntu||||||||&#8221; title_line_height=&#8221;1.6em&#8221; body_font=&#8221;||||||||&#8221; body_line_height=&#8221;1.9em&#8221; custom_margin=&#8221;|-30px|0px|-30px||true&#8221; custom_padding=&#8221;|||||false&#8221; animation_style=&#8221;slide&#8221; animation_direction=&#8221;top&#8221; animation_intensity_slide=&#8221;10%&#8221; animation_starting_opacity=&#8221;100%&#8221; border_width_all=&#8221;0px&#8221; border_color_all=&#8221;rgba(0,0,0,0.1)&#8221; border_width_bottom=&#8221;1px&#8221; locked=&#8221;off&#8221; global_colors_info=&#8221;{}&#8221;]<\/p>\n<p align=\"justify\"><a href=\"https:\/\/doctorado.us.es\/estudios\/programas-de-doctorado\/ciencias-economicas-empresariales-y-sociales\" target=\"_blank\" rel=\"noopener\">Programa de Doctorado en \u201cCiencias Econ\u00f3micas, Empresariales y Sociales\u201d<\/a><\/p>\n<p align=\"justify\"><a href=\"https:\/\/doctorado.us.es\/estudios\/programas-de-doctorado\/turismo\" target=\"_blank\" rel=\"noopener\">Programa de Doctorado en \u201cTurismo\u201d<\/a><\/p>\n<p>[\/et_pb_toggle][et_pb_divider color=&#8221;#D99122&#8243; divider_weight=&#8221;3px&#8221; _builder_version=&#8221;4.14.2&#8243; max_width=&#8221;60px&#8221; height=&#8221;3px&#8221; custom_margin=&#8221;40px||10px||false|false&#8221; global_colors_info=&#8221;{}&#8221;][\/et_pb_divider][et_pb_text _builder_version=&#8221;4.14.2&#8243; text_font=&#8221;|700||on|||||&#8221; text_text_color=&#8221;#D99122&#8243; text_font_size=&#8221;17px&#8221; header_font=&#8221;||||||||&#8221; header_3_font=&#8221;Ubuntu||||||||&#8221; header_3_font_size=&#8221;16px&#8221; header_3_line_height=&#8221;1.8em&#8221; global_colors_info=&#8221;{}&#8221;]<\/p>\n<p>Instituto de Matem\u00e1ticas Universidad de Sevilla (IMUS)<\/p>\n<p>[\/et_pb_text][et_pb_button button_url=&#8221;https:\/\/www.imus.us.es\/www\/&#8221; url_new_window=&#8221;on&#8221; button_text=&#8221;Mire en este enlace&#8221; button_alignment=&#8221;left&#8221; _builder_version=&#8221;4.14.2&#8243; _module_preset=&#8221;default&#8221; custom_button=&#8221;on&#8221; button_text_size=&#8221;12px&#8221; button_text_color=&#8221;#FFFFFF&#8221; button_bg_color=&#8221;#8D0739&#8243; button_icon=&#8221;&#x3d;||divi||400&#8243; button_icon_color=&#8221;#D99122&#8243; custom_margin=&#8221;-5px||25px||false|false&#8221; animation_style=&#8221;flip&#8221; button_text_shadow_style=&#8221;preset2&#8243; locked=&#8221;off&#8221; global_colors_info=&#8221;{}&#8221;][\/et_pb_button][\/et_pb_column][\/et_pb_row][\/et_pb_section]<\/p>\n","protected":false},"excerpt":{"rendered":"<p>Investigaci\u00f3nInicio\u00a0 Investigaci\u00f3nResultados de Investigaci\u00f3nPRISMA integra la producci\u00f3n cient\u00edfica de la Universidad de Sevilla, facilitando su revisi\u00f3n y actualizaci\u00f3n.Las publicaciones del PDI del departamento de Econom\u00eda Aplicada I se pueden consultar en este enlace de PRISMA Ver PDF &#8220;Evolucionando Hacia los Gemelos Digitales en el \u00c1mbito de la Salud\u201d \u201cLas Tics en la Creaci\u00f3n y Consolidaci\u00f3n [&hellip;]<\/p>\n","protected":false},"author":1,"featured_media":0,"parent":0,"menu_order":0,"comment_status":"closed","ping_status":"closed","template":"","meta":{"_et_pb_use_builder":"on","_et_pb_old_content":"","_et_gb_content_width":"","footnotes":""},"class_list":["post-1053","page","type-page","status-publish","hentry"],"_links":{"self":[{"href":"https:\/\/departamento.us.es\/deconapli1\/wp-json\/wp\/v2\/pages\/1053","targetHints":{"allow":["GET"]}}],"collection":[{"href":"https:\/\/departamento.us.es\/deconapli1\/wp-json\/wp\/v2\/pages"}],"about":[{"href":"https:\/\/departamento.us.es\/deconapli1\/wp-json\/wp\/v2\/types\/page"}],"author":[{"embeddable":true,"href":"https:\/\/departamento.us.es\/deconapli1\/wp-json\/wp\/v2\/users\/1"}],"replies":[{"embeddable":true,"href":"https:\/\/departamento.us.es\/deconapli1\/wp-json\/wp\/v2\/comments?post=1053"}],"version-history":[{"count":26,"href":"https:\/\/departamento.us.es\/deconapli1\/wp-json\/wp\/v2\/pages\/1053\/revisions"}],"predecessor-version":[{"id":2321,"href":"https:\/\/departamento.us.es\/deconapli1\/wp-json\/wp\/v2\/pages\/1053\/revisions\/2321"}],"wp:attachment":[{"href":"https:\/\/departamento.us.es\/deconapli1\/wp-json\/wp\/v2\/media?parent=1053"}],"curies":[{"name":"wp","href":"https:\/\/api.w.org\/{rel}","templated":true}]}}