{"id":1055,"date":"2021-12-23T02:40:59","date_gmt":"2021-12-23T02:40:59","guid":{"rendered":"https:\/\/departamento.us.es\/deconapli1\/?page_id=1055"},"modified":"2024-10-01T09:20:15","modified_gmt":"2024-10-01T09:20:15","slug":"transferencia","status":"publish","type":"page","link":"https:\/\/departamento.us.es\/deconapli1\/transferencia\/","title":{"rendered":"Transferencia"},"content":{"rendered":"<p>[et_pb_section fb_built=&#8221;1&#8243; _builder_version=&#8221;4.14.7&#8243; _module_preset=&#8221;default&#8221; background_image=&#8221;https:\/\/departamento.us.es\/deconapli1\/wp-content\/uploads\/2022\/02\/facultad_cee_interior6_gris_Compressed.png&#8221; locked=&#8221;off&#8221; global_colors_info=&#8221;{}&#8221;][et_pb_row _builder_version=&#8221;4.14.2&#8243; _module_preset=&#8221;default&#8221; global_colors_info=&#8221;{}&#8221;][et_pb_column type=&#8221;4_4&#8243; _builder_version=&#8221;4.14.2&#8243; _module_preset=&#8221;default&#8221; global_colors_info=&#8221;{}&#8221;][et_pb_text _builder_version=&#8221;4.14.2&#8243; _module_preset=&#8221;default&#8221; text_font=&#8221;Prata||||||||&#8221; text_text_color=&#8221;#FFFFFF&#8221; text_font_size=&#8221;30px&#8221; text_line_height=&#8221;1.5em&#8221; text_font_size_tablet=&#8221;30px&#8221; text_font_size_phone=&#8221;17px&#8221; text_font_size_last_edited=&#8221;on|phone&#8221; text_text_shadow_style=&#8221;preset2&#8243; locked=&#8221;off&#8221; global_colors_info=&#8221;{}&#8221;]<\/p>\n<p>Transferencia<\/p>\n<p>[\/et_pb_text][\/et_pb_column][\/et_pb_row][\/et_pb_section][et_pb_section fb_built=&#8221;1&#8243; admin_label=&#8221;Header&#8221; _builder_version=&#8221;3.22&#8243; custom_padding=&#8221;54px|0px|0|0px|false|false&#8221; locked=&#8221;off&#8221; global_colors_info=&#8221;{}&#8221;][et_pb_row _builder_version=&#8221;4.10.8&#8243; _module_preset=&#8221;default&#8221; locked=&#8221;off&#8221; global_colors_info=&#8221;{}&#8221;][et_pb_column type=&#8221;4_4&#8243; _builder_version=&#8221;4.10.8&#8243; _module_preset=&#8221;default&#8221; global_colors_info=&#8221;{}&#8221;][et_pb_text _builder_version=&#8221;4.14.7&#8243; _module_preset=&#8221;default&#8221; text_font=&#8221;|600|||||||&#8221; text_text_color=&#8221;#8D0739&#8243; text_font_size=&#8221;13px&#8221; link_text_color=&#8221;#055169&#8243; global_colors_info=&#8221;{}&#8221;]<a href=\"https:\/\/departamento.us.es\/deconapli1\/\"style=\"color:#8d0739!important;\">Inicio<\/a>\u00a0<svg xmlns=\"http:\/\/www.w3.org\/2000\/svg\" viewbox=\"-11 -2 30 17\" width=\"15\" fill=\"currentColor\"><path d=\"M5.314 7.071l-4.95-4.95A1 1 0 0 1 1.778.707l5.657 5.657a1 1 0 0 1 0 1.414l-5.657 5.657a1 1 0 0 1-1.414-1.414l4.95-4.95z\"><\/path><\/svg> Transferencia[\/et_pb_text][\/et_pb_column][\/et_pb_row][\/et_pb_section][et_pb_section fb_built=&#8221;1&#8243; admin_label=&#8221;Vision&#8221; _builder_version=&#8221;3.22&#8243; global_colors_info=&#8221;{}&#8221;][et_pb_row padding_top_bottom_link_1=&#8221;false&#8221; padding_top_bottom_link_2=&#8221;false&#8221; padding_top_bottom_link_3=&#8221;false&#8221; padding_left_right_link_1=&#8221;true&#8221; padding_left_right_link_2=&#8221;true&#8221; padding_left_right_link_3=&#8221;true&#8221; _builder_version=&#8221;4.14.2&#8243; module_alignment=&#8221;center&#8221; custom_margin_tablet=&#8221;|||3vw&#8221; custom_margin_phone=&#8221;|||2vw&#8221; custom_margin_last_edited=&#8221;off|desktop&#8221; animation_style=&#8221;slide&#8221; animation_direction=&#8221;top&#8221; animation_intensity_slide=&#8221;2%&#8221; global_colors_info=&#8221;{}&#8221;][et_pb_column type=&#8221;4_4&#8243; _builder_version=&#8221;4.14.2&#8243; background_color=&#8221;#8D0739&#8243; custom_padding=&#8221;40px|30px||30px&#8221; custom_padding_tablet=&#8221;40px|||&#8221; custom_padding_phone=&#8221;40px|||&#8221; custom_padding_last_edited=&#8221;on|desktop&#8221; global_colors_info=&#8221;{}&#8221; padding_tablet=&#8221;40px|||&#8221; padding_last_edited=&#8221;on|desktop&#8221; custom_padding__hover=&#8221;|||&#8221; padding_phone=&#8221;40px|||&#8221;][et_pb_divider color=&#8221;#D99122&#8243; divider_position=&#8221;center&#8221; divider_weight=&#8221;3px&#8221; _builder_version=&#8221;4.14.2&#8243; max_width=&#8221;60px&#8221; height=&#8221;3px&#8221; custom_margin=&#8221;||15px||false|false&#8221; global_colors_info=&#8221;{}&#8221;][\/et_pb_divider][et_pb_text _builder_version=&#8221;4.14.2&#8243; text_font=&#8221;|700||on|||||&#8221; text_text_color=&#8221;#D99122&#8243; text_font_size=&#8221;17px&#8221; text_line_height=&#8221;1.5em&#8221; header_font=&#8221;||||||||&#8221; header_3_font=&#8221;Ubuntu||||||||&#8221; header_3_font_size=&#8221;16px&#8221; header_3_line_height=&#8221;1.8em&#8221; global_colors_info=&#8221;{}&#8221;]<\/p>\n<p>Participaci\u00f3n del PDI del Departamento en Contratos de Transferencia en Curso como IP o Investigadores<\/p>\n<p>[\/et_pb_text][et_pb_toggle title=&#8221;Elaboraci\u00f3n del Informe European Social Enterprise Monitor (ESEM) para Espa\u00f1a&#8221; closed_toggle_background_color=&#8221;#ffffff&#8221; icon_color=&#8221;#8D0739&#8243; open_icon_color=&#8221;#8D0739&#8243; _builder_version=&#8221;4.14.7&#8243; title_text_color=&#8221;#8D0739&#8243; title_font=&#8221;Ubuntu||||||||&#8221; title_line_height=&#8221;1.6em&#8221; body_font=&#8221;||||||||&#8221; body_line_height=&#8221;1.9em&#8221; custom_margin=&#8221;|-30px|0px|-30px||true&#8221; custom_padding=&#8221;|||||false&#8221; animation_style=&#8221;slide&#8221; animation_direction=&#8221;top&#8221; animation_intensity_slide=&#8221;10%&#8221; animation_starting_opacity=&#8221;100%&#8221; hover_enabled=&#8221;0&#8243; border_width_all=&#8221;0px&#8221; border_color_all=&#8221;rgba(0,0,0,0.1)&#8221; border_width_bottom=&#8221;1px&#8221; locked=&#8221;off&#8221; global_colors_info=&#8221;{}&#8221; sticky_enabled=&#8221;0&#8243;]<\/p>\n<p align=\"justify\"><a href=\"https:\/\/investigacion.us.es\/sisius\/sis_proyecto.php?idproy=39540\" target=\"_blank\" rel=\"noopener\"><span style=\"font-size: medium;\"><i>Elaboraci\u00f3n del Informe European Social Enterprise Monitor (ESEM) para Espa\u00f1a<\/i><\/span><\/a><\/p>\n<p align=\"justify\"><span style=\"font-size: medium;\">IP : Francisco Javier Santos Cumplido<\/span><\/p>\n<p align=\"justify\"><a name=\"_Hlk91575515\"><\/a><span style=\"font-size: medium;\">Investigadores : Carmen Guzm\u00e1n Alfonso<\/span><\/p>\n<p>[\/et_pb_toggle][et_pb_toggle title=&#8221;Elaboraci\u00f3n del Informe GEM Provincia de Sevilla&#8221; closed_toggle_background_color=&#8221;#ffffff&#8221; icon_color=&#8221;#8D0739&#8243; open_icon_color=&#8221;#8D0739&#8243; _builder_version=&#8221;4.14.2&#8243; title_text_color=&#8221;#8D0739&#8243; title_font=&#8221;Ubuntu||||||||&#8221; title_line_height=&#8221;1.6em&#8221; body_font=&#8221;||||||||&#8221; body_line_height=&#8221;1.9em&#8221; custom_margin=&#8221;|-30px|0px|-30px||true&#8221; custom_padding=&#8221;|||||false&#8221; animation_style=&#8221;slide&#8221; animation_direction=&#8221;top&#8221; animation_intensity_slide=&#8221;10%&#8221; animation_starting_opacity=&#8221;100%&#8221; border_width_all=&#8221;0px&#8221; border_color_all=&#8221;rgba(0,0,0,0.1)&#8221; border_width_bottom=&#8221;1px&#8221; locked=&#8221;off&#8221; global_colors_info=&#8221;{}&#8221;]<\/p>\n<p align=\"justify\"><a href=\"https:\/\/investigacion.us.es\/sisius\/sis_proyecto.php?idproy=34606\" target=\"_blank\" rel=\"noopener\"><span style=\"font-size: medium;\"><i>Elaboraci\u00f3n del informe GEM Provincia de Sevilla<\/i><\/span><\/a><\/p>\n<p align=\"justify\"><span style=\"font-size: medium;\">IP : Francisco Li\u00f1\u00e1n Alcalde<\/span><\/p>\n<p align=\"justify\"><a name=\"_Hlk91575515\"><\/a><span style=\"font-size: medium;\">Investigadores : Jos\u00e9 Fern\u00e1ndez Serrano e Inmaculada Ja\u00e9n Figueroa<\/span><\/p>\n<p>[\/et_pb_toggle][et_pb_toggle title=&#8221;Intelligent System for Automatic Routing in Accomodation Deks by Numerical Analysis&#8221; closed_toggle_background_color=&#8221;#ffffff&#8221; icon_color=&#8221;#8D0739&#8243; open_icon_color=&#8221;#8D0739&#8243; _builder_version=&#8221;4.14.2&#8243; title_text_color=&#8221;#8D0739&#8243; title_font=&#8221;Ubuntu||||||||&#8221; title_line_height=&#8221;1.6em&#8221; body_font=&#8221;||||||||&#8221; body_line_height=&#8221;1.9em&#8221; custom_margin=&#8221;|-30px|0px|-30px||true&#8221; custom_padding=&#8221;|||||false&#8221; animation_style=&#8221;slide&#8221; animation_direction=&#8221;top&#8221; animation_intensity_slide=&#8221;10%&#8221; animation_starting_opacity=&#8221;100%&#8221; border_width_all=&#8221;0px&#8221; border_color_all=&#8221;rgba(0,0,0,0.1)&#8221; border_width_bottom=&#8221;1px&#8221; locked=&#8221;off&#8221; global_colors_info=&#8221;{}&#8221;]<\/p>\n<p align=\"justify\"><a href=\"https:\/\/investigacion.us.es\/sisius\/sis_proyecto.php?idproy=31634\" target=\"_blank\" rel=\"noopener\"><span style=\"font-size: medium;\"><span lang=\"en-US\"><i>Intelligent System for Automatic Routing in Accomodation Deks by Numerical Analysis<\/i><\/span><\/span><\/a><span style=\"color: #0563c1;\"><u><a href=\"https:\/\/investigacion.us.es\/sisius\/sis_proyecto.php?idproy=31634\"><span style=\"font-size: medium;\"><span lang=\"en-US\"><\/span><\/span><\/a><\/u><\/span><span style=\"font-size: medium;\"><span lang=\"en-US\"> <\/span><\/span><\/p>\n<p align=\"justify\"><span style=\"font-size: medium;\">Investigadores : Yolanda Hinojosa Bergillos<\/span><\/p>\n<p>[\/et_pb_toggle][\/et_pb_column][\/et_pb_row][\/et_pb_section]<\/p>\n","protected":false},"excerpt":{"rendered":"<p>TransferenciaInicio\u00a0 TransferenciaParticipaci\u00f3n del PDI del Departamento en Contratos de Transferencia en Curso como IP o InvestigadoresElaboraci\u00f3n del Informe European Social Enterprise Monitor (ESEM) para Espa\u00f1a IP : Francisco Javier Santos Cumplido Investigadores : Carmen Guzm\u00e1n AlfonsoElaboraci\u00f3n del informe GEM Provincia de Sevilla IP : Francisco Li\u00f1\u00e1n Alcalde Investigadores : Jos\u00e9 Fern\u00e1ndez Serrano e Inmaculada Ja\u00e9n [&hellip;]<\/p>\n","protected":false},"author":1,"featured_media":0,"parent":0,"menu_order":0,"comment_status":"closed","ping_status":"closed","template":"","meta":{"_et_pb_use_builder":"on","_et_pb_old_content":"","_et_gb_content_width":"","footnotes":""},"class_list":["post-1055","page","type-page","status-publish","hentry"],"_links":{"self":[{"href":"https:\/\/departamento.us.es\/deconapli1\/wp-json\/wp\/v2\/pages\/1055","targetHints":{"allow":["GET"]}}],"collection":[{"href":"https:\/\/departamento.us.es\/deconapli1\/wp-json\/wp\/v2\/pages"}],"about":[{"href":"https:\/\/departamento.us.es\/deconapli1\/wp-json\/wp\/v2\/types\/page"}],"author":[{"embeddable":true,"href":"https:\/\/departamento.us.es\/deconapli1\/wp-json\/wp\/v2\/users\/1"}],"replies":[{"embeddable":true,"href":"https:\/\/departamento.us.es\/deconapli1\/wp-json\/wp\/v2\/comments?post=1055"}],"version-history":[{"count":15,"href":"https:\/\/departamento.us.es\/deconapli1\/wp-json\/wp\/v2\/pages\/1055\/revisions"}],"predecessor-version":[{"id":2187,"href":"https:\/\/departamento.us.es\/deconapli1\/wp-json\/wp\/v2\/pages\/1055\/revisions\/2187"}],"wp:attachment":[{"href":"https:\/\/departamento.us.es\/deconapli1\/wp-json\/wp\/v2\/media?parent=1055"}],"curies":[{"name":"wp","href":"https:\/\/api.w.org\/{rel}","templated":true}]}}