{"id":1124,"date":"2021-12-27T16:31:51","date_gmt":"2021-12-27T16:31:51","guid":{"rendered":"https:\/\/departamento.us.es\/deconapli1\/?page_id=1124"},"modified":"2025-07-01T09:05:30","modified_gmt":"2025-07-01T09:05:30","slug":"estancias","status":"publish","type":"page","link":"https:\/\/departamento.us.es\/deconapli1\/estancias\/","title":{"rendered":"Estancias &#8211; Visiting"},"content":{"rendered":"<p>[et_pb_section fb_built=&#8221;1&#8243; _builder_version=&#8221;4.14.7&#8243; _module_preset=&#8221;default&#8221; background_image=&#8221;https:\/\/departamento.us.es\/deconapli1\/wp-content\/uploads\/2022\/02\/FACULTAD-DE-TURISMO-3_gris_Compressed.png&#8221; background_position=&#8221;bottom_center&#8221; background_last_edited=&#8221;on|phone&#8221; background_size_phone=&#8221;initial&#8221; background_position_phone=&#8221;bottom_right&#8221; global_colors_info=&#8221;{}&#8221;][et_pb_row _builder_version=&#8221;4.14.2&#8243; _module_preset=&#8221;default&#8221; global_colors_info=&#8221;{}&#8221;][et_pb_column type=&#8221;4_4&#8243; _builder_version=&#8221;4.14.2&#8243; _module_preset=&#8221;default&#8221; global_colors_info=&#8221;{}&#8221;][et_pb_text _builder_version=&#8221;4.14.2&#8243; _module_preset=&#8221;default&#8221; text_font=&#8221;Prata||||||||&#8221; text_text_color=&#8221;#FFFFFF&#8221; text_font_size=&#8221;30px&#8221; text_line_height=&#8221;1.5em&#8221; text_font_size_tablet=&#8221;30px&#8221; text_font_size_phone=&#8221;17px&#8221; text_font_size_last_edited=&#8221;on|phone&#8221; text_text_shadow_style=&#8221;preset2&#8243; locked=&#8221;off&#8221; global_colors_info=&#8221;{}&#8221;]<\/p>\n<p>Estancias &#8211; Visiting<\/p>\n<p>[\/et_pb_text][\/et_pb_column][\/et_pb_row][\/et_pb_section][et_pb_section fb_built=&#8221;1&#8243; _builder_version=&#8221;4.10.8&#8243; _module_preset=&#8221;default&#8221; global_colors_info=&#8221;{}&#8221;][et_pb_row _builder_version=&#8221;4.10.8&#8243; _module_preset=&#8221;default&#8221; global_colors_info=&#8221;{}&#8221;][et_pb_column type=&#8221;4_4&#8243; _builder_version=&#8221;4.10.8&#8243; _module_preset=&#8221;default&#8221; global_colors_info=&#8221;{}&#8221;][et_pb_text _builder_version=&#8221;4.14.7&#8243; _module_preset=&#8221;default&#8221; text_font=&#8221;|600|||||||&#8221; text_text_color=&#8221;#8D0739&#8243; text_font_size=&#8221;13px&#8221; link_text_color=&#8221;#055169&#8243; global_colors_info=&#8221;{}&#8221;]<a href=\"https:\/\/departamento.us.es\/deconapli1\/\"style=\"color:#8d0739!important;\">Inicio<\/a>\u00a0<svg xmlns=\"http:\/\/www.w3.org\/2000\/svg\" viewbox=\"-11 -2 30 17\" width=\"15\" fill=\"currentColor\"><path d=\"M5.314 7.071l-4.95-4.95A1 1 0 0 1 1.778.707l5.657 5.657a1 1 0 0 1 0 1.414l-5.657 5.657a1 1 0 0 1-1.414-1.414l4.95-4.95z\"><\/path><\/svg> Estancias &#8211; Visiting[\/et_pb_text][\/et_pb_column][\/et_pb_row][et_pb_row column_structure=&#8221;2_5,3_5&#8243; _builder_version=&#8221;4.10.8&#8243; _module_preset=&#8221;default&#8221; global_colors_info=&#8221;{}&#8221;][et_pb_column type=&#8221;2_5&#8243; _builder_version=&#8221;4.10.8&#8243; _module_preset=&#8221;default&#8221; global_colors_info=&#8221;{}&#8221;][et_pb_text _builder_version=&#8221;4.14.2&#8243; _module_preset=&#8221;default&#8221; text_font=&#8221;Prata||||||||&#8221; text_text_color=&#8221;#8D0739&#8243; text_font_size=&#8221;17px&#8221; text_line_height=&#8221;1.5em&#8221; text_orientation=&#8221;justified&#8221; global_colors_info=&#8221;{}&#8221;]<\/p>\n<p>En su af\u00e1n de colaboraci\u00f3n y de intercambio de conocimientos y experiencias, el departamento de Econom\u00eda Aplicada I ofrece la posibilidad a profesores y alumnos de doctorado de otras universidades de realizar estancias de docencia o investigaci\u00f3n en sus instalaciones durante algunos meses del curso acad\u00e9mico. Aquellos que est\u00e9n interesados pueden rellenar la solicitud que pueden encontrar en esta secci\u00f3n de la web y enviarla a <span style=\"color: #0563c1;\"><u><a href=\"mailto:ecoapli1@us.es\">ecoapli1@us.es<\/a><\/u><\/span> junto con una carta de presentaci\u00f3n, un CV y su proyecto docente o investigador.<\/p>\n<p>[\/et_pb_text][\/et_pb_column][et_pb_column type=&#8221;3_5&#8243; _builder_version=&#8221;4.10.8&#8243; _module_preset=&#8221;default&#8221; global_colors_info=&#8221;{}&#8221;][et_pb_text _builder_version=&#8221;4.14.2&#8243; _module_preset=&#8221;default&#8221; text_font=&#8221;Prata||||||||&#8221; text_text_color=&#8221;#8D0739&#8243; text_font_size=&#8221;25px&#8221; text_line_height=&#8221;1.5em&#8221; custom_padding=&#8221;||0px|||&#8221; locked=&#8221;off&#8221; global_colors_info=&#8221;{}&#8221;]<\/p>\n<p align=\"justify\" style=\"text-align: left;\">Estancias de Profesores Visitantes<\/p>\n<p>[\/et_pb_text][et_pb_divider color=&#8221;#E17E23&#8243; divider_weight=&#8221;3px&#8221; _builder_version=&#8221;4.14.7&#8243; _module_preset=&#8221;default&#8221; width=&#8221;100%&#8221; custom_margin=&#8221;-25px||-35px||false|false&#8221; locked=&#8221;off&#8221; global_colors_info=&#8221;{}&#8221;][\/et_pb_divider][et_pb_button button_url=&#8221;https:\/\/departamento.us.es\/deconapli1\/wp-content\/uploads\/2022\/01\/SOLICITUD-ESTANCIA-PROFESORES.docx&#8221; button_text=&#8221;Solicitud de Estancia de Investigaci\u00f3n o Docencia de Profesorado de otras Universidades Espa\u00f1olas en el Departamento de Econom\u00eda Aplicada I&#8221; _builder_version=&#8221;4.14.2&#8243; _module_preset=&#8221;default&#8221; custom_button=&#8221;on&#8221; button_text_size=&#8221;14px&#8221; button_text_color=&#8221;#8D0739&#8243; button_border_color=&#8221;RGBA(255,255,255,0)&#8221; button_icon=&#8221;&#x24;||divi||400&#8243; button_icon_color=&#8221;#8D0739&#8243; button_icon_placement=&#8221;left&#8221; custom_margin=&#8221;40px||||false|false&#8221; locked=&#8221;off&#8221; global_colors_info=&#8221;{}&#8221;][\/et_pb_button][et_pb_button url_new_window=&#8221;on&#8221; button_text=&#8221;PDF Relaci\u00f3n de Profesores Visitantes del Presente Curso&#8221; _builder_version=&#8221;4.14.7&#8243; _module_preset=&#8221;default&#8221; custom_button=&#8221;on&#8221; button_text_size=&#8221;14px&#8221; button_text_color=&#8221;#8D0739&#8243; button_border_color=&#8221;RGBA(255,255,255,0)&#8221; button_icon=&#8221;&#x24;||divi||400&#8243; button_icon_color=&#8221;#8D0739&#8243; button_icon_placement=&#8221;left&#8221; custom_margin=&#8221;-25px||||false|false&#8221; locked=&#8221;off&#8221; global_colors_info=&#8221;{}&#8221;][\/et_pb_button][et_pb_text _builder_version=&#8221;4.14.2&#8243; _module_preset=&#8221;default&#8221; text_font=&#8221;Prata||||||||&#8221; text_text_color=&#8221;#8D0739&#8243; text_font_size=&#8221;25px&#8221; text_line_height=&#8221;1.5em&#8221; custom_padding=&#8221;||0px|||&#8221; locked=&#8221;off&#8221; global_colors_info=&#8221;{}&#8221;]<\/p>\n<p align=\"justify\" style=\"text-align: left;\">Estancias de Alumnos de Doctorado<\/p>\n<p>[\/et_pb_text][et_pb_divider color=&#8221;#E17E23&#8243; divider_weight=&#8221;3px&#8221; _builder_version=&#8221;4.14.7&#8243; _module_preset=&#8221;default&#8221; width=&#8221;100%&#8221; custom_margin=&#8221;-25px||-35px||false|false&#8221; locked=&#8221;off&#8221; global_colors_info=&#8221;{}&#8221;][\/et_pb_divider][et_pb_button button_url=&#8221;https:\/\/departamento.us.es\/deconapli1\/wp-content\/uploads\/2022\/01\/SOLICITUD-ESTANCIA-ALUMNOS-DE-DOCTORADO.docx&#8221; button_text=&#8221;Solicitud de Estancia de Investigaci\u00f3n de Alumnos de Doctorado Espa\u00f1oles en el Departamento de Econom\u00eda Aplicada I&#8221; _builder_version=&#8221;4.14.2&#8243; _module_preset=&#8221;default&#8221; custom_button=&#8221;on&#8221; button_text_size=&#8221;14px&#8221; button_text_color=&#8221;#8D0739&#8243; button_border_color=&#8221;RGBA(255,255,255,0)&#8221; button_icon=&#8221;&#x24;||divi||400&#8243; button_icon_color=&#8221;#8D0739&#8243; button_icon_placement=&#8221;left&#8221; custom_margin=&#8221;40px||||false|false&#8221; locked=&#8221;off&#8221; global_colors_info=&#8221;{}&#8221;][\/et_pb_button][et_pb_button button_url=&#8221;https:\/\/departamento.us.es\/deconapli1\/wp-content\/uploads\/2025\/07\/RELACION-DE-ALUMNOS-VISITANTES-DE-DOCTORADO-DEL-PRESENTE-CURSO-2-3.xlsx&#8221; url_new_window=&#8221;on&#8221; button_text=&#8221;PDF Relaci\u00f3n de Alumnos Visitantes de Doctorado del Presente Curso&#8221; _builder_version=&#8221;4.14.7&#8243; _module_preset=&#8221;default&#8221; custom_button=&#8221;on&#8221; button_text_size=&#8221;14px&#8221; button_text_color=&#8221;#8D0739&#8243; button_border_color=&#8221;RGBA(255,255,255,0)&#8221; button_icon=&#8221;&#x24;||divi||400&#8243; button_icon_color=&#8221;#8D0739&#8243; button_icon_placement=&#8221;left&#8221; custom_margin=&#8221;-25px||||false|false&#8221; hover_enabled=&#8221;0&#8243; locked=&#8221;off&#8221; global_colors_info=&#8221;{}&#8221; sticky_enabled=&#8221;0&#8243;][\/et_pb_button][\/et_pb_column][\/et_pb_row][et_pb_row _builder_version=&#8221;4.14.2&#8243; _module_preset=&#8221;default&#8221; custom_margin=&#8221;30px||||false|false&#8221; global_colors_info=&#8221;{}&#8221;][et_pb_column type=&#8221;4_4&#8243; _builder_version=&#8221;4.14.2&#8243; _module_preset=&#8221;default&#8221; global_colors_info=&#8221;{}&#8221;][et_pb_button button_url=&#8221;https:\/\/departamento.us.es\/deconapli1\/visiting\/&#8221; button_text=&#8221;ENGLISH VERSION&#8221; button_alignment=&#8221;center&#8221; _builder_version=&#8221;4.14.7&#8243; _module_preset=&#8221;default&#8221; custom_button=&#8221;on&#8221; button_text_size=&#8221;42.5px&#8221; button_text_color=&#8221;#FFFFFF&#8221; button_bg_image=&#8221;https:\/\/departamento.us.es\/deconapli1\/wp-content\/uploads\/2022\/02\/english_flag_Compressed.png&#8221; button_border_width=&#8221;0px&#8221; button_border_radius=&#8221;5px&#8221; button_font=&#8221;||||||||&#8221; button_use_icon=&#8221;off&#8221; animation_style=&#8221;fade&#8221; button_bg_color_tablet=&#8221;&#8221; button_bg_color_phone=&#8221;&#8221; button_bg_color_last_edited=&#8221;on|phone&#8221; button_bg_image_tablet=&#8221;https:\/\/departamento.us.es\/deconapli1\/wp-content\/uploads\/2022\/02\/english_flag_Compressed.png&#8221; button_bg_image_phone=&#8221;https:\/\/departamento.us.es\/deconapli1\/wp-content\/uploads\/2022\/02\/english_flag_Compressed.png&#8221; button_bg_enable_image_tablet=&#8221;on&#8221; button_bg_enable_image_phone=&#8221;on&#8221; button_text_shadow_style=&#8221;preset2&#8243; button_text_shadow_color=&#8221;#3C3C3B&#8221; box_shadow_style=&#8221;preset2&#8243; global_colors_info=&#8221;{}&#8221;][\/et_pb_button][\/et_pb_column][\/et_pb_row][\/et_pb_section]<\/p>\n","protected":false},"excerpt":{"rendered":"<p>Estancias &#8211; VisitingInicio\u00a0 Estancias &#8211; VisitingEn su af\u00e1n de colaboraci\u00f3n y de intercambio de conocimientos y experiencias, el departamento de Econom\u00eda Aplicada I ofrece la posibilidad a profesores y alumnos de doctorado de otras universidades de realizar estancias de docencia o investigaci\u00f3n en sus instalaciones durante algunos meses del curso acad\u00e9mico. Aquellos que est\u00e9n interesados [&hellip;]<\/p>\n","protected":false},"author":1,"featured_media":0,"parent":0,"menu_order":0,"comment_status":"closed","ping_status":"closed","template":"","meta":{"_et_pb_use_builder":"on","_et_pb_old_content":"","_et_gb_content_width":"","footnotes":""},"class_list":["post-1124","page","type-page","status-publish","hentry"],"_links":{"self":[{"href":"https:\/\/departamento.us.es\/deconapli1\/wp-json\/wp\/v2\/pages\/1124","targetHints":{"allow":["GET"]}}],"collection":[{"href":"https:\/\/departamento.us.es\/deconapli1\/wp-json\/wp\/v2\/pages"}],"about":[{"href":"https:\/\/departamento.us.es\/deconapli1\/wp-json\/wp\/v2\/types\/page"}],"author":[{"embeddable":true,"href":"https:\/\/departamento.us.es\/deconapli1\/wp-json\/wp\/v2\/users\/1"}],"replies":[{"embeddable":true,"href":"https:\/\/departamento.us.es\/deconapli1\/wp-json\/wp\/v2\/comments?post=1124"}],"version-history":[{"count":22,"href":"https:\/\/departamento.us.es\/deconapli1\/wp-json\/wp\/v2\/pages\/1124\/revisions"}],"predecessor-version":[{"id":2297,"href":"https:\/\/departamento.us.es\/deconapli1\/wp-json\/wp\/v2\/pages\/1124\/revisions\/2297"}],"wp:attachment":[{"href":"https:\/\/departamento.us.es\/deconapli1\/wp-json\/wp\/v2\/media?parent=1124"}],"curies":[{"name":"wp","href":"https:\/\/api.w.org\/{rel}","templated":true}]}}