{"id":526,"date":"2021-11-08T19:55:06","date_gmt":"2021-11-08T19:55:06","guid":{"rendered":"https:\/\/departamento.us.es\/deconapli1\/?page_id=526"},"modified":"2025-05-21T11:06:43","modified_gmt":"2025-05-21T11:06:43","slug":"inicio","status":"publish","type":"page","link":"https:\/\/departamento.us.es\/deconapli1\/","title":{"rendered":"Inicio"},"content":{"rendered":"<p>[et_pb_section fb_built=&#8221;1&#8243; fullwidth=&#8221;on&#8221; _builder_version=&#8221;4.14.7&#8243; _module_preset=&#8221;default&#8221; height=&#8221;100vh&#8221; height_tablet=&#8221;100vh&#8221; height_phone=&#8221;100vh&#8221; height_last_edited=&#8221;on|phone&#8221; custom_margin=&#8221;||||false|false&#8221; custom_margin_tablet=&#8221;||||false|false&#8221; custom_margin_phone=&#8221;||15px||false|false&#8221; custom_margin_last_edited=&#8221;on|phone&#8221; custom_padding=&#8221;||||false|false&#8221; global_colors_info=&#8221;{}&#8221;][et_pb_fullwidth_slider _builder_version=&#8221;4.14.7&#8243; _module_preset=&#8221;default&#8221; width=&#8221;100%&#8221; height=&#8221;100vh&#8221; height_tablet=&#8221;100vh&#8221; height_phone=&#8221;100vh&#8221; height_last_edited=&#8221;on|desktop&#8221; auto=&#8221;on&#8221; auto_speed=&#8221;5000&#8243; global_colors_info=&#8221;{}&#8221;][et_pb_slide use_bg_overlay=&#8221;off&#8221; use_text_overlay=&#8221;off&#8221; arrows_custom_color=&#8221;#FFFFFF&#8221; dot_nav_custom_color=&#8221;#8D0739&#8243; _builder_version=&#8221;4.14.7&#8243; _module_preset=&#8221;default&#8221; header_text_color=&#8221;#FFFFFF&#8221; header_line_height=&#8221;1.5em&#8221; body_font=&#8221;Prata||||||||&#8221; body_font_size=&#8221;45px&#8221; body_line_height=&#8221;1.5em&#8221; background_enable_color=&#8221;off&#8221; background_image=&#8221;https:\/\/departamento.us.es\/deconapli1\/wp-content\/uploads\/2022\/02\/Facultad_Fachada_1920x1080_Redim2_Compressed.png&#8221; background_enable_image=&#8221;on&#8221; width_tablet=&#8221;&#8221; width_phone=&#8221;&#8221; width_last_edited=&#8221;on|phone&#8221; custom_padding=&#8221;100px||||false|false&#8221; custom_padding_tablet=&#8221;45px||||false|false&#8221; custom_padding_phone=&#8221;0px||||false|false&#8221; custom_padding_last_edited=&#8221;on|phone&#8221; body_font_size_tablet=&#8221;25px&#8221; body_font_size_phone=&#8221;20px&#8221; body_font_size_last_edited=&#8221;on|phone&#8221; text_shadow_style=&#8221;preset1&#8243; text_shadow_horizontal_length=&#8221;0.2em&#8221; text_shadow_vertical_length=&#8221;0.15em&#8221; text_shadow_blur_strength=&#8221;0.2em&#8221; text_shadow_color=&#8221;#3C3C3B&#8221; global_colors_info=&#8221;{}&#8221; sticky_transition=&#8221;on&#8221;]<\/p>\n<p>Bienvenidos al Departamento de Econom\u00eda Aplicada I de la Universidad de Sevilla\u00a0<\/p>\n<p>[\/et_pb_slide][et_pb_slide use_bg_overlay=&#8221;off&#8221; use_text_overlay=&#8221;off&#8221; arrows_custom_color=&#8221;#FFFFFF&#8221; dot_nav_custom_color=&#8221;#8D0739&#8243; _builder_version=&#8221;4.14.7&#8243; _module_preset=&#8221;default&#8221; header_text_color=&#8221;#FFFFFF&#8221; header_line_height=&#8221;1.5em&#8221; body_font=&#8221;Prata||||||||&#8221; body_font_size=&#8221;45px&#8221; body_line_height=&#8221;1.5em&#8221; background_enable_color=&#8221;off&#8221; background_image=&#8221;https:\/\/departamento.us.es\/deconapli1\/wp-content\/uploads\/2022\/02\/FACULTAD-DE-TURISMO-1_1920x1080_Compressed.png&#8221; background_enable_image=&#8221;on&#8221; width_tablet=&#8221;&#8221; width_phone=&#8221;&#8221; width_last_edited=&#8221;on|phone&#8221; custom_padding=&#8221;100px||||false|false&#8221; custom_padding_tablet=&#8221;45px||||false|false&#8221; custom_padding_phone=&#8221;0px||||false|false&#8221; custom_padding_last_edited=&#8221;on|phone&#8221; body_font_size_tablet=&#8221;25px&#8221; body_font_size_phone=&#8221;20px&#8221; body_font_size_last_edited=&#8221;on|phone&#8221; text_shadow_style=&#8221;preset1&#8243; text_shadow_horizontal_length=&#8221;0.2em&#8221; text_shadow_vertical_length=&#8221;0.15em&#8221; text_shadow_blur_strength=&#8221;0.2em&#8221; text_shadow_color=&#8221;#3C3C3B&#8221; global_colors_info=&#8221;{}&#8221; sticky_transition=&#8221;on&#8221;]<\/p>\n<p>Bienvenidos al Departamento de Econom\u00eda Aplicada I de la Universidad de Sevilla<\/p>\n<p>[\/et_pb_slide][et_pb_slide use_bg_overlay=&#8221;off&#8221; use_text_overlay=&#8221;off&#8221; arrows_custom_color=&#8221;#FFFFFF&#8221; dot_nav_custom_color=&#8221;#8D0739&#8243; _builder_version=&#8221;4.14.7&#8243; _module_preset=&#8221;default&#8221; header_text_color=&#8221;#FFFFFF&#8221; header_line_height=&#8221;1.5em&#8221; body_font=&#8221;Prata||||||||&#8221; body_font_size=&#8221;45px&#8221; body_line_height=&#8221;1.5em&#8221; background_enable_color=&#8221;off&#8221; background_image=&#8221;https:\/\/departamento.us.es\/deconapli1\/wp-content\/uploads\/2022\/02\/facultad_cee_interior4_3_Compressed.png&#8221; background_enable_image=&#8221;on&#8221; width_tablet=&#8221;&#8221; width_phone=&#8221;&#8221; width_last_edited=&#8221;on|phone&#8221; custom_padding=&#8221;100px||||false|false&#8221; custom_padding_tablet=&#8221;45px||||false|false&#8221; custom_padding_phone=&#8221;0px||||false|false&#8221; custom_padding_last_edited=&#8221;on|phone&#8221; body_font_size_tablet=&#8221;25px&#8221; body_font_size_phone=&#8221;20px&#8221; body_font_size_last_edited=&#8221;on|phone&#8221; text_shadow_style=&#8221;preset1&#8243; text_shadow_horizontal_length=&#8221;0.2em&#8221; text_shadow_vertical_length=&#8221;0.15em&#8221; text_shadow_blur_strength=&#8221;0.2em&#8221; text_shadow_color=&#8221;#3C3C3B&#8221; global_colors_info=&#8221;{}&#8221; sticky_transition=&#8221;on&#8221;]<\/p>\n<p>Bienvenidos al Departamento de Econom\u00eda Aplicada I de la Universidad de Sevilla<\/p>\n<p>[\/et_pb_slide][\/et_pb_fullwidth_slider][\/et_pb_section][et_pb_section fb_built=&#8221;1&#8243; _builder_version=&#8221;4.14.7&#8243; _module_preset=&#8221;default&#8221; min_height=&#8221;445px&#8221; global_colors_info=&#8221;{}&#8221;][et_pb_row column_structure=&#8221;1_2,1_2&#8243; use_custom_gutter=&#8221;on&#8221; gutter_width=&#8221;1&#8243; make_equal=&#8221;on&#8221; _builder_version=&#8221;4.14.7&#8243; _module_preset=&#8221;default&#8221; width=&#8221;100%&#8221; max_width=&#8221;1920px&#8221; global_colors_info=&#8221;{}&#8221;][et_pb_column type=&#8221;1_2&#8243; _builder_version=&#8221;4.10.8&#8243; _module_preset=&#8221;default&#8221; global_colors_info=&#8221;{}&#8221;][et_pb_image src=&#8221;https:\/\/departamento.us.es\/deconapli1\/wp-content\/uploads\/2022\/02\/facultad_cee_interior6_Compressed.png&#8221; title_text=&#8221;facultad_cee_interior6_Compressed&#8221; _builder_version=&#8221;4.14.7&#8243; _module_preset=&#8221;default&#8221; custom_margin=&#8221;-83px||||false|false&#8221; custom_margin_tablet=&#8221;-83px||||false|false&#8221; custom_margin_phone=&#8221;||||false|false&#8221; custom_margin_last_edited=&#8221;on|phone&#8221; global_colors_info=&#8221;{}&#8221;][\/et_pb_image][et_pb_text _builder_version=&#8221;4.14.2&#8243; _module_preset=&#8221;default&#8221; text_font=&#8221;Prata||||||||&#8221; text_text_color=&#8221;#FFFFFF&#8221; text_font_size=&#8221;30px&#8221; text_line_height=&#8221;0.3em&#8221; custom_margin=&#8221;-265px||-65px||false|false&#8221; animation_style=&#8221;fade&#8221; text_font_size_tablet=&#8221;30px&#8221; text_font_size_phone=&#8221;20px&#8221; text_font_size_last_edited=&#8221;on|phone&#8221; text_text_shadow_style=&#8221;preset2&#8243; global_colors_info=&#8221;{}&#8221;]<\/p>\n<p style=\"text-align: center;\">Personal Docente<\/p>\n<p style=\"text-align: center;\">e Investigador<\/p>\n<p>[\/et_pb_text][et_pb_button button_url=&#8221;https:\/\/departamento.us.es\/deconapli1\/equipo\/&#8221; button_text=&#8221;Leer M\u00e1s&#8221; button_alignment=&#8221;center&#8221; _builder_version=&#8221;4.14.2&#8243; _module_preset=&#8221;default&#8221; custom_button=&#8221;on&#8221; button_text_size=&#8221;15px&#8221; button_border_width=&#8221;2px&#8221; button_border_radius=&#8221;3px&#8221; button_icon=&#8221;&#x39;||divi||400&#8243; custom_margin=&#8221;100px||||false|false&#8221; animation_style=&#8221;fade&#8221; button_text_shadow_style=&#8221;preset2&#8243; global_colors_info=&#8221;{}&#8221;][\/et_pb_button][\/et_pb_column][et_pb_column type=&#8221;1_2&#8243; _builder_version=&#8221;4.10.8&#8243; _module_preset=&#8221;default&#8221; global_colors_info=&#8221;{}&#8221;][et_pb_image src=&#8221;https:\/\/departamento.us.es\/deconapli1\/wp-content\/uploads\/2022\/02\/US_rojo_Compressed.png&#8221; title_text=&#8221;US_rojo_Compressed&#8221; align=&#8221;center&#8221; _builder_version=&#8221;4.14.7&#8243; _module_preset=&#8221;default&#8221; custom_margin=&#8221;-83px||||false|false&#8221; custom_margin_tablet=&#8221;130px||||false|false&#8221; custom_margin_phone=&#8221;||||false|false&#8221; custom_margin_last_edited=&#8221;on|phone&#8221; global_colors_info=&#8221;{}&#8221;][\/et_pb_image][et_pb_text _builder_version=&#8221;4.14.2&#8243; _module_preset=&#8221;default&#8221; text_font=&#8221;Prata||||||||&#8221; text_text_color=&#8221;#FFFFFF&#8221; text_font_size=&#8221;30px&#8221; text_line_height=&#8221;0.3em&#8221; custom_margin=&#8221;-265px||-65px||false|false&#8221; animation_style=&#8221;fade&#8221; text_font_size_tablet=&#8221;30px&#8221; text_font_size_phone=&#8221;20px&#8221; text_font_size_last_edited=&#8221;on|phone&#8221; text_text_shadow_style=&#8221;preset2&#8243; locked=&#8221;off&#8221; global_colors_info=&#8221;{}&#8221;]<\/p>\n<p style=\"text-align: center;\">Investigaci\u00f3n<\/p>\n<p style=\"text-align: center;\">[\/et_pb_text][et_pb_button button_url=&#8221;https:\/\/departamento.us.es\/deconapli1\/investigacion\/&#8221; button_text=&#8221;Leer M\u00e1s&#8221; button_alignment=&#8221;center&#8221; _builder_version=&#8221;4.14.2&#8243; _module_preset=&#8221;default&#8221; custom_button=&#8221;on&#8221; button_text_size=&#8221;15px&#8221; button_border_width=&#8221;2px&#8221; button_border_radius=&#8221;3px&#8221; button_icon=&#8221;&#x39;||divi||400&#8243; custom_margin=&#8221;100px||||false|false&#8221; animation_style=&#8221;fade&#8221; button_text_shadow_style=&#8221;preset2&#8243; locked=&#8221;off&#8221; global_colors_info=&#8221;{}&#8221;][\/et_pb_button][\/et_pb_column][\/et_pb_row][\/et_pb_section][et_pb_section fb_built=&#8221;1&#8243; _builder_version=&#8221;4.14.7&#8243; _module_preset=&#8221;default&#8221; background_image=&#8221;https:\/\/departamento.us.es\/deconapli1\/wp-content\/uploads\/2022\/02\/facultad_cee_interior_gris_Compressed.png&#8221; background_repeat=&#8221;repeat&#8221; positioning=&#8221;none&#8221; z_index=&#8221;-30&#8243; height=&#8221;761px&#8221; background_last_edited=&#8221;on|phone&#8221; custom_css_main_element=&#8221;height : 100%&#8221; global_colors_info=&#8221;{}&#8221;][et_pb_row _builder_version=&#8221;4.10.8&#8243; _module_preset=&#8221;default&#8221; locked=&#8221;off&#8221; global_colors_info=&#8221;{}&#8221;][et_pb_column type=&#8221;4_4&#8243; _builder_version=&#8221;4.10.8&#8243; _module_preset=&#8221;default&#8221; global_colors_info=&#8221;{}&#8221;][et_pb_text _builder_version=&#8221;4.14.7&#8243; _module_preset=&#8221;default&#8221; text_font=&#8221;Prata||||||||&#8221; text_text_color=&#8221;#FFFFFF&#8221; text_font_size=&#8221;30px&#8221; text_line_height=&#8221;1.1em&#8221; header_text_align=&#8221;center&#8221; text_orientation=&#8221;center&#8221; module_alignment=&#8221;center&#8221; custom_margin=&#8221;30px||||false|false&#8221; custom_margin_tablet=&#8221;30px||||false|false&#8221; custom_margin_phone=&#8221;75px||||false|false&#8221; custom_margin_last_edited=&#8221;on|tablet&#8221; text_text_shadow_style=&#8221;preset2&#8243; text_text_shadow_horizontal_length=&#8221;0.1em&#8221; text_text_shadow_vertical_length=&#8221;0.1em&#8221; global_colors_info=&#8221;{}&#8221;]<\/p>\n<p style=\"text-align: center;\">Noticias<\/p>\n<p>[\/et_pb_text][et_pb_divider color=&#8221;#D99122&#8243; divider_weight=&#8221;2px&#8221; _builder_version=&#8221;4.14.2&#8243; _module_preset=&#8221;default&#8221; width=&#8221;20%&#8221; module_alignment=&#8221;center&#8221; custom_margin=&#8221;-5px||||false|false&#8221; global_colors_info=&#8221;{}&#8221;][\/et_pb_divider][\/et_pb_column][\/et_pb_row][et_pb_row column_structure=&#8221;1_3,1_3,1_3&#8243; _builder_version=&#8221;4.10.8&#8243; _module_preset=&#8221;default&#8221; locked=&#8221;off&#8221; global_colors_info=&#8221;{}&#8221;][et_pb_column type=&#8221;1_3&#8243; _builder_version=&#8221;4.10.8&#8243; _module_preset=&#8221;default&#8221; global_colors_info=&#8221;{}&#8221;][et_pb_text _builder_version=&#8221;4.14.7&#8243; _module_preset=&#8221;default&#8221; text_text_color=&#8221;#FFFFFF&#8221; background_color=&#8221;rgba(141,7,57,0.85)&#8221; background_enable_image=&#8221;off&#8221; parallax=&#8221;on&#8221; custom_padding=&#8221;35px|15px|35px|15px|true|true&#8221; text_text_shadow_style=&#8221;preset2&#8243; text_text_shadow_horizontal_length=&#8221;0.2em&#8221; text_text_shadow_vertical_length=&#8221;0.15em&#8221; box_shadow_style=&#8221;preset4&#8243; global_colors_info=&#8221;{}&#8221;]<\/p>\n<p><span><span style=\"font-family: Prata, Georgia, Times New Roman, serif;\"><span style=\"font-size: large;\"><b>DEFENSA DE TESIS DOCTORAL<\/b><\/span><\/span><\/span><\/p>\n<div>\n<p>El pr\u00f3ximo 3 de junio de 2025 a las 12:00 hs se defender\u00e1 la tesis doctoral titulada <em>\u201cAn\u00e1lisis cualitativo de los emprendedores locales de la ciudad de Riobamba (Ecuador) y el papel del entorno&#8221;, <\/em>realizada por la doctoranda D\u00aa. Rosa Mercedes Zabala Cuadrado. Esta tesis ha sido dirigida por el Dr. D. Francisco Javier Santos Cumplido y la Dra. D\u00aa Carmen Guzm\u00e1n Alfonso. El acto tendr\u00e1 lugar en el Sal\u00f3n de Grados de la Facultad de Ciencias Econ\u00f3micas y Empresariales. E<span>l tribunal que evaluar\u00e1 la tesis estar\u00e1 presidido por la Dra. D\u00aa. Marta Sol\u00f3rzano Garc\u00eda de la Universidad Nacional de Educaci\u00f3n a Distancia.<\/span><\/p>\n<\/div>\n<p>[\/et_pb_text][et_pb_button button_url=&#8221;https:\/\/departamento.us.es\/deconapli1\/novedades\/&#8221; button_text=&#8221;Leer M\u00e1s&#8221; button_alignment=&#8221;left&#8221; _builder_version=&#8221;4.14.7&#8243; _module_preset=&#8221;default&#8221; custom_button=&#8221;on&#8221; button_text_size=&#8221;15px&#8221; button_border_width=&#8221;2px&#8221; button_border_radius=&#8221;3px&#8221; button_icon=&#8221;&#x39;||divi||400&#8243; animation_style=&#8221;fade&#8221; button_text_shadow_style=&#8221;preset2&#8243; locked=&#8221;off&#8221; global_colors_info=&#8221;{}&#8221;][\/et_pb_button][\/et_pb_column][et_pb_column type=&#8221;1_3&#8243; _builder_version=&#8221;4.10.8&#8243; _module_preset=&#8221;default&#8221; global_colors_info=&#8221;{}&#8221;][et_pb_text _builder_version=&#8221;4.14.7&#8243; _module_preset=&#8221;default&#8221; text_text_color=&#8221;#FFFFFF&#8221; background_color=&#8221;rgba(141,7,57,0.85)&#8221; background_enable_image=&#8221;off&#8221; parallax=&#8221;on&#8221; custom_padding=&#8221;35px|15px|35px|15px|true|true&#8221; text_text_shadow_style=&#8221;preset2&#8243; text_text_shadow_horizontal_length=&#8221;0.2em&#8221; text_text_shadow_vertical_length=&#8221;0.15em&#8221; box_shadow_style=&#8221;preset4&#8243; global_colors_info=&#8221;{}&#8221;]<\/p>\n<p><span><span style=\"font-family: Prata, Georgia, Times New Roman, serif;\"><span style=\"font-size: large;\"><b>DEFENSA DE TESIS DOCTORAL<\/b><\/span><\/span><\/span><\/p>\n<div>\n<p>El pr\u00f3ximo 21 de mayo de 2025 a las 12:00 hs se defender\u00e1 la tesis doctoral titulada <em>\u201cInclusi\u00f3n de la tecnolog\u00eda en los emprendimientos de la ciudad de Riobamba y su contribuci\u00f3n a la ventaja competitiva, <\/em>realizada por la doctoranda D\u00aa. Mersi Piedad Mantilla J\u00e1come. Esta tesis ha sido dirigida por el Dr. D. Francisco Javier Ortega Irizo y la Dra. D\u00aa Inmaculada Ja\u00e9n Figueroa. El acto tendr\u00e1 lugar en la Sala de Juntas del Decanato de la Facultad de Ciencias Econ\u00f3micas y Empresariales. E<span>l tribunal que evaluar\u00e1 la tesis estar\u00e1 presidido por la Dra. D\u00aa. Mar\u00eda del Carmen Cabello Medina de la Universidad Pablo de Olavide.<\/span><\/p>\n<\/div>\n<p>[\/et_pb_text][et_pb_button button_url=&#8221;https:\/\/departamento.us.es\/deconapli1\/novedades\/&#8221; button_text=&#8221;Leer M\u00e1s&#8221; button_alignment=&#8221;left&#8221; _builder_version=&#8221;4.14.7&#8243; _module_preset=&#8221;default&#8221; custom_button=&#8221;on&#8221; button_text_size=&#8221;15px&#8221; button_border_width=&#8221;2px&#8221; button_border_radius=&#8221;3px&#8221; button_icon=&#8221;&#x39;||divi||400&#8243; animation_style=&#8221;fade&#8221; button_text_shadow_style=&#8221;preset2&#8243; locked=&#8221;off&#8221; global_colors_info=&#8221;{}&#8221;][\/et_pb_button][\/et_pb_column][et_pb_column type=&#8221;1_3&#8243; _builder_version=&#8221;4.10.8&#8243; _module_preset=&#8221;default&#8221; global_colors_info=&#8221;{}&#8221;][et_pb_text _builder_version=&#8221;4.14.7&#8243; _module_preset=&#8221;default&#8221; text_text_color=&#8221;#FFFFFF&#8221; background_color=&#8221;rgba(141,7,57,0.85)&#8221; background_enable_image=&#8221;off&#8221; parallax=&#8221;on&#8221; custom_padding=&#8221;35px|15px|35px|15px|true|true&#8221; text_text_shadow_style=&#8221;preset2&#8243; text_text_shadow_horizontal_length=&#8221;0.2em&#8221; text_text_shadow_vertical_length=&#8221;0.15em&#8221; box_shadow_style=&#8221;preset4&#8243; global_colors_info=&#8221;{}&#8221;]<\/p>\n<p><span><span style=\"font-family: Prata, Georgia, Times New Roman, serif;\"><span style=\"font-size: large;\"><b>CURSO EMPRENDIMIENTO EN ECONOM\u00cdA SOCIAL<\/b><\/span><\/span><\/span><\/p>\n<div>\n<p>El pr\u00f3ximo 10 de febrero se dar\u00e1 comienzo al primer curso a desarrollar en el marco de la C\u00e1tedra en Econom\u00eda Social de la Universidad de Sevilla. Dicha C\u00e1tedra forma parte de la reci\u00e9n creada Red de C\u00e1tedras de Econom\u00eda Social de la Junta de Andaluc\u00eda en las distintas Universidades P\u00fablicas Andaluzas. En la Universidad de Sevilla, estos cursos tendr\u00e1n una duraci\u00f3n de 25 hs y se podr\u00e1n convalidar por un cr\u00e9dito de libre configuraci\u00f3n. La tem\u00e1tica de los mismos versar\u00e1 sobre distintos \u00e1mbitos de la Econom\u00eda Social y el emprendimiento social y contar\u00e1n con distintos expertos del sector en diferentes materias. Los cursos ser\u00e1n gratuitos con plazas limitadas y se celebrar\u00e1n los d\u00edas 10, 11, 12, 17, 18 y 19 de febrero. El primero de ellos se titula &#8220;Emprendimiento en Econom\u00eda Social\u201d.<\/p>\n<\/div>\n<p>[\/et_pb_text][et_pb_button button_url=&#8221;https:\/\/departamento.us.es\/deconapli1\/novedades\/&#8221; button_text=&#8221;Leer M\u00e1s&#8221; button_alignment=&#8221;left&#8221; _builder_version=&#8221;4.14.7&#8243; _module_preset=&#8221;default&#8221; custom_button=&#8221;on&#8221; button_text_size=&#8221;15px&#8221; button_border_width=&#8221;2px&#8221; button_border_radius=&#8221;3px&#8221; button_icon=&#8221;&#x39;||divi||400&#8243; animation_style=&#8221;fade&#8221; button_text_shadow_style=&#8221;preset2&#8243; locked=&#8221;off&#8221; global_colors_info=&#8221;{}&#8221;][\/et_pb_button][\/et_pb_column][\/et_pb_row][\/et_pb_section]<\/p>\n","protected":false},"excerpt":{"rendered":"<p>Bienvenidos al Departamento de Econom\u00eda Aplicada I de la Universidad de Sevilla\u00a0Bienvenidos al Departamento de Econom\u00eda Aplicada I de la Universidad de SevillaBienvenidos al Departamento de Econom\u00eda Aplicada I de la Universidad de SevillaPersonal Docente e InvestigadorInvestigaci\u00f3n NoticiasDEFENSA DE TESIS DOCTORAL El pr\u00f3ximo 3 de junio de 2025 a las 12:00 hs se defender\u00e1 la [&hellip;]<\/p>\n","protected":false},"author":1,"featured_media":0,"parent":0,"menu_order":0,"comment_status":"closed","ping_status":"closed","template":"","meta":{"_et_pb_use_builder":"on","_et_pb_old_content":"","_et_gb_content_width":"","footnotes":""},"class_list":["post-526","page","type-page","status-publish","hentry"],"_links":{"self":[{"href":"https:\/\/departamento.us.es\/deconapli1\/wp-json\/wp\/v2\/pages\/526","targetHints":{"allow":["GET"]}}],"collection":[{"href":"https:\/\/departamento.us.es\/deconapli1\/wp-json\/wp\/v2\/pages"}],"about":[{"href":"https:\/\/departamento.us.es\/deconapli1\/wp-json\/wp\/v2\/types\/page"}],"author":[{"embeddable":true,"href":"https:\/\/departamento.us.es\/deconapli1\/wp-json\/wp\/v2\/users\/1"}],"replies":[{"embeddable":true,"href":"https:\/\/departamento.us.es\/deconapli1\/wp-json\/wp\/v2\/comments?post=526"}],"version-history":[{"count":91,"href":"https:\/\/departamento.us.es\/deconapli1\/wp-json\/wp\/v2\/pages\/526\/revisions"}],"predecessor-version":[{"id":2273,"href":"https:\/\/departamento.us.es\/deconapli1\/wp-json\/wp\/v2\/pages\/526\/revisions\/2273"}],"wp:attachment":[{"href":"https:\/\/departamento.us.es\/deconapli1\/wp-json\/wp\/v2\/media?parent=526"}],"curies":[{"name":"wp","href":"https:\/\/api.w.org\/{rel}","templated":true}]}}