{"id":736,"date":"2021-12-16T13:06:45","date_gmt":"2021-12-16T13:06:45","guid":{"rendered":"https:\/\/departamento.us.es\/deconapli1\/?page_id=736"},"modified":"2022-02-25T10:12:04","modified_gmt":"2022-02-25T10:12:04","slug":"quienes-somos","status":"publish","type":"page","link":"https:\/\/departamento.us.es\/deconapli1\/quienes-somos\/","title":{"rendered":"Quienes<br>Somos"},"content":{"rendered":"<p>[et_pb_section fb_built=&#8221;1&#8243; _builder_version=&#8221;4.14.7&#8243; _module_preset=&#8221;default&#8221; background_image=&#8221;https:\/\/departamento.us.es\/deconapli1\/wp-content\/uploads\/2022\/02\/facultad_cee_interior5_gris_Compressed.png&#8221; global_colors_info=&#8221;{}&#8221;][et_pb_row _builder_version=&#8221;4.14.2&#8243; _module_preset=&#8221;default&#8221; global_colors_info=&#8221;{}&#8221;][et_pb_column type=&#8221;4_4&#8243; _builder_version=&#8221;4.14.2&#8243; _module_preset=&#8221;default&#8221; global_colors_info=&#8221;{}&#8221;][et_pb_text _builder_version=&#8221;4.14.2&#8243; _module_preset=&#8221;default&#8221; text_font=&#8221;Prata||||||||&#8221; text_text_color=&#8221;#FFFFFF&#8221; text_font_size=&#8221;30px&#8221; text_line_height=&#8221;1.5em&#8221; text_font_size_tablet=&#8221;30px&#8221; text_font_size_phone=&#8221;17px&#8221; text_font_size_last_edited=&#8221;on|phone&#8221; text_text_shadow_style=&#8221;preset2&#8243; locked=&#8221;off&#8221; global_colors_info=&#8221;{}&#8221;]<\/p>\n<p>Quienes Somos<\/p>\n<p>[\/et_pb_text][\/et_pb_column][\/et_pb_row][\/et_pb_section][et_pb_section fb_built=&#8221;1&#8243; _builder_version=&#8221;4.10.8&#8243; _module_preset=&#8221;default&#8221; global_colors_info=&#8221;{}&#8221;][et_pb_row _builder_version=&#8221;4.14.7&#8243; _module_preset=&#8221;default&#8221; global_colors_info=&#8221;{}&#8221;][et_pb_column type=&#8221;4_4&#8243; _builder_version=&#8221;4.10.8&#8243; _module_preset=&#8221;default&#8221; global_colors_info=&#8221;{}&#8221;][et_pb_text _builder_version=&#8221;4.14.7&#8243; _module_preset=&#8221;default&#8221; text_font=&#8221;|600|||||||&#8221; text_text_color=&#8221;#8D0739&#8243; text_font_size=&#8221;13px&#8221; link_text_color=&#8221;#055169&#8243; global_colors_info=&#8221;{}&#8221;]<a href=\"https:\/\/departamento.us.es\/deconapli1\/\"style=\"color:#8d0739!important;\">Inicio<\/a>\u00a0<svg xmlns=\"http:\/\/www.w3.org\/2000\/svg\" viewbox=\"-11 -2 30 17\" width=\"15\" fill=\"currentColor\"><path d=\"M5.314 7.071l-4.95-4.95A1 1 0 0 1 1.778.707l5.657 5.657a1 1 0 0 1 0 1.414l-5.657 5.657a1 1 0 0 1-1.414-1.414l4.95-4.95z\"><\/path><\/svg> Quienes Somos[\/et_pb_text][\/et_pb_column][\/et_pb_row][et_pb_row column_structure=&#8221;2_5,3_5&#8243; _builder_version=&#8221;4.10.8&#8243; _module_preset=&#8221;default&#8221; global_colors_info=&#8221;{}&#8221;][et_pb_column type=&#8221;2_5&#8243; _builder_version=&#8221;4.10.8&#8243; _module_preset=&#8221;default&#8221; global_colors_info=&#8221;{}&#8221;][et_pb_text _builder_version=&#8221;4.14.2&#8243; _module_preset=&#8221;default&#8221; text_font=&#8221;Prata||||||||&#8221; text_text_color=&#8221;#8D0739&#8243; text_font_size=&#8221;25px&#8221; text_line_height=&#8221;1.5em&#8221; global_colors_info=&#8221;{}&#8221;]<\/p>\n<p>El departamento de Econom\u00eda Aplicada I de la Universidad de Sevilla est\u00e1 constituido por dos grandes \u00e1reas de conocimiento : \u201c<i>Econom\u00eda Aplicada\u201d y \u201cM\u00e9todos Cuantitativos para la Econom\u00eda y la Empresa\u201d<\/i>.<\/p>\n<p>[\/et_pb_text][\/et_pb_column][et_pb_column type=&#8221;3_5&#8243; _builder_version=&#8221;4.10.8&#8243; _module_preset=&#8221;default&#8221; global_colors_info=&#8221;{}&#8221;][et_pb_text _builder_version=&#8221;4.14.7&#8243; _module_preset=&#8221;default&#8221; text_text_color=&#8221;#000000&#8243; text_font_size=&#8221;14px&#8221; global_colors_info=&#8221;{}&#8221;]<\/p>\n<p align=\"justify\"><span style=\"color: #000000;\">La actividad docente es desarrollada principalmente en la Facultad de Ciencias Econ\u00f3micas y Empresariales y en la Facultad de Turismo y Finanzas, aunque tambi\u00e9n en la Facultad de Filosof\u00eda y el Centro Internacional. Esta docencia es impartida por sus 50 profesores en diferentes ense\u00f1anzas de grado y posgrado por un total de 1000 cr\u00e9ditos, participando en docencia en ingl\u00e9s y tutel\u00e1ndo anualmente unos 200 Trabajos Fin de Grado y M\u00e1ster y m\u00e1s de 100 pr\u00e1cticas en empresas e instituciones.<\/span><\/p>\n<p align=\"justify\"><span style=\"color: #000000;\">En cuanto a la actividad investigadora, \u00e9sta se articula principalmente en torno a tres grandes grupos de investigaci\u00f3n, uno de ellos en el \u00e1rea de Econom\u00eda Aplicada y otros dos en el \u00e1rea de M\u00e9todos Cuantitativos. Esta actividad investigadora supone tambi\u00e9n la participaci\u00f3n de los doctores del departamento en los programas de doctorado en \u201cCiencias Econ\u00f3micas, Empresariales y Sociales\u201d y en \u201cTurismo\u201d, adem\u00e1s de su colaboraci\u00f3n en las actividades del \u201cInstituto de Econom\u00eda y Negocios\u201d de la Universidad de Sevilla. El resultado es una producci\u00f3n cient\u00edfica de gran calidad, tal como se desprende de las tesis doctorales dirigidas, la participaci\u00f3n en proyectos de investigaci\u00f3n de convocatorias competitivas y la publicaci\u00f3n de numerosos art\u00edculos cient\u00edficos en revistas de alto impacto.<\/span><\/p>\n<p align=\"justify\"><span style=\"color: #000000;\">Por \u00faltimo, Econom\u00eda Aplicada I tiene una decidida vocaci\u00f3n de cooperaci\u00f3n nacional e internacional en el \u00e1mbito docente e investigador. De esta forma, existe la posibilidad de realizar estancias de profesores visitantes y alumnos de doctorado en las dependencias del departamento para participar y colaborar en la investigaci\u00f3n y docencia junto con nuestro personal docente e investigador. Asimismo, los miembros del departamento tambi\u00e9n participan en diversas redes cient\u00edficas y docentes tanto nacionales como internacionales, tales como la Asociaci\u00f3n Internacional de Econom\u00eda Aplicada (ASEPELT-Espa\u00f1a), la Asociaci\u00f3n Espa\u00f1ola de Ciencia Regional, la Red de Localizaci\u00f3n y Problemas Afines (REDLOCA), la Sociedad de Estad\u00edstica e Investigaci\u00f3n Operativa, CIRIEC-Espa\u00f1a, la Sociedad de Econom\u00eda Mundial, el Instituto Andaluz de Investigaci\u00f3n e Innovaci\u00f3n en Turismo, la red European University Network on Entrepreneurship (ESU), la red International Research Network on Social Enterprises (EMES), el Euro-Working Group on Locational Analysis (EWGLA), Tourism Trends o en Dynamics of Socio-Economic Systems (DYSES).<\/span><\/p>\n<p>[\/et_pb_text][\/et_pb_column][\/et_pb_row][et_pb_row column_structure=&#8221;1_2,1_2&#8243; use_custom_gutter=&#8221;on&#8221; gutter_width=&#8221;1.5&#8243; module_id=&#8221;perso&#8221; _builder_version=&#8221;4.14.7&#8243; _module_preset=&#8221;default&#8221; width=&#8221;100%&#8221; locked=&#8221;off&#8221; global_colors_info=&#8221;{}&#8221;][et_pb_column type=&#8221;1_2&#8243; _builder_version=&#8221;4.14.7&#8243; _module_preset=&#8221;default&#8221; global_colors_info=&#8221;{}&#8221;][et_pb_text module_class=&#8221;qsfoto2&#8243; _builder_version=&#8221;4.14.7&#8243; _module_preset=&#8221;default&#8221; text_text_color=&#8221;#FFFFFF&#8221; text_font_size=&#8221;30px&#8221; text_line_height=&#8221;1.5em&#8221; background_enable_color=&#8221;off&#8221; background_image=&#8221;https:\/\/departamento.us.es\/deconapli1\/wp-content\/uploads\/2022\/02\/sala_clase_Compressed.png&#8221; background_position=&#8221;bottom_center&#8221; text_orientation=&#8221;center&#8221; min_height=&#8221;200px&#8221; custom_margin=&#8221;||||false|false&#8221; custom_margin_tablet=&#8221;|15px||15px|false|true&#8221; custom_margin_phone=&#8221;|15px||15px|false|true&#8221; custom_margin_last_edited=&#8221;on|desktop&#8221; custom_padding=&#8221;55px|10px|55px|10px|true|true&#8221; animation_style=&#8221;flip&#8221; link_option_url=&#8221;https:\/\/www.us.es\/trabaja-en-la-us\/directorio\/carlos-arias-martin&#8221; link_option_url_new_window=&#8221;on&#8221; hover_enabled=&#8221;0&#8243; text_font_size_tablet=&#8221;35px&#8221; text_font_size_phone=&#8221;19px&#8221; text_font_size_last_edited=&#8221;on|phone&#8221; background_last_edited=&#8221;on|phone&#8221; background_size_phone=&#8221;initial&#8221; background_position_phone=&#8221;center&#8221; custom_css_main_element=&#8221;height : 150px;||&#8221; text_text_shadow_style=&#8221;preset2&#8243; border_radii=&#8221;on|5px|5px|5px|5px&#8221; border_color_all=&#8221;#8D0739&#8243; locked=&#8221;off&#8221; global_colors_info=&#8221;{}&#8221; text_text_shadow_horizontal_length=&#8221;0.1em&#8221; text_text_shadow_vertical_length=&#8221;0.1em&#8221; text_text_shadow_blur_strength=&#8221;0.06em&#8221; box_shadow_style=&#8221;preset4&#8243; box_shadow_blur=&#8221;5px&#8221; sticky_enabled=&#8221;0&#8243;]<\/p>\n<div id=\"noms\">\n<p style=\"text-align: center;\">CONOZCA NUESTRA ORGANIZACI\u00d3N<\/p>\n<\/div>\n<p>[\/et_pb_text][\/et_pb_column][et_pb_column type=&#8221;1_2&#8243; _builder_version=&#8221;4.14.7&#8243; _module_preset=&#8221;default&#8221; global_colors_info=&#8221;{}&#8221;][et_pb_text module_class=&#8221;qsfoto&#8221; _builder_version=&#8221;4.14.7&#8243; _module_preset=&#8221;default&#8221; text_text_color=&#8221;#FFFFFF&#8221; text_font_size=&#8221;30px&#8221; text_line_height=&#8221;1.5em&#8221; background_enable_color=&#8221;off&#8221; background_image=&#8221;https:\/\/departamento.us.es\/deconapli1\/wp-content\/uploads\/2022\/02\/sala_clase_Compressed.png&#8221; background_position=&#8221;top_center&#8221; text_orientation=&#8221;center&#8221; min_height=&#8221;200px&#8221; custom_margin=&#8221;||||false|false&#8221; custom_margin_tablet=&#8221;|15px||15px|false|true&#8221; custom_margin_phone=&#8221;|15px||15px|false|true&#8221; custom_margin_last_edited=&#8221;on|desktop&#8221; custom_padding=&#8221;55px|10px|55px|10px|true|true&#8221; animation_style=&#8221;flip&#8221; link_option_url=&#8221;https:\/\/www.us.es\/trabaja-en-la-us\/directorio\/carlos-arias-martin&#8221; link_option_url_new_window=&#8221;on&#8221; hover_enabled=&#8221;0&#8243; text_font_size_tablet=&#8221;35px&#8221; text_font_size_phone=&#8221;19px&#8221; text_font_size_last_edited=&#8221;on|phone&#8221; custom_css_main_element=&#8221;height : 150px;&#8221; text_text_shadow_style=&#8221;preset2&#8243; border_radii=&#8221;on|5px|5px|5px|5px&#8221; border_color_all=&#8221;#8D0739&#8243; locked=&#8221;off&#8221; global_colors_info=&#8221;{}&#8221; text_text_shadow_horizontal_length=&#8221;0.1em&#8221; text_text_shadow_vertical_length=&#8221;0.1em&#8221; text_text_shadow_blur_strength=&#8221;0.06em&#8221; box_shadow_style=&#8221;preset4&#8243; box_shadow_blur=&#8221;5px&#8221; sticky_enabled=&#8221;0&#8243;]<\/p>\n<div id=\"noms\">\n<p style=\"text-align: center;\">CONOZCA A NUESTRO PERSONAL DOCENTE E INVESTIGADOR<\/p>\n<\/div>\n<p>[\/et_pb_text][\/et_pb_column][\/et_pb_row][\/et_pb_section]<\/p>\n","protected":false},"excerpt":{"rendered":"<p>Quienes SomosInicio\u00a0 Quienes SomosEl departamento de Econom\u00eda Aplicada I de la Universidad de Sevilla est\u00e1 constituido por dos grandes \u00e1reas de conocimiento : \u201cEconom\u00eda Aplicada\u201d y \u201cM\u00e9todos Cuantitativos para la Econom\u00eda y la Empresa\u201d.La actividad docente es desarrollada principalmente en la Facultad de Ciencias Econ\u00f3micas y Empresariales y en la Facultad de Turismo y Finanzas, [&hellip;]<\/p>\n","protected":false},"author":1,"featured_media":0,"parent":0,"menu_order":0,"comment_status":"closed","ping_status":"closed","template":"","meta":{"_et_pb_use_builder":"on","_et_pb_old_content":"","_et_gb_content_width":"","footnotes":""},"class_list":["post-736","page","type-page","status-publish","hentry"],"_links":{"self":[{"href":"https:\/\/departamento.us.es\/deconapli1\/wp-json\/wp\/v2\/pages\/736","targetHints":{"allow":["GET"]}}],"collection":[{"href":"https:\/\/departamento.us.es\/deconapli1\/wp-json\/wp\/v2\/pages"}],"about":[{"href":"https:\/\/departamento.us.es\/deconapli1\/wp-json\/wp\/v2\/types\/page"}],"author":[{"embeddable":true,"href":"https:\/\/departamento.us.es\/deconapli1\/wp-json\/wp\/v2\/users\/1"}],"replies":[{"embeddable":true,"href":"https:\/\/departamento.us.es\/deconapli1\/wp-json\/wp\/v2\/comments?post=736"}],"version-history":[{"count":33,"href":"https:\/\/departamento.us.es\/deconapli1\/wp-json\/wp\/v2\/pages\/736\/revisions"}],"predecessor-version":[{"id":1890,"href":"https:\/\/departamento.us.es\/deconapli1\/wp-json\/wp\/v2\/pages\/736\/revisions\/1890"}],"wp:attachment":[{"href":"https:\/\/departamento.us.es\/deconapli1\/wp-json\/wp\/v2\/media?parent=736"}],"curies":[{"name":"wp","href":"https:\/\/api.w.org\/{rel}","templated":true}]}}