{"id":748,"date":"2021-12-16T14:56:20","date_gmt":"2021-12-16T14:56:20","guid":{"rendered":"https:\/\/departamento.us.es\/deconapli1\/?page_id=748"},"modified":"2025-07-14T08:56:44","modified_gmt":"2025-07-14T08:56:44","slug":"organizacion","status":"publish","type":"page","link":"https:\/\/departamento.us.es\/deconapli1\/organizacion\/","title":{"rendered":"Organizaci\u00f3n"},"content":{"rendered":"<p>[et_pb_section fb_built=&#8221;1&#8243; _builder_version=&#8221;4.14.7&#8243; _module_preset=&#8221;default&#8221; background_image=&#8221;https:\/\/departamento.us.es\/deconapli1\/wp-content\/uploads\/2022\/02\/sala_clase_gris_Compressed.png&#8221; global_colors_info=&#8221;{}&#8221;][et_pb_row _builder_version=&#8221;4.14.2&#8243; _module_preset=&#8221;default&#8221; global_colors_info=&#8221;{}&#8221;][et_pb_column type=&#8221;4_4&#8243; _builder_version=&#8221;4.14.2&#8243; _module_preset=&#8221;default&#8221; global_colors_info=&#8221;{}&#8221;][et_pb_text _builder_version=&#8221;4.14.2&#8243; _module_preset=&#8221;default&#8221; text_font=&#8221;Prata||||||||&#8221; text_text_color=&#8221;#FFFFFF&#8221; text_font_size=&#8221;30px&#8221; text_line_height=&#8221;1.5em&#8221; text_font_size_tablet=&#8221;30px&#8221; text_font_size_phone=&#8221;17px&#8221; text_font_size_last_edited=&#8221;on|phone&#8221; text_text_shadow_style=&#8221;preset2&#8243; locked=&#8221;off&#8221; global_colors_info=&#8221;{}&#8221;]<\/p>\n<p>Organizaci\u00f3n<\/p>\n<p>[\/et_pb_text][\/et_pb_column][\/et_pb_row][\/et_pb_section][et_pb_section fb_built=&#8221;1&#8243; _builder_version=&#8221;4.10.8&#8243; _module_preset=&#8221;default&#8221; global_colors_info=&#8221;{}&#8221;][et_pb_row _builder_version=&#8221;4.10.8&#8243; _module_preset=&#8221;default&#8221; global_colors_info=&#8221;{}&#8221;][et_pb_column type=&#8221;4_4&#8243; _builder_version=&#8221;4.10.8&#8243; _module_preset=&#8221;default&#8221; global_colors_info=&#8221;{}&#8221;][et_pb_text _builder_version=&#8221;4.14.7&#8243; _module_preset=&#8221;default&#8221; text_font=&#8221;|600|||||||&#8221; text_text_color=&#8221;#8D0739&#8243; text_font_size=&#8221;13px&#8221; link_text_color=&#8221;#055169&#8243; custom_padding=&#8221;||0px|||&#8221; global_colors_info=&#8221;{}&#8221;]<a href=\"https:\/\/departamento.us.es\/deconapli1\/\"style=\"color:#8d0739!important;\">Inicio<\/a>\u00a0<svg xmlns=\"http:\/\/www.w3.org\/2000\/svg\" viewbox=\"-11 -2 30 17\" width=\"15\" fill=\"currentColor\"><path d=\"M5.314 7.071l-4.95-4.95A1 1 0 0 1 1.778.707l5.657 5.657a1 1 0 0 1 0 1.414l-5.657 5.657a1 1 0 0 1-1.414-1.414l4.95-4.95z\"><\/path><\/svg> Organizaci\u00f3n[\/et_pb_text][\/et_pb_column][\/et_pb_row][et_pb_row column_structure=&#8221;1_2,1_2&#8243; _builder_version=&#8221;4.14.2&#8243; _module_preset=&#8221;default&#8221; custom_margin=&#8221;||30px||false|false&#8221; global_colors_info=&#8221;{}&#8221;][et_pb_column type=&#8221;1_2&#8243; _builder_version=&#8221;4.10.8&#8243; _module_preset=&#8221;default&#8221; global_colors_info=&#8221;{}&#8221;][et_pb_text _builder_version=&#8221;4.14.2&#8243; _module_preset=&#8221;default&#8221; text_font=&#8221;Prata||||||||&#8221; text_text_color=&#8221;#8D0739&#8243; text_font_size=&#8221;25px&#8221; text_line_height=&#8221;1.5em&#8221; global_colors_info=&#8221;{}&#8221;]<\/p>\n<p>Direcci\u00f3n<\/p>\n<p>[\/et_pb_text][et_pb_divider color=&#8221;#E17E23&#8243; divider_weight=&#8221;3px&#8221; _builder_version=&#8221;4.14.2&#8243; _module_preset=&#8221;default&#8221; width=&#8221;100%&#8221; custom_margin=&#8221;||5px||false|false&#8221; locked=&#8221;off&#8221; global_colors_info=&#8221;{}&#8221;][\/et_pb_divider][et_pb_text _builder_version=&#8221;4.14.7&#8243; _module_preset=&#8221;default&#8221; text_text_color=&#8221;#000000&#8243; global_colors_info=&#8221;{}&#8221;]<\/p>\n<p align=\"justify\"><span style=\"color: #8d0739;\"><strong>Directora del departamento :<\/strong><\/span> <a href=\"https:\/\/www.us.es\/trabaja-en-la-us\/directorio\/yolanda-hinojosa-bergillos\" target=\"_blank\" rel=\"noopener\">Yolanda Hinojosa Bergillos<\/a><\/p>\n<p align=\"justify\"><span style=\"color: #8d0739;\"><strong>Secretaria del departamento :<\/strong><\/span> <a href=\"https:\/\/www.us.es\/trabaja-en-la-us\/directorio\/maria-pilar-tejada-gonzalez\" target=\"_blank\" rel=\"noopener\">Mar\u00eda Pilar Tejada Gonz\u00e1lez<\/a><\/p>\n<p align=\"justify\"><span style=\"color: #8d0739;\"><strong>Gestora :<\/strong><\/span> <a href=\"https:\/\/www.us.es\/trabaja-en-la-us\/directorio\/mercedes-vera-martinez\" target=\"_blank\" rel=\"noopener\">Mercedes Vera Mart\u00ednez<\/a><\/p>\n<p align=\"justify\"><span style=\"color: #8d0739;\"><strong>Auxiliar :<\/strong><\/span> <a href=\"https:\/\/www.us.es\/trabaja-en-la-us\/directorio\/paula-andrea-melchiorre\" target=\"_blank\" rel=\"noopener\">Paula Andrea Melchiorre<\/a><\/p>\n<p>[\/et_pb_text][\/et_pb_column][et_pb_column type=&#8221;1_2&#8243; _builder_version=&#8221;4.10.8&#8243; _module_preset=&#8221;default&#8221; global_colors_info=&#8221;{}&#8221;][et_pb_text _builder_version=&#8221;4.14.2&#8243; _module_preset=&#8221;default&#8221; text_font=&#8221;Prata||||||||&#8221; text_text_color=&#8221;#8D0739&#8243; text_font_size=&#8221;25px&#8221; text_line_height=&#8221;1.5em&#8221; global_colors_info=&#8221;{}&#8221;]<\/p>\n<p>Comisi\u00f3n Permanente<\/p>\n<p>[\/et_pb_text][et_pb_divider color=&#8221;#E17E23&#8243; divider_weight=&#8221;3px&#8221; _builder_version=&#8221;4.14.2&#8243; _module_preset=&#8221;default&#8221; width=&#8221;100%&#8221; custom_margin=&#8221;||5px||false|false&#8221; locked=&#8221;off&#8221; global_colors_info=&#8221;{}&#8221;][\/et_pb_divider][et_pb_text _builder_version=&#8221;4.14.7&#8243; _module_preset=&#8221;default&#8221; text_text_color=&#8221;#000000&#8243; hover_enabled=&#8221;0&#8243; global_colors_info=&#8221;{}&#8221; sticky_enabled=&#8221;0&#8243;]<\/p>\n<p align=\"justify\"><span style=\"color: #8d0739;\"><strong>Yolanda Hinojosa Bergillos &#8211; <\/strong><\/span>Presidenta<\/p>\n<p align=\"justify\"><span style=\"color: #8d0739;\"><strong>Mar\u00eda Pilar Tejada Gonz\u00e1lez &#8211; <\/strong><span style=\"color: #000000;\">Secretaria<\/span><\/span><\/p>\n<p align=\"justify\"><span style=\"color: #8d0739;\"><strong>Francisco Javier Santos Cumplido<\/strong><\/span><\/p>\n<p align=\"justify\"><span style=\"color: #8d0739;\"><strong>Francisco Begines Begines<\/strong><\/span><\/p>\n<p align=\"justify\"><span style=\"color: #8d0739;\"><strong>Jos\u00e9 Manuel Gavil\u00e1n Ruiz<\/strong><\/span><\/p>\n<p>[\/et_pb_text][\/et_pb_column][\/et_pb_row][et_pb_row column_structure=&#8221;1_2,1_2&#8243; _builder_version=&#8221;4.14.2&#8243; _module_preset=&#8221;default&#8221; custom_margin=&#8221;||30px||false|false&#8221; locked=&#8221;off&#8221; global_colors_info=&#8221;{}&#8221;][et_pb_column type=&#8221;1_2&#8243; _builder_version=&#8221;4.10.8&#8243; _module_preset=&#8221;default&#8221; global_colors_info=&#8221;{}&#8221;][et_pb_text _builder_version=&#8221;4.14.2&#8243; _module_preset=&#8221;default&#8221; text_font=&#8221;Prata||||||||&#8221; text_text_color=&#8221;#8D0739&#8243; text_font_size=&#8221;25px&#8221; text_line_height=&#8221;1.5em&#8221; global_colors_info=&#8221;{}&#8221;]<\/p>\n<p>Reglamento del Departamento<\/p>\n<p>[\/et_pb_text][et_pb_divider color=&#8221;#E17E23&#8243; divider_weight=&#8221;3px&#8221; _builder_version=&#8221;4.14.2&#8243; _module_preset=&#8221;default&#8221; width=&#8221;100%&#8221; custom_margin=&#8221;||5px||false|false&#8221; locked=&#8221;off&#8221; global_colors_info=&#8221;{}&#8221;][\/et_pb_divider][et_pb_button button_url=&#8221;https:\/\/departamento.us.es\/deconapli1\/wp-content\/uploads\/2022\/01\/PDF-REGLAMENTO-CONSEJO-DEPARTAMENTO.pdf&#8221; url_new_window=&#8221;on&#8221; button_text=&#8221;PDF REGLAMENTO DEL DEPARTAMENTO&#8221; _builder_version=&#8221;4.14.2&#8243; _module_preset=&#8221;default&#8221; custom_button=&#8221;on&#8221; button_text_size=&#8221;14px&#8221; button_text_color=&#8221;#8D0739&#8243; button_border_color=&#8221;RGBA(255,255,255,0)&#8221; button_icon=&#8221;&#x24;||divi||400&#8243; button_icon_color=&#8221;#8D0739&#8243; button_icon_placement=&#8221;left&#8221; locked=&#8221;off&#8221; global_colors_info=&#8221;{}&#8221;][\/et_pb_button][\/et_pb_column][et_pb_column type=&#8221;1_2&#8243; _builder_version=&#8221;4.10.8&#8243; _module_preset=&#8221;default&#8221; global_colors_info=&#8221;{}&#8221;][et_pb_text _builder_version=&#8221;4.14.2&#8243; _module_preset=&#8221;default&#8221; text_font=&#8221;Prata||||||||&#8221; text_text_color=&#8221;#8D0739&#8243; text_font_size=&#8221;25px&#8221; text_line_height=&#8221;1.5em&#8221; global_colors_info=&#8221;{}&#8221;]<\/p>\n<p>Comisi\u00f3n de Investigaci\u00f3n<\/p>\n<p>[\/et_pb_text][et_pb_divider color=&#8221;#E17E23&#8243; divider_weight=&#8221;3px&#8221; _builder_version=&#8221;4.14.2&#8243; _module_preset=&#8221;default&#8221; width=&#8221;100%&#8221; custom_margin=&#8221;||5px||false|false&#8221; locked=&#8221;off&#8221; global_colors_info=&#8221;{}&#8221;][\/et_pb_divider][et_pb_text _builder_version=&#8221;4.14.7&#8243; _module_preset=&#8221;default&#8221; text_text_color=&#8221;#000000&#8243; hover_enabled=&#8221;0&#8243; global_colors_info=&#8221;{}&#8221; sticky_enabled=&#8221;0&#8243;]<\/p>\n<p align=\"justify\"><span style=\"color: #8d0739;\"><strong>Yolanda Hinojosa Bergillos &#8211; <\/strong><\/span>Presidenta<\/p>\n<p align=\"justify\"><span style=\"color: #8d0739;\"><strong>Francisco Javier Santos Cumplido<\/strong><\/span><\/p>\n<p align=\"justify\"><span style=\"color: #8d0739;\"><strong>Luis Gonz\u00e1lez Abril<\/strong><\/span><\/p>\n<p align=\"justify\"><span style=\"color: #8d0739;\"><strong>Rosario Gonz\u00e1lez Rodr\u00edguez<\/strong><\/span><\/p>\n<p align=\"justify\"><span style=\"color: #8d0739;\"><strong>Francisco Li\u00f1\u00e1n Alcalde<\/strong><\/span><\/p>\n<p>[\/et_pb_text][\/et_pb_column][\/et_pb_row][et_pb_row column_structure=&#8221;1_2,1_2&#8243; _builder_version=&#8221;4.14.2&#8243; _module_preset=&#8221;default&#8221; custom_margin=&#8221;||30px||false|false&#8221; locked=&#8221;off&#8221; global_colors_info=&#8221;{}&#8221;][et_pb_column type=&#8221;1_2&#8243; _builder_version=&#8221;4.10.8&#8243; _module_preset=&#8221;default&#8221; global_colors_info=&#8221;{}&#8221;][et_pb_text _builder_version=&#8221;4.14.2&#8243; _module_preset=&#8221;default&#8221; text_font=&#8221;Prata||||||||&#8221; text_text_color=&#8221;#8D0739&#8243; text_font_size=&#8221;25px&#8221; text_line_height=&#8221;1.5em&#8221; global_colors_info=&#8221;{}&#8221;]<\/p>\n<p>Comisi\u00f3n de Docencia<\/p>\n<p>[\/et_pb_text][et_pb_divider color=&#8221;#E17E23&#8243; divider_weight=&#8221;3px&#8221; _builder_version=&#8221;4.14.2&#8243; _module_preset=&#8221;default&#8221; width=&#8221;100%&#8221; custom_margin=&#8221;||5px||false|false&#8221; hover_enabled=&#8221;0&#8243; locked=&#8221;off&#8221; global_colors_info=&#8221;{}&#8221; sticky_enabled=&#8221;0&#8243;][\/et_pb_divider][et_pb_text _builder_version=&#8221;4.14.7&#8243; _module_preset=&#8221;default&#8221; text_text_color=&#8221;#000000&#8243; hover_enabled=&#8221;0&#8243; global_colors_info=&#8221;{}&#8221; sticky_enabled=&#8221;0&#8243;]<\/p>\n<p align=\"justify\"><span style=\"color: #8d0739;\"><strong>Rafael C\u00e1ceres Carrasco &#8211; <\/strong><\/span><strong><span style=\"color: #8d0739;\"><\/span><\/strong>Presidente<\/p>\n<p align=\"justify\"><span style=\"color: #8d0739;\"><strong>Francisco Javier Gamero Rojas<\/strong><\/span><\/p>\n<p align=\"justify\"><span style=\"color: #8d0739;\"><strong>Francisco Begines Begines<\/strong><\/span><\/p>\n<p>[\/et_pb_text][\/et_pb_column][et_pb_column type=&#8221;1_2&#8243; _builder_version=&#8221;4.10.8&#8243; _module_preset=&#8221;default&#8221; global_colors_info=&#8221;{}&#8221;][et_pb_text _builder_version=&#8221;4.14.2&#8243; _module_preset=&#8221;default&#8221; text_font=&#8221;Prata||||||||&#8221; text_text_color=&#8221;#8D0739&#8243; text_font_size=&#8221;25px&#8221; text_line_height=&#8221;1.5em&#8221; global_colors_info=&#8221;{}&#8221;]<\/p>\n<p>Comisi\u00f3n de Ordenaci\u00f3n Acad\u00e9mica<\/p>\n<p>[\/et_pb_text][et_pb_divider color=&#8221;#E17E23&#8243; divider_weight=&#8221;3px&#8221; _builder_version=&#8221;4.14.2&#8243; _module_preset=&#8221;default&#8221; width=&#8221;100%&#8221; custom_margin=&#8221;||5px||false|false&#8221; locked=&#8221;off&#8221; global_colors_info=&#8221;{}&#8221;][\/et_pb_divider][et_pb_text _builder_version=&#8221;4.14.7&#8243; _module_preset=&#8221;default&#8221; text_text_color=&#8221;#000000&#8243; hover_enabled=&#8221;0&#8243; global_colors_info=&#8221;{}&#8221; sticky_enabled=&#8221;0&#8243;]<\/p>\n<p align=\"justify\"><span style=\"color: #8d0739;\"><strong>Juan Antonio Mart\u00ednez Rom\u00e1n &#8211;<\/strong><\/span> <span style=\"color: #000000;\">Presidente<\/span><\/p>\n<p align=\"justify\"><span style=\"color: #8d0739;\"><strong>\u00c1frica Ruiz G\u00e1ndara &#8211; <\/strong><\/span><span style=\"color: #000000;\">Secretaria<\/span><\/p>\n<p align=\"justify\"><span style=\"color: #8d0739;\"><strong>Mar\u00eda Pilar Tejada Gonz\u00e1lez<\/strong><\/span><\/p>\n<p align=\"justify\"><span style=\"color: #8d0739;\"><strong>Francisco Begines Begines<\/strong><\/span><\/p>\n<p align=\"justify\"><span style=\"color: #8d0739;\"><strong>Mar\u00eda Dolores P\u00e9rez Hidalgo<\/strong><\/span><\/p>\n<p align=\"justify\"><span style=\"color: #8d0739;\"><strong>Mar\u00eda Loreto Delgado Gonz\u00e1lez<\/strong><\/span><\/p>\n<p align=\"justify\">[\/et_pb_text][\/et_pb_column][\/et_pb_row][et_pb_row column_structure=&#8221;1_2,1_2&#8243; _builder_version=&#8221;4.14.2&#8243; _module_preset=&#8221;default&#8221; custom_margin=&#8221;||30px||false|false&#8221; locked=&#8221;off&#8221; global_colors_info=&#8221;{}&#8221;][et_pb_column type=&#8221;1_2&#8243; _builder_version=&#8221;4.10.8&#8243; _module_preset=&#8221;default&#8221; global_colors_info=&#8221;{}&#8221;][et_pb_text _builder_version=&#8221;4.14.2&#8243; _module_preset=&#8221;default&#8221; text_font=&#8221;Prata||||||||&#8221; text_text_color=&#8221;#8D0739&#8243; text_font_size=&#8221;25px&#8221; text_line_height=&#8221;1.5em&#8221; global_colors_info=&#8221;{}&#8221;]<\/p>\n<p>Comisi\u00f3n de TFG<\/p>\n<p>[\/et_pb_text][et_pb_divider color=&#8221;#E17E23&#8243; divider_weight=&#8221;3px&#8221; _builder_version=&#8221;4.14.2&#8243; _module_preset=&#8221;default&#8221; width=&#8221;100%&#8221; custom_margin=&#8221;||5px||false|false&#8221; locked=&#8221;off&#8221; global_colors_info=&#8221;{}&#8221;][\/et_pb_divider][et_pb_text _builder_version=&#8221;4.14.7&#8243; _module_preset=&#8221;default&#8221; text_text_color=&#8221;#000000&#8243; hover_enabled=&#8221;0&#8243; global_colors_info=&#8221;{}&#8221; sticky_enabled=&#8221;0&#8243;]<\/p>\n<p align=\"justify\"><span style=\"color: #8d0739;\"><strong>Yolanda Hinojosa Bergillos &#8211; <\/strong><\/span>Presidenta<\/p>\n<p align=\"justify\"><span style=\"color: #8d0739;\"><strong>Crist\u00f3bal Chamizo Guerra<\/strong><\/span><\/p>\n<p align=\"justify\"><span style=\"color: #8d0739;\"><strong>Domingo Mart\u00edn Mart\u00edn<\/strong><\/span><\/p>\n<p align=\"justify\"><span style=\"color: #8d0739;\"><strong>Mar\u00eda Pilar Moreno Pacheco<\/strong><\/span><\/p>\n<p align=\"justify\">\n<p align=\"justify\">[\/et_pb_text][\/et_pb_column][et_pb_column type=&#8221;1_2&#8243; _builder_version=&#8221;4.10.8&#8243; _module_preset=&#8221;default&#8221; global_colors_info=&#8221;{}&#8221;][et_pb_text _builder_version=&#8221;4.14.2&#8243; _module_preset=&#8221;default&#8221; text_font=&#8221;Prata||||||||&#8221; text_text_color=&#8221;#8D0739&#8243; text_font_size=&#8221;25px&#8221; text_line_height=&#8221;1.5em&#8221; global_colors_info=&#8221;{}&#8221;]<\/p>\n<p>Comisi\u00f3n de Convalidaciones<\/p>\n<p>[\/et_pb_text][et_pb_divider color=&#8221;#E17E23&#8243; divider_weight=&#8221;3px&#8221; _builder_version=&#8221;4.14.2&#8243; _module_preset=&#8221;default&#8221; width=&#8221;100%&#8221; custom_margin=&#8221;||5px||false|false&#8221; locked=&#8221;off&#8221; global_colors_info=&#8221;{}&#8221;][\/et_pb_divider][et_pb_text _builder_version=&#8221;4.14.7&#8243; _module_preset=&#8221;default&#8221; text_text_color=&#8221;#000000&#8243; hover_enabled=&#8221;0&#8243; global_colors_info=&#8221;{}&#8221; sticky_enabled=&#8221;0&#8243;]<\/p>\n<p align=\"justify\"><span style=\"color: #8d0739;\"><strong>Rafael C\u00e1ceres Carrasco &#8211; <\/strong><\/span>Presidente<\/p>\n<p align=\"justify\"><span style=\"color: #8d0739;\"><strong>Jes\u00fas Mu\u00f1oz San Miguel<\/strong><\/span><\/p>\n<p align=\"justify\"><span style=\"color: #8d0739;\"><strong>Jos\u00e9 Enrique Romero Garc\u00eda<\/strong><\/span><\/p>\n<p>[\/et_pb_text][\/et_pb_column][\/et_pb_row][\/et_pb_section]<\/p>\n","protected":false},"excerpt":{"rendered":"<p>Organizaci\u00f3nInicio\u00a0 Organizaci\u00f3nDirecci\u00f3nDirectora del departamento : Yolanda Hinojosa Bergillos Secretaria del departamento : Mar\u00eda Pilar Tejada Gonz\u00e1lez Gestora : Mercedes Vera Mart\u00ednez Auxiliar : Paula Andrea MelchiorreComisi\u00f3n PermanenteYolanda Hinojosa Bergillos &#8211; Presidenta Mar\u00eda Pilar Tejada Gonz\u00e1lez &#8211; Secretaria Francisco Javier Santos Cumplido Francisco Begines Begines Jos\u00e9 Manuel Gavil\u00e1n RuizReglamento del DepartamentoComisi\u00f3n de Investigaci\u00f3nYolanda Hinojosa Bergillos &#8211; [&hellip;]<\/p>\n","protected":false},"author":1,"featured_media":0,"parent":0,"menu_order":0,"comment_status":"closed","ping_status":"closed","template":"","meta":{"_et_pb_use_builder":"on","_et_pb_old_content":"","_et_gb_content_width":"","footnotes":""},"class_list":["post-748","page","type-page","status-publish","hentry"],"_links":{"self":[{"href":"https:\/\/departamento.us.es\/deconapli1\/wp-json\/wp\/v2\/pages\/748","targetHints":{"allow":["GET"]}}],"collection":[{"href":"https:\/\/departamento.us.es\/deconapli1\/wp-json\/wp\/v2\/pages"}],"about":[{"href":"https:\/\/departamento.us.es\/deconapli1\/wp-json\/wp\/v2\/types\/page"}],"author":[{"embeddable":true,"href":"https:\/\/departamento.us.es\/deconapli1\/wp-json\/wp\/v2\/users\/1"}],"replies":[{"embeddable":true,"href":"https:\/\/departamento.us.es\/deconapli1\/wp-json\/wp\/v2\/comments?post=748"}],"version-history":[{"count":21,"href":"https:\/\/departamento.us.es\/deconapli1\/wp-json\/wp\/v2\/pages\/748\/revisions"}],"predecessor-version":[{"id":2300,"href":"https:\/\/departamento.us.es\/deconapli1\/wp-json\/wp\/v2\/pages\/748\/revisions\/2300"}],"wp:attachment":[{"href":"https:\/\/departamento.us.es\/deconapli1\/wp-json\/wp\/v2\/media?parent=748"}],"curies":[{"name":"wp","href":"https:\/\/api.w.org\/{rel}","templated":true}]}}