{"id":9695,"date":"2025-04-03T07:17:38","date_gmt":"2025-04-03T07:17:38","guid":{"rendered":"https:\/\/departamento.us.es\/deconapli3\/?page_id=9695"},"modified":"2026-05-07T09:29:50","modified_gmt":"2026-05-07T09:29:50","slug":"grupos-de-investigacion","status":"publish","type":"page","link":"https:\/\/departamento.us.es\/deconapli3\/grupos-de-investigacion\/","title":{"rendered":"Grupos de Investigaci\u00f3n"},"content":{"rendered":"\t\t<div data-elementor-type=\"wp-page\" data-elementor-id=\"9695\" class=\"elementor elementor-9695\" data-elementor-post-type=\"page\">\n\t\t\t\t<div class=\"elementor-element elementor-element-8cee4e3 e-flex e-con-boxed e-con e-parent\" data-id=\"8cee4e3\" data-element_type=\"container\" data-e-type=\"container\">\n\t\t\t\t\t<div class=\"e-con-inner\">\n\t\t<div class=\"elementor-element elementor-element-af90391 e-con-full e-flex e-con e-child\" data-id=\"af90391\" data-element_type=\"container\" data-e-type=\"container\">\n\t\t<div class=\"elementor-element elementor-element-5a709cf e-con-full e-flex e-con e-child\" data-id=\"5a709cf\" data-element_type=\"container\" data-e-type=\"container\">\n\t\t\t\t<div class=\"elementor-element elementor-element-2d99e7b elementor-widget elementor-widget-heading\" data-id=\"2d99e7b\" data-element_type=\"widget\" data-e-type=\"widget\" data-widget_type=\"heading.default\">\n\t\t\t\t<div class=\"elementor-widget-container\">\n\t\t\t\t\t<h4 class=\"elementor-heading-title elementor-size-default\">Grupo de Investigaci\u00f3n SEJ230: Planificacion y Analisis Economico<\/h4>\t\t\t\t<\/div>\n\t\t\t\t<\/div>\n\t\t\t\t<\/div>\n\t\t<div class=\"elementor-element elementor-element-2f04af9 e-con-full e-flex e-con e-child\" data-id=\"2f04af9\" data-element_type=\"container\" data-e-type=\"container\">\n\t\t\t\t<div class=\"elementor-element elementor-element-9a58b1b elementor-widget elementor-widget-heading\" data-id=\"9a58b1b\" data-element_type=\"widget\" data-e-type=\"widget\" data-widget_type=\"heading.default\">\n\t\t\t\t<div class=\"elementor-widget-container\">\n\t\t\t\t\t<h5 class=\"elementor-heading-title elementor-size-default\">Director:<\/h5>\t\t\t\t<\/div>\n\t\t\t\t<\/div>\n\t\t\t\t<div class=\"elementor-element elementor-element-2ca6864 elementor-widget elementor-widget-heading\" data-id=\"2ca6864\" data-element_type=\"widget\" data-e-type=\"widget\" data-widget_type=\"heading.default\">\n\t\t\t\t<div class=\"elementor-widget-container\">\n\t\t\t\t\t<h5 class=\"elementor-heading-title elementor-size-default\">Juan Carlos Mor\u00e1n \u00c1lvarez<\/h5>\t\t\t\t<\/div>\n\t\t\t\t<\/div>\n\t\t\t\t<\/div>\n\t\t\t\t<div class=\"elementor-element elementor-element-a449723 elementor-list-item-link-inline elementor-icon-list--layout-traditional elementor-widget elementor-widget-icon-list\" data-id=\"a449723\" data-element_type=\"widget\" data-e-type=\"widget\" data-widget_type=\"icon-list.default\">\n\t\t\t\t<div class=\"elementor-widget-container\">\n\t\t\t\t\t\t\t<ul class=\"elementor-icon-list-items\">\n\t\t\t\t\t\t\t<li class=\"elementor-icon-list-item\">\n\t\t\t\t\t\t\t\t\t\t\t<a href=\"https:\/\/investigacion.us.es\/sisius\/grupo\/SEJ230\" target=\"_blank\" rel=\"nofollow\">\n\n\t\t\t\t\t\t\t\t\t\t\t\t<span class=\"elementor-icon-list-icon\">\n\t\t\t\t\t\t\t<i aria-hidden=\"true\" class=\"fas fa-external-link-alt\"><\/i>\t\t\t\t\t\t<\/span>\n\t\t\t\t\t\t\t\t\t\t<span class=\"elementor-icon-list-text\">SISIUS<\/span>\n\t\t\t\t\t\t\t\t\t\t\t<\/a>\n\t\t\t\t\t\t\t\t\t<\/li>\n\t\t\t\t\t\t<\/ul>\n\t\t\t\t\t\t<\/div>\n\t\t\t\t<\/div>\n\t\t\t\t<div class=\"elementor-element elementor-element-6c46640 elementor-widget elementor-widget-heading\" data-id=\"6c46640\" data-element_type=\"widget\" data-e-type=\"widget\" data-widget_type=\"heading.default\">\n\t\t\t\t<div class=\"elementor-widget-container\">\n\t\t\t\t\t<h5 class=\"elementor-heading-title elementor-size-default\">L\u00edneas de Investigaci\u00f3n:<\/h5>\t\t\t\t<\/div>\n\t\t\t\t<\/div>\n\t\t\t\t<div class=\"elementor-element elementor-element-e84a87d elementor-widget elementor-widget-text-editor\" data-id=\"e84a87d\" data-element_type=\"widget\" data-e-type=\"widget\" data-widget_type=\"text-editor.default\">\n\t\t\t\t<div class=\"elementor-widget-container\">\n\t\t\t\t\t\t\t\t\t<ul><li>Econom\u00eda Social<\/li><li>Emprendimiento y Creaci\u00f3n de Empresas<\/li><li>Evaluaci\u00f3n y Gesti\u00f3n de Recursos Naturales<\/li><li>Planificaci\u00f3n, Seguimiento y Evaluaci\u00f3n de Proyectos y Pol\u00edticas P\u00fablicas<\/li><li>Desarrollo Econ\u00f3mico y Sostenibilidad de los Recursos<\/li><li>Desarrollo Rural y Desarrollo Local<\/li><li>Internacionalizaci\u00f3n de la Econom\u00eda: Comercial y Productiva<\/li><li>Nuevo Modelo de Pol\u00edtica Econ\u00f3mica: Ecs-MEC<\/li><li>El Final de las Crisis Econ\u00f3micas Nacionales<\/li><\/ul>\t\t\t\t\t\t\t\t<\/div>\n\t\t\t\t<\/div>\n\t\t\t\t<\/div>\n\t\t<div class=\"elementor-element elementor-element-2746c3d e-con-full e-flex e-con e-child\" data-id=\"2746c3d\" data-element_type=\"container\" data-e-type=\"container\">\n\t\t<div class=\"elementor-element elementor-element-c3aff4a e-con-full e-flex e-con e-child\" data-id=\"c3aff4a\" data-element_type=\"container\" data-e-type=\"container\">\n\t\t\t\t<div class=\"elementor-element elementor-element-e800c01 elementor-widget elementor-widget-heading\" data-id=\"e800c01\" data-element_type=\"widget\" data-e-type=\"widget\" data-widget_type=\"heading.default\">\n\t\t\t\t<div class=\"elementor-widget-container\">\n\t\t\t\t\t<h4 class=\"elementor-heading-title elementor-size-default\">Grupo de Investigaci\u00f3n SEJ-258: Research in Applied Economics<\/h4>\t\t\t\t<\/div>\n\t\t\t\t<\/div>\n\t\t\t\t<\/div>\n\t\t<div class=\"elementor-element elementor-element-702e9ab e-con-full e-flex e-con e-child\" data-id=\"702e9ab\" data-element_type=\"container\" data-e-type=\"container\">\n\t\t\t\t<div class=\"elementor-element elementor-element-b8b8924 elementor-widget elementor-widget-heading\" data-id=\"b8b8924\" data-element_type=\"widget\" data-e-type=\"widget\" data-widget_type=\"heading.default\">\n\t\t\t\t<div class=\"elementor-widget-container\">\n\t\t\t\t\t<h5 class=\"elementor-heading-title elementor-size-default\">Director:<\/h5>\t\t\t\t<\/div>\n\t\t\t\t<\/div>\n\t\t\t\t<div class=\"elementor-element elementor-element-419da51 elementor-widget elementor-widget-heading\" data-id=\"419da51\" data-element_type=\"widget\" data-e-type=\"widget\" data-widget_type=\"heading.default\">\n\t\t\t\t<div class=\"elementor-widget-container\">\n\t\t\t\t\t<h5 class=\"elementor-heading-title elementor-size-default\">Eva Buitrago Esquinas<\/h5>\t\t\t\t<\/div>\n\t\t\t\t<\/div>\n\t\t\t\t<\/div>\n\t\t\t\t<div class=\"elementor-element elementor-element-cd15466 elementor-list-item-link-inline elementor-icon-list--layout-traditional elementor-widget elementor-widget-icon-list\" data-id=\"cd15466\" data-element_type=\"widget\" data-e-type=\"widget\" data-widget_type=\"icon-list.default\">\n\t\t\t\t<div class=\"elementor-widget-container\">\n\t\t\t\t\t\t\t<ul class=\"elementor-icon-list-items\">\n\t\t\t\t\t\t\t<li class=\"elementor-icon-list-item\">\n\t\t\t\t\t\t\t\t\t\t\t<a href=\"https:\/\/investigacion.us.es\/sisius\/grupo\/SEJ258\" target=\"_blank\" rel=\"nofollow\">\n\n\t\t\t\t\t\t\t\t\t\t\t\t<span class=\"elementor-icon-list-icon\">\n\t\t\t\t\t\t\t<i aria-hidden=\"true\" class=\"fas fa-external-link-alt\"><\/i>\t\t\t\t\t\t<\/span>\n\t\t\t\t\t\t\t\t\t\t<span class=\"elementor-icon-list-text\">SISIUS<\/span>\n\t\t\t\t\t\t\t\t\t\t\t<\/a>\n\t\t\t\t\t\t\t\t\t<\/li>\n\t\t\t\t\t\t<\/ul>\n\t\t\t\t\t\t<\/div>\n\t\t\t\t<\/div>\n\t\t\t\t<div class=\"elementor-element elementor-element-3dd32e4 elementor-widget elementor-widget-heading\" data-id=\"3dd32e4\" data-element_type=\"widget\" data-e-type=\"widget\" data-widget_type=\"heading.default\">\n\t\t\t\t<div class=\"elementor-widget-container\">\n\t\t\t\t\t<h5 class=\"elementor-heading-title elementor-size-default\">L\u00edneas de Investigaci\u00f3n:<\/h5>\t\t\t\t<\/div>\n\t\t\t\t<\/div>\n\t\t\t\t<div class=\"elementor-element elementor-element-dce98aa elementor-widget elementor-widget-text-editor\" data-id=\"dce98aa\" data-element_type=\"widget\" data-e-type=\"widget\" data-widget_type=\"text-editor.default\">\n\t\t\t\t<div class=\"elementor-widget-container\">\n\t\t\t\t\t\t\t\t\t<ul><li>Econom\u00eda Medioambiental<\/li><li>Desarrollo Econ\u00f3mico<\/li><li>An\u00e1lisis Input-Output<\/li><li>Econom\u00eda de la Felicidad<\/li><li>Teor\u00eda de Juegos<\/li><li>Calidad Institucional<\/li><li>Diversidad Social<\/li><li>Econom\u00eda Tur\u00edstica<\/li><li>Educaci\u00f3n Universitaria y TIC<\/li><\/ul>\t\t\t\t\t\t\t\t<\/div>\n\t\t\t\t<\/div>\n\t\t\t\t<\/div>\n\t\t<div class=\"elementor-element elementor-element-29d58e5 e-con-full e-flex e-con e-child\" data-id=\"29d58e5\" data-element_type=\"container\" data-e-type=\"container\">\n\t\t<div class=\"elementor-element elementor-element-9dcd5b3 e-con-full e-flex e-con e-child\" data-id=\"9dcd5b3\" data-element_type=\"container\" data-e-type=\"container\">\n\t\t\t\t<div class=\"elementor-element elementor-element-bb61401 elementor-widget elementor-widget-heading\" data-id=\"bb61401\" data-element_type=\"widget\" data-e-type=\"widget\" data-widget_type=\"heading.default\">\n\t\t\t\t<div class=\"elementor-widget-container\">\n\t\t\t\t\t<h4 class=\"elementor-heading-title elementor-size-default\">Grupo de Investigaci\u00f3n SEJ-183: Econom\u00eda Aplicada (Matem\u00e1ticas)<\/h4>\t\t\t\t<\/div>\n\t\t\t\t<\/div>\n\t\t\t\t<\/div>\n\t\t<div class=\"elementor-element elementor-element-e144058 e-con-full e-flex e-con e-child\" data-id=\"e144058\" data-element_type=\"container\" data-e-type=\"container\">\n\t\t\t\t<div class=\"elementor-element elementor-element-6622847 elementor-widget elementor-widget-heading\" data-id=\"6622847\" data-element_type=\"widget\" data-e-type=\"widget\" data-widget_type=\"heading.default\">\n\t\t\t\t<div class=\"elementor-widget-container\">\n\t\t\t\t\t<h5 class=\"elementor-heading-title elementor-size-default\">Director:<\/h5>\t\t\t\t<\/div>\n\t\t\t\t<\/div>\n\t\t\t\t<div class=\"elementor-element elementor-element-c5f4a48 elementor-widget elementor-widget-heading\" data-id=\"c5f4a48\" data-element_type=\"widget\" data-e-type=\"widget\" data-widget_type=\"heading.default\">\n\t\t\t\t<div class=\"elementor-widget-container\">\n\t\t\t\t\t<h5 class=\"elementor-heading-title elementor-size-default\">Luisa Monroy Berjillos<\/h5>\t\t\t\t<\/div>\n\t\t\t\t<\/div>\n\t\t\t\t<\/div>\n\t\t\t\t<div class=\"elementor-element elementor-element-980b667 elementor-list-item-link-inline elementor-icon-list--layout-traditional elementor-widget elementor-widget-icon-list\" data-id=\"980b667\" data-element_type=\"widget\" data-e-type=\"widget\" data-widget_type=\"icon-list.default\">\n\t\t\t\t<div class=\"elementor-widget-container\">\n\t\t\t\t\t\t\t<ul class=\"elementor-icon-list-items\">\n\t\t\t\t\t\t\t<li class=\"elementor-icon-list-item\">\n\t\t\t\t\t\t\t\t\t\t\t<a href=\"https:\/\/investigacion.us.es\/sisius\/grupo\/SEJ183\" target=\"_blank\" rel=\"nofollow\">\n\n\t\t\t\t\t\t\t\t\t\t\t\t<span class=\"elementor-icon-list-icon\">\n\t\t\t\t\t\t\t<i aria-hidden=\"true\" class=\"fas fa-external-link-alt\"><\/i>\t\t\t\t\t\t<\/span>\n\t\t\t\t\t\t\t\t\t\t<span class=\"elementor-icon-list-text\">SISIUS<\/span>\n\t\t\t\t\t\t\t\t\t\t\t<\/a>\n\t\t\t\t\t\t\t\t\t<\/li>\n\t\t\t\t\t\t<\/ul>\n\t\t\t\t\t\t<\/div>\n\t\t\t\t<\/div>\n\t\t\t\t<div class=\"elementor-element elementor-element-e44fdf8 elementor-widget elementor-widget-heading\" data-id=\"e44fdf8\" data-element_type=\"widget\" data-e-type=\"widget\" data-widget_type=\"heading.default\">\n\t\t\t\t<div class=\"elementor-widget-container\">\n\t\t\t\t\t<h5 class=\"elementor-heading-title elementor-size-default\">L\u00edneas de Investigaci\u00f3n:<\/h5>\t\t\t\t<\/div>\n\t\t\t\t<\/div>\n\t\t\t\t<div class=\"elementor-element elementor-element-8617bbb elementor-widget elementor-widget-text-editor\" data-id=\"8617bbb\" data-element_type=\"widget\" data-e-type=\"widget\" data-widget_type=\"text-editor.default\">\n\t\t\t\t<div class=\"elementor-widget-container\">\n\t\t\t\t\t\t\t\t\t<ul><li>An\u00e1lisis multivariante y sus aplicaciones al an\u00e1lisis financiero.<\/li><li>Din\u00e1mica demogr\u00e1fica, mercado de trabajo, estudios de g\u00e9nero<\/li><li>Investigaci\u00f3n educativa: Ense\u00f1anza matem\u00e1tica en el contexto econ\u00f3mico, empresarial y financiero<\/li><li>Teor\u00eda de decisi\u00f3n: an\u00e1lisis multicriterio, teor\u00eda de juegos<\/li><\/ul>\t\t\t\t\t\t\t\t<\/div>\n\t\t\t\t<\/div>\n\t\t\t\t<\/div>\n\t\t\t\t\t<\/div>\n\t\t\t\t<\/div>\n\t\t\t\t<\/div>\n\t\t","protected":false},"excerpt":{"rendered":"<p>Grupo de Investigaci\u00f3n SEJ230: Planificacion y Analisis Economico Director: Juan Carlos Mor\u00e1n \u00c1lvarez SISIUS L\u00edneas de Investigaci\u00f3n: Econom\u00eda Social Emprendimiento y Creaci\u00f3n de Empresas Evaluaci\u00f3n y Gesti\u00f3n de Recursos Naturales Planificaci\u00f3n, Seguimiento y Evaluaci\u00f3n de Proyectos y Pol\u00edticas P\u00fablicas Desarrollo Econ\u00f3mico y Sostenibilidad de los Recursos Desarrollo Rural y Desarrollo Local Internacionalizaci\u00f3n de la Econom\u00eda: [&hellip;]<\/p>\n","protected":false},"author":10,"featured_media":0,"parent":0,"menu_order":0,"comment_status":"closed","ping_status":"closed","template":"","meta":{"footnotes":""},"class_list":["post-9695","page","type-page","status-publish","hentry"],"yoast_head":"<!-- This site is optimized with the Yoast SEO plugin v27.5 - https:\/\/yoast.com\/product\/yoast-seo-wordpress\/ -->\n<title>Grupos de Investigaci\u00f3n - Departamento de Econom\u00eda Aplicada III<\/title>\n<meta name=\"robots\" content=\"index, follow, max-snippet:-1, max-image-preview:large, max-video-preview:-1\" \/>\n<link rel=\"canonical\" href=\"https:\/\/departamento.us.es\/deconapli3\/grupos-de-investigacion\/\" \/>\n<meta property=\"og:locale\" content=\"es_ES\" \/>\n<meta property=\"og:type\" content=\"article\" \/>\n<meta property=\"og:title\" content=\"Grupos de Investigaci\u00f3n - Departamento de Econom\u00eda Aplicada III\" \/>\n<meta property=\"og:description\" content=\"Grupo de Investigaci\u00f3n SEJ230: Planificacion y Analisis Economico Director: Juan Carlos Mor\u00e1n \u00c1lvarez SISIUS L\u00edneas de Investigaci\u00f3n: Econom\u00eda Social Emprendimiento y Creaci\u00f3n de Empresas Evaluaci\u00f3n y Gesti\u00f3n de Recursos Naturales Planificaci\u00f3n, Seguimiento y Evaluaci\u00f3n de Proyectos y Pol\u00edticas P\u00fablicas Desarrollo Econ\u00f3mico y Sostenibilidad de los Recursos Desarrollo Rural y Desarrollo Local Internacionalizaci\u00f3n de la Econom\u00eda: [&hellip;]\" \/>\n<meta property=\"og:url\" content=\"https:\/\/departamento.us.es\/deconapli3\/grupos-de-investigacion\/\" \/>\n<meta property=\"og:site_name\" content=\"Departamento de Econom\u00eda Aplicada III\" \/>\n<meta property=\"article:modified_time\" content=\"2026-05-07T09:29:50+00:00\" \/>\n<meta name=\"twitter:card\" content=\"summary_large_image\" \/>\n<meta name=\"twitter:label1\" content=\"Tiempo de lectura\" \/>\n\t<meta name=\"twitter:data1\" content=\"1 minuto\" \/>\n<script type=\"application\/ld+json\" class=\"yoast-schema-graph\">{\"@context\":\"https:\\\/\\\/schema.org\",\"@graph\":[{\"@type\":\"WebPage\",\"@id\":\"https:\\\/\\\/departamento.us.es\\\/deconapli3\\\/grupos-de-investigacion\\\/\",\"url\":\"https:\\\/\\\/departamento.us.es\\\/deconapli3\\\/grupos-de-investigacion\\\/\",\"name\":\"Grupos de Investigaci\u00f3n - Departamento de Econom\u00eda Aplicada III\",\"isPartOf\":{\"@id\":\"https:\\\/\\\/departamento.us.es\\\/deconapli3\\\/#website\"},\"datePublished\":\"2025-04-03T07:17:38+00:00\",\"dateModified\":\"2026-05-07T09:29:50+00:00\",\"inLanguage\":\"es\",\"potentialAction\":[{\"@type\":\"ReadAction\",\"target\":[\"https:\\\/\\\/departamento.us.es\\\/deconapli3\\\/grupos-de-investigacion\\\/\"]}]},{\"@type\":\"WebSite\",\"@id\":\"https:\\\/\\\/departamento.us.es\\\/deconapli3\\\/#website\",\"url\":\"https:\\\/\\\/departamento.us.es\\\/deconapli3\\\/\",\"name\":\"Departamento de Econom\u00eda Aplicada III\",\"description\":\"Universidad de Sevilla\",\"publisher\":{\"@id\":\"https:\\\/\\\/departamento.us.es\\\/deconapli3\\\/#organization\"},\"potentialAction\":[{\"@type\":\"SearchAction\",\"target\":{\"@type\":\"EntryPoint\",\"urlTemplate\":\"https:\\\/\\\/departamento.us.es\\\/deconapli3\\\/?s={search_term_string}\"},\"query-input\":{\"@type\":\"PropertyValueSpecification\",\"valueRequired\":true,\"valueName\":\"search_term_string\"}}],\"inLanguage\":\"es\"},{\"@type\":\"Organization\",\"@id\":\"https:\\\/\\\/departamento.us.es\\\/deconapli3\\\/#organization\",\"name\":\"Departamento de Econom\u00eda Aplicada III\",\"url\":\"https:\\\/\\\/departamento.us.es\\\/deconapli3\\\/\",\"logo\":{\"@type\":\"ImageObject\",\"inLanguage\":\"es\",\"@id\":\"https:\\\/\\\/departamento.us.es\\\/deconapli3\\\/#\\\/schema\\\/logo\\\/image\\\/\",\"url\":\"https:\\\/\\\/departamento.us.es\\\/deconapli3\\\/wp-content\\\/uploads\\\/2024\\\/06\\\/EA-III-centrado-NEGRITAS.png\",\"contentUrl\":\"https:\\\/\\\/departamento.us.es\\\/deconapli3\\\/wp-content\\\/uploads\\\/2024\\\/06\\\/EA-III-centrado-NEGRITAS.png\",\"width\":795,\"height\":785,\"caption\":\"Departamento de Econom\u00eda Aplicada III\"},\"image\":{\"@id\":\"https:\\\/\\\/departamento.us.es\\\/deconapli3\\\/#\\\/schema\\\/logo\\\/image\\\/\"}}]}<\/script>\n<!-- \/ Yoast SEO plugin. -->","yoast_head_json":{"title":"Grupos de Investigaci\u00f3n - Departamento de Econom\u00eda Aplicada III","robots":{"index":"index","follow":"follow","max-snippet":"max-snippet:-1","max-image-preview":"max-image-preview:large","max-video-preview":"max-video-preview:-1"},"canonical":"https:\/\/departamento.us.es\/deconapli3\/grupos-de-investigacion\/","og_locale":"es_ES","og_type":"article","og_title":"Grupos de Investigaci\u00f3n - Departamento de Econom\u00eda Aplicada III","og_description":"Grupo de Investigaci\u00f3n SEJ230: Planificacion y Analisis Economico Director: Juan Carlos Mor\u00e1n \u00c1lvarez SISIUS L\u00edneas de Investigaci\u00f3n: Econom\u00eda Social Emprendimiento y Creaci\u00f3n de Empresas Evaluaci\u00f3n y Gesti\u00f3n de Recursos Naturales Planificaci\u00f3n, Seguimiento y Evaluaci\u00f3n de Proyectos y Pol\u00edticas P\u00fablicas Desarrollo Econ\u00f3mico y Sostenibilidad de los Recursos Desarrollo Rural y Desarrollo Local Internacionalizaci\u00f3n de la Econom\u00eda: [&hellip;]","og_url":"https:\/\/departamento.us.es\/deconapli3\/grupos-de-investigacion\/","og_site_name":"Departamento de Econom\u00eda Aplicada III","article_modified_time":"2026-05-07T09:29:50+00:00","twitter_card":"summary_large_image","twitter_misc":{"Tiempo de lectura":"1 minuto"},"schema":{"@context":"https:\/\/schema.org","@graph":[{"@type":"WebPage","@id":"https:\/\/departamento.us.es\/deconapli3\/grupos-de-investigacion\/","url":"https:\/\/departamento.us.es\/deconapli3\/grupos-de-investigacion\/","name":"Grupos de Investigaci\u00f3n - Departamento de Econom\u00eda Aplicada III","isPartOf":{"@id":"https:\/\/departamento.us.es\/deconapli3\/#website"},"datePublished":"2025-04-03T07:17:38+00:00","dateModified":"2026-05-07T09:29:50+00:00","inLanguage":"es","potentialAction":[{"@type":"ReadAction","target":["https:\/\/departamento.us.es\/deconapli3\/grupos-de-investigacion\/"]}]},{"@type":"WebSite","@id":"https:\/\/departamento.us.es\/deconapli3\/#website","url":"https:\/\/departamento.us.es\/deconapli3\/","name":"Departamento de Econom\u00eda Aplicada III","description":"Universidad de Sevilla","publisher":{"@id":"https:\/\/departamento.us.es\/deconapli3\/#organization"},"potentialAction":[{"@type":"SearchAction","target":{"@type":"EntryPoint","urlTemplate":"https:\/\/departamento.us.es\/deconapli3\/?s={search_term_string}"},"query-input":{"@type":"PropertyValueSpecification","valueRequired":true,"valueName":"search_term_string"}}],"inLanguage":"es"},{"@type":"Organization","@id":"https:\/\/departamento.us.es\/deconapli3\/#organization","name":"Departamento de Econom\u00eda Aplicada III","url":"https:\/\/departamento.us.es\/deconapli3\/","logo":{"@type":"ImageObject","inLanguage":"es","@id":"https:\/\/departamento.us.es\/deconapli3\/#\/schema\/logo\/image\/","url":"https:\/\/departamento.us.es\/deconapli3\/wp-content\/uploads\/2024\/06\/EA-III-centrado-NEGRITAS.png","contentUrl":"https:\/\/departamento.us.es\/deconapli3\/wp-content\/uploads\/2024\/06\/EA-III-centrado-NEGRITAS.png","width":795,"height":785,"caption":"Departamento de Econom\u00eda Aplicada III"},"image":{"@id":"https:\/\/departamento.us.es\/deconapli3\/#\/schema\/logo\/image\/"}}]}},"_links":{"self":[{"href":"https:\/\/departamento.us.es\/deconapli3\/wp-json\/wp\/v2\/pages\/9695","targetHints":{"allow":["GET"]}}],"collection":[{"href":"https:\/\/departamento.us.es\/deconapli3\/wp-json\/wp\/v2\/pages"}],"about":[{"href":"https:\/\/departamento.us.es\/deconapli3\/wp-json\/wp\/v2\/types\/page"}],"author":[{"embeddable":true,"href":"https:\/\/departamento.us.es\/deconapli3\/wp-json\/wp\/v2\/users\/10"}],"replies":[{"embeddable":true,"href":"https:\/\/departamento.us.es\/deconapli3\/wp-json\/wp\/v2\/comments?post=9695"}],"version-history":[{"count":0,"href":"https:\/\/departamento.us.es\/deconapli3\/wp-json\/wp\/v2\/pages\/9695\/revisions"}],"wp:attachment":[{"href":"https:\/\/departamento.us.es\/deconapli3\/wp-json\/wp\/v2\/media?parent=9695"}],"curies":[{"name":"wp","href":"https:\/\/api.w.org\/{rel}","templated":true}]}}