{"id":9440,"date":"2024-07-09T08:25:10","date_gmt":"2024-07-09T08:25:10","guid":{"rendered":"https:\/\/departamento.us.es\/depquiorg\/?page_id=9440"},"modified":"2024-10-07T12:53:22","modified_gmt":"2024-10-07T12:53:22","slug":"estructura","status":"publish","type":"page","link":"https:\/\/departamento.us.es\/depquiorg\/departamento\/estructura\/","title":{"rendered":"Estructura"},"content":{"rendered":"\t\t<div data-elementor-type=\"wp-page\" data-elementor-id=\"9440\" class=\"elementor elementor-9440\" data-elementor-post-type=\"page\">\n\t\t\t\t<div class=\"elementor-element elementor-element-e65f20f e-flex e-con-boxed e-con e-parent\" data-id=\"e65f20f\" data-element_type=\"container\">\n\t\t\t\t\t<div class=\"e-con-inner\">\n\t\t<div class=\"elementor-element elementor-element-d60458f e-con-full e-flex e-con e-child\" data-id=\"d60458f\" data-element_type=\"container\">\n\t\t<div class=\"elementor-element elementor-element-487f5d1 e-con-full e-flex e-con e-child\" data-id=\"487f5d1\" data-element_type=\"container\">\n\t\t\t\t<div class=\"elementor-element elementor-element-88b8e33 elementor-widget elementor-widget-heading\" data-id=\"88b8e33\" data-element_type=\"widget\" data-widget_type=\"heading.default\">\n\t\t\t\t<div class=\"elementor-widget-container\">\n\t\t\t\t\t<h5 class=\"elementor-heading-title elementor-size-default\">Directora del Departamento<\/h5>\t\t\t\t<\/div>\n\t\t\t\t<\/div>\n\t\t\t\t<div class=\"elementor-element elementor-element-7f280fe elementor-widget elementor-widget-heading\" data-id=\"7f280fe\" data-element_type=\"widget\" data-widget_type=\"heading.default\">\n\t\t\t\t<div class=\"elementor-widget-container\">\n\t\t\t\t\t<h5 class=\"elementor-heading-title elementor-size-default\">Elena D\u00edez Mart\u00edn<\/h5>\t\t\t\t<\/div>\n\t\t\t\t<\/div>\n\t\t\t\t<div class=\"elementor-element elementor-element-190168e elementor-widget elementor-widget-heading\" data-id=\"190168e\" data-element_type=\"widget\" data-widget_type=\"heading.default\">\n\t\t\t\t<div class=\"elementor-widget-container\">\n\t\t\t\t\t<p class=\"elementor-heading-title elementor-size-default\">Profesora Titular de Universidad<\/p>\t\t\t\t<\/div>\n\t\t\t\t<\/div>\n\t\t\t\t<\/div>\n\t\t<div class=\"elementor-element elementor-element-d83c0f9 e-con-full e-flex e-con e-child\" data-id=\"d83c0f9\" data-element_type=\"container\">\n\t\t\t\t<div class=\"elementor-element elementor-element-a7ff0c5 elementor-widget elementor-widget-heading\" data-id=\"a7ff0c5\" data-element_type=\"widget\" data-widget_type=\"heading.default\">\n\t\t\t\t<div class=\"elementor-widget-container\">\n\t\t\t\t\t<h5 class=\"elementor-heading-title elementor-size-default\">Secretaria del Departamento<\/h5>\t\t\t\t<\/div>\n\t\t\t\t<\/div>\n\t\t\t\t<div class=\"elementor-element elementor-element-422f747 elementor-widget elementor-widget-heading\" data-id=\"422f747\" data-element_type=\"widget\" data-widget_type=\"heading.default\">\n\t\t\t\t<div class=\"elementor-widget-container\">\n\t\t\t\t\t<h5 class=\"elementor-heading-title elementor-size-default\">Ana Teresa Carmona Asenjo<\/h5>\t\t\t\t<\/div>\n\t\t\t\t<\/div>\n\t\t\t\t<div class=\"elementor-element elementor-element-0a871fd elementor-widget elementor-widget-heading\" data-id=\"0a871fd\" data-element_type=\"widget\" data-widget_type=\"heading.default\">\n\t\t\t\t<div class=\"elementor-widget-container\">\n\t\t\t\t\t<p class=\"elementor-heading-title elementor-size-default\">Profesora Titular de Universidad<\/p>\t\t\t\t<\/div>\n\t\t\t\t<\/div>\n\t\t\t\t<\/div>\n\t\t<div class=\"elementor-element elementor-element-b6e87d4 e-con-full e-flex e-con e-child\" data-id=\"b6e87d4\" data-element_type=\"container\">\n\t\t\t\t<div class=\"elementor-element elementor-element-76595bf elementor-widget elementor-widget-heading\" data-id=\"76595bf\" data-element_type=\"widget\" data-widget_type=\"heading.default\">\n\t\t\t\t<div class=\"elementor-widget-container\">\n\t\t\t\t\t<h5 class=\"elementor-heading-title elementor-size-default\">Secretar\u00eda del Departamento<\/h5>\t\t\t\t<\/div>\n\t\t\t\t<\/div>\n\t\t\t\t<div class=\"elementor-element elementor-element-8e20789 elementor-widget elementor-widget-heading\" data-id=\"8e20789\" data-element_type=\"widget\" data-widget_type=\"heading.default\">\n\t\t\t\t<div class=\"elementor-widget-container\">\n\t\t\t\t\t<h5 class=\"elementor-heading-title elementor-size-default\">Olga Guti\u00e9rrez Caracuel<\/h5>\t\t\t\t<\/div>\n\t\t\t\t<\/div>\n\t\t\t\t<div class=\"elementor-element elementor-element-6606ad3 elementor-widget elementor-widget-heading\" data-id=\"6606ad3\" data-element_type=\"widget\" data-widget_type=\"heading.default\">\n\t\t\t\t<div class=\"elementor-widget-container\">\n\t\t\t\t\t<p class=\"elementor-heading-title elementor-size-default\">Gesti\u00f3n Administrativa<\/p>\t\t\t\t<\/div>\n\t\t\t\t<\/div>\n\t\t\t\t<div class=\"elementor-element elementor-element-9c1212e elementor-widget elementor-widget-heading\" data-id=\"9c1212e\" data-element_type=\"widget\" data-widget_type=\"heading.default\">\n\t\t\t\t<div class=\"elementor-widget-container\">\n\t\t\t\t\t<h5 class=\"elementor-heading-title elementor-size-default\">Aurora G\u00f3mez Romero<\/h5>\t\t\t\t<\/div>\n\t\t\t\t<\/div>\n\t\t\t\t<div class=\"elementor-element elementor-element-16af3fd elementor-widget elementor-widget-heading\" data-id=\"16af3fd\" data-element_type=\"widget\" data-widget_type=\"heading.default\">\n\t\t\t\t<div class=\"elementor-widget-container\">\n\t\t\t\t\t<p class=\"elementor-heading-title elementor-size-default\">Gesti\u00f3n Administrativa<\/p>\t\t\t\t<\/div>\n\t\t\t\t<\/div>\n\t\t\t\t<\/div>\n\t\t<div class=\"elementor-element elementor-element-33f6db7 e-con-full e-flex e-con e-child\" data-id=\"33f6db7\" data-element_type=\"container\">\n\t\t\t\t<div class=\"elementor-element elementor-element-f74f21a elementor-widget elementor-widget-heading\" data-id=\"f74f21a\" data-element_type=\"widget\" data-widget_type=\"heading.default\">\n\t\t\t\t<div class=\"elementor-widget-container\">\n\t\t\t\t\t<h5 class=\"elementor-heading-title elementor-size-default\">T\u00e9cnicos Laboratorio<\/h5>\t\t\t\t<\/div>\n\t\t\t\t<\/div>\n\t\t\t\t<div class=\"elementor-element elementor-element-2a2c75d elementor-widget elementor-widget-heading\" data-id=\"2a2c75d\" data-element_type=\"widget\" data-widget_type=\"heading.default\">\n\t\t\t\t<div class=\"elementor-widget-container\">\n\t\t\t\t\t<h5 class=\"elementor-heading-title elementor-size-default\">Remedios R\u00edos Pe\u00f1a<\/h5>\t\t\t\t<\/div>\n\t\t\t\t<\/div>\n\t\t\t\t<div class=\"elementor-element elementor-element-c11a3e3 elementor-widget elementor-widget-heading\" data-id=\"c11a3e3\" data-element_type=\"widget\" data-widget_type=\"heading.default\">\n\t\t\t\t<div class=\"elementor-widget-container\">\n\t\t\t\t\t<h5 class=\"elementor-heading-title elementor-size-default\">Susana Maza P\u00e9rez<\/h5>\t\t\t\t<\/div>\n\t\t\t\t<\/div>\n\t\t\t\t<div class=\"elementor-element elementor-element-37c003b elementor-widget elementor-widget-heading\" data-id=\"37c003b\" data-element_type=\"widget\" data-widget_type=\"heading.default\">\n\t\t\t\t<div class=\"elementor-widget-container\">\n\t\t\t\t\t<h5 class=\"elementor-heading-title elementor-size-default\">Lidia Cuesta Berrio<\/h5>\t\t\t\t<\/div>\n\t\t\t\t<\/div>\n\t\t\t\t<\/div>\n\t\t\t\t<\/div>\n\t\t\t\t\t<\/div>\n\t\t\t\t<\/div>\n\t\t\t\t<\/div>\n\t\t","protected":false},"excerpt":{"rendered":"<p>Directora del Departamento Elena D\u00edez Mart\u00edn Profesora Titular de Universidad Secretaria del Departamento Ana Teresa Carmona Asenjo Profesora Titular de Universidad Secretar\u00eda del Departamento Olga Guti\u00e9rrez Caracuel Gesti\u00f3n Administrativa Aurora G\u00f3mez Romero Gesti\u00f3n Administrativa T\u00e9cnicos Laboratorio Remedios R\u00edos Pe\u00f1a Susana Maza P\u00e9rez Lidia Cuesta Berrio<\/p>\n","protected":false},"author":12,"featured_media":0,"parent":5453,"menu_order":0,"comment_status":"closed","ping_status":"closed","template":"","meta":{"_acf_changed":false,"footnotes":""},"class_list":["post-9440","page","type-page","status-publish","hentry"],"acf":[],"yoast_head":"<!-- This site is optimized with the Yoast SEO plugin v26.3 - https:\/\/yoast.com\/wordpress\/plugins\/seo\/ -->\n<title>Estructura - Departamento de Qu\u00edmica Org\u00e1nica<\/title>\n<meta name=\"robots\" content=\"index, follow, max-snippet:-1, max-image-preview:large, max-video-preview:-1\" \/>\n<link rel=\"canonical\" href=\"https:\/\/departamento.us.es\/depquiorg\/departamento\/estructura\/\" \/>\n<meta property=\"og:locale\" content=\"es_ES\" \/>\n<meta property=\"og:type\" content=\"article\" \/>\n<meta property=\"og:title\" content=\"Estructura - Departamento de Qu\u00edmica Org\u00e1nica\" \/>\n<meta property=\"og:description\" content=\"Directora del Departamento Elena D\u00edez Mart\u00edn Profesora Titular de Universidad Secretaria del Departamento Ana Teresa Carmona Asenjo Profesora Titular de Universidad Secretar\u00eda del Departamento Olga Guti\u00e9rrez Caracuel Gesti\u00f3n Administrativa Aurora G\u00f3mez Romero Gesti\u00f3n Administrativa T\u00e9cnicos Laboratorio Remedios R\u00edos Pe\u00f1a Susana Maza P\u00e9rez Lidia Cuesta Berrio\" \/>\n<meta property=\"og:url\" content=\"https:\/\/departamento.us.es\/depquiorg\/departamento\/estructura\/\" \/>\n<meta property=\"og:site_name\" content=\"Departamento de Qu\u00edmica Org\u00e1nica\" \/>\n<meta property=\"article:modified_time\" content=\"2024-10-07T12:53:22+00:00\" \/>\n<meta name=\"twitter:card\" content=\"summary_large_image\" \/>\n<meta name=\"twitter:label1\" content=\"Tiempo de lectura\" \/>\n\t<meta name=\"twitter:data1\" content=\"1 minuto\" \/>\n<script type=\"application\/ld+json\" class=\"yoast-schema-graph\">{\"@context\":\"https:\/\/schema.org\",\"@graph\":[{\"@type\":\"WebPage\",\"@id\":\"https:\/\/departamento.us.es\/depquiorg\/departamento\/estructura\/\",\"url\":\"https:\/\/departamento.us.es\/depquiorg\/departamento\/estructura\/\",\"name\":\"Estructura - Departamento de Qu\u00edmica Org\u00e1nica\",\"isPartOf\":{\"@id\":\"https:\/\/departamento.us.es\/depquiorg\/#website\"},\"datePublished\":\"2024-07-09T08:25:10+00:00\",\"dateModified\":\"2024-10-07T12:53:22+00:00\",\"breadcrumb\":{\"@id\":\"https:\/\/departamento.us.es\/depquiorg\/departamento\/estructura\/#breadcrumb\"},\"inLanguage\":\"es\",\"potentialAction\":[{\"@type\":\"ReadAction\",\"target\":[\"https:\/\/departamento.us.es\/depquiorg\/departamento\/estructura\/\"]}]},{\"@type\":\"BreadcrumbList\",\"@id\":\"https:\/\/departamento.us.es\/depquiorg\/departamento\/estructura\/#breadcrumb\",\"itemListElement\":[{\"@type\":\"ListItem\",\"position\":1,\"name\":\"Departamento\",\"item\":\"https:\/\/departamento.us.es\/depquiorg\/departamento\/\"},{\"@type\":\"ListItem\",\"position\":2,\"name\":\"Estructura\"}]},{\"@type\":\"WebSite\",\"@id\":\"https:\/\/departamento.us.es\/depquiorg\/#website\",\"url\":\"https:\/\/departamento.us.es\/depquiorg\/\",\"name\":\"Departamento de Qu\u00edmica Org\u00e1nica\",\"description\":\"Universidad de Sevilla\",\"publisher\":{\"@id\":\"https:\/\/departamento.us.es\/depquiorg\/#organization\"},\"potentialAction\":[{\"@type\":\"SearchAction\",\"target\":{\"@type\":\"EntryPoint\",\"urlTemplate\":\"https:\/\/departamento.us.es\/depquiorg\/?s={search_term_string}\"},\"query-input\":{\"@type\":\"PropertyValueSpecification\",\"valueRequired\":true,\"valueName\":\"search_term_string\"}}],\"inLanguage\":\"es\"},{\"@type\":\"Organization\",\"@id\":\"https:\/\/departamento.us.es\/depquiorg\/#organization\",\"name\":\"Departamento de Qu\u00edmica Org\u00e1nica\",\"url\":\"https:\/\/departamento.us.es\/depquiorg\/\",\"logo\":{\"@type\":\"ImageObject\",\"inLanguage\":\"es\",\"@id\":\"https:\/\/departamento.us.es\/depquiorg\/#\/schema\/logo\/image\/\",\"url\":\"https:\/\/departamento.us.es\/depquiorg\/wp-content\/uploads\/2024\/07\/bannerQO.png\",\"contentUrl\":\"https:\/\/departamento.us.es\/depquiorg\/wp-content\/uploads\/2024\/07\/bannerQO.png\",\"width\":1373,\"height\":260,\"caption\":\"Departamento de Qu\u00edmica Org\u00e1nica\"},\"image\":{\"@id\":\"https:\/\/departamento.us.es\/depquiorg\/#\/schema\/logo\/image\/\"}}]}<\/script>\n<!-- \/ Yoast SEO plugin. -->","yoast_head_json":{"title":"Estructura - Departamento de Qu\u00edmica Org\u00e1nica","robots":{"index":"index","follow":"follow","max-snippet":"max-snippet:-1","max-image-preview":"max-image-preview:large","max-video-preview":"max-video-preview:-1"},"canonical":"https:\/\/departamento.us.es\/depquiorg\/departamento\/estructura\/","og_locale":"es_ES","og_type":"article","og_title":"Estructura - Departamento de Qu\u00edmica Org\u00e1nica","og_description":"Directora del Departamento Elena D\u00edez Mart\u00edn Profesora Titular de Universidad Secretaria del Departamento Ana Teresa Carmona Asenjo Profesora Titular de Universidad Secretar\u00eda del Departamento Olga Guti\u00e9rrez Caracuel Gesti\u00f3n Administrativa Aurora G\u00f3mez Romero Gesti\u00f3n Administrativa T\u00e9cnicos Laboratorio Remedios R\u00edos Pe\u00f1a Susana Maza P\u00e9rez Lidia Cuesta Berrio","og_url":"https:\/\/departamento.us.es\/depquiorg\/departamento\/estructura\/","og_site_name":"Departamento de Qu\u00edmica Org\u00e1nica","article_modified_time":"2024-10-07T12:53:22+00:00","twitter_card":"summary_large_image","twitter_misc":{"Tiempo de lectura":"1 minuto"},"schema":{"@context":"https:\/\/schema.org","@graph":[{"@type":"WebPage","@id":"https:\/\/departamento.us.es\/depquiorg\/departamento\/estructura\/","url":"https:\/\/departamento.us.es\/depquiorg\/departamento\/estructura\/","name":"Estructura - Departamento de Qu\u00edmica Org\u00e1nica","isPartOf":{"@id":"https:\/\/departamento.us.es\/depquiorg\/#website"},"datePublished":"2024-07-09T08:25:10+00:00","dateModified":"2024-10-07T12:53:22+00:00","breadcrumb":{"@id":"https:\/\/departamento.us.es\/depquiorg\/departamento\/estructura\/#breadcrumb"},"inLanguage":"es","potentialAction":[{"@type":"ReadAction","target":["https:\/\/departamento.us.es\/depquiorg\/departamento\/estructura\/"]}]},{"@type":"BreadcrumbList","@id":"https:\/\/departamento.us.es\/depquiorg\/departamento\/estructura\/#breadcrumb","itemListElement":[{"@type":"ListItem","position":1,"name":"Departamento","item":"https:\/\/departamento.us.es\/depquiorg\/departamento\/"},{"@type":"ListItem","position":2,"name":"Estructura"}]},{"@type":"WebSite","@id":"https:\/\/departamento.us.es\/depquiorg\/#website","url":"https:\/\/departamento.us.es\/depquiorg\/","name":"Departamento de Qu\u00edmica Org\u00e1nica","description":"Universidad de Sevilla","publisher":{"@id":"https:\/\/departamento.us.es\/depquiorg\/#organization"},"potentialAction":[{"@type":"SearchAction","target":{"@type":"EntryPoint","urlTemplate":"https:\/\/departamento.us.es\/depquiorg\/?s={search_term_string}"},"query-input":{"@type":"PropertyValueSpecification","valueRequired":true,"valueName":"search_term_string"}}],"inLanguage":"es"},{"@type":"Organization","@id":"https:\/\/departamento.us.es\/depquiorg\/#organization","name":"Departamento de Qu\u00edmica Org\u00e1nica","url":"https:\/\/departamento.us.es\/depquiorg\/","logo":{"@type":"ImageObject","inLanguage":"es","@id":"https:\/\/departamento.us.es\/depquiorg\/#\/schema\/logo\/image\/","url":"https:\/\/departamento.us.es\/depquiorg\/wp-content\/uploads\/2024\/07\/bannerQO.png","contentUrl":"https:\/\/departamento.us.es\/depquiorg\/wp-content\/uploads\/2024\/07\/bannerQO.png","width":1373,"height":260,"caption":"Departamento de Qu\u00edmica Org\u00e1nica"},"image":{"@id":"https:\/\/departamento.us.es\/depquiorg\/#\/schema\/logo\/image\/"}}]}},"_links":{"self":[{"href":"https:\/\/departamento.us.es\/depquiorg\/wp-json\/wp\/v2\/pages\/9440","targetHints":{"allow":["GET"]}}],"collection":[{"href":"https:\/\/departamento.us.es\/depquiorg\/wp-json\/wp\/v2\/pages"}],"about":[{"href":"https:\/\/departamento.us.es\/depquiorg\/wp-json\/wp\/v2\/types\/page"}],"author":[{"embeddable":true,"href":"https:\/\/departamento.us.es\/depquiorg\/wp-json\/wp\/v2\/users\/12"}],"replies":[{"embeddable":true,"href":"https:\/\/departamento.us.es\/depquiorg\/wp-json\/wp\/v2\/comments?post=9440"}],"version-history":[{"count":0,"href":"https:\/\/departamento.us.es\/depquiorg\/wp-json\/wp\/v2\/pages\/9440\/revisions"}],"up":[{"embeddable":true,"href":"https:\/\/departamento.us.es\/depquiorg\/wp-json\/wp\/v2\/pages\/5453"}],"wp:attachment":[{"href":"https:\/\/departamento.us.es\/depquiorg\/wp-json\/wp\/v2\/media?parent=9440"}],"curies":[{"name":"wp","href":"https:\/\/api.w.org\/{rel}","templated":true}]}}