{"id":9639,"date":"2024-09-27T08:33:22","date_gmt":"2024-09-27T08:33:22","guid":{"rendered":"https:\/\/departamento.us.es\/depquiorg\/?page_id=9639"},"modified":"2024-10-01T06:27:23","modified_gmt":"2024-10-01T06:27:23","slug":"doble-grado","status":"publish","type":"page","link":"https:\/\/departamento.us.es\/depquiorg\/docencia\/doble-grado\/","title":{"rendered":"Doble Grado"},"content":{"rendered":"\t\t<div data-elementor-type=\"wp-page\" data-elementor-id=\"9639\" class=\"elementor elementor-9639\" data-elementor-post-type=\"page\">\n\t\t\t\t<div class=\"elementor-element elementor-element-bc6e06e e-flex e-con-boxed e-con e-parent\" data-id=\"bc6e06e\" data-element_type=\"container\">\n\t\t\t\t\t<div class=\"e-con-inner\">\n\t\t\t\t<div class=\"elementor-element elementor-element-561b4d0 elementor-widget elementor-widget-text-editor\" data-id=\"561b4d0\" data-element_type=\"widget\" data-widget_type=\"text-editor.default\">\n\t\t\t\t<div class=\"elementor-widget-container\">\n\t\t\t\t\t\t\t\t\t<p style=\"text-align: justify;\">\u00a0El Departamento de Qu\u00edmica Org\u00e1nica imparte docencia en tres titulaciones de Grado, una titulaci\u00f3n de Doble Grado y cuatro titulaciones de M\u00e1ster de la Universidad de Sevilla . La docencia se desarrolla en diversos centros: Facultad de Qu\u00edmica, Facultad de Biolog\u00eda, Escuela Polit\u00e9cnica Superior y Centro Internacional de Posgrado. Para consultar el profesorado, los programas y los proyectos docentes de cada asignatura impartida despliegue el men\u00fa inferior.<\/p>\t\t\t\t\t\t\t\t<\/div>\n\t\t\t\t<\/div>\n\t\t\t\t\t<\/div>\n\t\t\t\t<\/div>\n\t\t<div class=\"elementor-element elementor-element-22fe2c3 e-flex e-con-boxed e-con e-parent\" data-id=\"22fe2c3\" data-element_type=\"container\">\n\t\t\t\t\t<div class=\"e-con-inner\">\n\t\t\t\t<div class=\"elementor-element elementor-element-29cea2c elementor-widget elementor-widget-n-accordion\" data-id=\"29cea2c\" data-element_type=\"widget\" data-settings=\"{&quot;default_state&quot;:&quot;all_collapsed&quot;,&quot;max_items_expended&quot;:&quot;one&quot;,&quot;n_accordion_animation_duration&quot;:{&quot;unit&quot;:&quot;ms&quot;,&quot;size&quot;:400,&quot;sizes&quot;:[]}}\" data-widget_type=\"nested-accordion.default\">\n\t\t\t\t<div class=\"elementor-widget-container\">\n\t\t\t\t\t\t\t<div class=\"e-n-accordion\" aria-label=\"Accordion. Open links with Enter or Space, close with Escape, and navigate with Arrow Keys\">\n\t\t\t\t\t\t<details id=\"e-n-accordion-item-4380\" class=\"e-n-accordion-item\" >\n\t\t\t\t<summary class=\"e-n-accordion-item-title\" data-accordion-index=\"1\" tabindex=\"0\" aria-expanded=\"false\" aria-controls=\"e-n-accordion-item-4380\" >\n\t\t\t\t\t<span class='e-n-accordion-item-title-header'><div class=\"e-n-accordion-item-title-text\"> Doble Grado en Qu\u00edmica y en Ingenier\u00eda de Materiales <\/div><\/span>\n\t\t\t\t\t\t\t<span class='e-n-accordion-item-title-icon'>\n\t\t\t<span class='e-opened' ><i aria-hidden=\"true\" class=\"fas fa-angle-down\"><\/i><\/span>\n\t\t\t<span class='e-closed'><i aria-hidden=\"true\" class=\"fas fa-angle-right\"><\/i><\/span>\n\t\t<\/span>\n\n\t\t\t\t\t\t<\/summary>\n\t\t\t\t<div role=\"region\" aria-labelledby=\"e-n-accordion-item-4380\" class=\"elementor-element elementor-element-f4bfd1f e-con-full e-flex e-con e-child\" data-id=\"f4bfd1f\" data-element_type=\"container\">\n\t\t\t\t<div class=\"elementor-element elementor-element-880a46a elementor-list-item-link-inline elementor-icon-list--layout-traditional elementor-widget elementor-widget-icon-list\" data-id=\"880a46a\" data-element_type=\"widget\" data-widget_type=\"icon-list.default\">\n\t\t\t\t<div class=\"elementor-widget-container\">\n\t\t\t\t\t\t\t<ul class=\"elementor-icon-list-items\">\n\t\t\t\t\t\t\t<li class=\"elementor-icon-list-item\">\n\t\t\t\t\t\t\t\t\t\t\t<a href=\"https:\/\/www.us.es\/estudiar\/que-estudiar\/oferta-de-grados\/doble-grado-en-quimica-y-en-ingenieria-de-materiales\/2320008\" target=\"_blank\" rel=\"nofollow\">\n\n\t\t\t\t\t\t\t\t\t\t\t\t<span class=\"elementor-icon-list-icon\">\n\t\t\t\t\t\t\t<i aria-hidden=\"true\" class=\"fas fa-external-link-alt\"><\/i>\t\t\t\t\t\t<\/span>\n\t\t\t\t\t\t\t\t\t\t<span class=\"elementor-icon-list-text\">Operaciones B\u00e1sicas de Laboratorio<\/span>\n\t\t\t\t\t\t\t\t\t\t\t<\/a>\n\t\t\t\t\t\t\t\t\t<\/li>\n\t\t\t\t\t\t\t\t<li class=\"elementor-icon-list-item\">\n\t\t\t\t\t\t\t\t\t\t\t<a href=\"https:\/\/www.us.es\/estudiar\/que-estudiar\/oferta-de-grados\/doble-grado-en-quimica-y-en-ingenieria-de-materiales\/2320009\" target=\"_blank\" rel=\"nofollow\">\n\n\t\t\t\t\t\t\t\t\t\t\t\t<span class=\"elementor-icon-list-icon\">\n\t\t\t\t\t\t\t<i aria-hidden=\"true\" class=\"fas fa-external-link-alt\"><\/i>\t\t\t\t\t\t<\/span>\n\t\t\t\t\t\t\t\t\t\t<span class=\"elementor-icon-list-text\">Qu\u00edmica General<\/span>\n\t\t\t\t\t\t\t\t\t\t\t<\/a>\n\t\t\t\t\t\t\t\t\t<\/li>\n\t\t\t\t\t\t\t\t<li class=\"elementor-icon-list-item\">\n\t\t\t\t\t\t\t\t\t\t\t<a href=\"https:\/\/www.us.es\/estudiar\/que-estudiar\/oferta-de-grados\/doble-grado-en-quimica-y-en-ingenieria-de-materiales\/2320016\" target=\"_blank\" rel=\"nofollow\">\n\n\t\t\t\t\t\t\t\t\t\t\t\t<span class=\"elementor-icon-list-icon\">\n\t\t\t\t\t\t\t<i aria-hidden=\"true\" class=\"fas fa-external-link-alt\"><\/i>\t\t\t\t\t\t<\/span>\n\t\t\t\t\t\t\t\t\t\t<span class=\"elementor-icon-list-text\">Qu\u00edmica Biol\u00f3gica<\/span>\n\t\t\t\t\t\t\t\t\t\t\t<\/a>\n\t\t\t\t\t\t\t\t\t<\/li>\n\t\t\t\t\t\t\t\t<li class=\"elementor-icon-list-item\">\n\t\t\t\t\t\t\t\t\t\t\t<a href=\"https:\/\/www.us.es\/estudiar\/que-estudiar\/oferta-de-grados\/doble-grado-en-quimica-y-en-ingenieria-de-materiales\/2320014\" target=\"_blank\" rel=\"nofollow\">\n\n\t\t\t\t\t\t\t\t\t\t\t\t<span class=\"elementor-icon-list-icon\">\n\t\t\t\t\t\t\t<i aria-hidden=\"true\" class=\"fas fa-external-link-alt\"><\/i>\t\t\t\t\t\t<\/span>\n\t\t\t\t\t\t\t\t\t\t<span class=\"elementor-icon-list-text\">Qu\u00edmica Org\u00e1nica I<\/span>\n\t\t\t\t\t\t\t\t\t\t\t<\/a>\n\t\t\t\t\t\t\t\t\t<\/li>\n\t\t\t\t\t\t\t\t<li class=\"elementor-icon-list-item\">\n\t\t\t\t\t\t\t\t\t\t\t<a href=\"https:\/\/www.us.es\/estudiar\/que-estudiar\/oferta-de-grados\/doble-grado-en-quimica-y-en-ingenieria-de-materiales\/2320023\" target=\"_blank\" rel=\"nofollow\">\n\n\t\t\t\t\t\t\t\t\t\t\t\t<span class=\"elementor-icon-list-icon\">\n\t\t\t\t\t\t\t<i aria-hidden=\"true\" class=\"fas fa-external-link-alt\"><\/i>\t\t\t\t\t\t<\/span>\n\t\t\t\t\t\t\t\t\t\t<span class=\"elementor-icon-list-text\">Qu\u00edmica Org\u00e1nica II<\/span>\n\t\t\t\t\t\t\t\t\t\t\t<\/a>\n\t\t\t\t\t\t\t\t\t<\/li>\n\t\t\t\t\t\t\t\t<li class=\"elementor-icon-list-item\">\n\t\t\t\t\t\t\t\t\t\t\t<a href=\"https:\/\/www.us.es\/estudiar\/que-estudiar\/oferta-de-grados\/doble-grado-en-quimica-y-en-ingenieria-de-materiales\/2320035\" target=\"_blank\" rel=\"nofollow\">\n\n\t\t\t\t\t\t\t\t\t\t\t\t<span class=\"elementor-icon-list-icon\">\n\t\t\t\t\t\t\t<i aria-hidden=\"true\" class=\"fas fa-external-link-alt\"><\/i>\t\t\t\t\t\t<\/span>\n\t\t\t\t\t\t\t\t\t\t<span class=\"elementor-icon-list-text\">Qu\u00edmica Org\u00e1nica III<\/span>\n\t\t\t\t\t\t\t\t\t\t\t<\/a>\n\t\t\t\t\t\t\t\t\t<\/li>\n\t\t\t\t\t\t\t\t<li class=\"elementor-icon-list-item\">\n\t\t\t\t\t\t\t\t\t\t\t<a href=\"https:\/\/www.us.es\/estudiar\/que-estudiar\/oferta-de-grados\/doble-grado-en-quimica-y-en-ingenieria-de-materiales\/2320056\" target=\"_blank\" rel=\"nofollow\">\n\n\t\t\t\t\t\t\t\t\t\t\t\t<span class=\"elementor-icon-list-icon\">\n\t\t\t\t\t\t\t<i aria-hidden=\"true\" class=\"fas fa-external-link-alt\"><\/i>\t\t\t\t\t\t<\/span>\n\t\t\t\t\t\t\t\t\t\t<span class=\"elementor-icon-list-text\">Determinaci\u00f3n de Estructuras de Compuestos Org\u00e1nicos<\/span>\n\t\t\t\t\t\t\t\t\t\t\t<\/a>\n\t\t\t\t\t\t\t\t\t<\/li>\n\t\t\t\t\t\t\t\t<li class=\"elementor-icon-list-item\">\n\t\t\t\t\t\t\t\t\t\t\t<a href=\"https:\/\/www.us.es\/estudiar\/que-estudiar\/oferta-de-grados\/doble-grado-en-quimica-y-en-ingenieria-de-materiales\/2320036\" target=\"_blank\" rel=\"nofollow\">\n\n\t\t\t\t\t\t\t\t\t\t\t\t<span class=\"elementor-icon-list-icon\">\n\t\t\t\t\t\t\t<i aria-hidden=\"true\" class=\"fas fa-external-link-alt\"><\/i>\t\t\t\t\t\t<\/span>\n\t\t\t\t\t\t\t\t\t\t<span class=\"elementor-icon-list-text\">Trabajo Fin de Grado<\/span>\n\t\t\t\t\t\t\t\t\t\t\t<\/a>\n\t\t\t\t\t\t\t\t\t<\/li>\n\t\t\t\t\t\t<\/ul>\n\t\t\t\t\t\t<\/div>\n\t\t\t\t<\/div>\n\t\t\t\t<\/div>\n\t\t\t\t\t<\/details>\n\t\t\t\t\t<\/div>\n\t\t\t\t\t\t<\/div>\n\t\t\t\t<\/div>\n\t\t\t\t\t<\/div>\n\t\t\t\t<\/div>\n\t\t\t\t<\/div>\n\t\t","protected":false},"excerpt":{"rendered":"<p>\u00a0El Departamento de Qu\u00edmica Org\u00e1nica imparte docencia en tres titulaciones de Grado, una titulaci\u00f3n de Doble Grado y cuatro titulaciones de M\u00e1ster de la Universidad de Sevilla . La docencia se desarrolla en diversos centros: Facultad de Qu\u00edmica, Facultad de Biolog\u00eda, Escuela Polit\u00e9cnica Superior y Centro Internacional de Posgrado. Para consultar el profesorado, los programas [&hellip;]<\/p>\n","protected":false},"author":12,"featured_media":0,"parent":3837,"menu_order":0,"comment_status":"closed","ping_status":"closed","template":"","meta":{"_acf_changed":false,"footnotes":""},"class_list":["post-9639","page","type-page","status-publish","hentry"],"acf":[],"yoast_head":"<!-- This site is optimized with the Yoast SEO plugin v26.3 - https:\/\/yoast.com\/wordpress\/plugins\/seo\/ -->\n<title>Doble Grado - Departamento de Qu\u00edmica Org\u00e1nica<\/title>\n<meta name=\"robots\" content=\"index, follow, max-snippet:-1, max-image-preview:large, max-video-preview:-1\" \/>\n<link rel=\"canonical\" href=\"https:\/\/departamento.us.es\/depquiorg\/docencia\/doble-grado\/\" \/>\n<meta property=\"og:locale\" content=\"es_ES\" \/>\n<meta property=\"og:type\" content=\"article\" \/>\n<meta property=\"og:title\" content=\"Doble Grado - Departamento de Qu\u00edmica Org\u00e1nica\" \/>\n<meta property=\"og:description\" content=\"\u00a0El Departamento de Qu\u00edmica Org\u00e1nica imparte docencia en tres titulaciones de Grado, una titulaci\u00f3n de Doble Grado y cuatro titulaciones de M\u00e1ster de la Universidad de Sevilla . La docencia se desarrolla en diversos centros: Facultad de Qu\u00edmica, Facultad de Biolog\u00eda, Escuela Polit\u00e9cnica Superior y Centro Internacional de Posgrado. Para consultar el profesorado, los programas [&hellip;]\" \/>\n<meta property=\"og:url\" content=\"https:\/\/departamento.us.es\/depquiorg\/docencia\/doble-grado\/\" \/>\n<meta property=\"og:site_name\" content=\"Departamento de Qu\u00edmica Org\u00e1nica\" \/>\n<meta property=\"article:modified_time\" content=\"2024-10-01T06:27:23+00:00\" \/>\n<meta name=\"twitter:card\" content=\"summary_large_image\" \/>\n<meta name=\"twitter:label1\" content=\"Tiempo de lectura\" \/>\n\t<meta name=\"twitter:data1\" content=\"1 minuto\" \/>\n<script type=\"application\/ld+json\" class=\"yoast-schema-graph\">{\"@context\":\"https:\/\/schema.org\",\"@graph\":[{\"@type\":\"WebPage\",\"@id\":\"https:\/\/departamento.us.es\/depquiorg\/docencia\/doble-grado\/\",\"url\":\"https:\/\/departamento.us.es\/depquiorg\/docencia\/doble-grado\/\",\"name\":\"Doble Grado - Departamento de Qu\u00edmica Org\u00e1nica\",\"isPartOf\":{\"@id\":\"https:\/\/departamento.us.es\/depquiorg\/#website\"},\"datePublished\":\"2024-09-27T08:33:22+00:00\",\"dateModified\":\"2024-10-01T06:27:23+00:00\",\"breadcrumb\":{\"@id\":\"https:\/\/departamento.us.es\/depquiorg\/docencia\/doble-grado\/#breadcrumb\"},\"inLanguage\":\"es\",\"potentialAction\":[{\"@type\":\"ReadAction\",\"target\":[\"https:\/\/departamento.us.es\/depquiorg\/docencia\/doble-grado\/\"]}]},{\"@type\":\"BreadcrumbList\",\"@id\":\"https:\/\/departamento.us.es\/depquiorg\/docencia\/doble-grado\/#breadcrumb\",\"itemListElement\":[{\"@type\":\"ListItem\",\"position\":1,\"name\":\"Docencia\",\"item\":\"https:\/\/departamento.us.es\/depquiorg\/docencia\/\"},{\"@type\":\"ListItem\",\"position\":2,\"name\":\"Doble Grado\"}]},{\"@type\":\"WebSite\",\"@id\":\"https:\/\/departamento.us.es\/depquiorg\/#website\",\"url\":\"https:\/\/departamento.us.es\/depquiorg\/\",\"name\":\"Departamento de Qu\u00edmica Org\u00e1nica\",\"description\":\"Universidad de Sevilla\",\"publisher\":{\"@id\":\"https:\/\/departamento.us.es\/depquiorg\/#organization\"},\"potentialAction\":[{\"@type\":\"SearchAction\",\"target\":{\"@type\":\"EntryPoint\",\"urlTemplate\":\"https:\/\/departamento.us.es\/depquiorg\/?s={search_term_string}\"},\"query-input\":{\"@type\":\"PropertyValueSpecification\",\"valueRequired\":true,\"valueName\":\"search_term_string\"}}],\"inLanguage\":\"es\"},{\"@type\":\"Organization\",\"@id\":\"https:\/\/departamento.us.es\/depquiorg\/#organization\",\"name\":\"Departamento de Qu\u00edmica Org\u00e1nica\",\"url\":\"https:\/\/departamento.us.es\/depquiorg\/\",\"logo\":{\"@type\":\"ImageObject\",\"inLanguage\":\"es\",\"@id\":\"https:\/\/departamento.us.es\/depquiorg\/#\/schema\/logo\/image\/\",\"url\":\"https:\/\/departamento.us.es\/depquiorg\/wp-content\/uploads\/2024\/07\/bannerQO.png\",\"contentUrl\":\"https:\/\/departamento.us.es\/depquiorg\/wp-content\/uploads\/2024\/07\/bannerQO.png\",\"width\":1373,\"height\":260,\"caption\":\"Departamento de Qu\u00edmica Org\u00e1nica\"},\"image\":{\"@id\":\"https:\/\/departamento.us.es\/depquiorg\/#\/schema\/logo\/image\/\"}}]}<\/script>\n<!-- \/ Yoast SEO plugin. -->","yoast_head_json":{"title":"Doble Grado - Departamento de Qu\u00edmica Org\u00e1nica","robots":{"index":"index","follow":"follow","max-snippet":"max-snippet:-1","max-image-preview":"max-image-preview:large","max-video-preview":"max-video-preview:-1"},"canonical":"https:\/\/departamento.us.es\/depquiorg\/docencia\/doble-grado\/","og_locale":"es_ES","og_type":"article","og_title":"Doble Grado - Departamento de Qu\u00edmica Org\u00e1nica","og_description":"\u00a0El Departamento de Qu\u00edmica Org\u00e1nica imparte docencia en tres titulaciones de Grado, una titulaci\u00f3n de Doble Grado y cuatro titulaciones de M\u00e1ster de la Universidad de Sevilla . La docencia se desarrolla en diversos centros: Facultad de Qu\u00edmica, Facultad de Biolog\u00eda, Escuela Polit\u00e9cnica Superior y Centro Internacional de Posgrado. Para consultar el profesorado, los programas [&hellip;]","og_url":"https:\/\/departamento.us.es\/depquiorg\/docencia\/doble-grado\/","og_site_name":"Departamento de Qu\u00edmica Org\u00e1nica","article_modified_time":"2024-10-01T06:27:23+00:00","twitter_card":"summary_large_image","twitter_misc":{"Tiempo de lectura":"1 minuto"},"schema":{"@context":"https:\/\/schema.org","@graph":[{"@type":"WebPage","@id":"https:\/\/departamento.us.es\/depquiorg\/docencia\/doble-grado\/","url":"https:\/\/departamento.us.es\/depquiorg\/docencia\/doble-grado\/","name":"Doble Grado - Departamento de Qu\u00edmica Org\u00e1nica","isPartOf":{"@id":"https:\/\/departamento.us.es\/depquiorg\/#website"},"datePublished":"2024-09-27T08:33:22+00:00","dateModified":"2024-10-01T06:27:23+00:00","breadcrumb":{"@id":"https:\/\/departamento.us.es\/depquiorg\/docencia\/doble-grado\/#breadcrumb"},"inLanguage":"es","potentialAction":[{"@type":"ReadAction","target":["https:\/\/departamento.us.es\/depquiorg\/docencia\/doble-grado\/"]}]},{"@type":"BreadcrumbList","@id":"https:\/\/departamento.us.es\/depquiorg\/docencia\/doble-grado\/#breadcrumb","itemListElement":[{"@type":"ListItem","position":1,"name":"Docencia","item":"https:\/\/departamento.us.es\/depquiorg\/docencia\/"},{"@type":"ListItem","position":2,"name":"Doble Grado"}]},{"@type":"WebSite","@id":"https:\/\/departamento.us.es\/depquiorg\/#website","url":"https:\/\/departamento.us.es\/depquiorg\/","name":"Departamento de Qu\u00edmica Org\u00e1nica","description":"Universidad de Sevilla","publisher":{"@id":"https:\/\/departamento.us.es\/depquiorg\/#organization"},"potentialAction":[{"@type":"SearchAction","target":{"@type":"EntryPoint","urlTemplate":"https:\/\/departamento.us.es\/depquiorg\/?s={search_term_string}"},"query-input":{"@type":"PropertyValueSpecification","valueRequired":true,"valueName":"search_term_string"}}],"inLanguage":"es"},{"@type":"Organization","@id":"https:\/\/departamento.us.es\/depquiorg\/#organization","name":"Departamento de Qu\u00edmica Org\u00e1nica","url":"https:\/\/departamento.us.es\/depquiorg\/","logo":{"@type":"ImageObject","inLanguage":"es","@id":"https:\/\/departamento.us.es\/depquiorg\/#\/schema\/logo\/image\/","url":"https:\/\/departamento.us.es\/depquiorg\/wp-content\/uploads\/2024\/07\/bannerQO.png","contentUrl":"https:\/\/departamento.us.es\/depquiorg\/wp-content\/uploads\/2024\/07\/bannerQO.png","width":1373,"height":260,"caption":"Departamento de Qu\u00edmica Org\u00e1nica"},"image":{"@id":"https:\/\/departamento.us.es\/depquiorg\/#\/schema\/logo\/image\/"}}]}},"_links":{"self":[{"href":"https:\/\/departamento.us.es\/depquiorg\/wp-json\/wp\/v2\/pages\/9639","targetHints":{"allow":["GET"]}}],"collection":[{"href":"https:\/\/departamento.us.es\/depquiorg\/wp-json\/wp\/v2\/pages"}],"about":[{"href":"https:\/\/departamento.us.es\/depquiorg\/wp-json\/wp\/v2\/types\/page"}],"author":[{"embeddable":true,"href":"https:\/\/departamento.us.es\/depquiorg\/wp-json\/wp\/v2\/users\/12"}],"replies":[{"embeddable":true,"href":"https:\/\/departamento.us.es\/depquiorg\/wp-json\/wp\/v2\/comments?post=9639"}],"version-history":[{"count":0,"href":"https:\/\/departamento.us.es\/depquiorg\/wp-json\/wp\/v2\/pages\/9639\/revisions"}],"up":[{"embeddable":true,"href":"https:\/\/departamento.us.es\/depquiorg\/wp-json\/wp\/v2\/pages\/3837"}],"wp:attachment":[{"href":"https:\/\/departamento.us.es\/depquiorg\/wp-json\/wp\/v2\/media?parent=9639"}],"curies":[{"name":"wp","href":"https:\/\/api.w.org\/{rel}","templated":true}]}}