{"id":9703,"date":"2024-10-10T12:53:51","date_gmt":"2024-10-10T12:53:51","guid":{"rendered":"https:\/\/departamento.us.es\/depquiorg\/?page_id=9703"},"modified":"2024-10-10T12:54:37","modified_gmt":"2024-10-10T12:54:37","slug":"contact-and-location","status":"publish","type":"page","link":"https:\/\/departamento.us.es\/depquiorg\/en\/contact-and-location\/","title":{"rendered":"Contact and Location"},"content":{"rendered":"\t\t<div data-elementor-type=\"wp-page\" data-elementor-id=\"9703\" class=\"elementor elementor-9703\" data-elementor-post-type=\"page\">\n\t\t\t\t<div class=\"elementor-element elementor-element-7482ee1 e-flex e-con-boxed e-con e-parent\" data-id=\"7482ee1\" data-element_type=\"container\">\n\t\t\t\t\t<div class=\"e-con-inner\">\n\t\t<div class=\"elementor-element elementor-element-ce50d94 animated-slow e-flex e-con-boxed elementor-invisible e-con e-child\" data-id=\"ce50d94\" data-element_type=\"container\" data-settings=\"{&quot;animation&quot;:&quot;fadeIn&quot;}\">\n\t\t\t\t\t<div class=\"e-con-inner\">\n\t\t<div class=\"elementor-element elementor-element-8b13f5b e-con-full e-flex e-con e-child\" data-id=\"8b13f5b\" data-element_type=\"container\">\n\t\t\t\t<div class=\"elementor-element elementor-element-415bcbb elementor-widget__width-initial elementor-widget elementor-widget-google_maps\" data-id=\"415bcbb\" data-element_type=\"widget\" data-widget_type=\"google_maps.default\">\n\t\t\t\t<div class=\"elementor-widget-container\">\n\t\t\t\t\t\t\t<div class=\"elementor-custom-embed\">\n\t\t\t<iframe loading=\"lazy\"\n\t\t\t\t\tsrc=\"https:\/\/maps.google.com\/maps?q=Facultad%20de%20Qu%C3%ADmica%20sevilla&#038;t=m&#038;z=14&#038;output=embed&#038;iwloc=near\"\n\t\t\t\t\ttitle=\"Facultad de Qu\u00edmica sevilla\"\n\t\t\t\t\taria-label=\"Facultad de Qu\u00edmica sevilla\"\n\t\t\t><\/iframe>\n\t\t<\/div>\n\t\t\t\t\t\t<\/div>\n\t\t\t\t<\/div>\n\t\t\t\t<\/div>\n\t\t\t\t\t<\/div>\n\t\t\t\t<\/div>\n\t\t<div class=\"elementor-element elementor-element-7b8cd3a e-con-full e-flex e-con e-child\" data-id=\"7b8cd3a\" data-element_type=\"container\">\n\t\t\t\t<div class=\"elementor-element elementor-element-c2eb69b elementor-widget elementor-widget-video\" data-id=\"c2eb69b\" data-element_type=\"widget\" data-settings=\"{&quot;youtube_url&quot;:&quot;https:\\\/\\\/www.youtube.com\\\/watch?v=rGkfzr6Kyzc&quot;,&quot;video_type&quot;:&quot;youtube&quot;,&quot;controls&quot;:&quot;yes&quot;}\" data-widget_type=\"video.default\">\n\t\t\t\t<div class=\"elementor-widget-container\">\n\t\t\t\t\t\t\t<div class=\"elementor-wrapper elementor-open-inline\">\n\t\t\t<div class=\"elementor-video\"><\/div>\t\t<\/div>\n\t\t\t\t\t\t<\/div>\n\t\t\t\t<\/div>\n\t\t\t\t<\/div>\n\t\t\t\t\t<\/div>\n\t\t\t\t<\/div>\n\t\t<div class=\"elementor-element elementor-element-5fd60fc e-flex e-con-boxed e-con e-parent\" data-id=\"5fd60fc\" data-element_type=\"container\">\n\t\t\t\t\t<div class=\"e-con-inner\">\n\t\t<div class=\"elementor-element elementor-element-dd98437 e-con-full e-flex e-con e-child\" data-id=\"dd98437\" data-element_type=\"container\" data-settings=\"{&quot;background_background&quot;:&quot;classic&quot;}\">\n\t\t\t\t<div class=\"elementor-element elementor-element-bfb082e elementor-widget elementor-widget-heading\" data-id=\"bfb082e\" data-element_type=\"widget\" data-widget_type=\"heading.default\">\n\t\t\t\t<div class=\"elementor-widget-container\">\n\t\t\t\t\t<h4 class=\"elementor-heading-title elementor-size-default\">Secretary of the Department of Organic Chemistry<\/h4>\t\t\t\t<\/div>\n\t\t\t\t<\/div>\n\t\t\t\t<div class=\"elementor-element elementor-element-c237e01 elementor-widget elementor-widget-heading\" data-id=\"c237e01\" data-element_type=\"widget\" data-widget_type=\"heading.default\">\n\t\t\t\t<div class=\"elementor-widget-container\">\n\t\t\t\t\t<p class=\"elementor-heading-title elementor-size-default\">Aurora G\u00f3mez Romero<\/p>\t\t\t\t<\/div>\n\t\t\t\t<\/div>\n\t\t\t\t<div class=\"elementor-element elementor-element-5da4082 elementor-widget elementor-widget-heading\" data-id=\"5da4082\" data-element_type=\"widget\" data-widget_type=\"heading.default\">\n\t\t\t\t<div class=\"elementor-widget-container\">\n\t\t\t\t\t<p class=\"elementor-heading-title elementor-size-default\">Olga M\u00aa Guti\u00e9rrez Caracuel<\/p>\t\t\t\t<\/div>\n\t\t\t\t<\/div>\n\t\t\t\t<div class=\"elementor-element elementor-element-ab39abe elementor-icon-list--layout-traditional elementor-list-item-link-full_width elementor-widget elementor-widget-icon-list\" data-id=\"ab39abe\" data-element_type=\"widget\" data-widget_type=\"icon-list.default\">\n\t\t\t\t<div class=\"elementor-widget-container\">\n\t\t\t\t\t\t\t<ul class=\"elementor-icon-list-items\">\n\t\t\t\t\t\t\t<li class=\"elementor-icon-list-item\">\n\t\t\t\t\t\t\t\t\t\t\t<a href=\"\">\n\n\t\t\t\t\t\t\t\t\t\t\t\t<span class=\"elementor-icon-list-icon\">\n\t\t\t\t\t\t\t<i aria-hidden=\"true\" class=\"fas fa-phone-alt\"><\/i>\t\t\t\t\t\t<\/span>\n\t\t\t\t\t\t\t\t\t\t<span class=\"elementor-icon-list-text\">954557151<\/span>\n\t\t\t\t\t\t\t\t\t\t\t<\/a>\n\t\t\t\t\t\t\t\t\t<\/li>\n\t\t\t\t\t\t\t\t<li class=\"elementor-icon-list-item\">\n\t\t\t\t\t\t\t\t\t\t\t<a href=\"mailto:%20%20secorg@us.es\">\n\n\t\t\t\t\t\t\t\t\t\t\t\t<span class=\"elementor-icon-list-icon\">\n\t\t\t\t\t\t\t<i aria-hidden=\"true\" class=\"fas fa-envelope\"><\/i>\t\t\t\t\t\t<\/span>\n\t\t\t\t\t\t\t\t\t\t<span class=\"elementor-icon-list-text\">secorg@us.es<\/span>\n\t\t\t\t\t\t\t\t\t\t\t<\/a>\n\t\t\t\t\t\t\t\t\t<\/li>\n\t\t\t\t\t\t<\/ul>\n\t\t\t\t\t\t<\/div>\n\t\t\t\t<\/div>\n\t\t\t\t<\/div>\n\t\t\t\t\t<\/div>\n\t\t\t\t<\/div>\n\t\t\t\t<\/div>\n\t\t","protected":false},"excerpt":{"rendered":"<p>Secretary of the Department of Organic Chemistry Aurora G\u00f3mez Romero Olga M\u00aa Guti\u00e9rrez Caracuel 954557151 secorg@us.es<\/p>\n","protected":false},"author":12,"featured_media":0,"parent":0,"menu_order":0,"comment_status":"closed","ping_status":"closed","template":"","meta":{"_acf_changed":false,"footnotes":""},"class_list":["post-9703","page","type-page","status-publish","hentry"],"acf":[],"yoast_head":"<!-- This site is optimized with the Yoast SEO plugin v26.3 - https:\/\/yoast.com\/wordpress\/plugins\/seo\/ -->\n<title>Contact and Location - Departamento de Qu\u00edmica Org\u00e1nica<\/title>\n<meta name=\"robots\" content=\"index, follow, max-snippet:-1, max-image-preview:large, max-video-preview:-1\" \/>\n<link rel=\"canonical\" href=\"https:\/\/departamento.us.es\/depquiorg\/en\/contact-and-location\/\" \/>\n<meta property=\"og:locale\" content=\"es_ES\" \/>\n<meta property=\"og:type\" content=\"article\" \/>\n<meta property=\"og:title\" content=\"Contact and Location - Departamento de Qu\u00edmica Org\u00e1nica\" \/>\n<meta property=\"og:description\" content=\"Secretary of the Department of Organic Chemistry Aurora G\u00f3mez Romero Olga M\u00aa Guti\u00e9rrez Caracuel 954557151 secorg@us.es\" \/>\n<meta property=\"og:url\" content=\"https:\/\/departamento.us.es\/depquiorg\/en\/contact-and-location\/\" \/>\n<meta property=\"og:site_name\" content=\"Departamento de Qu\u00edmica Org\u00e1nica\" \/>\n<meta property=\"article:modified_time\" content=\"2024-10-10T12:54:37+00:00\" \/>\n<meta name=\"twitter:card\" content=\"summary_large_image\" \/>\n<meta name=\"twitter:label1\" content=\"Tiempo de lectura\" \/>\n\t<meta name=\"twitter:data1\" content=\"1 minuto\" \/>\n<script type=\"application\/ld+json\" class=\"yoast-schema-graph\">{\"@context\":\"https:\/\/schema.org\",\"@graph\":[{\"@type\":\"WebPage\",\"@id\":\"https:\/\/departamento.us.es\/depquiorg\/en\/contact-and-location\/\",\"url\":\"https:\/\/departamento.us.es\/depquiorg\/en\/contact-and-location\/\",\"name\":\"Contact and Location - Departamento de Qu\u00edmica Org\u00e1nica\",\"isPartOf\":{\"@id\":\"https:\/\/departamento.us.es\/depquiorg\/#website\"},\"datePublished\":\"2024-10-10T12:53:51+00:00\",\"dateModified\":\"2024-10-10T12:54:37+00:00\",\"inLanguage\":\"es\",\"potentialAction\":[{\"@type\":\"ReadAction\",\"target\":[\"https:\/\/departamento.us.es\/depquiorg\/en\/contact-and-location\/\"]}]},{\"@type\":\"WebSite\",\"@id\":\"https:\/\/departamento.us.es\/depquiorg\/#website\",\"url\":\"https:\/\/departamento.us.es\/depquiorg\/\",\"name\":\"Departamento de Qu\u00edmica Org\u00e1nica\",\"description\":\"Universidad de Sevilla\",\"publisher\":{\"@id\":\"https:\/\/departamento.us.es\/depquiorg\/#organization\"},\"potentialAction\":[{\"@type\":\"SearchAction\",\"target\":{\"@type\":\"EntryPoint\",\"urlTemplate\":\"https:\/\/departamento.us.es\/depquiorg\/?s={search_term_string}\"},\"query-input\":{\"@type\":\"PropertyValueSpecification\",\"valueRequired\":true,\"valueName\":\"search_term_string\"}}],\"inLanguage\":\"es\"},{\"@type\":\"Organization\",\"@id\":\"https:\/\/departamento.us.es\/depquiorg\/#organization\",\"name\":\"Departamento de Qu\u00edmica Org\u00e1nica\",\"url\":\"https:\/\/departamento.us.es\/depquiorg\/\",\"logo\":{\"@type\":\"ImageObject\",\"inLanguage\":\"es\",\"@id\":\"https:\/\/departamento.us.es\/depquiorg\/#\/schema\/logo\/image\/\",\"url\":\"https:\/\/departamento.us.es\/depquiorg\/wp-content\/uploads\/2024\/07\/bannerQO.png\",\"contentUrl\":\"https:\/\/departamento.us.es\/depquiorg\/wp-content\/uploads\/2024\/07\/bannerQO.png\",\"width\":1373,\"height\":260,\"caption\":\"Departamento de Qu\u00edmica Org\u00e1nica\"},\"image\":{\"@id\":\"https:\/\/departamento.us.es\/depquiorg\/#\/schema\/logo\/image\/\"}}]}<\/script>\n<!-- \/ Yoast SEO plugin. -->","yoast_head_json":{"title":"Contact and Location - Departamento de Qu\u00edmica Org\u00e1nica","robots":{"index":"index","follow":"follow","max-snippet":"max-snippet:-1","max-image-preview":"max-image-preview:large","max-video-preview":"max-video-preview:-1"},"canonical":"https:\/\/departamento.us.es\/depquiorg\/en\/contact-and-location\/","og_locale":"es_ES","og_type":"article","og_title":"Contact and Location - Departamento de Qu\u00edmica Org\u00e1nica","og_description":"Secretary of the Department of Organic Chemistry Aurora G\u00f3mez Romero Olga M\u00aa Guti\u00e9rrez Caracuel 954557151 secorg@us.es","og_url":"https:\/\/departamento.us.es\/depquiorg\/en\/contact-and-location\/","og_site_name":"Departamento de Qu\u00edmica Org\u00e1nica","article_modified_time":"2024-10-10T12:54:37+00:00","twitter_card":"summary_large_image","twitter_misc":{"Tiempo de lectura":"1 minuto"},"schema":{"@context":"https:\/\/schema.org","@graph":[{"@type":"WebPage","@id":"https:\/\/departamento.us.es\/depquiorg\/en\/contact-and-location\/","url":"https:\/\/departamento.us.es\/depquiorg\/en\/contact-and-location\/","name":"Contact and Location - Departamento de Qu\u00edmica Org\u00e1nica","isPartOf":{"@id":"https:\/\/departamento.us.es\/depquiorg\/#website"},"datePublished":"2024-10-10T12:53:51+00:00","dateModified":"2024-10-10T12:54:37+00:00","inLanguage":"es","potentialAction":[{"@type":"ReadAction","target":["https:\/\/departamento.us.es\/depquiorg\/en\/contact-and-location\/"]}]},{"@type":"WebSite","@id":"https:\/\/departamento.us.es\/depquiorg\/#website","url":"https:\/\/departamento.us.es\/depquiorg\/","name":"Departamento de Qu\u00edmica Org\u00e1nica","description":"Universidad de Sevilla","publisher":{"@id":"https:\/\/departamento.us.es\/depquiorg\/#organization"},"potentialAction":[{"@type":"SearchAction","target":{"@type":"EntryPoint","urlTemplate":"https:\/\/departamento.us.es\/depquiorg\/?s={search_term_string}"},"query-input":{"@type":"PropertyValueSpecification","valueRequired":true,"valueName":"search_term_string"}}],"inLanguage":"es"},{"@type":"Organization","@id":"https:\/\/departamento.us.es\/depquiorg\/#organization","name":"Departamento de Qu\u00edmica Org\u00e1nica","url":"https:\/\/departamento.us.es\/depquiorg\/","logo":{"@type":"ImageObject","inLanguage":"es","@id":"https:\/\/departamento.us.es\/depquiorg\/#\/schema\/logo\/image\/","url":"https:\/\/departamento.us.es\/depquiorg\/wp-content\/uploads\/2024\/07\/bannerQO.png","contentUrl":"https:\/\/departamento.us.es\/depquiorg\/wp-content\/uploads\/2024\/07\/bannerQO.png","width":1373,"height":260,"caption":"Departamento de Qu\u00edmica Org\u00e1nica"},"image":{"@id":"https:\/\/departamento.us.es\/depquiorg\/#\/schema\/logo\/image\/"}}]}},"_links":{"self":[{"href":"https:\/\/departamento.us.es\/depquiorg\/wp-json\/wp\/v2\/pages\/9703","targetHints":{"allow":["GET"]}}],"collection":[{"href":"https:\/\/departamento.us.es\/depquiorg\/wp-json\/wp\/v2\/pages"}],"about":[{"href":"https:\/\/departamento.us.es\/depquiorg\/wp-json\/wp\/v2\/types\/page"}],"author":[{"embeddable":true,"href":"https:\/\/departamento.us.es\/depquiorg\/wp-json\/wp\/v2\/users\/12"}],"replies":[{"embeddable":true,"href":"https:\/\/departamento.us.es\/depquiorg\/wp-json\/wp\/v2\/comments?post=9703"}],"version-history":[{"count":0,"href":"https:\/\/departamento.us.es\/depquiorg\/wp-json\/wp\/v2\/pages\/9703\/revisions"}],"wp:attachment":[{"href":"https:\/\/departamento.us.es\/depquiorg\/wp-json\/wp\/v2\/media?parent=9703"}],"curies":[{"name":"wp","href":"https:\/\/api.w.org\/{rel}","templated":true}]}}