{"id":9707,"date":"2024-10-21T10:26:43","date_gmt":"2024-10-21T10:26:43","guid":{"rendered":"https:\/\/departamento.us.es\/depquiorg\/?page_id=9707"},"modified":"2025-10-03T11:55:53","modified_gmt":"2025-10-03T11:55:53","slug":"tutorias","status":"publish","type":"page","link":"https:\/\/departamento.us.es\/depquiorg\/docencia\/tutorias\/","title":{"rendered":"Tutor\u00edas"},"content":{"rendered":"\t\t<div data-elementor-type=\"wp-page\" data-elementor-id=\"9707\" class=\"elementor elementor-9707\" data-elementor-post-type=\"page\">\n\t\t\t\t<div class=\"elementor-element elementor-element-d9cfa36 e-flex e-con-boxed e-con e-parent\" data-id=\"d9cfa36\" data-element_type=\"container\">\n\t\t\t\t\t<div class=\"e-con-inner\">\n\t\t\t\t<div class=\"elementor-element elementor-element-7fdfe24 elementor-widget elementor-widget-heading\" data-id=\"7fdfe24\" data-element_type=\"widget\" data-widget_type=\"heading.default\">\n\t\t\t\t<div class=\"elementor-widget-container\">\n\t\t\t\t\t<h4 class=\"elementor-heading-title elementor-size-default\">Curso 2025\/26<\/h4>\t\t\t\t<\/div>\n\t\t\t\t<\/div>\n\t\t\t\t\t<\/div>\n\t\t\t\t<\/div>\n\t\t<div class=\"elementor-element elementor-element-0645bca e-flex e-con-boxed e-con e-parent\" data-id=\"0645bca\" data-element_type=\"container\">\n\t\t\t\t\t<div class=\"e-con-inner\">\n\t\t\t\t<div class=\"elementor-element elementor-element-9931610 elementor-widget elementor-widget-text-editor\" data-id=\"9931610\" data-element_type=\"widget\" data-widget_type=\"text-editor.default\">\n\t\t\t\t<div class=\"elementor-widget-container\">\n\t\t\t\t\t\t\t\t\t<p>Horarios Tutorias 25\/26<\/p><table style=\"height: 642px;\" width=\"729\"><tbody><tr style=\"height: 24px;\"><td style=\"font-weight: 400; height: 24px; width: 269.915px;\">Dr. Alberca Manzano, Sa\u00fal<\/td><td style=\"font-weight: 400; height: 24px; width: 139.517px;\"><a href=\"mailto:salberca@us.es\">salberca@us.es<\/a><\/td><td style=\"font-weight: 400; height: 24px; width: 299.048px;\">L, X, V : 9:00-11:00<\/td><\/tr><tr style=\"height: 24px;\"><td style=\"font-weight: 400; height: 24px; width: 269.915px;\">Dra. Begines Aguilar, Paloma<\/td><td style=\"font-weight: 400; height: 24px; width: 139.517px;\"><a href=\"mailto:pbegines@us.es\">pbegines@us.es<\/a><\/td><td style=\"font-weight: 400; height: 24px; width: 299.048px;\">L, X, V : 9:30-11:00 y M, J: 15:30-16:30<\/td><\/tr><tr style=\"height: 24px;\"><td style=\"font-weight: 400; height: 24px; width: 269.915px;\">Dra. Carmona Asenjo, Ana Teresa\u00a0<\/td><td style=\"font-weight: 400; height: 24px; width: 139.517px;\"><a href=\"mailto:anatere@us.es\">anatere@us.es<\/a><\/td><td style=\"font-weight: 400; height: 24px; width: 299.048px;\">M, X y J de 11:30-13:30<\/td><\/tr><tr style=\"height: 24px;\"><td style=\"font-weight: 400; height: 24px; width: 269.915px;\">Dra. D\u00edez Mart\u00edn, Elena\u00a0<\/td><td style=\"font-weight: 400; height: 24px; width: 139.517px;\"><a href=\"mailto:ediez@us.es\">ediez@us.es<\/a><\/td><td style=\"font-weight: 400; height: 24px; width: 299.048px;\">L, M y J: 11:30-13:30<\/td><\/tr><tr style=\"height: 48px;\"><td style=\"font-weight: 400; height: 48px; width: 269.915px;\">Dra. Fern\u00e1ndez Fern\u00e1ndez, Rosario\u00a0<\/td><td style=\"font-weight: 400; height: 48px; width: 139.517px;\"><a href=\"mailto:ffernan@us.es\">ffernan@us.es<\/a><\/td><td style=\"font-weight: 400; height: 48px; width: 299.048px;\">M: 10.30-13.30, X:10.30-11.30, J:10.30-12.30<\/td><\/tr><tr style=\"height: 48px;\"><td style=\"font-weight: 400; height: 48px; width: 269.915px;\">Dr. Fern\u00e1ndez-Bola\u00f1os Guzm\u00e1n, Jos\u00e9\u00a0 M\u00aa<\/td><td style=\"font-weight: 400; height: 48px; width: 139.517px;\"><a href=\"mailto:bolanos@us.es\">bolanos@us.es<\/a><\/td><td style=\"font-weight: 400; height: 48px; width: 299.048px;\">M, J y V: 12.00 &#8211; 14.00<\/td><\/tr><tr style=\"height: 24px;\"><td style=\"font-weight: 400; height: 24px; width: 269.915px;\">Dra. Garc\u00eda Moreno, M\u00aa Isabel\u00a0<\/td><td style=\"font-weight: 400; height: 24px; width: 139.517px;\"><a href=\"mailto:isagar@us.es\">isagar@us.es<\/a><\/td><td style=\"font-weight: 400; height: 24px; width: 299.048px;\">L: 17:00 \u2013 19:00; M y V: 12:30 \u2013 14:30\u00a0\u00a0\u00a0\u00a0<\/td><\/tr><tr style=\"height: 24px;\"><td style=\"font-weight: 400; height: 24px; width: 269.915px;\">Dr. De Gonzalo Calvo, Gonzalo<\/td><td style=\"font-weight: 400; height: 24px; width: 139.517px;\"><a href=\"mailto:gdegonzalo@us.es\">gdegonzalo@us.es<\/a><\/td><td style=\"font-weight: 400; height: 24px; width: 299.048px;\">\u00a0L, X y V: 10:00 &#8211; 12:00<\/td><\/tr><tr style=\"height: 48px;\"><td style=\"font-weight: 400; height: 48px; width: 269.915px;\">Dr. Hornillos-G\u00f3mez Recuero, Valent\u00edn<\/td><td style=\"font-weight: 400; height: 48px; width: 139.517px;\"><a href=\"mailto:vhornillos@us.es\">vhornillos@us.es<\/a><\/td><td style=\"font-weight: 400; height: 48px; width: 299.048px;\">X: 10:30-11:30, J:10:30-12:30, V:10:30-11:30 y 12:30-14:30.<\/td><\/tr><tr style=\"height: 48px;\"><td style=\"font-weight: 400; height: 48px; width: 269.915px;\">Dr. Iglesias Sig\u00fcenza; Francisco Javier<\/td><td style=\"font-weight: 400; height: 48px; width: 139.517px;\"><a href=\"mailto:jiglesias@us.es\">jiglesias@us.es<\/a><\/td><td style=\"font-weight: 400; height: 48px; width: 299.048px;\">L 16:00-18:00, X y V 10:00-12:00<\/td><\/tr><tr style=\"height: 24px;\"><td style=\"font-weight: 400; height: 24px; width: 269.915px;\">Dr. Jim\u00e9nez Blanco, Jos\u00e9 Luis\u00a0\u00a0<\/td><td style=\"font-weight: 400; height: 24px; width: 139.517px;\"><a href=\"mailto:jljb@us.es\">jljb@us.es<\/a><\/td><td style=\"font-weight: 400; height: 24px; width: 299.048px;\">X: 11:30-13:30 y V: 11.30-13.30<\/td><\/tr><tr style=\"height: 24px;\"><td style=\"font-weight: 400; height: 24px; width: 269.915px;\">Dr. L\u00f3pez L\u00f3pez, Oscar<\/td><td style=\"font-weight: 400; height: 24px; width: 139.517px;\"><a href=\"mailto:osc-lopez@us.es\">osc-lopez@us.es<\/a><\/td><td style=\"font-weight: 400; height: 24px; width: 299.048px;\">M,X, J\u00a0 16.00-18.00\u00a0<\/td><\/tr><tr><td style=\"font-weight: 400; width: 269.915px;\">Dr. Matador Mart\u00ednez, Esteban<\/td><td style=\"font-weight: 400; width: 139.517px;\"><a href=\"mailto:ematador@us.es\">ematador@us.es<\/a><\/td><td style=\"font-weight: 400; width: 299.048px;\">L: 10:30-12:30 y M, X : 11:30-13:30<\/td><\/tr><tr style=\"height: 24px;\"><td style=\"font-weight: 400; height: 24px; width: 269.915px;\">Dra. Maya Castilla, In\u00e9s\u00a0\u00a0<\/td><td style=\"font-weight: 400; height: 24px; width: 139.517px;\"><a href=\"mailto:imaya@us.es\">imaya@us.es<\/a><\/td><td style=\"font-weight: 400; height: 24px; width: 299.048px;\">M, X y J : 12:30 &#8211; 14:30<\/td><\/tr><tr style=\"height: 24px;\"><td style=\"font-weight: 400; height: 24px; width: 269.915px;\">Dr. Mendez Ardoy, Alejandro<\/td><td style=\"font-weight: 400; height: 24px; width: 139.517px;\"><a href=\"mailto:alejandroma@us.es\">alejandroma@us.es<\/a><\/td><td style=\"font-weight: 400; height: 24px; width: 299.048px;\">M y X : 9:00 &#8211; 12:00<\/td><\/tr><tr style=\"height: 24px;\"><td style=\"font-weight: 400; height: 24px; width: 269.915px;\">Dr. Monge Fern\u00e1ndez, David<\/td><td style=\"font-weight: 400; height: 24px; width: 139.517px;\"><a href=\"mailto:dmonge@us.es\">dmonge@us.es<\/a><\/td><td style=\"font-weight: 400; height: 24px; width: 299.048px;\">L y M :\u00a0 10:00 &#8211; 13:00<\/td><\/tr><tr style=\"height: 24px;\"><td style=\"font-weight: 400; height: 24px; width: 269.915px;\">Dr. Moreno Vargas, Antonio\u00a0\u00a0<\/td><td style=\"font-weight: 400; height: 24px; width: 139.517px;\"><a href=\"mailto:ajmoreno@us.es\">ajmoreno@us.es<\/a><\/td><td style=\"font-weight: 400; height: 24px; width: 299.048px;\">M, X y J: 11:00 &#8211; 13:00\u00a0\u00a0\u00a0<\/td><\/tr><tr><td style=\"font-weight: 400; width: 269.915px;\">Dr. Mu\u00f1oz Garc\u00eda, Juan Carlos<\/td><td style=\"font-weight: 400; width: 139.517px;\"><a href=\"mailto:jmunoz9@us.es\">jmunoz9@us.es<\/a><\/td><td style=\"font-weight: 400; width: 299.048px;\">EPS: (1CU) M, X y J: 13:00-15:00 \/(2CU) L, M y M: 9:00-11:00<\/td><\/tr><tr style=\"height: 42px;\"><td style=\"font-weight: 400; height: 42px; width: 269.915px;\">Dr. Ortega Caballero, Fernando<\/td><td style=\"font-weight: 400; height: 42px; width: 139.517px;\"><a href=\"mailto:foc@us.es\">foc@us.es<\/a><\/td><td style=\"font-weight: 400; height: 42px; width: 299.048px;\"><p>L,X: 9:30-11:00 \/ EPS: M: 17:30-19:00, J: 16:15-17:45<\/p><\/td><\/tr><tr style=\"height: 24px;\"><td style=\"font-weight: 400; height: 24px; width: 269.915px;\">Dra. Ortiz Mellet, Carmen<\/td><td style=\"font-weight: 400; height: 24px; width: 139.517px;\"><a href=\"mailto:mellet@us.es\">mellet@us.es<\/a><\/td><td style=\"font-weight: 400; height: 24px; width: 299.048px;\">L, M y X: 16:00 &#8211; 18:00\u00a0<\/td><\/tr><tr style=\"height: 48px;\"><td style=\"font-weight: 400; height: 48px; width: 269.915px;\">Dr. Rodr\u00edguez Carvajal, M. \u00c1ngel\u00a0<\/td><td style=\"font-weight: 400; height: 48px; width: 139.517px;\"><a href=\"mailto:rcarvaj@us.es\">rcarvaj@us.es<\/a><\/td><td style=\"font-weight: 400; height: 48px; width: 299.048px;\">L, M, X, J: 16:00 &#8211; 17:00\u00a0\u00a0\u00a0 V: 10:00 &#8211; 12:00<\/td><\/tr><tr style=\"height: 24px;\"><td style=\"font-weight: 400; height: 24px; width: 269.915px;\">Dra. S\u00e1nchez-Fern\u00e1ndez, Elena M.<\/td><td style=\"font-weight: 400; height: 24px; width: 139.517px;\"><a href=\"mailto:esanchez4@us.es\">esanchez4@us.es<\/a><\/td><td style=\"font-weight: 400; height: 24px; width: 299.048px;\">L, X y V: 9:30 &#8211; 11:30\u00a0\u00a0\u00a0<\/td><\/tr><tr style=\"height: 24px;\"><td style=\"font-weight: 400; height: 24px; width: 269.915px;\">Dr. V\u00e1zquez Cabello, Juan<\/td><td style=\"font-weight: 400; height: 24px; width: 139.517px;\"><a href=\"mailto:cabello@us.es\">cabello@us.es<\/a><\/td><td style=\"font-weight: 400; height: 24px; width: 299.048px;\">M: 16:30 &#8211; 18:30 y X, J: 15:30 &#8211; 17:30<\/td><\/tr><\/tbody><\/table><p>Tutor\u00edas presenciales siempre que sea posible.<\/p><p>Se ruega solicitud previa v\u00eda email.<\/p>\t\t\t\t\t\t\t\t<\/div>\n\t\t\t\t<\/div>\n\t\t\t\t\t<\/div>\n\t\t\t\t<\/div>\n\t\t\t\t<\/div>\n\t\t","protected":false},"excerpt":{"rendered":"<p>Curso 2025\/26 Horarios Tutorias 25\/26 Dr. Alberca Manzano, Sa\u00fal salberca@us.es L, X, V : 9:00-11:00 Dra. Begines Aguilar, Paloma pbegines@us.es L, X, V : 9:30-11:00 y M, J: 15:30-16:30 Dra. Carmona Asenjo, Ana Teresa\u00a0 anatere@us.es M, X y J de 11:30-13:30 Dra. D\u00edez Mart\u00edn, Elena\u00a0 ediez@us.es L, M y J: 11:30-13:30 Dra. Fern\u00e1ndez Fern\u00e1ndez, Rosario\u00a0 [&hellip;]<\/p>\n","protected":false},"author":12,"featured_media":0,"parent":3837,"menu_order":0,"comment_status":"closed","ping_status":"closed","template":"","meta":{"_acf_changed":false,"footnotes":""},"class_list":["post-9707","page","type-page","status-publish","hentry"],"acf":[],"yoast_head":"<!-- This site is optimized with the Yoast SEO plugin v26.3 - https:\/\/yoast.com\/wordpress\/plugins\/seo\/ -->\n<title>Tutor\u00edas - Departamento de Qu\u00edmica Org\u00e1nica<\/title>\n<meta name=\"robots\" content=\"index, follow, max-snippet:-1, max-image-preview:large, max-video-preview:-1\" \/>\n<link rel=\"canonical\" href=\"https:\/\/departamento.us.es\/depquiorg\/docencia\/tutorias\/\" \/>\n<meta property=\"og:locale\" content=\"es_ES\" \/>\n<meta property=\"og:type\" content=\"article\" \/>\n<meta property=\"og:title\" content=\"Tutor\u00edas - Departamento de Qu\u00edmica Org\u00e1nica\" \/>\n<meta property=\"og:description\" content=\"Curso 2025\/26 Horarios Tutorias 25\/26 Dr. Alberca Manzano, Sa\u00fal salberca@us.es L, X, V : 9:00-11:00 Dra. Begines Aguilar, Paloma pbegines@us.es L, X, V : 9:30-11:00 y M, J: 15:30-16:30 Dra. Carmona Asenjo, Ana Teresa\u00a0 anatere@us.es M, X y J de 11:30-13:30 Dra. D\u00edez Mart\u00edn, Elena\u00a0 ediez@us.es L, M y J: 11:30-13:30 Dra. Fern\u00e1ndez Fern\u00e1ndez, Rosario\u00a0 [&hellip;]\" \/>\n<meta property=\"og:url\" content=\"https:\/\/departamento.us.es\/depquiorg\/docencia\/tutorias\/\" \/>\n<meta property=\"og:site_name\" content=\"Departamento de Qu\u00edmica Org\u00e1nica\" \/>\n<meta property=\"article:modified_time\" content=\"2025-10-03T11:55:53+00:00\" \/>\n<meta name=\"twitter:card\" content=\"summary_large_image\" \/>\n<meta name=\"twitter:label1\" content=\"Tiempo de lectura\" \/>\n\t<meta name=\"twitter:data1\" content=\"2 minutos\" \/>\n<script type=\"application\/ld+json\" class=\"yoast-schema-graph\">{\"@context\":\"https:\/\/schema.org\",\"@graph\":[{\"@type\":\"WebPage\",\"@id\":\"https:\/\/departamento.us.es\/depquiorg\/docencia\/tutorias\/\",\"url\":\"https:\/\/departamento.us.es\/depquiorg\/docencia\/tutorias\/\",\"name\":\"Tutor\u00edas - Departamento de Qu\u00edmica Org\u00e1nica\",\"isPartOf\":{\"@id\":\"https:\/\/departamento.us.es\/depquiorg\/#website\"},\"datePublished\":\"2024-10-21T10:26:43+00:00\",\"dateModified\":\"2025-10-03T11:55:53+00:00\",\"breadcrumb\":{\"@id\":\"https:\/\/departamento.us.es\/depquiorg\/docencia\/tutorias\/#breadcrumb\"},\"inLanguage\":\"es\",\"potentialAction\":[{\"@type\":\"ReadAction\",\"target\":[\"https:\/\/departamento.us.es\/depquiorg\/docencia\/tutorias\/\"]}]},{\"@type\":\"BreadcrumbList\",\"@id\":\"https:\/\/departamento.us.es\/depquiorg\/docencia\/tutorias\/#breadcrumb\",\"itemListElement\":[{\"@type\":\"ListItem\",\"position\":1,\"name\":\"Docencia\",\"item\":\"https:\/\/departamento.us.es\/depquiorg\/docencia\/\"},{\"@type\":\"ListItem\",\"position\":2,\"name\":\"Tutor\u00edas\"}]},{\"@type\":\"WebSite\",\"@id\":\"https:\/\/departamento.us.es\/depquiorg\/#website\",\"url\":\"https:\/\/departamento.us.es\/depquiorg\/\",\"name\":\"Departamento de Qu\u00edmica Org\u00e1nica\",\"description\":\"Universidad de Sevilla\",\"publisher\":{\"@id\":\"https:\/\/departamento.us.es\/depquiorg\/#organization\"},\"potentialAction\":[{\"@type\":\"SearchAction\",\"target\":{\"@type\":\"EntryPoint\",\"urlTemplate\":\"https:\/\/departamento.us.es\/depquiorg\/?s={search_term_string}\"},\"query-input\":{\"@type\":\"PropertyValueSpecification\",\"valueRequired\":true,\"valueName\":\"search_term_string\"}}],\"inLanguage\":\"es\"},{\"@type\":\"Organization\",\"@id\":\"https:\/\/departamento.us.es\/depquiorg\/#organization\",\"name\":\"Departamento de Qu\u00edmica Org\u00e1nica\",\"url\":\"https:\/\/departamento.us.es\/depquiorg\/\",\"logo\":{\"@type\":\"ImageObject\",\"inLanguage\":\"es\",\"@id\":\"https:\/\/departamento.us.es\/depquiorg\/#\/schema\/logo\/image\/\",\"url\":\"https:\/\/departamento.us.es\/depquiorg\/wp-content\/uploads\/2024\/07\/bannerQO.png\",\"contentUrl\":\"https:\/\/departamento.us.es\/depquiorg\/wp-content\/uploads\/2024\/07\/bannerQO.png\",\"width\":1373,\"height\":260,\"caption\":\"Departamento de Qu\u00edmica Org\u00e1nica\"},\"image\":{\"@id\":\"https:\/\/departamento.us.es\/depquiorg\/#\/schema\/logo\/image\/\"}}]}<\/script>\n<!-- \/ Yoast SEO plugin. -->","yoast_head_json":{"title":"Tutor\u00edas - Departamento de Qu\u00edmica Org\u00e1nica","robots":{"index":"index","follow":"follow","max-snippet":"max-snippet:-1","max-image-preview":"max-image-preview:large","max-video-preview":"max-video-preview:-1"},"canonical":"https:\/\/departamento.us.es\/depquiorg\/docencia\/tutorias\/","og_locale":"es_ES","og_type":"article","og_title":"Tutor\u00edas - Departamento de Qu\u00edmica Org\u00e1nica","og_description":"Curso 2025\/26 Horarios Tutorias 25\/26 Dr. Alberca Manzano, Sa\u00fal salberca@us.es L, X, V : 9:00-11:00 Dra. Begines Aguilar, Paloma pbegines@us.es L, X, V : 9:30-11:00 y M, J: 15:30-16:30 Dra. Carmona Asenjo, Ana Teresa\u00a0 anatere@us.es M, X y J de 11:30-13:30 Dra. D\u00edez Mart\u00edn, Elena\u00a0 ediez@us.es L, M y J: 11:30-13:30 Dra. Fern\u00e1ndez Fern\u00e1ndez, Rosario\u00a0 [&hellip;]","og_url":"https:\/\/departamento.us.es\/depquiorg\/docencia\/tutorias\/","og_site_name":"Departamento de Qu\u00edmica Org\u00e1nica","article_modified_time":"2025-10-03T11:55:53+00:00","twitter_card":"summary_large_image","twitter_misc":{"Tiempo de lectura":"2 minutos"},"schema":{"@context":"https:\/\/schema.org","@graph":[{"@type":"WebPage","@id":"https:\/\/departamento.us.es\/depquiorg\/docencia\/tutorias\/","url":"https:\/\/departamento.us.es\/depquiorg\/docencia\/tutorias\/","name":"Tutor\u00edas - Departamento de Qu\u00edmica Org\u00e1nica","isPartOf":{"@id":"https:\/\/departamento.us.es\/depquiorg\/#website"},"datePublished":"2024-10-21T10:26:43+00:00","dateModified":"2025-10-03T11:55:53+00:00","breadcrumb":{"@id":"https:\/\/departamento.us.es\/depquiorg\/docencia\/tutorias\/#breadcrumb"},"inLanguage":"es","potentialAction":[{"@type":"ReadAction","target":["https:\/\/departamento.us.es\/depquiorg\/docencia\/tutorias\/"]}]},{"@type":"BreadcrumbList","@id":"https:\/\/departamento.us.es\/depquiorg\/docencia\/tutorias\/#breadcrumb","itemListElement":[{"@type":"ListItem","position":1,"name":"Docencia","item":"https:\/\/departamento.us.es\/depquiorg\/docencia\/"},{"@type":"ListItem","position":2,"name":"Tutor\u00edas"}]},{"@type":"WebSite","@id":"https:\/\/departamento.us.es\/depquiorg\/#website","url":"https:\/\/departamento.us.es\/depquiorg\/","name":"Departamento de Qu\u00edmica Org\u00e1nica","description":"Universidad de Sevilla","publisher":{"@id":"https:\/\/departamento.us.es\/depquiorg\/#organization"},"potentialAction":[{"@type":"SearchAction","target":{"@type":"EntryPoint","urlTemplate":"https:\/\/departamento.us.es\/depquiorg\/?s={search_term_string}"},"query-input":{"@type":"PropertyValueSpecification","valueRequired":true,"valueName":"search_term_string"}}],"inLanguage":"es"},{"@type":"Organization","@id":"https:\/\/departamento.us.es\/depquiorg\/#organization","name":"Departamento de Qu\u00edmica Org\u00e1nica","url":"https:\/\/departamento.us.es\/depquiorg\/","logo":{"@type":"ImageObject","inLanguage":"es","@id":"https:\/\/departamento.us.es\/depquiorg\/#\/schema\/logo\/image\/","url":"https:\/\/departamento.us.es\/depquiorg\/wp-content\/uploads\/2024\/07\/bannerQO.png","contentUrl":"https:\/\/departamento.us.es\/depquiorg\/wp-content\/uploads\/2024\/07\/bannerQO.png","width":1373,"height":260,"caption":"Departamento de Qu\u00edmica Org\u00e1nica"},"image":{"@id":"https:\/\/departamento.us.es\/depquiorg\/#\/schema\/logo\/image\/"}}]}},"_links":{"self":[{"href":"https:\/\/departamento.us.es\/depquiorg\/wp-json\/wp\/v2\/pages\/9707","targetHints":{"allow":["GET"]}}],"collection":[{"href":"https:\/\/departamento.us.es\/depquiorg\/wp-json\/wp\/v2\/pages"}],"about":[{"href":"https:\/\/departamento.us.es\/depquiorg\/wp-json\/wp\/v2\/types\/page"}],"author":[{"embeddable":true,"href":"https:\/\/departamento.us.es\/depquiorg\/wp-json\/wp\/v2\/users\/12"}],"replies":[{"embeddable":true,"href":"https:\/\/departamento.us.es\/depquiorg\/wp-json\/wp\/v2\/comments?post=9707"}],"version-history":[{"count":0,"href":"https:\/\/departamento.us.es\/depquiorg\/wp-json\/wp\/v2\/pages\/9707\/revisions"}],"up":[{"embeddable":true,"href":"https:\/\/departamento.us.es\/depquiorg\/wp-json\/wp\/v2\/pages\/3837"}],"wp:attachment":[{"href":"https:\/\/departamento.us.es\/depquiorg\/wp-json\/wp\/v2\/media?parent=9707"}],"curies":[{"name":"wp","href":"https:\/\/api.w.org\/{rel}","templated":true}]}}