{"id":9740,"date":"2024-11-06T12:18:12","date_gmt":"2024-11-06T12:18:12","guid":{"rendered":"https:\/\/departamento.us.es\/depquiorg\/docencia\/reserva-seminario-copy\/"},"modified":"2024-11-06T13:43:38","modified_gmt":"2024-11-06T13:43:38","slug":"equipamiento","status":"publish","type":"page","link":"https:\/\/departamento.us.es\/depquiorg\/investigacion\/equipamiento\/","title":{"rendered":"Equipamiento"},"content":{"rendered":"\t\t<div data-elementor-type=\"wp-page\" data-elementor-id=\"9740\" class=\"elementor elementor-9740\" data-elementor-post-type=\"page\">\n\t\t\t\t<div class=\"elementor-element elementor-element-6f4e045 e-flex e-con-boxed e-con e-parent\" data-id=\"6f4e045\" data-element_type=\"container\">\n\t\t\t\t\t<div class=\"e-con-inner\">\n\t\t\t\t<div class=\"elementor-element elementor-element-900a6d4 elementor-widget elementor-widget-text-editor\" data-id=\"900a6d4\" data-element_type=\"widget\" data-widget_type=\"text-editor.default\">\n\t\t\t\t<div class=\"elementor-widget-container\">\n\t\t\t\t\t\t\t\t\t<p style=\"text-align: justify;\">El departamento de Qu\u00edmica Org\u00e1nica dispone del siguiente equipamiento.<\/p><p>Acceso a reserva s\u00f3lo usuarios del Departamento.<\/p><p>Usuarios externos contactar con el responsable del equipo.<\/p><p>Responsable: Miguel \u00c1ngel Rodr\u00edguez Carvajal.<\/p><p>Contacto: rcarvajal@us.es<\/p><p>\u00a0<\/p>\t\t\t\t\t\t\t\t<\/div>\n\t\t\t\t<\/div>\n\t\t\t\t<div class=\"elementor-element elementor-element-6fc9d65 elementor-list-item-link-inline elementor-icon-list--layout-traditional elementor-widget elementor-widget-icon-list\" data-id=\"6fc9d65\" data-element_type=\"widget\" data-widget_type=\"icon-list.default\">\n\t\t\t\t<div class=\"elementor-widget-container\">\n\t\t\t\t\t\t\t<ul class=\"elementor-icon-list-items\">\n\t\t\t\t\t\t\t<li class=\"elementor-icon-list-item\">\n\t\t\t\t\t\t\t\t\t\t\t<a href=\"https:\/\/150.214.145.111\/equipos\" target=\"_blank\" rel=\"nofollow\">\n\n\t\t\t\t\t\t\t\t\t\t\t\t<span class=\"elementor-icon-list-icon\">\n\t\t\t\t\t\t\t<i aria-hidden=\"true\" class=\"fas fa-external-link-alt\"><\/i>\t\t\t\t\t\t<\/span>\n\t\t\t\t\t\t\t\t\t\t<span class=\"elementor-icon-list-text\">Acceso reserva<\/span>\n\t\t\t\t\t\t\t\t\t\t\t<\/a>\n\t\t\t\t\t\t\t\t\t<\/li>\n\t\t\t\t\t\t<\/ul>\n\t\t\t\t\t\t<\/div>\n\t\t\t\t<\/div>\n\t\t\t\t<div class=\"elementor-element elementor-element-719554a elementor-widget elementor-widget-text-editor\" data-id=\"719554a\" data-element_type=\"widget\" data-widget_type=\"text-editor.default\">\n\t\t\t\t<div class=\"elementor-widget-container\">\n\t\t\t\t\t\t\t\t\t<table><tbody><tr><td width=\"141\"><p><strong>Nombre<\/strong><\/p><\/td><td width=\"238\"><p><strong>Caracter\u00edsticas<\/strong><\/p><\/td><td><p><strong>Imagen<\/strong><\/p><\/td><\/tr><tr><td width=\"141\"><p>CG-MS Antiguo<\/p><\/td><td width=\"238\"><p>Cromat\u00f3grafo de gases Agilent 7890A de doble canal equipado con detector FID y MS (Agilent 5975C).<\/p><\/td><td><img decoding=\"async\" class=\"alignnone size-full wp-image-9745\" src=\"https:\/\/departamento.us.es\/depquiorg\/wp-content\/uploads\/2024\/11\/CG-MS-Antiguo.jpg\" alt=\"\" width=\"158\" height=\"147\" \/><\/td><\/tr><tr><td width=\"141\"><p>GC-MS nuevo<\/p><\/td><td width=\"238\"><p>Cromat\u00f3grafo de gases Agilent 8890A de doble canal equipado con detector FID y MS (Agilent 5977B).<\/p><\/td><td><img decoding=\"async\" class=\"alignnone size-full wp-image-9746\" src=\"https:\/\/departamento.us.es\/depquiorg\/wp-content\/uploads\/2024\/11\/GC-MS-nuevo.jpg\" alt=\"\" width=\"157\" height=\"109\" \/><\/td><\/tr><tr><td width=\"141\"><p>GC (2FID)<\/p><\/td><td width=\"238\"><p>Cromat\u00f3grafo de gases Agilent 8890A de doble canal y doble FID.<\/p><\/td><td><img decoding=\"async\" class=\"alignnone size-full wp-image-9754\" src=\"https:\/\/departamento.us.es\/depquiorg\/wp-content\/uploads\/2024\/11\/GC-2FID.jpg\" alt=\"\" width=\"157\" height=\"153\" \/><\/td><\/tr><tr><td width=\"141\"><p>GC quiral<\/p><\/td><td width=\"238\"><p>Cromat\u00f3grafo de gases Shimadzu 2010pro AF de doble canal equipado con doble FID<\/p><\/td><td><img loading=\"lazy\" decoding=\"async\" class=\"alignnone size-full wp-image-9747\" src=\"https:\/\/departamento.us.es\/depquiorg\/wp-content\/uploads\/2024\/11\/GC-quiral.jpg\" alt=\"\" width=\"156\" height=\"133\" \/><\/td><\/tr><tr><td width=\"141\"><p>UHPLC Fase reversa<\/p><\/td><td width=\"238\"><p>UHPLC Thermo Scientific Dionex Ultimate 3000 (fase reversa) equipado con detectores de UV-Vis, Fluorescencia, RI y Electroqu\u00edmico.<\/p><\/td><td><img loading=\"lazy\" decoding=\"async\" class=\"alignnone size-full wp-image-9750\" src=\"https:\/\/departamento.us.es\/depquiorg\/wp-content\/uploads\/2024\/11\/UHPLC-Fase-reversa.jpg\" alt=\"\" width=\"156\" height=\"178\" \/><\/td><\/tr><tr><td width=\"141\"><p>UHPLC Preparativo<\/p><\/td><td width=\"238\"><p>UHPLC Thermo Scientific Dionex Ultimate 3000 (preparativo) equipado con detectores de UV-Vis y RI.<\/p><\/td><td><img loading=\"lazy\" decoding=\"async\" class=\"alignnone size-full wp-image-9751\" src=\"https:\/\/departamento.us.es\/depquiorg\/wp-content\/uploads\/2024\/11\/UHPLC-Preparativo.jpg\" alt=\"\" width=\"156\" height=\"162\" \/><\/td><\/tr><tr><td width=\"141\"><p>UHPLC Fase normal<\/p><\/td><td width=\"238\"><p>UHPLC Thermo Scientific Dionex Ultimate 3000 (fase normal) equipado con detectores de UV-Vis y RI.<\/p><\/td><td><img loading=\"lazy\" decoding=\"async\" class=\"alignnone size-full wp-image-9749\" src=\"https:\/\/departamento.us.es\/depquiorg\/wp-content\/uploads\/2024\/11\/UHPLC-Fase-normal.jpg\" alt=\"\" width=\"156\" height=\"162\" \/><\/td><\/tr><tr><td width=\"141\"><p>UHPLC-SFC<\/p><\/td><td width=\"238\"><p>UHPLC Waters Acquity UPC<sup>2<\/sup> equipado con detectores UV-Vis y qDa.<\/p><\/td><td><img loading=\"lazy\" decoding=\"async\" class=\"alignnone size-full wp-image-9752\" src=\"https:\/\/departamento.us.es\/depquiorg\/wp-content\/uploads\/2024\/11\/UHPLC-SFC.jpg\" alt=\"\" width=\"156\" height=\"162\" \/><\/td><\/tr><\/tbody><\/table>\t\t\t\t\t\t\t\t<\/div>\n\t\t\t\t<\/div>\n\t\t\t\t\t<\/div>\n\t\t\t\t<\/div>\n\t\t\t\t<\/div>\n\t\t","protected":false},"excerpt":{"rendered":"<p>El departamento de Qu\u00edmica Org\u00e1nica dispone del siguiente equipamiento. Acceso a reserva s\u00f3lo usuarios del Departamento. Usuarios externos contactar con el responsable del equipo. Responsable: Miguel \u00c1ngel Rodr\u00edguez Carvajal. Contacto: rcarvajal@us.es Acceso reserva Nombre Caracter\u00edsticas Imagen CG-MS Antiguo Cromat\u00f3grafo de gases Agilent 7890A de doble canal equipado con detector FID y MS (Agilent 5975C). GC-MS [&hellip;]<\/p>\n","protected":false},"author":13,"featured_media":0,"parent":5779,"menu_order":0,"comment_status":"closed","ping_status":"closed","template":"","meta":{"_acf_changed":false,"footnotes":""},"class_list":["post-9740","page","type-page","status-publish","hentry"],"acf":[],"yoast_head":"<!-- This site is optimized with the Yoast SEO plugin v26.3 - https:\/\/yoast.com\/wordpress\/plugins\/seo\/ -->\n<title>Equipamiento - Departamento de Qu\u00edmica Org\u00e1nica<\/title>\n<meta name=\"robots\" content=\"index, follow, max-snippet:-1, max-image-preview:large, max-video-preview:-1\" \/>\n<link rel=\"canonical\" href=\"https:\/\/departamento.us.es\/depquiorg\/investigacion\/equipamiento\/\" \/>\n<meta property=\"og:locale\" content=\"es_ES\" \/>\n<meta property=\"og:type\" content=\"article\" \/>\n<meta property=\"og:title\" content=\"Equipamiento - Departamento de Qu\u00edmica Org\u00e1nica\" \/>\n<meta property=\"og:description\" content=\"El departamento de Qu\u00edmica Org\u00e1nica dispone del siguiente equipamiento. Acceso a reserva s\u00f3lo usuarios del Departamento. Usuarios externos contactar con el responsable del equipo. Responsable: Miguel \u00c1ngel Rodr\u00edguez Carvajal. Contacto: rcarvajal@us.es Acceso reserva Nombre Caracter\u00edsticas Imagen CG-MS Antiguo Cromat\u00f3grafo de gases Agilent 7890A de doble canal equipado con detector FID y MS (Agilent 5975C). GC-MS [&hellip;]\" \/>\n<meta property=\"og:url\" content=\"https:\/\/departamento.us.es\/depquiorg\/investigacion\/equipamiento\/\" \/>\n<meta property=\"og:site_name\" content=\"Departamento de Qu\u00edmica Org\u00e1nica\" \/>\n<meta property=\"article:modified_time\" content=\"2024-11-06T13:43:38+00:00\" \/>\n<meta property=\"og:image\" content=\"https:\/\/departamento.us.es\/depquiorg\/wp-content\/uploads\/2024\/11\/CG-MS-Antiguo.jpg\" \/>\n<meta name=\"twitter:card\" content=\"summary_large_image\" \/>\n<meta name=\"twitter:label1\" content=\"Tiempo de lectura\" \/>\n\t<meta name=\"twitter:data1\" content=\"3 minutos\" \/>\n<script type=\"application\/ld+json\" class=\"yoast-schema-graph\">{\"@context\":\"https:\/\/schema.org\",\"@graph\":[{\"@type\":\"WebPage\",\"@id\":\"https:\/\/departamento.us.es\/depquiorg\/investigacion\/equipamiento\/\",\"url\":\"https:\/\/departamento.us.es\/depquiorg\/investigacion\/equipamiento\/\",\"name\":\"Equipamiento - Departamento de Qu\u00edmica Org\u00e1nica\",\"isPartOf\":{\"@id\":\"https:\/\/departamento.us.es\/depquiorg\/#website\"},\"primaryImageOfPage\":{\"@id\":\"https:\/\/departamento.us.es\/depquiorg\/investigacion\/equipamiento\/#primaryimage\"},\"image\":{\"@id\":\"https:\/\/departamento.us.es\/depquiorg\/investigacion\/equipamiento\/#primaryimage\"},\"thumbnailUrl\":\"https:\/\/departamento.us.es\/depquiorg\/wp-content\/uploads\/2024\/11\/CG-MS-Antiguo.jpg\",\"datePublished\":\"2024-11-06T12:18:12+00:00\",\"dateModified\":\"2024-11-06T13:43:38+00:00\",\"breadcrumb\":{\"@id\":\"https:\/\/departamento.us.es\/depquiorg\/investigacion\/equipamiento\/#breadcrumb\"},\"inLanguage\":\"es\",\"potentialAction\":[{\"@type\":\"ReadAction\",\"target\":[\"https:\/\/departamento.us.es\/depquiorg\/investigacion\/equipamiento\/\"]}]},{\"@type\":\"ImageObject\",\"inLanguage\":\"es\",\"@id\":\"https:\/\/departamento.us.es\/depquiorg\/investigacion\/equipamiento\/#primaryimage\",\"url\":\"https:\/\/departamento.us.es\/depquiorg\/wp-content\/uploads\/2024\/11\/CG-MS-Antiguo.jpg\",\"contentUrl\":\"https:\/\/departamento.us.es\/depquiorg\/wp-content\/uploads\/2024\/11\/CG-MS-Antiguo.jpg\",\"width\":158,\"height\":147},{\"@type\":\"BreadcrumbList\",\"@id\":\"https:\/\/departamento.us.es\/depquiorg\/investigacion\/equipamiento\/#breadcrumb\",\"itemListElement\":[{\"@type\":\"ListItem\",\"position\":1,\"name\":\"Investigaci\u00f3n\",\"item\":\"https:\/\/departamento.us.es\/depquiorg\/investigacion\/\"},{\"@type\":\"ListItem\",\"position\":2,\"name\":\"Equipamiento\"}]},{\"@type\":\"WebSite\",\"@id\":\"https:\/\/departamento.us.es\/depquiorg\/#website\",\"url\":\"https:\/\/departamento.us.es\/depquiorg\/\",\"name\":\"Departamento de Qu\u00edmica Org\u00e1nica\",\"description\":\"Universidad de Sevilla\",\"publisher\":{\"@id\":\"https:\/\/departamento.us.es\/depquiorg\/#organization\"},\"potentialAction\":[{\"@type\":\"SearchAction\",\"target\":{\"@type\":\"EntryPoint\",\"urlTemplate\":\"https:\/\/departamento.us.es\/depquiorg\/?s={search_term_string}\"},\"query-input\":{\"@type\":\"PropertyValueSpecification\",\"valueRequired\":true,\"valueName\":\"search_term_string\"}}],\"inLanguage\":\"es\"},{\"@type\":\"Organization\",\"@id\":\"https:\/\/departamento.us.es\/depquiorg\/#organization\",\"name\":\"Departamento de Qu\u00edmica Org\u00e1nica\",\"url\":\"https:\/\/departamento.us.es\/depquiorg\/\",\"logo\":{\"@type\":\"ImageObject\",\"inLanguage\":\"es\",\"@id\":\"https:\/\/departamento.us.es\/depquiorg\/#\/schema\/logo\/image\/\",\"url\":\"https:\/\/departamento.us.es\/depquiorg\/wp-content\/uploads\/2024\/07\/bannerQO.png\",\"contentUrl\":\"https:\/\/departamento.us.es\/depquiorg\/wp-content\/uploads\/2024\/07\/bannerQO.png\",\"width\":1373,\"height\":260,\"caption\":\"Departamento de Qu\u00edmica Org\u00e1nica\"},\"image\":{\"@id\":\"https:\/\/departamento.us.es\/depquiorg\/#\/schema\/logo\/image\/\"}}]}<\/script>\n<!-- \/ Yoast SEO plugin. -->","yoast_head_json":{"title":"Equipamiento - Departamento de Qu\u00edmica Org\u00e1nica","robots":{"index":"index","follow":"follow","max-snippet":"max-snippet:-1","max-image-preview":"max-image-preview:large","max-video-preview":"max-video-preview:-1"},"canonical":"https:\/\/departamento.us.es\/depquiorg\/investigacion\/equipamiento\/","og_locale":"es_ES","og_type":"article","og_title":"Equipamiento - Departamento de Qu\u00edmica Org\u00e1nica","og_description":"El departamento de Qu\u00edmica Org\u00e1nica dispone del siguiente equipamiento. Acceso a reserva s\u00f3lo usuarios del Departamento. Usuarios externos contactar con el responsable del equipo. Responsable: Miguel \u00c1ngel Rodr\u00edguez Carvajal. Contacto: rcarvajal@us.es Acceso reserva Nombre Caracter\u00edsticas Imagen CG-MS Antiguo Cromat\u00f3grafo de gases Agilent 7890A de doble canal equipado con detector FID y MS (Agilent 5975C). GC-MS [&hellip;]","og_url":"https:\/\/departamento.us.es\/depquiorg\/investigacion\/equipamiento\/","og_site_name":"Departamento de Qu\u00edmica Org\u00e1nica","article_modified_time":"2024-11-06T13:43:38+00:00","og_image":[{"url":"https:\/\/departamento.us.es\/depquiorg\/wp-content\/uploads\/2024\/11\/CG-MS-Antiguo.jpg","type":"","width":"","height":""}],"twitter_card":"summary_large_image","twitter_misc":{"Tiempo de lectura":"3 minutos"},"schema":{"@context":"https:\/\/schema.org","@graph":[{"@type":"WebPage","@id":"https:\/\/departamento.us.es\/depquiorg\/investigacion\/equipamiento\/","url":"https:\/\/departamento.us.es\/depquiorg\/investigacion\/equipamiento\/","name":"Equipamiento - Departamento de Qu\u00edmica Org\u00e1nica","isPartOf":{"@id":"https:\/\/departamento.us.es\/depquiorg\/#website"},"primaryImageOfPage":{"@id":"https:\/\/departamento.us.es\/depquiorg\/investigacion\/equipamiento\/#primaryimage"},"image":{"@id":"https:\/\/departamento.us.es\/depquiorg\/investigacion\/equipamiento\/#primaryimage"},"thumbnailUrl":"https:\/\/departamento.us.es\/depquiorg\/wp-content\/uploads\/2024\/11\/CG-MS-Antiguo.jpg","datePublished":"2024-11-06T12:18:12+00:00","dateModified":"2024-11-06T13:43:38+00:00","breadcrumb":{"@id":"https:\/\/departamento.us.es\/depquiorg\/investigacion\/equipamiento\/#breadcrumb"},"inLanguage":"es","potentialAction":[{"@type":"ReadAction","target":["https:\/\/departamento.us.es\/depquiorg\/investigacion\/equipamiento\/"]}]},{"@type":"ImageObject","inLanguage":"es","@id":"https:\/\/departamento.us.es\/depquiorg\/investigacion\/equipamiento\/#primaryimage","url":"https:\/\/departamento.us.es\/depquiorg\/wp-content\/uploads\/2024\/11\/CG-MS-Antiguo.jpg","contentUrl":"https:\/\/departamento.us.es\/depquiorg\/wp-content\/uploads\/2024\/11\/CG-MS-Antiguo.jpg","width":158,"height":147},{"@type":"BreadcrumbList","@id":"https:\/\/departamento.us.es\/depquiorg\/investigacion\/equipamiento\/#breadcrumb","itemListElement":[{"@type":"ListItem","position":1,"name":"Investigaci\u00f3n","item":"https:\/\/departamento.us.es\/depquiorg\/investigacion\/"},{"@type":"ListItem","position":2,"name":"Equipamiento"}]},{"@type":"WebSite","@id":"https:\/\/departamento.us.es\/depquiorg\/#website","url":"https:\/\/departamento.us.es\/depquiorg\/","name":"Departamento de Qu\u00edmica Org\u00e1nica","description":"Universidad de Sevilla","publisher":{"@id":"https:\/\/departamento.us.es\/depquiorg\/#organization"},"potentialAction":[{"@type":"SearchAction","target":{"@type":"EntryPoint","urlTemplate":"https:\/\/departamento.us.es\/depquiorg\/?s={search_term_string}"},"query-input":{"@type":"PropertyValueSpecification","valueRequired":true,"valueName":"search_term_string"}}],"inLanguage":"es"},{"@type":"Organization","@id":"https:\/\/departamento.us.es\/depquiorg\/#organization","name":"Departamento de Qu\u00edmica Org\u00e1nica","url":"https:\/\/departamento.us.es\/depquiorg\/","logo":{"@type":"ImageObject","inLanguage":"es","@id":"https:\/\/departamento.us.es\/depquiorg\/#\/schema\/logo\/image\/","url":"https:\/\/departamento.us.es\/depquiorg\/wp-content\/uploads\/2024\/07\/bannerQO.png","contentUrl":"https:\/\/departamento.us.es\/depquiorg\/wp-content\/uploads\/2024\/07\/bannerQO.png","width":1373,"height":260,"caption":"Departamento de Qu\u00edmica Org\u00e1nica"},"image":{"@id":"https:\/\/departamento.us.es\/depquiorg\/#\/schema\/logo\/image\/"}}]}},"_links":{"self":[{"href":"https:\/\/departamento.us.es\/depquiorg\/wp-json\/wp\/v2\/pages\/9740","targetHints":{"allow":["GET"]}}],"collection":[{"href":"https:\/\/departamento.us.es\/depquiorg\/wp-json\/wp\/v2\/pages"}],"about":[{"href":"https:\/\/departamento.us.es\/depquiorg\/wp-json\/wp\/v2\/types\/page"}],"author":[{"embeddable":true,"href":"https:\/\/departamento.us.es\/depquiorg\/wp-json\/wp\/v2\/users\/13"}],"replies":[{"embeddable":true,"href":"https:\/\/departamento.us.es\/depquiorg\/wp-json\/wp\/v2\/comments?post=9740"}],"version-history":[{"count":0,"href":"https:\/\/departamento.us.es\/depquiorg\/wp-json\/wp\/v2\/pages\/9740\/revisions"}],"up":[{"embeddable":true,"href":"https:\/\/departamento.us.es\/depquiorg\/wp-json\/wp\/v2\/pages\/5779"}],"wp:attachment":[{"href":"https:\/\/departamento.us.es\/depquiorg\/wp-json\/wp\/v2\/media?parent=9740"}],"curies":[{"name":"wp","href":"https:\/\/api.w.org\/{rel}","templated":true}]}}