{"id":2886,"date":"2025-04-30T10:41:26","date_gmt":"2025-04-30T10:41:26","guid":{"rendered":"https:\/\/departamento.us.es\/newderechomercantil\/?page_id=2886"},"modified":"2025-05-02T10:44:58","modified_gmt":"2025-05-02T10:44:58","slug":"profesorado-del-departamento","status":"publish","type":"page","link":"https:\/\/departamento.us.es\/derechomercantil\/profesorado-del-departamento\/","title":{"rendered":"Profesorado del Departamento"},"content":{"rendered":"\t\t<div data-elementor-type=\"wp-page\" data-elementor-id=\"2886\" class=\"elementor elementor-2886\" data-elementor-post-type=\"page\">\n\t\t\t\t<div class=\"elementor-element elementor-element-6a2d287 e-flex e-con-boxed e-con e-parent\" data-id=\"6a2d287\" data-element_type=\"container\" data-e-type=\"container\">\n\t\t\t\t\t<div class=\"e-con-inner\">\n\t\t\t\t<div class=\"elementor-element elementor-element-491de8e elementor-widget elementor-widget-shortcode\" data-id=\"491de8e\" data-element_type=\"widget\" data-e-type=\"widget\" data-widget_type=\"shortcode.default\">\n\t\t\t\t<div class=\"elementor-widget-container\">\n\t\t\t\t\t\t\t<div class=\"elementor-shortcode\">\n<table id=\"tablepress-1\" class=\"tablepress tablepress-id-1\">\n<thead>\n<tr class=\"row-1\">\n\t<th class=\"column-1\">Nombre<\/th><th class=\"column-2\">Categor\u00ed\u00ada<\/th><th class=\"column-3\">Email<\/th><th class=\"column-4\">Web<\/th>\n<\/tr>\n<\/thead>\n<tbody class=\"row-striping row-hover\">\n<tr class=\"row-2\">\n\t<td class=\"column-1\">Astorga Morano, Ricardo<\/td><td class=\"column-2\">Profesor Asociado<\/td><td class=\"column-3\">astorga@us.es<\/td><td class=\"column-4\"><\/td>\n<\/tr>\n<tr class=\"row-3\">\n\t<td class=\"column-1\">Baena Baena, Pedro Jes\u00fas<\/td><td class=\"column-2\">Catedr\u00e1tico de Universidad<\/td><td class=\"column-3\">pbaena@us.es<\/td><td class=\"column-4\"><\/td>\n<\/tr>\n<tr class=\"row-4\">\n\t<td class=\"column-1\">Barrero Rodr\u00edguez, Enrique<\/td><td class=\"column-2\">Profesor Titular de Universidad<\/td><td class=\"column-3\">ebarrero@us.es<\/td><td class=\"column-4\"><a href=\"https:\/\/personal.us.es\/ebarrero\">https:\/\/personal.us.es\/ebarrero<\/a><\/td>\n<\/tr>\n<tr class=\"row-5\">\n\t<td class=\"column-1\">Bellido Mengual, Manual<\/td><td class=\"column-2\">Profesor Asociado<\/td><td class=\"column-3\">mbellido1@us.es<\/td><td class=\"column-4\"><\/td>\n<\/tr>\n<tr class=\"row-6\">\n\t<td class=\"column-1\">Brenes Cort\u00e9s, Josefa<\/td><td class=\"column-2\">Catedr\u00e1tica de Universidad<\/td><td class=\"column-3\">pbcortes@us.es<\/td><td class=\"column-4\"><\/td>\n<\/tr>\n<tr class=\"row-7\">\n\t<td class=\"column-1\">Casa Garc\u00eda, Rafael La<\/td><td class=\"column-2\">Catedr\u00e1tico de Universidad<\/td><td class=\"column-3\">rlacasa@us.es<\/td><td class=\"column-4\"><\/td>\n<\/tr>\n<tr class=\"row-8\">\n\t<td class=\"column-1\">Cifredo Ort\u00edz, Patricia<\/td><td class=\"column-2\">Profesora Ayudante Doctor<\/td><td class=\"column-3\">pcifredo@us.es<\/td><td class=\"column-4\"><\/td>\n<\/tr>\n<tr class=\"row-9\">\n\t<td class=\"column-1\">Cruz Rivero, Diego Juan<\/td><td class=\"column-2\">Catedr\u00e1tico de Universidad<\/td><td class=\"column-3\">dcr@us.es<\/td><td class=\"column-4\"><\/td>\n<\/tr>\n<tr class=\"row-10\">\n\t<td class=\"column-1\">Cu\u00e9llar Portero, Adolfo<\/td><td class=\"column-2\">Profesor Asociado<\/td><td class=\"column-3\">acuellar@us.es<\/td><td class=\"column-4\"><\/td>\n<\/tr>\n<tr class=\"row-11\">\n\t<td class=\"column-1\">D\u00edaz Moreno, Alberto<\/td><td class=\"column-2\">Catedr\u00e1tico de Universidad<\/td><td class=\"column-3\">adiaz@us.es<\/td><td class=\"column-4\"><\/td>\n<\/tr>\n<tr class=\"row-12\">\n\t<td class=\"column-1\">Garc\u00eda-Quilez G\u00e1mez, Jos\u00e9 Manuel<\/td><td class=\"column-2\">Profesor Asociado<\/td><td class=\"column-3\">jgarciaquiles@us.es<\/td><td class=\"column-4\"><\/td>\n<\/tr>\n<tr class=\"row-13\">\n\t<td class=\"column-1\">Hern\u00e1ndez L\u00f3pez, \u00d3scar Juan<\/td><td class=\"column-2\">Profesor Sustituto Interino<\/td><td class=\"column-3\">ohernandez@us.es<\/td><td class=\"column-4\"><\/td>\n<\/tr>\n<tr class=\"row-14\">\n\t<td class=\"column-1\">L\u00f3pez de la Torre, Mar\u00eda Inmaculada<\/td><td class=\"column-2\">Profesora Colaboradora<\/td><td class=\"column-3\">ildelatorre@us.es<\/td><td class=\"column-4\"><\/td>\n<\/tr>\n<tr class=\"row-15\">\n\t<td class=\"column-1\">L\u00f3pez Ortega, Raquel<\/td><td class=\"column-2\">Profesora Titular de Universidad<\/td><td class=\"column-3\">rlopezortega@us.es<\/td><td class=\"column-4\"><\/td>\n<\/tr>\n<tr class=\"row-16\">\n\t<td class=\"column-1\">L\u00f3pez Santana, Mar\u00eda de las Nieves<\/td><td class=\"column-2\">Profesora Titular de Universidad<\/td><td class=\"column-3\">lopezsantana@us.es<\/td><td class=\"column-4\"><\/td>\n<\/tr>\n<tr class=\"row-17\">\n\t<td class=\"column-1\">Lorenzo Camacho, Mar\u00eda Salom\u00e9<\/td><td class=\"column-2\">Profesora Permanente Laboral<\/td><td class=\"column-3\">mslorenzo@us.es<\/td><td class=\"column-4\"><\/td>\n<\/tr>\n<tr class=\"row-18\">\n\t<td class=\"column-1\">Mart\u00ednez-Gij\u00f3n Machuca, Pablo<\/td><td class=\"column-2\">Catedr\u00e1tico de Universidad<\/td><td class=\"column-3\">pmmachuca@us.es<\/td><td class=\"column-4\"><\/td>\n<\/tr>\n<tr class=\"row-19\">\n\t<td class=\"column-1\">Moreno Carrasco, Vicente<\/td><td class=\"column-2\">Profesor Asociado<\/td><td class=\"column-3\">vmcarrasco@us.es<\/td><td class=\"column-4\"><\/td>\n<\/tr>\n<tr class=\"row-20\">\n\t<td class=\"column-1\">Moreno Buend\u00eda, Francisco Jes\u00fas<\/td><td class=\"column-2\">Profesor Ayudante Doctor<\/td><td class=\"column-3\"><a href=\"mailto:fjesusmoreno@us.es\">fjesusmoreno@us.es<\/a><\/td><td class=\"column-4\"><\/td>\n<\/tr>\n<tr class=\"row-21\">\n\t<td class=\"column-1\">Mu\u00f1oz Cadenas, Manuel Antonio<\/td><td class=\"column-2\">Profesor Asociado<\/td><td class=\"column-3\">mmcadenas@us.es<\/td><td class=\"column-4\"><\/td>\n<\/tr>\n<tr class=\"row-22\">\n\t<td class=\"column-1\">Pacheco Ca\u00f1ete, Matilde<\/td><td class=\"column-2\">Profesora Titular de Universidad<\/td><td class=\"column-3\">mpca@us.es<\/td><td class=\"column-4\"><\/td>\n<\/tr>\n<tr class=\"row-23\">\n\t<td class=\"column-1\">Pi\u00f1eyro Pueyo, Juan<\/td><td class=\"column-2\">Profesor Asociado<\/td><td class=\"column-3\">jupp@us.es<\/td><td class=\"column-4\"><\/td>\n<\/tr>\n<tr class=\"row-24\">\n\t<td class=\"column-1\">Porfirio Carpio, Leopoldo<\/td><td class=\"column-2\">Catedr\u00e1tico de Universidad<\/td><td class=\"column-3\">porfirio@us.es<\/td><td class=\"column-4\"><\/td>\n<\/tr>\n<tr class=\"row-25\">\n\t<td class=\"column-1\">Rodr\u00edguez de Qui\u00f1ones y de Torres, Alfonso<\/td><td class=\"column-2\">Catedr\u00e1tico de Universidad<\/td><td class=\"column-3\">detorres@us.es<\/td><td class=\"column-4\"><\/td>\n<\/tr>\n<tr class=\"row-26\">\n\t<td class=\"column-1\">Romero Fern\u00e1ndez, Jes\u00fas Antonio<\/td><td class=\"column-2\">Catedr\u00e1tico de Universidad<\/td><td class=\"column-3\">jarf@us.es<\/td><td class=\"column-4\"><\/td>\n<\/tr>\n<tr class=\"row-27\">\n\t<td class=\"column-1\">Romero Mart\u00ednez-Ca\u00f1avate, Javier<\/td><td class=\"column-2\">Profesor Asociado<\/td><td class=\"column-3\">jromero1@us.es<\/td><td class=\"column-4\"><\/td>\n<\/tr>\n<tr class=\"row-28\">\n\t<td class=\"column-1\">S\u00e1ez \u00c1lvarez, Paula<\/td><td class=\"column-2\">Profesora Sustituta Interina<\/td><td class=\"column-3\"><a href=\"mailto:psaez1@us.es\">psaez1@us.es<\/a><\/td><td class=\"column-4\"><\/td>\n<\/tr>\n<tr class=\"row-29\">\n\t<td class=\"column-1\">S\u00e1nchez-Ramade Carrascosa, Eduardo<\/td><td class=\"column-2\">Profesor Asociado<\/td><td class=\"column-3\">esanchezramade@us.es<\/td><td class=\"column-4\"><\/td>\n<\/tr>\n<tr class=\"row-30\">\n\t<td class=\"column-1\">Salvador Canuto, Marta<\/td><td class=\"column-2\">Profesora Sustituta Interina<\/td><td class=\"column-3\">msalvador1@us.es<\/td><td class=\"column-4\"><\/td>\n<\/tr>\n<tr class=\"row-31\">\n\t<td class=\"column-1\">V\u00e1zquez Cueto, Jos\u00e9 Carlos<\/td><td class=\"column-2\">Catedr\u00e1tico de Universidad<\/td><td class=\"column-3\">vcueto@us.es<\/td><td class=\"column-4\"><\/td>\n<\/tr>\n<tr class=\"row-32\">\n\t<td class=\"column-1\">Vecino Ejarque, Carlos Dar\u00edo<\/td><td class=\"column-2\">Profesor Sustituto Interino<\/td><td class=\"column-3\">cvecino@us.es<\/td><td class=\"column-4\"><\/td>\n<\/tr>\n<tr class=\"row-33\">\n\t<td class=\"column-1\">Viguera Revuelta, Rodrigo<\/td><td class=\"column-2\">Profesor Titular de Universidad<\/td><td class=\"column-3\">rviguera@us.es<\/td><td class=\"column-4\"><\/td>\n<\/tr>\n<\/tbody>\n<\/table>\n<!-- #tablepress-1 from cache --><\/div>\n\t\t\t\t\t\t<\/div>\n\t\t\t\t<\/div>\n\t\t\t\t\t<\/div>\n\t\t\t\t<\/div>\n\t\t\t\t<\/div>\n\t\t","protected":false},"excerpt":{"rendered":"","protected":false},"author":1,"featured_media":0,"parent":0,"menu_order":0,"comment_status":"closed","ping_status":"closed","template":"","meta":{"footnotes":""},"class_list":["post-2886","page","type-page","status-publish","hentry"],"yoast_head":"<!-- This site is optimized with the Yoast SEO plugin v27.3 - https:\/\/yoast.com\/product\/yoast-seo-wordpress\/ -->\n<title>Profesorado del Departamento - Derecho Mercantil<\/title>\n<meta name=\"robots\" content=\"index, follow, max-snippet:-1, max-image-preview:large, max-video-preview:-1\" \/>\n<link rel=\"canonical\" href=\"https:\/\/departamento.us.es\/newderechomercantil\/profesorado-del-departamento\/\" \/>\n<meta property=\"og:locale\" content=\"es_ES\" \/>\n<meta property=\"og:type\" content=\"article\" \/>\n<meta property=\"og:title\" content=\"Profesorado del Departamento - Derecho Mercantil\" \/>\n<meta property=\"og:url\" content=\"https:\/\/departamento.us.es\/newderechomercantil\/profesorado-del-departamento\/\" \/>\n<meta property=\"og:site_name\" content=\"Derecho Mercantil\" \/>\n<meta property=\"article:modified_time\" content=\"2025-05-02T10:44:58+00:00\" \/>\n<meta name=\"twitter:card\" content=\"summary_large_image\" \/>\n<script type=\"application\/ld+json\" class=\"yoast-schema-graph\">{\"@context\":\"https:\\\/\\\/schema.org\",\"@graph\":[{\"@type\":\"WebPage\",\"@id\":\"https:\\\/\\\/departamento.us.es\\\/newderechomercantil\\\/profesorado-del-departamento\\\/\",\"url\":\"https:\\\/\\\/departamento.us.es\\\/newderechomercantil\\\/profesorado-del-departamento\\\/\",\"name\":\"Profesorado del Departamento - Derecho Mercantil\",\"isPartOf\":{\"@id\":\"https:\\\/\\\/departamento.us.es\\\/newderechomercantil\\\/#website\"},\"datePublished\":\"2025-04-30T10:41:26+00:00\",\"dateModified\":\"2025-05-02T10:44:58+00:00\",\"inLanguage\":\"es\",\"potentialAction\":[{\"@type\":\"ReadAction\",\"target\":[\"https:\\\/\\\/departamento.us.es\\\/newderechomercantil\\\/profesorado-del-departamento\\\/\"]}]},{\"@type\":\"WebSite\",\"@id\":\"https:\\\/\\\/departamento.us.es\\\/newderechomercantil\\\/#website\",\"url\":\"https:\\\/\\\/departamento.us.es\\\/newderechomercantil\\\/\",\"name\":\"Derecho Mercantil\",\"description\":\"Facultad de Derecho - Universidad de Sevilla\",\"publisher\":{\"@id\":\"https:\\\/\\\/departamento.us.es\\\/newderechomercantil\\\/#organization\"},\"potentialAction\":[{\"@type\":\"SearchAction\",\"target\":{\"@type\":\"EntryPoint\",\"urlTemplate\":\"https:\\\/\\\/departamento.us.es\\\/newderechomercantil\\\/?s={search_term_string}\"},\"query-input\":{\"@type\":\"PropertyValueSpecification\",\"valueRequired\":true,\"valueName\":\"search_term_string\"}}],\"inLanguage\":\"es\"},{\"@type\":\"Organization\",\"@id\":\"https:\\\/\\\/departamento.us.es\\\/newderechomercantil\\\/#organization\",\"name\":\"Derecho Mercantil\",\"url\":\"https:\\\/\\\/departamento.us.es\\\/newderechomercantil\\\/\",\"logo\":{\"@type\":\"ImageObject\",\"inLanguage\":\"es\",\"@id\":\"https:\\\/\\\/departamento.us.es\\\/newderechomercantil\\\/#\\\/schema\\\/logo\\\/image\\\/\",\"url\":\"https:\\\/\\\/departamento.us.es\\\/derechomercantil\\\/wp-content\\\/uploads\\\/2022\\\/02\\\/US-marca-Blanco.png\",\"contentUrl\":\"https:\\\/\\\/departamento.us.es\\\/derechomercantil\\\/wp-content\\\/uploads\\\/2022\\\/02\\\/US-marca-Blanco.png\",\"width\":738,\"height\":647,\"caption\":\"Derecho Mercantil\"},\"image\":{\"@id\":\"https:\\\/\\\/departamento.us.es\\\/newderechomercantil\\\/#\\\/schema\\\/logo\\\/image\\\/\"}}]}<\/script>\n<!-- \/ Yoast SEO plugin. -->","yoast_head_json":{"title":"Profesorado del Departamento - Derecho Mercantil","robots":{"index":"index","follow":"follow","max-snippet":"max-snippet:-1","max-image-preview":"max-image-preview:large","max-video-preview":"max-video-preview:-1"},"canonical":"https:\/\/departamento.us.es\/newderechomercantil\/profesorado-del-departamento\/","og_locale":"es_ES","og_type":"article","og_title":"Profesorado del Departamento - Derecho Mercantil","og_url":"https:\/\/departamento.us.es\/newderechomercantil\/profesorado-del-departamento\/","og_site_name":"Derecho Mercantil","article_modified_time":"2025-05-02T10:44:58+00:00","twitter_card":"summary_large_image","schema":{"@context":"https:\/\/schema.org","@graph":[{"@type":"WebPage","@id":"https:\/\/departamento.us.es\/newderechomercantil\/profesorado-del-departamento\/","url":"https:\/\/departamento.us.es\/newderechomercantil\/profesorado-del-departamento\/","name":"Profesorado del Departamento - Derecho Mercantil","isPartOf":{"@id":"https:\/\/departamento.us.es\/newderechomercantil\/#website"},"datePublished":"2025-04-30T10:41:26+00:00","dateModified":"2025-05-02T10:44:58+00:00","inLanguage":"es","potentialAction":[{"@type":"ReadAction","target":["https:\/\/departamento.us.es\/newderechomercantil\/profesorado-del-departamento\/"]}]},{"@type":"WebSite","@id":"https:\/\/departamento.us.es\/newderechomercantil\/#website","url":"https:\/\/departamento.us.es\/newderechomercantil\/","name":"Derecho Mercantil","description":"Facultad de Derecho - Universidad de Sevilla","publisher":{"@id":"https:\/\/departamento.us.es\/newderechomercantil\/#organization"},"potentialAction":[{"@type":"SearchAction","target":{"@type":"EntryPoint","urlTemplate":"https:\/\/departamento.us.es\/newderechomercantil\/?s={search_term_string}"},"query-input":{"@type":"PropertyValueSpecification","valueRequired":true,"valueName":"search_term_string"}}],"inLanguage":"es"},{"@type":"Organization","@id":"https:\/\/departamento.us.es\/newderechomercantil\/#organization","name":"Derecho Mercantil","url":"https:\/\/departamento.us.es\/newderechomercantil\/","logo":{"@type":"ImageObject","inLanguage":"es","@id":"https:\/\/departamento.us.es\/newderechomercantil\/#\/schema\/logo\/image\/","url":"https:\/\/departamento.us.es\/derechomercantil\/wp-content\/uploads\/2022\/02\/US-marca-Blanco.png","contentUrl":"https:\/\/departamento.us.es\/derechomercantil\/wp-content\/uploads\/2022\/02\/US-marca-Blanco.png","width":738,"height":647,"caption":"Derecho Mercantil"},"image":{"@id":"https:\/\/departamento.us.es\/newderechomercantil\/#\/schema\/logo\/image\/"}}]}},"_links":{"self":[{"href":"https:\/\/departamento.us.es\/derechomercantil\/wp-json\/wp\/v2\/pages\/2886","targetHints":{"allow":["GET"]}}],"collection":[{"href":"https:\/\/departamento.us.es\/derechomercantil\/wp-json\/wp\/v2\/pages"}],"about":[{"href":"https:\/\/departamento.us.es\/derechomercantil\/wp-json\/wp\/v2\/types\/page"}],"author":[{"embeddable":true,"href":"https:\/\/departamento.us.es\/derechomercantil\/wp-json\/wp\/v2\/users\/1"}],"replies":[{"embeddable":true,"href":"https:\/\/departamento.us.es\/derechomercantil\/wp-json\/wp\/v2\/comments?post=2886"}],"version-history":[{"count":0,"href":"https:\/\/departamento.us.es\/derechomercantil\/wp-json\/wp\/v2\/pages\/2886\/revisions"}],"wp:attachment":[{"href":"https:\/\/departamento.us.es\/derechomercantil\/wp-json\/wp\/v2\/media?parent=2886"}],"curies":[{"name":"wp","href":"https:\/\/api.w.org\/{rel}","templated":true}]}}