{"id":2887,"date":"2025-04-30T10:41:37","date_gmt":"2025-04-30T10:41:37","guid":{"rendered":"https:\/\/departamento.us.es\/newderechomercantil\/?page_id=2887"},"modified":"2025-05-02T12:38:31","modified_gmt":"2025-05-02T12:38:31","slug":"tutorias","status":"publish","type":"page","link":"https:\/\/departamento.us.es\/derechomercantil\/tutorias\/","title":{"rendered":"Tutor\u00edas"},"content":{"rendered":"\t\t<div data-elementor-type=\"wp-page\" data-elementor-id=\"2887\" class=\"elementor elementor-2887\" data-elementor-post-type=\"page\">\n\t\t\t\t<div class=\"elementor-element elementor-element-58d0f26 e-flex e-con-boxed e-con e-parent\" data-id=\"58d0f26\" data-element_type=\"container\" data-e-type=\"container\">\n\t\t\t\t\t<div class=\"e-con-inner\">\n\t\t\t\t<div class=\"elementor-element elementor-element-a366860 elementor-widget elementor-widget-shortcode\" data-id=\"a366860\" data-element_type=\"widget\" data-e-type=\"widget\" data-widget_type=\"shortcode.default\">\n\t\t\t\t<div class=\"elementor-widget-container\">\n\t\t\t\t\t\t\t<div class=\"elementor-shortcode\">\n<table id=\"tablepress-6\" class=\"tablepress tablepress-id-6\">\n<thead>\n<tr class=\"row-1\">\n\t<th class=\"column-1\">PROFESOR<\/th><th class=\"column-2\">HORARIO DE TUTOR\u00cdAS<\/th><th class=\"column-3\">LOCALIZACI\u00d3N<\/th>\n<\/tr>\n<\/thead>\n<tbody class=\"row-striping row-hover\">\n<tr class=\"row-2\">\n\t<td class=\"column-1\">ASTORGA MORANO, RICARDO<\/td><td class=\"column-2\">Lunes de 20 a 21 horas.<br \/>\n<br \/>\nMartes de 20 a 21 horas.<\/td><td class=\"column-3\">Edificio Despachos, planta semis\u00f3tano. Facultad de Derecho<\/td>\n<\/tr>\n<tr class=\"row-3\">\n\t<td class=\"column-1\">BAENA BAENA, PEDRO JES\u00daS<\/td><td class=\"column-2\">Lunes y martes de 12:30 a 13:30 horas<\/td><td class=\"column-3\">Edificio Despachos, Planta baja, Facultad de Derecho<\/td>\n<\/tr>\n<tr class=\"row-4\">\n\t<td class=\"column-1\">BARRERO RODR\u00cdGUEZ, ENRIQUE<\/td><td class=\"column-2\">Lunes, martes y mi\u00e9rcoles de 17:00 a 18:00 horas<\/td><td class=\"column-3\">Edificio Despachos, Planta baja, Facultad de Derecho<\/td>\n<\/tr>\n<tr class=\"row-5\">\n\t<td class=\"column-1\">BELLIDO MENGUAL, MANUEL<\/td><td class=\"column-2\">Tutor\u00eda los lunes de 17 a 18 horas en mi despacho ( semis\u00f3tano, primer pasillo a la derecha, primer despacho a la izquierda) previa solicitud, con la debida antelaci\u00f3n, de cita al correo\u00a0mbellido1@us.es<\/td><td class=\"column-3\">Edificio Despachos, Planta semis\u00f3tano. Facultad de Derecho<\/td>\n<\/tr>\n<tr class=\"row-6\">\n\t<td class=\"column-1\">BRENES CORT\u00c9S, JOSEFA<\/td><td class=\"column-2\">Lunes y mi\u00e9rcoles de 8.30 a 9.30 horas.<\/td><td class=\"column-3\">Edificio Despachos, Planta baja, Facultad de Derecho<\/td>\n<\/tr>\n<tr class=\"row-7\">\n\t<td class=\"column-1\">CIFREDO ORTIZ, PATRICIA<\/td><td class=\"column-2\">Lunes de 19:00  a 20:00 horas. Jueves de 17:00 a 18:00 horas.<\/td><td class=\"column-3\">Edificio Despachos. Planta semis\u00f3tano. Facultad de Derecho<\/td>\n<\/tr>\n<tr class=\"row-8\">\n\t<td class=\"column-1\">CRUZ RIVERO, DIEGO JUAN<\/td><td class=\"column-2\">Martes y jueves de 13.30 a 14.30. Fuera de ese horario se atender\u00e1 a trav\u00e9s del correo electr\u00f3nico (dcr@us.es)<\/td><td class=\"column-3\">Edificio Despachos, Planta baja, Facultad de Derecho<\/td>\n<\/tr>\n<tr class=\"row-9\">\n\t<td class=\"column-1\">CU\u00c9LLAR PORTERO, ADOLFO<\/td><td class=\"column-2\">Lunes y martes de 16:00 a 17:00 horas.<\/td><td class=\"column-3\">Edificio Despachos, planta semis\u00f3tano. Facultad de Derecho<\/td>\n<\/tr>\n<tr class=\"row-10\">\n\t<td class=\"column-1\">D\u00cdAZ MORENO, ALBERTO<\/td><td class=\"column-2\">Lunes y martes a las 12:30 horas.<\/td><td class=\"column-3\">Edificio Despachos, planta baja. Facultad de Derecho<\/td>\n<\/tr>\n<tr class=\"row-11\">\n\t<td class=\"column-1\">GARC\u00cdA-QUILEZ G\u00d3MEZ, JOS\u00c9 MANUEL<\/td><td class=\"column-2\">Mi\u00e9rcoles a las 12:30 horas.<\/td><td class=\"column-3\">Edificio Despachos, planta semis\u00f3tano. Facultad de Derecho<\/td>\n<\/tr>\n<tr class=\"row-12\">\n\t<td class=\"column-1\">HERN\u00c1NDEZ L\u00d3PEZ, \u00d3SCAR JUAN<\/td><td class=\"column-2\">Lunes y Martes de 11:30 a 12:30 horas.<br \/>\nJueves de 12:30 a 14:30 horas.<\/td><td class=\"column-3\">Edificio Despachos, tercera planta. Facultad de Derecho<\/td>\n<\/tr>\n<tr class=\"row-13\">\n\t<td class=\"column-1\">LA CASA GARC\u00cdA, RAFAEL<\/td><td class=\"column-2\">Lunes y martes de 9:30 a 10:30 horas.<\/td><td class=\"column-3\">Edificio Despachos, planta baja. Facultad de Derecho<\/td>\n<\/tr>\n<tr class=\"row-14\">\n\t<td class=\"column-1\">L\u00d3PEZ DE LA TORRE, MAR\u00cdA INMACULADA<\/td><td class=\"column-2\">Primer cuatrimestre: Lunes y mi\u00e9rcoles, de 15 a 16 horas.<br \/>\nSegundo cuatrimestre: Martes y viernes, de 13:30 a 14:30 horas,<\/td><td class=\"column-3\">Edificio Despachos, planta baja. Facultad de Derecho<\/td>\n<\/tr>\n<tr class=\"row-15\">\n\t<td class=\"column-1\">L\u00d3PEZ ORTEGA, RAQUEL<\/td><td class=\"column-2\">Lunes y jueves de 8:30 a 10:00 horas.<\/td><td class=\"column-3\">Fac. CCEEyEE. 4\u00ba planta<\/td>\n<\/tr>\n<tr class=\"row-16\">\n\t<td class=\"column-1\">L\u00d3PEZ SANTANA, NIEVES<\/td><td class=\"column-2\">Lunes y martes de 11:30 a 12:30 horas.<br \/>\n<\/td><td class=\"column-3\">Edificio Despachos, planta baja. Facultad de Derecho<\/td>\n<\/tr>\n<tr class=\"row-17\">\n\t<td class=\"column-1\">LORENZO CAMACHO, MAR\u00cdA SALOM\u00c9<\/td><td class=\"column-2\"> Martes, de 10:00 a 13:00 horas.<br \/>\nMi\u00e9rcoles, de 15:00 a 18:00 horas.<\/td><td class=\"column-3\">Edificio Despachos, planta baja. Facultad de Derecho.<\/td>\n<\/tr>\n<tr class=\"row-18\">\n\t<td class=\"column-1\">MART\u00cdNEZ-GIJ\u00d3N MACHUCA, PABLO<\/td><td class=\"column-2\">Martes y mi\u00e9rcoles de 11:30 a 12:30 horas<\/td><td class=\"column-3\">Edificio Despachos, planta baja. Facultad de Derecho.<\/td>\n<\/tr>\n<tr class=\"row-19\">\n\t<td class=\"column-1\">MORENO BUEND\u00cdA, FRANCISCO JES\u00daS<\/td><td class=\"column-2\">Martes, de 11:30 a 12:30 y Jueves de 18:00 a 19:00 horas<\/td><td class=\"column-3\">Edificio Despachos, planta semis\u00f3tano. Facultad de Derecho.<\/td>\n<\/tr>\n<tr class=\"row-20\">\n\t<td class=\"column-1\">MORENO CARRASCO VICENTE<\/td><td class=\"column-2\">Martes: de 18:00 a 19:30.<br \/>\n Mi\u00e9rcoles: de 19:00 a 20:00.<\/td><td class=\"column-3\">Fac. CCEEyEE. 4\u00ba planta<\/td>\n<\/tr>\n<tr class=\"row-21\">\n\t<td class=\"column-1\">MU\u00d1OZ CADENAS, MANUEL ANTONIO<\/td><td class=\"column-2\">Mi\u00e9rcoles de 20.00 horas a 21.00 horas previa cita. Fuera de dicho horario, se concertar\u00e1 la cita entre el profesor y el alumno. En ambos casos se dirigir\u00e1 la solicitud a la siguiente direcci\u00f3n de correos:\u00a0mmcadenas@us.<\/td><td class=\"column-3\">Fac. CCEEyEE. 4\u00ba planta<\/td>\n<\/tr>\n<tr class=\"row-22\">\n\t<td class=\"column-1\">PACHECO CA\u00d1ETE, MATILDE<\/td><td class=\"column-2\">Primer cuatrimestre:<br \/>\nLunes: 11:30 a 13:30<br \/>\nMi\u00e9rcoles 11:30 a 13:30<br \/>\nSegundo cuatrimestre:<br \/>\nLunes: 11:30 a 13:30<br \/>\nJueves: 9:30 a 11:30<\/td><td class=\"column-3\">Edificio Despachos, planta baja. Facultad de Derecho<\/td>\n<\/tr>\n<tr class=\"row-23\">\n\t<td class=\"column-1\">PI\u00d1EYRO PUEYO, JUAN<\/td><td class=\"column-2\">Lunes: 20:00 h., segundo cuatrimestre. Jueves: 18:00 h., segundo cuatrimestre. Se ruega, de ser posible, previa cita escribiendo al correo electr\u00f3nico: juan@pygqabogados.es<\/td><td class=\"column-3\">Fac. CCEEyEE. 4\u00ba planta<\/td>\n<\/tr>\n<tr class=\"row-24\">\n\t<td class=\"column-1\">PORFIRIO CARPIO, LEOPOLDO<\/td><td class=\"column-2\">Lunes y martes de 9:30 a 10:30 horas.<\/td><td class=\"column-3\">Edificio Despachos, planta baja. Facultad de Derecho<\/td>\n<\/tr>\n<tr class=\"row-25\">\n\t<td class=\"column-1\">RODR\u00cdGUEZ DE QUI\u00d1ONES Y DE TORRES, ALFONSO<\/td><td class=\"column-2\">Primer cuatrimestre: Martes  y mi\u00e9rcoles, de 10:30  a 11:30  horas.<br \/>\nSegundo cuatrimestre:Mi\u00e9rcoles de 9:30  10: 30 y  mi\u00e9rcoles  de 10:30 a 11:30 horas<\/td><td class=\"column-3\">Edificio Despachos, planta baja. Facultad de Derecho<\/td>\n<\/tr>\n<tr class=\"row-26\">\n\t<td class=\"column-1\">ROMERO FERN\u00c1NDEZ, JES\u00daS<\/td><td class=\"column-2\">Martes y jueves: de 11:30 a 12:30 horas<\/td><td class=\"column-3\">Edificio Despachos, planta baja. Facultad de Derecho<\/td>\n<\/tr>\n<tr class=\"row-27\">\n\t<td class=\"column-1\">ROMERO MART\u00cdNEZ-CA\u00d1AVATE, JAVIER<\/td><td class=\"column-2\">Profesor de baja por I.T.<\/td><td class=\"column-3\">Edificio Despachos, planta semis\u00f3tano. Facultad de Derecho<\/td>\n<\/tr>\n<tr class=\"row-28\">\n\t<td class=\"column-1\">SALVADOR CANUTO, MARTA<\/td><td class=\"column-2\">Viernes de 10:30 a 11:30 horas<\/td><td class=\"column-3\">Edificio Despachos, 3\u00aa planta. Facultad de Derecho<\/td>\n<\/tr>\n<tr class=\"row-29\">\n\t<td class=\"column-1\">S\u00c1NCHEZ-RAMADE CARRASCOSA EDUARDO<\/td><td class=\"column-2\">Viernes de 16:00 a 17:00 h.<\/td><td class=\"column-3\">Edificio Despachos, 3\u00aa planta. Facultad de Derecho<\/td>\n<\/tr>\n<tr class=\"row-30\">\n\t<td class=\"column-1\">V\u00c1ZQUEZ CUETO, JOS\u00c9 CARLOS<\/td><td class=\"column-2\">Mediante el presente se comunica que el horario de tutor\u00edas presenciales del prof. Dr. V\u00e1zquez Cueto (para cuya mejor satisfacci\u00f3n se ruega previa solicitud del alumno remitida a la direcci\u00f3n vcueto@us.es) ser\u00e1, durante el per\u00edodo lectivo del calendario acad\u00e9mico correspondiente al curso 2025-2026, el siguiente:<br \/>\n- de 8 de septiembre a 19 de diciembre de 2025, y de 26 de enero a 22 de mayo de 2026:<br \/>\n           lunes, de 10.30 a 12.00 horas.<br \/>\n           mi\u00e9rcoles, de 10.30 a 12.00 horas.<br \/>\n - de 7 de enero a 23 de enero, y de 25 de mayo a 31 de julio de 2026: <br \/>\n           mi\u00e9rcoles, de 9.30 a 12.30 horas.<br \/>\n Al margen de estas tutor\u00edas presenciales, es posible plantear mediante mensajes a la direcci\u00f3n email vcueto@us.es cuestiones puntuales relativas (exclusivamente) a la llevanza y organizaci\u00f3n del curso (no las que conciernan a aspectos sustantivos del temario de la asignatura), siempre que no encuentren una respuesta indubitada directa a trav\u00e9s de los anuncios y archivos que se publican en la plataforma virtual del Grupo.<\/td><td class=\"column-3\">Edificio Despachos, planta baja. Facultad de Derecho<\/td>\n<\/tr>\n<tr class=\"row-31\">\n\t<td class=\"column-1\">VECINO EJARQUE, CARLOS DAR\u00cdO<\/td><td class=\"column-2\">Lunes de 18:15 a 19:15 horas.<\/td><td class=\"column-3\">Edificio Despachos, planta semis\u00f3tano. Facultad de Derecho.<\/td>\n<\/tr>\n<tr class=\"row-32\">\n\t<td class=\"column-1\">VIGUERA REVUELTA, RODRIGO<\/td><td class=\"column-2\">martes y jueves de 17.00 a 18.00 horas.<\/td><td class=\"column-3\">Edificio Despachos, planta baja. Facultad de Derecho<\/td>\n<\/tr>\n<\/tbody>\n<\/table>\n<!-- #tablepress-6 from cache --><\/div>\n\t\t\t\t\t\t<\/div>\n\t\t\t\t<\/div>\n\t\t\t\t\t<\/div>\n\t\t\t\t<\/div>\n\t\t\t\t<\/div>\n\t\t","protected":false},"excerpt":{"rendered":"","protected":false},"author":1,"featured_media":0,"parent":0,"menu_order":0,"comment_status":"closed","ping_status":"closed","template":"","meta":{"footnotes":""},"class_list":["post-2887","page","type-page","status-publish","hentry"],"yoast_head":"<!-- This site is optimized with the Yoast SEO plugin v27.3 - https:\/\/yoast.com\/product\/yoast-seo-wordpress\/ -->\n<title>Tutor\u00edas - Derecho Mercantil<\/title>\n<meta name=\"robots\" content=\"index, follow, max-snippet:-1, max-image-preview:large, max-video-preview:-1\" \/>\n<link rel=\"canonical\" href=\"https:\/\/departamento.us.es\/newderechomercantil\/tutorias\/\" \/>\n<meta property=\"og:locale\" content=\"es_ES\" \/>\n<meta property=\"og:type\" content=\"article\" \/>\n<meta property=\"og:title\" content=\"Tutor\u00edas - Derecho Mercantil\" \/>\n<meta property=\"og:url\" content=\"https:\/\/departamento.us.es\/newderechomercantil\/tutorias\/\" \/>\n<meta property=\"og:site_name\" content=\"Derecho Mercantil\" \/>\n<meta property=\"article:modified_time\" content=\"2025-05-02T12:38:31+00:00\" \/>\n<meta name=\"twitter:card\" content=\"summary_large_image\" \/>\n<script type=\"application\/ld+json\" class=\"yoast-schema-graph\">{\"@context\":\"https:\\\/\\\/schema.org\",\"@graph\":[{\"@type\":\"WebPage\",\"@id\":\"https:\\\/\\\/departamento.us.es\\\/newderechomercantil\\\/tutorias\\\/\",\"url\":\"https:\\\/\\\/departamento.us.es\\\/newderechomercantil\\\/tutorias\\\/\",\"name\":\"Tutor\u00edas - Derecho Mercantil\",\"isPartOf\":{\"@id\":\"https:\\\/\\\/departamento.us.es\\\/newderechomercantil\\\/#website\"},\"datePublished\":\"2025-04-30T10:41:37+00:00\",\"dateModified\":\"2025-05-02T12:38:31+00:00\",\"inLanguage\":\"es\",\"potentialAction\":[{\"@type\":\"ReadAction\",\"target\":[\"https:\\\/\\\/departamento.us.es\\\/newderechomercantil\\\/tutorias\\\/\"]}]},{\"@type\":\"WebSite\",\"@id\":\"https:\\\/\\\/departamento.us.es\\\/newderechomercantil\\\/#website\",\"url\":\"https:\\\/\\\/departamento.us.es\\\/newderechomercantil\\\/\",\"name\":\"Derecho Mercantil\",\"description\":\"Facultad de Derecho - Universidad de Sevilla\",\"publisher\":{\"@id\":\"https:\\\/\\\/departamento.us.es\\\/newderechomercantil\\\/#organization\"},\"potentialAction\":[{\"@type\":\"SearchAction\",\"target\":{\"@type\":\"EntryPoint\",\"urlTemplate\":\"https:\\\/\\\/departamento.us.es\\\/newderechomercantil\\\/?s={search_term_string}\"},\"query-input\":{\"@type\":\"PropertyValueSpecification\",\"valueRequired\":true,\"valueName\":\"search_term_string\"}}],\"inLanguage\":\"es\"},{\"@type\":\"Organization\",\"@id\":\"https:\\\/\\\/departamento.us.es\\\/newderechomercantil\\\/#organization\",\"name\":\"Derecho Mercantil\",\"url\":\"https:\\\/\\\/departamento.us.es\\\/newderechomercantil\\\/\",\"logo\":{\"@type\":\"ImageObject\",\"inLanguage\":\"es\",\"@id\":\"https:\\\/\\\/departamento.us.es\\\/newderechomercantil\\\/#\\\/schema\\\/logo\\\/image\\\/\",\"url\":\"https:\\\/\\\/departamento.us.es\\\/derechomercantil\\\/wp-content\\\/uploads\\\/2022\\\/02\\\/US-marca-Blanco.png\",\"contentUrl\":\"https:\\\/\\\/departamento.us.es\\\/derechomercantil\\\/wp-content\\\/uploads\\\/2022\\\/02\\\/US-marca-Blanco.png\",\"width\":738,\"height\":647,\"caption\":\"Derecho Mercantil\"},\"image\":{\"@id\":\"https:\\\/\\\/departamento.us.es\\\/newderechomercantil\\\/#\\\/schema\\\/logo\\\/image\\\/\"}}]}<\/script>\n<!-- \/ Yoast SEO plugin. -->","yoast_head_json":{"title":"Tutor\u00edas - Derecho Mercantil","robots":{"index":"index","follow":"follow","max-snippet":"max-snippet:-1","max-image-preview":"max-image-preview:large","max-video-preview":"max-video-preview:-1"},"canonical":"https:\/\/departamento.us.es\/newderechomercantil\/tutorias\/","og_locale":"es_ES","og_type":"article","og_title":"Tutor\u00edas - Derecho Mercantil","og_url":"https:\/\/departamento.us.es\/newderechomercantil\/tutorias\/","og_site_name":"Derecho Mercantil","article_modified_time":"2025-05-02T12:38:31+00:00","twitter_card":"summary_large_image","schema":{"@context":"https:\/\/schema.org","@graph":[{"@type":"WebPage","@id":"https:\/\/departamento.us.es\/newderechomercantil\/tutorias\/","url":"https:\/\/departamento.us.es\/newderechomercantil\/tutorias\/","name":"Tutor\u00edas - Derecho Mercantil","isPartOf":{"@id":"https:\/\/departamento.us.es\/newderechomercantil\/#website"},"datePublished":"2025-04-30T10:41:37+00:00","dateModified":"2025-05-02T12:38:31+00:00","inLanguage":"es","potentialAction":[{"@type":"ReadAction","target":["https:\/\/departamento.us.es\/newderechomercantil\/tutorias\/"]}]},{"@type":"WebSite","@id":"https:\/\/departamento.us.es\/newderechomercantil\/#website","url":"https:\/\/departamento.us.es\/newderechomercantil\/","name":"Derecho Mercantil","description":"Facultad de Derecho - Universidad de Sevilla","publisher":{"@id":"https:\/\/departamento.us.es\/newderechomercantil\/#organization"},"potentialAction":[{"@type":"SearchAction","target":{"@type":"EntryPoint","urlTemplate":"https:\/\/departamento.us.es\/newderechomercantil\/?s={search_term_string}"},"query-input":{"@type":"PropertyValueSpecification","valueRequired":true,"valueName":"search_term_string"}}],"inLanguage":"es"},{"@type":"Organization","@id":"https:\/\/departamento.us.es\/newderechomercantil\/#organization","name":"Derecho Mercantil","url":"https:\/\/departamento.us.es\/newderechomercantil\/","logo":{"@type":"ImageObject","inLanguage":"es","@id":"https:\/\/departamento.us.es\/newderechomercantil\/#\/schema\/logo\/image\/","url":"https:\/\/departamento.us.es\/derechomercantil\/wp-content\/uploads\/2022\/02\/US-marca-Blanco.png","contentUrl":"https:\/\/departamento.us.es\/derechomercantil\/wp-content\/uploads\/2022\/02\/US-marca-Blanco.png","width":738,"height":647,"caption":"Derecho Mercantil"},"image":{"@id":"https:\/\/departamento.us.es\/newderechomercantil\/#\/schema\/logo\/image\/"}}]}},"_links":{"self":[{"href":"https:\/\/departamento.us.es\/derechomercantil\/wp-json\/wp\/v2\/pages\/2887","targetHints":{"allow":["GET"]}}],"collection":[{"href":"https:\/\/departamento.us.es\/derechomercantil\/wp-json\/wp\/v2\/pages"}],"about":[{"href":"https:\/\/departamento.us.es\/derechomercantil\/wp-json\/wp\/v2\/types\/page"}],"author":[{"embeddable":true,"href":"https:\/\/departamento.us.es\/derechomercantil\/wp-json\/wp\/v2\/users\/1"}],"replies":[{"embeddable":true,"href":"https:\/\/departamento.us.es\/derechomercantil\/wp-json\/wp\/v2\/comments?post=2887"}],"version-history":[{"count":0,"href":"https:\/\/departamento.us.es\/derechomercantil\/wp-json\/wp\/v2\/pages\/2887\/revisions"}],"wp:attachment":[{"href":"https:\/\/departamento.us.es\/derechomercantil\/wp-json\/wp\/v2\/media?parent=2887"}],"curies":[{"name":"wp","href":"https:\/\/api.w.org\/{rel}","templated":true}]}}